{"id":9561,"date":"2026-03-31T13:48:47","date_gmt":"2026-03-31T17:48:47","guid":{"rendered":"https:\/\/volthium.com\/?post_type=product&#038;p=9561"},"modified":"2026-03-31T14:59:13","modified_gmt":"2026-03-31T18:59:13","slug":"onduleur-gen-hb-us-25k-48kpv-luxpowertek-copie","status":"publish","type":"product","link":"https:\/\/volthium.com\/fr\/produit\/onduleur-gen-hb-us-25k-48kpv-luxpowertek-copie\/","title":{"rendered":"Onduleur GEN-HB-US 25K (48KPV)  &#8211; LuxpowerTek"},"content":{"rendered":"<p>Le GEN-HB-US 25K est un onduleur hybride split-phase con\u00e7u pour le march\u00e9 nord am\u00e9ricain, offrant une puissance de sortie de 25 kW avec une int\u00e9gration fluide du solaire et des batteries haut voltage (120 &#8211; 454.4 V). Con\u00e7u pour l\u2019alimentation de secours compl\u00e8te d\u2019une r\u00e9sidence ainsi que pour des applications commerciales, il allie haute performance et certifications de premier plan, assurant s\u00e9curit\u00e9, conformit\u00e9 et fiabilit\u00e9 \u00e0 long terme.\u00a0 Cet onduleur est extr\u00eamement populaire au Canada puisqu&rsquo;il est 100 % conforme \u00e0 la norme d\u2019<a href=\"https:\/\/www.hydroquebec.com\/data\/transenergie\/pdf\/e1207.pdf\">Hydro-Qu\u00e9bec E 12.07<\/a> \u00e9mise en janvier 2025.<\/p>\n<p>Cet onduleur multimode est \u00e9galement muni d\u2019une protection EMP. Les impulsions \u00e9lectromagn\u00e9tiques (IEM) constituent une menace importante pour les syst\u00e8mes \u00e9lectroniques, avec la capacit\u00e9 de perturber ou de d\u00e9truire des infrastructures critiques.<\/p>\n<p>Exploitez simultan\u00e9ment l&rsquo;\u00e9nergie solaire, le stockage sur batterie et l&rsquo;\u00e9nergie du r\u00e9seau \u00e9lectrique (H-Q) pour alimenter votre maison ou votre commerce avec une puissance continue et ininterrompue allant jusqu\u2019\u00e0 25 000 W (104 A \u00e0 240 V).<\/p>\n<p>En cas de panne \u00e9lectrique, l\u2019onduleur Lux GEN 25K (48KPV) peut \u00eatre utilis\u00e9 comme syst\u00e8me d&rsquo;alimentation de secours m\u00eame sans panneaux solaires.<\/p>\n<p>Cet onduleur a \u00e9t\u00e9 con\u00e7u pour r\u00e9pondre aux exigences sp\u00e9cifiques des syst\u00e8mes de stockage d&rsquo;\u00e9nergie photovolta\u00efque r\u00e9sidentiels et commerciaux \u00e0 grande \u00e9chelle. Cette solution innovante est parfaitement adapt\u00e9e au march\u00e9 nord-am\u00e9ricain et b\u00e9n\u00e9ficie d&rsquo;un portefeuille de certifications essentielles, notamment IEEE 1547-2018, UL 1741 SA &amp; SB et SunSpec Modbus.<\/p>\n<h4><strong>GEN-HB-25K biphas\u00e9 (split-phase)<\/strong><\/h4>\n<p>Un syst\u00e8me tout-en-un qui contient l&rsquo;onduleur hybride, le r\u00e9gulateur de charge et le RSD, le tout dans un seul bo\u00eetier. Les caract\u00e9ristiques comprennent un passage au r\u00e9seau de 200A une charge\/d\u00e9charge de 100A, une entr\u00e9e PV de 48k, une charge intelligente, un \u00e9cr\u00eatement des pointes et un couplage AC.<\/p>\n<ul>\n<li>Plage de tension des batteries : 120 ~ 454.4 V<\/li>\n<li>6 MPPTs avec 8 branches en entr\u00e9e, Max. 48kW d&rsquo;entr\u00e9e PV<\/li>\n<li>Passage au r\u00e9seau (bypass) 200A pour la sauvegarde de l&rsquo;ensemble de la maison<\/li>\n<li>Supporte jusqu&rsquo;\u00e0 6 pcs en parall\u00e8les pour le r\u00e9seau on\/off<\/li>\n<li>Commutation marche\/arr\u00eat du r\u00e9seau sans interruption<\/li>\n<li>Fonction d&rsquo;\u00e9cr\u00eatement des pointes<\/li>\n<li>Protection AFCI int\u00e9gr\u00e9e<\/li>\n<li>Port s\u00e9par\u00e9 pour la connexion du g\u00e9n\u00e9rateur<\/li>\n<li>Connexion intelligente de la charge et contr\u00f4le automatique<\/li>\n<li>Fonction de couplage AC<\/li>\n<li>Fonctionne \u00e9galement avec batteries haut voltage<\/li>\n<\/ul>\n<p>En g\u00e9rant intelligemment le flux d&rsquo;\u00e9nergie gr\u00e2ce \u00e0 sa fonction de charge intelligente, le syst\u00e8me d\u00e9place efficacement la consommation d&rsquo;\u00e9nergie vers les heures creuses, r\u00e9duisant ainsi votre d\u00e9pendance \u00e0 l&rsquo;\u00e9gard du r\u00e9seau \u00e9lectrique pendant les heures de pointe co\u00fbteuses. La capacit\u00e9 d&rsquo;\u00e9cr\u00eatement des pointes augmente encore les \u00e9conomies en aplanissant les pics de demande d&rsquo;\u00e9nergie, r\u00e9duisant ainsi vos factures globales d&rsquo;\u00e9lectricit\u00e9.<\/p>\n<p>L&rsquo;onduleur hybride LXP-GEN-HB-25K combine de mani\u00e8re transparente les capacit\u00e9s de connexion au r\u00e9seau et hors r\u00e9seau, en int\u00e9grant des disjoncteurs AC internes et des transmetteurs RSD. Il est polyvalent pour les installations en parall\u00e8le monophas\u00e9es et triphas\u00e9es, et s&rsquo;adapte \u00e0 une r\u00e9partition d\u00e9s\u00e9quilibr\u00e9e de la charge entre les phases.<\/p>\n<h4><strong>Simplifiez votre exp\u00e9rience de surveillance<\/strong><\/h4>\n<p>Gr\u00e2ce la plateforme LuxpowerTek (disponible sur <a href=\"https:\/\/apps.apple.com\/za\/app\/luxpower\/id1415841608\">IOS<\/a> et <a href=\"https:\/\/play.google.com\/store\/apps\/details?id=com.nfcx.luxinvpower&amp;hl=en\">Android<\/a>), vous b\u00e9n\u00e9ficiez d&rsquo;une vision en temps r\u00e9el et de capacit\u00e9s de gestion \u00e0 distance, et un contr\u00f4le transparent de vos appareils. Prenez des d\u00e9cisions \u00e9clair\u00e9es et optimiser les performances sans effort.<\/p>\n<h4><strong>Document li\u00e9s<\/strong><\/h4>\n<p>&nbsp;<\/p>\n<p>Fiche technique : <a href=\"https:\/\/volthium.com\/wp-content\/uploads\/2026\/03\/GEN-HB-US-25K-Datasheet-1.pdf\">document PDF<\/a><\/p>\n<p>Manuel utilisateur : <a href=\"https:\/\/volthium.com\/wp-content\/uploads\/2026\/03\/GEN-HB-US-25K-User-Manual-2025.9.2-1.pdf\">document PDF<\/a><\/p>\n<p><strong>Certifications<\/strong><\/p>\n<p>&nbsp;<\/p>\n<p><a href=\"https:\/\/volthium.com\/wp-content\/uploads\/2025\/12\/UL-1741SA-SB-GEN-HV-25K-ATM-for-Report-241014069GZU-001_Security.pdf\">UL 1741SA<\/a>, <a href=\"https:\/\/volthium.com\/wp-content\/uploads\/2025\/12\/UL-1741SA-SB-GEN-HV-25K-ATM-for-Report-241014069GZU-001_Security.pdf\">UL 1741SB<\/a>, CSA C22.2, CEC, FCC Part15B, IEEE 1547.1, <a href=\"https:\/\/volthium.com\/wp-content\/uploads\/2025\/12\/IEEE_2030.5_251031067GZU-001_E5000_test_report_Security.pdf\">IEEE 2030.5<\/a>, HECO SRD V2.0<\/p>\n","protected":false},"excerpt":{"rendered":"<p>Le LXP GEN-HB-US 25K a \u00e9t\u00e9 con\u00e7u pour r\u00e9pondre aux exigences des syst\u00e8mes de stockage d\u2019\u00e9nergie photovolta\u00efque r\u00e9sidentiels \u00e0 grande \u00e9chelle ainsi que des applications commerciales l\u00e9g\u00e8res.<\/p>\n","protected":false},"featured_media":9569,"comment_status":"open","ping_status":"closed","template":"","meta":{"_acf_changed":false,"inline_featured_image":false,"site-sidebar-layout":"default","site-content-layout":"","ast-site-content-layout":"default","site-content-style":"default","site-sidebar-style":"default","ast-global-header-display":"","ast-banner-title-visibility":"","ast-main-header-display":"","ast-hfb-above-header-display":"","ast-hfb-below-header-display":"","ast-hfb-mobile-header-display":"","site-post-title":"","ast-breadcrumbs-content":"","ast-featured-img":"","footer-sml-layout":"","ast-disable-related-posts":"","theme-transparent-header-meta":"default","adv-header-id-meta":"","stick-header-meta":"","header-above-stick-meta":"","header-main-stick-meta":"","header-below-stick-meta":"","astra-migrate-meta-layouts":"set","ast-page-background-enabled":"default","ast-page-background-meta":{"desktop":{"background-color":"var(--ast-global-color-4)","background-image":"","background-repeat":"repeat","background-position":"center center","background-size":"auto","background-attachment":"scroll","background-type":"","background-media":"","overlay-type":"","overlay-color":"","overlay-opacity":"","overlay-gradient":""},"tablet":{"background-color":"","background-image":"","background-repeat":"repeat","background-position":"center center","background-size":"auto","background-attachment":"scroll","background-type":"","background-media":"","overlay-type":"","overlay-color":"","overlay-opacity":"","overlay-gradient":""},"mobile":{"background-color":"","background-image":"","background-repeat":"repeat","background-position":"center center","background-size":"auto","background-attachment":"scroll","background-type":"","background-media":"","overlay-type":"","overlay-color":"","overlay-opacity":"","overlay-gradient":""}},"ast-content-background-meta":{"desktop":{"background-color":"var(--ast-global-color-5)","background-image":"","background-repeat":"repeat","background-position":"center center","background-size":"auto","background-attachment":"scroll","background-type":"","background-media":"","overlay-type":"","overlay-color":"","overlay-opacity":"","overlay-gradient":""},"tablet":{"background-color":"var(--ast-global-color-5)","background-image":"","background-repeat":"repeat","background-position":"center center","background-size":"auto","background-attachment":"scroll","background-type":"","background-media":"","overlay-type":"","overlay-color":"","overlay-opacity":"","overlay-gradient":""},"mobile":{"background-color":"var(--ast-global-color-5)","background-image":"","background-repeat":"repeat","background-position":"center center","background-size":"auto","background-attachment":"scroll","background-type":"","background-media":"","overlay-type":"","overlay-color":"","overlay-opacity":"","overlay-gradient":""}}},"product_brand":[209],"product_cat":[27,28],"product_tag":[],"class_list":{"0":"post-9561","1":"product","2":"type-product","3":"status-publish","4":"has-post-thumbnail","6":"product_brand-luxpowertek","7":"product_cat-onduleur","8":"product_cat-onduleur-chargeur","9":"desktop-align-left","10":"tablet-align-left","11":"mobile-align-left","13":"first","14":"instock","15":"taxable","16":"shipping-taxable","17":"purchasable","18":"product-type-simple"},"acf":[],"yoast_head":"<!-- This site is optimized with the Yoast SEO plugin v27.4 - https:\/\/yoast.com\/product\/yoast-seo-wordpress\/ -->\n<title>Onduleur GEN-HB-US 25K (48KPV) - LuxpowerTek -<\/title>\n<meta name=\"description\" content=\"Le LXP GEN-HB-25K a \u00e9t\u00e9 con\u00e7u pour r\u00e9pondre aux exigences sp\u00e9cifiques des syst\u00e8mes de stockage d&#039;\u00e9nergie photovolta\u00efque r\u00e9sidentiels et commerciales.\" \/>\n<meta name=\"robots\" content=\"index, follow, max-snippet:-1, max-image-preview:large, max-video-preview:-1\" \/>\n<link rel=\"canonical\" href=\"https:\/\/volthium.com\/fr\/produit\/onduleur-gen-hb-us-25k-48kpv-luxpowertek-copie\/\" \/>\n<meta property=\"og:locale\" content=\"fr_CA\" \/>\n<meta property=\"og:type\" content=\"article\" \/>\n<meta property=\"og:title\" content=\"Onduleur GEN-HB-US 25K (48KPV) - LuxpowerTek -\" \/>\n<meta property=\"og:description\" content=\"Le LXP GEN-HB-25K a \u00e9t\u00e9 con\u00e7u pour r\u00e9pondre aux exigences sp\u00e9cifiques des syst\u00e8mes de stockage d&#039;\u00e9nergie photovolta\u00efque r\u00e9sidentiels et commerciales.\" \/>\n<meta property=\"og:url\" content=\"https:\/\/volthium.com\/fr\/produit\/onduleur-gen-hb-us-25k-48kpv-luxpowertek-copie\/\" \/>\n<meta property=\"og:site_name\" content=\"Volthium\" \/>\n<meta property=\"article:modified_time\" content=\"2026-03-31T18:59:13+00:00\" \/>\n<meta property=\"og:image\" content=\"https:\/\/volthium.com\/wp-content\/uploads\/2026\/03\/GEN-HB-25K_Detoure-01_Rectangle.png\" \/>\n\t<meta property=\"og:image:width\" content=\"1959\" \/>\n\t<meta property=\"og:image:height\" content=\"858\" \/>\n\t<meta property=\"og:image:type\" content=\"image\/png\" \/>\n<meta name=\"twitter:card\" content=\"summary_large_image\" \/>\n<meta name=\"twitter:label1\" content=\"Estimation du temps de lecture\" \/>\n\t<meta name=\"twitter:data1\" content=\"3 minutes\" \/>\n<script type=\"application\/ld+json\" class=\"yoast-schema-graph\">{\"@context\":\"https:\\\/\\\/schema.org\",\"@graph\":[{\"@type\":\"WebPage\",\"@id\":\"https:\\\/\\\/volthium.com\\\/fr\\\/produit\\\/onduleur-gen-hb-us-25k-48kpv-luxpowertek-copie\\\/\",\"url\":\"https:\\\/\\\/volthium.com\\\/fr\\\/produit\\\/onduleur-gen-hb-us-25k-48kpv-luxpowertek-copie\\\/\",\"name\":\"Onduleur GEN-HB-US 25K (48KPV) - LuxpowerTek -\",\"isPartOf\":{\"@id\":\"https:\\\/\\\/volthium.com\\\/fr\\\/#website\"},\"primaryImageOfPage\":{\"@id\":\"https:\\\/\\\/volthium.com\\\/fr\\\/produit\\\/onduleur-gen-hb-us-25k-48kpv-luxpowertek-copie\\\/#primaryimage\"},\"image\":{\"@id\":\"https:\\\/\\\/volthium.com\\\/fr\\\/produit\\\/onduleur-gen-hb-us-25k-48kpv-luxpowertek-copie\\\/#primaryimage\"},\"thumbnailUrl\":\"https:\\\/\\\/volthium.com\\\/wp-content\\\/uploads\\\/2026\\\/03\\\/GEN-HB-25K_Detoure-01_Rectangle.png\",\"datePublished\":\"2026-03-31T17:48:47+00:00\",\"dateModified\":\"2026-03-31T18:59:13+00:00\",\"description\":\"Le LXP GEN-HB-25K a \u00e9t\u00e9 con\u00e7u pour r\u00e9pondre aux exigences sp\u00e9cifiques des syst\u00e8mes de stockage d'\u00e9nergie photovolta\u00efque r\u00e9sidentiels et commerciales.\",\"breadcrumb\":{\"@id\":\"https:\\\/\\\/volthium.com\\\/fr\\\/produit\\\/onduleur-gen-hb-us-25k-48kpv-luxpowertek-copie\\\/#breadcrumb\"},\"inLanguage\":\"fr-CA\",\"potentialAction\":[{\"@type\":\"ReadAction\",\"target\":[\"https:\\\/\\\/volthium.com\\\/fr\\\/produit\\\/onduleur-gen-hb-us-25k-48kpv-luxpowertek-copie\\\/\"]}]},{\"@type\":\"ImageObject\",\"inLanguage\":\"fr-CA\",\"@id\":\"https:\\\/\\\/volthium.com\\\/fr\\\/produit\\\/onduleur-gen-hb-us-25k-48kpv-luxpowertek-copie\\\/#primaryimage\",\"url\":\"https:\\\/\\\/volthium.com\\\/wp-content\\\/uploads\\\/2026\\\/03\\\/GEN-HB-25K_Detoure-01_Rectangle.png\",\"contentUrl\":\"https:\\\/\\\/volthium.com\\\/wp-content\\\/uploads\\\/2026\\\/03\\\/GEN-HB-25K_Detoure-01_Rectangle.png\",\"width\":1959,\"height\":858},{\"@type\":\"BreadcrumbList\",\"@id\":\"https:\\\/\\\/volthium.com\\\/fr\\\/produit\\\/onduleur-gen-hb-us-25k-48kpv-luxpowertek-copie\\\/#breadcrumb\",\"itemListElement\":[{\"@type\":\"ListItem\",\"position\":1,\"name\":\"Accueil\",\"item\":\"https:\\\/\\\/volthium.com\\\/fr\\\/\"},{\"@type\":\"ListItem\",\"position\":2,\"name\":\"Boutique en ligne\",\"item\":\"https:\\\/\\\/volthium.com\\\/fr\\\/boutique\\\/\"},{\"@type\":\"ListItem\",\"position\":3,\"name\":\"Onduleur GEN-HB-US 25K (48KPV) &#8211; LuxpowerTek\"}]},{\"@type\":\"WebSite\",\"@id\":\"https:\\\/\\\/volthium.com\\\/fr\\\/#website\",\"url\":\"https:\\\/\\\/volthium.com\\\/fr\\\/\",\"name\":\"Volthium\",\"description\":\"Logo Volthium\",\"publisher\":{\"@id\":\"https:\\\/\\\/volthium.com\\\/fr\\\/#organization\"},\"potentialAction\":[{\"@type\":\"SearchAction\",\"target\":{\"@type\":\"EntryPoint\",\"urlTemplate\":\"https:\\\/\\\/volthium.com\\\/fr\\\/?s={search_term_string}\"},\"query-input\":{\"@type\":\"PropertyValueSpecification\",\"valueRequired\":true,\"valueName\":\"search_term_string\"}}],\"inLanguage\":\"fr-CA\"},{\"@type\":\"Organization\",\"@id\":\"https:\\\/\\\/volthium.com\\\/fr\\\/#organization\",\"name\":\"Volthium\",\"url\":\"https:\\\/\\\/volthium.com\\\/fr\\\/\",\"logo\":{\"@type\":\"ImageObject\",\"inLanguage\":\"fr-CA\",\"@id\":\"https:\\\/\\\/volthium.com\\\/fr\\\/#\\\/schema\\\/logo\\\/image\\\/\",\"url\":\"https:\\\/\\\/volthium.com\\\/wp-content\\\/uploads\\\/2024\\\/01\\\/Logo-Volthium_Sans-energie.svg\",\"contentUrl\":\"https:\\\/\\\/volthium.com\\\/wp-content\\\/uploads\\\/2024\\\/01\\\/Logo-Volthium_Sans-energie.svg\",\"width\":793,\"height\":453,\"caption\":\"Volthium\"},\"image\":{\"@id\":\"https:\\\/\\\/volthium.com\\\/fr\\\/#\\\/schema\\\/logo\\\/image\\\/\"}}]}<\/script>\n<!-- \/ Yoast SEO plugin. -->","yoast_head_json":{"title":"Onduleur GEN-HB-US 25K (48KPV) - LuxpowerTek -","description":"Le LXP GEN-HB-25K a \u00e9t\u00e9 con\u00e7u pour r\u00e9pondre aux exigences sp\u00e9cifiques des syst\u00e8mes de stockage d'\u00e9nergie photovolta\u00efque r\u00e9sidentiels et commerciales.","robots":{"index":"index","follow":"follow","max-snippet":"max-snippet:-1","max-image-preview":"max-image-preview:large","max-video-preview":"max-video-preview:-1"},"canonical":"https:\/\/volthium.com\/fr\/produit\/onduleur-gen-hb-us-25k-48kpv-luxpowertek-copie\/","og_locale":"fr_CA","og_type":"article","og_title":"Onduleur GEN-HB-US 25K (48KPV) - LuxpowerTek -","og_description":"Le LXP GEN-HB-25K a \u00e9t\u00e9 con\u00e7u pour r\u00e9pondre aux exigences sp\u00e9cifiques des syst\u00e8mes de stockage d'\u00e9nergie photovolta\u00efque r\u00e9sidentiels et commerciales.","og_url":"https:\/\/volthium.com\/fr\/produit\/onduleur-gen-hb-us-25k-48kpv-luxpowertek-copie\/","og_site_name":"Volthium","article_modified_time":"2026-03-31T18:59:13+00:00","og_image":[{"width":1959,"height":858,"url":"https:\/\/volthium.com\/wp-content\/uploads\/2026\/03\/GEN-HB-25K_Detoure-01_Rectangle.png","type":"image\/png"}],"twitter_card":"summary_large_image","twitter_misc":{"Estimation du temps de lecture":"3 minutes"},"schema":{"@context":"https:\/\/schema.org","@graph":[{"@type":"WebPage","@id":"https:\/\/volthium.com\/fr\/produit\/onduleur-gen-hb-us-25k-48kpv-luxpowertek-copie\/","url":"https:\/\/volthium.com\/fr\/produit\/onduleur-gen-hb-us-25k-48kpv-luxpowertek-copie\/","name":"Onduleur GEN-HB-US 25K (48KPV) - LuxpowerTek -","isPartOf":{"@id":"https:\/\/volthium.com\/fr\/#website"},"primaryImageOfPage":{"@id":"https:\/\/volthium.com\/fr\/produit\/onduleur-gen-hb-us-25k-48kpv-luxpowertek-copie\/#primaryimage"},"image":{"@id":"https:\/\/volthium.com\/fr\/produit\/onduleur-gen-hb-us-25k-48kpv-luxpowertek-copie\/#primaryimage"},"thumbnailUrl":"https:\/\/volthium.com\/wp-content\/uploads\/2026\/03\/GEN-HB-25K_Detoure-01_Rectangle.png","datePublished":"2026-03-31T17:48:47+00:00","dateModified":"2026-03-31T18:59:13+00:00","description":"Le LXP GEN-HB-25K a \u00e9t\u00e9 con\u00e7u pour r\u00e9pondre aux exigences sp\u00e9cifiques des syst\u00e8mes de stockage d'\u00e9nergie photovolta\u00efque r\u00e9sidentiels et commerciales.","breadcrumb":{"@id":"https:\/\/volthium.com\/fr\/produit\/onduleur-gen-hb-us-25k-48kpv-luxpowertek-copie\/#breadcrumb"},"inLanguage":"fr-CA","potentialAction":[{"@type":"ReadAction","target":["https:\/\/volthium.com\/fr\/produit\/onduleur-gen-hb-us-25k-48kpv-luxpowertek-copie\/"]}]},{"@type":"ImageObject","inLanguage":"fr-CA","@id":"https:\/\/volthium.com\/fr\/produit\/onduleur-gen-hb-us-25k-48kpv-luxpowertek-copie\/#primaryimage","url":"https:\/\/volthium.com\/wp-content\/uploads\/2026\/03\/GEN-HB-25K_Detoure-01_Rectangle.png","contentUrl":"https:\/\/volthium.com\/wp-content\/uploads\/2026\/03\/GEN-HB-25K_Detoure-01_Rectangle.png","width":1959,"height":858},{"@type":"BreadcrumbList","@id":"https:\/\/volthium.com\/fr\/produit\/onduleur-gen-hb-us-25k-48kpv-luxpowertek-copie\/#breadcrumb","itemListElement":[{"@type":"ListItem","position":1,"name":"Accueil","item":"https:\/\/volthium.com\/fr\/"},{"@type":"ListItem","position":2,"name":"Boutique en ligne","item":"https:\/\/volthium.com\/fr\/boutique\/"},{"@type":"ListItem","position":3,"name":"Onduleur GEN-HB-US 25K (48KPV) &#8211; LuxpowerTek"}]},{"@type":"WebSite","@id":"https:\/\/volthium.com\/fr\/#website","url":"https:\/\/volthium.com\/fr\/","name":"Volthium","description":"Logo Volthium","publisher":{"@id":"https:\/\/volthium.com\/fr\/#organization"},"potentialAction":[{"@type":"SearchAction","target":{"@type":"EntryPoint","urlTemplate":"https:\/\/volthium.com\/fr\/?s={search_term_string}"},"query-input":{"@type":"PropertyValueSpecification","valueRequired":true,"valueName":"search_term_string"}}],"inLanguage":"fr-CA"},{"@type":"Organization","@id":"https:\/\/volthium.com\/fr\/#organization","name":"Volthium","url":"https:\/\/volthium.com\/fr\/","logo":{"@type":"ImageObject","inLanguage":"fr-CA","@id":"https:\/\/volthium.com\/fr\/#\/schema\/logo\/image\/","url":"https:\/\/volthium.com\/wp-content\/uploads\/2024\/01\/Logo-Volthium_Sans-energie.svg","contentUrl":"https:\/\/volthium.com\/wp-content\/uploads\/2024\/01\/Logo-Volthium_Sans-energie.svg","width":793,"height":453,"caption":"Volthium"},"image":{"@id":"https:\/\/volthium.com\/fr\/#\/schema\/logo\/image\/"}}]}},"_links":{"self":[{"href":"https:\/\/volthium.com\/fr\/wp-json\/wp\/v2\/product\/9561","targetHints":{"allow":["GET"]}}],"collection":[{"href":"https:\/\/volthium.com\/fr\/wp-json\/wp\/v2\/product"}],"about":[{"href":"https:\/\/volthium.com\/fr\/wp-json\/wp\/v2\/types\/product"}],"replies":[{"embeddable":true,"href":"https:\/\/volthium.com\/fr\/wp-json\/wp\/v2\/comments?post=9561"}],"wp:featuredmedia":[{"embeddable":true,"href":"https:\/\/volthium.com\/fr\/wp-json\/wp\/v2\/media\/9569"}],"wp:attachment":[{"href":"https:\/\/volthium.com\/fr\/wp-json\/wp\/v2\/media?parent=9561"}],"wp:term":[{"taxonomy":"product_brand","embeddable":true,"href":"https:\/\/volthium.com\/fr\/wp-json\/wp\/v2\/product_brand?post=9561"},{"taxonomy":"product_cat","embeddable":true,"href":"https:\/\/volthium.com\/fr\/wp-json\/wp\/v2\/product_cat?post=9561"},{"taxonomy":"product_tag","embeddable":true,"href":"https:\/\/volthium.com\/fr\/wp-json\/wp\/v2\/product_tag?post=9561"}],"curies":[{"name":"wp","href":"https:\/\/api.w.org\/{rel}","templated":true}]}}