{"id":9172,"date":"2026-03-13T08:12:44","date_gmt":"2026-03-13T12:12:44","guid":{"rendered":"https:\/\/volthium.com\/?post_type=product&#038;p=9172"},"modified":"2026-05-12T09:14:42","modified_gmt":"2026-05-12T13:14:42","slug":"batterie-12v-314ah-plus","status":"publish","type":"product","link":"https:\/\/volthium.com\/fr\/produit\/batterie-12v-314ah-plus\/","title":{"rendered":"Batterie 12V 314Ah PLUS"},"content":{"rendered":"<p>Notre nouvelle batterie 12 V 314 Ah PLUS est arriv\u00e9e! Cette batterie de groupe 8D est un condens\u00e9 de technologies uniques permettant de r\u00e9pondre \u00e0 un grand nombre de besoins.<\/p>\n<h4><strong>Des caract\u00e9ristiques uniques qui font la diff\u00e9rence !<\/strong><\/h4>\n<p>&nbsp;<\/p>\n<ul>\n<li>Un BMS ultra performant capable de supporter des hautes points de courant:<br \/>\n&#8211; D\u00e9charge : 150 A, max 160 A pendant 10min, 500 A pendant 3 sec<br \/>\n&#8211; Charge : 150 A<\/li>\n<li>Fonctionnalit\u00e9 Bluetooth int\u00e9gr\u00e9e<\/li>\n<li>Interrupteur marche\/arr\u00eat<\/li>\n<li>Indicateur de charge LED<\/li>\n<li>Syst\u00e8me auto-chauffants r\u00e9gulier et \u00e0 thermostat intelligent<\/li>\n<li>Capacit\u00e9 de r\u00e9serve<\/li>\n<li>2 ports de communication M12 &#8211; 10P pour une connexion CAN Bus et RS485 optimis\u00e9e<\/li>\n<li>Boitier groupe 8D : ultra-dense en energy et IP67<\/li>\n<li>Certifications CSA UL1973, IEC62619, RoHS, ABYC E-13, UN 3480, CLASS 9<\/li>\n<\/ul>\n<div class=\"elementor-element elementor-element-be7fa01 e-flex e-con-boxed e-con e-parent e-lazyloaded\" data-id=\"be7fa01\" data-element_type=\"container\">\n<div class=\"e-con-inner\">\n<div class=\"elementor-element elementor-element-42f2a40 e-con-full e-flex e-con e-child\" data-id=\"42f2a40\" data-element_type=\"container\" data-settings=\"{&quot;background_background&quot;:&quot;classic&quot;}\">\n<div class=\"elementor-element elementor-element-1477c5d e-con-full e-flex e-con e-child\" data-id=\"1477c5d\" data-element_type=\"container\">\n<div class=\"elementor-element elementor-element-eccf616 elementor-widget elementor-widget-text-editor\" data-id=\"eccf616\" data-element_type=\"widget\" data-widget_type=\"text-editor.default\"><\/div>\n<\/div>\n<\/div>\n<\/div>\n<\/div>\n<div class=\"elementor-element elementor-element-1469982 e-flex e-con-boxed e-con e-parent e-lazyloaded\" data-id=\"1469982\" data-element_type=\"container\">\n<div class=\"e-con-inner\"><\/div>\n<\/div>\n<h4><strong>Une autonomie \u00e0 couper le souffle !<\/strong><\/h4>\n<p>&nbsp;<\/p>\n<p>Avec ses 314Ah, cette batterie est id\u00e9ale pour ceux qui veulent maximiser leur autonomie sans multiplier les batteries. Moins de connexions, moins de complexit\u00e9, plus d\u2019efficacit\u00e9.<\/p>\n<h4 data-section-id=\"o0j1p4\" data-start=\"315\" data-end=\"373\"><span role=\"text\"><strong data-start=\"322\" data-end=\"371\">Puissance intelligente, performance constante<\/strong><\/span><\/h4>\n<p>&nbsp;<\/p>\n<p data-start=\"374\" data-end=\"458\">\u00c9quip\u00e9e d\u2019un BMS intelligent, elle assure une gestion optimale de chaque cellule :<\/p>\n<ul data-start=\"459\" data-end=\"609\">\n<li data-section-id=\"hu6dg\" data-start=\"459\" data-end=\"526\">Protection contre surcharge, d\u00e9charge excessive et surintensit\u00e9<\/li>\n<li data-section-id=\"1526rlk\" data-start=\"527\" data-end=\"561\">\u00c9quilibrage actif des cellules<\/li>\n<li data-section-id=\"1t49w4s\" data-start=\"562\" data-end=\"609\">Performance stable, m\u00eame sous forte demande :<br \/>\n&#8211; D\u00e9charge : 150 A, max 160 A pendant 10min, 500 A pendant 3 sec<br \/>\n&#8211; Charge : 150 A<\/li>\n<\/ul>\n<p>Elle fournit <strong>2x plus d\u2019\u00e9nergie\u00a0<\/strong>qu\u2019une batterie traditionnelle au plomb du m\u00eame groupe. Elle est <strong>2X PLUS L\u00c9GERE<\/strong> qu\u2019une batterie conventionnelle \u00e0 capacit\u00e9 \u00e9quivalente et offre <strong>un temps de charge plus court et une capacit\u00e9 \u00e9nerg\u00e9tique qui ne s&rsquo;essouffle pas<\/strong>\u00a0au fil des ans.<\/p>\n<h4 data-section-id=\"1ssa92y\" data-start=\"616\" data-end=\"661\"><span role=\"text\"><strong data-start=\"623\" data-end=\"659\">Pr\u00eate pour toutes les conditions<\/strong><\/span><\/h4>\n<p>&nbsp;<\/p>\n<p data-start=\"62\" data-end=\"250\">Dot\u00e9e d\u2019un double syst\u00e8me autochauffant, combinant un chauffage intelligent de base et un thermostat int\u00e9gr\u00e9, cette batterie assure une recharge optimale m\u00eame en conditions hivernales.<\/p>\n<p data-start=\"252\" data-end=\"628\" data-is-last-node=\"\" data-is-only-node=\"\">Lorsque le thermostat n\u2019est pas actif, le syst\u00e8me redirige automatiquement le courant provenant du chargeur vers les \u00e9l\u00e9ments chauffants afin d\u2019amener la batterie \u00e0 une temp\u00e9rature s\u00e9curitaire. Une fois la temp\u00e9rature cible atteinte, le thermostat prend le relais pour maintenir la batterie dans une plage id\u00e9ale, garantissant qu\u2019elle est toujours pr\u00eate \u00e0 recevoir une charge.<\/p>\n<p>Ces syst\u00e8mes rendent la 12V 314Ah PLUS id\u00e9ale pour les utilisations en climats extr\u00eames.<\/p>\n<h4>Installation simplifi\u00e9e, efficacit\u00e9 maximis\u00e9e<\/h4>\n<p>&nbsp;<\/p>\n<p>Gr\u00e2ce \u00e0 son format 8D optimis\u00e9, elle s\u2019int\u00e8gre facilement \u00e0 vos syst\u00e8mes existants. Compatible avec la majorit\u00e9 des chargeurs et onduleurs lithium, elle permet \u00e9galement de r\u00e9duire le nombre de batteries n\u00e9cessaires pour atteindre votre capacit\u00e9 cible, simplifiant ainsi vos installations.<\/p>\n<h3 data-start=\"2074\" data-end=\"2266\">Garantie<\/h3>\n<p>&nbsp;<\/p>\n<p>Garantie limit\u00e9e de 10 ans. Dur\u00e9e de vie utile sup\u00e9rieur \u00e0 15 ans.<\/p>\n<p>&nbsp;<\/p>\n<h3>Documents techniques<\/h3>\n<p>&nbsp;<\/p>\n<p><a href=\"https:\/\/volthium.com\/wp-content\/uploads\/2026\/03\/Fiche-Technique-2025_12-V-314-Ah.pdf\">Fiche technique<\/a><\/p>\n<p><a href=\"https:\/\/volthium.com\/wp-content\/uploads\/2026\/03\/Manuel-dutilisateur_12-V-100-Ah-GR24.pdf\">Manuel utilisateur<\/a><\/p>\n<p>&nbsp;<\/p>\n","protected":false},"excerpt":{"rendered":"<p>Notre nouvelle batterie 12V 314Ah PLUS offre une capacit\u00e9 exceptionnelle pour une autonomie prolong\u00e9e, sans compromis sur la performance. Bluetooth et IP67 dans un groupe 8D.<\/p>\n","protected":false},"featured_media":9542,"comment_status":"open","ping_status":"closed","template":"","meta":{"_acf_changed":false,"inline_featured_image":false,"site-sidebar-layout":"default","site-content-layout":"","ast-site-content-layout":"default","site-content-style":"default","site-sidebar-style":"default","ast-global-header-display":"","ast-banner-title-visibility":"","ast-main-header-display":"","ast-hfb-above-header-display":"","ast-hfb-below-header-display":"","ast-hfb-mobile-header-display":"","site-post-title":"","ast-breadcrumbs-content":"","ast-featured-img":"","footer-sml-layout":"","ast-disable-related-posts":"","theme-transparent-header-meta":"default","adv-header-id-meta":"","stick-header-meta":"","header-above-stick-meta":"","header-main-stick-meta":"","header-below-stick-meta":"","astra-migrate-meta-layouts":"set","ast-page-background-enabled":"default","ast-page-background-meta":{"desktop":{"background-color":"var(--ast-global-color-4)","background-image":"","background-repeat":"repeat","background-position":"center center","background-size":"auto","background-attachment":"scroll","background-type":"","background-media":"","overlay-type":"","overlay-color":"","overlay-opacity":"","overlay-gradient":""},"tablet":{"background-color":"","background-image":"","background-repeat":"repeat","background-position":"center center","background-size":"auto","background-attachment":"scroll","background-type":"","background-media":"","overlay-type":"","overlay-color":"","overlay-opacity":"","overlay-gradient":""},"mobile":{"background-color":"","background-image":"","background-repeat":"repeat","background-position":"center center","background-size":"auto","background-attachment":"scroll","background-type":"","background-media":"","overlay-type":"","overlay-color":"","overlay-opacity":"","overlay-gradient":""}},"ast-content-background-meta":{"desktop":{"background-color":"var(--ast-global-color-5)","background-image":"","background-repeat":"repeat","background-position":"center center","background-size":"auto","background-attachment":"scroll","background-type":"","background-media":"","overlay-type":"","overlay-color":"","overlay-opacity":"","overlay-gradient":""},"tablet":{"background-color":"var(--ast-global-color-5)","background-image":"","background-repeat":"repeat","background-position":"center center","background-size":"auto","background-attachment":"scroll","background-type":"","background-media":"","overlay-type":"","overlay-color":"","overlay-opacity":"","overlay-gradient":""},"mobile":{"background-color":"var(--ast-global-color-5)","background-image":"","background-repeat":"repeat","background-position":"center center","background-size":"auto","background-attachment":"scroll","background-type":"","background-media":"","overlay-type":"","overlay-color":"","overlay-opacity":"","overlay-gradient":""}}},"product_brand":[],"product_cat":[23,18],"product_tag":[219,46],"class_list":{"0":"post-9172","1":"product","2":"type-product","3":"status-publish","4":"has-post-thumbnail","6":"product_cat-12v","7":"product_cat-batteries","8":"product_tag-12314plus","9":"product_tag-12v","10":"desktop-align-left","11":"tablet-align-left","12":"mobile-align-left","14":"first","15":"instock","16":"taxable","17":"shipping-taxable","18":"purchasable","19":"product-type-simple"},"acf":[],"yoast_head":"<!-- This site is optimized with the Yoast SEO plugin v27.5 - https:\/\/yoast.com\/product\/yoast-seo-wordpress\/ -->\n<title>Batterie 12V 314Ah PLUS - Volthium<\/title>\n<meta name=\"description\" content=\"Notre 12V 314Ah offre une capacit\u00e9 exceptionnelle pour une autonomie prolong\u00e9e, sans compromis sur la performance. Bluetooth et IP67 dans un groupe 8D.\" \/>\n<meta name=\"robots\" content=\"index, follow, max-snippet:-1, max-image-preview:large, max-video-preview:-1\" \/>\n<link rel=\"canonical\" href=\"https:\/\/volthium.com\/fr\/produit\/batterie-12v-314ah-plus\/\" \/>\n<meta property=\"og:locale\" content=\"fr_CA\" \/>\n<meta property=\"og:type\" content=\"article\" \/>\n<meta property=\"og:title\" content=\"Batterie 12V 314Ah PLUS - Volthium\" \/>\n<meta property=\"og:description\" content=\"Notre 12V 314Ah offre une capacit\u00e9 exceptionnelle pour une autonomie prolong\u00e9e, sans compromis sur la performance. Bluetooth et IP67 dans un groupe 8D.\" \/>\n<meta property=\"og:url\" content=\"https:\/\/volthium.com\/fr\/produit\/batterie-12v-314ah-plus\/\" \/>\n<meta property=\"og:site_name\" content=\"Volthium\" \/>\n<meta property=\"article:modified_time\" content=\"2026-05-12T13:14:42+00:00\" \/>\n<meta property=\"og:image\" content=\"https:\/\/volthium.com\/wp-content\/uploads\/2026\/03\/Batterie-12-V-314-Ah-PLUS_Detoure_01.png\" \/>\n\t<meta property=\"og:image:width\" content=\"1855\" \/>\n\t<meta property=\"og:image:height\" content=\"1280\" \/>\n\t<meta property=\"og:image:type\" content=\"image\/png\" \/>\n<meta name=\"twitter:card\" content=\"summary_large_image\" \/>\n<meta name=\"twitter:label1\" content=\"Estimation du temps de lecture\" \/>\n\t<meta name=\"twitter:data1\" content=\"3 minutes\" \/>\n<script type=\"application\/ld+json\" class=\"yoast-schema-graph\">{\"@context\":\"https:\\\/\\\/schema.org\",\"@graph\":[{\"@type\":\"WebPage\",\"@id\":\"https:\\\/\\\/volthium.com\\\/fr\\\/produit\\\/batterie-12v-314ah-plus\\\/\",\"url\":\"https:\\\/\\\/volthium.com\\\/fr\\\/produit\\\/batterie-12v-314ah-plus\\\/\",\"name\":\"Batterie 12V 314Ah PLUS - Volthium\",\"isPartOf\":{\"@id\":\"https:\\\/\\\/volthium.com\\\/fr\\\/#website\"},\"primaryImageOfPage\":{\"@id\":\"https:\\\/\\\/volthium.com\\\/fr\\\/produit\\\/batterie-12v-314ah-plus\\\/#primaryimage\"},\"image\":{\"@id\":\"https:\\\/\\\/volthium.com\\\/fr\\\/produit\\\/batterie-12v-314ah-plus\\\/#primaryimage\"},\"thumbnailUrl\":\"https:\\\/\\\/volthium.com\\\/wp-content\\\/uploads\\\/2026\\\/03\\\/Batterie-12-V-314-Ah-PLUS_Detoure_01.png\",\"datePublished\":\"2026-03-13T12:12:44+00:00\",\"dateModified\":\"2026-05-12T13:14:42+00:00\",\"description\":\"Notre 12V 314Ah offre une capacit\u00e9 exceptionnelle pour une autonomie prolong\u00e9e, sans compromis sur la performance. Bluetooth et IP67 dans un groupe 8D.\",\"breadcrumb\":{\"@id\":\"https:\\\/\\\/volthium.com\\\/fr\\\/produit\\\/batterie-12v-314ah-plus\\\/#breadcrumb\"},\"inLanguage\":\"fr-CA\",\"potentialAction\":[{\"@type\":\"ReadAction\",\"target\":[\"https:\\\/\\\/volthium.com\\\/fr\\\/produit\\\/batterie-12v-314ah-plus\\\/\"]}]},{\"@type\":\"ImageObject\",\"inLanguage\":\"fr-CA\",\"@id\":\"https:\\\/\\\/volthium.com\\\/fr\\\/produit\\\/batterie-12v-314ah-plus\\\/#primaryimage\",\"url\":\"https:\\\/\\\/volthium.com\\\/wp-content\\\/uploads\\\/2026\\\/03\\\/Batterie-12-V-314-Ah-PLUS_Detoure_01.png\",\"contentUrl\":\"https:\\\/\\\/volthium.com\\\/wp-content\\\/uploads\\\/2026\\\/03\\\/Batterie-12-V-314-Ah-PLUS_Detoure_01.png\",\"width\":1855,\"height\":1280},{\"@type\":\"BreadcrumbList\",\"@id\":\"https:\\\/\\\/volthium.com\\\/fr\\\/produit\\\/batterie-12v-314ah-plus\\\/#breadcrumb\",\"itemListElement\":[{\"@type\":\"ListItem\",\"position\":1,\"name\":\"Accueil\",\"item\":\"https:\\\/\\\/volthium.com\\\/fr\\\/\"},{\"@type\":\"ListItem\",\"position\":2,\"name\":\"Boutique en ligne\",\"item\":\"https:\\\/\\\/volthium.com\\\/fr\\\/boutique\\\/\"},{\"@type\":\"ListItem\",\"position\":3,\"name\":\"Batterie 12V 314Ah PLUS\"}]},{\"@type\":\"WebSite\",\"@id\":\"https:\\\/\\\/volthium.com\\\/fr\\\/#website\",\"url\":\"https:\\\/\\\/volthium.com\\\/fr\\\/\",\"name\":\"Volthium\",\"description\":\"Logo Volthium\",\"publisher\":{\"@id\":\"https:\\\/\\\/volthium.com\\\/fr\\\/#organization\"},\"potentialAction\":[{\"@type\":\"SearchAction\",\"target\":{\"@type\":\"EntryPoint\",\"urlTemplate\":\"https:\\\/\\\/volthium.com\\\/fr\\\/?s={search_term_string}\"},\"query-input\":{\"@type\":\"PropertyValueSpecification\",\"valueRequired\":true,\"valueName\":\"search_term_string\"}}],\"inLanguage\":\"fr-CA\"},{\"@type\":\"Organization\",\"@id\":\"https:\\\/\\\/volthium.com\\\/fr\\\/#organization\",\"name\":\"Volthium\",\"url\":\"https:\\\/\\\/volthium.com\\\/fr\\\/\",\"logo\":{\"@type\":\"ImageObject\",\"inLanguage\":\"fr-CA\",\"@id\":\"https:\\\/\\\/volthium.com\\\/fr\\\/#\\\/schema\\\/logo\\\/image\\\/\",\"url\":\"https:\\\/\\\/volthium.com\\\/wp-content\\\/uploads\\\/2024\\\/01\\\/Logo-Volthium_Sans-energie.svg\",\"contentUrl\":\"https:\\\/\\\/volthium.com\\\/wp-content\\\/uploads\\\/2024\\\/01\\\/Logo-Volthium_Sans-energie.svg\",\"width\":793,\"height\":453,\"caption\":\"Volthium\"},\"image\":{\"@id\":\"https:\\\/\\\/volthium.com\\\/fr\\\/#\\\/schema\\\/logo\\\/image\\\/\"}}]}<\/script>\n<!-- \/ Yoast SEO plugin. -->","yoast_head_json":{"title":"Batterie 12V 314Ah PLUS - Volthium","description":"Notre 12V 314Ah offre une capacit\u00e9 exceptionnelle pour une autonomie prolong\u00e9e, sans compromis sur la performance. Bluetooth et IP67 dans un groupe 8D.","robots":{"index":"index","follow":"follow","max-snippet":"max-snippet:-1","max-image-preview":"max-image-preview:large","max-video-preview":"max-video-preview:-1"},"canonical":"https:\/\/volthium.com\/fr\/produit\/batterie-12v-314ah-plus\/","og_locale":"fr_CA","og_type":"article","og_title":"Batterie 12V 314Ah PLUS - Volthium","og_description":"Notre 12V 314Ah offre une capacit\u00e9 exceptionnelle pour une autonomie prolong\u00e9e, sans compromis sur la performance. Bluetooth et IP67 dans un groupe 8D.","og_url":"https:\/\/volthium.com\/fr\/produit\/batterie-12v-314ah-plus\/","og_site_name":"Volthium","article_modified_time":"2026-05-12T13:14:42+00:00","og_image":[{"width":1855,"height":1280,"url":"https:\/\/volthium.com\/wp-content\/uploads\/2026\/03\/Batterie-12-V-314-Ah-PLUS_Detoure_01.png","type":"image\/png"}],"twitter_card":"summary_large_image","twitter_misc":{"Estimation du temps de lecture":"3 minutes"},"schema":{"@context":"https:\/\/schema.org","@graph":[{"@type":"WebPage","@id":"https:\/\/volthium.com\/fr\/produit\/batterie-12v-314ah-plus\/","url":"https:\/\/volthium.com\/fr\/produit\/batterie-12v-314ah-plus\/","name":"Batterie 12V 314Ah PLUS - Volthium","isPartOf":{"@id":"https:\/\/volthium.com\/fr\/#website"},"primaryImageOfPage":{"@id":"https:\/\/volthium.com\/fr\/produit\/batterie-12v-314ah-plus\/#primaryimage"},"image":{"@id":"https:\/\/volthium.com\/fr\/produit\/batterie-12v-314ah-plus\/#primaryimage"},"thumbnailUrl":"https:\/\/volthium.com\/wp-content\/uploads\/2026\/03\/Batterie-12-V-314-Ah-PLUS_Detoure_01.png","datePublished":"2026-03-13T12:12:44+00:00","dateModified":"2026-05-12T13:14:42+00:00","description":"Notre 12V 314Ah offre une capacit\u00e9 exceptionnelle pour une autonomie prolong\u00e9e, sans compromis sur la performance. Bluetooth et IP67 dans un groupe 8D.","breadcrumb":{"@id":"https:\/\/volthium.com\/fr\/produit\/batterie-12v-314ah-plus\/#breadcrumb"},"inLanguage":"fr-CA","potentialAction":[{"@type":"ReadAction","target":["https:\/\/volthium.com\/fr\/produit\/batterie-12v-314ah-plus\/"]}]},{"@type":"ImageObject","inLanguage":"fr-CA","@id":"https:\/\/volthium.com\/fr\/produit\/batterie-12v-314ah-plus\/#primaryimage","url":"https:\/\/volthium.com\/wp-content\/uploads\/2026\/03\/Batterie-12-V-314-Ah-PLUS_Detoure_01.png","contentUrl":"https:\/\/volthium.com\/wp-content\/uploads\/2026\/03\/Batterie-12-V-314-Ah-PLUS_Detoure_01.png","width":1855,"height":1280},{"@type":"BreadcrumbList","@id":"https:\/\/volthium.com\/fr\/produit\/batterie-12v-314ah-plus\/#breadcrumb","itemListElement":[{"@type":"ListItem","position":1,"name":"Accueil","item":"https:\/\/volthium.com\/fr\/"},{"@type":"ListItem","position":2,"name":"Boutique en ligne","item":"https:\/\/volthium.com\/fr\/boutique\/"},{"@type":"ListItem","position":3,"name":"Batterie 12V 314Ah PLUS"}]},{"@type":"WebSite","@id":"https:\/\/volthium.com\/fr\/#website","url":"https:\/\/volthium.com\/fr\/","name":"Volthium","description":"Logo Volthium","publisher":{"@id":"https:\/\/volthium.com\/fr\/#organization"},"potentialAction":[{"@type":"SearchAction","target":{"@type":"EntryPoint","urlTemplate":"https:\/\/volthium.com\/fr\/?s={search_term_string}"},"query-input":{"@type":"PropertyValueSpecification","valueRequired":true,"valueName":"search_term_string"}}],"inLanguage":"fr-CA"},{"@type":"Organization","@id":"https:\/\/volthium.com\/fr\/#organization","name":"Volthium","url":"https:\/\/volthium.com\/fr\/","logo":{"@type":"ImageObject","inLanguage":"fr-CA","@id":"https:\/\/volthium.com\/fr\/#\/schema\/logo\/image\/","url":"https:\/\/volthium.com\/wp-content\/uploads\/2024\/01\/Logo-Volthium_Sans-energie.svg","contentUrl":"https:\/\/volthium.com\/wp-content\/uploads\/2024\/01\/Logo-Volthium_Sans-energie.svg","width":793,"height":453,"caption":"Volthium"},"image":{"@id":"https:\/\/volthium.com\/fr\/#\/schema\/logo\/image\/"}}]}},"_links":{"self":[{"href":"https:\/\/volthium.com\/fr\/wp-json\/wp\/v2\/product\/9172","targetHints":{"allow":["GET"]}}],"collection":[{"href":"https:\/\/volthium.com\/fr\/wp-json\/wp\/v2\/product"}],"about":[{"href":"https:\/\/volthium.com\/fr\/wp-json\/wp\/v2\/types\/product"}],"replies":[{"embeddable":true,"href":"https:\/\/volthium.com\/fr\/wp-json\/wp\/v2\/comments?post=9172"}],"wp:featuredmedia":[{"embeddable":true,"href":"https:\/\/volthium.com\/fr\/wp-json\/wp\/v2\/media\/9542"}],"wp:attachment":[{"href":"https:\/\/volthium.com\/fr\/wp-json\/wp\/v2\/media?parent=9172"}],"wp:term":[{"taxonomy":"product_brand","embeddable":true,"href":"https:\/\/volthium.com\/fr\/wp-json\/wp\/v2\/product_brand?post=9172"},{"taxonomy":"product_cat","embeddable":true,"href":"https:\/\/volthium.com\/fr\/wp-json\/wp\/v2\/product_cat?post=9172"},{"taxonomy":"product_tag","embeddable":true,"href":"https:\/\/volthium.com\/fr\/wp-json\/wp\/v2\/product_tag?post=9172"}],"curies":[{"name":"wp","href":"https:\/\/api.w.org\/{rel}","templated":true}]}}