{"id":8834,"date":"2026-02-10T14:28:09","date_gmt":"2026-02-10T19:28:09","guid":{"rendered":"https:\/\/volthium.com\/?post_type=product&#038;p=8834"},"modified":"2026-04-10T09:42:24","modified_gmt":"2026-04-10T13:42:24","slug":"batterie-12v-100ah-gr24","status":"publish","type":"product","link":"https:\/\/volthium.com\/fr\/produit\/batterie-12v-100ah-gr24\/","title":{"rendered":"Batterie 12V 100Ah GR24"},"content":{"rendered":"<p data-start=\"62\" data-end=\"353\">Une seule phrase suffit \u00e0 d\u00e9crire notre toute nouvelle batterie 12 V 100 Ah GR24 Bluetooth : <strong>La performance pure. Rien de superflu.<\/strong><\/p>\n<p data-path-to-node=\"4,1\">Pens\u00e9e sp\u00e9cifiquement pour les exigences du monde du plein air, cette batterie se concentre sur ce qui compte vraiment pour le p\u00eacheur et le campeur : la robustesse, la puissance et la fiabilit\u00e9.<\/p>\n<p data-path-to-node=\"4,2\">Gr\u00e2ce \u00e0 une architecture optimis\u00e9e, nous avons conserv\u00e9 les caract\u00e9ristiques essentielles \u00e0 votre r\u00e9alit\u00e9.<\/p>\n<h3 data-path-to-node=\"4,2\">Principales caract\u00e9ristiques<\/h3>\n<p>&nbsp;<\/p>\n<ul>\n<li data-path-to-node=\"4,2\"><strong>Bluetooth int\u00e9gr\u00e9e<\/strong> : suivez votre autonomie sur votre t\u00e9l\u00e9phone en temps r\u00e9el compromis<\/li>\n<li><strong>IP66<\/strong> : r\u00e9sistante \u00e0 l&rsquo;eau et \u00e0 la poussi\u00e8re, naviguez l&rsquo;esprit tranquille, peu importe les conditions<\/li>\n<li data-path-to-node=\"4,2\"><strong>GR24 standard<\/strong> : Ultra compact, lib\u00e9rez de l&rsquo;espace pr\u00e9cieux dans vos installations \u00e9lectriques<\/li>\n<li data-path-to-node=\"4,2\"><strong>20 lbs<\/strong> : ultra l\u00e9g\u00e8re pour une manipulation ais\u00e9e et simplifier vos d\u00e9placements<\/li>\n<li data-path-to-node=\"4,2\"><strong>\u00c9nergie 100% utilisable<\/strong> : l&rsquo;\u00e9quivalent direct de 200Ah au plomb-acide<\/li>\n<li data-path-to-node=\"4,2\"><strong>Puissance de cr\u00eate<\/strong> : supporte des hautes puissance de cr\u00eate pour ne jamais \u00eatre en d\u00e9faut<\/li>\n<\/ul>\n<p>Deux fois plus l\u00e9g\u00e8res que les batteries au plomb, nos unit\u00e9s s&rsquo;installent en un clin d&rsquo;\u0153il et offrent une vitesse de recharge nettement sup\u00e9rieure. Plus qu&rsquo;un simple gain de poids, c&rsquo;est une capacit\u00e9 \u00e9nerg\u00e9tique constante qui refuse de faiblir avec le temps.<\/p>\n<h3><\/h3>\n<h3>Une architecture pens\u00e9e pour le long terme<\/h3>\n<p>&nbsp;<\/p>\n<p>Comme toute notre gamme, la 12V 100Ah GR24 est enti\u00e8rement r\u00e9parable pour une long\u00e9vit\u00e9 sans compromis. Notre architecture exclusive offre un acc\u00e8s direct au BMS. Une innovation qui s\u00e9curise votre investissement : en cas d&rsquo;incident, l&rsquo;unit\u00e9 est r\u00e9par\u00e9e, vous \u00e9vitant le remplacement co\u00fbteux de votre batterie.<\/p>\n<p>Notre mission est claire : fusionner les meilleures technologies mondiales pour cr\u00e9er la batterie ultime. De la chimie des cellules \u00e0 la pr\u00e9cision du BMS, chaque aspect de l&rsquo;ing\u00e9nierie d&rsquo;assemblage est calibr\u00e9 pour la performance. Jamais une batterie lithium n&rsquo;a offert un tel niveau de fiabilit\u00e9. C&rsquo;est l&rsquo;assurance d&rsquo;un rendement soutenu et d&rsquo;un investissement rentabilis\u00e9 sur plus d&rsquo;une d\u00e9cennie.<\/p>\n<h3 data-start=\"2074\" data-end=\"2266\"><\/h3>\n<h3 data-start=\"2074\" data-end=\"2266\">Garantie<\/h3>\n<p>&nbsp;<\/p>\n<p>Garantie limit\u00e9e de 10 ans. Dur\u00e9e de vie utile sup\u00e9rieur \u00e0 15 ans.<\/p>\n<p>&nbsp;<\/p>\n<h3>Documents techniques<\/h3>\n<p>&nbsp;<\/p>\n<p><a href=\"https:\/\/volthium.com\/wp-content\/uploads\/2026\/02\/Fiche-Technique-2025_12-V-100-Ah-GR24.pdf\">Fiche technique<\/a><\/p>\n<p><a href=\"https:\/\/volthium.com\/wp-content\/uploads\/2026\/03\/Manuel-dutilisateur_12-V-100-Ah-GR24.pdf\">Manuel utilisateur<\/a><\/p>\n","protected":false},"excerpt":{"rendered":"<p>Une batterie lithium de 100Ah dans un format groupe 24. Pens\u00e9e pour r\u00e9pondre aux exigences du plein air. Bluetooth int\u00e9gr\u00e9,\u00a0 r\u00e9sistante \u00e0 l&rsquo;eau et seulement 20 lbs.<\/p>\n","protected":false},"featured_media":8836,"comment_status":"open","ping_status":"closed","template":"","meta":{"_acf_changed":false,"inline_featured_image":false,"site-sidebar-layout":"default","site-content-layout":"","ast-site-content-layout":"default","site-content-style":"default","site-sidebar-style":"default","ast-global-header-display":"","ast-banner-title-visibility":"","ast-main-header-display":"","ast-hfb-above-header-display":"","ast-hfb-below-header-display":"","ast-hfb-mobile-header-display":"","site-post-title":"","ast-breadcrumbs-content":"","ast-featured-img":"","footer-sml-layout":"","ast-disable-related-posts":"","theme-transparent-header-meta":"default","adv-header-id-meta":"","stick-header-meta":"","header-above-stick-meta":"","header-main-stick-meta":"","header-below-stick-meta":"","astra-migrate-meta-layouts":"set","ast-page-background-enabled":"default","ast-page-background-meta":{"desktop":{"background-color":"var(--ast-global-color-4)","background-image":"","background-repeat":"repeat","background-position":"center center","background-size":"auto","background-attachment":"scroll","background-type":"","background-media":"","overlay-type":"","overlay-color":"","overlay-opacity":"","overlay-gradient":""},"tablet":{"background-color":"","background-image":"","background-repeat":"repeat","background-position":"center center","background-size":"auto","background-attachment":"scroll","background-type":"","background-media":"","overlay-type":"","overlay-color":"","overlay-opacity":"","overlay-gradient":""},"mobile":{"background-color":"","background-image":"","background-repeat":"repeat","background-position":"center center","background-size":"auto","background-attachment":"scroll","background-type":"","background-media":"","overlay-type":"","overlay-color":"","overlay-opacity":"","overlay-gradient":""}},"ast-content-background-meta":{"desktop":{"background-color":"var(--ast-global-color-5)","background-image":"","background-repeat":"repeat","background-position":"center center","background-size":"auto","background-attachment":"scroll","background-type":"","background-media":"","overlay-type":"","overlay-color":"","overlay-opacity":"","overlay-gradient":""},"tablet":{"background-color":"var(--ast-global-color-5)","background-image":"","background-repeat":"repeat","background-position":"center center","background-size":"auto","background-attachment":"scroll","background-type":"","background-media":"","overlay-type":"","overlay-color":"","overlay-opacity":"","overlay-gradient":""},"mobile":{"background-color":"var(--ast-global-color-5)","background-image":"","background-repeat":"repeat","background-position":"center center","background-size":"auto","background-attachment":"scroll","background-type":"","background-media":"","overlay-type":"","overlay-color":"","overlay-opacity":"","overlay-gradient":""}}},"product_brand":[],"product_cat":[23,18],"product_tag":[47,184,46],"class_list":{"0":"post-8834","1":"product","2":"type-product","3":"status-publish","4":"has-post-thumbnail","6":"product_cat-12v","7":"product_cat-batteries","8":"product_tag-100ah","9":"product_tag-12100abs","10":"product_tag-12v","11":"desktop-align-left","12":"tablet-align-left","13":"mobile-align-left","15":"first","16":"instock","17":"taxable","18":"shipping-taxable","19":"purchasable","20":"product-type-simple"},"acf":[],"yoast_head":"<!-- This site is optimized with the Yoast SEO plugin v27.3 - https:\/\/yoast.com\/product\/yoast-seo-wordpress\/ -->\n<title>Batterie 12V 100Ah GR24 - Volthium<\/title>\n<meta name=\"description\" content=\"Une batterie lithium de 100Ah dans un format groupe 24. Pens\u00e9e pour r\u00e9pondre aux exigences du plein air. Bluetooth int\u00e9gr\u00e9 et r\u00e9sistante \u00e0 l&#039;eau, 20 lbs.\" \/>\n<meta name=\"robots\" content=\"index, follow, max-snippet:-1, max-image-preview:large, max-video-preview:-1\" \/>\n<link rel=\"canonical\" href=\"https:\/\/volthium.com\/fr\/produit\/batterie-12v-100ah-gr24\/\" \/>\n<meta property=\"og:locale\" content=\"fr_CA\" \/>\n<meta property=\"og:type\" content=\"article\" \/>\n<meta property=\"og:title\" content=\"Batterie 12V 100Ah GR24 - Volthium\" \/>\n<meta property=\"og:description\" content=\"Une batterie lithium de 100Ah dans un format groupe 24. Pens\u00e9e pour r\u00e9pondre aux exigences du plein air. Bluetooth int\u00e9gr\u00e9 et r\u00e9sistante \u00e0 l&#039;eau, 20 lbs.\" \/>\n<meta property=\"og:url\" content=\"https:\/\/volthium.com\/fr\/produit\/batterie-12v-100ah-gr24\/\" \/>\n<meta property=\"og:site_name\" content=\"Volthium\" \/>\n<meta property=\"article:modified_time\" content=\"2026-04-10T13:42:24+00:00\" \/>\n<meta property=\"og:image\" content=\"https:\/\/volthium.com\/wp-content\/uploads\/2026\/02\/Batterie-12-V-100-Ah_Gr24_Detoure-01_Rectangle.png\" \/>\n\t<meta property=\"og:image:width\" content=\"1959\" \/>\n\t<meta property=\"og:image:height\" content=\"858\" \/>\n\t<meta property=\"og:image:type\" content=\"image\/png\" \/>\n<meta name=\"twitter:card\" content=\"summary_large_image\" \/>\n<meta name=\"twitter:label1\" content=\"Estimation du temps de lecture\" \/>\n\t<meta name=\"twitter:data1\" content=\"2 minutes\" \/>\n<script type=\"application\/ld+json\" class=\"yoast-schema-graph\">{\"@context\":\"https:\\\/\\\/schema.org\",\"@graph\":[{\"@type\":\"WebPage\",\"@id\":\"https:\\\/\\\/volthium.com\\\/fr\\\/produit\\\/batterie-12v-100ah-gr24\\\/\",\"url\":\"https:\\\/\\\/volthium.com\\\/fr\\\/produit\\\/batterie-12v-100ah-gr24\\\/\",\"name\":\"Batterie 12V 100Ah GR24 - Volthium\",\"isPartOf\":{\"@id\":\"https:\\\/\\\/volthium.com\\\/fr\\\/#website\"},\"primaryImageOfPage\":{\"@id\":\"https:\\\/\\\/volthium.com\\\/fr\\\/produit\\\/batterie-12v-100ah-gr24\\\/#primaryimage\"},\"image\":{\"@id\":\"https:\\\/\\\/volthium.com\\\/fr\\\/produit\\\/batterie-12v-100ah-gr24\\\/#primaryimage\"},\"thumbnailUrl\":\"https:\\\/\\\/volthium.com\\\/wp-content\\\/uploads\\\/2026\\\/02\\\/Batterie-12-V-100-Ah_Gr24_Detoure-01_Rectangle.png\",\"datePublished\":\"2026-02-10T19:28:09+00:00\",\"dateModified\":\"2026-04-10T13:42:24+00:00\",\"description\":\"Une batterie lithium de 100Ah dans un format groupe 24. Pens\u00e9e pour r\u00e9pondre aux exigences du plein air. Bluetooth int\u00e9gr\u00e9 et r\u00e9sistante \u00e0 l'eau, 20 lbs.\",\"breadcrumb\":{\"@id\":\"https:\\\/\\\/volthium.com\\\/fr\\\/produit\\\/batterie-12v-100ah-gr24\\\/#breadcrumb\"},\"inLanguage\":\"fr-CA\",\"potentialAction\":[{\"@type\":\"ReadAction\",\"target\":[\"https:\\\/\\\/volthium.com\\\/fr\\\/produit\\\/batterie-12v-100ah-gr24\\\/\"]}]},{\"@type\":\"ImageObject\",\"inLanguage\":\"fr-CA\",\"@id\":\"https:\\\/\\\/volthium.com\\\/fr\\\/produit\\\/batterie-12v-100ah-gr24\\\/#primaryimage\",\"url\":\"https:\\\/\\\/volthium.com\\\/wp-content\\\/uploads\\\/2026\\\/02\\\/Batterie-12-V-100-Ah_Gr24_Detoure-01_Rectangle.png\",\"contentUrl\":\"https:\\\/\\\/volthium.com\\\/wp-content\\\/uploads\\\/2026\\\/02\\\/Batterie-12-V-100-Ah_Gr24_Detoure-01_Rectangle.png\",\"width\":1959,\"height\":858},{\"@type\":\"BreadcrumbList\",\"@id\":\"https:\\\/\\\/volthium.com\\\/fr\\\/produit\\\/batterie-12v-100ah-gr24\\\/#breadcrumb\",\"itemListElement\":[{\"@type\":\"ListItem\",\"position\":1,\"name\":\"Accueil\",\"item\":\"https:\\\/\\\/volthium.com\\\/fr\\\/\"},{\"@type\":\"ListItem\",\"position\":2,\"name\":\"Boutique en ligne\",\"item\":\"https:\\\/\\\/volthium.com\\\/fr\\\/boutique\\\/\"},{\"@type\":\"ListItem\",\"position\":3,\"name\":\"Batterie 12V 100Ah GR24\"}]},{\"@type\":\"WebSite\",\"@id\":\"https:\\\/\\\/volthium.com\\\/fr\\\/#website\",\"url\":\"https:\\\/\\\/volthium.com\\\/fr\\\/\",\"name\":\"Volthium\",\"description\":\"Logo Volthium\",\"publisher\":{\"@id\":\"https:\\\/\\\/volthium.com\\\/fr\\\/#organization\"},\"potentialAction\":[{\"@type\":\"SearchAction\",\"target\":{\"@type\":\"EntryPoint\",\"urlTemplate\":\"https:\\\/\\\/volthium.com\\\/fr\\\/?s={search_term_string}\"},\"query-input\":{\"@type\":\"PropertyValueSpecification\",\"valueRequired\":true,\"valueName\":\"search_term_string\"}}],\"inLanguage\":\"fr-CA\"},{\"@type\":\"Organization\",\"@id\":\"https:\\\/\\\/volthium.com\\\/fr\\\/#organization\",\"name\":\"Volthium\",\"url\":\"https:\\\/\\\/volthium.com\\\/fr\\\/\",\"logo\":{\"@type\":\"ImageObject\",\"inLanguage\":\"fr-CA\",\"@id\":\"https:\\\/\\\/volthium.com\\\/fr\\\/#\\\/schema\\\/logo\\\/image\\\/\",\"url\":\"https:\\\/\\\/volthium.com\\\/wp-content\\\/uploads\\\/2024\\\/01\\\/Logo-Volthium_Sans-energie.svg\",\"contentUrl\":\"https:\\\/\\\/volthium.com\\\/wp-content\\\/uploads\\\/2024\\\/01\\\/Logo-Volthium_Sans-energie.svg\",\"width\":793,\"height\":453,\"caption\":\"Volthium\"},\"image\":{\"@id\":\"https:\\\/\\\/volthium.com\\\/fr\\\/#\\\/schema\\\/logo\\\/image\\\/\"}}]}<\/script>\n<!-- \/ Yoast SEO plugin. -->","yoast_head_json":{"title":"Batterie 12V 100Ah GR24 - Volthium","description":"Une batterie lithium de 100Ah dans un format groupe 24. Pens\u00e9e pour r\u00e9pondre aux exigences du plein air. Bluetooth int\u00e9gr\u00e9 et r\u00e9sistante \u00e0 l'eau, 20 lbs.","robots":{"index":"index","follow":"follow","max-snippet":"max-snippet:-1","max-image-preview":"max-image-preview:large","max-video-preview":"max-video-preview:-1"},"canonical":"https:\/\/volthium.com\/fr\/produit\/batterie-12v-100ah-gr24\/","og_locale":"fr_CA","og_type":"article","og_title":"Batterie 12V 100Ah GR24 - Volthium","og_description":"Une batterie lithium de 100Ah dans un format groupe 24. Pens\u00e9e pour r\u00e9pondre aux exigences du plein air. Bluetooth int\u00e9gr\u00e9 et r\u00e9sistante \u00e0 l'eau, 20 lbs.","og_url":"https:\/\/volthium.com\/fr\/produit\/batterie-12v-100ah-gr24\/","og_site_name":"Volthium","article_modified_time":"2026-04-10T13:42:24+00:00","og_image":[{"width":1959,"height":858,"url":"https:\/\/volthium.com\/wp-content\/uploads\/2026\/02\/Batterie-12-V-100-Ah_Gr24_Detoure-01_Rectangle.png","type":"image\/png"}],"twitter_card":"summary_large_image","twitter_misc":{"Estimation du temps de lecture":"2 minutes"},"schema":{"@context":"https:\/\/schema.org","@graph":[{"@type":"WebPage","@id":"https:\/\/volthium.com\/fr\/produit\/batterie-12v-100ah-gr24\/","url":"https:\/\/volthium.com\/fr\/produit\/batterie-12v-100ah-gr24\/","name":"Batterie 12V 100Ah GR24 - Volthium","isPartOf":{"@id":"https:\/\/volthium.com\/fr\/#website"},"primaryImageOfPage":{"@id":"https:\/\/volthium.com\/fr\/produit\/batterie-12v-100ah-gr24\/#primaryimage"},"image":{"@id":"https:\/\/volthium.com\/fr\/produit\/batterie-12v-100ah-gr24\/#primaryimage"},"thumbnailUrl":"https:\/\/volthium.com\/wp-content\/uploads\/2026\/02\/Batterie-12-V-100-Ah_Gr24_Detoure-01_Rectangle.png","datePublished":"2026-02-10T19:28:09+00:00","dateModified":"2026-04-10T13:42:24+00:00","description":"Une batterie lithium de 100Ah dans un format groupe 24. Pens\u00e9e pour r\u00e9pondre aux exigences du plein air. Bluetooth int\u00e9gr\u00e9 et r\u00e9sistante \u00e0 l'eau, 20 lbs.","breadcrumb":{"@id":"https:\/\/volthium.com\/fr\/produit\/batterie-12v-100ah-gr24\/#breadcrumb"},"inLanguage":"fr-CA","potentialAction":[{"@type":"ReadAction","target":["https:\/\/volthium.com\/fr\/produit\/batterie-12v-100ah-gr24\/"]}]},{"@type":"ImageObject","inLanguage":"fr-CA","@id":"https:\/\/volthium.com\/fr\/produit\/batterie-12v-100ah-gr24\/#primaryimage","url":"https:\/\/volthium.com\/wp-content\/uploads\/2026\/02\/Batterie-12-V-100-Ah_Gr24_Detoure-01_Rectangle.png","contentUrl":"https:\/\/volthium.com\/wp-content\/uploads\/2026\/02\/Batterie-12-V-100-Ah_Gr24_Detoure-01_Rectangle.png","width":1959,"height":858},{"@type":"BreadcrumbList","@id":"https:\/\/volthium.com\/fr\/produit\/batterie-12v-100ah-gr24\/#breadcrumb","itemListElement":[{"@type":"ListItem","position":1,"name":"Accueil","item":"https:\/\/volthium.com\/fr\/"},{"@type":"ListItem","position":2,"name":"Boutique en ligne","item":"https:\/\/volthium.com\/fr\/boutique\/"},{"@type":"ListItem","position":3,"name":"Batterie 12V 100Ah GR24"}]},{"@type":"WebSite","@id":"https:\/\/volthium.com\/fr\/#website","url":"https:\/\/volthium.com\/fr\/","name":"Volthium","description":"Logo Volthium","publisher":{"@id":"https:\/\/volthium.com\/fr\/#organization"},"potentialAction":[{"@type":"SearchAction","target":{"@type":"EntryPoint","urlTemplate":"https:\/\/volthium.com\/fr\/?s={search_term_string}"},"query-input":{"@type":"PropertyValueSpecification","valueRequired":true,"valueName":"search_term_string"}}],"inLanguage":"fr-CA"},{"@type":"Organization","@id":"https:\/\/volthium.com\/fr\/#organization","name":"Volthium","url":"https:\/\/volthium.com\/fr\/","logo":{"@type":"ImageObject","inLanguage":"fr-CA","@id":"https:\/\/volthium.com\/fr\/#\/schema\/logo\/image\/","url":"https:\/\/volthium.com\/wp-content\/uploads\/2024\/01\/Logo-Volthium_Sans-energie.svg","contentUrl":"https:\/\/volthium.com\/wp-content\/uploads\/2024\/01\/Logo-Volthium_Sans-energie.svg","width":793,"height":453,"caption":"Volthium"},"image":{"@id":"https:\/\/volthium.com\/fr\/#\/schema\/logo\/image\/"}}]}},"_links":{"self":[{"href":"https:\/\/volthium.com\/fr\/wp-json\/wp\/v2\/product\/8834","targetHints":{"allow":["GET"]}}],"collection":[{"href":"https:\/\/volthium.com\/fr\/wp-json\/wp\/v2\/product"}],"about":[{"href":"https:\/\/volthium.com\/fr\/wp-json\/wp\/v2\/types\/product"}],"replies":[{"embeddable":true,"href":"https:\/\/volthium.com\/fr\/wp-json\/wp\/v2\/comments?post=8834"}],"wp:featuredmedia":[{"embeddable":true,"href":"https:\/\/volthium.com\/fr\/wp-json\/wp\/v2\/media\/8836"}],"wp:attachment":[{"href":"https:\/\/volthium.com\/fr\/wp-json\/wp\/v2\/media?parent=8834"}],"wp:term":[{"taxonomy":"product_brand","embeddable":true,"href":"https:\/\/volthium.com\/fr\/wp-json\/wp\/v2\/product_brand?post=8834"},{"taxonomy":"product_cat","embeddable":true,"href":"https:\/\/volthium.com\/fr\/wp-json\/wp\/v2\/product_cat?post=8834"},{"taxonomy":"product_tag","embeddable":true,"href":"https:\/\/volthium.com\/fr\/wp-json\/wp\/v2\/product_tag?post=8834"}],"curies":[{"name":"wp","href":"https:\/\/api.w.org\/{rel}","templated":true}]}}