{"id":8743,"date":"2025-12-10T07:20:03","date_gmt":"2025-12-10T12:20:03","guid":{"rendered":"https:\/\/volthium.com\/?post_type=product&#038;p=8743"},"modified":"2026-03-28T21:11:16","modified_gmt":"2026-03-29T01:11:16","slug":"onduleur-sna-us-15k-24kpv-luxpowertek","status":"publish","type":"product","link":"https:\/\/volthium.com\/fr\/produit\/onduleur-sna-us-15k-24kpv-luxpowertek\/","title":{"rendered":"Onduleur SNA-US 15K (24KPV) &#8211; LuxpowerTek"},"content":{"rendered":"<p><span data-contrast=\"auto\">L&rsquo;onduleur SNA-US 15000K (24 KPV) de LuxPowerTek est un onduleur hors r\u00e9seau, commun\u00e9ment appel\u00e9 Offgrid inverter.<br \/>\n<\/span><span data-contrast=\"auto\">Cependant, ils respectent les normes du code \u00e9lectrique canadien pour \u00eatre install\u00e9 dans une r\u00e9sidence ou commerce afin d\u2019\u00eatre utilis\u00e9 comme syst\u00e8me contre les pannes de courant et de production solaire. <\/span><\/p>\n<p><span data-contrast=\"auto\">Exploitez simultan\u00e9ment l&rsquo;\u00e9nergie solaire, le stockage sur batterie et l&rsquo;\u00e9nergie du r\u00e9seau \u00e9lectrique (H-Q) pour alimenter votre maison ou votre commerce avec une puissance continue et ininterrompue allant jusqu\u2019\u00e0 15 000 W (50 A \u00e0 240 V). En cas de panne \u00e9lectrique, l\u2019onduleur Lux SNA-US 15K (24KPV) peut \u00eatre utilis\u00e9 comme syst\u00e8me d&rsquo;alimentation de secours avec ou sans panneaux solaires.<\/span><span data-ccp-props=\"{}\">\u00a0<\/span><\/p>\n<p><span data-contrast=\"auto\">Veuillez noter que cet onduleur ne peut pas revendre l\u2019\u00e9nergie \u00e0 Hydro-Qu\u00e9bec.<\/span><span data-ccp-props=\"{}\">\u00a0<\/span><span data-contrast=\"auto\">Vous pouvez injecter votre production solaire dans votre sous-panneau \u00e9lectrique, et sauver sur votre facture, mais il ne vous sera pas possible de revendre l\u2019\u00e9nergie<\/span><span data-ccp-props=\"{}\">\u00a0<\/span><\/p>\n<p>Cet onduleur est une solution de pointe pour l&rsquo;ind\u00e9pendance \u00e9nerg\u00e9tique r\u00e9sidentielle et commerciale. Il a \u00e9t\u00e9 m\u00e9ticuleusement con\u00e7u pour r\u00e9pondre aux besoins d&rsquo;ind\u00e9pendance \u00e9nerg\u00e9tique des petits m\u00e9nages et des commerces. Ce produit innovant pr\u00e9sente un design ext\u00e9rieur \u00e9l\u00e9gant tout en incorporant des disjoncteurs de charge, de g\u00e9n\u00e9rateur et de batterie.<\/p>\n<p>&nbsp;<\/p>\n<h4>SNA 15k \u00c0 PHASE DIVIS\u00c9E (split-phase)<\/h4>\n<p data-start=\"37\" data-end=\"280\"><strong data-start=\"37\" data-end=\"145\">Le SNA US 15K, la toute derni\u00e8re innovation en mati\u00e8re de solutions d\u2019alimentation hors r\u00e9seau de Luxpowertek offre <\/strong>une puissance impressionnante de 15 kW, cet onduleur de pointe red\u00e9finit la fiabilit\u00e9 et la polyvalence en gestion \u00e9nerg\u00e9tique.<\/p>\n<div class=\"banner-layers container\">\n<div id=\"text-box-2114862558\" class=\"text-box banner-layer x0 md-x0 lg-x0 y80 md-y80 lg-y80 res-text\">\n<div class=\"text-box-content text dark\">\n<div class=\"text-inner text-left\">\n<div class=\"flex-shrink-0 flex flex-col relative items-end\">\n<div class=\"pt-0.5 juice:pt-0\">\n<h4 class=\"gizmo-bot-avatar flex h-6 w-6 items-center justify-center overflow-hidden rounded-full juice:h-8 juice:w-8\"><strong>Faites l&rsquo;exp\u00e9rience de l&rsquo;ind\u00e9pendance \u00e9nerg\u00e9tique r\u00e9sidentielle et commerciale gr\u00e2ce \u00e0 une solution innovante<\/strong><\/h4>\n<p>Gr\u00e2ce \u00e0 sa conception \u00e9volutive prenant en charge jusqu\u2019\u00e0 16 unit\u00e9s en parall\u00e8le et \u00e0 sa fonctionnalit\u00e9 de couplage CA int\u00e9gr\u00e9e, le <strong data-start=\"132\" data-end=\"146\">SNA US 15K<\/strong> offre une flexibilit\u00e9 in\u00e9gal\u00e9e pour r\u00e9pondre \u00e0 une grande vari\u00e9t\u00e9 de besoins \u00e9nerg\u00e9tiques.<\/p>\n<ul>\n<li data-start=\"73\" data-end=\"121\">\n<p data-start=\"75\" data-end=\"121\">Sortie hors r\u00e9seau en phase divis\u00e9e 240\/120V<\/p>\n<\/li>\n<li data-start=\"122\" data-end=\"176\">\n<p data-start=\"124\" data-end=\"176\">2 MPPT avec 4 cha\u00eenes, entr\u00e9e PV maximale de 24 kW<\/p>\n<\/li>\n<li data-start=\"177\" data-end=\"229\">\n<p data-start=\"179\" data-end=\"229\">Courant de charge et de d\u00e9charge maximal : 250 A<\/p>\n<\/li>\n<li data-start=\"230\" data-end=\"258\">\n<p data-start=\"232\" data-end=\"258\">Protection AFCI int\u00e9gr\u00e9e<\/p>\n<\/li>\n<li data-start=\"259\" data-end=\"322\">\n<p data-start=\"261\" data-end=\"322\">Deux ports de sortie CA pour connexions \u00e0 charges multiples<\/p>\n<\/li>\n<li data-start=\"323\" data-end=\"466\">\n<p data-start=\"325\" data-end=\"350\">Port g\u00e9n\u00e9ratrice s\u00e9par\u00e9<\/p>\n<ul data-start=\"353\" data-end=\"466\">\n<li data-start=\"353\" data-end=\"402\">\n<p data-start=\"355\" data-end=\"402\">Entr\u00e9e coupl\u00e9e CA\/g\u00e9n\u00e9ratrice jusqu\u2019\u00e0 19,2 kW<\/p>\n<\/li>\n<li data-start=\"405\" data-end=\"466\">\n<p data-start=\"407\" data-end=\"466\">Contr\u00f4le automatique de d\u00e9marrage\/arr\u00eat de la g\u00e9n\u00e9ratrice<\/p>\n<\/li>\n<\/ul>\n<\/li>\n<li data-start=\"467\" data-end=\"532\">\n<p data-start=\"469\" data-end=\"532\">Conception int\u00e9gr\u00e9e avec disjoncteurs pour charge et batterie<\/p>\n<\/li>\n<li data-start=\"533\" data-end=\"613\">\n<p data-start=\"535\" data-end=\"613\">R\u00e9veil de la batterie par panneau solaire, courant alternatif ou g\u00e9n\u00e9ratrice<\/p>\n<\/li>\n<li data-start=\"614\" data-end=\"675\">\n<p data-start=\"616\" data-end=\"675\">Fonction de charge via entr\u00e9e CA\/g\u00e9n\u00e9ratrice (240V ou 120V)<\/p>\n<\/li>\n<\/ul>\n<p class=\"lead\"><span style=\"font-size: 16px;\">Avec des caract\u00e9ristiques telles que deux ports de sortie CA pour connexions \u00e0 charges multiples, une capacit\u00e9 de transfert direct de 100A, un port d\u00e9di\u00e9 pour g\u00e9n\u00e9ratrice et une transition fluide entre les modes r\u00e9seau et hors r\u00e9seau, il assure une alimentation ininterrompue m\u00eame dans les conditions les plus exigeantes. Dot\u00e9 de capacit\u00e9s de surveillance compl\u00e8tes et de modes de fonctionnement intelligents, le <strong data-start=\"414\" data-end=\"428\">SNA US 15K<\/strong> permet aux utilisateurs d\u2019optimiser facilement leur consommation \u00e9nerg\u00e9tique.<\/span><\/p>\n<p>Le syst\u00e8me hors r\u00e9seau \u00e0 phase divis\u00e9e <strong data-start=\"39\" data-end=\"53\">SNA US 15K<\/strong> offre des modes de fonctionnement polyvalents pour r\u00e9pondre \u00e0 une grande vari\u00e9t\u00e9 de besoins \u00e9nerg\u00e9tiques. En mode connect\u00e9 au r\u00e9seau, il optimise l\u2019utilisation de l\u2019\u00e9nergie afin de r\u00e9duire les factures d\u2019\u00e9lectricit\u00e9. En mode hors r\u00e9seau, il assure une alimentation continue en cas de panne. Le mode hybride permet une int\u00e9gration fluide de l\u2019\u00e9nergie solaire, de la g\u00e9n\u00e9ratrice et du r\u00e9seau pour une efficacit\u00e9 maximale. Cette flexibilit\u00e9 permet au <strong data-start=\"502\" data-end=\"516\">SNA US 15K<\/strong> de s\u2019adapter \u00e0 diff\u00e9rents sc\u00e9narios, offrant des solutions \u00e9nerg\u00e9tiques fiables et \u00e9conomiques, quelles que soient les circonstances.<\/p>\n<\/div>\n<div class=\"fill banner-link\"><\/div>\n<div id=\"text-box-595228489\" class=\"text-box banner-layer x0 md-x0 lg-x0 y50 md-y50 lg-y50 res-text\">\n<div class=\"text-box-content text dark\">\n<div class=\"text-inner text-center\">\n<h4><b>Simplifiez votre exp\u00e9rience de surveillance<\/b><\/h4>\n<p class=\"lead\">Gr\u00e2ce \u00e0 la plateforme de LuxpowerTek (disponible sur <a href=\"https:\/\/apps.apple.com\/za\/app\/luxpower\/id1415841608\">IOS<\/a> et <a href=\"https:\/\/play.google.com\/store\/apps\/details?id=com.nfcx.luxinvpower&amp;hl=en\">Android<\/a>), vous b\u00e9n\u00e9ficiez d&rsquo;une vision en temps r\u00e9el et de capacit\u00e9s de gestion \u00e0 distance, et un contr\u00f4le transparent de vos appareils. Prenez des d\u00e9cisions \u00e9clair\u00e9es et optimiser les performances sans effort.<\/p>\n<\/div>\n<h4><\/h4>\n<h4>Document li\u00e9s<\/h4>\n<\/div>\n<\/div>\n<p>Fiche technique : <a href=\"https:\/\/volthium.com\/wp-content\/uploads\/2025\/12\/SNA-US-12-15K-Datasheet-1.pdf\">t\u00e9l\u00e9chargez le document PDF<\/a><\/p>\n<p>Manuel utilisateur : <a href=\"https:\/\/volthium.com\/wp-content\/uploads\/2025\/12\/SNA-US-12-15K-User-Manual-2025.3.10.pdf\">t\u00e9l\u00e9chargez le document PDF<\/a><\/p>\n<p>Certification : <a href=\"https:\/\/volthium.com\/wp-content\/uploads\/2025\/05\/UL1741-for-SNA-12K.pdf\">t\u00e9l\u00e9chargez le document PDF<\/a><\/p>\n<\/div>\n<\/div>\n<\/div>\n<\/div>\n<\/div>\n","protected":false},"excerpt":{"rendered":"<p><span data-contrast=\"auto\">L&rsquo;onduleur SNA-US 15000K (24 KPV) de LuxPowerTek est un onduleur hors r\u00e9seau, commun\u00e9ment appel\u00e9 Offgrid inverter.<br \/>\n<\/span><span data-contrast=\"auto\">Cependant, ils respectent les normes du code \u00e9lectrique canadien pour \u00eatre install\u00e9 dans une r\u00e9sidence ou commerce afin d\u2019\u00eatre utilis\u00e9 comme syst\u00e8me contre les pannes de courant et de production solaire.<\/span><\/p>\n","protected":false},"featured_media":7676,"comment_status":"open","ping_status":"closed","template":"","meta":{"_acf_changed":false,"inline_featured_image":false,"site-sidebar-layout":"default","site-content-layout":"","ast-site-content-layout":"default","site-content-style":"default","site-sidebar-style":"default","ast-global-header-display":"","ast-banner-title-visibility":"","ast-main-header-display":"","ast-hfb-above-header-display":"","ast-hfb-below-header-display":"","ast-hfb-mobile-header-display":"","site-post-title":"","ast-breadcrumbs-content":"","ast-featured-img":"","footer-sml-layout":"","ast-disable-related-posts":"","theme-transparent-header-meta":"default","adv-header-id-meta":"","stick-header-meta":"","header-above-stick-meta":"","header-main-stick-meta":"","header-below-stick-meta":"","astra-migrate-meta-layouts":"set","ast-page-background-enabled":"default","ast-page-background-meta":{"desktop":{"background-color":"var(--ast-global-color-4)","background-image":"","background-repeat":"repeat","background-position":"center center","background-size":"auto","background-attachment":"scroll","background-type":"","background-media":"","overlay-type":"","overlay-color":"","overlay-opacity":"","overlay-gradient":""},"tablet":{"background-color":"","background-image":"","background-repeat":"repeat","background-position":"center center","background-size":"auto","background-attachment":"scroll","background-type":"","background-media":"","overlay-type":"","overlay-color":"","overlay-opacity":"","overlay-gradient":""},"mobile":{"background-color":"","background-image":"","background-repeat":"repeat","background-position":"center center","background-size":"auto","background-attachment":"scroll","background-type":"","background-media":"","overlay-type":"","overlay-color":"","overlay-opacity":"","overlay-gradient":""}},"ast-content-background-meta":{"desktop":{"background-color":"var(--ast-global-color-5)","background-image":"","background-repeat":"repeat","background-position":"center center","background-size":"auto","background-attachment":"scroll","background-type":"","background-media":"","overlay-type":"","overlay-color":"","overlay-opacity":"","overlay-gradient":""},"tablet":{"background-color":"var(--ast-global-color-5)","background-image":"","background-repeat":"repeat","background-position":"center center","background-size":"auto","background-attachment":"scroll","background-type":"","background-media":"","overlay-type":"","overlay-color":"","overlay-opacity":"","overlay-gradient":""},"mobile":{"background-color":"var(--ast-global-color-5)","background-image":"","background-repeat":"repeat","background-position":"center center","background-size":"auto","background-attachment":"scroll","background-type":"","background-media":"","overlay-type":"","overlay-color":"","overlay-opacity":"","overlay-gradient":""}}},"product_brand":[209],"product_cat":[27,28],"product_tag":[],"class_list":{"0":"post-8743","1":"product","2":"type-product","3":"status-publish","4":"has-post-thumbnail","6":"product_brand-luxpowertek","7":"product_cat-onduleur","8":"product_cat-onduleur-chargeur","9":"desktop-align-left","10":"tablet-align-left","11":"mobile-align-left","13":"first","14":"instock","15":"taxable","16":"shipping-taxable","17":"purchasable","18":"product-type-simple"},"acf":[],"yoast_head":"<!-- This site is optimized with the Yoast SEO plugin v27.2 - https:\/\/yoast.com\/product\/yoast-seo-wordpress\/ -->\n<title>Onduleur SNA-US 15K (24KPV) - LuxpowerTek - Volthium<\/title>\n<meta name=\"description\" content=\"Onduleur hors r\u00e9seau 15\u202fkW \u00e0 phase divis\u00e9e de LuxPowerTek, compatible solaire et g\u00e9n\u00e9ratrice, conforme aux normes Hydro-Qu\u00e9bec.\" \/>\n<meta name=\"robots\" content=\"index, follow, max-snippet:-1, max-image-preview:large, max-video-preview:-1\" \/>\n<link rel=\"canonical\" href=\"https:\/\/volthium.com\/fr\/produit\/onduleur-sna-us-15k-24kpv-luxpowertek\/\" \/>\n<meta property=\"og:locale\" content=\"fr_CA\" \/>\n<meta property=\"og:type\" content=\"article\" \/>\n<meta property=\"og:title\" content=\"Onduleur SNA-US 15K (24KPV) - LuxpowerTek - Volthium\" \/>\n<meta property=\"og:description\" content=\"Onduleur hors r\u00e9seau 15\u202fkW \u00e0 phase divis\u00e9e de LuxPowerTek, compatible solaire et g\u00e9n\u00e9ratrice, conforme aux normes Hydro-Qu\u00e9bec.\" \/>\n<meta property=\"og:url\" content=\"https:\/\/volthium.com\/fr\/produit\/onduleur-sna-us-15k-24kpv-luxpowertek\/\" \/>\n<meta property=\"og:site_name\" content=\"Volthium\" \/>\n<meta property=\"article:modified_time\" content=\"2026-03-29T01:11:16+00:00\" \/>\n<meta property=\"og:image\" content=\"https:\/\/volthium.com\/wp-content\/uploads\/2025\/05\/Luxpowertek-SNA-US-12K_Detoure-01_Rectangle.png\" \/>\n\t<meta property=\"og:image:width\" content=\"1959\" \/>\n\t<meta property=\"og:image:height\" content=\"858\" \/>\n\t<meta property=\"og:image:type\" content=\"image\/png\" \/>\n<meta name=\"twitter:card\" content=\"summary_large_image\" \/>\n<meta name=\"twitter:label1\" content=\"Estimation du temps de lecture\" \/>\n\t<meta name=\"twitter:data1\" content=\"4 minutes\" \/>\n<script type=\"application\/ld+json\" class=\"yoast-schema-graph\">{\"@context\":\"https:\/\/schema.org\",\"@graph\":[{\"@type\":\"WebPage\",\"@id\":\"https:\/\/volthium.com\/fr\/produit\/onduleur-sna-us-15k-24kpv-luxpowertek\/\",\"url\":\"https:\/\/volthium.com\/fr\/produit\/onduleur-sna-us-15k-24kpv-luxpowertek\/\",\"name\":\"Onduleur SNA-US 15K (24KPV) - LuxpowerTek - Volthium\",\"isPartOf\":{\"@id\":\"https:\/\/volthium.com\/fr\/#website\"},\"primaryImageOfPage\":{\"@id\":\"https:\/\/volthium.com\/fr\/produit\/onduleur-sna-us-15k-24kpv-luxpowertek\/#primaryimage\"},\"image\":{\"@id\":\"https:\/\/volthium.com\/fr\/produit\/onduleur-sna-us-15k-24kpv-luxpowertek\/#primaryimage\"},\"thumbnailUrl\":\"https:\/\/volthium.com\/wp-content\/uploads\/2025\/05\/Luxpowertek-SNA-US-12K_Detoure-01_Rectangle.png\",\"datePublished\":\"2025-12-10T12:20:03+00:00\",\"dateModified\":\"2026-03-29T01:11:16+00:00\",\"description\":\"Onduleur hors r\u00e9seau 15\u202fkW \u00e0 phase divis\u00e9e de LuxPowerTek, compatible solaire et g\u00e9n\u00e9ratrice, conforme aux normes Hydro-Qu\u00e9bec.\",\"breadcrumb\":{\"@id\":\"https:\/\/volthium.com\/fr\/produit\/onduleur-sna-us-15k-24kpv-luxpowertek\/#breadcrumb\"},\"inLanguage\":\"fr-CA\",\"potentialAction\":[{\"@type\":\"ReadAction\",\"target\":[\"https:\/\/volthium.com\/fr\/produit\/onduleur-sna-us-15k-24kpv-luxpowertek\/\"]}]},{\"@type\":\"ImageObject\",\"inLanguage\":\"fr-CA\",\"@id\":\"https:\/\/volthium.com\/fr\/produit\/onduleur-sna-us-15k-24kpv-luxpowertek\/#primaryimage\",\"url\":\"https:\/\/volthium.com\/wp-content\/uploads\/2025\/05\/Luxpowertek-SNA-US-12K_Detoure-01_Rectangle.png\",\"contentUrl\":\"https:\/\/volthium.com\/wp-content\/uploads\/2025\/05\/Luxpowertek-SNA-US-12K_Detoure-01_Rectangle.png\",\"width\":1959,\"height\":858},{\"@type\":\"BreadcrumbList\",\"@id\":\"https:\/\/volthium.com\/fr\/produit\/onduleur-sna-us-15k-24kpv-luxpowertek\/#breadcrumb\",\"itemListElement\":[{\"@type\":\"ListItem\",\"position\":1,\"name\":\"Accueil\",\"item\":\"https:\/\/volthium.com\/fr\/\"},{\"@type\":\"ListItem\",\"position\":2,\"name\":\"Boutique en ligne\",\"item\":\"https:\/\/volthium.com\/fr\/boutique\/\"},{\"@type\":\"ListItem\",\"position\":3,\"name\":\"Onduleur SNA-US 15K (24KPV) &#8211; LuxpowerTek\"}]},{\"@type\":\"WebSite\",\"@id\":\"https:\/\/volthium.com\/fr\/#website\",\"url\":\"https:\/\/volthium.com\/fr\/\",\"name\":\"Volthium\",\"description\":\"Logo Volthium\",\"publisher\":{\"@id\":\"https:\/\/volthium.com\/fr\/#organization\"},\"potentialAction\":[{\"@type\":\"SearchAction\",\"target\":{\"@type\":\"EntryPoint\",\"urlTemplate\":\"https:\/\/volthium.com\/fr\/?s={search_term_string}\"},\"query-input\":{\"@type\":\"PropertyValueSpecification\",\"valueRequired\":true,\"valueName\":\"search_term_string\"}}],\"inLanguage\":\"fr-CA\"},{\"@type\":\"Organization\",\"@id\":\"https:\/\/volthium.com\/fr\/#organization\",\"name\":\"Volthium\",\"url\":\"https:\/\/volthium.com\/fr\/\",\"logo\":{\"@type\":\"ImageObject\",\"inLanguage\":\"fr-CA\",\"@id\":\"https:\/\/volthium.com\/fr\/#\/schema\/logo\/image\/\",\"url\":\"https:\/\/volthium.com\/wp-content\/uploads\/2024\/01\/Logo-Volthium_Sans-energie.svg\",\"contentUrl\":\"https:\/\/volthium.com\/wp-content\/uploads\/2024\/01\/Logo-Volthium_Sans-energie.svg\",\"width\":793,\"height\":453,\"caption\":\"Volthium\"},\"image\":{\"@id\":\"https:\/\/volthium.com\/fr\/#\/schema\/logo\/image\/\"}}]}<\/script>\n<!-- \/ Yoast SEO plugin. -->","yoast_head_json":{"title":"Onduleur SNA-US 15K (24KPV) - LuxpowerTek - Volthium","description":"Onduleur hors r\u00e9seau 15\u202fkW \u00e0 phase divis\u00e9e de LuxPowerTek, compatible solaire et g\u00e9n\u00e9ratrice, conforme aux normes Hydro-Qu\u00e9bec.","robots":{"index":"index","follow":"follow","max-snippet":"max-snippet:-1","max-image-preview":"max-image-preview:large","max-video-preview":"max-video-preview:-1"},"canonical":"https:\/\/volthium.com\/fr\/produit\/onduleur-sna-us-15k-24kpv-luxpowertek\/","og_locale":"fr_CA","og_type":"article","og_title":"Onduleur SNA-US 15K (24KPV) - LuxpowerTek - Volthium","og_description":"Onduleur hors r\u00e9seau 15\u202fkW \u00e0 phase divis\u00e9e de LuxPowerTek, compatible solaire et g\u00e9n\u00e9ratrice, conforme aux normes Hydro-Qu\u00e9bec.","og_url":"https:\/\/volthium.com\/fr\/produit\/onduleur-sna-us-15k-24kpv-luxpowertek\/","og_site_name":"Volthium","article_modified_time":"2026-03-29T01:11:16+00:00","og_image":[{"width":1959,"height":858,"url":"https:\/\/volthium.com\/wp-content\/uploads\/2025\/05\/Luxpowertek-SNA-US-12K_Detoure-01_Rectangle.png","type":"image\/png"}],"twitter_card":"summary_large_image","twitter_misc":{"Estimation du temps de lecture":"4 minutes"},"schema":{"@context":"https:\/\/schema.org","@graph":[{"@type":"WebPage","@id":"https:\/\/volthium.com\/fr\/produit\/onduleur-sna-us-15k-24kpv-luxpowertek\/","url":"https:\/\/volthium.com\/fr\/produit\/onduleur-sna-us-15k-24kpv-luxpowertek\/","name":"Onduleur SNA-US 15K (24KPV) - LuxpowerTek - Volthium","isPartOf":{"@id":"https:\/\/volthium.com\/fr\/#website"},"primaryImageOfPage":{"@id":"https:\/\/volthium.com\/fr\/produit\/onduleur-sna-us-15k-24kpv-luxpowertek\/#primaryimage"},"image":{"@id":"https:\/\/volthium.com\/fr\/produit\/onduleur-sna-us-15k-24kpv-luxpowertek\/#primaryimage"},"thumbnailUrl":"https:\/\/volthium.com\/wp-content\/uploads\/2025\/05\/Luxpowertek-SNA-US-12K_Detoure-01_Rectangle.png","datePublished":"2025-12-10T12:20:03+00:00","dateModified":"2026-03-29T01:11:16+00:00","description":"Onduleur hors r\u00e9seau 15\u202fkW \u00e0 phase divis\u00e9e de LuxPowerTek, compatible solaire et g\u00e9n\u00e9ratrice, conforme aux normes Hydro-Qu\u00e9bec.","breadcrumb":{"@id":"https:\/\/volthium.com\/fr\/produit\/onduleur-sna-us-15k-24kpv-luxpowertek\/#breadcrumb"},"inLanguage":"fr-CA","potentialAction":[{"@type":"ReadAction","target":["https:\/\/volthium.com\/fr\/produit\/onduleur-sna-us-15k-24kpv-luxpowertek\/"]}]},{"@type":"ImageObject","inLanguage":"fr-CA","@id":"https:\/\/volthium.com\/fr\/produit\/onduleur-sna-us-15k-24kpv-luxpowertek\/#primaryimage","url":"https:\/\/volthium.com\/wp-content\/uploads\/2025\/05\/Luxpowertek-SNA-US-12K_Detoure-01_Rectangle.png","contentUrl":"https:\/\/volthium.com\/wp-content\/uploads\/2025\/05\/Luxpowertek-SNA-US-12K_Detoure-01_Rectangle.png","width":1959,"height":858},{"@type":"BreadcrumbList","@id":"https:\/\/volthium.com\/fr\/produit\/onduleur-sna-us-15k-24kpv-luxpowertek\/#breadcrumb","itemListElement":[{"@type":"ListItem","position":1,"name":"Accueil","item":"https:\/\/volthium.com\/fr\/"},{"@type":"ListItem","position":2,"name":"Boutique en ligne","item":"https:\/\/volthium.com\/fr\/boutique\/"},{"@type":"ListItem","position":3,"name":"Onduleur SNA-US 15K (24KPV) &#8211; LuxpowerTek"}]},{"@type":"WebSite","@id":"https:\/\/volthium.com\/fr\/#website","url":"https:\/\/volthium.com\/fr\/","name":"Volthium","description":"Logo Volthium","publisher":{"@id":"https:\/\/volthium.com\/fr\/#organization"},"potentialAction":[{"@type":"SearchAction","target":{"@type":"EntryPoint","urlTemplate":"https:\/\/volthium.com\/fr\/?s={search_term_string}"},"query-input":{"@type":"PropertyValueSpecification","valueRequired":true,"valueName":"search_term_string"}}],"inLanguage":"fr-CA"},{"@type":"Organization","@id":"https:\/\/volthium.com\/fr\/#organization","name":"Volthium","url":"https:\/\/volthium.com\/fr\/","logo":{"@type":"ImageObject","inLanguage":"fr-CA","@id":"https:\/\/volthium.com\/fr\/#\/schema\/logo\/image\/","url":"https:\/\/volthium.com\/wp-content\/uploads\/2024\/01\/Logo-Volthium_Sans-energie.svg","contentUrl":"https:\/\/volthium.com\/wp-content\/uploads\/2024\/01\/Logo-Volthium_Sans-energie.svg","width":793,"height":453,"caption":"Volthium"},"image":{"@id":"https:\/\/volthium.com\/fr\/#\/schema\/logo\/image\/"}}]}},"_links":{"self":[{"href":"https:\/\/volthium.com\/fr\/wp-json\/wp\/v2\/product\/8743","targetHints":{"allow":["GET"]}}],"collection":[{"href":"https:\/\/volthium.com\/fr\/wp-json\/wp\/v2\/product"}],"about":[{"href":"https:\/\/volthium.com\/fr\/wp-json\/wp\/v2\/types\/product"}],"replies":[{"embeddable":true,"href":"https:\/\/volthium.com\/fr\/wp-json\/wp\/v2\/comments?post=8743"}],"wp:featuredmedia":[{"embeddable":true,"href":"https:\/\/volthium.com\/fr\/wp-json\/wp\/v2\/media\/7676"}],"wp:attachment":[{"href":"https:\/\/volthium.com\/fr\/wp-json\/wp\/v2\/media?parent=8743"}],"wp:term":[{"taxonomy":"product_brand","embeddable":true,"href":"https:\/\/volthium.com\/fr\/wp-json\/wp\/v2\/product_brand?post=8743"},{"taxonomy":"product_cat","embeddable":true,"href":"https:\/\/volthium.com\/fr\/wp-json\/wp\/v2\/product_cat?post=8743"},{"taxonomy":"product_tag","embeddable":true,"href":"https:\/\/volthium.com\/fr\/wp-json\/wp\/v2\/product_tag?post=8743"}],"curies":[{"name":"wp","href":"https:\/\/api.w.org\/{rel}","templated":true}]}}