{"id":8414,"date":"2025-10-09T13:35:44","date_gmt":"2025-10-09T17:35:44","guid":{"rendered":"https:\/\/volthium.com\/?post_type=product&#038;p=8414"},"modified":"2025-10-09T14:35:38","modified_gmt":"2025-10-09T18:35:38","slug":"batterie-12v-10ah","status":"publish","type":"product","link":"https:\/\/volthium.com\/fr\/produit\/batterie-12v-10ah\/","title":{"rendered":"Batterie 12V 10Ah"},"content":{"rendered":"<p data-start=\"245\" data-end=\"703\">VOLTHIUM vous pr\u00e9sente la plus petite batterie de sa gamme 12V \u2014 un concentr\u00e9 de puissance dans un format ultracompact.<br data-start=\"364\" data-end=\"367\" \/>Pesant \u00e0 peine <strong data-start=\"382\" data-end=\"394\">3 livres<\/strong>, la <strong data-start=\"399\" data-end=\"428\">batterie 12V 10Ah LiFePO\u2084<\/strong> est la compagne id\u00e9ale pour vos activit\u00e9s en plein air. Facile \u00e0 transporter dans un sac \u00e0 dos, elle alimente pendant plusieurs heures vos appareils \u00e9lectroniques \u00e0 faible consommation tels que <strong data-start=\"623\" data-end=\"680\">GPS, d\u00e9tecteurs de poissons Garmin, radios portatives<\/strong> et bien plus encore.<\/p>\n<p data-start=\"705\" data-end=\"923\">Con\u00e7ue pour affronter les climats les plus rigoureux, cette batterie est <strong data-start=\"778\" data-end=\"823\">munie d\u2019une protection de charge au froid<\/strong> et de <strong data-start=\"830\" data-end=\"860\">cellules certifi\u00e9es UL1642<\/strong>, garantissant une s\u00e9curit\u00e9 et une fiabilit\u00e9 \u00e0 toute \u00e9preuve.<\/p>\n<p data-start=\"925\" data-end=\"1264\">Nos batteries au lithium se distinguent par leur <strong data-start=\"974\" data-end=\"1007\">installation simple et rapide<\/strong>, leur <strong data-start=\"1014\" data-end=\"1042\">temps de recharge r\u00e9duit<\/strong> et une <strong data-start=\"1050\" data-end=\"1102\">capacit\u00e9 \u00e9nerg\u00e9tique constante au fil des ann\u00e9es<\/strong>.<br data-start=\"1103\" data-end=\"1106\" \/>Aucune autre batterie lithium n\u2019offre un rendement aussi exceptionnel \u2014 une <strong data-start=\"1182\" data-end=\"1226\">dur\u00e9e de vie rentable sur plus de 10 ans<\/strong>, sans perte notable de performance.<\/p>\n<p data-start=\"925\" data-end=\"1264\">R\u00e9sultat : la <strong data-start=\"1521\" data-end=\"1587\">meilleure batterie compacte 12V disponible en Am\u00e9rique du Nord<\/strong>, con\u00e7ue pour durer et performer.<\/p>\n<p data-start=\"1624\" data-end=\"1865\">Parce que l\u2019achat d\u2019une batterie LiFePO\u2084 est un investissement \u00e0 long terme, VOLTHIUM met votre <strong data-start=\"1720\" data-end=\"1737\">paix d\u2019esprit<\/strong> au centre de ses priorit\u00e9s. Optez pour la <strong data-start=\"1780\" data-end=\"1846\">batterie la plus fiable, la plus durable et la plus \u00e9conomique<\/strong> de sa cat\u00e9gorie.<\/p>\n","protected":false},"excerpt":{"rendered":"<p>Notre <strong>batterie 12V 10Ah<\/strong>\u00a0est\u00a0le partenaire id\u00e9al pour vos d\u00e9placements en plein air.\u00a0 Avec un <strong>poids de seulement 3 lbs<\/strong> elle se transporte facilement dans un sac \u00e0 dos.<\/p>\n","protected":false},"featured_media":8424,"comment_status":"open","ping_status":"closed","template":"","meta":{"_acf_changed":false,"inline_featured_image":false,"site-sidebar-layout":"default","site-content-layout":"","ast-site-content-layout":"default","site-content-style":"default","site-sidebar-style":"default","ast-global-header-display":"","ast-banner-title-visibility":"","ast-main-header-display":"","ast-hfb-above-header-display":"","ast-hfb-below-header-display":"","ast-hfb-mobile-header-display":"","site-post-title":"","ast-breadcrumbs-content":"","ast-featured-img":"","footer-sml-layout":"","ast-disable-related-posts":"","theme-transparent-header-meta":"default","adv-header-id-meta":"","stick-header-meta":"","header-above-stick-meta":"","header-main-stick-meta":"","header-below-stick-meta":"","astra-migrate-meta-layouts":"set","ast-page-background-enabled":"default","ast-page-background-meta":{"desktop":{"background-color":"var(--ast-global-color-4)","background-image":"","background-repeat":"repeat","background-position":"center center","background-size":"auto","background-attachment":"scroll","background-type":"","background-media":"","overlay-type":"","overlay-color":"","overlay-opacity":"","overlay-gradient":""},"tablet":{"background-color":"","background-image":"","background-repeat":"repeat","background-position":"center center","background-size":"auto","background-attachment":"scroll","background-type":"","background-media":"","overlay-type":"","overlay-color":"","overlay-opacity":"","overlay-gradient":""},"mobile":{"background-color":"","background-image":"","background-repeat":"repeat","background-position":"center center","background-size":"auto","background-attachment":"scroll","background-type":"","background-media":"","overlay-type":"","overlay-color":"","overlay-opacity":"","overlay-gradient":""}},"ast-content-background-meta":{"desktop":{"background-color":"var(--ast-global-color-5)","background-image":"","background-repeat":"repeat","background-position":"center center","background-size":"auto","background-attachment":"scroll","background-type":"","background-media":"","overlay-type":"","overlay-color":"","overlay-opacity":"","overlay-gradient":""},"tablet":{"background-color":"var(--ast-global-color-5)","background-image":"","background-repeat":"repeat","background-position":"center center","background-size":"auto","background-attachment":"scroll","background-type":"","background-media":"","overlay-type":"","overlay-color":"","overlay-opacity":"","overlay-gradient":""},"mobile":{"background-color":"var(--ast-global-color-5)","background-image":"","background-repeat":"repeat","background-position":"center center","background-size":"auto","background-attachment":"scroll","background-type":"","background-media":"","overlay-type":"","overlay-color":"","overlay-opacity":"","overlay-gradient":""}}},"product_brand":[],"product_cat":[23,18],"product_tag":[218,46],"class_list":{"0":"post-8414","1":"product","2":"type-product","3":"status-publish","4":"has-post-thumbnail","6":"product_cat-12v","7":"product_cat-batteries","8":"product_tag-1210abs-2","9":"product_tag-12v","10":"desktop-align-left","11":"tablet-align-left","12":"mobile-align-left","14":"first","15":"instock","16":"taxable","17":"shipping-taxable","18":"purchasable","19":"product-type-simple"},"acf":[],"yoast_head":"<!-- This site is optimized with the Yoast SEO plugin v27.3 - https:\/\/yoast.com\/product\/yoast-seo-wordpress\/ -->\n<title>Batterie 12V 10Ah - Volthium<\/title>\n<meta name=\"description\" content=\"La 12V 10h\u00a0est\u00a0le partenaire id\u00e9al pour vos d\u00e9placements en plein air.\u00a0 Avec un poids de seulement 3 lbs elle se transporte facilement dans un sac \u00e0 dos.\" \/>\n<meta name=\"robots\" content=\"index, follow, max-snippet:-1, max-image-preview:large, max-video-preview:-1\" \/>\n<link rel=\"canonical\" href=\"https:\/\/volthium.com\/fr\/produit\/batterie-12v-10ah\/\" \/>\n<meta property=\"og:locale\" content=\"fr_CA\" \/>\n<meta property=\"og:type\" content=\"article\" \/>\n<meta property=\"og:title\" content=\"Batterie 12V 10Ah - Volthium\" \/>\n<meta property=\"og:description\" content=\"La 12V 10h\u00a0est\u00a0le partenaire id\u00e9al pour vos d\u00e9placements en plein air.\u00a0 Avec un poids de seulement 3 lbs elle se transporte facilement dans un sac \u00e0 dos.\" \/>\n<meta property=\"og:url\" content=\"https:\/\/volthium.com\/fr\/produit\/batterie-12v-10ah\/\" \/>\n<meta property=\"og:site_name\" content=\"Volthium\" \/>\n<meta property=\"article:modified_time\" content=\"2025-10-09T18:35:38+00:00\" \/>\n<meta property=\"og:image\" content=\"https:\/\/volthium.com\/wp-content\/uploads\/2025\/10\/Batterie-12-V-14-Ah_Detoure-02_Rectangle.png\" \/>\n\t<meta property=\"og:image:width\" content=\"1959\" \/>\n\t<meta property=\"og:image:height\" content=\"858\" \/>\n\t<meta property=\"og:image:type\" content=\"image\/png\" \/>\n<meta name=\"twitter:card\" content=\"summary_large_image\" \/>\n<meta name=\"twitter:label1\" content=\"Estimation du temps de lecture\" \/>\n\t<meta name=\"twitter:data1\" content=\"2 minutes\" \/>\n<script type=\"application\/ld+json\" class=\"yoast-schema-graph\">{\"@context\":\"https:\\\/\\\/schema.org\",\"@graph\":[{\"@type\":\"WebPage\",\"@id\":\"https:\\\/\\\/volthium.com\\\/fr\\\/produit\\\/batterie-12v-10ah\\\/\",\"url\":\"https:\\\/\\\/volthium.com\\\/fr\\\/produit\\\/batterie-12v-10ah\\\/\",\"name\":\"Batterie 12V 10Ah - Volthium\",\"isPartOf\":{\"@id\":\"https:\\\/\\\/volthium.com\\\/fr\\\/#website\"},\"primaryImageOfPage\":{\"@id\":\"https:\\\/\\\/volthium.com\\\/fr\\\/produit\\\/batterie-12v-10ah\\\/#primaryimage\"},\"image\":{\"@id\":\"https:\\\/\\\/volthium.com\\\/fr\\\/produit\\\/batterie-12v-10ah\\\/#primaryimage\"},\"thumbnailUrl\":\"https:\\\/\\\/volthium.com\\\/wp-content\\\/uploads\\\/2025\\\/10\\\/Batterie-12-V-14-Ah_Detoure-02_Rectangle.png\",\"datePublished\":\"2025-10-09T17:35:44+00:00\",\"dateModified\":\"2025-10-09T18:35:38+00:00\",\"description\":\"La 12V 10h\u00a0est\u00a0le partenaire id\u00e9al pour vos d\u00e9placements en plein air.\u00a0 Avec un poids de seulement 3 lbs elle se transporte facilement dans un sac \u00e0 dos.\",\"breadcrumb\":{\"@id\":\"https:\\\/\\\/volthium.com\\\/fr\\\/produit\\\/batterie-12v-10ah\\\/#breadcrumb\"},\"inLanguage\":\"fr-CA\",\"potentialAction\":[{\"@type\":\"ReadAction\",\"target\":[\"https:\\\/\\\/volthium.com\\\/fr\\\/produit\\\/batterie-12v-10ah\\\/\"]}]},{\"@type\":\"ImageObject\",\"inLanguage\":\"fr-CA\",\"@id\":\"https:\\\/\\\/volthium.com\\\/fr\\\/produit\\\/batterie-12v-10ah\\\/#primaryimage\",\"url\":\"https:\\\/\\\/volthium.com\\\/wp-content\\\/uploads\\\/2025\\\/10\\\/Batterie-12-V-14-Ah_Detoure-02_Rectangle.png\",\"contentUrl\":\"https:\\\/\\\/volthium.com\\\/wp-content\\\/uploads\\\/2025\\\/10\\\/Batterie-12-V-14-Ah_Detoure-02_Rectangle.png\",\"width\":1959,\"height\":858},{\"@type\":\"BreadcrumbList\",\"@id\":\"https:\\\/\\\/volthium.com\\\/fr\\\/produit\\\/batterie-12v-10ah\\\/#breadcrumb\",\"itemListElement\":[{\"@type\":\"ListItem\",\"position\":1,\"name\":\"Accueil\",\"item\":\"https:\\\/\\\/volthium.com\\\/fr\\\/\"},{\"@type\":\"ListItem\",\"position\":2,\"name\":\"Boutique en ligne\",\"item\":\"https:\\\/\\\/volthium.com\\\/fr\\\/boutique\\\/\"},{\"@type\":\"ListItem\",\"position\":3,\"name\":\"Batterie 12V 10Ah\"}]},{\"@type\":\"WebSite\",\"@id\":\"https:\\\/\\\/volthium.com\\\/fr\\\/#website\",\"url\":\"https:\\\/\\\/volthium.com\\\/fr\\\/\",\"name\":\"Volthium\",\"description\":\"Logo Volthium\",\"publisher\":{\"@id\":\"https:\\\/\\\/volthium.com\\\/fr\\\/#organization\"},\"potentialAction\":[{\"@type\":\"SearchAction\",\"target\":{\"@type\":\"EntryPoint\",\"urlTemplate\":\"https:\\\/\\\/volthium.com\\\/fr\\\/?s={search_term_string}\"},\"query-input\":{\"@type\":\"PropertyValueSpecification\",\"valueRequired\":true,\"valueName\":\"search_term_string\"}}],\"inLanguage\":\"fr-CA\"},{\"@type\":\"Organization\",\"@id\":\"https:\\\/\\\/volthium.com\\\/fr\\\/#organization\",\"name\":\"Volthium\",\"url\":\"https:\\\/\\\/volthium.com\\\/fr\\\/\",\"logo\":{\"@type\":\"ImageObject\",\"inLanguage\":\"fr-CA\",\"@id\":\"https:\\\/\\\/volthium.com\\\/fr\\\/#\\\/schema\\\/logo\\\/image\\\/\",\"url\":\"https:\\\/\\\/volthium.com\\\/wp-content\\\/uploads\\\/2024\\\/01\\\/Logo-Volthium_Sans-energie.svg\",\"contentUrl\":\"https:\\\/\\\/volthium.com\\\/wp-content\\\/uploads\\\/2024\\\/01\\\/Logo-Volthium_Sans-energie.svg\",\"width\":793,\"height\":453,\"caption\":\"Volthium\"},\"image\":{\"@id\":\"https:\\\/\\\/volthium.com\\\/fr\\\/#\\\/schema\\\/logo\\\/image\\\/\"}}]}<\/script>\n<!-- \/ Yoast SEO plugin. -->","yoast_head_json":{"title":"Batterie 12V 10Ah - Volthium","description":"La 12V 10h\u00a0est\u00a0le partenaire id\u00e9al pour vos d\u00e9placements en plein air.\u00a0 Avec un poids de seulement 3 lbs elle se transporte facilement dans un sac \u00e0 dos.","robots":{"index":"index","follow":"follow","max-snippet":"max-snippet:-1","max-image-preview":"max-image-preview:large","max-video-preview":"max-video-preview:-1"},"canonical":"https:\/\/volthium.com\/fr\/produit\/batterie-12v-10ah\/","og_locale":"fr_CA","og_type":"article","og_title":"Batterie 12V 10Ah - Volthium","og_description":"La 12V 10h\u00a0est\u00a0le partenaire id\u00e9al pour vos d\u00e9placements en plein air.\u00a0 Avec un poids de seulement 3 lbs elle se transporte facilement dans un sac \u00e0 dos.","og_url":"https:\/\/volthium.com\/fr\/produit\/batterie-12v-10ah\/","og_site_name":"Volthium","article_modified_time":"2025-10-09T18:35:38+00:00","og_image":[{"width":1959,"height":858,"url":"https:\/\/volthium.com\/wp-content\/uploads\/2025\/10\/Batterie-12-V-14-Ah_Detoure-02_Rectangle.png","type":"image\/png"}],"twitter_card":"summary_large_image","twitter_misc":{"Estimation du temps de lecture":"2 minutes"},"schema":{"@context":"https:\/\/schema.org","@graph":[{"@type":"WebPage","@id":"https:\/\/volthium.com\/fr\/produit\/batterie-12v-10ah\/","url":"https:\/\/volthium.com\/fr\/produit\/batterie-12v-10ah\/","name":"Batterie 12V 10Ah - Volthium","isPartOf":{"@id":"https:\/\/volthium.com\/fr\/#website"},"primaryImageOfPage":{"@id":"https:\/\/volthium.com\/fr\/produit\/batterie-12v-10ah\/#primaryimage"},"image":{"@id":"https:\/\/volthium.com\/fr\/produit\/batterie-12v-10ah\/#primaryimage"},"thumbnailUrl":"https:\/\/volthium.com\/wp-content\/uploads\/2025\/10\/Batterie-12-V-14-Ah_Detoure-02_Rectangle.png","datePublished":"2025-10-09T17:35:44+00:00","dateModified":"2025-10-09T18:35:38+00:00","description":"La 12V 10h\u00a0est\u00a0le partenaire id\u00e9al pour vos d\u00e9placements en plein air.\u00a0 Avec un poids de seulement 3 lbs elle se transporte facilement dans un sac \u00e0 dos.","breadcrumb":{"@id":"https:\/\/volthium.com\/fr\/produit\/batterie-12v-10ah\/#breadcrumb"},"inLanguage":"fr-CA","potentialAction":[{"@type":"ReadAction","target":["https:\/\/volthium.com\/fr\/produit\/batterie-12v-10ah\/"]}]},{"@type":"ImageObject","inLanguage":"fr-CA","@id":"https:\/\/volthium.com\/fr\/produit\/batterie-12v-10ah\/#primaryimage","url":"https:\/\/volthium.com\/wp-content\/uploads\/2025\/10\/Batterie-12-V-14-Ah_Detoure-02_Rectangle.png","contentUrl":"https:\/\/volthium.com\/wp-content\/uploads\/2025\/10\/Batterie-12-V-14-Ah_Detoure-02_Rectangle.png","width":1959,"height":858},{"@type":"BreadcrumbList","@id":"https:\/\/volthium.com\/fr\/produit\/batterie-12v-10ah\/#breadcrumb","itemListElement":[{"@type":"ListItem","position":1,"name":"Accueil","item":"https:\/\/volthium.com\/fr\/"},{"@type":"ListItem","position":2,"name":"Boutique en ligne","item":"https:\/\/volthium.com\/fr\/boutique\/"},{"@type":"ListItem","position":3,"name":"Batterie 12V 10Ah"}]},{"@type":"WebSite","@id":"https:\/\/volthium.com\/fr\/#website","url":"https:\/\/volthium.com\/fr\/","name":"Volthium","description":"Logo Volthium","publisher":{"@id":"https:\/\/volthium.com\/fr\/#organization"},"potentialAction":[{"@type":"SearchAction","target":{"@type":"EntryPoint","urlTemplate":"https:\/\/volthium.com\/fr\/?s={search_term_string}"},"query-input":{"@type":"PropertyValueSpecification","valueRequired":true,"valueName":"search_term_string"}}],"inLanguage":"fr-CA"},{"@type":"Organization","@id":"https:\/\/volthium.com\/fr\/#organization","name":"Volthium","url":"https:\/\/volthium.com\/fr\/","logo":{"@type":"ImageObject","inLanguage":"fr-CA","@id":"https:\/\/volthium.com\/fr\/#\/schema\/logo\/image\/","url":"https:\/\/volthium.com\/wp-content\/uploads\/2024\/01\/Logo-Volthium_Sans-energie.svg","contentUrl":"https:\/\/volthium.com\/wp-content\/uploads\/2024\/01\/Logo-Volthium_Sans-energie.svg","width":793,"height":453,"caption":"Volthium"},"image":{"@id":"https:\/\/volthium.com\/fr\/#\/schema\/logo\/image\/"}}]}},"_links":{"self":[{"href":"https:\/\/volthium.com\/fr\/wp-json\/wp\/v2\/product\/8414","targetHints":{"allow":["GET"]}}],"collection":[{"href":"https:\/\/volthium.com\/fr\/wp-json\/wp\/v2\/product"}],"about":[{"href":"https:\/\/volthium.com\/fr\/wp-json\/wp\/v2\/types\/product"}],"replies":[{"embeddable":true,"href":"https:\/\/volthium.com\/fr\/wp-json\/wp\/v2\/comments?post=8414"}],"wp:featuredmedia":[{"embeddable":true,"href":"https:\/\/volthium.com\/fr\/wp-json\/wp\/v2\/media\/8424"}],"wp:attachment":[{"href":"https:\/\/volthium.com\/fr\/wp-json\/wp\/v2\/media?parent=8414"}],"wp:term":[{"taxonomy":"product_brand","embeddable":true,"href":"https:\/\/volthium.com\/fr\/wp-json\/wp\/v2\/product_brand?post=8414"},{"taxonomy":"product_cat","embeddable":true,"href":"https:\/\/volthium.com\/fr\/wp-json\/wp\/v2\/product_cat?post=8414"},{"taxonomy":"product_tag","embeddable":true,"href":"https:\/\/volthium.com\/fr\/wp-json\/wp\/v2\/product_tag?post=8414"}],"curies":[{"name":"wp","href":"https:\/\/api.w.org\/{rel}","templated":true}]}}