{"id":8341,"date":"2025-10-06T11:02:28","date_gmt":"2025-10-06T15:02:28","guid":{"rendered":"https:\/\/volthium.com\/?post_type=product&#038;p=8341"},"modified":"2025-11-25T09:09:48","modified_gmt":"2025-11-25T14:09:48","slug":"rack-pour-8-batteries-rackmount-3u","status":"publish","type":"product","link":"https:\/\/volthium.com\/fr\/produit\/rack-pour-8-batteries-rackmount-3u\/","title":{"rendered":"Rack pour 8 batteries rackmount 3U"},"content":{"rendered":"<h3 data-start=\"119\" data-end=\"195\"><strong data-start=\"123\" data-end=\"195\">Rack pour 8 batteries Rackmount 3U 51.2V 100Ah<\/strong><\/h3>\n<p>&nbsp;<\/p>\n<p data-start=\"196\" data-end=\"536\">Con\u00e7u sp\u00e9cifiquement pour nos batteries rackmount 3U 51.2V 100Ah, ce rack offre une structure solide et s\u00e9curis\u00e9e capable d\u2019accueillir jusqu\u2019\u00e0 <strong data-start=\"333\" data-end=\"348\">8 batteries<\/strong> de format 3U.<\/p>\n<p data-start=\"196\" data-end=\"536\">Fabriqu\u00e9 en acier robuste avec un fini noir mat, il assure une excellente stabilit\u00e9 tout en facilitant la gestion des c\u00e2bles et la ventilation naturelle des modules.<\/p>\n<p data-start=\"538\" data-end=\"878\">Id\u00e9al pour les installations <strong data-start=\"567\" data-end=\"616\">r\u00e9sidentielles, commerciales ou industrielles<\/strong>, le rack permet un <strong data-start=\"636\" data-end=\"670\">acc\u00e8s facile \u00e0 chaque batterie<\/strong>, simplifiant ainsi les op\u00e9rations d\u2019entretien et de remplacement. Son design modulaire s\u2019adapte parfaitement aux armoires \u00e9lectriques, salles techniques et syst\u00e8mes de stockage d\u2019\u00e9nergie \u00e0 grande capacit\u00e9.<\/p>\n<ul data-start=\"880\" data-end=\"1224\">\n<li data-start=\"880\" data-end=\"927\">\n<p data-start=\"882\" data-end=\"927\">Capacit\u00e9 : 8 batteries rackmount 3U<\/p>\n<\/li>\n<li data-start=\"880\" data-end=\"927\">Dimensions : 546 X 1669 X 490 mm\u00a0 | 21.5 X 65.7 X 19.3 po<\/li>\n<li data-start=\"880\" data-end=\"927\">Poids (sans batterie) : 75kg | 165 lbs<\/li>\n<li data-start=\"880\" data-end=\"927\">Capacit\u00e9 de charge maximum : 500kg | 1103 lbs<\/li>\n<li data-start=\"880\" data-end=\"927\">\n<p data-start=\"882\" data-end=\"927\">Structure : Acier Galvanis\u00e9 \u00e0 Chaud de Qualit\u00e9 Commerciale (SGCC)<\/p>\n<\/li>\n<li data-start=\"880\" data-end=\"927\">\n<p data-start=\"882\" data-end=\"927\">Installation : Solide et simple, compatible avec ancrage au mur<\/p>\n<\/li>\n<li data-start=\"880\" data-end=\"927\">\n<p data-start=\"882\" data-end=\"927\">Gestion des c\u00e2bles : Passages int\u00e9gr\u00e9s pour un montage propre et s\u00e9curitaire<\/p>\n<\/li>\n<li data-start=\"880\" data-end=\"927\">\n<p data-start=\"882\" data-end=\"927\">Receptacle d\u00e9di\u00e9 pour Lynx Power in ou Lynx distributor de Victron<\/p>\n<\/li>\n<li data-start=\"1152\" data-end=\"1224\">\n<p data-start=\"1154\" data-end=\"1224\">Ventilation : Ouvertures pr\u00e9vues pour une circulation d\u2019air optimale<\/p>\n<\/li>\n<\/ul>\n<p data-start=\"1226\" data-end=\"1320\"><strong data-start=\"1226\" data-end=\"1320\">Le rack Volthium, la base parfaite pour vos syst\u00e8mes de stockage d\u2019\u00e9nergie professionnels.<\/strong><\/p>\n<p data-start=\"1226\" data-end=\"1320\">Veuillez noter que l&rsquo;image est \u00e0 titre indicatif uniquement. Les batteries et le Lynx Distributor de Victron ne sont pas inclus dans le prix de vente du rack pour 8 batteries rackmounts 3U.<\/p>\n<h4 data-start=\"1226\" data-end=\"1320\">Documentation<\/h4>\n<p data-start=\"1226\" data-end=\"1320\">Fiche technique : <a href=\"https:\/\/volthium.com\/wp-content\/uploads\/2025\/11\/Fiche-technique-2025_8-b-et-16-b-racking.pdf\">Document PDF<\/a><\/p>\n","protected":false},"excerpt":{"rendered":"<p data-start=\"196\" data-end=\"536\">Con\u00e7u sp\u00e9cifiquement pour nos batteries rackmount 3U 51.2V 100Ah, ce rack offre une structure solide et s\u00e9curis\u00e9e capable d\u2019accueillir jusqu\u2019\u00e0 <strong data-start=\"333\" data-end=\"348\">8 batteries<\/strong> de format 3U.<\/p>\n","protected":false},"featured_media":8374,"comment_status":"closed","ping_status":"closed","template":"","meta":{"_acf_changed":false,"inline_featured_image":false,"site-sidebar-layout":"default","site-content-layout":"","ast-site-content-layout":"default","site-content-style":"default","site-sidebar-style":"default","ast-global-header-display":"","ast-banner-title-visibility":"","ast-main-header-display":"","ast-hfb-above-header-display":"","ast-hfb-below-header-display":"","ast-hfb-mobile-header-display":"","site-post-title":"","ast-breadcrumbs-content":"","ast-featured-img":"","footer-sml-layout":"","ast-disable-related-posts":"","theme-transparent-header-meta":"default","adv-header-id-meta":"","stick-header-meta":"","header-above-stick-meta":"","header-main-stick-meta":"","header-below-stick-meta":"","astra-migrate-meta-layouts":"set","ast-page-background-enabled":"default","ast-page-background-meta":{"desktop":{"background-color":"var(--ast-global-color-4)","background-image":"","background-repeat":"repeat","background-position":"center center","background-size":"auto","background-attachment":"scroll","background-type":"","background-media":"","overlay-type":"","overlay-color":"","overlay-opacity":"","overlay-gradient":""},"tablet":{"background-color":"","background-image":"","background-repeat":"repeat","background-position":"center center","background-size":"auto","background-attachment":"scroll","background-type":"","background-media":"","overlay-type":"","overlay-color":"","overlay-opacity":"","overlay-gradient":""},"mobile":{"background-color":"","background-image":"","background-repeat":"repeat","background-position":"center center","background-size":"auto","background-attachment":"scroll","background-type":"","background-media":"","overlay-type":"","overlay-color":"","overlay-opacity":"","overlay-gradient":""}},"ast-content-background-meta":{"desktop":{"background-color":"var(--ast-global-color-5)","background-image":"","background-repeat":"repeat","background-position":"center center","background-size":"auto","background-attachment":"scroll","background-type":"","background-media":"","overlay-type":"","overlay-color":"","overlay-opacity":"","overlay-gradient":""},"tablet":{"background-color":"var(--ast-global-color-5)","background-image":"","background-repeat":"repeat","background-position":"center center","background-size":"auto","background-attachment":"scroll","background-type":"","background-media":"","overlay-type":"","overlay-color":"","overlay-opacity":"","overlay-gradient":""},"mobile":{"background-color":"var(--ast-global-color-5)","background-image":"","background-repeat":"repeat","background-position":"center center","background-size":"auto","background-attachment":"scroll","background-type":"","background-media":"","overlay-type":"","overlay-color":"","overlay-opacity":"","overlay-gradient":""}}},"product_brand":[],"product_cat":[30],"product_tag":[],"class_list":{"0":"post-8341","1":"product","2":"type-product","3":"status-publish","4":"has-post-thumbnail","6":"product_cat-accessoires","7":"desktop-align-left","8":"tablet-align-left","9":"mobile-align-left","11":"first","12":"instock","13":"taxable","14":"shipping-taxable","15":"purchasable","16":"product-type-simple"},"acf":[],"yoast_head":"<!-- This site is optimized with the Yoast SEO plugin v27.3 - https:\/\/yoast.com\/product\/yoast-seo-wordpress\/ -->\n<title>Rack pour 8 batteries rackmount 3U - Volthium<\/title>\n<meta name=\"description\" content=\"Con\u00e7u pour nos batteries rackmount 3U 51.2V 100Ah, ce rack offre une structure solide et s\u00e9curis\u00e9e capable d\u2019accueillir jusqu\u2019\u00e0 8 batteries.\" \/>\n<meta name=\"robots\" content=\"index, follow, max-snippet:-1, max-image-preview:large, max-video-preview:-1\" \/>\n<link rel=\"canonical\" href=\"https:\/\/volthium.com\/fr\/produit\/rack-pour-8-batteries-rackmount-3u\/\" \/>\n<meta property=\"og:locale\" content=\"fr_CA\" \/>\n<meta property=\"og:type\" content=\"article\" \/>\n<meta property=\"og:title\" content=\"Rack pour 8 batteries rackmount 3U - Volthium\" \/>\n<meta property=\"og:description\" content=\"Con\u00e7u pour nos batteries rackmount 3U 51.2V 100Ah, ce rack offre une structure solide et s\u00e9curis\u00e9e capable d\u2019accueillir jusqu\u2019\u00e0 8 batteries.\" \/>\n<meta property=\"og:url\" content=\"https:\/\/volthium.com\/fr\/produit\/rack-pour-8-batteries-rackmount-3u\/\" \/>\n<meta property=\"og:site_name\" content=\"Volthium\" \/>\n<meta property=\"article:modified_time\" content=\"2025-11-25T14:09:48+00:00\" \/>\n<meta property=\"og:image\" content=\"https:\/\/volthium.com\/wp-content\/uploads\/2025\/10\/Batterie-Racking-8-B_Detoure-01_Rectangle.png\" \/>\n\t<meta property=\"og:image:width\" content=\"1959\" \/>\n\t<meta property=\"og:image:height\" content=\"858\" \/>\n\t<meta property=\"og:image:type\" content=\"image\/png\" \/>\n<meta name=\"twitter:card\" content=\"summary_large_image\" \/>\n<meta name=\"twitter:label1\" content=\"Estimation du temps de lecture\" \/>\n\t<meta name=\"twitter:data1\" content=\"2 minutes\" \/>\n<script type=\"application\/ld+json\" class=\"yoast-schema-graph\">{\"@context\":\"https:\\\/\\\/schema.org\",\"@graph\":[{\"@type\":\"WebPage\",\"@id\":\"https:\\\/\\\/volthium.com\\\/fr\\\/produit\\\/rack-pour-8-batteries-rackmount-3u\\\/\",\"url\":\"https:\\\/\\\/volthium.com\\\/fr\\\/produit\\\/rack-pour-8-batteries-rackmount-3u\\\/\",\"name\":\"Rack pour 8 batteries rackmount 3U - Volthium\",\"isPartOf\":{\"@id\":\"https:\\\/\\\/volthium.com\\\/fr\\\/#website\"},\"primaryImageOfPage\":{\"@id\":\"https:\\\/\\\/volthium.com\\\/fr\\\/produit\\\/rack-pour-8-batteries-rackmount-3u\\\/#primaryimage\"},\"image\":{\"@id\":\"https:\\\/\\\/volthium.com\\\/fr\\\/produit\\\/rack-pour-8-batteries-rackmount-3u\\\/#primaryimage\"},\"thumbnailUrl\":\"https:\\\/\\\/volthium.com\\\/wp-content\\\/uploads\\\/2025\\\/10\\\/Batterie-Racking-8-B_Detoure-01_Rectangle.png\",\"datePublished\":\"2025-10-06T15:02:28+00:00\",\"dateModified\":\"2025-11-25T14:09:48+00:00\",\"description\":\"Con\u00e7u pour nos batteries rackmount 3U 51.2V 100Ah, ce rack offre une structure solide et s\u00e9curis\u00e9e capable d\u2019accueillir jusqu\u2019\u00e0 8 batteries.\",\"breadcrumb\":{\"@id\":\"https:\\\/\\\/volthium.com\\\/fr\\\/produit\\\/rack-pour-8-batteries-rackmount-3u\\\/#breadcrumb\"},\"inLanguage\":\"fr-CA\",\"potentialAction\":[{\"@type\":\"ReadAction\",\"target\":[\"https:\\\/\\\/volthium.com\\\/fr\\\/produit\\\/rack-pour-8-batteries-rackmount-3u\\\/\"]}]},{\"@type\":\"ImageObject\",\"inLanguage\":\"fr-CA\",\"@id\":\"https:\\\/\\\/volthium.com\\\/fr\\\/produit\\\/rack-pour-8-batteries-rackmount-3u\\\/#primaryimage\",\"url\":\"https:\\\/\\\/volthium.com\\\/wp-content\\\/uploads\\\/2025\\\/10\\\/Batterie-Racking-8-B_Detoure-01_Rectangle.png\",\"contentUrl\":\"https:\\\/\\\/volthium.com\\\/wp-content\\\/uploads\\\/2025\\\/10\\\/Batterie-Racking-8-B_Detoure-01_Rectangle.png\",\"width\":1959,\"height\":858},{\"@type\":\"BreadcrumbList\",\"@id\":\"https:\\\/\\\/volthium.com\\\/fr\\\/produit\\\/rack-pour-8-batteries-rackmount-3u\\\/#breadcrumb\",\"itemListElement\":[{\"@type\":\"ListItem\",\"position\":1,\"name\":\"Accueil\",\"item\":\"https:\\\/\\\/volthium.com\\\/fr\\\/\"},{\"@type\":\"ListItem\",\"position\":2,\"name\":\"Boutique en ligne\",\"item\":\"https:\\\/\\\/volthium.com\\\/fr\\\/boutique\\\/\"},{\"@type\":\"ListItem\",\"position\":3,\"name\":\"Rack pour 8 batteries rackmount 3U\"}]},{\"@type\":\"WebSite\",\"@id\":\"https:\\\/\\\/volthium.com\\\/fr\\\/#website\",\"url\":\"https:\\\/\\\/volthium.com\\\/fr\\\/\",\"name\":\"Volthium\",\"description\":\"Logo Volthium\",\"publisher\":{\"@id\":\"https:\\\/\\\/volthium.com\\\/fr\\\/#organization\"},\"potentialAction\":[{\"@type\":\"SearchAction\",\"target\":{\"@type\":\"EntryPoint\",\"urlTemplate\":\"https:\\\/\\\/volthium.com\\\/fr\\\/?s={search_term_string}\"},\"query-input\":{\"@type\":\"PropertyValueSpecification\",\"valueRequired\":true,\"valueName\":\"search_term_string\"}}],\"inLanguage\":\"fr-CA\"},{\"@type\":\"Organization\",\"@id\":\"https:\\\/\\\/volthium.com\\\/fr\\\/#organization\",\"name\":\"Volthium\",\"url\":\"https:\\\/\\\/volthium.com\\\/fr\\\/\",\"logo\":{\"@type\":\"ImageObject\",\"inLanguage\":\"fr-CA\",\"@id\":\"https:\\\/\\\/volthium.com\\\/fr\\\/#\\\/schema\\\/logo\\\/image\\\/\",\"url\":\"https:\\\/\\\/volthium.com\\\/wp-content\\\/uploads\\\/2024\\\/01\\\/Logo-Volthium_Sans-energie.svg\",\"contentUrl\":\"https:\\\/\\\/volthium.com\\\/wp-content\\\/uploads\\\/2024\\\/01\\\/Logo-Volthium_Sans-energie.svg\",\"width\":793,\"height\":453,\"caption\":\"Volthium\"},\"image\":{\"@id\":\"https:\\\/\\\/volthium.com\\\/fr\\\/#\\\/schema\\\/logo\\\/image\\\/\"}}]}<\/script>\n<!-- \/ Yoast SEO plugin. -->","yoast_head_json":{"title":"Rack pour 8 batteries rackmount 3U - Volthium","description":"Con\u00e7u pour nos batteries rackmount 3U 51.2V 100Ah, ce rack offre une structure solide et s\u00e9curis\u00e9e capable d\u2019accueillir jusqu\u2019\u00e0 8 batteries.","robots":{"index":"index","follow":"follow","max-snippet":"max-snippet:-1","max-image-preview":"max-image-preview:large","max-video-preview":"max-video-preview:-1"},"canonical":"https:\/\/volthium.com\/fr\/produit\/rack-pour-8-batteries-rackmount-3u\/","og_locale":"fr_CA","og_type":"article","og_title":"Rack pour 8 batteries rackmount 3U - Volthium","og_description":"Con\u00e7u pour nos batteries rackmount 3U 51.2V 100Ah, ce rack offre une structure solide et s\u00e9curis\u00e9e capable d\u2019accueillir jusqu\u2019\u00e0 8 batteries.","og_url":"https:\/\/volthium.com\/fr\/produit\/rack-pour-8-batteries-rackmount-3u\/","og_site_name":"Volthium","article_modified_time":"2025-11-25T14:09:48+00:00","og_image":[{"width":1959,"height":858,"url":"https:\/\/volthium.com\/wp-content\/uploads\/2025\/10\/Batterie-Racking-8-B_Detoure-01_Rectangle.png","type":"image\/png"}],"twitter_card":"summary_large_image","twitter_misc":{"Estimation du temps de lecture":"2 minutes"},"schema":{"@context":"https:\/\/schema.org","@graph":[{"@type":"WebPage","@id":"https:\/\/volthium.com\/fr\/produit\/rack-pour-8-batteries-rackmount-3u\/","url":"https:\/\/volthium.com\/fr\/produit\/rack-pour-8-batteries-rackmount-3u\/","name":"Rack pour 8 batteries rackmount 3U - Volthium","isPartOf":{"@id":"https:\/\/volthium.com\/fr\/#website"},"primaryImageOfPage":{"@id":"https:\/\/volthium.com\/fr\/produit\/rack-pour-8-batteries-rackmount-3u\/#primaryimage"},"image":{"@id":"https:\/\/volthium.com\/fr\/produit\/rack-pour-8-batteries-rackmount-3u\/#primaryimage"},"thumbnailUrl":"https:\/\/volthium.com\/wp-content\/uploads\/2025\/10\/Batterie-Racking-8-B_Detoure-01_Rectangle.png","datePublished":"2025-10-06T15:02:28+00:00","dateModified":"2025-11-25T14:09:48+00:00","description":"Con\u00e7u pour nos batteries rackmount 3U 51.2V 100Ah, ce rack offre une structure solide et s\u00e9curis\u00e9e capable d\u2019accueillir jusqu\u2019\u00e0 8 batteries.","breadcrumb":{"@id":"https:\/\/volthium.com\/fr\/produit\/rack-pour-8-batteries-rackmount-3u\/#breadcrumb"},"inLanguage":"fr-CA","potentialAction":[{"@type":"ReadAction","target":["https:\/\/volthium.com\/fr\/produit\/rack-pour-8-batteries-rackmount-3u\/"]}]},{"@type":"ImageObject","inLanguage":"fr-CA","@id":"https:\/\/volthium.com\/fr\/produit\/rack-pour-8-batteries-rackmount-3u\/#primaryimage","url":"https:\/\/volthium.com\/wp-content\/uploads\/2025\/10\/Batterie-Racking-8-B_Detoure-01_Rectangle.png","contentUrl":"https:\/\/volthium.com\/wp-content\/uploads\/2025\/10\/Batterie-Racking-8-B_Detoure-01_Rectangle.png","width":1959,"height":858},{"@type":"BreadcrumbList","@id":"https:\/\/volthium.com\/fr\/produit\/rack-pour-8-batteries-rackmount-3u\/#breadcrumb","itemListElement":[{"@type":"ListItem","position":1,"name":"Accueil","item":"https:\/\/volthium.com\/fr\/"},{"@type":"ListItem","position":2,"name":"Boutique en ligne","item":"https:\/\/volthium.com\/fr\/boutique\/"},{"@type":"ListItem","position":3,"name":"Rack pour 8 batteries rackmount 3U"}]},{"@type":"WebSite","@id":"https:\/\/volthium.com\/fr\/#website","url":"https:\/\/volthium.com\/fr\/","name":"Volthium","description":"Logo Volthium","publisher":{"@id":"https:\/\/volthium.com\/fr\/#organization"},"potentialAction":[{"@type":"SearchAction","target":{"@type":"EntryPoint","urlTemplate":"https:\/\/volthium.com\/fr\/?s={search_term_string}"},"query-input":{"@type":"PropertyValueSpecification","valueRequired":true,"valueName":"search_term_string"}}],"inLanguage":"fr-CA"},{"@type":"Organization","@id":"https:\/\/volthium.com\/fr\/#organization","name":"Volthium","url":"https:\/\/volthium.com\/fr\/","logo":{"@type":"ImageObject","inLanguage":"fr-CA","@id":"https:\/\/volthium.com\/fr\/#\/schema\/logo\/image\/","url":"https:\/\/volthium.com\/wp-content\/uploads\/2024\/01\/Logo-Volthium_Sans-energie.svg","contentUrl":"https:\/\/volthium.com\/wp-content\/uploads\/2024\/01\/Logo-Volthium_Sans-energie.svg","width":793,"height":453,"caption":"Volthium"},"image":{"@id":"https:\/\/volthium.com\/fr\/#\/schema\/logo\/image\/"}}]}},"_links":{"self":[{"href":"https:\/\/volthium.com\/fr\/wp-json\/wp\/v2\/product\/8341","targetHints":{"allow":["GET"]}}],"collection":[{"href":"https:\/\/volthium.com\/fr\/wp-json\/wp\/v2\/product"}],"about":[{"href":"https:\/\/volthium.com\/fr\/wp-json\/wp\/v2\/types\/product"}],"replies":[{"embeddable":true,"href":"https:\/\/volthium.com\/fr\/wp-json\/wp\/v2\/comments?post=8341"}],"wp:featuredmedia":[{"embeddable":true,"href":"https:\/\/volthium.com\/fr\/wp-json\/wp\/v2\/media\/8374"}],"wp:attachment":[{"href":"https:\/\/volthium.com\/fr\/wp-json\/wp\/v2\/media?parent=8341"}],"wp:term":[{"taxonomy":"product_brand","embeddable":true,"href":"https:\/\/volthium.com\/fr\/wp-json\/wp\/v2\/product_brand?post=8341"},{"taxonomy":"product_cat","embeddable":true,"href":"https:\/\/volthium.com\/fr\/wp-json\/wp\/v2\/product_cat?post=8341"},{"taxonomy":"product_tag","embeddable":true,"href":"https:\/\/volthium.com\/fr\/wp-json\/wp\/v2\/product_tag?post=8341"}],"curies":[{"name":"wp","href":"https:\/\/api.w.org\/{rel}","templated":true}]}}