{"id":8302,"date":"2025-09-17T13:03:57","date_gmt":"2025-09-17T17:03:57","guid":{"rendered":"https:\/\/volthium.com\/?post_type=product&#038;p=8302"},"modified":"2025-10-10T10:36:35","modified_gmt":"2025-10-10T14:36:35","slug":"limiteur-de-courant-safecharge","status":"publish","type":"product","link":"https:\/\/volthium.com\/fr\/produit\/limiteur-de-courant-safecharge\/","title":{"rendered":"Limiteur de courant SafeCharge\u2122"},"content":{"rendered":"<p>La\u00a0<strong>technologie SafeCharge est exclusive et brevet\u00e9e<\/strong>\u00a0par Volthium, elle\u00a0<strong>r\u00e9volutionne<\/strong> les industries du v\u00e9hicule r\u00e9cr\u00e9atif, du nautisme, des v\u00e9hicules de services et v\u00e9hicules lourds.<br \/>\nGr\u00e2ce \u00e0 la gestion intelligente de la charge provenant de l\u2019alternateur, elle <strong>\u00e9limine le besoin d\u2019un module DC-DC ou d\u2019un isolateur BIM dans votre installation<\/strong>!<\/p>\n<p><strong>La technologie SafeCharge\u2122 en quelques mots:\u00a0<\/strong><\/p>\n<ul>\n<li>La combinaison des avantages du DC-DC avec les avantages d\u2019un contacteur lithium avec algorithme : intermittence de charge intense et de repos (15min\/20min)<\/li>\n<li>Conserve la fonction Boost\/Combine d\u2019origine disponible dans les van am\u00e9nag\u00e9s<\/li>\n<li>Permet d\u2019avoir un seul circuit de batterie pour d\u00e9charge profonde et d\u00e9marrage<\/li>\n<li>Essentiel pour l\u2019industrie du camionnage Classe 8 et de la P\u00eache commercial<\/li>\n<\/ul>\n<p>&nbsp;<\/p>\n<h4>Batteries compatible avec le limiteur de courant SafeCharge\u2122<\/h4>\n<p>&nbsp;<\/p>\n<p data-start=\"67\" data-end=\"340\">Il n&rsquo;y a seulement que <strong>deux batteries \u00e9quip\u00e9es d\u2019un BMS compatible avec la technologie SafeCharge\u2122 sur le march\u00e9!<\/strong><\/p>\n<p>Ce sont la <a href=\"https:\/\/volthium.com\/produit\/batterie-12v-100ah-pro-2\/\">12V 100 Pro 2 de Volthium<\/a> et la 12V 120Ah de NAPA.<br \/>\nEn effet, le g\u00e9ant de l\u2019automobile am\u00e9ricain a choisi de faire confiance \u00e0 Volthium pour le d\u00e9veloppement de sa toute nouvelle gamme de batteries au lithium qui a \u00e9t\u00e9 commercialis\u00e9e \u00e0 compter de juin 2025.<\/p>\n<p data-start=\"342\" data-end=\"761\">Ces deux mod\u00e8les ont \u00e9t\u00e9 con\u00e7us par Volthium afin de r\u00e9pondre aux besoins sp\u00e9cifiques des v\u00e9hicules r\u00e9cr\u00e9atifs et des bateaux \u00e0 moteur.\u00a0<strong>Les d\u00e9fis li\u00e9s \u00e0 l\u2019installation de batteries au lithium \u2014 qu\u2019il s\u2019agisse des co\u00fbts, du temps ou de la complexit\u00e9<\/strong>\u00a0\u2014 repr\u00e9sentaient un frein pour nos partenaires installateurs et clients.\u00a0<strong>Notre technologie exclusive SafeCharge\u2122 permet de supprimer ces barri\u00e8res de mani\u00e8re r\u00e9volutionnaire<\/strong>.<\/p>\n<p>&nbsp;<\/p>\n<h4 class=\"elementor-heading-title elementor-size-default\">Technologie SafeCharge\u2122 r\u00e9volutionne l&rsquo;industrie<\/h4>\n<p>&nbsp;<\/p>\n<p>La technologie\u00a0<strong>SafeCharge\u2122<\/strong>\u00a0permet une int\u00e9gration facile, rapide et \u00e9conomique des batteries lithium.<br \/>\nLe changement majeur\u00a0: d\u00e9sormais,\u00a0<strong>il n\u2019est plus n\u00e9c\u00e9ssaire d\u2019ajouter un DC-DC<\/strong>, une man\u0153uvre co\u00fbteuse, tant en mat\u00e9riel qu\u2019en temps d\u2019installation.<\/p>\n<p>Un autre avantage, particuli\u00e8rement appr\u00e9ci\u00e9 des propri\u00e9taires de bateaux, est que l\u2019utilisation du r\u00e9gulateur de courant\u00a0<strong>SafeCharge\u2122<\/strong>\u00a0permet de d\u00e9marrer le moteur avec une batterie double usage telles que la Volthium <a href=\"https:\/\/volthium.com\/produit\/batterie-12v-100ah-pro-2\/\">12V 100Ah Pro 2<\/a> ou la NAPA 12V 120Ah . Ce qui ne serait pas possible avec un DC-DC car ce dernier emp\u00eache le courant de circuler de la batterie \u00e0 double usage vers le moteur, une fonction pourtant primordiale afin de fournir l\u2019\u00e9nergie n\u00e9cessaire au d\u00e9marrage.<\/p>\n<p>Le r\u00e9gulateur\u00a0<strong>SafeCharge<\/strong><b>\u2122\u00a0<\/b>permet \u00e0 lui seul d\u2019\u00e9viter quantit\u00e9 de probl\u00e8mes potentiels\u00a0: surchauffe de l\u2019alternateur, d\u00e9faillances de c\u00e2blage et d\u00e9clenchements intempestifs de disjoncteurs. Il s\u2019adapte parfaitement aux caract\u00e9ristiques \u00e9lectriques de l\u2019embarcation ou du v\u00e9hicule dans lequel on l\u2019int\u00e8gre.<\/p>\n<h4>La simplicit\u00e9 \u00e0 toute \u00e9preuve, sign\u00e9e Volthium !<\/h4>\n<p>&nbsp;<\/p>\n<p>Tr\u00e8s attendue par les propri\u00e9taires de v\u00e9hicules motoris\u00e9s, la technologie SafeCharge\u2122 rend enfin possible une int\u00e9gration simplifi\u00e9e et s\u00e9curitaire des batteries lithium dans les syst\u00e8mes \u00e9lectriques existants.<\/p>\n<p>Ses avantages sont ind\u00e9niables\u00a0:<\/p>\n<ul>\n<li>\u00c9limine le besoin d\u2019un r\u00e9gulateur DC-DC traditionnel<\/li>\n<li>R\u00e9duit les co\u00fbts d\u2019installation<\/li>\n<li>R\u00e9duit le temps de main-d\u2019\u0153uvre<\/li>\n<li>R\u00e9duit les risques de configuration inad\u00e9quate.<\/li>\n<\/ul>\n<p>Elle fait tout cela tout en prot\u00e9geant efficacement contre les surcharges de courant !<\/p>\n<p>Pour l\u2019utilisateur dont le temps est compt\u00e9, la facilit\u00e9 d\u2019installation des batteries int\u00e9grant la technologie SafeCharge\u2122 repr\u00e9sente un autre avantage int\u00e9ressant, l\u2019acc\u00e8s \u00e0 un technicien certifi\u00e9 n\u2019\u00e9tant pas toujours garanti au moment souhait\u00e9, surtout en p\u00e9riodes de pointe. On l\u2019observe chaque ann\u00e9e : motiv\u00e9s par une m\u00e9t\u00e9o plus cl\u00e9mente, caravaniers et plaisanciers souhaitent tous faire installer leur \u00e9quipement au m\u00eame moment, notamment au printemps.<\/p>\n<p>V\u00e9ritable innovation, le r\u00e9gulateur\u00a0<b>SafeCharge\u2122<\/b>\u00a0repr\u00e9sente une solution pr\u00eate \u00e0 l\u2019emploi, d\u00e9velopp\u00e9e pour r\u00e9pondre aux besoins de tous ceux qui d\u00e9sirent optimiser leur syst\u00e8me \u00e9lectrique sans faire de compromis sur la s\u00e9curit\u00e9, ni sur la performance.<\/p>\n<p>En mettant cette nouveaut\u00e9 sur le march\u00e9, Volthium, fid\u00e8le \u00e0 sa mission, rend la transition vers le lithium plus accessible, plus fiable et mieux adapt\u00e9e aux r\u00e9alit\u00e9s d\u2019aujourd\u2019hui.<\/p>\n","protected":false},"excerpt":{"rendered":"<p>La\u00a0<strong>technologie SafeCharge est exclusive et brevet\u00e9e<\/strong>\u00a0par Volthium, elle\u00a0<strong>r\u00e9volutionne<\/strong> les industries du v\u00e9hicule r\u00e9cr\u00e9atif, du nautisme, des v\u00e9hicules de services et v\u00e9hicules lourds.<br \/>\nGr\u00e2ce \u00e0 la gestion intelligente de la charge provenant de l\u2019alternateur, elle <strong>\u00e9limine le besoin d\u2019un module DC-DC ou d\u2019un isolateur BIM dans votre installation<\/strong>!<\/p>\n","protected":false},"featured_media":8313,"comment_status":"closed","ping_status":"closed","template":"","meta":{"_acf_changed":false,"inline_featured_image":false,"site-sidebar-layout":"default","site-content-layout":"","ast-site-content-layout":"default","site-content-style":"default","site-sidebar-style":"default","ast-global-header-display":"","ast-banner-title-visibility":"","ast-main-header-display":"","ast-hfb-above-header-display":"","ast-hfb-below-header-display":"","ast-hfb-mobile-header-display":"","site-post-title":"","ast-breadcrumbs-content":"","ast-featured-img":"","footer-sml-layout":"","ast-disable-related-posts":"","theme-transparent-header-meta":"default","adv-header-id-meta":"","stick-header-meta":"","header-above-stick-meta":"","header-main-stick-meta":"","header-below-stick-meta":"","astra-migrate-meta-layouts":"set","ast-page-background-enabled":"default","ast-page-background-meta":{"desktop":{"background-color":"var(--ast-global-color-4)","background-image":"","background-repeat":"repeat","background-position":"center center","background-size":"auto","background-attachment":"scroll","background-type":"","background-media":"","overlay-type":"","overlay-color":"","overlay-opacity":"","overlay-gradient":""},"tablet":{"background-color":"","background-image":"","background-repeat":"repeat","background-position":"center center","background-size":"auto","background-attachment":"scroll","background-type":"","background-media":"","overlay-type":"","overlay-color":"","overlay-opacity":"","overlay-gradient":""},"mobile":{"background-color":"","background-image":"","background-repeat":"repeat","background-position":"center center","background-size":"auto","background-attachment":"scroll","background-type":"","background-media":"","overlay-type":"","overlay-color":"","overlay-opacity":"","overlay-gradient":""}},"ast-content-background-meta":{"desktop":{"background-color":"var(--ast-global-color-5)","background-image":"","background-repeat":"repeat","background-position":"center center","background-size":"auto","background-attachment":"scroll","background-type":"","background-media":"","overlay-type":"","overlay-color":"","overlay-opacity":"","overlay-gradient":""},"tablet":{"background-color":"var(--ast-global-color-5)","background-image":"","background-repeat":"repeat","background-position":"center center","background-size":"auto","background-attachment":"scroll","background-type":"","background-media":"","overlay-type":"","overlay-color":"","overlay-opacity":"","overlay-gradient":""},"mobile":{"background-color":"var(--ast-global-color-5)","background-image":"","background-repeat":"repeat","background-position":"center center","background-size":"auto","background-attachment":"scroll","background-type":"","background-media":"","overlay-type":"","overlay-color":"","overlay-opacity":"","overlay-gradient":""}}},"product_brand":[],"product_cat":[30,24],"product_tag":[],"class_list":{"0":"post-8302","1":"product","2":"type-product","3":"status-publish","4":"has-post-thumbnail","6":"product_cat-accessoires","7":"product_cat-chargeur","8":"desktop-align-left","9":"tablet-align-left","10":"mobile-align-left","12":"first","13":"instock","14":"taxable","15":"shipping-taxable","16":"purchasable","17":"product-type-simple"},"acf":[],"yoast_head":"<!-- This site is optimized with the Yoast SEO plugin v27.3 - https:\/\/yoast.com\/product\/yoast-seo-wordpress\/ -->\n<title>Limiteur de courant SafeCharge\u2122 - Volthium<\/title>\n<meta name=\"description\" content=\"La technologie SafeCharge\u2122 est exclusive et brevet\u00e9e par Volthium. Elle permet l&#039;int\u00e9gration facile, rapide et rentable des batteries lithium.\" \/>\n<meta name=\"robots\" content=\"index, follow, max-snippet:-1, max-image-preview:large, max-video-preview:-1\" \/>\n<link rel=\"canonical\" href=\"https:\/\/volthium.com\/fr\/produit\/limiteur-de-courant-safecharge\/\" \/>\n<meta property=\"og:locale\" content=\"fr_CA\" \/>\n<meta property=\"og:type\" content=\"article\" \/>\n<meta property=\"og:title\" content=\"Limiteur de courant SafeCharge\u2122 - Volthium\" \/>\n<meta property=\"og:description\" content=\"La technologie SafeCharge\u2122 est exclusive et brevet\u00e9e par Volthium. Elle permet l&#039;int\u00e9gration facile, rapide et rentable des batteries lithium.\" \/>\n<meta property=\"og:url\" content=\"https:\/\/volthium.com\/fr\/produit\/limiteur-de-courant-safecharge\/\" \/>\n<meta property=\"og:site_name\" content=\"Volthium\" \/>\n<meta property=\"article:modified_time\" content=\"2025-10-10T14:36:35+00:00\" \/>\n<meta property=\"og:image\" content=\"https:\/\/volthium.com\/wp-content\/uploads\/2025\/09\/Current-Limiter_Detoure-04_Rectangle.png\" \/>\n\t<meta property=\"og:image:width\" content=\"1959\" \/>\n\t<meta property=\"og:image:height\" content=\"858\" \/>\n\t<meta property=\"og:image:type\" content=\"image\/png\" \/>\n<meta name=\"twitter:card\" content=\"summary_large_image\" \/>\n<meta name=\"twitter:label1\" content=\"Estimation du temps de lecture\" \/>\n\t<meta name=\"twitter:data1\" content=\"4 minutes\" \/>\n<script type=\"application\/ld+json\" class=\"yoast-schema-graph\">{\"@context\":\"https:\\\/\\\/schema.org\",\"@graph\":[{\"@type\":\"WebPage\",\"@id\":\"https:\\\/\\\/volthium.com\\\/fr\\\/produit\\\/limiteur-de-courant-safecharge\\\/\",\"url\":\"https:\\\/\\\/volthium.com\\\/fr\\\/produit\\\/limiteur-de-courant-safecharge\\\/\",\"name\":\"Limiteur de courant SafeCharge\u2122 - Volthium\",\"isPartOf\":{\"@id\":\"https:\\\/\\\/volthium.com\\\/fr\\\/#website\"},\"primaryImageOfPage\":{\"@id\":\"https:\\\/\\\/volthium.com\\\/fr\\\/produit\\\/limiteur-de-courant-safecharge\\\/#primaryimage\"},\"image\":{\"@id\":\"https:\\\/\\\/volthium.com\\\/fr\\\/produit\\\/limiteur-de-courant-safecharge\\\/#primaryimage\"},\"thumbnailUrl\":\"https:\\\/\\\/volthium.com\\\/wp-content\\\/uploads\\\/2025\\\/09\\\/Current-Limiter_Detoure-04_Rectangle.png\",\"datePublished\":\"2025-09-17T17:03:57+00:00\",\"dateModified\":\"2025-10-10T14:36:35+00:00\",\"description\":\"La technologie SafeCharge\u2122 est exclusive et brevet\u00e9e par Volthium. Elle permet l'int\u00e9gration facile, rapide et rentable des batteries lithium.\",\"breadcrumb\":{\"@id\":\"https:\\\/\\\/volthium.com\\\/fr\\\/produit\\\/limiteur-de-courant-safecharge\\\/#breadcrumb\"},\"inLanguage\":\"fr-CA\",\"potentialAction\":[{\"@type\":\"ReadAction\",\"target\":[\"https:\\\/\\\/volthium.com\\\/fr\\\/produit\\\/limiteur-de-courant-safecharge\\\/\"]}]},{\"@type\":\"ImageObject\",\"inLanguage\":\"fr-CA\",\"@id\":\"https:\\\/\\\/volthium.com\\\/fr\\\/produit\\\/limiteur-de-courant-safecharge\\\/#primaryimage\",\"url\":\"https:\\\/\\\/volthium.com\\\/wp-content\\\/uploads\\\/2025\\\/09\\\/Current-Limiter_Detoure-04_Rectangle.png\",\"contentUrl\":\"https:\\\/\\\/volthium.com\\\/wp-content\\\/uploads\\\/2025\\\/09\\\/Current-Limiter_Detoure-04_Rectangle.png\",\"width\":1959,\"height\":858},{\"@type\":\"BreadcrumbList\",\"@id\":\"https:\\\/\\\/volthium.com\\\/fr\\\/produit\\\/limiteur-de-courant-safecharge\\\/#breadcrumb\",\"itemListElement\":[{\"@type\":\"ListItem\",\"position\":1,\"name\":\"Accueil\",\"item\":\"https:\\\/\\\/volthium.com\\\/fr\\\/\"},{\"@type\":\"ListItem\",\"position\":2,\"name\":\"Boutique en ligne\",\"item\":\"https:\\\/\\\/volthium.com\\\/fr\\\/boutique\\\/\"},{\"@type\":\"ListItem\",\"position\":3,\"name\":\"Limiteur de courant SafeCharge\u2122\"}]},{\"@type\":\"WebSite\",\"@id\":\"https:\\\/\\\/volthium.com\\\/fr\\\/#website\",\"url\":\"https:\\\/\\\/volthium.com\\\/fr\\\/\",\"name\":\"Volthium\",\"description\":\"Logo Volthium\",\"publisher\":{\"@id\":\"https:\\\/\\\/volthium.com\\\/fr\\\/#organization\"},\"potentialAction\":[{\"@type\":\"SearchAction\",\"target\":{\"@type\":\"EntryPoint\",\"urlTemplate\":\"https:\\\/\\\/volthium.com\\\/fr\\\/?s={search_term_string}\"},\"query-input\":{\"@type\":\"PropertyValueSpecification\",\"valueRequired\":true,\"valueName\":\"search_term_string\"}}],\"inLanguage\":\"fr-CA\"},{\"@type\":\"Organization\",\"@id\":\"https:\\\/\\\/volthium.com\\\/fr\\\/#organization\",\"name\":\"Volthium\",\"url\":\"https:\\\/\\\/volthium.com\\\/fr\\\/\",\"logo\":{\"@type\":\"ImageObject\",\"inLanguage\":\"fr-CA\",\"@id\":\"https:\\\/\\\/volthium.com\\\/fr\\\/#\\\/schema\\\/logo\\\/image\\\/\",\"url\":\"https:\\\/\\\/volthium.com\\\/wp-content\\\/uploads\\\/2024\\\/01\\\/Logo-Volthium_Sans-energie.svg\",\"contentUrl\":\"https:\\\/\\\/volthium.com\\\/wp-content\\\/uploads\\\/2024\\\/01\\\/Logo-Volthium_Sans-energie.svg\",\"width\":793,\"height\":453,\"caption\":\"Volthium\"},\"image\":{\"@id\":\"https:\\\/\\\/volthium.com\\\/fr\\\/#\\\/schema\\\/logo\\\/image\\\/\"}}]}<\/script>\n<!-- \/ Yoast SEO plugin. -->","yoast_head_json":{"title":"Limiteur de courant SafeCharge\u2122 - Volthium","description":"La technologie SafeCharge\u2122 est exclusive et brevet\u00e9e par Volthium. Elle permet l'int\u00e9gration facile, rapide et rentable des batteries lithium.","robots":{"index":"index","follow":"follow","max-snippet":"max-snippet:-1","max-image-preview":"max-image-preview:large","max-video-preview":"max-video-preview:-1"},"canonical":"https:\/\/volthium.com\/fr\/produit\/limiteur-de-courant-safecharge\/","og_locale":"fr_CA","og_type":"article","og_title":"Limiteur de courant SafeCharge\u2122 - Volthium","og_description":"La technologie SafeCharge\u2122 est exclusive et brevet\u00e9e par Volthium. Elle permet l'int\u00e9gration facile, rapide et rentable des batteries lithium.","og_url":"https:\/\/volthium.com\/fr\/produit\/limiteur-de-courant-safecharge\/","og_site_name":"Volthium","article_modified_time":"2025-10-10T14:36:35+00:00","og_image":[{"width":1959,"height":858,"url":"https:\/\/volthium.com\/wp-content\/uploads\/2025\/09\/Current-Limiter_Detoure-04_Rectangle.png","type":"image\/png"}],"twitter_card":"summary_large_image","twitter_misc":{"Estimation du temps de lecture":"4 minutes"},"schema":{"@context":"https:\/\/schema.org","@graph":[{"@type":"WebPage","@id":"https:\/\/volthium.com\/fr\/produit\/limiteur-de-courant-safecharge\/","url":"https:\/\/volthium.com\/fr\/produit\/limiteur-de-courant-safecharge\/","name":"Limiteur de courant SafeCharge\u2122 - Volthium","isPartOf":{"@id":"https:\/\/volthium.com\/fr\/#website"},"primaryImageOfPage":{"@id":"https:\/\/volthium.com\/fr\/produit\/limiteur-de-courant-safecharge\/#primaryimage"},"image":{"@id":"https:\/\/volthium.com\/fr\/produit\/limiteur-de-courant-safecharge\/#primaryimage"},"thumbnailUrl":"https:\/\/volthium.com\/wp-content\/uploads\/2025\/09\/Current-Limiter_Detoure-04_Rectangle.png","datePublished":"2025-09-17T17:03:57+00:00","dateModified":"2025-10-10T14:36:35+00:00","description":"La technologie SafeCharge\u2122 est exclusive et brevet\u00e9e par Volthium. Elle permet l'int\u00e9gration facile, rapide et rentable des batteries lithium.","breadcrumb":{"@id":"https:\/\/volthium.com\/fr\/produit\/limiteur-de-courant-safecharge\/#breadcrumb"},"inLanguage":"fr-CA","potentialAction":[{"@type":"ReadAction","target":["https:\/\/volthium.com\/fr\/produit\/limiteur-de-courant-safecharge\/"]}]},{"@type":"ImageObject","inLanguage":"fr-CA","@id":"https:\/\/volthium.com\/fr\/produit\/limiteur-de-courant-safecharge\/#primaryimage","url":"https:\/\/volthium.com\/wp-content\/uploads\/2025\/09\/Current-Limiter_Detoure-04_Rectangle.png","contentUrl":"https:\/\/volthium.com\/wp-content\/uploads\/2025\/09\/Current-Limiter_Detoure-04_Rectangle.png","width":1959,"height":858},{"@type":"BreadcrumbList","@id":"https:\/\/volthium.com\/fr\/produit\/limiteur-de-courant-safecharge\/#breadcrumb","itemListElement":[{"@type":"ListItem","position":1,"name":"Accueil","item":"https:\/\/volthium.com\/fr\/"},{"@type":"ListItem","position":2,"name":"Boutique en ligne","item":"https:\/\/volthium.com\/fr\/boutique\/"},{"@type":"ListItem","position":3,"name":"Limiteur de courant SafeCharge\u2122"}]},{"@type":"WebSite","@id":"https:\/\/volthium.com\/fr\/#website","url":"https:\/\/volthium.com\/fr\/","name":"Volthium","description":"Logo Volthium","publisher":{"@id":"https:\/\/volthium.com\/fr\/#organization"},"potentialAction":[{"@type":"SearchAction","target":{"@type":"EntryPoint","urlTemplate":"https:\/\/volthium.com\/fr\/?s={search_term_string}"},"query-input":{"@type":"PropertyValueSpecification","valueRequired":true,"valueName":"search_term_string"}}],"inLanguage":"fr-CA"},{"@type":"Organization","@id":"https:\/\/volthium.com\/fr\/#organization","name":"Volthium","url":"https:\/\/volthium.com\/fr\/","logo":{"@type":"ImageObject","inLanguage":"fr-CA","@id":"https:\/\/volthium.com\/fr\/#\/schema\/logo\/image\/","url":"https:\/\/volthium.com\/wp-content\/uploads\/2024\/01\/Logo-Volthium_Sans-energie.svg","contentUrl":"https:\/\/volthium.com\/wp-content\/uploads\/2024\/01\/Logo-Volthium_Sans-energie.svg","width":793,"height":453,"caption":"Volthium"},"image":{"@id":"https:\/\/volthium.com\/fr\/#\/schema\/logo\/image\/"}}]}},"_links":{"self":[{"href":"https:\/\/volthium.com\/fr\/wp-json\/wp\/v2\/product\/8302","targetHints":{"allow":["GET"]}}],"collection":[{"href":"https:\/\/volthium.com\/fr\/wp-json\/wp\/v2\/product"}],"about":[{"href":"https:\/\/volthium.com\/fr\/wp-json\/wp\/v2\/types\/product"}],"replies":[{"embeddable":true,"href":"https:\/\/volthium.com\/fr\/wp-json\/wp\/v2\/comments?post=8302"}],"wp:featuredmedia":[{"embeddable":true,"href":"https:\/\/volthium.com\/fr\/wp-json\/wp\/v2\/media\/8313"}],"wp:attachment":[{"href":"https:\/\/volthium.com\/fr\/wp-json\/wp\/v2\/media?parent=8302"}],"wp:term":[{"taxonomy":"product_brand","embeddable":true,"href":"https:\/\/volthium.com\/fr\/wp-json\/wp\/v2\/product_brand?post=8302"},{"taxonomy":"product_cat","embeddable":true,"href":"https:\/\/volthium.com\/fr\/wp-json\/wp\/v2\/product_cat?post=8302"},{"taxonomy":"product_tag","embeddable":true,"href":"https:\/\/volthium.com\/fr\/wp-json\/wp\/v2\/product_tag?post=8302"}],"curies":[{"name":"wp","href":"https:\/\/api.w.org\/{rel}","templated":true}]}}