{"id":8089,"date":"2025-08-21T14:00:41","date_gmt":"2025-08-21T18:00:41","guid":{"rendered":"https:\/\/volthium.com\/?post_type=product&#038;p=8089"},"modified":"2025-08-21T15:59:27","modified_gmt":"2025-08-21T19:59:27","slug":"onduleur-chargeur-multiplus-24-3000-70-50-120v-certifie-ul-victron-copie","status":"publish","type":"product","link":"https:\/\/volthium.com\/fr\/produit\/onduleur-chargeur-multiplus-24-3000-70-50-120v-certifie-ul-victron-copie\/","title":{"rendered":"Onduleur chargeur MultiPlus 24\/3000\/70-50 120V VE.Bus. Certifi\u00e9 UL &#8211; Victron"},"content":{"rendered":"<p>Comme le sugg\u00e8re son nom, le MultiPlus est un appareil combinant un convertisseur et un chargeur dans un seul boitier. Parmi ses nombreuses fonctions, il inclut un convertisseur \u00e0 onde sinuso\u00efdale pure, charge adaptative, technologie PowerAssist hybride, ainsi que des fonctions d&rsquo;int\u00e9gration de syst\u00e8mes multiples.<\/p>\n<p>&nbsp;<\/p>\n<h5>PowerAssist<\/h5>\n<p>Le MultiPlus emp\u00eachera la surcharge d&rsquo;une source CA limit\u00e9e, telle qu&rsquo;une connexion de quai ou de g\u00e9n\u00e9rateur. Le processus de charge de la batterie sera d&rsquo;abord automatiquement r\u00e9duit\u00a0; dans le cas contraire, une surcharge se produirait. Ensuite, la sortie d&rsquo;un g\u00e9n\u00e9rateur ou de l&rsquo;alimentation de quai sera stimul\u00e9e en extrayant la puissance de la batterie.<\/p>\n<p>&nbsp;<\/p>\n<h5>Puissance CA ininterrompue (Fonction UPS)<\/h5>\n<p>En cas de coupure secteur ou de d\u00e9connexion du quai ou du g\u00e9n\u00e9rateur, le convertisseur du Multi s&rsquo;active automatiquement et il reprend l&rsquo;alimentation des charges connect\u00e9es. Ce transfert est si rapide (moins de 20\u00a0millisecondes) que le fonctionnement des ordinateurs ou des autres \u00e9quipements \u00e9lectroniques ne sera pas perturb\u00e9.<\/p>\n<p>&nbsp;<\/p>\n<h5>Puissance virtuellement illimit\u00e9e gr\u00e2ce au fonctionnement en parall\u00e8le<\/h5>\n<p>Jusqu&rsquo;\u00e0 6\u00a0unit\u00e9s peuvent fonctionner en parall\u00e8le pour obtenir plus de puissance en sortie. Un fonctionnement triphas\u00e9 ou en phase divis\u00e9e est \u00e9galement possible.<\/p>\n<p>&nbsp;<\/p>\n<h5>Surveillance et contr\u00f4le \u00e0 distance<\/h5>\n<p>Lorsqu&rsquo;il est associ\u00e9 \u00e0 un appareil GX (par ex. un Cerbo GX), vous pouvez superviser et contr\u00f4ler votre MultiPlus et votre syst\u00e8me ou syst\u00e8mes, soit localement (LAN), soit \u00e0 distance (par Internet) depuis n&rsquo;importe o\u00f9 dans le monde par le biais de l&rsquo;application gratuite VRM et du site Web gratuit VRM. Vous pouvez y acc\u00e9der depuis un t\u00e9l\u00e9phone, une tablette, un ordinateur portable ou un PC fonctionnant avec diff\u00e9rents syst\u00e8mes d&rsquo;exploitation. Le niveau de contr\u00f4le de votre syst\u00e8me est infini, que ce soit pour effectuer des r\u00e9glages sur votre MultiPlus ou pour lancer un d\u00e9marrage automatique de votre g\u00e9n\u00e9rateur de secours, et bien plus encore&#8230;<\/p>\n<p>&nbsp;<\/p>\n<h4>Documents li\u00e9s<\/h4>\n<p>&nbsp;<\/p>\n<p>Fiche technique :\u00a0<a href=\"https:\/\/volthium.com\/wp-content\/uploads\/2025\/08\/Datasheet-Multiplus-inverter-charger_2kVA-and-3kVA-120V-US-FR.pdf\">t\u00e9l\u00e9chargez le PDF<\/a><\/p>\n<p>Manuel utilisateur : <a href=\"https:\/\/volthium.com\/wp-content\/uploads\/2025\/08\/User-Manual-MultiPlus-3k-120V-firmware-xxxx4xx-EN-ES.pdf\">t\u00e9l\u00e9chargez le PDF<\/a><\/p>\n","protected":false},"excerpt":{"rendered":"<p>Le MultiPlus est un appareil combine un convertisseur et un chargeur dans un seul boitier. Parmi ses nombreuses fonctions, il inclut un convertisseur \u00e0 onde sinuso\u00efdale pure, charge adaptative, technologie PowerAssist hybride, ainsi que des fonctions d&rsquo;int\u00e9gration de syst\u00e8mes multiples.<\/p>\n","protected":false},"featured_media":8096,"comment_status":"open","ping_status":"closed","template":"","meta":{"_acf_changed":false,"inline_featured_image":false,"site-sidebar-layout":"default","site-content-layout":"","ast-site-content-layout":"default","site-content-style":"default","site-sidebar-style":"default","ast-global-header-display":"","ast-banner-title-visibility":"","ast-main-header-display":"","ast-hfb-above-header-display":"","ast-hfb-below-header-display":"","ast-hfb-mobile-header-display":"","site-post-title":"","ast-breadcrumbs-content":"","ast-featured-img":"","footer-sml-layout":"","ast-disable-related-posts":"","theme-transparent-header-meta":"default","adv-header-id-meta":"","stick-header-meta":"","header-above-stick-meta":"","header-main-stick-meta":"","header-below-stick-meta":"","astra-migrate-meta-layouts":"set","ast-page-background-enabled":"default","ast-page-background-meta":{"desktop":{"background-color":"var(--ast-global-color-4)","background-image":"","background-repeat":"repeat","background-position":"center center","background-size":"auto","background-attachment":"scroll","background-type":"","background-media":"","overlay-type":"","overlay-color":"","overlay-opacity":"","overlay-gradient":""},"tablet":{"background-color":"","background-image":"","background-repeat":"repeat","background-position":"center center","background-size":"auto","background-attachment":"scroll","background-type":"","background-media":"","overlay-type":"","overlay-color":"","overlay-opacity":"","overlay-gradient":""},"mobile":{"background-color":"","background-image":"","background-repeat":"repeat","background-position":"center center","background-size":"auto","background-attachment":"scroll","background-type":"","background-media":"","overlay-type":"","overlay-color":"","overlay-opacity":"","overlay-gradient":""}},"ast-content-background-meta":{"desktop":{"background-color":"var(--ast-global-color-5)","background-image":"","background-repeat":"repeat","background-position":"center center","background-size":"auto","background-attachment":"scroll","background-type":"","background-media":"","overlay-type":"","overlay-color":"","overlay-opacity":"","overlay-gradient":""},"tablet":{"background-color":"var(--ast-global-color-5)","background-image":"","background-repeat":"repeat","background-position":"center center","background-size":"auto","background-attachment":"scroll","background-type":"","background-media":"","overlay-type":"","overlay-color":"","overlay-opacity":"","overlay-gradient":""},"mobile":{"background-color":"var(--ast-global-color-5)","background-image":"","background-repeat":"repeat","background-position":"center center","background-size":"auto","background-attachment":"scroll","background-type":"","background-media":"","overlay-type":"","overlay-color":"","overlay-opacity":"","overlay-gradient":""}}},"product_brand":[207],"product_cat":[27,28],"product_tag":[],"class_list":{"0":"post-8089","1":"product","2":"type-product","3":"status-publish","4":"has-post-thumbnail","6":"product_brand-victron","7":"product_cat-onduleur","8":"product_cat-onduleur-chargeur","9":"desktop-align-left","10":"tablet-align-left","11":"mobile-align-left","13":"first","14":"instock","15":"taxable","16":"shipping-taxable","17":"purchasable","18":"product-type-simple"},"acf":[],"yoast_head":"<!-- This site is optimized with the Yoast SEO plugin v27.3 - https:\/\/yoast.com\/product\/yoast-seo-wordpress\/ -->\n<title>Onduleur chargeur MultiPlus 24\/3000\/70-50 120V - Victron<\/title>\n<meta name=\"description\" content=\"le MultiPlus est un appareil combinant un convertisseur et un chargeur dans un seul boitier et offre plusieurs fonctionnalit\u00e9s intelligentes.\" \/>\n<meta name=\"robots\" content=\"index, follow, max-snippet:-1, max-image-preview:large, max-video-preview:-1\" \/>\n<link rel=\"canonical\" href=\"https:\/\/volthium.com\/fr\/produit\/onduleur-chargeur-multiplus-24-3000-70-50-120v-certifie-ul-victron-copie\/\" \/>\n<meta property=\"og:locale\" content=\"fr_CA\" \/>\n<meta property=\"og:type\" content=\"article\" \/>\n<meta property=\"og:title\" content=\"Onduleur chargeur MultiPlus 24\/3000\/70-50 120V - Victron\" \/>\n<meta property=\"og:description\" content=\"le MultiPlus est un appareil combinant un convertisseur et un chargeur dans un seul boitier et offre plusieurs fonctionnalit\u00e9s intelligentes.\" \/>\n<meta property=\"og:url\" content=\"https:\/\/volthium.com\/fr\/produit\/onduleur-chargeur-multiplus-24-3000-70-50-120v-certifie-ul-victron-copie\/\" \/>\n<meta property=\"og:site_name\" content=\"Volthium\" \/>\n<meta property=\"article:modified_time\" content=\"2025-08-21T19:59:27+00:00\" \/>\n<meta property=\"og:image\" content=\"https:\/\/volthium.com\/wp-content\/uploads\/2025\/08\/MultiPlus-24-3000-70-50_front_300dpi-scaled.webp\" \/>\n\t<meta property=\"og:image:width\" content=\"1880\" \/>\n\t<meta property=\"og:image:height\" content=\"2560\" \/>\n\t<meta property=\"og:image:type\" content=\"image\/webp\" \/>\n<meta name=\"twitter:card\" content=\"summary_large_image\" \/>\n<meta name=\"twitter:label1\" content=\"Estimation du temps de lecture\" \/>\n\t<meta name=\"twitter:data1\" content=\"2 minutes\" \/>\n<script type=\"application\/ld+json\" class=\"yoast-schema-graph\">{\"@context\":\"https:\\\/\\\/schema.org\",\"@graph\":[{\"@type\":\"WebPage\",\"@id\":\"https:\\\/\\\/volthium.com\\\/fr\\\/produit\\\/onduleur-chargeur-multiplus-24-3000-70-50-120v-certifie-ul-victron-copie\\\/\",\"url\":\"https:\\\/\\\/volthium.com\\\/fr\\\/produit\\\/onduleur-chargeur-multiplus-24-3000-70-50-120v-certifie-ul-victron-copie\\\/\",\"name\":\"Onduleur chargeur MultiPlus 24\\\/3000\\\/70-50 120V - Victron\",\"isPartOf\":{\"@id\":\"https:\\\/\\\/volthium.com\\\/fr\\\/#website\"},\"primaryImageOfPage\":{\"@id\":\"https:\\\/\\\/volthium.com\\\/fr\\\/produit\\\/onduleur-chargeur-multiplus-24-3000-70-50-120v-certifie-ul-victron-copie\\\/#primaryimage\"},\"image\":{\"@id\":\"https:\\\/\\\/volthium.com\\\/fr\\\/produit\\\/onduleur-chargeur-multiplus-24-3000-70-50-120v-certifie-ul-victron-copie\\\/#primaryimage\"},\"thumbnailUrl\":\"https:\\\/\\\/volthium.com\\\/wp-content\\\/uploads\\\/2025\\\/08\\\/MultiPlus-24-3000-70-50_front_300dpi-scaled.webp\",\"datePublished\":\"2025-08-21T18:00:41+00:00\",\"dateModified\":\"2025-08-21T19:59:27+00:00\",\"description\":\"le MultiPlus est un appareil combinant un convertisseur et un chargeur dans un seul boitier et offre plusieurs fonctionnalit\u00e9s intelligentes.\",\"breadcrumb\":{\"@id\":\"https:\\\/\\\/volthium.com\\\/fr\\\/produit\\\/onduleur-chargeur-multiplus-24-3000-70-50-120v-certifie-ul-victron-copie\\\/#breadcrumb\"},\"inLanguage\":\"fr-CA\",\"potentialAction\":[{\"@type\":\"ReadAction\",\"target\":[\"https:\\\/\\\/volthium.com\\\/fr\\\/produit\\\/onduleur-chargeur-multiplus-24-3000-70-50-120v-certifie-ul-victron-copie\\\/\"]}]},{\"@type\":\"ImageObject\",\"inLanguage\":\"fr-CA\",\"@id\":\"https:\\\/\\\/volthium.com\\\/fr\\\/produit\\\/onduleur-chargeur-multiplus-24-3000-70-50-120v-certifie-ul-victron-copie\\\/#primaryimage\",\"url\":\"https:\\\/\\\/volthium.com\\\/wp-content\\\/uploads\\\/2025\\\/08\\\/MultiPlus-24-3000-70-50_front_300dpi-scaled.webp\",\"contentUrl\":\"https:\\\/\\\/volthium.com\\\/wp-content\\\/uploads\\\/2025\\\/08\\\/MultiPlus-24-3000-70-50_front_300dpi-scaled.webp\",\"width\":1880,\"height\":2560},{\"@type\":\"BreadcrumbList\",\"@id\":\"https:\\\/\\\/volthium.com\\\/fr\\\/produit\\\/onduleur-chargeur-multiplus-24-3000-70-50-120v-certifie-ul-victron-copie\\\/#breadcrumb\",\"itemListElement\":[{\"@type\":\"ListItem\",\"position\":1,\"name\":\"Accueil\",\"item\":\"https:\\\/\\\/volthium.com\\\/fr\\\/\"},{\"@type\":\"ListItem\",\"position\":2,\"name\":\"Boutique en ligne\",\"item\":\"https:\\\/\\\/volthium.com\\\/fr\\\/boutique\\\/\"},{\"@type\":\"ListItem\",\"position\":3,\"name\":\"Onduleur chargeur MultiPlus 24\\\/3000\\\/70-50 120V VE.Bus. Certifi\u00e9 UL &#8211; Victron\"}]},{\"@type\":\"WebSite\",\"@id\":\"https:\\\/\\\/volthium.com\\\/fr\\\/#website\",\"url\":\"https:\\\/\\\/volthium.com\\\/fr\\\/\",\"name\":\"Volthium\",\"description\":\"Logo Volthium\",\"publisher\":{\"@id\":\"https:\\\/\\\/volthium.com\\\/fr\\\/#organization\"},\"potentialAction\":[{\"@type\":\"SearchAction\",\"target\":{\"@type\":\"EntryPoint\",\"urlTemplate\":\"https:\\\/\\\/volthium.com\\\/fr\\\/?s={search_term_string}\"},\"query-input\":{\"@type\":\"PropertyValueSpecification\",\"valueRequired\":true,\"valueName\":\"search_term_string\"}}],\"inLanguage\":\"fr-CA\"},{\"@type\":\"Organization\",\"@id\":\"https:\\\/\\\/volthium.com\\\/fr\\\/#organization\",\"name\":\"Volthium\",\"url\":\"https:\\\/\\\/volthium.com\\\/fr\\\/\",\"logo\":{\"@type\":\"ImageObject\",\"inLanguage\":\"fr-CA\",\"@id\":\"https:\\\/\\\/volthium.com\\\/fr\\\/#\\\/schema\\\/logo\\\/image\\\/\",\"url\":\"https:\\\/\\\/volthium.com\\\/wp-content\\\/uploads\\\/2024\\\/01\\\/Logo-Volthium_Sans-energie.svg\",\"contentUrl\":\"https:\\\/\\\/volthium.com\\\/wp-content\\\/uploads\\\/2024\\\/01\\\/Logo-Volthium_Sans-energie.svg\",\"width\":793,\"height\":453,\"caption\":\"Volthium\"},\"image\":{\"@id\":\"https:\\\/\\\/volthium.com\\\/fr\\\/#\\\/schema\\\/logo\\\/image\\\/\"}}]}<\/script>\n<!-- \/ Yoast SEO plugin. -->","yoast_head_json":{"title":"Onduleur chargeur MultiPlus 24\/3000\/70-50 120V - Victron","description":"le MultiPlus est un appareil combinant un convertisseur et un chargeur dans un seul boitier et offre plusieurs fonctionnalit\u00e9s intelligentes.","robots":{"index":"index","follow":"follow","max-snippet":"max-snippet:-1","max-image-preview":"max-image-preview:large","max-video-preview":"max-video-preview:-1"},"canonical":"https:\/\/volthium.com\/fr\/produit\/onduleur-chargeur-multiplus-24-3000-70-50-120v-certifie-ul-victron-copie\/","og_locale":"fr_CA","og_type":"article","og_title":"Onduleur chargeur MultiPlus 24\/3000\/70-50 120V - Victron","og_description":"le MultiPlus est un appareil combinant un convertisseur et un chargeur dans un seul boitier et offre plusieurs fonctionnalit\u00e9s intelligentes.","og_url":"https:\/\/volthium.com\/fr\/produit\/onduleur-chargeur-multiplus-24-3000-70-50-120v-certifie-ul-victron-copie\/","og_site_name":"Volthium","article_modified_time":"2025-08-21T19:59:27+00:00","og_image":[{"width":1880,"height":2560,"url":"https:\/\/volthium.com\/wp-content\/uploads\/2025\/08\/MultiPlus-24-3000-70-50_front_300dpi-scaled.webp","type":"image\/webp"}],"twitter_card":"summary_large_image","twitter_misc":{"Estimation du temps de lecture":"2 minutes"},"schema":{"@context":"https:\/\/schema.org","@graph":[{"@type":"WebPage","@id":"https:\/\/volthium.com\/fr\/produit\/onduleur-chargeur-multiplus-24-3000-70-50-120v-certifie-ul-victron-copie\/","url":"https:\/\/volthium.com\/fr\/produit\/onduleur-chargeur-multiplus-24-3000-70-50-120v-certifie-ul-victron-copie\/","name":"Onduleur chargeur MultiPlus 24\/3000\/70-50 120V - Victron","isPartOf":{"@id":"https:\/\/volthium.com\/fr\/#website"},"primaryImageOfPage":{"@id":"https:\/\/volthium.com\/fr\/produit\/onduleur-chargeur-multiplus-24-3000-70-50-120v-certifie-ul-victron-copie\/#primaryimage"},"image":{"@id":"https:\/\/volthium.com\/fr\/produit\/onduleur-chargeur-multiplus-24-3000-70-50-120v-certifie-ul-victron-copie\/#primaryimage"},"thumbnailUrl":"https:\/\/volthium.com\/wp-content\/uploads\/2025\/08\/MultiPlus-24-3000-70-50_front_300dpi-scaled.webp","datePublished":"2025-08-21T18:00:41+00:00","dateModified":"2025-08-21T19:59:27+00:00","description":"le MultiPlus est un appareil combinant un convertisseur et un chargeur dans un seul boitier et offre plusieurs fonctionnalit\u00e9s intelligentes.","breadcrumb":{"@id":"https:\/\/volthium.com\/fr\/produit\/onduleur-chargeur-multiplus-24-3000-70-50-120v-certifie-ul-victron-copie\/#breadcrumb"},"inLanguage":"fr-CA","potentialAction":[{"@type":"ReadAction","target":["https:\/\/volthium.com\/fr\/produit\/onduleur-chargeur-multiplus-24-3000-70-50-120v-certifie-ul-victron-copie\/"]}]},{"@type":"ImageObject","inLanguage":"fr-CA","@id":"https:\/\/volthium.com\/fr\/produit\/onduleur-chargeur-multiplus-24-3000-70-50-120v-certifie-ul-victron-copie\/#primaryimage","url":"https:\/\/volthium.com\/wp-content\/uploads\/2025\/08\/MultiPlus-24-3000-70-50_front_300dpi-scaled.webp","contentUrl":"https:\/\/volthium.com\/wp-content\/uploads\/2025\/08\/MultiPlus-24-3000-70-50_front_300dpi-scaled.webp","width":1880,"height":2560},{"@type":"BreadcrumbList","@id":"https:\/\/volthium.com\/fr\/produit\/onduleur-chargeur-multiplus-24-3000-70-50-120v-certifie-ul-victron-copie\/#breadcrumb","itemListElement":[{"@type":"ListItem","position":1,"name":"Accueil","item":"https:\/\/volthium.com\/fr\/"},{"@type":"ListItem","position":2,"name":"Boutique en ligne","item":"https:\/\/volthium.com\/fr\/boutique\/"},{"@type":"ListItem","position":3,"name":"Onduleur chargeur MultiPlus 24\/3000\/70-50 120V VE.Bus. Certifi\u00e9 UL &#8211; Victron"}]},{"@type":"WebSite","@id":"https:\/\/volthium.com\/fr\/#website","url":"https:\/\/volthium.com\/fr\/","name":"Volthium","description":"Logo Volthium","publisher":{"@id":"https:\/\/volthium.com\/fr\/#organization"},"potentialAction":[{"@type":"SearchAction","target":{"@type":"EntryPoint","urlTemplate":"https:\/\/volthium.com\/fr\/?s={search_term_string}"},"query-input":{"@type":"PropertyValueSpecification","valueRequired":true,"valueName":"search_term_string"}}],"inLanguage":"fr-CA"},{"@type":"Organization","@id":"https:\/\/volthium.com\/fr\/#organization","name":"Volthium","url":"https:\/\/volthium.com\/fr\/","logo":{"@type":"ImageObject","inLanguage":"fr-CA","@id":"https:\/\/volthium.com\/fr\/#\/schema\/logo\/image\/","url":"https:\/\/volthium.com\/wp-content\/uploads\/2024\/01\/Logo-Volthium_Sans-energie.svg","contentUrl":"https:\/\/volthium.com\/wp-content\/uploads\/2024\/01\/Logo-Volthium_Sans-energie.svg","width":793,"height":453,"caption":"Volthium"},"image":{"@id":"https:\/\/volthium.com\/fr\/#\/schema\/logo\/image\/"}}]}},"_links":{"self":[{"href":"https:\/\/volthium.com\/fr\/wp-json\/wp\/v2\/product\/8089","targetHints":{"allow":["GET"]}}],"collection":[{"href":"https:\/\/volthium.com\/fr\/wp-json\/wp\/v2\/product"}],"about":[{"href":"https:\/\/volthium.com\/fr\/wp-json\/wp\/v2\/types\/product"}],"replies":[{"embeddable":true,"href":"https:\/\/volthium.com\/fr\/wp-json\/wp\/v2\/comments?post=8089"}],"wp:featuredmedia":[{"embeddable":true,"href":"https:\/\/volthium.com\/fr\/wp-json\/wp\/v2\/media\/8096"}],"wp:attachment":[{"href":"https:\/\/volthium.com\/fr\/wp-json\/wp\/v2\/media?parent=8089"}],"wp:term":[{"taxonomy":"product_brand","embeddable":true,"href":"https:\/\/volthium.com\/fr\/wp-json\/wp\/v2\/product_brand?post=8089"},{"taxonomy":"product_cat","embeddable":true,"href":"https:\/\/volthium.com\/fr\/wp-json\/wp\/v2\/product_cat?post=8089"},{"taxonomy":"product_tag","embeddable":true,"href":"https:\/\/volthium.com\/fr\/wp-json\/wp\/v2\/product_tag?post=8089"}],"curies":[{"name":"wp","href":"https:\/\/api.w.org\/{rel}","templated":true}]}}