{"id":8067,"date":"2025-08-21T10:19:54","date_gmt":"2025-08-21T14:19:54","guid":{"rendered":"https:\/\/volthium.com\/?post_type=product&#038;p=8067"},"modified":"2026-02-17T09:43:51","modified_gmt":"2026-02-17T14:43:51","slug":"chargeur-dc-dc-orion-xs-1400","status":"publish","type":"product","link":"https:\/\/volthium.com\/fr\/produit\/chargeur-dc-dc-orion-xs-1400\/","title":{"rendered":"Chargeur DC-DC Orion XS 1400 &#8211; Victron"},"content":{"rendered":"<p>Con\u00e7u \u00e0 partir de z\u00e9ro, l&rsquo;Orion XS 1400 (24V-24V 50A) red\u00e9finit la charge de batterie \u00e0 batterie en courant continu (DC-DC). Id\u00e9al pour une utilisation dans les syst\u00e8mes \u00e0 double batterie charg\u00e9s par un alternateur (intelligent).<\/p>\n<p>Ce dispositif garantit non seulement des performances de premier ordre, mais assure \u00e9galement la s\u00e9curit\u00e9 de votre syst\u00e8me.<\/p>\n<p>Restez ma\u00eetre de la situation gr\u00e2ce aux courants d&rsquo;entr\u00e9e et de sortie configurables, et soyez assur\u00e9 que votre Orion XS 1400 fonctionnera \u00e0 pleine capacit\u00e9 jusqu&rsquo;\u00e0 40\u00b0C. La technologie de circuit imprim\u00e9 en aluminium \u00e0 98,5 % d&rsquo;efficacit\u00e9 g\u00e9n\u00e8re moins de chaleur, sans n\u00e9cessiter de ventilateurs.<\/p>\n<p>En tant qu&rsquo;\u00e9l\u00e9ment int\u00e9gral de votre syst\u00e8me Victron, l&rsquo;Orion XS offre des capacit\u00e9s compl\u00e8tes de surveillance et de contr\u00f4le (\u00e0 distance), vous donnant une ma\u00eetrise totale de votre appareil et de votre syst\u00e8me.<\/p>\n<p>Combinez en toute s\u00e9curit\u00e9 n&rsquo;importe quel alternateur avec n&rsquo;importe quelle batterie Volthium!<\/p>\n<p>&nbsp;<\/p>\n<h5>Chargement configurable<\/h5>\n<p>R\u00e9glez pr\u00e9cis\u00e9ment les courants d&rsquo;entr\u00e9e et de sortie \u00e0 l&rsquo;aide de commandes simples. Les alternateurs sont ainsi prot\u00e9g\u00e9s contre les surcharges et la batterie de service est correctement charg\u00e9e, en particulier avec les alternateurs intelligents.<\/p>\n<h5>Efficacit\u00e9 x5<\/h5>\n<p>L&rsquo;Orion XS fonctionne avec un rendement impressionnant de 98,5%. C&rsquo;est 5 fois lus efficace que ses pr\u00e9d\u00e9cesseurs. Ses composants ultra-performants et sa technologie de circuit imprim\u00e9 en aluminium permettent \u00e9galement de r\u00e9duire la chaleur.<\/p>\n<h5>Contr\u00f4le ultime<\/h5>\n<p>Gr\u00e2ce \u00e0 son port VE.Direct, il est possible de l&rsquo;int\u00e9grer compl\u00e8tement dans votre syst\u00e8me Victron. Visualisez toutes les donn\u00e9es de performance o\u00f9 que vous soyez, restez au top avec des commandes simples et laissez nos algorithmes faire le reste.<\/p>\n<h5>La puissance d&rsquo;un syst\u00e8me vraiment intelligent<\/h5>\n<h6>En parall\u00e8le pour augmenter le courant de sortie<\/h6>\n<p>Un nombre illimit\u00e9 de dispositifs Orion XS peut \u00eatre connect\u00e9 en parall\u00e8le, pour une mise \u00e0 l&rsquo;\u00e9chelle facile du courant de sortie afin de r\u00e9pondre aux exigences du syst\u00e8me.<\/p>\n<h6>Compatibilit\u00e9 avec les alternateurs intelligents<\/h6>\n<p>Gr\u00e2ce \u00e0 sa d\u00e9tection int\u00e9gr\u00e9e du moteur en marche, l&rsquo;Orion XS garantit que le chargeur n&rsquo;est aliment\u00e9 que lorsque le moteur est en marche. Il permet \u00e9galement de r\u00e9cup\u00e9rer un courant de charge appropri\u00e9 \u00e0 partir d&rsquo;alternateurs intelligents tels que ceux que l&rsquo;on trouve dans les moteurs Euro 5 et Euro 6.<\/p>\n<h6>Algorithme de charge adaptative<\/h6>\n<p>L&rsquo;Orion XS dispose d&rsquo;algorithmes de charge personnalisables et pr\u00e9-r\u00e9gl\u00e9s pour les batteries au lithium et au plomb-acide, garantissant une recharge optimale, tant pour les d\u00e9charges superficielles que pour les d\u00e9charges profondes.<\/p>\n<h6>Protection \u00e9lectronique compl\u00e8te<\/h6>\n<p>L&rsquo;Orion XS est \u00e9quip\u00e9 d&rsquo;une protection \u00e9lectronique compl\u00e8te contre les surcharges, les courts-circuits et les temp\u00e9ratures excessives. Il r\u00e9duit automatiquement la puissance de sortie lorsque la temp\u00e9rature maximale du produit est atteinte.<\/p>\n<h6>Arr\u00eat \u00e0 basse temp\u00e9rature et protection contre les sous-tensions<\/h6>\n<p>Pour \u00e9viter d&rsquo;endommager les batteries au lithium, le chargeur s&rsquo;\u00e9teint automatiquement \u00e0 basse temp\u00e9rature et lorsque la tension d&rsquo;entr\u00e9e tombe en dessous d&rsquo;une valeur de verrouillage configurable par l&rsquo;utilisateur, prot\u00e9geant ainsi la batterie de d\u00e9marrage d&rsquo;une d\u00e9charge profonde.<\/p>\n<h6>Poussi\u00e8re et \u00e9tanch\u00e9it\u00e9<\/h6>\n<p>L&rsquo;Orion XS est con\u00e7u pour r\u00e9sister \u00e0 la poussi\u00e8re et \u00e0 la pollution de l&rsquo;eau et a une classification IP65.<\/p>\n<h5>L&rsquo;intelligence n&rsquo;a jamais eu l&rsquo;air si simple<\/h5>\n<p>Gr\u00e2ce \u00e0 ses nombreuses fonctions automatis\u00e9es de s\u00e9curit\u00e9 et d&rsquo;efficacit\u00e9, l&rsquo;Orion XS est vraiment un ajout intelligent \u00e0 tout v\u00e9hicule ou syst\u00e8me marin dot\u00e9 de deux batteries. Cela ne veut pas dire qu&rsquo;il doit \u00eatre compliqu\u00e9. Nous avons veill\u00e9 \u00e0 ce que l&rsquo;int\u00e9gration et le contr\u00f4le soient aussi simples que possible.<\/p>\n<h5>Applications<\/h5>\n<p>D\u00e9passer tous les d\u00e9fis en mati\u00e8re de puissance.<br \/>\nL&rsquo;Orion XS contribue \u00e0 l&rsquo;efficacit\u00e9 et \u00e0 la s\u00e9curit\u00e9 de tout syst\u00e8me gr\u00e2ce \u00e0 ses performances de premier plan.<\/p>\n<h6>V\u00e9hicules professionnels<\/h6>\n<p>En tant que leader mondial du march\u00e9 des alimentations \u00e9lectriques pour ambulances, nos d\u00e9cennies de savoir-faire se traduisent par des syst\u00e8mes robustes et professionnels pour la route.<\/p>\n<h5>Marine<\/h5>\n<p>Issus du monde des syst\u00e8mes d&rsquo;\u00e9nergie marine, le retour d&rsquo;exp\u00e9rience des clients et l&rsquo;innovation nous ont conduits \u00e0 proposer la gamme la plus compl\u00e8te de solutions d&rsquo;\u00e9nergie embarqu\u00e9e.<\/p>\n","protected":false},"excerpt":{"rendered":"<p>Con\u00e7u \u00e0 partir de z\u00e9ro, l&rsquo;Orion XS 1400 red\u00e9finit la charge de batterie \u00e0 batterie en courant continu (DC-DC). Id\u00e9al pour une utilisation dans les syst\u00e8mes \u00e0 double batterie charg\u00e9s par un alternateur (intelligent).<\/p>\n","protected":false},"featured_media":8107,"comment_status":"open","ping_status":"closed","template":"","meta":{"_acf_changed":false,"inline_featured_image":false,"site-sidebar-layout":"default","site-content-layout":"","ast-site-content-layout":"default","site-content-style":"default","site-sidebar-style":"default","ast-global-header-display":"","ast-banner-title-visibility":"","ast-main-header-display":"","ast-hfb-above-header-display":"","ast-hfb-below-header-display":"","ast-hfb-mobile-header-display":"","site-post-title":"","ast-breadcrumbs-content":"","ast-featured-img":"","footer-sml-layout":"","ast-disable-related-posts":"","theme-transparent-header-meta":"default","adv-header-id-meta":"","stick-header-meta":"","header-above-stick-meta":"","header-main-stick-meta":"","header-below-stick-meta":"","astra-migrate-meta-layouts":"set","ast-page-background-enabled":"default","ast-page-background-meta":{"desktop":{"background-color":"var(--ast-global-color-4)","background-image":"","background-repeat":"repeat","background-position":"center center","background-size":"auto","background-attachment":"scroll","background-type":"","background-media":"","overlay-type":"","overlay-color":"","overlay-opacity":"","overlay-gradient":""},"tablet":{"background-color":"","background-image":"","background-repeat":"repeat","background-position":"center center","background-size":"auto","background-attachment":"scroll","background-type":"","background-media":"","overlay-type":"","overlay-color":"","overlay-opacity":"","overlay-gradient":""},"mobile":{"background-color":"","background-image":"","background-repeat":"repeat","background-position":"center center","background-size":"auto","background-attachment":"scroll","background-type":"","background-media":"","overlay-type":"","overlay-color":"","overlay-opacity":"","overlay-gradient":""}},"ast-content-background-meta":{"desktop":{"background-color":"var(--ast-global-color-5)","background-image":"","background-repeat":"repeat","background-position":"center center","background-size":"auto","background-attachment":"scroll","background-type":"","background-media":"","overlay-type":"","overlay-color":"","overlay-opacity":"","overlay-gradient":""},"tablet":{"background-color":"var(--ast-global-color-5)","background-image":"","background-repeat":"repeat","background-position":"center center","background-size":"auto","background-attachment":"scroll","background-type":"","background-media":"","overlay-type":"","overlay-color":"","overlay-opacity":"","overlay-gradient":""},"mobile":{"background-color":"var(--ast-global-color-5)","background-image":"","background-repeat":"repeat","background-position":"center center","background-size":"auto","background-attachment":"scroll","background-type":"","background-media":"","overlay-type":"","overlay-color":"","overlay-opacity":"","overlay-gradient":""}}},"product_brand":[207],"product_cat":[24,26],"product_tag":[],"class_list":{"0":"post-8067","1":"product","2":"type-product","3":"status-publish","4":"has-post-thumbnail","6":"product_brand-victron","7":"product_cat-chargeur","8":"product_cat-mppt-et-dc","9":"desktop-align-left","10":"tablet-align-left","11":"mobile-align-left","13":"first","14":"instock","15":"taxable","16":"shipping-taxable","17":"purchasable","18":"product-type-simple"},"acf":[],"yoast_head":"<!-- This site is optimized with the Yoast SEO plugin v27.2 - https:\/\/yoast.com\/product\/yoast-seo-wordpress\/ -->\n<title>Chargeur DC-DC Orion XS 1400 - Victron<\/title>\n<meta name=\"description\" content=\"L&#039;Orion XS 1400 red\u00e9finit la charge de batterie \u00e0 batterie en courant continu. Id\u00e9al pour une utilisation dans les syst\u00e8mes charg\u00e9s par un alternateur.\" \/>\n<meta name=\"robots\" content=\"index, follow, max-snippet:-1, max-image-preview:large, max-video-preview:-1\" \/>\n<link rel=\"canonical\" href=\"https:\/\/volthium.com\/fr\/produit\/chargeur-dc-dc-orion-xs-1400\/\" \/>\n<meta property=\"og:locale\" content=\"fr_CA\" \/>\n<meta property=\"og:type\" content=\"article\" \/>\n<meta property=\"og:title\" content=\"Chargeur DC-DC Orion XS 1400 - Victron\" \/>\n<meta property=\"og:description\" content=\"L&#039;Orion XS 1400 red\u00e9finit la charge de batterie \u00e0 batterie en courant continu. Id\u00e9al pour une utilisation dans les syst\u00e8mes charg\u00e9s par un alternateur.\" \/>\n<meta property=\"og:url\" content=\"https:\/\/volthium.com\/fr\/produit\/chargeur-dc-dc-orion-xs-1400\/\" \/>\n<meta property=\"og:site_name\" content=\"Volthium\" \/>\n<meta property=\"article:modified_time\" content=\"2026-02-17T14:43:51+00:00\" \/>\n<meta property=\"og:image\" content=\"https:\/\/volthium.com\/wp-content\/uploads\/2025\/08\/ORI242417040_Orion-XS-1400-DC-DC-battery-charger-top_rectangle-1.png\" \/>\n\t<meta property=\"og:image:width\" content=\"1959\" \/>\n\t<meta property=\"og:image:height\" content=\"858\" \/>\n\t<meta property=\"og:image:type\" content=\"image\/png\" \/>\n<meta name=\"twitter:card\" content=\"summary_large_image\" \/>\n<meta name=\"twitter:label1\" content=\"Estimation du temps de lecture\" \/>\n\t<meta name=\"twitter:data1\" content=\"4 minutes\" \/>\n<script type=\"application\/ld+json\" class=\"yoast-schema-graph\">{\"@context\":\"https:\/\/schema.org\",\"@graph\":[{\"@type\":\"WebPage\",\"@id\":\"https:\/\/volthium.com\/fr\/produit\/chargeur-dc-dc-orion-xs-1400\/\",\"url\":\"https:\/\/volthium.com\/fr\/produit\/chargeur-dc-dc-orion-xs-1400\/\",\"name\":\"Chargeur DC-DC Orion XS 1400 - Victron\",\"isPartOf\":{\"@id\":\"https:\/\/volthium.com\/fr\/#website\"},\"primaryImageOfPage\":{\"@id\":\"https:\/\/volthium.com\/fr\/produit\/chargeur-dc-dc-orion-xs-1400\/#primaryimage\"},\"image\":{\"@id\":\"https:\/\/volthium.com\/fr\/produit\/chargeur-dc-dc-orion-xs-1400\/#primaryimage\"},\"thumbnailUrl\":\"https:\/\/volthium.com\/wp-content\/uploads\/2025\/08\/ORI242417040_Orion-XS-1400-DC-DC-battery-charger-top_rectangle-1.png\",\"datePublished\":\"2025-08-21T14:19:54+00:00\",\"dateModified\":\"2026-02-17T14:43:51+00:00\",\"description\":\"L'Orion XS 1400 red\u00e9finit la charge de batterie \u00e0 batterie en courant continu. Id\u00e9al pour une utilisation dans les syst\u00e8mes charg\u00e9s par un alternateur.\",\"breadcrumb\":{\"@id\":\"https:\/\/volthium.com\/fr\/produit\/chargeur-dc-dc-orion-xs-1400\/#breadcrumb\"},\"inLanguage\":\"fr-CA\",\"potentialAction\":[{\"@type\":\"ReadAction\",\"target\":[\"https:\/\/volthium.com\/fr\/produit\/chargeur-dc-dc-orion-xs-1400\/\"]}]},{\"@type\":\"ImageObject\",\"inLanguage\":\"fr-CA\",\"@id\":\"https:\/\/volthium.com\/fr\/produit\/chargeur-dc-dc-orion-xs-1400\/#primaryimage\",\"url\":\"https:\/\/volthium.com\/wp-content\/uploads\/2025\/08\/ORI242417040_Orion-XS-1400-DC-DC-battery-charger-top_rectangle-1.png\",\"contentUrl\":\"https:\/\/volthium.com\/wp-content\/uploads\/2025\/08\/ORI242417040_Orion-XS-1400-DC-DC-battery-charger-top_rectangle-1.png\",\"width\":1959,\"height\":858},{\"@type\":\"BreadcrumbList\",\"@id\":\"https:\/\/volthium.com\/fr\/produit\/chargeur-dc-dc-orion-xs-1400\/#breadcrumb\",\"itemListElement\":[{\"@type\":\"ListItem\",\"position\":1,\"name\":\"Accueil\",\"item\":\"https:\/\/volthium.com\/fr\/\"},{\"@type\":\"ListItem\",\"position\":2,\"name\":\"Boutique en ligne\",\"item\":\"https:\/\/volthium.com\/fr\/boutique\/\"},{\"@type\":\"ListItem\",\"position\":3,\"name\":\"Chargeur DC-DC Orion XS 1400 &#8211; Victron\"}]},{\"@type\":\"WebSite\",\"@id\":\"https:\/\/volthium.com\/fr\/#website\",\"url\":\"https:\/\/volthium.com\/fr\/\",\"name\":\"Volthium\",\"description\":\"Logo Volthium\",\"publisher\":{\"@id\":\"https:\/\/volthium.com\/fr\/#organization\"},\"potentialAction\":[{\"@type\":\"SearchAction\",\"target\":{\"@type\":\"EntryPoint\",\"urlTemplate\":\"https:\/\/volthium.com\/fr\/?s={search_term_string}\"},\"query-input\":{\"@type\":\"PropertyValueSpecification\",\"valueRequired\":true,\"valueName\":\"search_term_string\"}}],\"inLanguage\":\"fr-CA\"},{\"@type\":\"Organization\",\"@id\":\"https:\/\/volthium.com\/fr\/#organization\",\"name\":\"Volthium\",\"url\":\"https:\/\/volthium.com\/fr\/\",\"logo\":{\"@type\":\"ImageObject\",\"inLanguage\":\"fr-CA\",\"@id\":\"https:\/\/volthium.com\/fr\/#\/schema\/logo\/image\/\",\"url\":\"https:\/\/volthium.com\/wp-content\/uploads\/2024\/01\/Logo-Volthium_Sans-energie.svg\",\"contentUrl\":\"https:\/\/volthium.com\/wp-content\/uploads\/2024\/01\/Logo-Volthium_Sans-energie.svg\",\"width\":793,\"height\":453,\"caption\":\"Volthium\"},\"image\":{\"@id\":\"https:\/\/volthium.com\/fr\/#\/schema\/logo\/image\/\"}}]}<\/script>\n<!-- \/ Yoast SEO plugin. -->","yoast_head_json":{"title":"Chargeur DC-DC Orion XS 1400 - Victron","description":"L'Orion XS 1400 red\u00e9finit la charge de batterie \u00e0 batterie en courant continu. Id\u00e9al pour une utilisation dans les syst\u00e8mes charg\u00e9s par un alternateur.","robots":{"index":"index","follow":"follow","max-snippet":"max-snippet:-1","max-image-preview":"max-image-preview:large","max-video-preview":"max-video-preview:-1"},"canonical":"https:\/\/volthium.com\/fr\/produit\/chargeur-dc-dc-orion-xs-1400\/","og_locale":"fr_CA","og_type":"article","og_title":"Chargeur DC-DC Orion XS 1400 - Victron","og_description":"L'Orion XS 1400 red\u00e9finit la charge de batterie \u00e0 batterie en courant continu. Id\u00e9al pour une utilisation dans les syst\u00e8mes charg\u00e9s par un alternateur.","og_url":"https:\/\/volthium.com\/fr\/produit\/chargeur-dc-dc-orion-xs-1400\/","og_site_name":"Volthium","article_modified_time":"2026-02-17T14:43:51+00:00","og_image":[{"width":1959,"height":858,"url":"https:\/\/volthium.com\/wp-content\/uploads\/2025\/08\/ORI242417040_Orion-XS-1400-DC-DC-battery-charger-top_rectangle-1.png","type":"image\/png"}],"twitter_card":"summary_large_image","twitter_misc":{"Estimation du temps de lecture":"4 minutes"},"schema":{"@context":"https:\/\/schema.org","@graph":[{"@type":"WebPage","@id":"https:\/\/volthium.com\/fr\/produit\/chargeur-dc-dc-orion-xs-1400\/","url":"https:\/\/volthium.com\/fr\/produit\/chargeur-dc-dc-orion-xs-1400\/","name":"Chargeur DC-DC Orion XS 1400 - Victron","isPartOf":{"@id":"https:\/\/volthium.com\/fr\/#website"},"primaryImageOfPage":{"@id":"https:\/\/volthium.com\/fr\/produit\/chargeur-dc-dc-orion-xs-1400\/#primaryimage"},"image":{"@id":"https:\/\/volthium.com\/fr\/produit\/chargeur-dc-dc-orion-xs-1400\/#primaryimage"},"thumbnailUrl":"https:\/\/volthium.com\/wp-content\/uploads\/2025\/08\/ORI242417040_Orion-XS-1400-DC-DC-battery-charger-top_rectangle-1.png","datePublished":"2025-08-21T14:19:54+00:00","dateModified":"2026-02-17T14:43:51+00:00","description":"L'Orion XS 1400 red\u00e9finit la charge de batterie \u00e0 batterie en courant continu. Id\u00e9al pour une utilisation dans les syst\u00e8mes charg\u00e9s par un alternateur.","breadcrumb":{"@id":"https:\/\/volthium.com\/fr\/produit\/chargeur-dc-dc-orion-xs-1400\/#breadcrumb"},"inLanguage":"fr-CA","potentialAction":[{"@type":"ReadAction","target":["https:\/\/volthium.com\/fr\/produit\/chargeur-dc-dc-orion-xs-1400\/"]}]},{"@type":"ImageObject","inLanguage":"fr-CA","@id":"https:\/\/volthium.com\/fr\/produit\/chargeur-dc-dc-orion-xs-1400\/#primaryimage","url":"https:\/\/volthium.com\/wp-content\/uploads\/2025\/08\/ORI242417040_Orion-XS-1400-DC-DC-battery-charger-top_rectangle-1.png","contentUrl":"https:\/\/volthium.com\/wp-content\/uploads\/2025\/08\/ORI242417040_Orion-XS-1400-DC-DC-battery-charger-top_rectangle-1.png","width":1959,"height":858},{"@type":"BreadcrumbList","@id":"https:\/\/volthium.com\/fr\/produit\/chargeur-dc-dc-orion-xs-1400\/#breadcrumb","itemListElement":[{"@type":"ListItem","position":1,"name":"Accueil","item":"https:\/\/volthium.com\/fr\/"},{"@type":"ListItem","position":2,"name":"Boutique en ligne","item":"https:\/\/volthium.com\/fr\/boutique\/"},{"@type":"ListItem","position":3,"name":"Chargeur DC-DC Orion XS 1400 &#8211; Victron"}]},{"@type":"WebSite","@id":"https:\/\/volthium.com\/fr\/#website","url":"https:\/\/volthium.com\/fr\/","name":"Volthium","description":"Logo Volthium","publisher":{"@id":"https:\/\/volthium.com\/fr\/#organization"},"potentialAction":[{"@type":"SearchAction","target":{"@type":"EntryPoint","urlTemplate":"https:\/\/volthium.com\/fr\/?s={search_term_string}"},"query-input":{"@type":"PropertyValueSpecification","valueRequired":true,"valueName":"search_term_string"}}],"inLanguage":"fr-CA"},{"@type":"Organization","@id":"https:\/\/volthium.com\/fr\/#organization","name":"Volthium","url":"https:\/\/volthium.com\/fr\/","logo":{"@type":"ImageObject","inLanguage":"fr-CA","@id":"https:\/\/volthium.com\/fr\/#\/schema\/logo\/image\/","url":"https:\/\/volthium.com\/wp-content\/uploads\/2024\/01\/Logo-Volthium_Sans-energie.svg","contentUrl":"https:\/\/volthium.com\/wp-content\/uploads\/2024\/01\/Logo-Volthium_Sans-energie.svg","width":793,"height":453,"caption":"Volthium"},"image":{"@id":"https:\/\/volthium.com\/fr\/#\/schema\/logo\/image\/"}}]}},"_links":{"self":[{"href":"https:\/\/volthium.com\/fr\/wp-json\/wp\/v2\/product\/8067","targetHints":{"allow":["GET"]}}],"collection":[{"href":"https:\/\/volthium.com\/fr\/wp-json\/wp\/v2\/product"}],"about":[{"href":"https:\/\/volthium.com\/fr\/wp-json\/wp\/v2\/types\/product"}],"replies":[{"embeddable":true,"href":"https:\/\/volthium.com\/fr\/wp-json\/wp\/v2\/comments?post=8067"}],"wp:featuredmedia":[{"embeddable":true,"href":"https:\/\/volthium.com\/fr\/wp-json\/wp\/v2\/media\/8107"}],"wp:attachment":[{"href":"https:\/\/volthium.com\/fr\/wp-json\/wp\/v2\/media?parent=8067"}],"wp:term":[{"taxonomy":"product_brand","embeddable":true,"href":"https:\/\/volthium.com\/fr\/wp-json\/wp\/v2\/product_brand?post=8067"},{"taxonomy":"product_cat","embeddable":true,"href":"https:\/\/volthium.com\/fr\/wp-json\/wp\/v2\/product_cat?post=8067"},{"taxonomy":"product_tag","embeddable":true,"href":"https:\/\/volthium.com\/fr\/wp-json\/wp\/v2\/product_tag?post=8067"}],"curies":[{"name":"wp","href":"https:\/\/api.w.org\/{rel}","templated":true}]}}