{"id":8031,"date":"2025-08-08T11:14:46","date_gmt":"2025-08-08T15:14:46","guid":{"rendered":"https:\/\/volthium.com\/?post_type=product&#038;p=8031"},"modified":"2025-12-10T09:59:29","modified_gmt":"2025-12-10T14:59:29","slug":"batterie-12v-100ah-pro-2","status":"publish","type":"product","link":"https:\/\/volthium.com\/fr\/produit\/batterie-12v-100ah-pro-2\/","title":{"rendered":"Batterie 12V 100Ah \u2013 PRO 2"},"content":{"rendered":"<p>Notre nouvelle batterie 12 V 100 Ah PRO 2 est l&rsquo;une des deux seules batteries \u00e9quip\u00e9es de la technologie SafeCharge brevet\u00e9e par Volthium!<\/p>\n<p>En d&rsquo;autres mots c&rsquo;est l&rsquo;une des deux seules batteries qui est capable de remplacer votre batterie d&rsquo;origine \u00e0 l&rsquo;acide sans aucune installation ni modification. Il suffit de la jumeler \u00e0 notre limiteur de courant SafeCharge et le tour est jou\u00e9!<\/p>\n<p><strong>La 12V 100AH &#8211; Pro 2, des caract\u00e9ristiques uniques<\/strong><\/p>\n<ul>\n<li>Un BMS ultra performant compatible avec <a href=\"https:\/\/volthium.com\/technologie-safecharge\/\">technologie SafeCharge<\/a><\/li>\n<li>Fonctionnalit\u00e9 de d\u00e9marrage de moteur \u00e0 essence &#8211; 1100CCA<\/li>\n<li>Fonctionnalit\u00e9 Bluetooth int\u00e9gr\u00e9e<\/li>\n<li>Interrupteur marche\/arr\u00eat<\/li>\n<li>Indicateur de charge LED<\/li>\n<li>Syst\u00e8me auto-chauffant<\/li>\n<li>Syst\u00e8me de refroidissement<\/li>\n<li>2 ports de communication M12<\/li>\n<li>Boitier groupe 27 : ultra compact, l\u00e9ger et certifi\u00e9 IP67.<\/li>\n<li>Certifications CSA UL1973 et UL9540A<\/li>\n<\/ul>\n<p>Compatible avec notre technologie brevet\u00e9e SafeCharge, il est possible de limiter le courant de charge gr\u00e2ce \u00e0 notre limiteur de courant SafeCharge afin de prot\u00e9ger \u00e0 la fois la batterie et l&rsquo;alternateur sans installation d&rsquo;un DC-DC. Directement depuis votre application mobile IOS <a href=\"https:\/\/apps.apple.com\/ca\/app\/volthium-pro-series\/id6477122539?l=fr-CA\">Volthium Pro series<\/a> ou Android <a href=\"https:\/\/play.google.com\/store\/apps\/details?id=com.volthium.blebattery\">Volthium pro series<\/a>. Vous pouvez d\u00e9finir un seuil de d\u00e9clenchement, qui correspond au niveau de courant \u00e0 partir duquel la r\u00e9gulation commence. Il peut aussi d\u00e9terminer l\u2019intensit\u00e9 maximale autoris\u00e9e par la batterie, par exemple 10A ou 20A. De cette fa\u00e7on, d\u00e8s que le courant d\u00e9passe le seuil d\u00e9fini, <strong>le syst\u00e8me limite automatiquement le d\u00e9bit, selon les param\u00e8tres configur\u00e9s<\/strong>. Cela permet de prot\u00e9ger l\u2019int\u00e9grit\u00e9 de l\u2019alternateur tout en facilitant au maximum l\u2019installation par l\u2019utilisateur final ou l&rsquo;installateur.<\/p>\n<div class=\"elementor-element elementor-element-be7fa01 e-flex e-con-boxed e-con e-parent e-lazyloaded\" data-id=\"be7fa01\" data-element_type=\"container\">\n<div class=\"e-con-inner\">\n<div class=\"elementor-element elementor-element-42f2a40 e-con-full e-flex e-con e-child\" data-id=\"42f2a40\" data-element_type=\"container\" data-settings=\"{&quot;background_background&quot;:&quot;classic&quot;}\">\n<div class=\"elementor-element elementor-element-1477c5d e-con-full e-flex e-con e-child\" data-id=\"1477c5d\" data-element_type=\"container\">\n<div class=\"elementor-element elementor-element-eccf616 elementor-widget elementor-widget-text-editor\" data-id=\"eccf616\" data-element_type=\"widget\" data-widget_type=\"text-editor.default\">\n<div class=\"elementor-widget-container\">\n<p><strong>La <a href=\"https:\/\/volthium.com\/technologie-safecharge\/\">technologie SafeCharge\u2122<\/a> en quelques mots:\u00a0<\/strong><\/p>\n<ul>\n<li>La combinaison des avantages du DC-DC avec les avantages d\u2019un contacteur lithium avec algorithme : intermittence de charge intense et de repos (15min\/20min)<\/li>\n<li>Conserve la fonction Boost\/Combine d\u2019origine disponible dans les van am\u00e9nag\u00e9s<\/li>\n<li>Permet d\u2019avoir un seul circuit de batterie pour d\u00e9charge profonde et d\u00e9marrage<\/li>\n<li>Essentiel pour l\u2019industrie du camionnage Classe 8 et de la P\u00eache commercial<\/li>\n<\/ul>\n<p>Il est \u00e0 noter que l&rsquo;ajout du limiteur de courant SafeCharge de Volthium est essentiel pour pouvoir profiter pleinement des avantages offerts par cette innovation.<\/p>\n<\/div>\n<\/div>\n<\/div>\n<\/div>\n<\/div>\n<\/div>\n<div class=\"elementor-element elementor-element-1469982 e-flex e-con-boxed e-con e-parent e-lazyloaded\" data-id=\"1469982\" data-element_type=\"container\">\n<div class=\"e-con-inner\">\n<div class=\"elementor-element elementor-element-96cef00 e-con-full e-flex e-con e-child animated fadeInRight\" data-id=\"96cef00\" data-element_type=\"container\" data-settings=\"{&quot;animation&quot;:&quot;fadeInRight&quot;}\"><strong>Facile et rapide \u00e0 installer sans l\u2019intervention d\u2019un professionnel !<\/strong><\/div>\n<\/div>\n<\/div>\n<p>Gr\u00e2ce \u00e0 la technologie SafeCharge, l&rsquo;utilisateur ou l&rsquo;installateur peut maintenant installer facilement sa batterie au lithium sans avoir \u00e0 faire de modification. Il n&rsquo;est pas n\u00e9c\u00e9ssaire d&rsquo;ajouter un r\u00e9gulateur DC-DC ni de modifier le c\u00e2blage, ce qui permet d&rsquo;\u00e9conomiser en moyenne 4h de temps d&rsquo;installation \u00e0 un installateur exp\u00e9riment\u00e9.<\/p>\n<p>Pour d\u00e9terminer le seuil appropri\u00e9, consultez un professionnel en \u00e9lectricit\u00e9 de VR ou <a href=\"https:\/\/volthium.com\/contact\/\">contactez l&rsquo;\u00e9quipe de Volthium<\/a>.<\/p>\n<p><strong>La batterie la plus polyvalente sur le march\u00e9 !<\/strong><\/p>\n<p>Gr\u00e2ce \u00e0 ses nombreuses fonctionnalit\u00e9s de pointe, notre batterie 12V 100Ah PRO 2 s&rsquo;impose comme la batterie la plus polyvalente sur le march\u00e9 en r\u00e9pondant aux besoin de nombreux utilisateurs.<br \/>\nQue ce soit pour un v\u00e9hicule r\u00e9cr\u00e9atif, un bateau \u00e0 moteur, la chasse, la p\u00eache, ou bien l&rsquo;industrie du camionnage, notre<strong>\u00a0batterie 12V 100Ah PRO 2 est un choix incontournable<\/strong>.<\/p>\n<p>Elle fournit <strong>2x plus d\u2019\u00e9nergie\u00a0<\/strong>qu\u2019une batterie traditionnelle au plomb du m\u00eame groupe. Elle est <strong>2X PLUS L\u00c9GERE<\/strong> qu\u2019une batterie conventionnelle \u00e0 capacit\u00e9 \u00e9quivalente et offre <strong>un temps de charge plus court et une capacit\u00e9 \u00e9nerg\u00e9tique qui ne s&rsquo;essouffle pas<\/strong>\u00a0au fil des ans.<\/p>\n<p>En r\u00e9sum\u00e9, notre batterie lithium 12V 100Ah PRO 2 se d\u00e9marque comme une v\u00e9ritable r\u00e9volution sur le march\u00e9. Dot\u00e9e des plus r\u00e9centes technologies de pointe et de notre innovation brevet\u00e9e SafeCharge, elle est le choix logique pour toute installation impliquant un moteur.<\/p>\n<p>Chez Volthium, nous nous donnons comme mission de rassembler les meilleures pi\u00e8ces offertes de chacune des industries afin d&rsquo;offrir les meilleures batteries ! Cellules, BMS, ing\u00e9nierie d&rsquo;assemblage, tout y est.<\/p>\n","protected":false},"excerpt":{"rendered":"<p>C&rsquo;est une r\u00e9volution dans l&rsquo;industrie!<br \/>\nDot\u00e9e de la technologie brevet\u00e9e SafeCharge, <strong>BMS ultra performant<\/strong>, <strong>bouton marche\/arr\u00eat<\/strong>, <strong>syst\u00e8me auto-chauffant, syst\u00e8me de refroidissement, fonctionnalit\u00e9 Bluetooth int\u00e9gr\u00e9e<\/strong> (2 ports de communication), le tout dans un format <strong>groupe 27<\/strong>, ultra compact et l\u00e9ger et <strong>certifi\u00e9 IP67<\/strong>.<\/p>\n","protected":false},"featured_media":8290,"comment_status":"open","ping_status":"closed","template":"","meta":{"_acf_changed":false,"inline_featured_image":false,"site-sidebar-layout":"default","site-content-layout":"","ast-site-content-layout":"default","site-content-style":"default","site-sidebar-style":"default","ast-global-header-display":"","ast-banner-title-visibility":"","ast-main-header-display":"","ast-hfb-above-header-display":"","ast-hfb-below-header-display":"","ast-hfb-mobile-header-display":"","site-post-title":"","ast-breadcrumbs-content":"","ast-featured-img":"","footer-sml-layout":"","ast-disable-related-posts":"","theme-transparent-header-meta":"default","adv-header-id-meta":"","stick-header-meta":"","header-above-stick-meta":"","header-main-stick-meta":"","header-below-stick-meta":"","astra-migrate-meta-layouts":"set","ast-page-background-enabled":"default","ast-page-background-meta":{"desktop":{"background-color":"var(--ast-global-color-4)","background-image":"","background-repeat":"repeat","background-position":"center center","background-size":"auto","background-attachment":"scroll","background-type":"","background-media":"","overlay-type":"","overlay-color":"","overlay-opacity":"","overlay-gradient":""},"tablet":{"background-color":"","background-image":"","background-repeat":"repeat","background-position":"center center","background-size":"auto","background-attachment":"scroll","background-type":"","background-media":"","overlay-type":"","overlay-color":"","overlay-opacity":"","overlay-gradient":""},"mobile":{"background-color":"","background-image":"","background-repeat":"repeat","background-position":"center center","background-size":"auto","background-attachment":"scroll","background-type":"","background-media":"","overlay-type":"","overlay-color":"","overlay-opacity":"","overlay-gradient":""}},"ast-content-background-meta":{"desktop":{"background-color":"var(--ast-global-color-5)","background-image":"","background-repeat":"repeat","background-position":"center center","background-size":"auto","background-attachment":"scroll","background-type":"","background-media":"","overlay-type":"","overlay-color":"","overlay-opacity":"","overlay-gradient":""},"tablet":{"background-color":"var(--ast-global-color-5)","background-image":"","background-repeat":"repeat","background-position":"center center","background-size":"auto","background-attachment":"scroll","background-type":"","background-media":"","overlay-type":"","overlay-color":"","overlay-opacity":"","overlay-gradient":""},"mobile":{"background-color":"var(--ast-global-color-5)","background-image":"","background-repeat":"repeat","background-position":"center center","background-size":"auto","background-attachment":"scroll","background-type":"","background-media":"","overlay-type":"","overlay-color":"","overlay-opacity":"","overlay-gradient":""}}},"product_brand":[],"product_cat":[23,18],"product_tag":[47,215,46],"class_list":{"0":"post-8031","1":"product","2":"type-product","3":"status-publish","4":"has-post-thumbnail","6":"product_cat-12v","7":"product_cat-batteries","8":"product_tag-100ah","9":"product_tag-12100pro2","10":"product_tag-12v","11":"desktop-align-left","12":"tablet-align-left","13":"mobile-align-left","15":"first","16":"instock","17":"taxable","18":"shipping-taxable","19":"purchasable","20":"product-type-simple"},"acf":[],"yoast_head":"<!-- This site is optimized with the Yoast SEO plugin v27.3 - https:\/\/yoast.com\/product\/yoast-seo-wordpress\/ -->\n<title>Batterie 12V 100Ah \u2013 PRO 2 - Volthium<\/title>\n<meta name=\"description\" content=\"Une v\u00e9ritable r\u00e9volution. Int\u00e9grant la technologie brevet\u00e9e SafeCharge, c&#039;est un choix incontournable pour toute installation impliquant un moteur.\" \/>\n<meta name=\"robots\" content=\"index, follow, max-snippet:-1, max-image-preview:large, max-video-preview:-1\" \/>\n<link rel=\"canonical\" href=\"https:\/\/volthium.com\/fr\/produit\/batterie-12v-100ah-pro-2\/\" \/>\n<meta property=\"og:locale\" content=\"fr_CA\" \/>\n<meta property=\"og:type\" content=\"article\" \/>\n<meta property=\"og:title\" content=\"Batterie 12V 100Ah \u2013 PRO 2 - Volthium\" \/>\n<meta property=\"og:description\" content=\"Une v\u00e9ritable r\u00e9volution. Int\u00e9grant la technologie brevet\u00e9e SafeCharge, c&#039;est un choix incontournable pour toute installation impliquant un moteur.\" \/>\n<meta property=\"og:url\" content=\"https:\/\/volthium.com\/fr\/produit\/batterie-12v-100ah-pro-2\/\" \/>\n<meta property=\"og:site_name\" content=\"Volthium\" \/>\n<meta property=\"article:modified_time\" content=\"2025-12-10T14:59:29+00:00\" \/>\n<meta property=\"og:image\" content=\"https:\/\/volthium.com\/wp-content\/uploads\/2025\/08\/Batterie-12-V-100-Ah-Pro-2_Detoure-02_Rectangle.png\" \/>\n\t<meta property=\"og:image:width\" content=\"1959\" \/>\n\t<meta property=\"og:image:height\" content=\"858\" \/>\n\t<meta property=\"og:image:type\" content=\"image\/png\" \/>\n<meta name=\"twitter:card\" content=\"summary_large_image\" \/>\n<meta name=\"twitter:label1\" content=\"Estimation du temps de lecture\" \/>\n\t<meta name=\"twitter:data1\" content=\"4 minutes\" \/>\n<script type=\"application\/ld+json\" class=\"yoast-schema-graph\">{\"@context\":\"https:\\\/\\\/schema.org\",\"@graph\":[{\"@type\":\"WebPage\",\"@id\":\"https:\\\/\\\/volthium.com\\\/fr\\\/produit\\\/batterie-12v-100ah-pro-2\\\/\",\"url\":\"https:\\\/\\\/volthium.com\\\/fr\\\/produit\\\/batterie-12v-100ah-pro-2\\\/\",\"name\":\"Batterie 12V 100Ah \u2013 PRO 2 - Volthium\",\"isPartOf\":{\"@id\":\"https:\\\/\\\/volthium.com\\\/fr\\\/#website\"},\"primaryImageOfPage\":{\"@id\":\"https:\\\/\\\/volthium.com\\\/fr\\\/produit\\\/batterie-12v-100ah-pro-2\\\/#primaryimage\"},\"image\":{\"@id\":\"https:\\\/\\\/volthium.com\\\/fr\\\/produit\\\/batterie-12v-100ah-pro-2\\\/#primaryimage\"},\"thumbnailUrl\":\"https:\\\/\\\/volthium.com\\\/wp-content\\\/uploads\\\/2025\\\/08\\\/Batterie-12-V-100-Ah-Pro-2_Detoure-02_Rectangle.png\",\"datePublished\":\"2025-08-08T15:14:46+00:00\",\"dateModified\":\"2025-12-10T14:59:29+00:00\",\"description\":\"Une v\u00e9ritable r\u00e9volution. Int\u00e9grant la technologie brevet\u00e9e SafeCharge, c'est un choix incontournable pour toute installation impliquant un moteur.\",\"breadcrumb\":{\"@id\":\"https:\\\/\\\/volthium.com\\\/fr\\\/produit\\\/batterie-12v-100ah-pro-2\\\/#breadcrumb\"},\"inLanguage\":\"fr-CA\",\"potentialAction\":[{\"@type\":\"ReadAction\",\"target\":[\"https:\\\/\\\/volthium.com\\\/fr\\\/produit\\\/batterie-12v-100ah-pro-2\\\/\"]}]},{\"@type\":\"ImageObject\",\"inLanguage\":\"fr-CA\",\"@id\":\"https:\\\/\\\/volthium.com\\\/fr\\\/produit\\\/batterie-12v-100ah-pro-2\\\/#primaryimage\",\"url\":\"https:\\\/\\\/volthium.com\\\/wp-content\\\/uploads\\\/2025\\\/08\\\/Batterie-12-V-100-Ah-Pro-2_Detoure-02_Rectangle.png\",\"contentUrl\":\"https:\\\/\\\/volthium.com\\\/wp-content\\\/uploads\\\/2025\\\/08\\\/Batterie-12-V-100-Ah-Pro-2_Detoure-02_Rectangle.png\",\"width\":1959,\"height\":858},{\"@type\":\"BreadcrumbList\",\"@id\":\"https:\\\/\\\/volthium.com\\\/fr\\\/produit\\\/batterie-12v-100ah-pro-2\\\/#breadcrumb\",\"itemListElement\":[{\"@type\":\"ListItem\",\"position\":1,\"name\":\"Accueil\",\"item\":\"https:\\\/\\\/volthium.com\\\/fr\\\/\"},{\"@type\":\"ListItem\",\"position\":2,\"name\":\"Boutique en ligne\",\"item\":\"https:\\\/\\\/volthium.com\\\/fr\\\/boutique\\\/\"},{\"@type\":\"ListItem\",\"position\":3,\"name\":\"Batterie 12V 100Ah \u2013 PRO 2\"}]},{\"@type\":\"WebSite\",\"@id\":\"https:\\\/\\\/volthium.com\\\/fr\\\/#website\",\"url\":\"https:\\\/\\\/volthium.com\\\/fr\\\/\",\"name\":\"Volthium\",\"description\":\"Logo Volthium\",\"publisher\":{\"@id\":\"https:\\\/\\\/volthium.com\\\/fr\\\/#organization\"},\"potentialAction\":[{\"@type\":\"SearchAction\",\"target\":{\"@type\":\"EntryPoint\",\"urlTemplate\":\"https:\\\/\\\/volthium.com\\\/fr\\\/?s={search_term_string}\"},\"query-input\":{\"@type\":\"PropertyValueSpecification\",\"valueRequired\":true,\"valueName\":\"search_term_string\"}}],\"inLanguage\":\"fr-CA\"},{\"@type\":\"Organization\",\"@id\":\"https:\\\/\\\/volthium.com\\\/fr\\\/#organization\",\"name\":\"Volthium\",\"url\":\"https:\\\/\\\/volthium.com\\\/fr\\\/\",\"logo\":{\"@type\":\"ImageObject\",\"inLanguage\":\"fr-CA\",\"@id\":\"https:\\\/\\\/volthium.com\\\/fr\\\/#\\\/schema\\\/logo\\\/image\\\/\",\"url\":\"https:\\\/\\\/volthium.com\\\/wp-content\\\/uploads\\\/2024\\\/01\\\/Logo-Volthium_Sans-energie.svg\",\"contentUrl\":\"https:\\\/\\\/volthium.com\\\/wp-content\\\/uploads\\\/2024\\\/01\\\/Logo-Volthium_Sans-energie.svg\",\"width\":793,\"height\":453,\"caption\":\"Volthium\"},\"image\":{\"@id\":\"https:\\\/\\\/volthium.com\\\/fr\\\/#\\\/schema\\\/logo\\\/image\\\/\"}}]}<\/script>\n<!-- \/ Yoast SEO plugin. -->","yoast_head_json":{"title":"Batterie 12V 100Ah \u2013 PRO 2 - Volthium","description":"Une v\u00e9ritable r\u00e9volution. Int\u00e9grant la technologie brevet\u00e9e SafeCharge, c'est un choix incontournable pour toute installation impliquant un moteur.","robots":{"index":"index","follow":"follow","max-snippet":"max-snippet:-1","max-image-preview":"max-image-preview:large","max-video-preview":"max-video-preview:-1"},"canonical":"https:\/\/volthium.com\/fr\/produit\/batterie-12v-100ah-pro-2\/","og_locale":"fr_CA","og_type":"article","og_title":"Batterie 12V 100Ah \u2013 PRO 2 - Volthium","og_description":"Une v\u00e9ritable r\u00e9volution. Int\u00e9grant la technologie brevet\u00e9e SafeCharge, c'est un choix incontournable pour toute installation impliquant un moteur.","og_url":"https:\/\/volthium.com\/fr\/produit\/batterie-12v-100ah-pro-2\/","og_site_name":"Volthium","article_modified_time":"2025-12-10T14:59:29+00:00","og_image":[{"width":1959,"height":858,"url":"https:\/\/volthium.com\/wp-content\/uploads\/2025\/08\/Batterie-12-V-100-Ah-Pro-2_Detoure-02_Rectangle.png","type":"image\/png"}],"twitter_card":"summary_large_image","twitter_misc":{"Estimation du temps de lecture":"4 minutes"},"schema":{"@context":"https:\/\/schema.org","@graph":[{"@type":"WebPage","@id":"https:\/\/volthium.com\/fr\/produit\/batterie-12v-100ah-pro-2\/","url":"https:\/\/volthium.com\/fr\/produit\/batterie-12v-100ah-pro-2\/","name":"Batterie 12V 100Ah \u2013 PRO 2 - Volthium","isPartOf":{"@id":"https:\/\/volthium.com\/fr\/#website"},"primaryImageOfPage":{"@id":"https:\/\/volthium.com\/fr\/produit\/batterie-12v-100ah-pro-2\/#primaryimage"},"image":{"@id":"https:\/\/volthium.com\/fr\/produit\/batterie-12v-100ah-pro-2\/#primaryimage"},"thumbnailUrl":"https:\/\/volthium.com\/wp-content\/uploads\/2025\/08\/Batterie-12-V-100-Ah-Pro-2_Detoure-02_Rectangle.png","datePublished":"2025-08-08T15:14:46+00:00","dateModified":"2025-12-10T14:59:29+00:00","description":"Une v\u00e9ritable r\u00e9volution. Int\u00e9grant la technologie brevet\u00e9e SafeCharge, c'est un choix incontournable pour toute installation impliquant un moteur.","breadcrumb":{"@id":"https:\/\/volthium.com\/fr\/produit\/batterie-12v-100ah-pro-2\/#breadcrumb"},"inLanguage":"fr-CA","potentialAction":[{"@type":"ReadAction","target":["https:\/\/volthium.com\/fr\/produit\/batterie-12v-100ah-pro-2\/"]}]},{"@type":"ImageObject","inLanguage":"fr-CA","@id":"https:\/\/volthium.com\/fr\/produit\/batterie-12v-100ah-pro-2\/#primaryimage","url":"https:\/\/volthium.com\/wp-content\/uploads\/2025\/08\/Batterie-12-V-100-Ah-Pro-2_Detoure-02_Rectangle.png","contentUrl":"https:\/\/volthium.com\/wp-content\/uploads\/2025\/08\/Batterie-12-V-100-Ah-Pro-2_Detoure-02_Rectangle.png","width":1959,"height":858},{"@type":"BreadcrumbList","@id":"https:\/\/volthium.com\/fr\/produit\/batterie-12v-100ah-pro-2\/#breadcrumb","itemListElement":[{"@type":"ListItem","position":1,"name":"Accueil","item":"https:\/\/volthium.com\/fr\/"},{"@type":"ListItem","position":2,"name":"Boutique en ligne","item":"https:\/\/volthium.com\/fr\/boutique\/"},{"@type":"ListItem","position":3,"name":"Batterie 12V 100Ah \u2013 PRO 2"}]},{"@type":"WebSite","@id":"https:\/\/volthium.com\/fr\/#website","url":"https:\/\/volthium.com\/fr\/","name":"Volthium","description":"Logo Volthium","publisher":{"@id":"https:\/\/volthium.com\/fr\/#organization"},"potentialAction":[{"@type":"SearchAction","target":{"@type":"EntryPoint","urlTemplate":"https:\/\/volthium.com\/fr\/?s={search_term_string}"},"query-input":{"@type":"PropertyValueSpecification","valueRequired":true,"valueName":"search_term_string"}}],"inLanguage":"fr-CA"},{"@type":"Organization","@id":"https:\/\/volthium.com\/fr\/#organization","name":"Volthium","url":"https:\/\/volthium.com\/fr\/","logo":{"@type":"ImageObject","inLanguage":"fr-CA","@id":"https:\/\/volthium.com\/fr\/#\/schema\/logo\/image\/","url":"https:\/\/volthium.com\/wp-content\/uploads\/2024\/01\/Logo-Volthium_Sans-energie.svg","contentUrl":"https:\/\/volthium.com\/wp-content\/uploads\/2024\/01\/Logo-Volthium_Sans-energie.svg","width":793,"height":453,"caption":"Volthium"},"image":{"@id":"https:\/\/volthium.com\/fr\/#\/schema\/logo\/image\/"}}]}},"_links":{"self":[{"href":"https:\/\/volthium.com\/fr\/wp-json\/wp\/v2\/product\/8031","targetHints":{"allow":["GET"]}}],"collection":[{"href":"https:\/\/volthium.com\/fr\/wp-json\/wp\/v2\/product"}],"about":[{"href":"https:\/\/volthium.com\/fr\/wp-json\/wp\/v2\/types\/product"}],"replies":[{"embeddable":true,"href":"https:\/\/volthium.com\/fr\/wp-json\/wp\/v2\/comments?post=8031"}],"wp:featuredmedia":[{"embeddable":true,"href":"https:\/\/volthium.com\/fr\/wp-json\/wp\/v2\/media\/8290"}],"wp:attachment":[{"href":"https:\/\/volthium.com\/fr\/wp-json\/wp\/v2\/media?parent=8031"}],"wp:term":[{"taxonomy":"product_brand","embeddable":true,"href":"https:\/\/volthium.com\/fr\/wp-json\/wp\/v2\/product_brand?post=8031"},{"taxonomy":"product_cat","embeddable":true,"href":"https:\/\/volthium.com\/fr\/wp-json\/wp\/v2\/product_cat?post=8031"},{"taxonomy":"product_tag","embeddable":true,"href":"https:\/\/volthium.com\/fr\/wp-json\/wp\/v2\/product_tag?post=8031"}],"curies":[{"name":"wp","href":"https:\/\/api.w.org\/{rel}","templated":true}]}}