{"id":7537,"date":"2025-05-29T13:57:59","date_gmt":"2025-05-29T17:57:59","guid":{"rendered":"https:\/\/volthium.com\/?post_type=product&#038;p=7537"},"modified":"2025-10-01T12:55:17","modified_gmt":"2025-10-01T16:55:17","slug":"batterie-12v-50ah-plus","status":"publish","type":"product","link":"https:\/\/volthium.com\/fr\/produit\/batterie-12v-50ah-plus\/","title":{"rendered":"Batterie 12V 50Ah Plus"},"content":{"rendered":"<p data-start=\"311\" data-end=\"668\">Notre 12V 50Ah Plus est une batterie lithium LiFePO\u2084 haut de gamme con\u00e7ue \u00e0 double usage. Nous l&rsquo;avons con\u00e7u pour offrir \u00e0 la fois une puissance de d\u00e9marrage fiable et une capacit\u00e9 de d\u00e9charge profonde.<\/p>\n<p data-start=\"72\" data-end=\"480\">Gr\u00e2ce \u00e0 sa technologie \u00e0 double usage, elle permet de d\u00e9marrer les moteurs \u00e0 essence des bateaux de p\u00eache tout en offrant une capacit\u00e9 suffisante pour alimenter les appareils \u00e0 bord pendant de longues p\u00e9riodes. Ses fonctionnalit\u00e9s avanc\u00e9es ne la r\u00e9servent pas uniquement \u00e0 un usage nautique : elle se distingue par une polyvalence exceptionnelle, faisant d\u2019elle un partenaire id\u00e9al pour toutes vos aventures.<\/p>\n<p data-start=\"670\" data-end=\"1027\">Son bo\u00eetier \u00e9tanche <strong data-start=\"690\" data-end=\"698\">IP66<\/strong> prot\u00e8ge efficacement contre la poussi\u00e8re et les jets d\u2019eau puissants, ce qui en fait une solution robuste, m\u00eame dans des environnements exigeants. Son BMS intelligent et robuste offre des fonctionnalit\u00e9s uniques telles que la fonctionnalit\u00e9 auto-chauffante ou encore le<strong data-start=\"850\" data-end=\"892\">\u00a0Bluetooth int\u00e9gr\u00e9<\/strong> permettant de surveiller en temps r\u00e9el la tension, le courant, la temp\u00e9rature et l\u2019\u00e9tat de charge \u00e0 partir de votre t\u00e9l\u00e9phone intelligent et de notre application mobile d\u00e9di\u00e9e.<\/p>\n<p data-start=\"1029\" data-end=\"1228\"><strong>Compacte, l\u00e9g\u00e8re<\/strong> et ne n\u00e9cessitant <strong>aucun entretien<\/strong>, notre batterie Volthium 12V 50Ah Plus offre une alternative moderne et durable aux batteries traditionnelles acide-plomb, tout en maximisant la performance et la tranquillit\u00e9 d\u2019esprit dont vous avez besoin.<\/p>\n<p>Faciles et rapides \u00e0 installer sur toute vos installations, cette batterie vous offrent un temps de charge plus court et une capacit\u00e9 \u00e9nerg\u00e9tique in\u00e9gal\u00e9e dans un format <strong>BCI 22NF<\/strong> avec des performances qui ne\u00a0 s&rsquo;essoufflent\u00a0 pas au fil des ans.<\/p>\n","protected":false},"excerpt":{"rendered":"<p>La batterie<strong>\u00a0 12V 50Ah Plus <\/strong>est \u00e0 double usage &#8211; d\u00e9marrage et d\u00e9charge profonde. Elle vous permet de d\u00e9marrer vos moteurs de bateaux et d&rsquo;avoir suffisamment d&rsquo;\u00e9nergie pour alimenter vos appareils pendant vos sorties sur l&rsquo;eau.<\/p>\n","protected":false},"featured_media":7560,"comment_status":"open","ping_status":"closed","template":"","meta":{"_acf_changed":false,"inline_featured_image":false,"site-sidebar-layout":"default","site-content-layout":"","ast-site-content-layout":"default","site-content-style":"default","site-sidebar-style":"default","ast-global-header-display":"","ast-banner-title-visibility":"","ast-main-header-display":"","ast-hfb-above-header-display":"","ast-hfb-below-header-display":"","ast-hfb-mobile-header-display":"","site-post-title":"","ast-breadcrumbs-content":"","ast-featured-img":"","footer-sml-layout":"","ast-disable-related-posts":"","theme-transparent-header-meta":"default","adv-header-id-meta":"","stick-header-meta":"","header-above-stick-meta":"","header-main-stick-meta":"","header-below-stick-meta":"","astra-migrate-meta-layouts":"set","ast-page-background-enabled":"default","ast-page-background-meta":{"desktop":{"background-color":"var(--ast-global-color-4)","background-image":"","background-repeat":"repeat","background-position":"center center","background-size":"auto","background-attachment":"scroll","background-type":"","background-media":"","overlay-type":"","overlay-color":"","overlay-opacity":"","overlay-gradient":""},"tablet":{"background-color":"","background-image":"","background-repeat":"repeat","background-position":"center center","background-size":"auto","background-attachment":"scroll","background-type":"","background-media":"","overlay-type":"","overlay-color":"","overlay-opacity":"","overlay-gradient":""},"mobile":{"background-color":"","background-image":"","background-repeat":"repeat","background-position":"center center","background-size":"auto","background-attachment":"scroll","background-type":"","background-media":"","overlay-type":"","overlay-color":"","overlay-opacity":"","overlay-gradient":""}},"ast-content-background-meta":{"desktop":{"background-color":"var(--ast-global-color-5)","background-image":"","background-repeat":"repeat","background-position":"center center","background-size":"auto","background-attachment":"scroll","background-type":"","background-media":"","overlay-type":"","overlay-color":"","overlay-opacity":"","overlay-gradient":""},"tablet":{"background-color":"var(--ast-global-color-5)","background-image":"","background-repeat":"repeat","background-position":"center center","background-size":"auto","background-attachment":"scroll","background-type":"","background-media":"","overlay-type":"","overlay-color":"","overlay-opacity":"","overlay-gradient":""},"mobile":{"background-color":"var(--ast-global-color-5)","background-image":"","background-repeat":"repeat","background-position":"center center","background-size":"auto","background-attachment":"scroll","background-type":"","background-media":"","overlay-type":"","overlay-color":"","overlay-opacity":"","overlay-gradient":""}}},"product_brand":[],"product_cat":[23,18],"product_tag":[213,46],"class_list":{"0":"post-7537","1":"product","2":"type-product","3":"status-publish","4":"has-post-thumbnail","6":"product_cat-12v","7":"product_cat-batteries","8":"product_tag-1250plus","9":"product_tag-12v","10":"desktop-align-left","11":"tablet-align-left","12":"mobile-align-left","14":"first","15":"instock","16":"taxable","17":"shipping-taxable","18":"purchasable","19":"product-type-simple"},"acf":[],"yoast_head":"<!-- This site is optimized with the Yoast SEO plugin v27.3 - https:\/\/yoast.com\/product\/yoast-seo-wordpress\/ -->\n<title>Batterie 12V 50Ah Plus - Volthium<\/title>\n<meta name=\"description\" content=\"Batterie 12V 50Ah Plus double usage - d\u00e9marrage et d\u00e9charge profonde. D\u00e9marre votre moteur de bateau et alimente vos appareils pendant vos aventures.\" \/>\n<meta name=\"robots\" content=\"index, follow, max-snippet:-1, max-image-preview:large, max-video-preview:-1\" \/>\n<link rel=\"canonical\" href=\"https:\/\/volthium.com\/fr\/produit\/batterie-12v-50ah-plus\/\" \/>\n<meta property=\"og:locale\" content=\"fr_CA\" \/>\n<meta property=\"og:type\" content=\"article\" \/>\n<meta property=\"og:title\" content=\"Batterie 12V 50Ah Plus - Volthium\" \/>\n<meta property=\"og:description\" content=\"Batterie 12V 50Ah Plus double usage - d\u00e9marrage et d\u00e9charge profonde. D\u00e9marre votre moteur de bateau et alimente vos appareils pendant vos aventures.\" \/>\n<meta property=\"og:url\" content=\"https:\/\/volthium.com\/fr\/produit\/batterie-12v-50ah-plus\/\" \/>\n<meta property=\"og:site_name\" content=\"Volthium\" \/>\n<meta property=\"article:modified_time\" content=\"2025-10-01T16:55:17+00:00\" \/>\n<meta property=\"og:image\" content=\"https:\/\/volthium.com\/wp-content\/uploads\/2025\/05\/Batterie-12-V-50-Ah-Plus_Detoure-01_Rectangle.png\" \/>\n\t<meta property=\"og:image:width\" content=\"1959\" \/>\n\t<meta property=\"og:image:height\" content=\"858\" \/>\n\t<meta property=\"og:image:type\" content=\"image\/png\" \/>\n<meta name=\"twitter:card\" content=\"summary_large_image\" \/>\n<meta name=\"twitter:label1\" content=\"Estimation du temps de lecture\" \/>\n\t<meta name=\"twitter:data1\" content=\"2 minutes\" \/>\n<script type=\"application\/ld+json\" class=\"yoast-schema-graph\">{\"@context\":\"https:\\\/\\\/schema.org\",\"@graph\":[{\"@type\":\"WebPage\",\"@id\":\"https:\\\/\\\/volthium.com\\\/fr\\\/produit\\\/batterie-12v-50ah-plus\\\/\",\"url\":\"https:\\\/\\\/volthium.com\\\/fr\\\/produit\\\/batterie-12v-50ah-plus\\\/\",\"name\":\"Batterie 12V 50Ah Plus - Volthium\",\"isPartOf\":{\"@id\":\"https:\\\/\\\/volthium.com\\\/fr\\\/#website\"},\"primaryImageOfPage\":{\"@id\":\"https:\\\/\\\/volthium.com\\\/fr\\\/produit\\\/batterie-12v-50ah-plus\\\/#primaryimage\"},\"image\":{\"@id\":\"https:\\\/\\\/volthium.com\\\/fr\\\/produit\\\/batterie-12v-50ah-plus\\\/#primaryimage\"},\"thumbnailUrl\":\"https:\\\/\\\/volthium.com\\\/wp-content\\\/uploads\\\/2025\\\/05\\\/Batterie-12-V-50-Ah-Plus_Detoure-01_Rectangle.png\",\"datePublished\":\"2025-05-29T17:57:59+00:00\",\"dateModified\":\"2025-10-01T16:55:17+00:00\",\"description\":\"Batterie 12V 50Ah Plus double usage - d\u00e9marrage et d\u00e9charge profonde. D\u00e9marre votre moteur de bateau et alimente vos appareils pendant vos aventures.\",\"breadcrumb\":{\"@id\":\"https:\\\/\\\/volthium.com\\\/fr\\\/produit\\\/batterie-12v-50ah-plus\\\/#breadcrumb\"},\"inLanguage\":\"fr-CA\",\"potentialAction\":[{\"@type\":\"ReadAction\",\"target\":[\"https:\\\/\\\/volthium.com\\\/fr\\\/produit\\\/batterie-12v-50ah-plus\\\/\"]}]},{\"@type\":\"ImageObject\",\"inLanguage\":\"fr-CA\",\"@id\":\"https:\\\/\\\/volthium.com\\\/fr\\\/produit\\\/batterie-12v-50ah-plus\\\/#primaryimage\",\"url\":\"https:\\\/\\\/volthium.com\\\/wp-content\\\/uploads\\\/2025\\\/05\\\/Batterie-12-V-50-Ah-Plus_Detoure-01_Rectangle.png\",\"contentUrl\":\"https:\\\/\\\/volthium.com\\\/wp-content\\\/uploads\\\/2025\\\/05\\\/Batterie-12-V-50-Ah-Plus_Detoure-01_Rectangle.png\",\"width\":1959,\"height\":858},{\"@type\":\"BreadcrumbList\",\"@id\":\"https:\\\/\\\/volthium.com\\\/fr\\\/produit\\\/batterie-12v-50ah-plus\\\/#breadcrumb\",\"itemListElement\":[{\"@type\":\"ListItem\",\"position\":1,\"name\":\"Accueil\",\"item\":\"https:\\\/\\\/volthium.com\\\/fr\\\/\"},{\"@type\":\"ListItem\",\"position\":2,\"name\":\"Boutique en ligne\",\"item\":\"https:\\\/\\\/volthium.com\\\/fr\\\/boutique\\\/\"},{\"@type\":\"ListItem\",\"position\":3,\"name\":\"Batterie 12V 50Ah Plus\"}]},{\"@type\":\"WebSite\",\"@id\":\"https:\\\/\\\/volthium.com\\\/fr\\\/#website\",\"url\":\"https:\\\/\\\/volthium.com\\\/fr\\\/\",\"name\":\"Volthium\",\"description\":\"Logo Volthium\",\"publisher\":{\"@id\":\"https:\\\/\\\/volthium.com\\\/fr\\\/#organization\"},\"potentialAction\":[{\"@type\":\"SearchAction\",\"target\":{\"@type\":\"EntryPoint\",\"urlTemplate\":\"https:\\\/\\\/volthium.com\\\/fr\\\/?s={search_term_string}\"},\"query-input\":{\"@type\":\"PropertyValueSpecification\",\"valueRequired\":true,\"valueName\":\"search_term_string\"}}],\"inLanguage\":\"fr-CA\"},{\"@type\":\"Organization\",\"@id\":\"https:\\\/\\\/volthium.com\\\/fr\\\/#organization\",\"name\":\"Volthium\",\"url\":\"https:\\\/\\\/volthium.com\\\/fr\\\/\",\"logo\":{\"@type\":\"ImageObject\",\"inLanguage\":\"fr-CA\",\"@id\":\"https:\\\/\\\/volthium.com\\\/fr\\\/#\\\/schema\\\/logo\\\/image\\\/\",\"url\":\"https:\\\/\\\/volthium.com\\\/wp-content\\\/uploads\\\/2024\\\/01\\\/Logo-Volthium_Sans-energie.svg\",\"contentUrl\":\"https:\\\/\\\/volthium.com\\\/wp-content\\\/uploads\\\/2024\\\/01\\\/Logo-Volthium_Sans-energie.svg\",\"width\":793,\"height\":453,\"caption\":\"Volthium\"},\"image\":{\"@id\":\"https:\\\/\\\/volthium.com\\\/fr\\\/#\\\/schema\\\/logo\\\/image\\\/\"}}]}<\/script>\n<!-- \/ Yoast SEO plugin. -->","yoast_head_json":{"title":"Batterie 12V 50Ah Plus - Volthium","description":"Batterie 12V 50Ah Plus double usage - d\u00e9marrage et d\u00e9charge profonde. D\u00e9marre votre moteur de bateau et alimente vos appareils pendant vos aventures.","robots":{"index":"index","follow":"follow","max-snippet":"max-snippet:-1","max-image-preview":"max-image-preview:large","max-video-preview":"max-video-preview:-1"},"canonical":"https:\/\/volthium.com\/fr\/produit\/batterie-12v-50ah-plus\/","og_locale":"fr_CA","og_type":"article","og_title":"Batterie 12V 50Ah Plus - Volthium","og_description":"Batterie 12V 50Ah Plus double usage - d\u00e9marrage et d\u00e9charge profonde. D\u00e9marre votre moteur de bateau et alimente vos appareils pendant vos aventures.","og_url":"https:\/\/volthium.com\/fr\/produit\/batterie-12v-50ah-plus\/","og_site_name":"Volthium","article_modified_time":"2025-10-01T16:55:17+00:00","og_image":[{"width":1959,"height":858,"url":"https:\/\/volthium.com\/wp-content\/uploads\/2025\/05\/Batterie-12-V-50-Ah-Plus_Detoure-01_Rectangle.png","type":"image\/png"}],"twitter_card":"summary_large_image","twitter_misc":{"Estimation du temps de lecture":"2 minutes"},"schema":{"@context":"https:\/\/schema.org","@graph":[{"@type":"WebPage","@id":"https:\/\/volthium.com\/fr\/produit\/batterie-12v-50ah-plus\/","url":"https:\/\/volthium.com\/fr\/produit\/batterie-12v-50ah-plus\/","name":"Batterie 12V 50Ah Plus - Volthium","isPartOf":{"@id":"https:\/\/volthium.com\/fr\/#website"},"primaryImageOfPage":{"@id":"https:\/\/volthium.com\/fr\/produit\/batterie-12v-50ah-plus\/#primaryimage"},"image":{"@id":"https:\/\/volthium.com\/fr\/produit\/batterie-12v-50ah-plus\/#primaryimage"},"thumbnailUrl":"https:\/\/volthium.com\/wp-content\/uploads\/2025\/05\/Batterie-12-V-50-Ah-Plus_Detoure-01_Rectangle.png","datePublished":"2025-05-29T17:57:59+00:00","dateModified":"2025-10-01T16:55:17+00:00","description":"Batterie 12V 50Ah Plus double usage - d\u00e9marrage et d\u00e9charge profonde. D\u00e9marre votre moteur de bateau et alimente vos appareils pendant vos aventures.","breadcrumb":{"@id":"https:\/\/volthium.com\/fr\/produit\/batterie-12v-50ah-plus\/#breadcrumb"},"inLanguage":"fr-CA","potentialAction":[{"@type":"ReadAction","target":["https:\/\/volthium.com\/fr\/produit\/batterie-12v-50ah-plus\/"]}]},{"@type":"ImageObject","inLanguage":"fr-CA","@id":"https:\/\/volthium.com\/fr\/produit\/batterie-12v-50ah-plus\/#primaryimage","url":"https:\/\/volthium.com\/wp-content\/uploads\/2025\/05\/Batterie-12-V-50-Ah-Plus_Detoure-01_Rectangle.png","contentUrl":"https:\/\/volthium.com\/wp-content\/uploads\/2025\/05\/Batterie-12-V-50-Ah-Plus_Detoure-01_Rectangle.png","width":1959,"height":858},{"@type":"BreadcrumbList","@id":"https:\/\/volthium.com\/fr\/produit\/batterie-12v-50ah-plus\/#breadcrumb","itemListElement":[{"@type":"ListItem","position":1,"name":"Accueil","item":"https:\/\/volthium.com\/fr\/"},{"@type":"ListItem","position":2,"name":"Boutique en ligne","item":"https:\/\/volthium.com\/fr\/boutique\/"},{"@type":"ListItem","position":3,"name":"Batterie 12V 50Ah Plus"}]},{"@type":"WebSite","@id":"https:\/\/volthium.com\/fr\/#website","url":"https:\/\/volthium.com\/fr\/","name":"Volthium","description":"Logo Volthium","publisher":{"@id":"https:\/\/volthium.com\/fr\/#organization"},"potentialAction":[{"@type":"SearchAction","target":{"@type":"EntryPoint","urlTemplate":"https:\/\/volthium.com\/fr\/?s={search_term_string}"},"query-input":{"@type":"PropertyValueSpecification","valueRequired":true,"valueName":"search_term_string"}}],"inLanguage":"fr-CA"},{"@type":"Organization","@id":"https:\/\/volthium.com\/fr\/#organization","name":"Volthium","url":"https:\/\/volthium.com\/fr\/","logo":{"@type":"ImageObject","inLanguage":"fr-CA","@id":"https:\/\/volthium.com\/fr\/#\/schema\/logo\/image\/","url":"https:\/\/volthium.com\/wp-content\/uploads\/2024\/01\/Logo-Volthium_Sans-energie.svg","contentUrl":"https:\/\/volthium.com\/wp-content\/uploads\/2024\/01\/Logo-Volthium_Sans-energie.svg","width":793,"height":453,"caption":"Volthium"},"image":{"@id":"https:\/\/volthium.com\/fr\/#\/schema\/logo\/image\/"}}]}},"_links":{"self":[{"href":"https:\/\/volthium.com\/fr\/wp-json\/wp\/v2\/product\/7537","targetHints":{"allow":["GET"]}}],"collection":[{"href":"https:\/\/volthium.com\/fr\/wp-json\/wp\/v2\/product"}],"about":[{"href":"https:\/\/volthium.com\/fr\/wp-json\/wp\/v2\/types\/product"}],"replies":[{"embeddable":true,"href":"https:\/\/volthium.com\/fr\/wp-json\/wp\/v2\/comments?post=7537"}],"wp:featuredmedia":[{"embeddable":true,"href":"https:\/\/volthium.com\/fr\/wp-json\/wp\/v2\/media\/7560"}],"wp:attachment":[{"href":"https:\/\/volthium.com\/fr\/wp-json\/wp\/v2\/media?parent=7537"}],"wp:term":[{"taxonomy":"product_brand","embeddable":true,"href":"https:\/\/volthium.com\/fr\/wp-json\/wp\/v2\/product_brand?post=7537"},{"taxonomy":"product_cat","embeddable":true,"href":"https:\/\/volthium.com\/fr\/wp-json\/wp\/v2\/product_cat?post=7537"},{"taxonomy":"product_tag","embeddable":true,"href":"https:\/\/volthium.com\/fr\/wp-json\/wp\/v2\/product_tag?post=7537"}],"curies":[{"name":"wp","href":"https:\/\/api.w.org\/{rel}","templated":true}]}}