{"id":7182,"date":"2025-04-01T15:34:54","date_gmt":"2025-04-01T19:34:54","guid":{"rendered":"https:\/\/volthium.com\/?post_type=product&#038;p=7182"},"modified":"2026-02-02T10:23:23","modified_gmt":"2026-02-02T15:23:23","slug":"chargeur-dc-14-6v-15a","status":"publish","type":"product","link":"https:\/\/volthium.com\/fr\/produit\/chargeur-dc-14-6v-15a\/","title":{"rendered":"CHARGEUR DC 14.6V 15A"},"content":{"rendered":"<p>Notre chargeur DC 14.4V 15A sp\u00e9cialement con\u00e7u pour vos batteries au lithium 12V !<\/p>\n<p>Il offre jusqu&rsquo;\u00e0 15A de courant de charge, il peut charger vos batteries <strong>LiFePO4 12v plus rapidement qu&rsquo;avec notre chargeur 5A.<\/strong><\/p>\n<p>Dispose de la technologie n\u00e9cessaire pour r\u00e9activer une batterie en mode de protection contre la basse tension (Low Voltage Cut-Off\/Cut-Out).<\/p>\n<p>Branchez-le dans une prise 110 ou 120 V, fixez les pinces sur les bornes de la batterie (noir sur noir, rouge sur rouge), et le tour est jou\u00e9! Il ne vous reste plus qu\u2019\u00e0 attendre pour que votre batterie se recharge compl\u00e8tement.<\/p>\n<p>&nbsp;<\/p>\n<h3 class=\"\" data-start=\"151\" data-end=\"185\">PRINCIPALES CARACT\u00c9RISTIQUES<\/h3>\n<ul data-start=\"186\" data-end=\"524\">\n<li class=\"\" data-start=\"186\" data-end=\"207\">\n<p class=\"\" data-start=\"188\" data-end=\"207\">Facile \u00e0 utiliser (plug-n-play \/ Pr\u00eat \u00e0 l&#8217;emploi)<\/p>\n<\/li>\n<li class=\"\" data-start=\"186\" data-end=\"207\">\n<p class=\"\" data-start=\"188\" data-end=\"207\">L\u00e9ger et compact pour sa puissance<\/p>\n<\/li>\n<li class=\"\" data-start=\"247\" data-end=\"386\">\n<p class=\"\" data-start=\"249\" data-end=\"386\">Technologie int\u00e9gr\u00e9e permettant de r\u00e9activer une batterie en mode de protection contre la basse tension (Low Voltage Cut-Off \/ Cut-Out)<\/p>\n<\/li>\n<li class=\"\" data-start=\"387\" data-end=\"402\">\n<p class=\"\" data-start=\"389\" data-end=\"402\">Certifi\u00e9 UL<\/p>\n<\/li>\n<li class=\"\" data-start=\"424\" data-end=\"465\">\n<p class=\"\" data-start=\"426\" data-end=\"465\">Protection contre les courts-circuits<\/p>\n<\/li>\n<li class=\"\" data-start=\"466\" data-end=\"524\">\n<p class=\"\" data-start=\"468\" data-end=\"524\">Dur\u00e9e de vie de 30 000 heures \u00e0 pleine puissance (25\u202f\u00b0C)<\/p>\n<\/li>\n<li>Garantie de 1 an<\/li>\n<\/ul>\n","protected":false},"excerpt":{"rendered":"<p>Notre chargeur DC 14.4V 15A sp\u00e9cialement con\u00e7u pour vos batteries au lithium 12V ! Il offre jusqu&rsquo;\u00e0 15A de courant de charge, il peut charger vos batteries <strong>LiFePO4 12v.<\/strong><\/p>\n","protected":false},"featured_media":7179,"comment_status":"open","ping_status":"closed","template":"","meta":{"_acf_changed":false,"inline_featured_image":false,"site-sidebar-layout":"default","site-content-layout":"","ast-site-content-layout":"default","site-content-style":"default","site-sidebar-style":"default","ast-global-header-display":"","ast-banner-title-visibility":"","ast-main-header-display":"","ast-hfb-above-header-display":"","ast-hfb-below-header-display":"","ast-hfb-mobile-header-display":"","site-post-title":"","ast-breadcrumbs-content":"","ast-featured-img":"","footer-sml-layout":"","ast-disable-related-posts":"","theme-transparent-header-meta":"default","adv-header-id-meta":"","stick-header-meta":"","header-above-stick-meta":"","header-main-stick-meta":"","header-below-stick-meta":"","astra-migrate-meta-layouts":"set","ast-page-background-enabled":"default","ast-page-background-meta":{"desktop":{"background-color":"var(--ast-global-color-4)","background-image":"","background-repeat":"repeat","background-position":"center center","background-size":"auto","background-attachment":"scroll","background-type":"","background-media":"","overlay-type":"","overlay-color":"","overlay-opacity":"","overlay-gradient":""},"tablet":{"background-color":"","background-image":"","background-repeat":"repeat","background-position":"center center","background-size":"auto","background-attachment":"scroll","background-type":"","background-media":"","overlay-type":"","overlay-color":"","overlay-opacity":"","overlay-gradient":""},"mobile":{"background-color":"","background-image":"","background-repeat":"repeat","background-position":"center center","background-size":"auto","background-attachment":"scroll","background-type":"","background-media":"","overlay-type":"","overlay-color":"","overlay-opacity":"","overlay-gradient":""}},"ast-content-background-meta":{"desktop":{"background-color":"var(--ast-global-color-5)","background-image":"","background-repeat":"repeat","background-position":"center center","background-size":"auto","background-attachment":"scroll","background-type":"","background-media":"","overlay-type":"","overlay-color":"","overlay-opacity":"","overlay-gradient":""},"tablet":{"background-color":"var(--ast-global-color-5)","background-image":"","background-repeat":"repeat","background-position":"center center","background-size":"auto","background-attachment":"scroll","background-type":"","background-media":"","overlay-type":"","overlay-color":"","overlay-opacity":"","overlay-gradient":""},"mobile":{"background-color":"var(--ast-global-color-5)","background-image":"","background-repeat":"repeat","background-position":"center center","background-size":"auto","background-attachment":"scroll","background-type":"","background-media":"","overlay-type":"","overlay-color":"","overlay-opacity":"","overlay-gradient":""}}},"product_brand":[],"product_cat":[24],"product_tag":[],"class_list":{"0":"post-7182","1":"product","2":"type-product","3":"status-publish","4":"has-post-thumbnail","6":"product_cat-chargeur","7":"desktop-align-left","8":"tablet-align-left","9":"mobile-align-left","11":"first","12":"instock","13":"taxable","14":"shipping-taxable","15":"purchasable","16":"product-type-simple"},"acf":[],"yoast_head":"<!-- This site is optimized with the Yoast SEO plugin v27.3 - https:\/\/yoast.com\/product\/yoast-seo-wordpress\/ -->\n<title>CHARGEUR DC 14.6V 15A - Volthium<\/title>\n<meta name=\"description\" content=\"Ce chargeur 14.4V offre jusqu&#039;\u00e0 15A de courant de charge, et permet de recharger et de r\u00e9veiller vos batteries LiFePO4 12V.\" \/>\n<meta name=\"robots\" content=\"index, follow, max-snippet:-1, max-image-preview:large, max-video-preview:-1\" \/>\n<link rel=\"canonical\" href=\"https:\/\/volthium.com\/fr\/produit\/chargeur-dc-14-6v-15a\/\" \/>\n<meta property=\"og:locale\" content=\"fr_CA\" \/>\n<meta property=\"og:type\" content=\"article\" \/>\n<meta property=\"og:title\" content=\"CHARGEUR DC 14.6V 15A - Volthium\" \/>\n<meta property=\"og:description\" content=\"Ce chargeur 14.4V offre jusqu&#039;\u00e0 15A de courant de charge, et permet de recharger et de r\u00e9veiller vos batteries LiFePO4 12V.\" \/>\n<meta property=\"og:url\" content=\"https:\/\/volthium.com\/fr\/produit\/chargeur-dc-14-6v-15a\/\" \/>\n<meta property=\"og:site_name\" content=\"Volthium\" \/>\n<meta property=\"article:modified_time\" content=\"2026-02-02T15:23:23+00:00\" \/>\n<meta property=\"og:image\" content=\"https:\/\/volthium.com\/wp-content\/uploads\/2025\/04\/Chargeur-5A_Detoure-01_Rectangle.png\" \/>\n\t<meta property=\"og:image:width\" content=\"1959\" \/>\n\t<meta property=\"og:image:height\" content=\"858\" \/>\n\t<meta property=\"og:image:type\" content=\"image\/png\" \/>\n<meta name=\"twitter:card\" content=\"summary_large_image\" \/>\n<meta name=\"twitter:label1\" content=\"Estimation du temps de lecture\" \/>\n\t<meta name=\"twitter:data1\" content=\"1 minute\" \/>\n<script type=\"application\/ld+json\" class=\"yoast-schema-graph\">{\"@context\":\"https:\\\/\\\/schema.org\",\"@graph\":[{\"@type\":\"WebPage\",\"@id\":\"https:\\\/\\\/volthium.com\\\/fr\\\/produit\\\/chargeur-dc-14-6v-15a\\\/\",\"url\":\"https:\\\/\\\/volthium.com\\\/fr\\\/produit\\\/chargeur-dc-14-6v-15a\\\/\",\"name\":\"CHARGEUR DC 14.6V 15A - Volthium\",\"isPartOf\":{\"@id\":\"https:\\\/\\\/volthium.com\\\/fr\\\/#website\"},\"primaryImageOfPage\":{\"@id\":\"https:\\\/\\\/volthium.com\\\/fr\\\/produit\\\/chargeur-dc-14-6v-15a\\\/#primaryimage\"},\"image\":{\"@id\":\"https:\\\/\\\/volthium.com\\\/fr\\\/produit\\\/chargeur-dc-14-6v-15a\\\/#primaryimage\"},\"thumbnailUrl\":\"https:\\\/\\\/volthium.com\\\/wp-content\\\/uploads\\\/2025\\\/04\\\/Chargeur-5A_Detoure-01_Rectangle.png\",\"datePublished\":\"2025-04-01T19:34:54+00:00\",\"dateModified\":\"2026-02-02T15:23:23+00:00\",\"description\":\"Ce chargeur 14.4V offre jusqu'\u00e0 15A de courant de charge, et permet de recharger et de r\u00e9veiller vos batteries LiFePO4 12V.\",\"breadcrumb\":{\"@id\":\"https:\\\/\\\/volthium.com\\\/fr\\\/produit\\\/chargeur-dc-14-6v-15a\\\/#breadcrumb\"},\"inLanguage\":\"fr-CA\",\"potentialAction\":[{\"@type\":\"ReadAction\",\"target\":[\"https:\\\/\\\/volthium.com\\\/fr\\\/produit\\\/chargeur-dc-14-6v-15a\\\/\"]}]},{\"@type\":\"ImageObject\",\"inLanguage\":\"fr-CA\",\"@id\":\"https:\\\/\\\/volthium.com\\\/fr\\\/produit\\\/chargeur-dc-14-6v-15a\\\/#primaryimage\",\"url\":\"https:\\\/\\\/volthium.com\\\/wp-content\\\/uploads\\\/2025\\\/04\\\/Chargeur-5A_Detoure-01_Rectangle.png\",\"contentUrl\":\"https:\\\/\\\/volthium.com\\\/wp-content\\\/uploads\\\/2025\\\/04\\\/Chargeur-5A_Detoure-01_Rectangle.png\",\"width\":1959,\"height\":858},{\"@type\":\"BreadcrumbList\",\"@id\":\"https:\\\/\\\/volthium.com\\\/fr\\\/produit\\\/chargeur-dc-14-6v-15a\\\/#breadcrumb\",\"itemListElement\":[{\"@type\":\"ListItem\",\"position\":1,\"name\":\"Accueil\",\"item\":\"https:\\\/\\\/volthium.com\\\/fr\\\/\"},{\"@type\":\"ListItem\",\"position\":2,\"name\":\"Boutique en ligne\",\"item\":\"https:\\\/\\\/volthium.com\\\/fr\\\/boutique\\\/\"},{\"@type\":\"ListItem\",\"position\":3,\"name\":\"CHARGEUR DC 14.6V 15A\"}]},{\"@type\":\"WebSite\",\"@id\":\"https:\\\/\\\/volthium.com\\\/fr\\\/#website\",\"url\":\"https:\\\/\\\/volthium.com\\\/fr\\\/\",\"name\":\"Volthium\",\"description\":\"Logo Volthium\",\"publisher\":{\"@id\":\"https:\\\/\\\/volthium.com\\\/fr\\\/#organization\"},\"potentialAction\":[{\"@type\":\"SearchAction\",\"target\":{\"@type\":\"EntryPoint\",\"urlTemplate\":\"https:\\\/\\\/volthium.com\\\/fr\\\/?s={search_term_string}\"},\"query-input\":{\"@type\":\"PropertyValueSpecification\",\"valueRequired\":true,\"valueName\":\"search_term_string\"}}],\"inLanguage\":\"fr-CA\"},{\"@type\":\"Organization\",\"@id\":\"https:\\\/\\\/volthium.com\\\/fr\\\/#organization\",\"name\":\"Volthium\",\"url\":\"https:\\\/\\\/volthium.com\\\/fr\\\/\",\"logo\":{\"@type\":\"ImageObject\",\"inLanguage\":\"fr-CA\",\"@id\":\"https:\\\/\\\/volthium.com\\\/fr\\\/#\\\/schema\\\/logo\\\/image\\\/\",\"url\":\"https:\\\/\\\/volthium.com\\\/wp-content\\\/uploads\\\/2024\\\/01\\\/Logo-Volthium_Sans-energie.svg\",\"contentUrl\":\"https:\\\/\\\/volthium.com\\\/wp-content\\\/uploads\\\/2024\\\/01\\\/Logo-Volthium_Sans-energie.svg\",\"width\":793,\"height\":453,\"caption\":\"Volthium\"},\"image\":{\"@id\":\"https:\\\/\\\/volthium.com\\\/fr\\\/#\\\/schema\\\/logo\\\/image\\\/\"}}]}<\/script>\n<!-- \/ Yoast SEO plugin. -->","yoast_head_json":{"title":"CHARGEUR DC 14.6V 15A - Volthium","description":"Ce chargeur 14.4V offre jusqu'\u00e0 15A de courant de charge, et permet de recharger et de r\u00e9veiller vos batteries LiFePO4 12V.","robots":{"index":"index","follow":"follow","max-snippet":"max-snippet:-1","max-image-preview":"max-image-preview:large","max-video-preview":"max-video-preview:-1"},"canonical":"https:\/\/volthium.com\/fr\/produit\/chargeur-dc-14-6v-15a\/","og_locale":"fr_CA","og_type":"article","og_title":"CHARGEUR DC 14.6V 15A - Volthium","og_description":"Ce chargeur 14.4V offre jusqu'\u00e0 15A de courant de charge, et permet de recharger et de r\u00e9veiller vos batteries LiFePO4 12V.","og_url":"https:\/\/volthium.com\/fr\/produit\/chargeur-dc-14-6v-15a\/","og_site_name":"Volthium","article_modified_time":"2026-02-02T15:23:23+00:00","og_image":[{"width":1959,"height":858,"url":"https:\/\/volthium.com\/wp-content\/uploads\/2025\/04\/Chargeur-5A_Detoure-01_Rectangle.png","type":"image\/png"}],"twitter_card":"summary_large_image","twitter_misc":{"Estimation du temps de lecture":"1 minute"},"schema":{"@context":"https:\/\/schema.org","@graph":[{"@type":"WebPage","@id":"https:\/\/volthium.com\/fr\/produit\/chargeur-dc-14-6v-15a\/","url":"https:\/\/volthium.com\/fr\/produit\/chargeur-dc-14-6v-15a\/","name":"CHARGEUR DC 14.6V 15A - Volthium","isPartOf":{"@id":"https:\/\/volthium.com\/fr\/#website"},"primaryImageOfPage":{"@id":"https:\/\/volthium.com\/fr\/produit\/chargeur-dc-14-6v-15a\/#primaryimage"},"image":{"@id":"https:\/\/volthium.com\/fr\/produit\/chargeur-dc-14-6v-15a\/#primaryimage"},"thumbnailUrl":"https:\/\/volthium.com\/wp-content\/uploads\/2025\/04\/Chargeur-5A_Detoure-01_Rectangle.png","datePublished":"2025-04-01T19:34:54+00:00","dateModified":"2026-02-02T15:23:23+00:00","description":"Ce chargeur 14.4V offre jusqu'\u00e0 15A de courant de charge, et permet de recharger et de r\u00e9veiller vos batteries LiFePO4 12V.","breadcrumb":{"@id":"https:\/\/volthium.com\/fr\/produit\/chargeur-dc-14-6v-15a\/#breadcrumb"},"inLanguage":"fr-CA","potentialAction":[{"@type":"ReadAction","target":["https:\/\/volthium.com\/fr\/produit\/chargeur-dc-14-6v-15a\/"]}]},{"@type":"ImageObject","inLanguage":"fr-CA","@id":"https:\/\/volthium.com\/fr\/produit\/chargeur-dc-14-6v-15a\/#primaryimage","url":"https:\/\/volthium.com\/wp-content\/uploads\/2025\/04\/Chargeur-5A_Detoure-01_Rectangle.png","contentUrl":"https:\/\/volthium.com\/wp-content\/uploads\/2025\/04\/Chargeur-5A_Detoure-01_Rectangle.png","width":1959,"height":858},{"@type":"BreadcrumbList","@id":"https:\/\/volthium.com\/fr\/produit\/chargeur-dc-14-6v-15a\/#breadcrumb","itemListElement":[{"@type":"ListItem","position":1,"name":"Accueil","item":"https:\/\/volthium.com\/fr\/"},{"@type":"ListItem","position":2,"name":"Boutique en ligne","item":"https:\/\/volthium.com\/fr\/boutique\/"},{"@type":"ListItem","position":3,"name":"CHARGEUR DC 14.6V 15A"}]},{"@type":"WebSite","@id":"https:\/\/volthium.com\/fr\/#website","url":"https:\/\/volthium.com\/fr\/","name":"Volthium","description":"Logo Volthium","publisher":{"@id":"https:\/\/volthium.com\/fr\/#organization"},"potentialAction":[{"@type":"SearchAction","target":{"@type":"EntryPoint","urlTemplate":"https:\/\/volthium.com\/fr\/?s={search_term_string}"},"query-input":{"@type":"PropertyValueSpecification","valueRequired":true,"valueName":"search_term_string"}}],"inLanguage":"fr-CA"},{"@type":"Organization","@id":"https:\/\/volthium.com\/fr\/#organization","name":"Volthium","url":"https:\/\/volthium.com\/fr\/","logo":{"@type":"ImageObject","inLanguage":"fr-CA","@id":"https:\/\/volthium.com\/fr\/#\/schema\/logo\/image\/","url":"https:\/\/volthium.com\/wp-content\/uploads\/2024\/01\/Logo-Volthium_Sans-energie.svg","contentUrl":"https:\/\/volthium.com\/wp-content\/uploads\/2024\/01\/Logo-Volthium_Sans-energie.svg","width":793,"height":453,"caption":"Volthium"},"image":{"@id":"https:\/\/volthium.com\/fr\/#\/schema\/logo\/image\/"}}]}},"_links":{"self":[{"href":"https:\/\/volthium.com\/fr\/wp-json\/wp\/v2\/product\/7182","targetHints":{"allow":["GET"]}}],"collection":[{"href":"https:\/\/volthium.com\/fr\/wp-json\/wp\/v2\/product"}],"about":[{"href":"https:\/\/volthium.com\/fr\/wp-json\/wp\/v2\/types\/product"}],"replies":[{"embeddable":true,"href":"https:\/\/volthium.com\/fr\/wp-json\/wp\/v2\/comments?post=7182"}],"wp:featuredmedia":[{"embeddable":true,"href":"https:\/\/volthium.com\/fr\/wp-json\/wp\/v2\/media\/7179"}],"wp:attachment":[{"href":"https:\/\/volthium.com\/fr\/wp-json\/wp\/v2\/media?parent=7182"}],"wp:term":[{"taxonomy":"product_brand","embeddable":true,"href":"https:\/\/volthium.com\/fr\/wp-json\/wp\/v2\/product_brand?post=7182"},{"taxonomy":"product_cat","embeddable":true,"href":"https:\/\/volthium.com\/fr\/wp-json\/wp\/v2\/product_cat?post=7182"},{"taxonomy":"product_tag","embeddable":true,"href":"https:\/\/volthium.com\/fr\/wp-json\/wp\/v2\/product_tag?post=7182"}],"curies":[{"name":"wp","href":"https:\/\/api.w.org\/{rel}","templated":true}]}}