{"id":6709,"date":"2025-02-18T11:29:25","date_gmt":"2025-02-18T16:29:25","guid":{"rendered":"https:\/\/volthium.com\/?post_type=product&#038;p=6709"},"modified":"2025-03-10T16:21:45","modified_gmt":"2025-03-10T20:21:45","slug":"chargeur-2-bank-20a-10a-par-sortie","status":"publish","type":"product","link":"https:\/\/volthium.com\/fr\/produit\/chargeur-2-bank-20a-10a-par-sortie\/","title":{"rendered":"CHARGEUR 2 BANK 20A \u2013 10A PAR SORTIE"},"content":{"rendered":"<p>Gardez les batteries de votre bateau charg\u00e9es avec notre chargeur lithium 12V (LiFePo4) 2 bank (10A par bank).<\/p>\n<p>Notre chargeur 2 bank peut charger simultan\u00e9ment 2 batteries lithium, AGM ou au plomb. Vous aurez donc toute la puissance dont vous avez besoin pour profiter de tout votre temps sur l&rsquo;eau sans jamais vous inqui\u00e9ter.<\/p>\n<p>Avec ce chargeur l\u00e9ger, abordable et performant, vous gagnerez du temps et profiterez de la simplicit\u00e9 de charger vos batteries avec un chargeur de batterie multi-banque.<\/p>\n<h3>AVANTAGE DE NOTRE CHARGEUR 2 BANK<\/h3>\n<ul>\n<li>Recharge vos batteries plus rapidement \u2013 10A par bank<\/li>\n<li>Charge jusqu&rsquo;\u00e0 2 batteries au lithium de 12 V \u00e0 la fois<\/li>\n<li>Peut charger des batteries plomb-acide et AGM<\/li>\n<li>Longueur de c\u00e2ble de 5 pieds<\/li>\n<li>Voyants de couleur qui indiquent l&rsquo;\u00e9tat de charge<\/li>\n<li>Certifi\u00e9 UL<\/li>\n<\/ul>\n<p>Notre chargeur marin 2 bank est certifi\u00e9 UL, Intertek et CSA. Il est l&rsquo;un des premiers chargeurs embarqu\u00e9s pour bateau hybride, il est capable de charger des batteries au lithium ainsi que des batteries au plomb ou AGM. L\u2019installation est simplifi\u00e9e gr\u00e2ce \u00e0 nos c\u00e2bles de 5 pieds sur chaque bank.<\/p>\n<p>Il est \u00e9quip\u00e9 de voyant lumineux permettant de savoir l&rsquo;\u00e9tat de charge des batteries.<\/p>\n<p>Certains chargeurs de batterie sont encombrants, lourds et peu pratiques mais le chargeur Volthium 2 bank p\u00e8se moins de 10 livres.<\/p>\n<p>&nbsp;<\/p>\n<p>Fiche technique : <a href=\"https:\/\/volthium.com\/wp-content\/uploads\/2025\/02\/Fiche-Technique-2025_2-bank-charger.pdf\">t\u00e9l\u00e9charger le document PDF<\/a><\/p>\n","protected":false},"excerpt":{"rendered":"<p>Notre chargeur 2 bank peut charger simultan\u00e9ment 2 batteries lithium, AGM ou au plomb. Vous aurez toute la puissance dont vous avez besoin pour profiter de tout votre temps sur l&rsquo;eau sans jamais vous inqui\u00e9ter.<\/p>\n","protected":false},"featured_media":6931,"comment_status":"open","ping_status":"closed","template":"","meta":{"_acf_changed":false,"inline_featured_image":false,"site-sidebar-layout":"default","site-content-layout":"","ast-site-content-layout":"default","site-content-style":"default","site-sidebar-style":"default","ast-global-header-display":"","ast-banner-title-visibility":"","ast-main-header-display":"","ast-hfb-above-header-display":"","ast-hfb-below-header-display":"","ast-hfb-mobile-header-display":"","site-post-title":"","ast-breadcrumbs-content":"","ast-featured-img":"","footer-sml-layout":"","ast-disable-related-posts":"","theme-transparent-header-meta":"default","adv-header-id-meta":"","stick-header-meta":"","header-above-stick-meta":"","header-main-stick-meta":"","header-below-stick-meta":"","astra-migrate-meta-layouts":"set","ast-page-background-enabled":"default","ast-page-background-meta":{"desktop":{"background-color":"var(--ast-global-color-4)","background-image":"","background-repeat":"repeat","background-position":"center center","background-size":"auto","background-attachment":"scroll","background-type":"","background-media":"","overlay-type":"","overlay-color":"","overlay-opacity":"","overlay-gradient":""},"tablet":{"background-color":"","background-image":"","background-repeat":"repeat","background-position":"center center","background-size":"auto","background-attachment":"scroll","background-type":"","background-media":"","overlay-type":"","overlay-color":"","overlay-opacity":"","overlay-gradient":""},"mobile":{"background-color":"","background-image":"","background-repeat":"repeat","background-position":"center center","background-size":"auto","background-attachment":"scroll","background-type":"","background-media":"","overlay-type":"","overlay-color":"","overlay-opacity":"","overlay-gradient":""}},"ast-content-background-meta":{"desktop":{"background-color":"var(--ast-global-color-5)","background-image":"","background-repeat":"repeat","background-position":"center center","background-size":"auto","background-attachment":"scroll","background-type":"","background-media":"","overlay-type":"","overlay-color":"","overlay-opacity":"","overlay-gradient":""},"tablet":{"background-color":"var(--ast-global-color-5)","background-image":"","background-repeat":"repeat","background-position":"center center","background-size":"auto","background-attachment":"scroll","background-type":"","background-media":"","overlay-type":"","overlay-color":"","overlay-opacity":"","overlay-gradient":""},"mobile":{"background-color":"var(--ast-global-color-5)","background-image":"","background-repeat":"repeat","background-position":"center center","background-size":"auto","background-attachment":"scroll","background-type":"","background-media":"","overlay-type":"","overlay-color":"","overlay-opacity":"","overlay-gradient":""}}},"product_brand":[],"product_cat":[24],"product_tag":[],"class_list":{"0":"post-6709","1":"product","2":"type-product","3":"status-publish","4":"has-post-thumbnail","6":"product_cat-chargeur","7":"desktop-align-left","8":"tablet-align-left","9":"mobile-align-left","11":"first","12":"instock","13":"taxable","14":"shipping-taxable","15":"purchasable","16":"product-type-simple"},"acf":[],"yoast_head":"<!-- This site is optimized with the Yoast SEO plugin v27.4 - https:\/\/yoast.com\/product\/yoast-seo-wordpress\/ -->\n<title>CHARGEUR 2 BANK 20A \u2013 10A PAR SORTIE<\/title>\n<meta name=\"description\" content=\"Notre chargeur 2 bank peut charger simultan\u00e9ment 2 batteries lithium, AGM ou au plomb. Vous aurez toute la puissance dont vous avez besoin.\" \/>\n<meta name=\"robots\" content=\"index, follow, max-snippet:-1, max-image-preview:large, max-video-preview:-1\" \/>\n<link rel=\"canonical\" href=\"https:\/\/volthium.com\/fr\/produit\/chargeur-2-bank-20a-10a-par-sortie\/\" \/>\n<meta property=\"og:locale\" content=\"fr_CA\" \/>\n<meta property=\"og:type\" content=\"article\" \/>\n<meta property=\"og:title\" content=\"CHARGEUR 2 BANK 20A \u2013 10A PAR SORTIE\" \/>\n<meta property=\"og:description\" content=\"Notre chargeur 2 bank peut charger simultan\u00e9ment 2 batteries lithium, AGM ou au plomb. Vous aurez toute la puissance dont vous avez besoin.\" \/>\n<meta property=\"og:url\" content=\"https:\/\/volthium.com\/fr\/produit\/chargeur-2-bank-20a-10a-par-sortie\/\" \/>\n<meta property=\"og:site_name\" content=\"Volthium\" \/>\n<meta property=\"article:modified_time\" content=\"2025-03-10T20:21:45+00:00\" \/>\n<meta property=\"og:image\" content=\"https:\/\/volthium.com\/wp-content\/uploads\/2025\/02\/2-bank_Detoure-02_Rectangle.png\" \/>\n\t<meta property=\"og:image:width\" content=\"1959\" \/>\n\t<meta property=\"og:image:height\" content=\"858\" \/>\n\t<meta property=\"og:image:type\" content=\"image\/png\" \/>\n<meta name=\"twitter:card\" content=\"summary_large_image\" \/>\n<meta name=\"twitter:label1\" content=\"Estimation du temps de lecture\" \/>\n\t<meta name=\"twitter:data1\" content=\"2 minutes\" \/>\n<script type=\"application\/ld+json\" class=\"yoast-schema-graph\">{\"@context\":\"https:\\\/\\\/schema.org\",\"@graph\":[{\"@type\":\"WebPage\",\"@id\":\"https:\\\/\\\/volthium.com\\\/fr\\\/produit\\\/chargeur-2-bank-20a-10a-par-sortie\\\/\",\"url\":\"https:\\\/\\\/volthium.com\\\/fr\\\/produit\\\/chargeur-2-bank-20a-10a-par-sortie\\\/\",\"name\":\"CHARGEUR 2 BANK 20A \u2013 10A PAR SORTIE\",\"isPartOf\":{\"@id\":\"https:\\\/\\\/volthium.com\\\/fr\\\/#website\"},\"primaryImageOfPage\":{\"@id\":\"https:\\\/\\\/volthium.com\\\/fr\\\/produit\\\/chargeur-2-bank-20a-10a-par-sortie\\\/#primaryimage\"},\"image\":{\"@id\":\"https:\\\/\\\/volthium.com\\\/fr\\\/produit\\\/chargeur-2-bank-20a-10a-par-sortie\\\/#primaryimage\"},\"thumbnailUrl\":\"https:\\\/\\\/volthium.com\\\/wp-content\\\/uploads\\\/2025\\\/02\\\/2-bank_Detoure-02_Rectangle.png\",\"datePublished\":\"2025-02-18T16:29:25+00:00\",\"dateModified\":\"2025-03-10T20:21:45+00:00\",\"description\":\"Notre chargeur 2 bank peut charger simultan\u00e9ment 2 batteries lithium, AGM ou au plomb. Vous aurez toute la puissance dont vous avez besoin.\",\"breadcrumb\":{\"@id\":\"https:\\\/\\\/volthium.com\\\/fr\\\/produit\\\/chargeur-2-bank-20a-10a-par-sortie\\\/#breadcrumb\"},\"inLanguage\":\"fr-CA\",\"potentialAction\":[{\"@type\":\"ReadAction\",\"target\":[\"https:\\\/\\\/volthium.com\\\/fr\\\/produit\\\/chargeur-2-bank-20a-10a-par-sortie\\\/\"]}]},{\"@type\":\"ImageObject\",\"inLanguage\":\"fr-CA\",\"@id\":\"https:\\\/\\\/volthium.com\\\/fr\\\/produit\\\/chargeur-2-bank-20a-10a-par-sortie\\\/#primaryimage\",\"url\":\"https:\\\/\\\/volthium.com\\\/wp-content\\\/uploads\\\/2025\\\/02\\\/2-bank_Detoure-02_Rectangle.png\",\"contentUrl\":\"https:\\\/\\\/volthium.com\\\/wp-content\\\/uploads\\\/2025\\\/02\\\/2-bank_Detoure-02_Rectangle.png\",\"width\":1959,\"height\":858},{\"@type\":\"BreadcrumbList\",\"@id\":\"https:\\\/\\\/volthium.com\\\/fr\\\/produit\\\/chargeur-2-bank-20a-10a-par-sortie\\\/#breadcrumb\",\"itemListElement\":[{\"@type\":\"ListItem\",\"position\":1,\"name\":\"Accueil\",\"item\":\"https:\\\/\\\/volthium.com\\\/fr\\\/\"},{\"@type\":\"ListItem\",\"position\":2,\"name\":\"Boutique en ligne\",\"item\":\"https:\\\/\\\/volthium.com\\\/fr\\\/boutique\\\/\"},{\"@type\":\"ListItem\",\"position\":3,\"name\":\"CHARGEUR 2 BANK 20A \u2013 10A PAR SORTIE\"}]},{\"@type\":\"WebSite\",\"@id\":\"https:\\\/\\\/volthium.com\\\/fr\\\/#website\",\"url\":\"https:\\\/\\\/volthium.com\\\/fr\\\/\",\"name\":\"Volthium\",\"description\":\"Logo Volthium\",\"publisher\":{\"@id\":\"https:\\\/\\\/volthium.com\\\/fr\\\/#organization\"},\"potentialAction\":[{\"@type\":\"SearchAction\",\"target\":{\"@type\":\"EntryPoint\",\"urlTemplate\":\"https:\\\/\\\/volthium.com\\\/fr\\\/?s={search_term_string}\"},\"query-input\":{\"@type\":\"PropertyValueSpecification\",\"valueRequired\":true,\"valueName\":\"search_term_string\"}}],\"inLanguage\":\"fr-CA\"},{\"@type\":\"Organization\",\"@id\":\"https:\\\/\\\/volthium.com\\\/fr\\\/#organization\",\"name\":\"Volthium\",\"url\":\"https:\\\/\\\/volthium.com\\\/fr\\\/\",\"logo\":{\"@type\":\"ImageObject\",\"inLanguage\":\"fr-CA\",\"@id\":\"https:\\\/\\\/volthium.com\\\/fr\\\/#\\\/schema\\\/logo\\\/image\\\/\",\"url\":\"https:\\\/\\\/volthium.com\\\/wp-content\\\/uploads\\\/2024\\\/01\\\/Logo-Volthium_Sans-energie.svg\",\"contentUrl\":\"https:\\\/\\\/volthium.com\\\/wp-content\\\/uploads\\\/2024\\\/01\\\/Logo-Volthium_Sans-energie.svg\",\"width\":793,\"height\":453,\"caption\":\"Volthium\"},\"image\":{\"@id\":\"https:\\\/\\\/volthium.com\\\/fr\\\/#\\\/schema\\\/logo\\\/image\\\/\"}}]}<\/script>\n<!-- \/ Yoast SEO plugin. -->","yoast_head_json":{"title":"CHARGEUR 2 BANK 20A \u2013 10A PAR SORTIE","description":"Notre chargeur 2 bank peut charger simultan\u00e9ment 2 batteries lithium, AGM ou au plomb. Vous aurez toute la puissance dont vous avez besoin.","robots":{"index":"index","follow":"follow","max-snippet":"max-snippet:-1","max-image-preview":"max-image-preview:large","max-video-preview":"max-video-preview:-1"},"canonical":"https:\/\/volthium.com\/fr\/produit\/chargeur-2-bank-20a-10a-par-sortie\/","og_locale":"fr_CA","og_type":"article","og_title":"CHARGEUR 2 BANK 20A \u2013 10A PAR SORTIE","og_description":"Notre chargeur 2 bank peut charger simultan\u00e9ment 2 batteries lithium, AGM ou au plomb. Vous aurez toute la puissance dont vous avez besoin.","og_url":"https:\/\/volthium.com\/fr\/produit\/chargeur-2-bank-20a-10a-par-sortie\/","og_site_name":"Volthium","article_modified_time":"2025-03-10T20:21:45+00:00","og_image":[{"width":1959,"height":858,"url":"https:\/\/volthium.com\/wp-content\/uploads\/2025\/02\/2-bank_Detoure-02_Rectangle.png","type":"image\/png"}],"twitter_card":"summary_large_image","twitter_misc":{"Estimation du temps de lecture":"2 minutes"},"schema":{"@context":"https:\/\/schema.org","@graph":[{"@type":"WebPage","@id":"https:\/\/volthium.com\/fr\/produit\/chargeur-2-bank-20a-10a-par-sortie\/","url":"https:\/\/volthium.com\/fr\/produit\/chargeur-2-bank-20a-10a-par-sortie\/","name":"CHARGEUR 2 BANK 20A \u2013 10A PAR SORTIE","isPartOf":{"@id":"https:\/\/volthium.com\/fr\/#website"},"primaryImageOfPage":{"@id":"https:\/\/volthium.com\/fr\/produit\/chargeur-2-bank-20a-10a-par-sortie\/#primaryimage"},"image":{"@id":"https:\/\/volthium.com\/fr\/produit\/chargeur-2-bank-20a-10a-par-sortie\/#primaryimage"},"thumbnailUrl":"https:\/\/volthium.com\/wp-content\/uploads\/2025\/02\/2-bank_Detoure-02_Rectangle.png","datePublished":"2025-02-18T16:29:25+00:00","dateModified":"2025-03-10T20:21:45+00:00","description":"Notre chargeur 2 bank peut charger simultan\u00e9ment 2 batteries lithium, AGM ou au plomb. Vous aurez toute la puissance dont vous avez besoin.","breadcrumb":{"@id":"https:\/\/volthium.com\/fr\/produit\/chargeur-2-bank-20a-10a-par-sortie\/#breadcrumb"},"inLanguage":"fr-CA","potentialAction":[{"@type":"ReadAction","target":["https:\/\/volthium.com\/fr\/produit\/chargeur-2-bank-20a-10a-par-sortie\/"]}]},{"@type":"ImageObject","inLanguage":"fr-CA","@id":"https:\/\/volthium.com\/fr\/produit\/chargeur-2-bank-20a-10a-par-sortie\/#primaryimage","url":"https:\/\/volthium.com\/wp-content\/uploads\/2025\/02\/2-bank_Detoure-02_Rectangle.png","contentUrl":"https:\/\/volthium.com\/wp-content\/uploads\/2025\/02\/2-bank_Detoure-02_Rectangle.png","width":1959,"height":858},{"@type":"BreadcrumbList","@id":"https:\/\/volthium.com\/fr\/produit\/chargeur-2-bank-20a-10a-par-sortie\/#breadcrumb","itemListElement":[{"@type":"ListItem","position":1,"name":"Accueil","item":"https:\/\/volthium.com\/fr\/"},{"@type":"ListItem","position":2,"name":"Boutique en ligne","item":"https:\/\/volthium.com\/fr\/boutique\/"},{"@type":"ListItem","position":3,"name":"CHARGEUR 2 BANK 20A \u2013 10A PAR SORTIE"}]},{"@type":"WebSite","@id":"https:\/\/volthium.com\/fr\/#website","url":"https:\/\/volthium.com\/fr\/","name":"Volthium","description":"Logo Volthium","publisher":{"@id":"https:\/\/volthium.com\/fr\/#organization"},"potentialAction":[{"@type":"SearchAction","target":{"@type":"EntryPoint","urlTemplate":"https:\/\/volthium.com\/fr\/?s={search_term_string}"},"query-input":{"@type":"PropertyValueSpecification","valueRequired":true,"valueName":"search_term_string"}}],"inLanguage":"fr-CA"},{"@type":"Organization","@id":"https:\/\/volthium.com\/fr\/#organization","name":"Volthium","url":"https:\/\/volthium.com\/fr\/","logo":{"@type":"ImageObject","inLanguage":"fr-CA","@id":"https:\/\/volthium.com\/fr\/#\/schema\/logo\/image\/","url":"https:\/\/volthium.com\/wp-content\/uploads\/2024\/01\/Logo-Volthium_Sans-energie.svg","contentUrl":"https:\/\/volthium.com\/wp-content\/uploads\/2024\/01\/Logo-Volthium_Sans-energie.svg","width":793,"height":453,"caption":"Volthium"},"image":{"@id":"https:\/\/volthium.com\/fr\/#\/schema\/logo\/image\/"}}]}},"_links":{"self":[{"href":"https:\/\/volthium.com\/fr\/wp-json\/wp\/v2\/product\/6709","targetHints":{"allow":["GET"]}}],"collection":[{"href":"https:\/\/volthium.com\/fr\/wp-json\/wp\/v2\/product"}],"about":[{"href":"https:\/\/volthium.com\/fr\/wp-json\/wp\/v2\/types\/product"}],"replies":[{"embeddable":true,"href":"https:\/\/volthium.com\/fr\/wp-json\/wp\/v2\/comments?post=6709"}],"wp:featuredmedia":[{"embeddable":true,"href":"https:\/\/volthium.com\/fr\/wp-json\/wp\/v2\/media\/6931"}],"wp:attachment":[{"href":"https:\/\/volthium.com\/fr\/wp-json\/wp\/v2\/media?parent=6709"}],"wp:term":[{"taxonomy":"product_brand","embeddable":true,"href":"https:\/\/volthium.com\/fr\/wp-json\/wp\/v2\/product_brand?post=6709"},{"taxonomy":"product_cat","embeddable":true,"href":"https:\/\/volthium.com\/fr\/wp-json\/wp\/v2\/product_cat?post=6709"},{"taxonomy":"product_tag","embeddable":true,"href":"https:\/\/volthium.com\/fr\/wp-json\/wp\/v2\/product_tag?post=6709"}],"curies":[{"name":"wp","href":"https:\/\/api.w.org\/{rel}","templated":true}]}}