{"id":6451,"date":"2025-02-12T09:14:58","date_gmt":"2025-02-12T14:14:58","guid":{"rendered":"https:\/\/volthium.com\/?post_type=product&#038;p=6451"},"modified":"2025-02-12T09:14:59","modified_gmt":"2025-02-12T14:14:59","slug":"ensemble-onduleur-hybride-18kpv-solution-solaire-et-secours-maison","status":"publish","type":"product","link":"https:\/\/volthium.com\/fr\/produit\/ensemble-onduleur-hybride-18kpv-solution-solaire-et-secours-maison\/","title":{"rendered":"Ensemble onduleur hybride 18KPV \u2013 Solution solaire et secours maison"},"content":{"rendered":"<p>R\u00e9volutionnez votre installation \u00e9nerg\u00e9tique avec notre Ensemble onduleur hybride 18KPV.<\/p>\n<p>Con\u00e7u autour de l\u2019onduleur hybride polyvalent <strong>Lux 18KPV\/12 kW, <\/strong>cet ensemble est une solution pratique pour une installation solaire optimis\u00e9e ou un syst\u00e8me de secours \u00e0 domicile.<\/p>\n<p>Notre Ensemble comprend tous les \u00e9l\u00e9ments essentiels pour une alimentation sans faille!<\/p>\n<h3><\/h3>\n<h3>Onduleur <strong>Lux 18KPV\/12 kW<\/strong><\/h3>\n<p>&nbsp;<\/p>\n<h6>1) Composants de performance<\/h6>\n<p>\u2022 <strong>Entr\u00e9e PV de 18 000 W<\/strong>, sortie continue de <strong>12 000 W<\/strong><br \/>\n\u2022 <strong>Empilable<\/strong> \u2013 Possibilit\u00e9 de connecter plusieurs unit\u00e9s en parall\u00e8le<br \/>\n\u2022 <strong>Communication en boucle ferm\u00e9e<\/strong> avec les batteries Volthium<br \/>\n\u2022 Protection contre <strong>les surcharges, les courts-circuits et les surchauffes<\/strong><br \/>\n\u2022 <strong>\u00c9quilibrage des lignes<\/strong><\/p>\n<p>&nbsp;<\/p>\n<h6>2) <strong>Tout-en-un<\/strong><\/h6>\n<p>\u2022 <strong>Tout le n\u00e9cessaire<\/strong> pour d\u00e9marrer<br \/>\n\u2022 <strong>Installation plug-and-play<\/strong> simple et gestion intuitive de l\u2019onduleur<br \/>\n\u2022 <strong>G\u00e8re simultan\u00e9ment<\/strong> l\u2019alimentation des syst\u00e8mes de stockage d\u2019\u00e9nergie et du r\u00e9seau<br \/>\n\u2022 <strong>Phase scind\u00e9e 120\/240V<\/strong><br \/>\n\u2022 <strong>Con\u00e7u pour l\u2019ext\u00e9rieur<\/strong> (\u00e9viter l\u2019exposition directe au soleil)<\/p>\n<p>&nbsp;<\/p>\n<h6>3) <strong>Certifications compl\u00e8tes<\/strong><\/h6>\n<p>&nbsp;<\/p>\n<p>\u2022 <strong>S\u00e9curit\u00e9<\/strong> \u2013 UL1741SB Rule 21, RSD NEC 2020:690.12, AFCI NEC 2020:690.11 \/ UL1699B, GFDI NEC 2020:690.41(B), CSA 22.2.107.1, CSA 22.2.330<br \/>\n\u2022 <strong>Connexion au r\u00e9seau<\/strong> \u2013 IEEE 1547.1:2020, IEEE 1547:2018, Hawaii Rule 14H, California Rule 21 Phase I, II, III<br \/>\n\u2022 <strong>Compatibilit\u00e9 \u00e9lectromagn\u00e9tique (CEM)<\/strong> \u2013 FCC Part 15 Classe B<br \/>\n\u2022 <strong>Indice de protection ext\u00e9rieur<\/strong> \u2013 NEMA 4X \/ IP65<br \/>\n\u2022 <strong>Certification CEC pour l\u2019\u00e9quipement solaire<\/strong><br \/>\n\u2022 <strong>Approuv\u00e9 par BC Hydro (Onduleur et batteries)<\/strong><\/p>\n<p>&nbsp;<\/p>\n<h6>4) <strong>Surveillance et mises \u00e0 jour \u00e0 distance<\/strong><\/h6>\n<p>&nbsp;<\/p>\n<p>\u2022 <strong>Surveillez et g\u00e9rez votre syst\u00e8me \u00e0 distance<\/strong><br \/>\n\u2022 <strong>Affiche le rendement solaire, le taux de charge\/d\u00e9charge de la batterie et la consommation import\u00e9e<\/strong><br \/>\n\u2022 <strong>Visualisation en temps r\u00e9el<\/strong> des donn\u00e9es \u00e9nerg\u00e9tiques, des limites de charge\/d\u00e9charge et des avertissements ou erreurs de batterie<br \/>\n\u2022 <strong>Courbe de puissance journali\u00e8re<\/strong><br \/>\n\u2022 <strong>Affichage des param\u00e8tres cl\u00e9s sur 24 heures<\/strong><br \/>\n\u2022 <strong>Acc\u00e8s aux donn\u00e9es historiques<\/strong> pour l\u2019analyse et la maintenance<br \/>\n\u2022 <strong>Mise \u00e0 jour du micrologiciel \u00e0 distance, partout et en tout temps<\/strong><\/p>\n<p>&nbsp;<\/p>\n<h3><strong>Batteries lithium Volthium 3U Rack Series (15 kWh)<\/strong><\/h3>\n<p>&nbsp;<\/p>\n<p>D\u00e9couvrez la <strong>batterie lithium Volthium 3U<\/strong>, une solution de stockage d\u2019\u00e9nergie haute performance con\u00e7ue pour une <strong>fiabilit\u00e9 et une long\u00e9vit\u00e9 exceptionnelles<\/strong>. Dot\u00e9e d\u2019une <strong>capacit\u00e9 de 100 Ah<\/strong> et d\u2019un <strong>syst\u00e8me de gestion de batterie (BMS) de pointe<\/strong>, elle int\u00e8gre des composants internes de qualit\u00e9 sup\u00e9rieure pour des performances optimales.<\/p>\n<p>Son bo\u00eetier robuste abrite <strong>16 cellules prismatiques certifi\u00e9es UL9540A <\/strong>, connect\u00e9es en s\u00e9rie pour fournir <strong>3,2 V chacune<\/strong>. Test\u00e9e sur <strong>7 000 cycles de d\u00e9charge profonde \u00e0 80 % DoD<\/strong>, cette batterie est capable d\u2019assurer des <strong>cycles de charge et de d\u00e9charge quotidiens pendant plus de 15 ans<\/strong> sans perte significative de performance.<\/p>\n<p>L\u2019engagement de <strong>Volthium envers la qualit\u00e9<\/strong> garantit des contr\u00f4les rigoureux, atteignant une <strong>efficacit\u00e9 op\u00e9rationnelle de 99 %<\/strong>. Cela signifie une <strong>utilisation maximale de l\u2019\u00e9nergie stock\u00e9e<\/strong>, g\u00e9n\u00e9rant des <strong>\u00e9conomies et une tranquillit\u00e9 d\u2019esprit<\/strong> pour vos besoins \u00e9nerg\u00e9tiques.<\/p>\n<p>Que ce soit pour une <strong>application r\u00e9sidentielle ou commerciale<\/strong>, la <strong>batterie lithium Volthium<\/strong> offre le parfait \u00e9quilibre entre <strong>fiabilit\u00e9, durabilit\u00e9 et efficacit\u00e9<\/strong>. <strong>L\u2019avenir du stockage d\u2019\u00e9nergie est entre vos mains.<\/strong><\/p>\n<p>&nbsp;<\/p>\n<h3><strong>Caract\u00e9ristiques principales<\/strong><\/h3>\n<p>&nbsp;<\/p>\n<p>\u2022 <strong>Cellules de qualit\u00e9 sup\u00e9rieure<\/strong> \u2013 <strong>Composition Tier One, A+<\/strong> certifi\u00e9e <strong>UL9540A, UL1973, UL1642<\/strong><br \/>\n\u2022 <strong>Efficacit\u00e9 de 99 %<\/strong> \u2013 Pack <strong>LiFePo4 de 16 cellules<\/strong><br \/>\n\u2022 <strong>Densit\u00e9 \u00e9nerg\u00e9tique maximale<\/strong><br \/>\n\u2022 <strong>Options de montage flexibles<\/strong><br \/>\n\u2022 <strong>\u00c9cologique et sans plomb<\/strong><br \/>\n\u2022 <strong>Expansion facile<\/strong> du banc de batteries sans contraintes<br \/>\n\u2022 <strong>Dur\u00e9e de vie prolong\u00e9e<\/strong> \u2013 sup\u00e9rieure \u00e0 <strong>15 ans<\/strong><br \/>\n\u2022 <strong>BMS int\u00e9gr\u00e9 et fiable<\/strong> \u2013 Gestion avanc\u00e9e de la <strong>tension, du courant, de la temp\u00e9rature et de l\u2019\u00e9tat de sant\u00e9<\/strong><br \/>\n\u2022 <strong>Fonctionnalit\u00e9s avanc\u00e9es<\/strong><br \/>\n&#8211; SoftStart<br \/>\n&#8211; DC-DC int\u00e9gr\u00e9<br \/>\n&#8211; Contact sec<br \/>\n&#8211; Protection de tension des cellules et modules<br \/>\n&#8211; Protection contre les courts-circuits &gt;250A &lt;0.1ms<br \/>\n\u2022 <strong>Logiciel de surveillance PC \u2013 <\/strong>mises \u00e0 jour du micro-logiciel \u00e0 vie<strong><br \/>\n<\/strong><strong>\u2022 Communication CANbus et RS485 ind\u00e9pendante \u2013 <\/strong>Permet de connecter Victron Cerbo et l\u2019onduleur Lux simultan\u00e9ment<br \/>\n\u2022 <strong>Certification compl\u00e8te<\/strong> de la batterie : <strong>UL9540 \/ UL9540A &amp; UL1973<br \/>\n\u2022 Garantie de 10 ans \u2013 support et service au Canada<br \/>\n<\/strong><\/p>\n","protected":false},"excerpt":{"rendered":"<p>Con\u00e7u autour de l\u2019onduleur hybride polyvalent <strong>Lux 18KPV\/12 kW, <\/strong>cet ensemble est une solution pratique pour une installation solaire optimis\u00e9e ou un syst\u00e8me de secours \u00e0 domicile.<\/p>\n","protected":false},"featured_media":6573,"comment_status":"open","ping_status":"closed","template":"","meta":{"_acf_changed":false,"inline_featured_image":false,"site-sidebar-layout":"default","site-content-layout":"","ast-site-content-layout":"default","site-content-style":"default","site-sidebar-style":"default","ast-global-header-display":"","ast-banner-title-visibility":"","ast-main-header-display":"","ast-hfb-above-header-display":"","ast-hfb-below-header-display":"","ast-hfb-mobile-header-display":"","site-post-title":"","ast-breadcrumbs-content":"","ast-featured-img":"","footer-sml-layout":"","ast-disable-related-posts":"","theme-transparent-header-meta":"default","adv-header-id-meta":"","stick-header-meta":"","header-above-stick-meta":"","header-main-stick-meta":"","header-below-stick-meta":"","astra-migrate-meta-layouts":"set","ast-page-background-enabled":"default","ast-page-background-meta":{"desktop":{"background-color":"var(--ast-global-color-4)","background-image":"","background-repeat":"repeat","background-position":"center center","background-size":"auto","background-attachment":"scroll","background-type":"","background-media":"","overlay-type":"","overlay-color":"","overlay-opacity":"","overlay-gradient":""},"tablet":{"background-color":"","background-image":"","background-repeat":"repeat","background-position":"center center","background-size":"auto","background-attachment":"scroll","background-type":"","background-media":"","overlay-type":"","overlay-color":"","overlay-opacity":"","overlay-gradient":""},"mobile":{"background-color":"","background-image":"","background-repeat":"repeat","background-position":"center center","background-size":"auto","background-attachment":"scroll","background-type":"","background-media":"","overlay-type":"","overlay-color":"","overlay-opacity":"","overlay-gradient":""}},"ast-content-background-meta":{"desktop":{"background-color":"var(--ast-global-color-5)","background-image":"","background-repeat":"repeat","background-position":"center center","background-size":"auto","background-attachment":"scroll","background-type":"","background-media":"","overlay-type":"","overlay-color":"","overlay-opacity":"","overlay-gradient":""},"tablet":{"background-color":"var(--ast-global-color-5)","background-image":"","background-repeat":"repeat","background-position":"center center","background-size":"auto","background-attachment":"scroll","background-type":"","background-media":"","overlay-type":"","overlay-color":"","overlay-opacity":"","overlay-gradient":""},"mobile":{"background-color":"var(--ast-global-color-5)","background-image":"","background-repeat":"repeat","background-position":"center center","background-size":"auto","background-attachment":"scroll","background-type":"","background-media":"","overlay-type":"","overlay-color":"","overlay-opacity":"","overlay-gradient":""}}},"product_brand":[],"product_cat":[199],"product_tag":[205],"class_list":{"0":"post-6451","1":"product","2":"type-product","3":"status-publish","4":"has-post-thumbnail","6":"product_cat-systeme-ups","7":"product_tag-lxp12k-15kw","8":"desktop-align-left","9":"tablet-align-left","10":"mobile-align-left","12":"first","13":"instock","14":"taxable","15":"shipping-taxable","16":"purchasable","17":"product-type-simple"},"acf":[],"yoast_head":"<!-- This site is optimized with the Yoast SEO plugin v27.3 - https:\/\/yoast.com\/product\/yoast-seo-wordpress\/ -->\n<title>Ensemble onduleur hybride 18KPV \u2013 Solution solaire et secours maison<\/title>\n<meta name=\"robots\" content=\"index, follow, max-snippet:-1, max-image-preview:large, max-video-preview:-1\" \/>\n<link rel=\"canonical\" href=\"https:\/\/volthium.com\/fr\/produit\/ensemble-onduleur-hybride-18kpv-solution-solaire-et-secours-maison\/\" \/>\n<meta property=\"og:locale\" content=\"fr_CA\" \/>\n<meta property=\"og:type\" content=\"article\" \/>\n<meta property=\"og:title\" content=\"Ensemble onduleur hybride 18KPV \u2013 Solution solaire et secours maison\" \/>\n<meta property=\"og:description\" content=\"Con\u00e7u autour de l\u2019onduleur hybride polyvalent Lux 18KPV\/12 kW, cet ensemble est une solution pratique pour une installation solaire optimis\u00e9e ou un syst\u00e8me de secours \u00e0 domicile.\" \/>\n<meta property=\"og:url\" content=\"https:\/\/volthium.com\/fr\/produit\/ensemble-onduleur-hybride-18kpv-solution-solaire-et-secours-maison\/\" \/>\n<meta property=\"og:site_name\" content=\"Volthium\" \/>\n<meta property=\"article:modified_time\" content=\"2025-02-12T14:14:59+00:00\" \/>\n<meta property=\"og:image\" content=\"https:\/\/volthium.com\/wp-content\/uploads\/2025\/02\/Luxpower-12K-LXP-et-3-Rackmount-3U_Detoure-01_Rectangle.png\" \/>\n\t<meta property=\"og:image:width\" content=\"1959\" \/>\n\t<meta property=\"og:image:height\" content=\"858\" \/>\n\t<meta property=\"og:image:type\" content=\"image\/png\" \/>\n<meta name=\"twitter:card\" content=\"summary_large_image\" \/>\n<meta name=\"twitter:label1\" content=\"Estimation du temps de lecture\" \/>\n\t<meta name=\"twitter:data1\" content=\"4 minutes\" \/>\n<script type=\"application\/ld+json\" class=\"yoast-schema-graph\">{\"@context\":\"https:\\\/\\\/schema.org\",\"@graph\":[{\"@type\":\"WebPage\",\"@id\":\"https:\\\/\\\/volthium.com\\\/fr\\\/produit\\\/ensemble-onduleur-hybride-18kpv-solution-solaire-et-secours-maison\\\/\",\"url\":\"https:\\\/\\\/volthium.com\\\/fr\\\/produit\\\/ensemble-onduleur-hybride-18kpv-solution-solaire-et-secours-maison\\\/\",\"name\":\"Ensemble onduleur hybride 18KPV \u2013 Solution solaire et secours maison\",\"isPartOf\":{\"@id\":\"https:\\\/\\\/volthium.com\\\/fr\\\/#website\"},\"primaryImageOfPage\":{\"@id\":\"https:\\\/\\\/volthium.com\\\/fr\\\/produit\\\/ensemble-onduleur-hybride-18kpv-solution-solaire-et-secours-maison\\\/#primaryimage\"},\"image\":{\"@id\":\"https:\\\/\\\/volthium.com\\\/fr\\\/produit\\\/ensemble-onduleur-hybride-18kpv-solution-solaire-et-secours-maison\\\/#primaryimage\"},\"thumbnailUrl\":\"https:\\\/\\\/volthium.com\\\/wp-content\\\/uploads\\\/2025\\\/02\\\/Luxpower-12K-LXP-et-3-Rackmount-3U_Detoure-01_Rectangle.png\",\"datePublished\":\"2025-02-12T14:14:58+00:00\",\"dateModified\":\"2025-02-12T14:14:59+00:00\",\"breadcrumb\":{\"@id\":\"https:\\\/\\\/volthium.com\\\/fr\\\/produit\\\/ensemble-onduleur-hybride-18kpv-solution-solaire-et-secours-maison\\\/#breadcrumb\"},\"inLanguage\":\"fr-CA\",\"potentialAction\":[{\"@type\":\"ReadAction\",\"target\":[\"https:\\\/\\\/volthium.com\\\/fr\\\/produit\\\/ensemble-onduleur-hybride-18kpv-solution-solaire-et-secours-maison\\\/\"]}]},{\"@type\":\"ImageObject\",\"inLanguage\":\"fr-CA\",\"@id\":\"https:\\\/\\\/volthium.com\\\/fr\\\/produit\\\/ensemble-onduleur-hybride-18kpv-solution-solaire-et-secours-maison\\\/#primaryimage\",\"url\":\"https:\\\/\\\/volthium.com\\\/wp-content\\\/uploads\\\/2025\\\/02\\\/Luxpower-12K-LXP-et-3-Rackmount-3U_Detoure-01_Rectangle.png\",\"contentUrl\":\"https:\\\/\\\/volthium.com\\\/wp-content\\\/uploads\\\/2025\\\/02\\\/Luxpower-12K-LXP-et-3-Rackmount-3U_Detoure-01_Rectangle.png\",\"width\":1959,\"height\":858},{\"@type\":\"BreadcrumbList\",\"@id\":\"https:\\\/\\\/volthium.com\\\/fr\\\/produit\\\/ensemble-onduleur-hybride-18kpv-solution-solaire-et-secours-maison\\\/#breadcrumb\",\"itemListElement\":[{\"@type\":\"ListItem\",\"position\":1,\"name\":\"Accueil\",\"item\":\"https:\\\/\\\/volthium.com\\\/fr\\\/\"},{\"@type\":\"ListItem\",\"position\":2,\"name\":\"Boutique en ligne\",\"item\":\"https:\\\/\\\/volthium.com\\\/fr\\\/boutique\\\/\"},{\"@type\":\"ListItem\",\"position\":3,\"name\":\"Ensemble onduleur hybride 18KPV \u2013 Solution solaire et secours maison\"}]},{\"@type\":\"WebSite\",\"@id\":\"https:\\\/\\\/volthium.com\\\/fr\\\/#website\",\"url\":\"https:\\\/\\\/volthium.com\\\/fr\\\/\",\"name\":\"Volthium\",\"description\":\"Logo Volthium\",\"publisher\":{\"@id\":\"https:\\\/\\\/volthium.com\\\/fr\\\/#organization\"},\"potentialAction\":[{\"@type\":\"SearchAction\",\"target\":{\"@type\":\"EntryPoint\",\"urlTemplate\":\"https:\\\/\\\/volthium.com\\\/fr\\\/?s={search_term_string}\"},\"query-input\":{\"@type\":\"PropertyValueSpecification\",\"valueRequired\":true,\"valueName\":\"search_term_string\"}}],\"inLanguage\":\"fr-CA\"},{\"@type\":\"Organization\",\"@id\":\"https:\\\/\\\/volthium.com\\\/fr\\\/#organization\",\"name\":\"Volthium\",\"url\":\"https:\\\/\\\/volthium.com\\\/fr\\\/\",\"logo\":{\"@type\":\"ImageObject\",\"inLanguage\":\"fr-CA\",\"@id\":\"https:\\\/\\\/volthium.com\\\/fr\\\/#\\\/schema\\\/logo\\\/image\\\/\",\"url\":\"https:\\\/\\\/volthium.com\\\/wp-content\\\/uploads\\\/2024\\\/01\\\/Logo-Volthium_Sans-energie.svg\",\"contentUrl\":\"https:\\\/\\\/volthium.com\\\/wp-content\\\/uploads\\\/2024\\\/01\\\/Logo-Volthium_Sans-energie.svg\",\"width\":793,\"height\":453,\"caption\":\"Volthium\"},\"image\":{\"@id\":\"https:\\\/\\\/volthium.com\\\/fr\\\/#\\\/schema\\\/logo\\\/image\\\/\"}}]}<\/script>\n<!-- \/ Yoast SEO plugin. -->","yoast_head_json":{"title":"Ensemble onduleur hybride 18KPV \u2013 Solution solaire et secours maison","robots":{"index":"index","follow":"follow","max-snippet":"max-snippet:-1","max-image-preview":"max-image-preview:large","max-video-preview":"max-video-preview:-1"},"canonical":"https:\/\/volthium.com\/fr\/produit\/ensemble-onduleur-hybride-18kpv-solution-solaire-et-secours-maison\/","og_locale":"fr_CA","og_type":"article","og_title":"Ensemble onduleur hybride 18KPV \u2013 Solution solaire et secours maison","og_description":"Con\u00e7u autour de l\u2019onduleur hybride polyvalent Lux 18KPV\/12 kW, cet ensemble est une solution pratique pour une installation solaire optimis\u00e9e ou un syst\u00e8me de secours \u00e0 domicile.","og_url":"https:\/\/volthium.com\/fr\/produit\/ensemble-onduleur-hybride-18kpv-solution-solaire-et-secours-maison\/","og_site_name":"Volthium","article_modified_time":"2025-02-12T14:14:59+00:00","og_image":[{"width":1959,"height":858,"url":"https:\/\/volthium.com\/wp-content\/uploads\/2025\/02\/Luxpower-12K-LXP-et-3-Rackmount-3U_Detoure-01_Rectangle.png","type":"image\/png"}],"twitter_card":"summary_large_image","twitter_misc":{"Estimation du temps de lecture":"4 minutes"},"schema":{"@context":"https:\/\/schema.org","@graph":[{"@type":"WebPage","@id":"https:\/\/volthium.com\/fr\/produit\/ensemble-onduleur-hybride-18kpv-solution-solaire-et-secours-maison\/","url":"https:\/\/volthium.com\/fr\/produit\/ensemble-onduleur-hybride-18kpv-solution-solaire-et-secours-maison\/","name":"Ensemble onduleur hybride 18KPV \u2013 Solution solaire et secours maison","isPartOf":{"@id":"https:\/\/volthium.com\/fr\/#website"},"primaryImageOfPage":{"@id":"https:\/\/volthium.com\/fr\/produit\/ensemble-onduleur-hybride-18kpv-solution-solaire-et-secours-maison\/#primaryimage"},"image":{"@id":"https:\/\/volthium.com\/fr\/produit\/ensemble-onduleur-hybride-18kpv-solution-solaire-et-secours-maison\/#primaryimage"},"thumbnailUrl":"https:\/\/volthium.com\/wp-content\/uploads\/2025\/02\/Luxpower-12K-LXP-et-3-Rackmount-3U_Detoure-01_Rectangle.png","datePublished":"2025-02-12T14:14:58+00:00","dateModified":"2025-02-12T14:14:59+00:00","breadcrumb":{"@id":"https:\/\/volthium.com\/fr\/produit\/ensemble-onduleur-hybride-18kpv-solution-solaire-et-secours-maison\/#breadcrumb"},"inLanguage":"fr-CA","potentialAction":[{"@type":"ReadAction","target":["https:\/\/volthium.com\/fr\/produit\/ensemble-onduleur-hybride-18kpv-solution-solaire-et-secours-maison\/"]}]},{"@type":"ImageObject","inLanguage":"fr-CA","@id":"https:\/\/volthium.com\/fr\/produit\/ensemble-onduleur-hybride-18kpv-solution-solaire-et-secours-maison\/#primaryimage","url":"https:\/\/volthium.com\/wp-content\/uploads\/2025\/02\/Luxpower-12K-LXP-et-3-Rackmount-3U_Detoure-01_Rectangle.png","contentUrl":"https:\/\/volthium.com\/wp-content\/uploads\/2025\/02\/Luxpower-12K-LXP-et-3-Rackmount-3U_Detoure-01_Rectangle.png","width":1959,"height":858},{"@type":"BreadcrumbList","@id":"https:\/\/volthium.com\/fr\/produit\/ensemble-onduleur-hybride-18kpv-solution-solaire-et-secours-maison\/#breadcrumb","itemListElement":[{"@type":"ListItem","position":1,"name":"Accueil","item":"https:\/\/volthium.com\/fr\/"},{"@type":"ListItem","position":2,"name":"Boutique en ligne","item":"https:\/\/volthium.com\/fr\/boutique\/"},{"@type":"ListItem","position":3,"name":"Ensemble onduleur hybride 18KPV \u2013 Solution solaire et secours maison"}]},{"@type":"WebSite","@id":"https:\/\/volthium.com\/fr\/#website","url":"https:\/\/volthium.com\/fr\/","name":"Volthium","description":"Logo Volthium","publisher":{"@id":"https:\/\/volthium.com\/fr\/#organization"},"potentialAction":[{"@type":"SearchAction","target":{"@type":"EntryPoint","urlTemplate":"https:\/\/volthium.com\/fr\/?s={search_term_string}"},"query-input":{"@type":"PropertyValueSpecification","valueRequired":true,"valueName":"search_term_string"}}],"inLanguage":"fr-CA"},{"@type":"Organization","@id":"https:\/\/volthium.com\/fr\/#organization","name":"Volthium","url":"https:\/\/volthium.com\/fr\/","logo":{"@type":"ImageObject","inLanguage":"fr-CA","@id":"https:\/\/volthium.com\/fr\/#\/schema\/logo\/image\/","url":"https:\/\/volthium.com\/wp-content\/uploads\/2024\/01\/Logo-Volthium_Sans-energie.svg","contentUrl":"https:\/\/volthium.com\/wp-content\/uploads\/2024\/01\/Logo-Volthium_Sans-energie.svg","width":793,"height":453,"caption":"Volthium"},"image":{"@id":"https:\/\/volthium.com\/fr\/#\/schema\/logo\/image\/"}}]}},"_links":{"self":[{"href":"https:\/\/volthium.com\/fr\/wp-json\/wp\/v2\/product\/6451","targetHints":{"allow":["GET"]}}],"collection":[{"href":"https:\/\/volthium.com\/fr\/wp-json\/wp\/v2\/product"}],"about":[{"href":"https:\/\/volthium.com\/fr\/wp-json\/wp\/v2\/types\/product"}],"replies":[{"embeddable":true,"href":"https:\/\/volthium.com\/fr\/wp-json\/wp\/v2\/comments?post=6451"}],"wp:featuredmedia":[{"embeddable":true,"href":"https:\/\/volthium.com\/fr\/wp-json\/wp\/v2\/media\/6573"}],"wp:attachment":[{"href":"https:\/\/volthium.com\/fr\/wp-json\/wp\/v2\/media?parent=6451"}],"wp:term":[{"taxonomy":"product_brand","embeddable":true,"href":"https:\/\/volthium.com\/fr\/wp-json\/wp\/v2\/product_brand?post=6451"},{"taxonomy":"product_cat","embeddable":true,"href":"https:\/\/volthium.com\/fr\/wp-json\/wp\/v2\/product_cat?post=6451"},{"taxonomy":"product_tag","embeddable":true,"href":"https:\/\/volthium.com\/fr\/wp-json\/wp\/v2\/product_tag?post=6451"}],"curies":[{"name":"wp","href":"https:\/\/api.w.org\/{rel}","templated":true}]}}