{"id":6370,"date":"2025-01-17T15:03:20","date_gmt":"2025-01-17T20:03:20","guid":{"rendered":"https:\/\/volthium.com\/?post_type=product&#038;p=6370"},"modified":"2025-10-10T12:33:55","modified_gmt":"2025-10-10T16:33:55","slug":"reliance-controls-commutateur-de-transfert-510c","status":"publish","type":"product","link":"https:\/\/volthium.com\/fr\/produit\/reliance-controls-commutateur-de-transfert-510c\/","title":{"rendered":"Reliance Controls &#8211; Commutateur de transfert 50A, 12500 W, 10 circuits"},"content":{"rendered":"<p>La gamme <strong>Reliance Controls Pro Tran\u00ae 2<\/strong> de commutateurs de transfert <strong>Loadside\u2122<\/strong> offre tous les avantages qui ont fait le succ\u00e8s du mod\u00e8le phare, <strong>Pro Tran\u00ae 1<\/strong>, depuis plus de 30 ans. Ce nouveau mod\u00e8le int\u00e8gre plusieurs fonctionnalit\u00e9s in\u00e9dites pour r\u00e9pondre aux besoins croissants des consommateurs, tout en assurant une solution s\u00e9curis\u00e9e pour alimenter en \u00e9lectricit\u00e9 de secours \u00e0 l&rsquo;aide d&rsquo;un g\u00e9n\u00e9rateur portatif.<\/p>\n<p>Ce mod\u00e8le est compatible avec n&rsquo;importe quel disjoncteur interchangeable de 1&Prime; homologu\u00e9 UL. Facile \u00e0 reconfigurer sur le terrain pour plusieurs circuits bipolaires, si n\u00e9cessaire. Il inclue un couvercle de protection escamotable qui offre une finition soign\u00e9e. Aucun disjoncteur d&rsquo;alimentation suppl\u00e9mentaire n&rsquo;est requis. Il est \u00e9galement dot\u00e9 d&rsquo;un conduit flexible avec raccords pour une installation pratique.<\/p>\n<p>La trousse de <strong>commutateur de transfert 50 A, 125-250 V<\/strong>, 12500 Watts, 10 circuits de Reliance Controls s&rsquo;installe facilement pour offrir une distribution efficace de l&rsquo;alimentation \u00e9lectrique partout dans votre foyer.<\/p>\n<p>Le commutateur de transfert permet au syst\u00e8me \u00e9lectrique de votre habitation d&rsquo;int\u00e9grer l&rsquo;alimentation fournie par une g\u00e9n\u00e9ratrice portative pour faire fonctionner jusqu&rsquo;\u00e0 10 circuits unipolaires ou 8 circuits unipolaires et un circuit bipolaire de 30 A. Il vous permet dalimenter des \u00e9lectrom\u00e9nagers, des appareils \u00e9lectriques et de l&rsquo;\u00e9clairage pendant une panne de courant. Concept pr\u00e9fil\u00e9 pour une installation rapide.<\/p>\n<ul>\n<li>Alimente jusqu&rsquo;\u00e0 10 circuits dans la maison pendant une panne de courant<br \/>\n&#8211; 10 circuits au total : (1)2P 30A, (1)2P 20A, (6)1P 15A<\/li>\n<li>Facile \u00e0 installer et \u00e0 utiliser<\/li>\n<li>Cet article est homologu\u00e9 cULus1008<\/li>\n<\/ul>\n<h3>PRINCIPALES CARACT\u00c9RISTIQUES<\/h3>\n<p>&nbsp;<\/p>\n<ul>\n<li>Pr\u00e9-c\u00e2bl\u00e9 pour une installation facile et rapide<\/li>\n<li>\u00c9limine les dangers associ\u00e9s au retour d&rsquo;alimentation<\/li>\n<li>Comprend un couvercle pour prot\u00e9ger les interrupteurs \u00e0 bascule et les disjoncteurs<\/li>\n<li>Bo\u00eetier en m\u00e9tal, con\u00e7u pour une utilisation int\u00e9rieure<\/li>\n<li>\u00c9quip\u00e9 de wattm\u00e8tres cod\u00e9s par couleur<\/li>\n<\/ul>\n<h3>INFORMATIONS D\u00c9TAILL\u00c9ES<\/h3>\n<p>&nbsp;<\/p>\n<ul>\n<li>Automatique ou manuel : Manuel<\/li>\n<li>Certifi\u00e9 : Oui<\/li>\n<li>Intensit\u00e9 du courant \u00e9lectrique (en amp\u00e8res) : 50 amp\u00e8res<\/li>\n<li>Nombre de phases : 1<\/li>\n<li>Tension (en V) : 120\/240<\/li>\n<li>Dimensions (L x H x P) en pouces : 11.75 X 11.25 X 4.75<\/li>\n<\/ul>\n<h3>Document Li\u00e9<\/h3>\n<p>&nbsp;<\/p>\n<p><a href=\"https:\/\/volthium.com\/wp-content\/uploads\/2025\/01\/User-manual-reliance-510c-.pdf\">Manuel Utilisateur et fiche technique<\/a><\/p>\n<p>&nbsp;<\/p>\n","protected":false},"excerpt":{"rendered":"<p>La trousse de commutateur de transfert 50 A, 125-250 V, 12500 Watts, 10 circuits de Reliance Controls s&rsquo;installe facilement pour offrir une distribution efficace de l&rsquo;alimentation \u00e9lectrique partout dans votre foyer.<\/p>\n","protected":false},"featured_media":6373,"comment_status":"open","ping_status":"closed","template":"","meta":{"_acf_changed":false,"inline_featured_image":false,"site-sidebar-layout":"default","site-content-layout":"","ast-site-content-layout":"default","site-content-style":"default","site-sidebar-style":"default","ast-global-header-display":"","ast-banner-title-visibility":"","ast-main-header-display":"","ast-hfb-above-header-display":"","ast-hfb-below-header-display":"","ast-hfb-mobile-header-display":"","site-post-title":"","ast-breadcrumbs-content":"","ast-featured-img":"","footer-sml-layout":"","ast-disable-related-posts":"","theme-transparent-header-meta":"default","adv-header-id-meta":"","stick-header-meta":"","header-above-stick-meta":"","header-main-stick-meta":"","header-below-stick-meta":"","astra-migrate-meta-layouts":"set","ast-page-background-enabled":"default","ast-page-background-meta":{"desktop":{"background-color":"var(--ast-global-color-4)","background-image":"","background-repeat":"repeat","background-position":"center center","background-size":"auto","background-attachment":"scroll","background-type":"","background-media":"","overlay-type":"","overlay-color":"","overlay-opacity":"","overlay-gradient":""},"tablet":{"background-color":"","background-image":"","background-repeat":"repeat","background-position":"center center","background-size":"auto","background-attachment":"scroll","background-type":"","background-media":"","overlay-type":"","overlay-color":"","overlay-opacity":"","overlay-gradient":""},"mobile":{"background-color":"","background-image":"","background-repeat":"repeat","background-position":"center center","background-size":"auto","background-attachment":"scroll","background-type":"","background-media":"","overlay-type":"","overlay-color":"","overlay-opacity":"","overlay-gradient":""}},"ast-content-background-meta":{"desktop":{"background-color":"var(--ast-global-color-5)","background-image":"","background-repeat":"repeat","background-position":"center center","background-size":"auto","background-attachment":"scroll","background-type":"","background-media":"","overlay-type":"","overlay-color":"","overlay-opacity":"","overlay-gradient":""},"tablet":{"background-color":"var(--ast-global-color-5)","background-image":"","background-repeat":"repeat","background-position":"center center","background-size":"auto","background-attachment":"scroll","background-type":"","background-media":"","overlay-type":"","overlay-color":"","overlay-opacity":"","overlay-gradient":""},"mobile":{"background-color":"var(--ast-global-color-5)","background-image":"","background-repeat":"repeat","background-position":"center center","background-size":"auto","background-attachment":"scroll","background-type":"","background-media":"","overlay-type":"","overlay-color":"","overlay-opacity":"","overlay-gradient":""}}},"product_brand":[],"product_cat":[30],"product_tag":[],"class_list":{"0":"post-6370","1":"product","2":"type-product","3":"status-publish","4":"has-post-thumbnail","6":"product_cat-accessoires","7":"desktop-align-left","8":"tablet-align-left","9":"mobile-align-left","11":"first","12":"instock","13":"taxable","14":"shipping-taxable","15":"purchasable","16":"product-type-simple"},"acf":[],"yoast_head":"<!-- This site is optimized with the Yoast SEO plugin v27.4 - https:\/\/yoast.com\/product\/yoast-seo-wordpress\/ -->\n<title>Commutateur de transfert Reliance Controls 510C<\/title>\n<meta name=\"description\" content=\"Commutateur de transfert 50 A, 125-250 V, 12500 Watts, 10 circuits, s&#039;installe facilement, offre une distribution efficace de l&#039;alimentation \u00e9lectrique.\" \/>\n<meta name=\"robots\" content=\"index, follow, max-snippet:-1, max-image-preview:large, max-video-preview:-1\" \/>\n<link rel=\"canonical\" href=\"https:\/\/volthium.com\/fr\/produit\/reliance-controls-commutateur-de-transfert-510c\/\" \/>\n<meta property=\"og:locale\" content=\"fr_CA\" \/>\n<meta property=\"og:type\" content=\"article\" \/>\n<meta property=\"og:title\" content=\"Commutateur de transfert Reliance Controls 510C\" \/>\n<meta property=\"og:description\" content=\"Commutateur de transfert 50 A, 125-250 V, 12500 Watts, 10 circuits, s&#039;installe facilement, offre une distribution efficace de l&#039;alimentation \u00e9lectrique.\" \/>\n<meta property=\"og:url\" content=\"https:\/\/volthium.com\/fr\/produit\/reliance-controls-commutateur-de-transfert-510c\/\" \/>\n<meta property=\"og:site_name\" content=\"Volthium\" \/>\n<meta property=\"article:modified_time\" content=\"2025-10-10T16:33:55+00:00\" \/>\n<meta property=\"og:image\" content=\"https:\/\/volthium.com\/wp-content\/uploads\/2025\/01\/Reliance-510C_Detoure-02_Rectangle.png\" \/>\n\t<meta property=\"og:image:width\" content=\"1959\" \/>\n\t<meta property=\"og:image:height\" content=\"858\" \/>\n\t<meta property=\"og:image:type\" content=\"image\/png\" \/>\n<meta name=\"twitter:card\" content=\"summary_large_image\" \/>\n<meta name=\"twitter:label1\" content=\"Estimation du temps de lecture\" \/>\n\t<meta name=\"twitter:data1\" content=\"2 minutes\" \/>\n<script type=\"application\/ld+json\" class=\"yoast-schema-graph\">{\"@context\":\"https:\\\/\\\/schema.org\",\"@graph\":[{\"@type\":\"WebPage\",\"@id\":\"https:\\\/\\\/volthium.com\\\/fr\\\/produit\\\/reliance-controls-commutateur-de-transfert-510c\\\/\",\"url\":\"https:\\\/\\\/volthium.com\\\/fr\\\/produit\\\/reliance-controls-commutateur-de-transfert-510c\\\/\",\"name\":\"Commutateur de transfert Reliance Controls 510C\",\"isPartOf\":{\"@id\":\"https:\\\/\\\/volthium.com\\\/fr\\\/#website\"},\"primaryImageOfPage\":{\"@id\":\"https:\\\/\\\/volthium.com\\\/fr\\\/produit\\\/reliance-controls-commutateur-de-transfert-510c\\\/#primaryimage\"},\"image\":{\"@id\":\"https:\\\/\\\/volthium.com\\\/fr\\\/produit\\\/reliance-controls-commutateur-de-transfert-510c\\\/#primaryimage\"},\"thumbnailUrl\":\"https:\\\/\\\/volthium.com\\\/wp-content\\\/uploads\\\/2025\\\/01\\\/Reliance-510C_Detoure-02_Rectangle.png\",\"datePublished\":\"2025-01-17T20:03:20+00:00\",\"dateModified\":\"2025-10-10T16:33:55+00:00\",\"description\":\"Commutateur de transfert 50 A, 125-250 V, 12500 Watts, 10 circuits, s'installe facilement, offre une distribution efficace de l'alimentation \u00e9lectrique.\",\"breadcrumb\":{\"@id\":\"https:\\\/\\\/volthium.com\\\/fr\\\/produit\\\/reliance-controls-commutateur-de-transfert-510c\\\/#breadcrumb\"},\"inLanguage\":\"fr-CA\",\"potentialAction\":[{\"@type\":\"ReadAction\",\"target\":[\"https:\\\/\\\/volthium.com\\\/fr\\\/produit\\\/reliance-controls-commutateur-de-transfert-510c\\\/\"]}]},{\"@type\":\"ImageObject\",\"inLanguage\":\"fr-CA\",\"@id\":\"https:\\\/\\\/volthium.com\\\/fr\\\/produit\\\/reliance-controls-commutateur-de-transfert-510c\\\/#primaryimage\",\"url\":\"https:\\\/\\\/volthium.com\\\/wp-content\\\/uploads\\\/2025\\\/01\\\/Reliance-510C_Detoure-02_Rectangle.png\",\"contentUrl\":\"https:\\\/\\\/volthium.com\\\/wp-content\\\/uploads\\\/2025\\\/01\\\/Reliance-510C_Detoure-02_Rectangle.png\",\"width\":1959,\"height\":858},{\"@type\":\"BreadcrumbList\",\"@id\":\"https:\\\/\\\/volthium.com\\\/fr\\\/produit\\\/reliance-controls-commutateur-de-transfert-510c\\\/#breadcrumb\",\"itemListElement\":[{\"@type\":\"ListItem\",\"position\":1,\"name\":\"Accueil\",\"item\":\"https:\\\/\\\/volthium.com\\\/fr\\\/\"},{\"@type\":\"ListItem\",\"position\":2,\"name\":\"Boutique en ligne\",\"item\":\"https:\\\/\\\/volthium.com\\\/fr\\\/boutique\\\/\"},{\"@type\":\"ListItem\",\"position\":3,\"name\":\"Reliance Controls &#8211; Commutateur de transfert 50A, 12500 W, 10 circuits\"}]},{\"@type\":\"WebSite\",\"@id\":\"https:\\\/\\\/volthium.com\\\/fr\\\/#website\",\"url\":\"https:\\\/\\\/volthium.com\\\/fr\\\/\",\"name\":\"Volthium\",\"description\":\"Logo Volthium\",\"publisher\":{\"@id\":\"https:\\\/\\\/volthium.com\\\/fr\\\/#organization\"},\"potentialAction\":[{\"@type\":\"SearchAction\",\"target\":{\"@type\":\"EntryPoint\",\"urlTemplate\":\"https:\\\/\\\/volthium.com\\\/fr\\\/?s={search_term_string}\"},\"query-input\":{\"@type\":\"PropertyValueSpecification\",\"valueRequired\":true,\"valueName\":\"search_term_string\"}}],\"inLanguage\":\"fr-CA\"},{\"@type\":\"Organization\",\"@id\":\"https:\\\/\\\/volthium.com\\\/fr\\\/#organization\",\"name\":\"Volthium\",\"url\":\"https:\\\/\\\/volthium.com\\\/fr\\\/\",\"logo\":{\"@type\":\"ImageObject\",\"inLanguage\":\"fr-CA\",\"@id\":\"https:\\\/\\\/volthium.com\\\/fr\\\/#\\\/schema\\\/logo\\\/image\\\/\",\"url\":\"https:\\\/\\\/volthium.com\\\/wp-content\\\/uploads\\\/2024\\\/01\\\/Logo-Volthium_Sans-energie.svg\",\"contentUrl\":\"https:\\\/\\\/volthium.com\\\/wp-content\\\/uploads\\\/2024\\\/01\\\/Logo-Volthium_Sans-energie.svg\",\"width\":793,\"height\":453,\"caption\":\"Volthium\"},\"image\":{\"@id\":\"https:\\\/\\\/volthium.com\\\/fr\\\/#\\\/schema\\\/logo\\\/image\\\/\"}}]}<\/script>\n<!-- \/ Yoast SEO plugin. -->","yoast_head_json":{"title":"Commutateur de transfert Reliance Controls 510C","description":"Commutateur de transfert 50 A, 125-250 V, 12500 Watts, 10 circuits, s'installe facilement, offre une distribution efficace de l'alimentation \u00e9lectrique.","robots":{"index":"index","follow":"follow","max-snippet":"max-snippet:-1","max-image-preview":"max-image-preview:large","max-video-preview":"max-video-preview:-1"},"canonical":"https:\/\/volthium.com\/fr\/produit\/reliance-controls-commutateur-de-transfert-510c\/","og_locale":"fr_CA","og_type":"article","og_title":"Commutateur de transfert Reliance Controls 510C","og_description":"Commutateur de transfert 50 A, 125-250 V, 12500 Watts, 10 circuits, s'installe facilement, offre une distribution efficace de l'alimentation \u00e9lectrique.","og_url":"https:\/\/volthium.com\/fr\/produit\/reliance-controls-commutateur-de-transfert-510c\/","og_site_name":"Volthium","article_modified_time":"2025-10-10T16:33:55+00:00","og_image":[{"width":1959,"height":858,"url":"https:\/\/volthium.com\/wp-content\/uploads\/2025\/01\/Reliance-510C_Detoure-02_Rectangle.png","type":"image\/png"}],"twitter_card":"summary_large_image","twitter_misc":{"Estimation du temps de lecture":"2 minutes"},"schema":{"@context":"https:\/\/schema.org","@graph":[{"@type":"WebPage","@id":"https:\/\/volthium.com\/fr\/produit\/reliance-controls-commutateur-de-transfert-510c\/","url":"https:\/\/volthium.com\/fr\/produit\/reliance-controls-commutateur-de-transfert-510c\/","name":"Commutateur de transfert Reliance Controls 510C","isPartOf":{"@id":"https:\/\/volthium.com\/fr\/#website"},"primaryImageOfPage":{"@id":"https:\/\/volthium.com\/fr\/produit\/reliance-controls-commutateur-de-transfert-510c\/#primaryimage"},"image":{"@id":"https:\/\/volthium.com\/fr\/produit\/reliance-controls-commutateur-de-transfert-510c\/#primaryimage"},"thumbnailUrl":"https:\/\/volthium.com\/wp-content\/uploads\/2025\/01\/Reliance-510C_Detoure-02_Rectangle.png","datePublished":"2025-01-17T20:03:20+00:00","dateModified":"2025-10-10T16:33:55+00:00","description":"Commutateur de transfert 50 A, 125-250 V, 12500 Watts, 10 circuits, s'installe facilement, offre une distribution efficace de l'alimentation \u00e9lectrique.","breadcrumb":{"@id":"https:\/\/volthium.com\/fr\/produit\/reliance-controls-commutateur-de-transfert-510c\/#breadcrumb"},"inLanguage":"fr-CA","potentialAction":[{"@type":"ReadAction","target":["https:\/\/volthium.com\/fr\/produit\/reliance-controls-commutateur-de-transfert-510c\/"]}]},{"@type":"ImageObject","inLanguage":"fr-CA","@id":"https:\/\/volthium.com\/fr\/produit\/reliance-controls-commutateur-de-transfert-510c\/#primaryimage","url":"https:\/\/volthium.com\/wp-content\/uploads\/2025\/01\/Reliance-510C_Detoure-02_Rectangle.png","contentUrl":"https:\/\/volthium.com\/wp-content\/uploads\/2025\/01\/Reliance-510C_Detoure-02_Rectangle.png","width":1959,"height":858},{"@type":"BreadcrumbList","@id":"https:\/\/volthium.com\/fr\/produit\/reliance-controls-commutateur-de-transfert-510c\/#breadcrumb","itemListElement":[{"@type":"ListItem","position":1,"name":"Accueil","item":"https:\/\/volthium.com\/fr\/"},{"@type":"ListItem","position":2,"name":"Boutique en ligne","item":"https:\/\/volthium.com\/fr\/boutique\/"},{"@type":"ListItem","position":3,"name":"Reliance Controls &#8211; Commutateur de transfert 50A, 12500 W, 10 circuits"}]},{"@type":"WebSite","@id":"https:\/\/volthium.com\/fr\/#website","url":"https:\/\/volthium.com\/fr\/","name":"Volthium","description":"Logo Volthium","publisher":{"@id":"https:\/\/volthium.com\/fr\/#organization"},"potentialAction":[{"@type":"SearchAction","target":{"@type":"EntryPoint","urlTemplate":"https:\/\/volthium.com\/fr\/?s={search_term_string}"},"query-input":{"@type":"PropertyValueSpecification","valueRequired":true,"valueName":"search_term_string"}}],"inLanguage":"fr-CA"},{"@type":"Organization","@id":"https:\/\/volthium.com\/fr\/#organization","name":"Volthium","url":"https:\/\/volthium.com\/fr\/","logo":{"@type":"ImageObject","inLanguage":"fr-CA","@id":"https:\/\/volthium.com\/fr\/#\/schema\/logo\/image\/","url":"https:\/\/volthium.com\/wp-content\/uploads\/2024\/01\/Logo-Volthium_Sans-energie.svg","contentUrl":"https:\/\/volthium.com\/wp-content\/uploads\/2024\/01\/Logo-Volthium_Sans-energie.svg","width":793,"height":453,"caption":"Volthium"},"image":{"@id":"https:\/\/volthium.com\/fr\/#\/schema\/logo\/image\/"}}]}},"_links":{"self":[{"href":"https:\/\/volthium.com\/fr\/wp-json\/wp\/v2\/product\/6370","targetHints":{"allow":["GET"]}}],"collection":[{"href":"https:\/\/volthium.com\/fr\/wp-json\/wp\/v2\/product"}],"about":[{"href":"https:\/\/volthium.com\/fr\/wp-json\/wp\/v2\/types\/product"}],"replies":[{"embeddable":true,"href":"https:\/\/volthium.com\/fr\/wp-json\/wp\/v2\/comments?post=6370"}],"wp:featuredmedia":[{"embeddable":true,"href":"https:\/\/volthium.com\/fr\/wp-json\/wp\/v2\/media\/6373"}],"wp:attachment":[{"href":"https:\/\/volthium.com\/fr\/wp-json\/wp\/v2\/media?parent=6370"}],"wp:term":[{"taxonomy":"product_brand","embeddable":true,"href":"https:\/\/volthium.com\/fr\/wp-json\/wp\/v2\/product_brand?post=6370"},{"taxonomy":"product_cat","embeddable":true,"href":"https:\/\/volthium.com\/fr\/wp-json\/wp\/v2\/product_cat?post=6370"},{"taxonomy":"product_tag","embeddable":true,"href":"https:\/\/volthium.com\/fr\/wp-json\/wp\/v2\/product_tag?post=6370"}],"curies":[{"name":"wp","href":"https:\/\/api.w.org\/{rel}","templated":true}]}}