{"id":5922,"date":"2024-11-14T14:27:54","date_gmt":"2024-11-14T19:27:54","guid":{"rendered":"https:\/\/volthium.com\/?post_type=product&#038;p=5922"},"modified":"2025-10-01T14:55:38","modified_gmt":"2025-10-01T18:55:38","slug":"station-dalimentation-portative-1600w-1536wh","status":"publish","type":"product","link":"https:\/\/volthium.com\/fr\/produit\/station-dalimentation-portative-1600w-1536wh\/","title":{"rendered":"Station d&rsquo;alimentation portative Volthium | 1600W 1536Wh"},"content":{"rendered":"<div>D\u00e9couvrez notre toute nouvelle station d&rsquo;alimentation portable lithium LFP de 1536 Wh | 1600 W.<br \/>\nC&rsquo;est un produit tout en un, ultra polyvalent et repr\u00e9sente une solution id\u00e9ale pour vos besoins r\u00e9sidentiels ou commerciaux gr\u00e2ce \u00e0 son <strong>fonction UPS int\u00e9gr\u00e9e<\/strong>!<\/div>\n<div>Notre station d&rsquo;alimentation portative est con\u00e7ue pour vos besoins critiques, elle offre une <strong>source d&rsquo;alimentation fiable<\/strong>. Elle est <strong>parfaitement adapt\u00e9e aux ordinateurs sensibles (\u00e9lectroniques sensibles) et aux r\u00e9frig\u00e9rateurs biom\u00e9dicaux et pharmaceutiques<\/strong>. Notre produit offre une performance in\u00e9gal\u00e9e sur le march\u00e9.<\/div>\n<div><\/div>\n<div>\n<h4>Ce qui nous distingue<\/h4>\n<div><\/div>\n<div>Des station d&rsquo;alimentation portative, il y en a beaucoup sur le march\u00e9, et vous vous demandez souvent comment choisir parmi toutes ces options!<br \/>\nEt bien la station d&rsquo;alimentation portable de Volthium, est <strong>d\u00e9velopp\u00e9e et certifi\u00e9e localement en Mont\u00e9r\u00e9gie<\/strong>, garantissant sa conformit\u00e9 avec les exigences strictes du Code canadien de l\u2019\u00e9lectricit\u00e9 (CC\u00c9).<\/div>\n<div>Mais ce n&rsquo;est pas tout!<br \/>\nNotre station d&rsquo;alimentation portative est \u00e9quip\u00e9e d&rsquo;une <strong>fonction UPS int\u00e9gr\u00e9e<\/strong>. Ce qui veut dire que notre solution prend la rel\u00e8ve automatiquement et instantan\u00e9ment (10 ms) lorsque la panne de courant survient.<br \/>\nDe plus, contrairement aux autres produits que vous trouverez sur le march\u00e9, lorsque notre station se d\u00e9charge compl\u00e8tement lors d&rsquo;une panne de courant prolong\u00e9e, <strong>elle se relancera automatiquement d\u00e8s le retour du r\u00e9seau \u00e9lectrique et reprendra imm\u00e9diatement l\u2019alimentation de vos appareils connect\u00e9s<\/strong>, sans intervention manuelle.<br \/>\nVous n&rsquo;avez donc rien \u00e0 faire!<\/div>\n<\/div>\n<h4><\/h4>\n<h4>Caract\u00e9ristique principale<\/h4>\n<div><\/div>\n<div>Avec une capacit\u00e9 \u00e9nerg\u00e9tique de 1536 Wh vous aurez suffisamment d&rsquo;\u00e9nergie pour survivre aux pannes de courant et pour faire fonctionner vos appareils pendant une p\u00e9riode prolong\u00e9e.<\/div>\n<div><\/div>\n<ul>\n<li>Capacit\u00e9 \u00e9nerg\u00e9tique : 1536Wh pour une autonomie prolong\u00e9e (24h d&rsquo;autonomie pour un r\u00e9frig\u00e9rateur standard)<\/li>\n<li>Puissance de l\u2019onduleur interne :<\/li>\n<li>1600W en continu<\/li>\n<li>2000W en cr\u00eate<\/li>\n<li>Compatibilit\u00e9 universelle : Alimente tout appareil se branchant \u00e0 une prise standard 15A 120V<\/li>\n<li>Fonction UPS int\u00e9gr\u00e9e : rel\u00e8ve \u00e9lectrique instantan\u00e9 (10ms) pour garantir une alimentation continue et automatique (sans intervention manuelle).<\/li>\n<\/ul>\n<h4>Performances exceptionnelles<\/h4>\n<div><\/div>\n<ul>\n<li>Plus de 24 heures d\u2019autonomie pour un r\u00e9frig\u00e9rateur standard<\/li>\n<li>Plus de 5 heures d\u2019autonomie pour un r\u00e9frig\u00e9rateur biom\u00e9dical et pharmaceutique<\/li>\n<\/ul>\n<h4>Installation et utilisation ultra-simplifi\u00e9es<\/h4>\n<p>&nbsp;<\/p>\n<p>Gr\u00e2ce \u00e0 son poids de seulement 16 kg, notre station d&rsquo;alimentation portative est non seulement tr\u00e8s facile \u00e0 transporter mais elle est aussi ultra simple \u00e0 installer.<br \/>\nIl suffit de la charger votre station \u00e0 une prise de courant traditionnelle et de brancher les appareils que vous voulez faire fonctionner directement dans les prises de courant sur le devant de votre station!<\/p>\n<div><\/div>\n<h4>Une g\u00e9n\u00e9ratrice au lithium r\u00e9volutionnaire<\/h4>\n<div><\/div>\n<div>Id\u00e9ale pour oublier le stress des pannes de courant, la station d&rsquo;alimentation 1600 W 1536 H offre une alternative \u00e9cologique et efficace aux g\u00e9n\u00e9ratrices traditionnelles, tout en r\u00e9pondant aux besoins essentiels de votre domicile ou de votre entreprise.<\/div>\n<div><\/div>\n<div><strong>Choisissez Volthium<\/strong>, la solution \u00e9nerg\u00e9tique certifi\u00e9e et durable qui fait la diff\u00e9rence.<\/div>\n<div><strong>Garantie limit\u00e9e de 2 ans<\/strong><\/div>\n<div><\/div>\n<div>\n<h4>Document important<\/h4>\n<\/div>\n<p>&nbsp;<\/p>\n<ul>\n<li>Manuel utilisateur : <a href=\"https:\/\/volthium.com\/wp-content\/uploads\/2024\/11\/Manuel-utilisateur_Powerstation-1600W-1536-Wh.pdf\">document pdf<\/a><\/li>\n<\/ul>\n","protected":false},"excerpt":{"rendered":"<p>C&rsquo;est un produit tout en un, ultra polyvalent et repr\u00e9sente une solution id\u00e9ale pour vos besoins r\u00e9sidentiels ou commerciaux gr\u00e2ce \u00e0 son fonction UPS int\u00e9gr\u00e9e!<\/p>\n","protected":false},"featured_media":5925,"comment_status":"open","ping_status":"closed","template":"","meta":{"_acf_changed":false,"inline_featured_image":false,"site-sidebar-layout":"default","site-content-layout":"","ast-site-content-layout":"default","site-content-style":"default","site-sidebar-style":"default","ast-global-header-display":"","ast-banner-title-visibility":"","ast-main-header-display":"","ast-hfb-above-header-display":"","ast-hfb-below-header-display":"","ast-hfb-mobile-header-display":"","site-post-title":"","ast-breadcrumbs-content":"","ast-featured-img":"","footer-sml-layout":"","ast-disable-related-posts":"","theme-transparent-header-meta":"default","adv-header-id-meta":"","stick-header-meta":"","header-above-stick-meta":"","header-main-stick-meta":"","header-below-stick-meta":"","astra-migrate-meta-layouts":"set","ast-page-background-enabled":"default","ast-page-background-meta":{"desktop":{"background-color":"var(--ast-global-color-4)","background-image":"","background-repeat":"repeat","background-position":"center center","background-size":"auto","background-attachment":"scroll","background-type":"","background-media":"","overlay-type":"","overlay-color":"","overlay-opacity":"","overlay-gradient":""},"tablet":{"background-color":"","background-image":"","background-repeat":"repeat","background-position":"center center","background-size":"auto","background-attachment":"scroll","background-type":"","background-media":"","overlay-type":"","overlay-color":"","overlay-opacity":"","overlay-gradient":""},"mobile":{"background-color":"","background-image":"","background-repeat":"repeat","background-position":"center center","background-size":"auto","background-attachment":"scroll","background-type":"","background-media":"","overlay-type":"","overlay-color":"","overlay-opacity":"","overlay-gradient":""}},"ast-content-background-meta":{"desktop":{"background-color":"var(--ast-global-color-5)","background-image":"","background-repeat":"repeat","background-position":"center center","background-size":"auto","background-attachment":"scroll","background-type":"","background-media":"","overlay-type":"","overlay-color":"","overlay-opacity":"","overlay-gradient":""},"tablet":{"background-color":"var(--ast-global-color-5)","background-image":"","background-repeat":"repeat","background-position":"center center","background-size":"auto","background-attachment":"scroll","background-type":"","background-media":"","overlay-type":"","overlay-color":"","overlay-opacity":"","overlay-gradient":""},"mobile":{"background-color":"var(--ast-global-color-5)","background-image":"","background-repeat":"repeat","background-position":"center center","background-size":"auto","background-attachment":"scroll","background-type":"","background-media":"","overlay-type":"","overlay-color":"","overlay-opacity":"","overlay-gradient":""}}},"product_brand":[],"product_cat":[18,199],"product_tag":[204],"class_list":{"0":"post-5922","1":"product","2":"type-product","3":"status-publish","4":"has-post-thumbnail","6":"product_cat-batteries","7":"product_cat-systeme-ups","8":"product_tag-pwrstn","9":"desktop-align-left","10":"tablet-align-left","11":"mobile-align-left","13":"first","14":"instock","15":"taxable","16":"shipping-taxable","17":"purchasable","18":"product-type-simple"},"acf":[],"yoast_head":"<!-- This site is optimized with the Yoast SEO plugin v27.4 - https:\/\/yoast.com\/product\/yoast-seo-wordpress\/ -->\n<title>Station d&#039;alimentation portative Volthium | 1600W 1536Wh - Volthium<\/title>\n<meta name=\"description\" content=\"Station d&#039;alimentation portable lithium LFP de 1536 Wh | 1600 W, ultra polyvalente, id\u00e9ale pour vos besoins r\u00e9sidentiels ou commerciaux!\" \/>\n<meta name=\"robots\" content=\"index, follow, max-snippet:-1, max-image-preview:large, max-video-preview:-1\" \/>\n<link rel=\"canonical\" href=\"https:\/\/volthium.com\/fr\/produit\/station-dalimentation-portative-1600w-1536wh\/\" \/>\n<meta property=\"og:locale\" content=\"fr_CA\" \/>\n<meta property=\"og:type\" content=\"article\" \/>\n<meta property=\"og:title\" content=\"Station d&#039;alimentation portative Volthium | 1600W 1536Wh - Volthium\" \/>\n<meta property=\"og:description\" content=\"Station d&#039;alimentation portable lithium LFP de 1536 Wh | 1600 W, ultra polyvalente, id\u00e9ale pour vos besoins r\u00e9sidentiels ou commerciaux!\" \/>\n<meta property=\"og:url\" content=\"https:\/\/volthium.com\/fr\/produit\/station-dalimentation-portative-1600w-1536wh\/\" \/>\n<meta property=\"og:site_name\" content=\"Volthium\" \/>\n<meta property=\"article:modified_time\" content=\"2025-10-01T18:55:38+00:00\" \/>\n<meta property=\"og:image\" content=\"https:\/\/volthium.com\/wp-content\/uploads\/2024\/11\/Powerstation-1600W_Detoure-01_Rectangle.png\" \/>\n\t<meta property=\"og:image:width\" content=\"1959\" \/>\n\t<meta property=\"og:image:height\" content=\"858\" \/>\n\t<meta property=\"og:image:type\" content=\"image\/png\" \/>\n<meta name=\"twitter:card\" content=\"summary_large_image\" \/>\n<meta name=\"twitter:label1\" content=\"Estimation du temps de lecture\" \/>\n\t<meta name=\"twitter:data1\" content=\"3 minutes\" \/>\n<script type=\"application\/ld+json\" class=\"yoast-schema-graph\">{\"@context\":\"https:\\\/\\\/schema.org\",\"@graph\":[{\"@type\":\"WebPage\",\"@id\":\"https:\\\/\\\/volthium.com\\\/fr\\\/produit\\\/station-dalimentation-portative-1600w-1536wh\\\/\",\"url\":\"https:\\\/\\\/volthium.com\\\/fr\\\/produit\\\/station-dalimentation-portative-1600w-1536wh\\\/\",\"name\":\"Station d'alimentation portative Volthium | 1600W 1536Wh - Volthium\",\"isPartOf\":{\"@id\":\"https:\\\/\\\/volthium.com\\\/fr\\\/#website\"},\"primaryImageOfPage\":{\"@id\":\"https:\\\/\\\/volthium.com\\\/fr\\\/produit\\\/station-dalimentation-portative-1600w-1536wh\\\/#primaryimage\"},\"image\":{\"@id\":\"https:\\\/\\\/volthium.com\\\/fr\\\/produit\\\/station-dalimentation-portative-1600w-1536wh\\\/#primaryimage\"},\"thumbnailUrl\":\"https:\\\/\\\/volthium.com\\\/wp-content\\\/uploads\\\/2024\\\/11\\\/Powerstation-1600W_Detoure-01_Rectangle.png\",\"datePublished\":\"2024-11-14T19:27:54+00:00\",\"dateModified\":\"2025-10-01T18:55:38+00:00\",\"description\":\"Station d'alimentation portable lithium LFP de 1536 Wh | 1600 W, ultra polyvalente, id\u00e9ale pour vos besoins r\u00e9sidentiels ou commerciaux!\",\"breadcrumb\":{\"@id\":\"https:\\\/\\\/volthium.com\\\/fr\\\/produit\\\/station-dalimentation-portative-1600w-1536wh\\\/#breadcrumb\"},\"inLanguage\":\"fr-CA\",\"potentialAction\":[{\"@type\":\"ReadAction\",\"target\":[\"https:\\\/\\\/volthium.com\\\/fr\\\/produit\\\/station-dalimentation-portative-1600w-1536wh\\\/\"]}]},{\"@type\":\"ImageObject\",\"inLanguage\":\"fr-CA\",\"@id\":\"https:\\\/\\\/volthium.com\\\/fr\\\/produit\\\/station-dalimentation-portative-1600w-1536wh\\\/#primaryimage\",\"url\":\"https:\\\/\\\/volthium.com\\\/wp-content\\\/uploads\\\/2024\\\/11\\\/Powerstation-1600W_Detoure-01_Rectangle.png\",\"contentUrl\":\"https:\\\/\\\/volthium.com\\\/wp-content\\\/uploads\\\/2024\\\/11\\\/Powerstation-1600W_Detoure-01_Rectangle.png\",\"width\":1959,\"height\":858},{\"@type\":\"BreadcrumbList\",\"@id\":\"https:\\\/\\\/volthium.com\\\/fr\\\/produit\\\/station-dalimentation-portative-1600w-1536wh\\\/#breadcrumb\",\"itemListElement\":[{\"@type\":\"ListItem\",\"position\":1,\"name\":\"Accueil\",\"item\":\"https:\\\/\\\/volthium.com\\\/fr\\\/\"},{\"@type\":\"ListItem\",\"position\":2,\"name\":\"Boutique en ligne\",\"item\":\"https:\\\/\\\/volthium.com\\\/fr\\\/boutique\\\/\"},{\"@type\":\"ListItem\",\"position\":3,\"name\":\"Station d&rsquo;alimentation portative Volthium | 1600W 1536Wh\"}]},{\"@type\":\"WebSite\",\"@id\":\"https:\\\/\\\/volthium.com\\\/fr\\\/#website\",\"url\":\"https:\\\/\\\/volthium.com\\\/fr\\\/\",\"name\":\"Volthium\",\"description\":\"Logo Volthium\",\"publisher\":{\"@id\":\"https:\\\/\\\/volthium.com\\\/fr\\\/#organization\"},\"potentialAction\":[{\"@type\":\"SearchAction\",\"target\":{\"@type\":\"EntryPoint\",\"urlTemplate\":\"https:\\\/\\\/volthium.com\\\/fr\\\/?s={search_term_string}\"},\"query-input\":{\"@type\":\"PropertyValueSpecification\",\"valueRequired\":true,\"valueName\":\"search_term_string\"}}],\"inLanguage\":\"fr-CA\"},{\"@type\":\"Organization\",\"@id\":\"https:\\\/\\\/volthium.com\\\/fr\\\/#organization\",\"name\":\"Volthium\",\"url\":\"https:\\\/\\\/volthium.com\\\/fr\\\/\",\"logo\":{\"@type\":\"ImageObject\",\"inLanguage\":\"fr-CA\",\"@id\":\"https:\\\/\\\/volthium.com\\\/fr\\\/#\\\/schema\\\/logo\\\/image\\\/\",\"url\":\"https:\\\/\\\/volthium.com\\\/wp-content\\\/uploads\\\/2024\\\/01\\\/Logo-Volthium_Sans-energie.svg\",\"contentUrl\":\"https:\\\/\\\/volthium.com\\\/wp-content\\\/uploads\\\/2024\\\/01\\\/Logo-Volthium_Sans-energie.svg\",\"width\":793,\"height\":453,\"caption\":\"Volthium\"},\"image\":{\"@id\":\"https:\\\/\\\/volthium.com\\\/fr\\\/#\\\/schema\\\/logo\\\/image\\\/\"}}]}<\/script>\n<!-- \/ Yoast SEO plugin. -->","yoast_head_json":{"title":"Station d'alimentation portative Volthium | 1600W 1536Wh - Volthium","description":"Station d'alimentation portable lithium LFP de 1536 Wh | 1600 W, ultra polyvalente, id\u00e9ale pour vos besoins r\u00e9sidentiels ou commerciaux!","robots":{"index":"index","follow":"follow","max-snippet":"max-snippet:-1","max-image-preview":"max-image-preview:large","max-video-preview":"max-video-preview:-1"},"canonical":"https:\/\/volthium.com\/fr\/produit\/station-dalimentation-portative-1600w-1536wh\/","og_locale":"fr_CA","og_type":"article","og_title":"Station d'alimentation portative Volthium | 1600W 1536Wh - Volthium","og_description":"Station d'alimentation portable lithium LFP de 1536 Wh | 1600 W, ultra polyvalente, id\u00e9ale pour vos besoins r\u00e9sidentiels ou commerciaux!","og_url":"https:\/\/volthium.com\/fr\/produit\/station-dalimentation-portative-1600w-1536wh\/","og_site_name":"Volthium","article_modified_time":"2025-10-01T18:55:38+00:00","og_image":[{"width":1959,"height":858,"url":"https:\/\/volthium.com\/wp-content\/uploads\/2024\/11\/Powerstation-1600W_Detoure-01_Rectangle.png","type":"image\/png"}],"twitter_card":"summary_large_image","twitter_misc":{"Estimation du temps de lecture":"3 minutes"},"schema":{"@context":"https:\/\/schema.org","@graph":[{"@type":"WebPage","@id":"https:\/\/volthium.com\/fr\/produit\/station-dalimentation-portative-1600w-1536wh\/","url":"https:\/\/volthium.com\/fr\/produit\/station-dalimentation-portative-1600w-1536wh\/","name":"Station d'alimentation portative Volthium | 1600W 1536Wh - Volthium","isPartOf":{"@id":"https:\/\/volthium.com\/fr\/#website"},"primaryImageOfPage":{"@id":"https:\/\/volthium.com\/fr\/produit\/station-dalimentation-portative-1600w-1536wh\/#primaryimage"},"image":{"@id":"https:\/\/volthium.com\/fr\/produit\/station-dalimentation-portative-1600w-1536wh\/#primaryimage"},"thumbnailUrl":"https:\/\/volthium.com\/wp-content\/uploads\/2024\/11\/Powerstation-1600W_Detoure-01_Rectangle.png","datePublished":"2024-11-14T19:27:54+00:00","dateModified":"2025-10-01T18:55:38+00:00","description":"Station d'alimentation portable lithium LFP de 1536 Wh | 1600 W, ultra polyvalente, id\u00e9ale pour vos besoins r\u00e9sidentiels ou commerciaux!","breadcrumb":{"@id":"https:\/\/volthium.com\/fr\/produit\/station-dalimentation-portative-1600w-1536wh\/#breadcrumb"},"inLanguage":"fr-CA","potentialAction":[{"@type":"ReadAction","target":["https:\/\/volthium.com\/fr\/produit\/station-dalimentation-portative-1600w-1536wh\/"]}]},{"@type":"ImageObject","inLanguage":"fr-CA","@id":"https:\/\/volthium.com\/fr\/produit\/station-dalimentation-portative-1600w-1536wh\/#primaryimage","url":"https:\/\/volthium.com\/wp-content\/uploads\/2024\/11\/Powerstation-1600W_Detoure-01_Rectangle.png","contentUrl":"https:\/\/volthium.com\/wp-content\/uploads\/2024\/11\/Powerstation-1600W_Detoure-01_Rectangle.png","width":1959,"height":858},{"@type":"BreadcrumbList","@id":"https:\/\/volthium.com\/fr\/produit\/station-dalimentation-portative-1600w-1536wh\/#breadcrumb","itemListElement":[{"@type":"ListItem","position":1,"name":"Accueil","item":"https:\/\/volthium.com\/fr\/"},{"@type":"ListItem","position":2,"name":"Boutique en ligne","item":"https:\/\/volthium.com\/fr\/boutique\/"},{"@type":"ListItem","position":3,"name":"Station d&rsquo;alimentation portative Volthium | 1600W 1536Wh"}]},{"@type":"WebSite","@id":"https:\/\/volthium.com\/fr\/#website","url":"https:\/\/volthium.com\/fr\/","name":"Volthium","description":"Logo Volthium","publisher":{"@id":"https:\/\/volthium.com\/fr\/#organization"},"potentialAction":[{"@type":"SearchAction","target":{"@type":"EntryPoint","urlTemplate":"https:\/\/volthium.com\/fr\/?s={search_term_string}"},"query-input":{"@type":"PropertyValueSpecification","valueRequired":true,"valueName":"search_term_string"}}],"inLanguage":"fr-CA"},{"@type":"Organization","@id":"https:\/\/volthium.com\/fr\/#organization","name":"Volthium","url":"https:\/\/volthium.com\/fr\/","logo":{"@type":"ImageObject","inLanguage":"fr-CA","@id":"https:\/\/volthium.com\/fr\/#\/schema\/logo\/image\/","url":"https:\/\/volthium.com\/wp-content\/uploads\/2024\/01\/Logo-Volthium_Sans-energie.svg","contentUrl":"https:\/\/volthium.com\/wp-content\/uploads\/2024\/01\/Logo-Volthium_Sans-energie.svg","width":793,"height":453,"caption":"Volthium"},"image":{"@id":"https:\/\/volthium.com\/fr\/#\/schema\/logo\/image\/"}}]}},"_links":{"self":[{"href":"https:\/\/volthium.com\/fr\/wp-json\/wp\/v2\/product\/5922","targetHints":{"allow":["GET"]}}],"collection":[{"href":"https:\/\/volthium.com\/fr\/wp-json\/wp\/v2\/product"}],"about":[{"href":"https:\/\/volthium.com\/fr\/wp-json\/wp\/v2\/types\/product"}],"replies":[{"embeddable":true,"href":"https:\/\/volthium.com\/fr\/wp-json\/wp\/v2\/comments?post=5922"}],"wp:featuredmedia":[{"embeddable":true,"href":"https:\/\/volthium.com\/fr\/wp-json\/wp\/v2\/media\/5925"}],"wp:attachment":[{"href":"https:\/\/volthium.com\/fr\/wp-json\/wp\/v2\/media?parent=5922"}],"wp:term":[{"taxonomy":"product_brand","embeddable":true,"href":"https:\/\/volthium.com\/fr\/wp-json\/wp\/v2\/product_brand?post=5922"},{"taxonomy":"product_cat","embeddable":true,"href":"https:\/\/volthium.com\/fr\/wp-json\/wp\/v2\/product_cat?post=5922"},{"taxonomy":"product_tag","embeddable":true,"href":"https:\/\/volthium.com\/fr\/wp-json\/wp\/v2\/product_tag?post=5922"}],"curies":[{"name":"wp","href":"https:\/\/api.w.org\/{rel}","templated":true}]}}