{"id":5748,"date":"2024-11-04T10:48:56","date_gmt":"2024-11-04T15:48:56","guid":{"rendered":"https:\/\/volthium.com\/?post_type=product&#038;p=5748"},"modified":"2025-11-13T06:43:32","modified_gmt":"2025-11-13T11:43:32","slug":"bmv-712-smart","status":"publish","type":"product","link":"https:\/\/volthium.com\/fr\/produit\/bmv-712-smart\/","title":{"rendered":"BMV-712 Smart &#8211; Victron"},"content":{"rendered":"<p>Gr\u00e2ce \u00e0 son dispositif Bluetooth int\u00e9gr\u00e9, le BMV-712 Smart est pr\u00eat pour aborder l&rsquo;\u00e8re de l&rsquo;Internet des objets (IoT). Gr\u00e2ce \u00e0 la mise en place de la fonction Bluetooth dans la plupart des produits Victron Energy, la communication sans fil entre les produits permettra de simplifier l&rsquo;installation du syst\u00e8me et d&rsquo;am\u00e9liorer le rendement.<\/p>\n<p>Le Victron BMV-712 est \u00e9quip\u00e9 d&rsquo;un contact sec (ou relais programmable) qui ajoute une couche pr\u00e9cieuse de contr\u00f4le et de gestion de l&rsquo;alimentation au sein de votre syst\u00e8me \u00e9nerg\u00e9tique. Cette fonctionnalit\u00e9 permet de d\u00e9clencher automatiquement des actions en fonction de certains param\u00e8tres pr\u00e9d\u00e9finis, comme le niveau de charge de la batterie, la tension, ou d&rsquo;autres \u00e9tats \u00e9nerg\u00e9tiques.<br \/>\nPar exemple, ce contact sec peut \u00eatre configur\u00e9 pour activer ou d\u00e9sactiver des appareils lorsque la batterie atteint un certain seuil de charge.<br \/>\nDans un contexte d&rsquo;autonomie \u00e9nerg\u00e9tique, cela peut \u00eatre crucial pour prot\u00e9ger la batterie et optimiser son utilisation. En effet, si le niveau de charge de la batterie descend en-dessous d&rsquo;un certain pourcentage, le contact sec peut couper l&rsquo;alimentation des appareils non essentiels, pr\u00e9servant ainsi l&rsquo;\u00e9nergie pour des fonctions critiques.<\/p>\n<p>Cette capacit\u00e9 de surveillance et de contr\u00f4le automatique est particuli\u00e8rement utile dans des environnements o\u00f9 la gestion de l&rsquo;\u00e9nergie doit \u00eatre optimis\u00e9e pour prolonger l\u2019autonomie de la batterie, r\u00e9duisant ainsi les interventions manuelles.<\/p>\n<p>Le BMV-712 devient ainsi non seulement un moniteur de batterie, mais aussi un outil de gestion intelligent qui renforce la fiabilit\u00e9 et l&rsquo;efficacit\u00e9 des syst\u00e8mes \u00e9nerg\u00e9tiques auxquels il est int\u00e9gr\u00e9.<\/p>\n<h4>Il fonctionne avec VictronConnect!<\/h4>\n<p>VictronConnect vous permet d&rsquo;obtenir en direct des informations relatives au statut de vos \u00e9quipements et de configurer tous les produits Victron qui disposent d&rsquo;une fonction Bluetooth int\u00e9gr\u00e9e ou qui sont connect\u00e9s \u00e0 un dongle intelligent VE.Direct Bluetooth.<br \/>\nT\u00e9l\u00e9charger l&rsquo;app sur <a href=\"https:\/\/apps.apple.com\/us\/app\/victronconnect\/id943840744\">VictronConnect sur IOS<\/a> ou <a href=\"https:\/\/play.google.com\/store\/apps\/details?id=com.victronenergy.victronconnect\">VictronConnect sur Android<\/a>. Rendez-vous sur la <a href=\"https:\/\/www.victronenergy.fr\/display-and-panels\/bmv-712-smart#victronconnect_block\">page officiel de Victron<\/a> pour en apprendre plus sur l&rsquo;application VictronConnect!<\/p>\n","protected":false},"excerpt":{"rendered":"<p>Gr\u00e2ce \u00e0 son dispositif Bluetooth int\u00e9gr\u00e9, le BMV-712 Smart vous permettra une communication sans fil entre vos produits et de simplifier l&rsquo;installation du syst\u00e8me et d&rsquo;am\u00e9liorer le rendement.<\/p>\n","protected":false},"featured_media":5754,"comment_status":"open","ping_status":"closed","template":"","meta":{"_acf_changed":false,"inline_featured_image":false,"site-sidebar-layout":"default","site-content-layout":"","ast-site-content-layout":"default","site-content-style":"default","site-sidebar-style":"default","ast-global-header-display":"","ast-banner-title-visibility":"","ast-main-header-display":"","ast-hfb-above-header-display":"","ast-hfb-below-header-display":"","ast-hfb-mobile-header-display":"","site-post-title":"","ast-breadcrumbs-content":"","ast-featured-img":"","footer-sml-layout":"","ast-disable-related-posts":"","theme-transparent-header-meta":"default","adv-header-id-meta":"","stick-header-meta":"","header-above-stick-meta":"","header-main-stick-meta":"","header-below-stick-meta":"","astra-migrate-meta-layouts":"set","ast-page-background-enabled":"default","ast-page-background-meta":{"desktop":{"background-color":"var(--ast-global-color-4)","background-image":"","background-repeat":"repeat","background-position":"center center","background-size":"auto","background-attachment":"scroll","background-type":"","background-media":"","overlay-type":"","overlay-color":"","overlay-opacity":"","overlay-gradient":""},"tablet":{"background-color":"","background-image":"","background-repeat":"repeat","background-position":"center center","background-size":"auto","background-attachment":"scroll","background-type":"","background-media":"","overlay-type":"","overlay-color":"","overlay-opacity":"","overlay-gradient":""},"mobile":{"background-color":"","background-image":"","background-repeat":"repeat","background-position":"center center","background-size":"auto","background-attachment":"scroll","background-type":"","background-media":"","overlay-type":"","overlay-color":"","overlay-opacity":"","overlay-gradient":""}},"ast-content-background-meta":{"desktop":{"background-color":"var(--ast-global-color-5)","background-image":"","background-repeat":"repeat","background-position":"center center","background-size":"auto","background-attachment":"scroll","background-type":"","background-media":"","overlay-type":"","overlay-color":"","overlay-opacity":"","overlay-gradient":""},"tablet":{"background-color":"var(--ast-global-color-5)","background-image":"","background-repeat":"repeat","background-position":"center center","background-size":"auto","background-attachment":"scroll","background-type":"","background-media":"","overlay-type":"","overlay-color":"","overlay-opacity":"","overlay-gradient":""},"mobile":{"background-color":"var(--ast-global-color-5)","background-image":"","background-repeat":"repeat","background-position":"center center","background-size":"auto","background-attachment":"scroll","background-type":"","background-media":"","overlay-type":"","overlay-color":"","overlay-opacity":"","overlay-gradient":""}}},"product_brand":[207],"product_cat":[30,31],"product_tag":[],"class_list":{"0":"post-5748","1":"product","2":"type-product","3":"status-publish","4":"has-post-thumbnail","6":"product_brand-victron","7":"product_cat-accessoires","8":"product_cat-accessoires-connectes","9":"desktop-align-left","10":"tablet-align-left","11":"mobile-align-left","13":"first","14":"instock","15":"taxable","16":"shipping-taxable","17":"purchasable","18":"product-type-simple"},"acf":[],"yoast_head":"<!-- This site is optimized with the Yoast SEO plugin v27.3 - https:\/\/yoast.com\/product\/yoast-seo-wordpress\/ -->\n<title>BMV-712 Smart - Victron - Volthium<\/title>\n<meta name=\"robots\" content=\"index, follow, max-snippet:-1, max-image-preview:large, max-video-preview:-1\" \/>\n<link rel=\"canonical\" href=\"https:\/\/volthium.com\/fr\/produit\/bmv-712-smart\/\" \/>\n<meta property=\"og:locale\" content=\"fr_CA\" \/>\n<meta property=\"og:type\" content=\"article\" \/>\n<meta property=\"og:title\" content=\"BMV-712 Smart - Victron - Volthium\" \/>\n<meta property=\"og:description\" content=\"Gr\u00e2ce \u00e0 son dispositif Bluetooth int\u00e9gr\u00e9, le BMV-712 Smart vous permettra une communication sans fil entre vos produits et de simplifier l&#039;installation du syst\u00e8me et d&#039;am\u00e9liorer le rendement.\" \/>\n<meta property=\"og:url\" content=\"https:\/\/volthium.com\/fr\/produit\/bmv-712-smart\/\" \/>\n<meta property=\"og:site_name\" content=\"Volthium\" \/>\n<meta property=\"article:modified_time\" content=\"2025-11-13T11:43:32+00:00\" \/>\n<meta property=\"og:image\" content=\"https:\/\/volthium.com\/wp-content\/uploads\/2024\/11\/BMV-712-Smart_Detoure-01_Rectangle.png\" \/>\n\t<meta property=\"og:image:width\" content=\"1959\" \/>\n\t<meta property=\"og:image:height\" content=\"858\" \/>\n\t<meta property=\"og:image:type\" content=\"image\/png\" \/>\n<meta name=\"twitter:card\" content=\"summary_large_image\" \/>\n<meta name=\"twitter:label1\" content=\"Estimation du temps de lecture\" \/>\n\t<meta name=\"twitter:data1\" content=\"2 minutes\" \/>\n<script type=\"application\/ld+json\" class=\"yoast-schema-graph\">{\"@context\":\"https:\\\/\\\/schema.org\",\"@graph\":[{\"@type\":\"WebPage\",\"@id\":\"https:\\\/\\\/volthium.com\\\/fr\\\/produit\\\/bmv-712-smart\\\/\",\"url\":\"https:\\\/\\\/volthium.com\\\/fr\\\/produit\\\/bmv-712-smart\\\/\",\"name\":\"BMV-712 Smart - Victron - Volthium\",\"isPartOf\":{\"@id\":\"https:\\\/\\\/volthium.com\\\/fr\\\/#website\"},\"primaryImageOfPage\":{\"@id\":\"https:\\\/\\\/volthium.com\\\/fr\\\/produit\\\/bmv-712-smart\\\/#primaryimage\"},\"image\":{\"@id\":\"https:\\\/\\\/volthium.com\\\/fr\\\/produit\\\/bmv-712-smart\\\/#primaryimage\"},\"thumbnailUrl\":\"https:\\\/\\\/volthium.com\\\/wp-content\\\/uploads\\\/2024\\\/11\\\/BMV-712-Smart_Detoure-01_Rectangle.png\",\"datePublished\":\"2024-11-04T15:48:56+00:00\",\"dateModified\":\"2025-11-13T11:43:32+00:00\",\"breadcrumb\":{\"@id\":\"https:\\\/\\\/volthium.com\\\/fr\\\/produit\\\/bmv-712-smart\\\/#breadcrumb\"},\"inLanguage\":\"fr-CA\",\"potentialAction\":[{\"@type\":\"ReadAction\",\"target\":[\"https:\\\/\\\/volthium.com\\\/fr\\\/produit\\\/bmv-712-smart\\\/\"]}]},{\"@type\":\"ImageObject\",\"inLanguage\":\"fr-CA\",\"@id\":\"https:\\\/\\\/volthium.com\\\/fr\\\/produit\\\/bmv-712-smart\\\/#primaryimage\",\"url\":\"https:\\\/\\\/volthium.com\\\/wp-content\\\/uploads\\\/2024\\\/11\\\/BMV-712-Smart_Detoure-01_Rectangle.png\",\"contentUrl\":\"https:\\\/\\\/volthium.com\\\/wp-content\\\/uploads\\\/2024\\\/11\\\/BMV-712-Smart_Detoure-01_Rectangle.png\",\"width\":1959,\"height\":858},{\"@type\":\"BreadcrumbList\",\"@id\":\"https:\\\/\\\/volthium.com\\\/fr\\\/produit\\\/bmv-712-smart\\\/#breadcrumb\",\"itemListElement\":[{\"@type\":\"ListItem\",\"position\":1,\"name\":\"Accueil\",\"item\":\"https:\\\/\\\/volthium.com\\\/fr\\\/\"},{\"@type\":\"ListItem\",\"position\":2,\"name\":\"Boutique en ligne\",\"item\":\"https:\\\/\\\/volthium.com\\\/fr\\\/boutique\\\/\"},{\"@type\":\"ListItem\",\"position\":3,\"name\":\"BMV-712 Smart &#8211; Victron\"}]},{\"@type\":\"WebSite\",\"@id\":\"https:\\\/\\\/volthium.com\\\/fr\\\/#website\",\"url\":\"https:\\\/\\\/volthium.com\\\/fr\\\/\",\"name\":\"Volthium\",\"description\":\"Logo Volthium\",\"publisher\":{\"@id\":\"https:\\\/\\\/volthium.com\\\/fr\\\/#organization\"},\"potentialAction\":[{\"@type\":\"SearchAction\",\"target\":{\"@type\":\"EntryPoint\",\"urlTemplate\":\"https:\\\/\\\/volthium.com\\\/fr\\\/?s={search_term_string}\"},\"query-input\":{\"@type\":\"PropertyValueSpecification\",\"valueRequired\":true,\"valueName\":\"search_term_string\"}}],\"inLanguage\":\"fr-CA\"},{\"@type\":\"Organization\",\"@id\":\"https:\\\/\\\/volthium.com\\\/fr\\\/#organization\",\"name\":\"Volthium\",\"url\":\"https:\\\/\\\/volthium.com\\\/fr\\\/\",\"logo\":{\"@type\":\"ImageObject\",\"inLanguage\":\"fr-CA\",\"@id\":\"https:\\\/\\\/volthium.com\\\/fr\\\/#\\\/schema\\\/logo\\\/image\\\/\",\"url\":\"https:\\\/\\\/volthium.com\\\/wp-content\\\/uploads\\\/2024\\\/01\\\/Logo-Volthium_Sans-energie.svg\",\"contentUrl\":\"https:\\\/\\\/volthium.com\\\/wp-content\\\/uploads\\\/2024\\\/01\\\/Logo-Volthium_Sans-energie.svg\",\"width\":793,\"height\":453,\"caption\":\"Volthium\"},\"image\":{\"@id\":\"https:\\\/\\\/volthium.com\\\/fr\\\/#\\\/schema\\\/logo\\\/image\\\/\"}}]}<\/script>\n<!-- \/ Yoast SEO plugin. -->","yoast_head_json":{"title":"BMV-712 Smart - Victron - Volthium","robots":{"index":"index","follow":"follow","max-snippet":"max-snippet:-1","max-image-preview":"max-image-preview:large","max-video-preview":"max-video-preview:-1"},"canonical":"https:\/\/volthium.com\/fr\/produit\/bmv-712-smart\/","og_locale":"fr_CA","og_type":"article","og_title":"BMV-712 Smart - Victron - Volthium","og_description":"Gr\u00e2ce \u00e0 son dispositif Bluetooth int\u00e9gr\u00e9, le BMV-712 Smart vous permettra une communication sans fil entre vos produits et de simplifier l'installation du syst\u00e8me et d'am\u00e9liorer le rendement.","og_url":"https:\/\/volthium.com\/fr\/produit\/bmv-712-smart\/","og_site_name":"Volthium","article_modified_time":"2025-11-13T11:43:32+00:00","og_image":[{"width":1959,"height":858,"url":"https:\/\/volthium.com\/wp-content\/uploads\/2024\/11\/BMV-712-Smart_Detoure-01_Rectangle.png","type":"image\/png"}],"twitter_card":"summary_large_image","twitter_misc":{"Estimation du temps de lecture":"2 minutes"},"schema":{"@context":"https:\/\/schema.org","@graph":[{"@type":"WebPage","@id":"https:\/\/volthium.com\/fr\/produit\/bmv-712-smart\/","url":"https:\/\/volthium.com\/fr\/produit\/bmv-712-smart\/","name":"BMV-712 Smart - Victron - Volthium","isPartOf":{"@id":"https:\/\/volthium.com\/fr\/#website"},"primaryImageOfPage":{"@id":"https:\/\/volthium.com\/fr\/produit\/bmv-712-smart\/#primaryimage"},"image":{"@id":"https:\/\/volthium.com\/fr\/produit\/bmv-712-smart\/#primaryimage"},"thumbnailUrl":"https:\/\/volthium.com\/wp-content\/uploads\/2024\/11\/BMV-712-Smart_Detoure-01_Rectangle.png","datePublished":"2024-11-04T15:48:56+00:00","dateModified":"2025-11-13T11:43:32+00:00","breadcrumb":{"@id":"https:\/\/volthium.com\/fr\/produit\/bmv-712-smart\/#breadcrumb"},"inLanguage":"fr-CA","potentialAction":[{"@type":"ReadAction","target":["https:\/\/volthium.com\/fr\/produit\/bmv-712-smart\/"]}]},{"@type":"ImageObject","inLanguage":"fr-CA","@id":"https:\/\/volthium.com\/fr\/produit\/bmv-712-smart\/#primaryimage","url":"https:\/\/volthium.com\/wp-content\/uploads\/2024\/11\/BMV-712-Smart_Detoure-01_Rectangle.png","contentUrl":"https:\/\/volthium.com\/wp-content\/uploads\/2024\/11\/BMV-712-Smart_Detoure-01_Rectangle.png","width":1959,"height":858},{"@type":"BreadcrumbList","@id":"https:\/\/volthium.com\/fr\/produit\/bmv-712-smart\/#breadcrumb","itemListElement":[{"@type":"ListItem","position":1,"name":"Accueil","item":"https:\/\/volthium.com\/fr\/"},{"@type":"ListItem","position":2,"name":"Boutique en ligne","item":"https:\/\/volthium.com\/fr\/boutique\/"},{"@type":"ListItem","position":3,"name":"BMV-712 Smart &#8211; Victron"}]},{"@type":"WebSite","@id":"https:\/\/volthium.com\/fr\/#website","url":"https:\/\/volthium.com\/fr\/","name":"Volthium","description":"Logo Volthium","publisher":{"@id":"https:\/\/volthium.com\/fr\/#organization"},"potentialAction":[{"@type":"SearchAction","target":{"@type":"EntryPoint","urlTemplate":"https:\/\/volthium.com\/fr\/?s={search_term_string}"},"query-input":{"@type":"PropertyValueSpecification","valueRequired":true,"valueName":"search_term_string"}}],"inLanguage":"fr-CA"},{"@type":"Organization","@id":"https:\/\/volthium.com\/fr\/#organization","name":"Volthium","url":"https:\/\/volthium.com\/fr\/","logo":{"@type":"ImageObject","inLanguage":"fr-CA","@id":"https:\/\/volthium.com\/fr\/#\/schema\/logo\/image\/","url":"https:\/\/volthium.com\/wp-content\/uploads\/2024\/01\/Logo-Volthium_Sans-energie.svg","contentUrl":"https:\/\/volthium.com\/wp-content\/uploads\/2024\/01\/Logo-Volthium_Sans-energie.svg","width":793,"height":453,"caption":"Volthium"},"image":{"@id":"https:\/\/volthium.com\/fr\/#\/schema\/logo\/image\/"}}]}},"_links":{"self":[{"href":"https:\/\/volthium.com\/fr\/wp-json\/wp\/v2\/product\/5748","targetHints":{"allow":["GET"]}}],"collection":[{"href":"https:\/\/volthium.com\/fr\/wp-json\/wp\/v2\/product"}],"about":[{"href":"https:\/\/volthium.com\/fr\/wp-json\/wp\/v2\/types\/product"}],"replies":[{"embeddable":true,"href":"https:\/\/volthium.com\/fr\/wp-json\/wp\/v2\/comments?post=5748"}],"wp:featuredmedia":[{"embeddable":true,"href":"https:\/\/volthium.com\/fr\/wp-json\/wp\/v2\/media\/5754"}],"wp:attachment":[{"href":"https:\/\/volthium.com\/fr\/wp-json\/wp\/v2\/media?parent=5748"}],"wp:term":[{"taxonomy":"product_brand","embeddable":true,"href":"https:\/\/volthium.com\/fr\/wp-json\/wp\/v2\/product_brand?post=5748"},{"taxonomy":"product_cat","embeddable":true,"href":"https:\/\/volthium.com\/fr\/wp-json\/wp\/v2\/product_cat?post=5748"},{"taxonomy":"product_tag","embeddable":true,"href":"https:\/\/volthium.com\/fr\/wp-json\/wp\/v2\/product_tag?post=5748"}],"curies":[{"name":"wp","href":"https:\/\/api.w.org\/{rel}","templated":true}]}}