{"id":5572,"date":"2024-10-24T15:01:25","date_gmt":"2024-10-24T19:01:25","guid":{"rendered":"https:\/\/volthium.com\/?post_type=product&#038;p=5572"},"modified":"2026-03-17T01:24:06","modified_gmt":"2026-03-17T05:24:06","slug":"onduleur-hybride-essentials-12k-2p-sol-ark","status":"publish","type":"product","link":"https:\/\/volthium.com\/fr\/produit\/onduleur-hybride-essentials-12k-2p-sol-ark\/","title":{"rendered":"Onduleur hybride Essentials 12K-2P &#8211; Sol-Ark"},"content":{"rendered":"<p><span data-sheets-root=\"1\">L&rsquo;onduleur hybride Sol-Ark Essentials offre une solution puissante et polyvalente pour alimenter votre maison avec de l&rsquo;\u00e9nergie solaire. L&rsquo;onduleur solaire hybride 12K-2P vous permet de cr\u00e9er un syst\u00e8me de secours partiel pour votre maison, prenant en charge les appareils essentiels ainsi qu&rsquo;une large gamme d&rsquo;autres dispositifs lorsque vous \u00eates hors r\u00e9seau. Puisqu&rsquo;il est pr\u00eat pour le NEM 3.0, il aide \u00e0 r\u00e9duire vos factures d&rsquo;\u00e9lectricit\u00e9 mensuelles et \u00e0 optimiser l&rsquo;utilisation \u00e9nerg\u00e9tique de votre maison pendant les heures de pointe, lorsque les tarifs de l&rsquo;\u00e9lectricit\u00e9 sont les plus \u00e9lev\u00e9s.<\/span><\/p>\n<h4><span data-sheets-root=\"1\">Secours partiel de la maison<\/span><\/h4>\n<p><span data-sheets-root=\"1\">En cas de coupure de courant, maintenez les appareils essentiels et une large gamme d&rsquo;appareils en fonctionnement dans votre maison.<\/span><\/p>\n<h4><span data-sheets-root=\"1\">Interrupteur de transfert int\u00e9gr\u00e9<\/span><\/h4>\n<p><span data-sheets-root=\"1\">Pour une installation de syst\u00e8me d&rsquo;\u00e9nergie solaire moins co\u00fbteuse, il s&rsquo;int\u00e8gre \u00e0 toute source d&rsquo;alimentation AC.<\/span><\/p>\n<h4><span data-sheets-root=\"1\">Ind\u00e9pendant de la batterie<\/span><\/h4>\n<p><span data-sheets-root=\"1\">Capable de fonctionner avec n&rsquo;importe quelle batterie 48V disponible sur le march\u00e9.<\/span><\/p>\n<h4><span data-sheets-root=\"1\">Option de fiabilit\u00e9 jusqu&rsquo;\u00e0 2x de grade militaire<\/span><\/h4>\n<p><span data-sheets-root=\"1\">D\u00e9passe les normes militaires pour continuer \u00e0 fonctionner lors de coups de foudre et d&rsquo;autres armes de grade militaire.<\/span><\/p>\n<h4><span data-sheets-root=\"1\">Recharge \u00e0 domicile pour v\u00e9hicules \u00e9lectriques<\/span><\/h4>\n<p><span data-sheets-root=\"1\">Chargez votre v\u00e9hicule \u00e9lectrique avec la capacit\u00e9 de charger un seul circuit.<\/span><\/p>\n<p>&nbsp;<\/p>\n","protected":false},"excerpt":{"rendered":"<p><span data-sheets-root=\"1\">L&rsquo;onduleur hybride Sol-Ark Essentials offre une solution puissante et polyvalente pour alimenter votre maison avec de l&rsquo;\u00e9nergie solaire.<\/span><\/p>\n","protected":false},"featured_media":5630,"comment_status":"open","ping_status":"closed","template":"","meta":{"_acf_changed":false,"inline_featured_image":false,"site-sidebar-layout":"default","site-content-layout":"","ast-site-content-layout":"default","site-content-style":"default","site-sidebar-style":"default","ast-global-header-display":"","ast-banner-title-visibility":"","ast-main-header-display":"","ast-hfb-above-header-display":"","ast-hfb-below-header-display":"","ast-hfb-mobile-header-display":"","site-post-title":"","ast-breadcrumbs-content":"","ast-featured-img":"","footer-sml-layout":"","ast-disable-related-posts":"","theme-transparent-header-meta":"default","adv-header-id-meta":"","stick-header-meta":"","header-above-stick-meta":"","header-main-stick-meta":"","header-below-stick-meta":"","astra-migrate-meta-layouts":"set","ast-page-background-enabled":"default","ast-page-background-meta":{"desktop":{"background-color":"var(--ast-global-color-4)","background-image":"","background-repeat":"repeat","background-position":"center center","background-size":"auto","background-attachment":"scroll","background-type":"","background-media":"","overlay-type":"","overlay-color":"","overlay-opacity":"","overlay-gradient":""},"tablet":{"background-color":"","background-image":"","background-repeat":"repeat","background-position":"center center","background-size":"auto","background-attachment":"scroll","background-type":"","background-media":"","overlay-type":"","overlay-color":"","overlay-opacity":"","overlay-gradient":""},"mobile":{"background-color":"","background-image":"","background-repeat":"repeat","background-position":"center center","background-size":"auto","background-attachment":"scroll","background-type":"","background-media":"","overlay-type":"","overlay-color":"","overlay-opacity":"","overlay-gradient":""}},"ast-content-background-meta":{"desktop":{"background-color":"var(--ast-global-color-5)","background-image":"","background-repeat":"repeat","background-position":"center center","background-size":"auto","background-attachment":"scroll","background-type":"","background-media":"","overlay-type":"","overlay-color":"","overlay-opacity":"","overlay-gradient":""},"tablet":{"background-color":"var(--ast-global-color-5)","background-image":"","background-repeat":"repeat","background-position":"center center","background-size":"auto","background-attachment":"scroll","background-type":"","background-media":"","overlay-type":"","overlay-color":"","overlay-opacity":"","overlay-gradient":""},"mobile":{"background-color":"var(--ast-global-color-5)","background-image":"","background-repeat":"repeat","background-position":"center center","background-size":"auto","background-attachment":"scroll","background-type":"","background-media":"","overlay-type":"","overlay-color":"","overlay-opacity":"","overlay-gradient":""}}},"product_brand":[208],"product_cat":[27,28],"product_tag":[],"class_list":{"0":"post-5572","1":"product","2":"type-product","3":"status-publish","4":"has-post-thumbnail","6":"product_brand-sol-ark","7":"product_cat-onduleur","8":"product_cat-onduleur-chargeur","9":"desktop-align-left","10":"tablet-align-left","11":"mobile-align-left","13":"first","14":"instock","15":"taxable","16":"shipping-taxable","17":"purchasable","18":"product-type-simple"},"acf":[],"yoast_head":"<!-- This site is optimized with the Yoast SEO plugin v27.3 - https:\/\/yoast.com\/product\/yoast-seo-wordpress\/ -->\n<title>Onduleur hybride Essentials 12K-2P - Sol-Ark - Volthium<\/title>\n<meta name=\"robots\" content=\"index, follow, max-snippet:-1, max-image-preview:large, max-video-preview:-1\" \/>\n<link rel=\"canonical\" href=\"https:\/\/volthium.com\/fr\/produit\/onduleur-hybride-essentials-12k-2p-sol-ark\/\" \/>\n<meta property=\"og:locale\" content=\"fr_CA\" \/>\n<meta property=\"og:type\" content=\"article\" \/>\n<meta property=\"og:title\" content=\"Onduleur hybride Essentials 12K-2P - Sol-Ark - Volthium\" \/>\n<meta property=\"og:description\" content=\"L&#039;onduleur hybride Sol-Ark Essentials offre une solution puissante et polyvalente pour alimenter votre maison avec de l&#039;\u00e9nergie solaire.\" \/>\n<meta property=\"og:url\" content=\"https:\/\/volthium.com\/fr\/produit\/onduleur-hybride-essentials-12k-2p-sol-ark\/\" \/>\n<meta property=\"og:site_name\" content=\"Volthium\" \/>\n<meta property=\"article:modified_time\" content=\"2026-03-17T05:24:06+00:00\" \/>\n<meta property=\"og:image\" content=\"https:\/\/volthium.com\/wp-content\/uploads\/2024\/10\/Sol-Ark-8K-2P_Detoure-03_Rectangle.png\" \/>\n\t<meta property=\"og:image:width\" content=\"1959\" \/>\n\t<meta property=\"og:image:height\" content=\"858\" \/>\n\t<meta property=\"og:image:type\" content=\"image\/png\" \/>\n<meta name=\"twitter:card\" content=\"summary_large_image\" \/>\n<meta name=\"twitter:label1\" content=\"Estimation du temps de lecture\" \/>\n\t<meta name=\"twitter:data1\" content=\"2 minutes\" \/>\n<script type=\"application\/ld+json\" class=\"yoast-schema-graph\">{\"@context\":\"https:\\\/\\\/schema.org\",\"@graph\":[{\"@type\":\"WebPage\",\"@id\":\"https:\\\/\\\/volthium.com\\\/fr\\\/produit\\\/onduleur-hybride-essentials-12k-2p-sol-ark\\\/\",\"url\":\"https:\\\/\\\/volthium.com\\\/fr\\\/produit\\\/onduleur-hybride-essentials-12k-2p-sol-ark\\\/\",\"name\":\"Onduleur hybride Essentials 12K-2P - Sol-Ark - Volthium\",\"isPartOf\":{\"@id\":\"https:\\\/\\\/volthium.com\\\/fr\\\/#website\"},\"primaryImageOfPage\":{\"@id\":\"https:\\\/\\\/volthium.com\\\/fr\\\/produit\\\/onduleur-hybride-essentials-12k-2p-sol-ark\\\/#primaryimage\"},\"image\":{\"@id\":\"https:\\\/\\\/volthium.com\\\/fr\\\/produit\\\/onduleur-hybride-essentials-12k-2p-sol-ark\\\/#primaryimage\"},\"thumbnailUrl\":\"https:\\\/\\\/volthium.com\\\/wp-content\\\/uploads\\\/2024\\\/10\\\/Sol-Ark-8K-2P_Detoure-03_Rectangle.png\",\"datePublished\":\"2024-10-24T19:01:25+00:00\",\"dateModified\":\"2026-03-17T05:24:06+00:00\",\"breadcrumb\":{\"@id\":\"https:\\\/\\\/volthium.com\\\/fr\\\/produit\\\/onduleur-hybride-essentials-12k-2p-sol-ark\\\/#breadcrumb\"},\"inLanguage\":\"fr-CA\",\"potentialAction\":[{\"@type\":\"ReadAction\",\"target\":[\"https:\\\/\\\/volthium.com\\\/fr\\\/produit\\\/onduleur-hybride-essentials-12k-2p-sol-ark\\\/\"]}]},{\"@type\":\"ImageObject\",\"inLanguage\":\"fr-CA\",\"@id\":\"https:\\\/\\\/volthium.com\\\/fr\\\/produit\\\/onduleur-hybride-essentials-12k-2p-sol-ark\\\/#primaryimage\",\"url\":\"https:\\\/\\\/volthium.com\\\/wp-content\\\/uploads\\\/2024\\\/10\\\/Sol-Ark-8K-2P_Detoure-03_Rectangle.png\",\"contentUrl\":\"https:\\\/\\\/volthium.com\\\/wp-content\\\/uploads\\\/2024\\\/10\\\/Sol-Ark-8K-2P_Detoure-03_Rectangle.png\",\"width\":1959,\"height\":858},{\"@type\":\"BreadcrumbList\",\"@id\":\"https:\\\/\\\/volthium.com\\\/fr\\\/produit\\\/onduleur-hybride-essentials-12k-2p-sol-ark\\\/#breadcrumb\",\"itemListElement\":[{\"@type\":\"ListItem\",\"position\":1,\"name\":\"Accueil\",\"item\":\"https:\\\/\\\/volthium.com\\\/fr\\\/\"},{\"@type\":\"ListItem\",\"position\":2,\"name\":\"Boutique en ligne\",\"item\":\"https:\\\/\\\/volthium.com\\\/fr\\\/boutique\\\/\"},{\"@type\":\"ListItem\",\"position\":3,\"name\":\"Onduleur hybride Essentials 12K-2P &#8211; Sol-Ark\"}]},{\"@type\":\"WebSite\",\"@id\":\"https:\\\/\\\/volthium.com\\\/fr\\\/#website\",\"url\":\"https:\\\/\\\/volthium.com\\\/fr\\\/\",\"name\":\"Volthium\",\"description\":\"Logo Volthium\",\"publisher\":{\"@id\":\"https:\\\/\\\/volthium.com\\\/fr\\\/#organization\"},\"potentialAction\":[{\"@type\":\"SearchAction\",\"target\":{\"@type\":\"EntryPoint\",\"urlTemplate\":\"https:\\\/\\\/volthium.com\\\/fr\\\/?s={search_term_string}\"},\"query-input\":{\"@type\":\"PropertyValueSpecification\",\"valueRequired\":true,\"valueName\":\"search_term_string\"}}],\"inLanguage\":\"fr-CA\"},{\"@type\":\"Organization\",\"@id\":\"https:\\\/\\\/volthium.com\\\/fr\\\/#organization\",\"name\":\"Volthium\",\"url\":\"https:\\\/\\\/volthium.com\\\/fr\\\/\",\"logo\":{\"@type\":\"ImageObject\",\"inLanguage\":\"fr-CA\",\"@id\":\"https:\\\/\\\/volthium.com\\\/fr\\\/#\\\/schema\\\/logo\\\/image\\\/\",\"url\":\"https:\\\/\\\/volthium.com\\\/wp-content\\\/uploads\\\/2024\\\/01\\\/Logo-Volthium_Sans-energie.svg\",\"contentUrl\":\"https:\\\/\\\/volthium.com\\\/wp-content\\\/uploads\\\/2024\\\/01\\\/Logo-Volthium_Sans-energie.svg\",\"width\":793,\"height\":453,\"caption\":\"Volthium\"},\"image\":{\"@id\":\"https:\\\/\\\/volthium.com\\\/fr\\\/#\\\/schema\\\/logo\\\/image\\\/\"}}]}<\/script>\n<!-- \/ Yoast SEO plugin. -->","yoast_head_json":{"title":"Onduleur hybride Essentials 12K-2P - Sol-Ark - Volthium","robots":{"index":"index","follow":"follow","max-snippet":"max-snippet:-1","max-image-preview":"max-image-preview:large","max-video-preview":"max-video-preview:-1"},"canonical":"https:\/\/volthium.com\/fr\/produit\/onduleur-hybride-essentials-12k-2p-sol-ark\/","og_locale":"fr_CA","og_type":"article","og_title":"Onduleur hybride Essentials 12K-2P - Sol-Ark - Volthium","og_description":"L'onduleur hybride Sol-Ark Essentials offre une solution puissante et polyvalente pour alimenter votre maison avec de l'\u00e9nergie solaire.","og_url":"https:\/\/volthium.com\/fr\/produit\/onduleur-hybride-essentials-12k-2p-sol-ark\/","og_site_name":"Volthium","article_modified_time":"2026-03-17T05:24:06+00:00","og_image":[{"width":1959,"height":858,"url":"https:\/\/volthium.com\/wp-content\/uploads\/2024\/10\/Sol-Ark-8K-2P_Detoure-03_Rectangle.png","type":"image\/png"}],"twitter_card":"summary_large_image","twitter_misc":{"Estimation du temps de lecture":"2 minutes"},"schema":{"@context":"https:\/\/schema.org","@graph":[{"@type":"WebPage","@id":"https:\/\/volthium.com\/fr\/produit\/onduleur-hybride-essentials-12k-2p-sol-ark\/","url":"https:\/\/volthium.com\/fr\/produit\/onduleur-hybride-essentials-12k-2p-sol-ark\/","name":"Onduleur hybride Essentials 12K-2P - Sol-Ark - Volthium","isPartOf":{"@id":"https:\/\/volthium.com\/fr\/#website"},"primaryImageOfPage":{"@id":"https:\/\/volthium.com\/fr\/produit\/onduleur-hybride-essentials-12k-2p-sol-ark\/#primaryimage"},"image":{"@id":"https:\/\/volthium.com\/fr\/produit\/onduleur-hybride-essentials-12k-2p-sol-ark\/#primaryimage"},"thumbnailUrl":"https:\/\/volthium.com\/wp-content\/uploads\/2024\/10\/Sol-Ark-8K-2P_Detoure-03_Rectangle.png","datePublished":"2024-10-24T19:01:25+00:00","dateModified":"2026-03-17T05:24:06+00:00","breadcrumb":{"@id":"https:\/\/volthium.com\/fr\/produit\/onduleur-hybride-essentials-12k-2p-sol-ark\/#breadcrumb"},"inLanguage":"fr-CA","potentialAction":[{"@type":"ReadAction","target":["https:\/\/volthium.com\/fr\/produit\/onduleur-hybride-essentials-12k-2p-sol-ark\/"]}]},{"@type":"ImageObject","inLanguage":"fr-CA","@id":"https:\/\/volthium.com\/fr\/produit\/onduleur-hybride-essentials-12k-2p-sol-ark\/#primaryimage","url":"https:\/\/volthium.com\/wp-content\/uploads\/2024\/10\/Sol-Ark-8K-2P_Detoure-03_Rectangle.png","contentUrl":"https:\/\/volthium.com\/wp-content\/uploads\/2024\/10\/Sol-Ark-8K-2P_Detoure-03_Rectangle.png","width":1959,"height":858},{"@type":"BreadcrumbList","@id":"https:\/\/volthium.com\/fr\/produit\/onduleur-hybride-essentials-12k-2p-sol-ark\/#breadcrumb","itemListElement":[{"@type":"ListItem","position":1,"name":"Accueil","item":"https:\/\/volthium.com\/fr\/"},{"@type":"ListItem","position":2,"name":"Boutique en ligne","item":"https:\/\/volthium.com\/fr\/boutique\/"},{"@type":"ListItem","position":3,"name":"Onduleur hybride Essentials 12K-2P &#8211; Sol-Ark"}]},{"@type":"WebSite","@id":"https:\/\/volthium.com\/fr\/#website","url":"https:\/\/volthium.com\/fr\/","name":"Volthium","description":"Logo Volthium","publisher":{"@id":"https:\/\/volthium.com\/fr\/#organization"},"potentialAction":[{"@type":"SearchAction","target":{"@type":"EntryPoint","urlTemplate":"https:\/\/volthium.com\/fr\/?s={search_term_string}"},"query-input":{"@type":"PropertyValueSpecification","valueRequired":true,"valueName":"search_term_string"}}],"inLanguage":"fr-CA"},{"@type":"Organization","@id":"https:\/\/volthium.com\/fr\/#organization","name":"Volthium","url":"https:\/\/volthium.com\/fr\/","logo":{"@type":"ImageObject","inLanguage":"fr-CA","@id":"https:\/\/volthium.com\/fr\/#\/schema\/logo\/image\/","url":"https:\/\/volthium.com\/wp-content\/uploads\/2024\/01\/Logo-Volthium_Sans-energie.svg","contentUrl":"https:\/\/volthium.com\/wp-content\/uploads\/2024\/01\/Logo-Volthium_Sans-energie.svg","width":793,"height":453,"caption":"Volthium"},"image":{"@id":"https:\/\/volthium.com\/fr\/#\/schema\/logo\/image\/"}}]}},"_links":{"self":[{"href":"https:\/\/volthium.com\/fr\/wp-json\/wp\/v2\/product\/5572","targetHints":{"allow":["GET"]}}],"collection":[{"href":"https:\/\/volthium.com\/fr\/wp-json\/wp\/v2\/product"}],"about":[{"href":"https:\/\/volthium.com\/fr\/wp-json\/wp\/v2\/types\/product"}],"replies":[{"embeddable":true,"href":"https:\/\/volthium.com\/fr\/wp-json\/wp\/v2\/comments?post=5572"}],"wp:featuredmedia":[{"embeddable":true,"href":"https:\/\/volthium.com\/fr\/wp-json\/wp\/v2\/media\/5630"}],"wp:attachment":[{"href":"https:\/\/volthium.com\/fr\/wp-json\/wp\/v2\/media?parent=5572"}],"wp:term":[{"taxonomy":"product_brand","embeddable":true,"href":"https:\/\/volthium.com\/fr\/wp-json\/wp\/v2\/product_brand?post=5572"},{"taxonomy":"product_cat","embeddable":true,"href":"https:\/\/volthium.com\/fr\/wp-json\/wp\/v2\/product_cat?post=5572"},{"taxonomy":"product_tag","embeddable":true,"href":"https:\/\/volthium.com\/fr\/wp-json\/wp\/v2\/product_tag?post=5572"}],"curies":[{"name":"wp","href":"https:\/\/api.w.org\/{rel}","templated":true}]}}