{"id":5566,"date":"2024-10-24T14:28:42","date_gmt":"2024-10-24T18:28:42","guid":{"rendered":"https:\/\/volthium.com\/?post_type=product&#038;p=5566"},"modified":"2026-03-28T22:06:08","modified_gmt":"2026-03-29T02:06:08","slug":"onduleur-hybride-5k-1p-sol-ark","status":"publish","type":"product","link":"https:\/\/volthium.com\/fr\/produit\/onduleur-hybride-5k-1p-sol-ark\/","title":{"rendered":"Onduleur Hybride 5K-1P &#8211; Sol-Ark"},"content":{"rendered":"<p>L&rsquo;onduleur hybride <strong>Sol-Ark 5K-1P-N<\/strong> est con\u00e7u pour offrir une int\u00e9gration transparente avec des syst\u00e8mes solaires raccord\u00e9s au r\u00e9seau, hors r\u00e9seau ou de secours. Cette solution compacte tout-en-un simplifie la gestion de l&rsquo;\u00e9nergie et l&rsquo;installation, tout en garantissant une alimentation fiable pour les appareils essentiels.<\/p>\n<p>&nbsp;<\/p>\n<h4><strong>Fonctionnalit\u00e9 hybride<\/strong><\/h4>\n<p>Fonctionne en modes raccord\u00e9 au r\u00e9seau, hors r\u00e9seau ou syst\u00e8me de secours pour offrir flexibilit\u00e9 et s\u00e9curit\u00e9 \u00e9nerg\u00e9tique.<\/p>\n<p>&nbsp;<\/p>\n<h4><strong>Haute puissance de sortie<\/strong><\/h4>\n<p>Fournit 4800W\/120VAC ou 8000W\/240VAC de puissance continue avec une capacit\u00e9 de surtension suppl\u00e9mentaire.<\/p>\n<p>&nbsp;<\/p>\n<h4><strong>Entr\u00e9e solaire extensible<\/strong><\/h4>\n<p>Prend en charge jusqu&rsquo;\u00e0 10,4 kW d&rsquo;entr\u00e9e solaire, avec la possibilit\u00e9 de connecter jusqu&rsquo;\u00e0 8 onduleurs en parall\u00e8le pour des solutions \u00e9nerg\u00e9tiques \u00e9volutives.<\/p>\n<p>&nbsp;<\/p>\n<h4><strong>Gestion intelligente de l&rsquo;\u00e9nergie<\/strong><\/h4>\n<p>Propose des modes Heures Creuses, Compensation de Compteur et \u00c9cr\u00eatement de Pic pour optimiser l&rsquo;utilisation de l&rsquo;\u00e9nergie et r\u00e9aliser des \u00e9conomies.<\/p>\n<p>&nbsp;<\/p>\n<h4><strong>Surveillance \u00e0 distance<\/strong><\/h4>\n<p>Application Web et mobile permettant le contr\u00f4le en temps r\u00e9el du syst\u00e8me et le suivi des performances, offrant une gestion facile depuis n&rsquo;importe o\u00f9.<\/p>\n<p>&nbsp;<\/p>\n<h4>Documents li\u00e9s<\/h4>\n<p>&nbsp;<\/p>\n<p>Fiche technique : <a href=\"https:\/\/volthium.com\/wp-content\/uploads\/2024\/10\/5K-1P-N-Datasheet.pdf\" target=\"_blank\" rel=\"noopener\">t\u00e9l\u00e9chargez le PDF<\/a><\/p>\n<p>Manuel utilisateur\u00a0: <a href=\"https:\/\/volthium.com\/wp-content\/uploads\/2024\/10\/5K-1P-N_Manual.pdf\" target=\"_blank\" rel=\"noopener\">t\u00e9l\u00e9chargez le PDF<\/a><\/p>\n","protected":false},"excerpt":{"rendered":"<p>L&rsquo;onduleur hybride <strong>Sol-Ark 5K-1P-N<\/strong> est con\u00e7u pour offrir une int\u00e9gration transparente avec des syst\u00e8mes solaires raccord\u00e9s au r\u00e9seau, hors r\u00e9seau ou de secours.<\/p>\n","protected":false},"featured_media":5618,"comment_status":"open","ping_status":"closed","template":"","meta":{"_acf_changed":false,"inline_featured_image":false,"site-sidebar-layout":"default","site-content-layout":"","ast-site-content-layout":"default","site-content-style":"default","site-sidebar-style":"default","ast-global-header-display":"","ast-banner-title-visibility":"","ast-main-header-display":"","ast-hfb-above-header-display":"","ast-hfb-below-header-display":"","ast-hfb-mobile-header-display":"","site-post-title":"","ast-breadcrumbs-content":"","ast-featured-img":"","footer-sml-layout":"","ast-disable-related-posts":"","theme-transparent-header-meta":"default","adv-header-id-meta":"","stick-header-meta":"","header-above-stick-meta":"","header-main-stick-meta":"","header-below-stick-meta":"","astra-migrate-meta-layouts":"set","ast-page-background-enabled":"default","ast-page-background-meta":{"desktop":{"background-color":"var(--ast-global-color-4)","background-image":"","background-repeat":"repeat","background-position":"center center","background-size":"auto","background-attachment":"scroll","background-type":"","background-media":"","overlay-type":"","overlay-color":"","overlay-opacity":"","overlay-gradient":""},"tablet":{"background-color":"","background-image":"","background-repeat":"repeat","background-position":"center center","background-size":"auto","background-attachment":"scroll","background-type":"","background-media":"","overlay-type":"","overlay-color":"","overlay-opacity":"","overlay-gradient":""},"mobile":{"background-color":"","background-image":"","background-repeat":"repeat","background-position":"center center","background-size":"auto","background-attachment":"scroll","background-type":"","background-media":"","overlay-type":"","overlay-color":"","overlay-opacity":"","overlay-gradient":""}},"ast-content-background-meta":{"desktop":{"background-color":"var(--ast-global-color-5)","background-image":"","background-repeat":"repeat","background-position":"center center","background-size":"auto","background-attachment":"scroll","background-type":"","background-media":"","overlay-type":"","overlay-color":"","overlay-opacity":"","overlay-gradient":""},"tablet":{"background-color":"var(--ast-global-color-5)","background-image":"","background-repeat":"repeat","background-position":"center center","background-size":"auto","background-attachment":"scroll","background-type":"","background-media":"","overlay-type":"","overlay-color":"","overlay-opacity":"","overlay-gradient":""},"mobile":{"background-color":"var(--ast-global-color-5)","background-image":"","background-repeat":"repeat","background-position":"center center","background-size":"auto","background-attachment":"scroll","background-type":"","background-media":"","overlay-type":"","overlay-color":"","overlay-opacity":"","overlay-gradient":""}}},"product_brand":[208],"product_cat":[27,28],"product_tag":[],"class_list":{"0":"post-5566","1":"product","2":"type-product","3":"status-publish","4":"has-post-thumbnail","6":"product_brand-sol-ark","7":"product_cat-onduleur","8":"product_cat-onduleur-chargeur","9":"desktop-align-left","10":"tablet-align-left","11":"mobile-align-left","13":"first","14":"instock","15":"taxable","16":"shipping-taxable","17":"purchasable","18":"product-type-simple"},"acf":[],"yoast_head":"<!-- This site is optimized with the Yoast SEO plugin v27.3 - https:\/\/yoast.com\/product\/yoast-seo-wordpress\/ -->\n<title>Onduleur Hybride 5K-1P - Sol-Ark - Volthium<\/title>\n<meta name=\"robots\" content=\"index, follow, max-snippet:-1, max-image-preview:large, max-video-preview:-1\" \/>\n<link rel=\"canonical\" href=\"https:\/\/volthium.com\/fr\/produit\/onduleur-hybride-5k-1p-sol-ark\/\" \/>\n<meta property=\"og:locale\" content=\"fr_CA\" \/>\n<meta property=\"og:type\" content=\"article\" \/>\n<meta property=\"og:title\" content=\"Onduleur Hybride 5K-1P - Sol-Ark - Volthium\" \/>\n<meta property=\"og:description\" content=\"L&#039;onduleur hybride Sol-Ark 5K-1P-N est con\u00e7u pour offrir une int\u00e9gration transparente avec des syst\u00e8mes solaires raccord\u00e9s au r\u00e9seau, hors r\u00e9seau ou de secours.\" \/>\n<meta property=\"og:url\" content=\"https:\/\/volthium.com\/fr\/produit\/onduleur-hybride-5k-1p-sol-ark\/\" \/>\n<meta property=\"og:site_name\" content=\"Volthium\" \/>\n<meta property=\"article:modified_time\" content=\"2026-03-29T02:06:08+00:00\" \/>\n<meta property=\"og:image\" content=\"https:\/\/volthium.com\/wp-content\/uploads\/2024\/10\/Sol-Ark-5K-2P-1P_Detoure-03_Rectangle.png\" \/>\n\t<meta property=\"og:image:width\" content=\"1959\" \/>\n\t<meta property=\"og:image:height\" content=\"858\" \/>\n\t<meta property=\"og:image:type\" content=\"image\/png\" \/>\n<meta name=\"twitter:card\" content=\"summary_large_image\" \/>\n<meta name=\"twitter:label1\" content=\"Estimation du temps de lecture\" \/>\n\t<meta name=\"twitter:data1\" content=\"2 minutes\" \/>\n<script type=\"application\/ld+json\" class=\"yoast-schema-graph\">{\"@context\":\"https:\\\/\\\/schema.org\",\"@graph\":[{\"@type\":\"WebPage\",\"@id\":\"https:\\\/\\\/volthium.com\\\/fr\\\/produit\\\/onduleur-hybride-5k-1p-sol-ark\\\/\",\"url\":\"https:\\\/\\\/volthium.com\\\/fr\\\/produit\\\/onduleur-hybride-5k-1p-sol-ark\\\/\",\"name\":\"Onduleur Hybride 5K-1P - Sol-Ark - Volthium\",\"isPartOf\":{\"@id\":\"https:\\\/\\\/volthium.com\\\/fr\\\/#website\"},\"primaryImageOfPage\":{\"@id\":\"https:\\\/\\\/volthium.com\\\/fr\\\/produit\\\/onduleur-hybride-5k-1p-sol-ark\\\/#primaryimage\"},\"image\":{\"@id\":\"https:\\\/\\\/volthium.com\\\/fr\\\/produit\\\/onduleur-hybride-5k-1p-sol-ark\\\/#primaryimage\"},\"thumbnailUrl\":\"https:\\\/\\\/volthium.com\\\/wp-content\\\/uploads\\\/2024\\\/10\\\/Sol-Ark-5K-2P-1P_Detoure-03_Rectangle.png\",\"datePublished\":\"2024-10-24T18:28:42+00:00\",\"dateModified\":\"2026-03-29T02:06:08+00:00\",\"breadcrumb\":{\"@id\":\"https:\\\/\\\/volthium.com\\\/fr\\\/produit\\\/onduleur-hybride-5k-1p-sol-ark\\\/#breadcrumb\"},\"inLanguage\":\"fr-CA\",\"potentialAction\":[{\"@type\":\"ReadAction\",\"target\":[\"https:\\\/\\\/volthium.com\\\/fr\\\/produit\\\/onduleur-hybride-5k-1p-sol-ark\\\/\"]}]},{\"@type\":\"ImageObject\",\"inLanguage\":\"fr-CA\",\"@id\":\"https:\\\/\\\/volthium.com\\\/fr\\\/produit\\\/onduleur-hybride-5k-1p-sol-ark\\\/#primaryimage\",\"url\":\"https:\\\/\\\/volthium.com\\\/wp-content\\\/uploads\\\/2024\\\/10\\\/Sol-Ark-5K-2P-1P_Detoure-03_Rectangle.png\",\"contentUrl\":\"https:\\\/\\\/volthium.com\\\/wp-content\\\/uploads\\\/2024\\\/10\\\/Sol-Ark-5K-2P-1P_Detoure-03_Rectangle.png\",\"width\":1959,\"height\":858},{\"@type\":\"BreadcrumbList\",\"@id\":\"https:\\\/\\\/volthium.com\\\/fr\\\/produit\\\/onduleur-hybride-5k-1p-sol-ark\\\/#breadcrumb\",\"itemListElement\":[{\"@type\":\"ListItem\",\"position\":1,\"name\":\"Accueil\",\"item\":\"https:\\\/\\\/volthium.com\\\/fr\\\/\"},{\"@type\":\"ListItem\",\"position\":2,\"name\":\"Boutique en ligne\",\"item\":\"https:\\\/\\\/volthium.com\\\/fr\\\/boutique\\\/\"},{\"@type\":\"ListItem\",\"position\":3,\"name\":\"Onduleur Hybride 5K-1P &#8211; Sol-Ark\"}]},{\"@type\":\"WebSite\",\"@id\":\"https:\\\/\\\/volthium.com\\\/fr\\\/#website\",\"url\":\"https:\\\/\\\/volthium.com\\\/fr\\\/\",\"name\":\"Volthium\",\"description\":\"Logo Volthium\",\"publisher\":{\"@id\":\"https:\\\/\\\/volthium.com\\\/fr\\\/#organization\"},\"potentialAction\":[{\"@type\":\"SearchAction\",\"target\":{\"@type\":\"EntryPoint\",\"urlTemplate\":\"https:\\\/\\\/volthium.com\\\/fr\\\/?s={search_term_string}\"},\"query-input\":{\"@type\":\"PropertyValueSpecification\",\"valueRequired\":true,\"valueName\":\"search_term_string\"}}],\"inLanguage\":\"fr-CA\"},{\"@type\":\"Organization\",\"@id\":\"https:\\\/\\\/volthium.com\\\/fr\\\/#organization\",\"name\":\"Volthium\",\"url\":\"https:\\\/\\\/volthium.com\\\/fr\\\/\",\"logo\":{\"@type\":\"ImageObject\",\"inLanguage\":\"fr-CA\",\"@id\":\"https:\\\/\\\/volthium.com\\\/fr\\\/#\\\/schema\\\/logo\\\/image\\\/\",\"url\":\"https:\\\/\\\/volthium.com\\\/wp-content\\\/uploads\\\/2024\\\/01\\\/Logo-Volthium_Sans-energie.svg\",\"contentUrl\":\"https:\\\/\\\/volthium.com\\\/wp-content\\\/uploads\\\/2024\\\/01\\\/Logo-Volthium_Sans-energie.svg\",\"width\":793,\"height\":453,\"caption\":\"Volthium\"},\"image\":{\"@id\":\"https:\\\/\\\/volthium.com\\\/fr\\\/#\\\/schema\\\/logo\\\/image\\\/\"}}]}<\/script>\n<!-- \/ Yoast SEO plugin. -->","yoast_head_json":{"title":"Onduleur Hybride 5K-1P - Sol-Ark - Volthium","robots":{"index":"index","follow":"follow","max-snippet":"max-snippet:-1","max-image-preview":"max-image-preview:large","max-video-preview":"max-video-preview:-1"},"canonical":"https:\/\/volthium.com\/fr\/produit\/onduleur-hybride-5k-1p-sol-ark\/","og_locale":"fr_CA","og_type":"article","og_title":"Onduleur Hybride 5K-1P - Sol-Ark - Volthium","og_description":"L'onduleur hybride Sol-Ark 5K-1P-N est con\u00e7u pour offrir une int\u00e9gration transparente avec des syst\u00e8mes solaires raccord\u00e9s au r\u00e9seau, hors r\u00e9seau ou de secours.","og_url":"https:\/\/volthium.com\/fr\/produit\/onduleur-hybride-5k-1p-sol-ark\/","og_site_name":"Volthium","article_modified_time":"2026-03-29T02:06:08+00:00","og_image":[{"width":1959,"height":858,"url":"https:\/\/volthium.com\/wp-content\/uploads\/2024\/10\/Sol-Ark-5K-2P-1P_Detoure-03_Rectangle.png","type":"image\/png"}],"twitter_card":"summary_large_image","twitter_misc":{"Estimation du temps de lecture":"2 minutes"},"schema":{"@context":"https:\/\/schema.org","@graph":[{"@type":"WebPage","@id":"https:\/\/volthium.com\/fr\/produit\/onduleur-hybride-5k-1p-sol-ark\/","url":"https:\/\/volthium.com\/fr\/produit\/onduleur-hybride-5k-1p-sol-ark\/","name":"Onduleur Hybride 5K-1P - Sol-Ark - Volthium","isPartOf":{"@id":"https:\/\/volthium.com\/fr\/#website"},"primaryImageOfPage":{"@id":"https:\/\/volthium.com\/fr\/produit\/onduleur-hybride-5k-1p-sol-ark\/#primaryimage"},"image":{"@id":"https:\/\/volthium.com\/fr\/produit\/onduleur-hybride-5k-1p-sol-ark\/#primaryimage"},"thumbnailUrl":"https:\/\/volthium.com\/wp-content\/uploads\/2024\/10\/Sol-Ark-5K-2P-1P_Detoure-03_Rectangle.png","datePublished":"2024-10-24T18:28:42+00:00","dateModified":"2026-03-29T02:06:08+00:00","breadcrumb":{"@id":"https:\/\/volthium.com\/fr\/produit\/onduleur-hybride-5k-1p-sol-ark\/#breadcrumb"},"inLanguage":"fr-CA","potentialAction":[{"@type":"ReadAction","target":["https:\/\/volthium.com\/fr\/produit\/onduleur-hybride-5k-1p-sol-ark\/"]}]},{"@type":"ImageObject","inLanguage":"fr-CA","@id":"https:\/\/volthium.com\/fr\/produit\/onduleur-hybride-5k-1p-sol-ark\/#primaryimage","url":"https:\/\/volthium.com\/wp-content\/uploads\/2024\/10\/Sol-Ark-5K-2P-1P_Detoure-03_Rectangle.png","contentUrl":"https:\/\/volthium.com\/wp-content\/uploads\/2024\/10\/Sol-Ark-5K-2P-1P_Detoure-03_Rectangle.png","width":1959,"height":858},{"@type":"BreadcrumbList","@id":"https:\/\/volthium.com\/fr\/produit\/onduleur-hybride-5k-1p-sol-ark\/#breadcrumb","itemListElement":[{"@type":"ListItem","position":1,"name":"Accueil","item":"https:\/\/volthium.com\/fr\/"},{"@type":"ListItem","position":2,"name":"Boutique en ligne","item":"https:\/\/volthium.com\/fr\/boutique\/"},{"@type":"ListItem","position":3,"name":"Onduleur Hybride 5K-1P &#8211; Sol-Ark"}]},{"@type":"WebSite","@id":"https:\/\/volthium.com\/fr\/#website","url":"https:\/\/volthium.com\/fr\/","name":"Volthium","description":"Logo Volthium","publisher":{"@id":"https:\/\/volthium.com\/fr\/#organization"},"potentialAction":[{"@type":"SearchAction","target":{"@type":"EntryPoint","urlTemplate":"https:\/\/volthium.com\/fr\/?s={search_term_string}"},"query-input":{"@type":"PropertyValueSpecification","valueRequired":true,"valueName":"search_term_string"}}],"inLanguage":"fr-CA"},{"@type":"Organization","@id":"https:\/\/volthium.com\/fr\/#organization","name":"Volthium","url":"https:\/\/volthium.com\/fr\/","logo":{"@type":"ImageObject","inLanguage":"fr-CA","@id":"https:\/\/volthium.com\/fr\/#\/schema\/logo\/image\/","url":"https:\/\/volthium.com\/wp-content\/uploads\/2024\/01\/Logo-Volthium_Sans-energie.svg","contentUrl":"https:\/\/volthium.com\/wp-content\/uploads\/2024\/01\/Logo-Volthium_Sans-energie.svg","width":793,"height":453,"caption":"Volthium"},"image":{"@id":"https:\/\/volthium.com\/fr\/#\/schema\/logo\/image\/"}}]}},"_links":{"self":[{"href":"https:\/\/volthium.com\/fr\/wp-json\/wp\/v2\/product\/5566","targetHints":{"allow":["GET"]}}],"collection":[{"href":"https:\/\/volthium.com\/fr\/wp-json\/wp\/v2\/product"}],"about":[{"href":"https:\/\/volthium.com\/fr\/wp-json\/wp\/v2\/types\/product"}],"replies":[{"embeddable":true,"href":"https:\/\/volthium.com\/fr\/wp-json\/wp\/v2\/comments?post=5566"}],"wp:featuredmedia":[{"embeddable":true,"href":"https:\/\/volthium.com\/fr\/wp-json\/wp\/v2\/media\/5618"}],"wp:attachment":[{"href":"https:\/\/volthium.com\/fr\/wp-json\/wp\/v2\/media?parent=5566"}],"wp:term":[{"taxonomy":"product_brand","embeddable":true,"href":"https:\/\/volthium.com\/fr\/wp-json\/wp\/v2\/product_brand?post=5566"},{"taxonomy":"product_cat","embeddable":true,"href":"https:\/\/volthium.com\/fr\/wp-json\/wp\/v2\/product_cat?post=5566"},{"taxonomy":"product_tag","embeddable":true,"href":"https:\/\/volthium.com\/fr\/wp-json\/wp\/v2\/product_tag?post=5566"}],"curies":[{"name":"wp","href":"https:\/\/api.w.org\/{rel}","templated":true}]}}