{"id":5563,"date":"2024-11-12T09:46:50","date_gmt":"2024-11-12T14:46:50","guid":{"rendered":"https:\/\/volthium.com\/?post_type=product&#038;p=5563"},"modified":"2025-12-16T12:48:17","modified_gmt":"2025-12-16T17:48:17","slug":"onduleur-12k-lxp-luxpowertek","status":"publish","type":"product","link":"https:\/\/volthium.com\/fr\/produit\/onduleur-12k-lxp-luxpowertek\/","title":{"rendered":"Onduleur LXP-LB-US 12K (18KPV)  &#8211; LuxpowerTek"},"content":{"rendered":"<p><span data-contrast=\"auto\">L&rsquo;onduleur LXP-12K (18 KPV) de LuxPowerTek est un onduleur hybride, aussi appel\u00e9 onduleur multimode, respectant toutes les certifications et les derni\u00e8res normes les plus s\u00e9v\u00e8res de l&rsquo;industrie. Cet onduleur est extr\u00eamement populaire au Qu\u00e9bec puisqu&rsquo;il est 100 % conforme \u00e0 la norme d\u2019<\/span><a href=\"https:\/\/www.hydroquebec.com\/data\/transenergie\/pdf\/e1207.pdf\"><span data-contrast=\"none\">Hydro-Qu\u00e9bec E 12.07<\/span><\/a><span data-contrast=\"auto\"> \u00e9mise en janvier 2025. <\/span><span data-ccp-props=\"{}\">\u00a0<\/span><\/p>\n<p><span data-contrast=\"auto\">Cet onduleur multimode est \u00e9galement muni d\u2019une protection EMP. Les impulsions \u00e9lectromagn\u00e9tiques (IEM) constituent une menace importante pour les syst\u00e8mes \u00e9lectroniques, avec la capacit\u00e9 de perturber ou de d\u00e9truire des infrastructures critiques.<\/span><span data-ccp-props=\"{}\">\u00a0<\/span><\/p>\n<p><span data-contrast=\"auto\">Exploitez simultan\u00e9ment l&rsquo;\u00e9nergie solaire, le stockage sur batterie et l&rsquo;\u00e9nergie du r\u00e9seau \u00e9lectrique (H-Q) pour alimenter votre maison ou votre commerce avec une puissance continue et ininterrompue allant jusqu\u2019\u00e0 12 000 W (50 A \u00e0 240 V). <\/span><\/p>\n<p><span data-contrast=\"auto\">En cas de panne \u00e9lectrique, l\u2019onduleur Lux LXP-12K (18KPV) peut \u00eatre utilis\u00e9 comme syst\u00e8me d&rsquo;alimentation de secours m\u00eame sans panneaux solaires.<\/span><span data-ccp-props=\"{}\">\u00a0<\/span><\/p>\n<div class=\"banner-layers container\">\n<div id=\"text-box-597904813\" class=\"text-box banner-layer x50 md-x50 lg-x50 y5 md-y5 lg-y5 res-text\">\n<div class=\"text-box-content text dark\">\n<div class=\"text-inner text-center\">\n<div id=\"text-2410390835\" class=\"text\">\n<p class=\"lead\">Cet onduleur a \u00e9t\u00e9 con\u00e7u pour r\u00e9pondre aux exigences sp\u00e9cifiques des syst\u00e8mes de stockage d&rsquo;\u00e9nergie photovolta\u00efque r\u00e9sidentiels et commerciaux \u00e0 grande \u00e9chelle. Cette solution innovante est parfaitement adapt\u00e9e au march\u00e9 nord-am\u00e9ricain et b\u00e9n\u00e9ficie d&rsquo;un portefeuille de certifications essentielles, notamment IEEE 1547-2018, UL 1741 SA &amp; SB et SunSpec Modbus.<\/p>\n<\/div>\n<h4>LXP-12K biphas\u00e9 (split-phase)<\/h4>\n<p>Un syst\u00e8me tout-en-un qui contient l&rsquo;onduleur hybride, le r\u00e9gulateur de charge et le RSD, le tout dans un seul bo\u00eetier. Les caract\u00e9ristiques comprennent un passage au r\u00e9seau de 200A une charge\/d\u00e9charge de 250A, une entr\u00e9e PV de 18k, une charge intelligente, un \u00e9cr\u00eatement des pointes et un couplage AC.<\/p>\n<ul>\n<li>3 MPPTs avec 6 branches en entr\u00e9e, Max. 18kW d&rsquo;entr\u00e9e PV<\/li>\n<li>Passage au r\u00e9seau 200A pour la sauvegarde de l&rsquo;ensemble de la maison<\/li>\n<li>Supporte jusqu&rsquo;\u00e0 10 pcs en parall\u00e8les pour le r\u00e9seau on\/off<\/li>\n<li>Commutation marche\/arr\u00eat du r\u00e9seau sans interruption<\/li>\n<li>Fonction d&rsquo;\u00e9cr\u00eatement des pointes<\/li>\n<li>Protection AFCI int\u00e9gr\u00e9e<\/li>\n<li>Port s\u00e9par\u00e9 pour la connexion du g\u00e9n\u00e9rateur<\/li>\n<li>Connexion intelligente de la charge et contr\u00f4le automatique<\/li>\n<li>Fonction de couplage AC<\/li>\n<\/ul>\n<p>En g\u00e9rant intelligemment le flux d&rsquo;\u00e9nergie gr\u00e2ce \u00e0 sa fonction de charge intelligente, le syst\u00e8me d\u00e9place efficacement la consommation d&rsquo;\u00e9nergie vers les heures creuses, r\u00e9duisant ainsi votre d\u00e9pendance \u00e0 l&rsquo;\u00e9gard du r\u00e9seau \u00e9lectrique pendant les heures de pointe co\u00fbteuses. La capacit\u00e9 d&rsquo;\u00e9cr\u00eatement des pointes augmente encore les \u00e9conomies en aplanissant les pics de demande d&rsquo;\u00e9nergie, r\u00e9duisant ainsi vos factures globales d&rsquo;\u00e9lectricit\u00e9.<\/p>\n<p>L&rsquo;onduleur hybride LXP-LB-US 12K combine de mani\u00e8re transparente les capacit\u00e9s de connexion au r\u00e9seau et hors r\u00e9seau, en int\u00e9grant des disjoncteurs AC internes et des transmetteurs RSD. Il est polyvalent pour les installations en parall\u00e8le monophas\u00e9es et triphas\u00e9es, et s&rsquo;adapte \u00e0 une r\u00e9partition d\u00e9s\u00e9quilibr\u00e9e de la charge entre les phases.<\/p>\n<h4>Simplifiez votre exp\u00e9rience de surveillance<\/h4>\n<p class=\"lead\">Gr\u00e2ce la plateforme LuxpowerTek (disponible sur <a href=\"https:\/\/apps.apple.com\/za\/app\/luxpower\/id1415841608\">IOS<\/a> et <a href=\"https:\/\/play.google.com\/store\/apps\/details?id=com.nfcx.luxinvpower&amp;hl=en\">Android<\/a>), vous b\u00e9n\u00e9ficiez d&rsquo;une vision en temps r\u00e9el et de capacit\u00e9s de gestion \u00e0 distance, et un contr\u00f4le transparent de vos appareils. Prenez des d\u00e9cisions \u00e9clair\u00e9es et optimiser les performances sans effort.<\/p>\n<\/div>\n<h4>Document li\u00e9s<\/h4>\n<\/div>\n<\/div>\n<p>&nbsp;<\/p>\n<p>Fiche technique : <a href=\"https:\/\/volthium.com\/wp-content\/uploads\/2024\/11\/technical-sheet-LXP-LB-US-12K-1.pdf\">document PDF<\/a><\/p>\n<p>Manuel utilisateur : <a href=\"https:\/\/volthium.com\/wp-content\/uploads\/2024\/11\/user-manual-LXP-LB-US-12K2024.11.22.pdf\">document PDF<\/a><\/p>\n<h4>Certifications<\/h4>\n<p>&nbsp;<\/p>\n<p>S\u00e9curit\u00e9 : <a href=\"https:\/\/volthium.com\/wp-content\/uploads\/2025\/05\/UL9540-certificate-Volthium-3U-LXP-LB-US-12K.pdf\" target=\"_blank\" rel=\"noopener\">UL9540<\/a> | <a href=\"https:\/\/volthium.com\/wp-content\/uploads\/2024\/11\/LXP-US-8-10K-UL1741.pdf\" target=\"_blank\" rel=\"noopener\">UL1741<\/a> | CSA C22.2 | UL1699B<\/p>\n<p>R\u00e9seau : <a href=\"https:\/\/volthium.com\/wp-content\/uploads\/2024\/11\/LXP-US-12K-UL1741.pdf\" target=\"_blank\" rel=\"noopener\">UL1741SB<\/a> | IEEE 1547:2018, HECO SRD 2.0 | <a href=\"https:\/\/volthium.com\/wp-content\/uploads\/2024\/11\/210225118GZU-002-E5000-test-report-Update-2_Security.pdf\" target=\"_blank\" rel=\"noopener\">IEEE2030.5<\/a><\/p>\n<p>EMC : FCC Part 15 ClassB<\/p>\n<p><strong>Documents t\u00e9l\u00e9chargeable:\u00a0<\/strong><\/p>\n<ul>\n<li><a href=\"https:\/\/volthium.com\/wp-content\/uploads\/2025\/05\/UL9540-certificate-Volthium-3U-LXP-LB-US-12K.pdf\">Certificat PDF : UL9540\u00a0<\/a><\/li>\n<li><a href=\"https:\/\/volthium.com\/wp-content\/uploads\/2024\/11\/LXP-US-12K-UL1741.pdf\">Certificat PDF : UL1741<\/a><\/li>\n<li><a href=\"https:\/\/volthium.com\/wp-content\/uploads\/2024\/11\/LXP-US-12K-ETL.pdf\">Certificat PDF : ETL<\/a><\/li>\n<li><a href=\"https:\/\/volthium.com\/wp-content\/uploads\/2024\/11\/LXP-US-12K-CRD.pdf\">Certificat PDF : CRD<\/a><\/li>\n<\/ul>\n<\/div>\n","protected":false},"excerpt":{"rendered":"<p>Le LXP US 12K a \u00e9t\u00e9 con\u00e7u par LuxpowerTek pour r\u00e9pondre aux exigences sp\u00e9cifiques des syst\u00e8mes de stockage d&rsquo;\u00e9nergie photovolta\u00efque r\u00e9sidentiels \u00e0 grande \u00e9chelle.<\/p>\n","protected":false},"featured_media":5590,"comment_status":"open","ping_status":"closed","template":"","meta":{"_acf_changed":false,"inline_featured_image":false,"site-sidebar-layout":"default","site-content-layout":"","ast-site-content-layout":"default","site-content-style":"default","site-sidebar-style":"default","ast-global-header-display":"","ast-banner-title-visibility":"","ast-main-header-display":"","ast-hfb-above-header-display":"","ast-hfb-below-header-display":"","ast-hfb-mobile-header-display":"","site-post-title":"","ast-breadcrumbs-content":"","ast-featured-img":"","footer-sml-layout":"","ast-disable-related-posts":"","theme-transparent-header-meta":"default","adv-header-id-meta":"","stick-header-meta":"","header-above-stick-meta":"","header-main-stick-meta":"","header-below-stick-meta":"","astra-migrate-meta-layouts":"set","ast-page-background-enabled":"default","ast-page-background-meta":{"desktop":{"background-color":"var(--ast-global-color-4)","background-image":"","background-repeat":"repeat","background-position":"center center","background-size":"auto","background-attachment":"scroll","background-type":"","background-media":"","overlay-type":"","overlay-color":"","overlay-opacity":"","overlay-gradient":""},"tablet":{"background-color":"","background-image":"","background-repeat":"repeat","background-position":"center center","background-size":"auto","background-attachment":"scroll","background-type":"","background-media":"","overlay-type":"","overlay-color":"","overlay-opacity":"","overlay-gradient":""},"mobile":{"background-color":"","background-image":"","background-repeat":"repeat","background-position":"center center","background-size":"auto","background-attachment":"scroll","background-type":"","background-media":"","overlay-type":"","overlay-color":"","overlay-opacity":"","overlay-gradient":""}},"ast-content-background-meta":{"desktop":{"background-color":"var(--ast-global-color-5)","background-image":"","background-repeat":"repeat","background-position":"center center","background-size":"auto","background-attachment":"scroll","background-type":"","background-media":"","overlay-type":"","overlay-color":"","overlay-opacity":"","overlay-gradient":""},"tablet":{"background-color":"var(--ast-global-color-5)","background-image":"","background-repeat":"repeat","background-position":"center center","background-size":"auto","background-attachment":"scroll","background-type":"","background-media":"","overlay-type":"","overlay-color":"","overlay-opacity":"","overlay-gradient":""},"mobile":{"background-color":"var(--ast-global-color-5)","background-image":"","background-repeat":"repeat","background-position":"center center","background-size":"auto","background-attachment":"scroll","background-type":"","background-media":"","overlay-type":"","overlay-color":"","overlay-opacity":"","overlay-gradient":""}}},"product_brand":[209],"product_cat":[27,28],"product_tag":[],"class_list":{"0":"post-5563","1":"product","2":"type-product","3":"status-publish","4":"has-post-thumbnail","6":"product_brand-luxpowertek","7":"product_cat-onduleur","8":"product_cat-onduleur-chargeur","9":"desktop-align-left","10":"tablet-align-left","11":"mobile-align-left","13":"first","14":"instock","15":"taxable","16":"shipping-taxable","17":"purchasable","18":"product-type-simple"},"acf":[],"yoast_head":"<!-- This site is optimized with the Yoast SEO plugin v27.3 - https:\/\/yoast.com\/product\/yoast-seo-wordpress\/ -->\n<title>Onduleur LXP-LB-US 12K (18KPV) - LuxpowerTek - Volthium<\/title>\n<meta name=\"description\" content=\"Le LXP US 12K a \u00e9t\u00e9 con\u00e7u pour r\u00e9pondre aux exigences sp\u00e9cifiques des syst\u00e8mes de stockage d&#039;\u00e9nergie photovolta\u00efque r\u00e9sidentiels \u00e0 grande \u00e9chelle.\" \/>\n<meta name=\"robots\" content=\"index, follow, max-snippet:-1, max-image-preview:large, max-video-preview:-1\" \/>\n<link rel=\"canonical\" href=\"https:\/\/volthium.com\/fr\/produit\/onduleur-12k-lxp-luxpowertek\/\" \/>\n<meta property=\"og:locale\" content=\"fr_CA\" \/>\n<meta property=\"og:type\" content=\"article\" \/>\n<meta property=\"og:title\" content=\"Onduleur LXP-LB-US 12K (18KPV) - LuxpowerTek - Volthium\" \/>\n<meta property=\"og:description\" content=\"Le LXP US 12K a \u00e9t\u00e9 con\u00e7u pour r\u00e9pondre aux exigences sp\u00e9cifiques des syst\u00e8mes de stockage d&#039;\u00e9nergie photovolta\u00efque r\u00e9sidentiels \u00e0 grande \u00e9chelle.\" \/>\n<meta property=\"og:url\" content=\"https:\/\/volthium.com\/fr\/produit\/onduleur-12k-lxp-luxpowertek\/\" \/>\n<meta property=\"og:site_name\" content=\"Volthium\" \/>\n<meta property=\"article:modified_time\" content=\"2025-12-16T17:48:17+00:00\" \/>\n<meta property=\"og:image\" content=\"https:\/\/volthium.com\/wp-content\/uploads\/2024\/10\/Luxpower_12K-LXP_01_Rectangle.png\" \/>\n\t<meta property=\"og:image:width\" content=\"1959\" \/>\n\t<meta property=\"og:image:height\" content=\"858\" \/>\n\t<meta property=\"og:image:type\" content=\"image\/png\" \/>\n<meta name=\"twitter:card\" content=\"summary_large_image\" \/>\n<meta name=\"twitter:label1\" content=\"Estimation du temps de lecture\" \/>\n\t<meta name=\"twitter:data1\" content=\"3 minutes\" \/>\n<script type=\"application\/ld+json\" class=\"yoast-schema-graph\">{\"@context\":\"https:\\\/\\\/schema.org\",\"@graph\":[{\"@type\":\"WebPage\",\"@id\":\"https:\\\/\\\/volthium.com\\\/fr\\\/produit\\\/onduleur-12k-lxp-luxpowertek\\\/\",\"url\":\"https:\\\/\\\/volthium.com\\\/fr\\\/produit\\\/onduleur-12k-lxp-luxpowertek\\\/\",\"name\":\"Onduleur LXP-LB-US 12K (18KPV) - LuxpowerTek - Volthium\",\"isPartOf\":{\"@id\":\"https:\\\/\\\/volthium.com\\\/fr\\\/#website\"},\"primaryImageOfPage\":{\"@id\":\"https:\\\/\\\/volthium.com\\\/fr\\\/produit\\\/onduleur-12k-lxp-luxpowertek\\\/#primaryimage\"},\"image\":{\"@id\":\"https:\\\/\\\/volthium.com\\\/fr\\\/produit\\\/onduleur-12k-lxp-luxpowertek\\\/#primaryimage\"},\"thumbnailUrl\":\"https:\\\/\\\/volthium.com\\\/wp-content\\\/uploads\\\/2024\\\/10\\\/Luxpower_12K-LXP_01_Rectangle.png\",\"datePublished\":\"2024-11-12T14:46:50+00:00\",\"dateModified\":\"2025-12-16T17:48:17+00:00\",\"description\":\"Le LXP US 12K a \u00e9t\u00e9 con\u00e7u pour r\u00e9pondre aux exigences sp\u00e9cifiques des syst\u00e8mes de stockage d'\u00e9nergie photovolta\u00efque r\u00e9sidentiels \u00e0 grande \u00e9chelle.\",\"breadcrumb\":{\"@id\":\"https:\\\/\\\/volthium.com\\\/fr\\\/produit\\\/onduleur-12k-lxp-luxpowertek\\\/#breadcrumb\"},\"inLanguage\":\"fr-CA\",\"potentialAction\":[{\"@type\":\"ReadAction\",\"target\":[\"https:\\\/\\\/volthium.com\\\/fr\\\/produit\\\/onduleur-12k-lxp-luxpowertek\\\/\"]}]},{\"@type\":\"ImageObject\",\"inLanguage\":\"fr-CA\",\"@id\":\"https:\\\/\\\/volthium.com\\\/fr\\\/produit\\\/onduleur-12k-lxp-luxpowertek\\\/#primaryimage\",\"url\":\"https:\\\/\\\/volthium.com\\\/wp-content\\\/uploads\\\/2024\\\/10\\\/Luxpower_12K-LXP_01_Rectangle.png\",\"contentUrl\":\"https:\\\/\\\/volthium.com\\\/wp-content\\\/uploads\\\/2024\\\/10\\\/Luxpower_12K-LXP_01_Rectangle.png\",\"width\":1959,\"height\":858},{\"@type\":\"BreadcrumbList\",\"@id\":\"https:\\\/\\\/volthium.com\\\/fr\\\/produit\\\/onduleur-12k-lxp-luxpowertek\\\/#breadcrumb\",\"itemListElement\":[{\"@type\":\"ListItem\",\"position\":1,\"name\":\"Accueil\",\"item\":\"https:\\\/\\\/volthium.com\\\/fr\\\/\"},{\"@type\":\"ListItem\",\"position\":2,\"name\":\"Boutique en ligne\",\"item\":\"https:\\\/\\\/volthium.com\\\/fr\\\/boutique\\\/\"},{\"@type\":\"ListItem\",\"position\":3,\"name\":\"Onduleur LXP-LB-US 12K (18KPV) &#8211; LuxpowerTek\"}]},{\"@type\":\"WebSite\",\"@id\":\"https:\\\/\\\/volthium.com\\\/fr\\\/#website\",\"url\":\"https:\\\/\\\/volthium.com\\\/fr\\\/\",\"name\":\"Volthium\",\"description\":\"Logo Volthium\",\"publisher\":{\"@id\":\"https:\\\/\\\/volthium.com\\\/fr\\\/#organization\"},\"potentialAction\":[{\"@type\":\"SearchAction\",\"target\":{\"@type\":\"EntryPoint\",\"urlTemplate\":\"https:\\\/\\\/volthium.com\\\/fr\\\/?s={search_term_string}\"},\"query-input\":{\"@type\":\"PropertyValueSpecification\",\"valueRequired\":true,\"valueName\":\"search_term_string\"}}],\"inLanguage\":\"fr-CA\"},{\"@type\":\"Organization\",\"@id\":\"https:\\\/\\\/volthium.com\\\/fr\\\/#organization\",\"name\":\"Volthium\",\"url\":\"https:\\\/\\\/volthium.com\\\/fr\\\/\",\"logo\":{\"@type\":\"ImageObject\",\"inLanguage\":\"fr-CA\",\"@id\":\"https:\\\/\\\/volthium.com\\\/fr\\\/#\\\/schema\\\/logo\\\/image\\\/\",\"url\":\"https:\\\/\\\/volthium.com\\\/wp-content\\\/uploads\\\/2024\\\/01\\\/Logo-Volthium_Sans-energie.svg\",\"contentUrl\":\"https:\\\/\\\/volthium.com\\\/wp-content\\\/uploads\\\/2024\\\/01\\\/Logo-Volthium_Sans-energie.svg\",\"width\":793,\"height\":453,\"caption\":\"Volthium\"},\"image\":{\"@id\":\"https:\\\/\\\/volthium.com\\\/fr\\\/#\\\/schema\\\/logo\\\/image\\\/\"}}]}<\/script>\n<!-- \/ Yoast SEO plugin. -->","yoast_head_json":{"title":"Onduleur LXP-LB-US 12K (18KPV) - LuxpowerTek - Volthium","description":"Le LXP US 12K a \u00e9t\u00e9 con\u00e7u pour r\u00e9pondre aux exigences sp\u00e9cifiques des syst\u00e8mes de stockage d'\u00e9nergie photovolta\u00efque r\u00e9sidentiels \u00e0 grande \u00e9chelle.","robots":{"index":"index","follow":"follow","max-snippet":"max-snippet:-1","max-image-preview":"max-image-preview:large","max-video-preview":"max-video-preview:-1"},"canonical":"https:\/\/volthium.com\/fr\/produit\/onduleur-12k-lxp-luxpowertek\/","og_locale":"fr_CA","og_type":"article","og_title":"Onduleur LXP-LB-US 12K (18KPV) - LuxpowerTek - Volthium","og_description":"Le LXP US 12K a \u00e9t\u00e9 con\u00e7u pour r\u00e9pondre aux exigences sp\u00e9cifiques des syst\u00e8mes de stockage d'\u00e9nergie photovolta\u00efque r\u00e9sidentiels \u00e0 grande \u00e9chelle.","og_url":"https:\/\/volthium.com\/fr\/produit\/onduleur-12k-lxp-luxpowertek\/","og_site_name":"Volthium","article_modified_time":"2025-12-16T17:48:17+00:00","og_image":[{"width":1959,"height":858,"url":"https:\/\/volthium.com\/wp-content\/uploads\/2024\/10\/Luxpower_12K-LXP_01_Rectangle.png","type":"image\/png"}],"twitter_card":"summary_large_image","twitter_misc":{"Estimation du temps de lecture":"3 minutes"},"schema":{"@context":"https:\/\/schema.org","@graph":[{"@type":"WebPage","@id":"https:\/\/volthium.com\/fr\/produit\/onduleur-12k-lxp-luxpowertek\/","url":"https:\/\/volthium.com\/fr\/produit\/onduleur-12k-lxp-luxpowertek\/","name":"Onduleur LXP-LB-US 12K (18KPV) - LuxpowerTek - Volthium","isPartOf":{"@id":"https:\/\/volthium.com\/fr\/#website"},"primaryImageOfPage":{"@id":"https:\/\/volthium.com\/fr\/produit\/onduleur-12k-lxp-luxpowertek\/#primaryimage"},"image":{"@id":"https:\/\/volthium.com\/fr\/produit\/onduleur-12k-lxp-luxpowertek\/#primaryimage"},"thumbnailUrl":"https:\/\/volthium.com\/wp-content\/uploads\/2024\/10\/Luxpower_12K-LXP_01_Rectangle.png","datePublished":"2024-11-12T14:46:50+00:00","dateModified":"2025-12-16T17:48:17+00:00","description":"Le LXP US 12K a \u00e9t\u00e9 con\u00e7u pour r\u00e9pondre aux exigences sp\u00e9cifiques des syst\u00e8mes de stockage d'\u00e9nergie photovolta\u00efque r\u00e9sidentiels \u00e0 grande \u00e9chelle.","breadcrumb":{"@id":"https:\/\/volthium.com\/fr\/produit\/onduleur-12k-lxp-luxpowertek\/#breadcrumb"},"inLanguage":"fr-CA","potentialAction":[{"@type":"ReadAction","target":["https:\/\/volthium.com\/fr\/produit\/onduleur-12k-lxp-luxpowertek\/"]}]},{"@type":"ImageObject","inLanguage":"fr-CA","@id":"https:\/\/volthium.com\/fr\/produit\/onduleur-12k-lxp-luxpowertek\/#primaryimage","url":"https:\/\/volthium.com\/wp-content\/uploads\/2024\/10\/Luxpower_12K-LXP_01_Rectangle.png","contentUrl":"https:\/\/volthium.com\/wp-content\/uploads\/2024\/10\/Luxpower_12K-LXP_01_Rectangle.png","width":1959,"height":858},{"@type":"BreadcrumbList","@id":"https:\/\/volthium.com\/fr\/produit\/onduleur-12k-lxp-luxpowertek\/#breadcrumb","itemListElement":[{"@type":"ListItem","position":1,"name":"Accueil","item":"https:\/\/volthium.com\/fr\/"},{"@type":"ListItem","position":2,"name":"Boutique en ligne","item":"https:\/\/volthium.com\/fr\/boutique\/"},{"@type":"ListItem","position":3,"name":"Onduleur LXP-LB-US 12K (18KPV) &#8211; LuxpowerTek"}]},{"@type":"WebSite","@id":"https:\/\/volthium.com\/fr\/#website","url":"https:\/\/volthium.com\/fr\/","name":"Volthium","description":"Logo Volthium","publisher":{"@id":"https:\/\/volthium.com\/fr\/#organization"},"potentialAction":[{"@type":"SearchAction","target":{"@type":"EntryPoint","urlTemplate":"https:\/\/volthium.com\/fr\/?s={search_term_string}"},"query-input":{"@type":"PropertyValueSpecification","valueRequired":true,"valueName":"search_term_string"}}],"inLanguage":"fr-CA"},{"@type":"Organization","@id":"https:\/\/volthium.com\/fr\/#organization","name":"Volthium","url":"https:\/\/volthium.com\/fr\/","logo":{"@type":"ImageObject","inLanguage":"fr-CA","@id":"https:\/\/volthium.com\/fr\/#\/schema\/logo\/image\/","url":"https:\/\/volthium.com\/wp-content\/uploads\/2024\/01\/Logo-Volthium_Sans-energie.svg","contentUrl":"https:\/\/volthium.com\/wp-content\/uploads\/2024\/01\/Logo-Volthium_Sans-energie.svg","width":793,"height":453,"caption":"Volthium"},"image":{"@id":"https:\/\/volthium.com\/fr\/#\/schema\/logo\/image\/"}}]}},"_links":{"self":[{"href":"https:\/\/volthium.com\/fr\/wp-json\/wp\/v2\/product\/5563","targetHints":{"allow":["GET"]}}],"collection":[{"href":"https:\/\/volthium.com\/fr\/wp-json\/wp\/v2\/product"}],"about":[{"href":"https:\/\/volthium.com\/fr\/wp-json\/wp\/v2\/types\/product"}],"replies":[{"embeddable":true,"href":"https:\/\/volthium.com\/fr\/wp-json\/wp\/v2\/comments?post=5563"}],"wp:featuredmedia":[{"embeddable":true,"href":"https:\/\/volthium.com\/fr\/wp-json\/wp\/v2\/media\/5590"}],"wp:attachment":[{"href":"https:\/\/volthium.com\/fr\/wp-json\/wp\/v2\/media?parent=5563"}],"wp:term":[{"taxonomy":"product_brand","embeddable":true,"href":"https:\/\/volthium.com\/fr\/wp-json\/wp\/v2\/product_brand?post=5563"},{"taxonomy":"product_cat","embeddable":true,"href":"https:\/\/volthium.com\/fr\/wp-json\/wp\/v2\/product_cat?post=5563"},{"taxonomy":"product_tag","embeddable":true,"href":"https:\/\/volthium.com\/fr\/wp-json\/wp\/v2\/product_tag?post=5563"}],"curies":[{"name":"wp","href":"https:\/\/api.w.org\/{rel}","templated":true}]}}