{"id":5561,"date":"2024-11-12T09:45:26","date_gmt":"2024-11-12T14:45:26","guid":{"rendered":"https:\/\/volthium.com\/?post_type=product&#038;p=5561"},"modified":"2025-12-19T07:37:50","modified_gmt":"2025-12-19T12:37:50","slug":"onduleur-hybrid-split-phase-lxp-lb-us-8k-luxpowertek","status":"publish","type":"product","link":"https:\/\/volthium.com\/fr\/produit\/onduleur-hybrid-split-phase-lxp-lb-us-8k-luxpowertek\/","title":{"rendered":"Onduleur LXP-LB-US 8K (12KPV) &#8211; LuxpowerTek"},"content":{"rendered":"<p><span data-contrast=\"auto\">L&rsquo;onduleur LXP-8K (Onduleur 8 kW \/ Solaire 12 kPV) de LuxPowerTek est un onduleur hybride, aussi appel\u00e9 onduleur multimode (Hybrid Inverter), respectant toutes les certifications et les derni\u00e8res normes les plus s\u00e9v\u00e8res de l&rsquo;industrie. Cet onduleur est extr\u00eamement populaire au Qu\u00e9bec puisqu&rsquo;il est 100 % conforme \u00e0 la norme d\u2019hydro-<\/span><a href=\"https:\/\/www.hydroquebec.com\/data\/transenergie\/pdf\/e1207.pdf\"><span data-contrast=\"none\">Qu\u00e9bec E 12.07<\/span><\/a><span data-contrast=\"auto\"> \u00e9mise en janvier 2025 par Hydro-Qu\u00e9bec.<\/span><\/p>\n<p><span data-contrast=\"auto\">Il permet d&rsquo;exploiter simultan\u00e9ment l&rsquo;\u00e9nergie solaire, le stockage sur batterie et l&rsquo;\u00e9nergie du r\u00e9seau \u00e9lectrique pour alimenter une maison ou un commerce avec une puissance continue et ininterrompue allant jusqu\u2019\u00e0 8 000 W (33 A \u00e0 240 V). En cas de panne \u00e9lectrique, l\u2019onduleur Lux LXP-8K \/ 12kPV peut \u00eatre utilis\u00e9 comme syst\u00e8me d&rsquo;alimentation de secours m\u00eame sans panneaux solaires.<\/span><span data-ccp-props=\"{}\">\u00a0<\/span><\/p>\n<p>&nbsp;<\/p>\n<h4>LXP-8K biphas\u00e9<\/h4>\n<p>Combinant sans effort la consommation et le stockage instantan\u00e9s d&rsquo;\u00e9nergie dans un seul appareil, cet onduleur hybride de pointe offre une commodit\u00e9 de branchement et des performances \u00e9lev\u00e9es. Avec son design tout-en-un, ses capacit\u00e9s de couplage AC et sa configuration conviviale, cet onduleur innovant offre aux propri\u00e9taires une s\u00e9curit\u00e9 et un contr\u00f4le accrus sur leur consommation d&rsquo;\u00e9nergie<\/p>\n<ul>\n<li>2 MPPT avec 4 branches en entr\u00e9e, MAX. PV 12kW<\/li>\n<li>Supporte jusqu&rsquo;\u00e0 10 pi\u00e8ces en parall\u00e8le sur le r\u00e9seau marche\/arr\u00eat<\/li>\n<li>Commutation marche\/arr\u00eat du r\u00e9seau sans interruption<\/li>\n<li>fonction d&rsquo;\u00e9cr\u00eatement des pointes<\/li>\n<li>Protection AFCI int\u00e9gr\u00e9e<\/li>\n<li>Les disjoncteurs (g\u00e9n\u00e9rateur, charge et batterie) sont int\u00e9gr\u00e9s<\/li>\n<li>Port s\u00e9par\u00e9 pour le couplage d&rsquo;un g\u00e9n\u00e9rateur ou d&rsquo;un courant alternatif ou pour la connexion d&rsquo;une charge intelligente<\/li>\n<\/ul>\n<h4>Faites l&rsquo;exp\u00e9rience de l&rsquo;ind\u00e9pendance \u00e9nerg\u00e9tique r\u00e9sidentielle et commerciale gr\u00e2ce \u00e0 une solution innovante<\/h4>\n<p>Certifi\u00e9 UL, m\u00e9ticuleusement con\u00e7u et fabriqu\u00e9 pour l&rsquo;excellence en mati\u00e8re de stockage d&rsquo;\u00e9nergie r\u00e9sidentiel. Parfaitement adapt\u00e9s aux petits m\u00e9nages, ces onduleurs hybrides compacts biphas\u00e9s s&rsquo;int\u00e8grent parfaitement aux batteries basse tension, garantissant une production d&rsquo;\u00e9nergie fiable dans les sc\u00e9narios connect\u00e9s au r\u00e9seau et hors r\u00e9seau. Faites l&rsquo;exp\u00e9rience d&rsquo;une ind\u00e9pendance \u00e9nerg\u00e9tique sans effort gr\u00e2ce aux solutions innovantes de LuxpowerTek.<\/p>\n<p>Gr\u00e2ce \u00e0 un syst\u00e8me intelligent de gestion de l&rsquo;\u00e9nergie, les utilisateurs peuvent basculer en toute transparence entre l&rsquo;alimentation de secours, le mode d&rsquo;autoconsommation et les param\u00e8tres avanc\u00e9s. Cela garantit une alimentation fiable des charges critiques pendant les pannes, tout en maximisant les \u00e9conomies d&rsquo;\u00e9nergie et en r\u00e9duisant les co\u00fbts d&rsquo;\u00e9lectricit\u00e9.<\/p>\n<h4>Simplifiez votre exp\u00e9rience de surveillance<\/h4>\n<p class=\"lead\">Gr\u00e2ce \u00e0 la plateforme de LuxpowerTek (disponible sur <a href=\"https:\/\/apps.apple.com\/za\/app\/luxpower\/id1415841608\">IOS<\/a> et <a href=\"https:\/\/play.google.com\/store\/apps\/details?id=com.nfcx.luxinvpower&amp;hl=en\">Android<\/a>), vous b\u00e9n\u00e9ficiez d&rsquo;une vision en temps r\u00e9el et de capacit\u00e9s de gestion \u00e0 distance, et un contr\u00f4le transparent de vos appareils. Prenez des d\u00e9cisions \u00e9clair\u00e9es et optimiser les performances sans effort.<\/p>\n<p>&nbsp;<\/p>\n<h4>Documents li\u00e9s<\/h4>\n<p>&nbsp;<\/p>\n<p>Fiche technique : <a href=\"https:\/\/volthium.com\/wp-content\/uploads\/2024\/11\/technical-sheet-LXP-LB-US-8-10K-1.pdf\">t\u00e9l\u00e9chargez le document PDF<\/a><\/p>\n<p>Manuel utilisateur : <a href=\"https:\/\/volthium.com\/wp-content\/uploads\/2024\/11\/user-manual-LXP-LB-US-8-10K.pdf\">t\u00e9l\u00e9chargez le document PDF<\/a><\/p>\n<h4><\/h4>\n<h4>Certifications et documents t\u00e9l\u00e9chargeables<\/h4>\n<p>&nbsp;<\/p>\n<p>S\u00e9curit\u00e9 : <a href=\"https:\/\/volthium.com\/wp-content\/uploads\/2024\/11\/LXP-US-8-10K-UL9540.pdf\" target=\"_blank\" rel=\"noopener\">UL9540<\/a> | <a href=\"https:\/\/volthium.com\/wp-content\/uploads\/2024\/11\/LXP-US-8-10K-UL1741.pdf\" target=\"_blank\" rel=\"noopener\">UL1741<\/a> | CSA C22.2 | UL1699B<\/p>\n<p>R\u00e9seau : <a href=\"https:\/\/volthium.com\/wp-content\/uploads\/2024\/11\/LXP-US-8-10K-UL1741.pdf\" target=\"_blank\" rel=\"noopener\">UL1741SB<\/a> | IEEE 1547:2018, HECO SRD 2.0 | <a href=\"https:\/\/volthium.com\/wp-content\/uploads\/2024\/11\/210225118GZU-002-E5000-test-report-Update-2_Security.pdf\" target=\"_blank\" rel=\"noopener\">IEEE2030.5<\/a><\/p>\n<p>EMC : FCC Part 15 ClassB<strong>\u00a0<\/strong><\/p>\n<p>Certificats:<\/p>\n<ul>\n<li><a href=\"https:\/\/volthium.com\/wp-content\/uploads\/2024\/11\/LXP-US-8-10K-UL9540.pdf\">Certificat PDF : UL9540\u00a0<\/a><\/li>\n<li><a href=\"https:\/\/volthium.com\/wp-content\/uploads\/2024\/11\/LXP-US-8-10K-UL1741.pdf\">Certificat PDF : UL1741<\/a><\/li>\n<li><a href=\"https:\/\/volthium.com\/wp-content\/uploads\/2024\/11\/LXP-US-8-10K-ETL.pdf\">Certificat PDF : ETL<\/a><\/li>\n<li><a href=\"https:\/\/volthium.com\/wp-content\/uploads\/2024\/11\/LXP-US-8-10K-CRD.pdf\">Certificat PDF : CRD<\/a><\/li>\n<\/ul>\n<p>&nbsp;<\/p>\n","protected":false},"excerpt":{"rendered":"<p><span data-contrast=\"auto\">L&rsquo;onduleur LXP-8K (Onduleur 8 kW \/ Solaire 12 kPV) de LuxPowerTek est un onduleur hybride, aussi appel\u00e9 onduleur multimode (Hybrid Inverter), respectant toutes les certifications et les derni\u00e8res normes les plus s\u00e9v\u00e8res de l&rsquo;industrie. Cet onduleur est extr\u00eamement populaire au Qu\u00e9bec puisqu&rsquo;il est 100 % conforme \u00e0 la norme d\u2019hydro-<\/span><a href=\"https:\/\/www.hydroquebec.com\/data\/transenergie\/pdf\/e1207.pdf\"><span data-contrast=\"none\">Qu\u00e9bec E 12.07<\/span><\/a><span data-contrast=\"auto\"> \u00e9mise en janvier 2025 par Hydro-Qu\u00e9bec.<\/span><\/p>\n<p><span data-contrast=\"auto\">Il permet d&rsquo;exploiter simultan\u00e9ment l&rsquo;\u00e9nergie solaire, le stockage sur batterie et l&rsquo;\u00e9nergie du r\u00e9seau \u00e9lectrique pour alimenter une maison ou un commerce avec une puissance continue et ininterrompue allant jusqu\u2019\u00e0 8 000 W (33 A \u00e0 240 V). En cas de panne \u00e9lectrique, l\u2019onduleur Lux LXP-8K \/ 12kPV peut \u00eatre utilis\u00e9 comme syst\u00e8me d&rsquo;alimentation de secours m\u00eame sans panneaux solaires.<\/span><span data-ccp-props=\"{}\">\u00a0<\/span><\/p>\n","protected":false},"featured_media":5588,"comment_status":"open","ping_status":"closed","template":"","meta":{"_acf_changed":false,"inline_featured_image":false,"site-sidebar-layout":"default","site-content-layout":"","ast-site-content-layout":"default","site-content-style":"default","site-sidebar-style":"default","ast-global-header-display":"","ast-banner-title-visibility":"","ast-main-header-display":"","ast-hfb-above-header-display":"","ast-hfb-below-header-display":"","ast-hfb-mobile-header-display":"","site-post-title":"","ast-breadcrumbs-content":"","ast-featured-img":"","footer-sml-layout":"","ast-disable-related-posts":"","theme-transparent-header-meta":"default","adv-header-id-meta":"","stick-header-meta":"","header-above-stick-meta":"","header-main-stick-meta":"","header-below-stick-meta":"","astra-migrate-meta-layouts":"set","ast-page-background-enabled":"default","ast-page-background-meta":{"desktop":{"background-color":"var(--ast-global-color-4)","background-image":"","background-repeat":"repeat","background-position":"center center","background-size":"auto","background-attachment":"scroll","background-type":"","background-media":"","overlay-type":"","overlay-color":"","overlay-opacity":"","overlay-gradient":""},"tablet":{"background-color":"","background-image":"","background-repeat":"repeat","background-position":"center center","background-size":"auto","background-attachment":"scroll","background-type":"","background-media":"","overlay-type":"","overlay-color":"","overlay-opacity":"","overlay-gradient":""},"mobile":{"background-color":"","background-image":"","background-repeat":"repeat","background-position":"center center","background-size":"auto","background-attachment":"scroll","background-type":"","background-media":"","overlay-type":"","overlay-color":"","overlay-opacity":"","overlay-gradient":""}},"ast-content-background-meta":{"desktop":{"background-color":"var(--ast-global-color-5)","background-image":"","background-repeat":"repeat","background-position":"center center","background-size":"auto","background-attachment":"scroll","background-type":"","background-media":"","overlay-type":"","overlay-color":"","overlay-opacity":"","overlay-gradient":""},"tablet":{"background-color":"var(--ast-global-color-5)","background-image":"","background-repeat":"repeat","background-position":"center center","background-size":"auto","background-attachment":"scroll","background-type":"","background-media":"","overlay-type":"","overlay-color":"","overlay-opacity":"","overlay-gradient":""},"mobile":{"background-color":"var(--ast-global-color-5)","background-image":"","background-repeat":"repeat","background-position":"center center","background-size":"auto","background-attachment":"scroll","background-type":"","background-media":"","overlay-type":"","overlay-color":"","overlay-opacity":"","overlay-gradient":""}}},"product_brand":[209],"product_cat":[27,28],"product_tag":[],"class_list":{"0":"post-5561","1":"product","2":"type-product","3":"status-publish","4":"has-post-thumbnail","6":"product_brand-luxpowertek","7":"product_cat-onduleur","8":"product_cat-onduleur-chargeur","9":"desktop-align-left","10":"tablet-align-left","11":"mobile-align-left","13":"first","14":"instock","15":"taxable","16":"shipping-taxable","17":"purchasable","18":"product-type-simple"},"acf":[],"yoast_head":"<!-- This site is optimized with the Yoast SEO plugin v27.3 - https:\/\/yoast.com\/product\/yoast-seo-wordpress\/ -->\n<title>Onduleur LXP-LB-US 8K (12KPV) - LuxpowerTek<\/title>\n<meta name=\"description\" content=\"L&#039;onduleur hybride LXP-8K (Onduleur 8 kW \/ Solaire 12 kPV) certifi\u00e9 UL de LuxPowerTek, respecte les derni\u00e8res normes les plus s\u00e9v\u00e8res de l&#039;industrie.\" \/>\n<meta name=\"robots\" content=\"index, follow, max-snippet:-1, max-image-preview:large, max-video-preview:-1\" \/>\n<link rel=\"canonical\" href=\"https:\/\/volthium.com\/fr\/produit\/onduleur-hybrid-split-phase-lxp-lb-us-8k-luxpowertek\/\" \/>\n<meta property=\"og:locale\" content=\"fr_CA\" \/>\n<meta property=\"og:type\" content=\"article\" \/>\n<meta property=\"og:title\" content=\"Onduleur LXP-LB-US 8K (12KPV) - LuxpowerTek\" \/>\n<meta property=\"og:description\" content=\"L&#039;onduleur hybride LXP-8K (Onduleur 8 kW \/ Solaire 12 kPV) certifi\u00e9 UL de LuxPowerTek, respecte les derni\u00e8res normes les plus s\u00e9v\u00e8res de l&#039;industrie.\" \/>\n<meta property=\"og:url\" content=\"https:\/\/volthium.com\/fr\/produit\/onduleur-hybrid-split-phase-lxp-lb-us-8k-luxpowertek\/\" \/>\n<meta property=\"og:site_name\" content=\"Volthium\" \/>\n<meta property=\"article:modified_time\" content=\"2025-12-19T12:37:50+00:00\" \/>\n<meta property=\"og:image\" content=\"https:\/\/volthium.com\/wp-content\/uploads\/2024\/10\/Luxpower_8K-LXP_01_Rectangle-1.png\" \/>\n\t<meta property=\"og:image:width\" content=\"1959\" \/>\n\t<meta property=\"og:image:height\" content=\"858\" \/>\n\t<meta property=\"og:image:type\" content=\"image\/png\" \/>\n<meta name=\"twitter:card\" content=\"summary_large_image\" \/>\n<meta name=\"twitter:label1\" content=\"Estimation du temps de lecture\" \/>\n\t<meta name=\"twitter:data1\" content=\"3 minutes\" \/>\n<script type=\"application\/ld+json\" class=\"yoast-schema-graph\">{\"@context\":\"https:\\\/\\\/schema.org\",\"@graph\":[{\"@type\":\"WebPage\",\"@id\":\"https:\\\/\\\/volthium.com\\\/fr\\\/produit\\\/onduleur-hybrid-split-phase-lxp-lb-us-8k-luxpowertek\\\/\",\"url\":\"https:\\\/\\\/volthium.com\\\/fr\\\/produit\\\/onduleur-hybrid-split-phase-lxp-lb-us-8k-luxpowertek\\\/\",\"name\":\"Onduleur LXP-LB-US 8K (12KPV) - LuxpowerTek\",\"isPartOf\":{\"@id\":\"https:\\\/\\\/volthium.com\\\/fr\\\/#website\"},\"primaryImageOfPage\":{\"@id\":\"https:\\\/\\\/volthium.com\\\/fr\\\/produit\\\/onduleur-hybrid-split-phase-lxp-lb-us-8k-luxpowertek\\\/#primaryimage\"},\"image\":{\"@id\":\"https:\\\/\\\/volthium.com\\\/fr\\\/produit\\\/onduleur-hybrid-split-phase-lxp-lb-us-8k-luxpowertek\\\/#primaryimage\"},\"thumbnailUrl\":\"https:\\\/\\\/volthium.com\\\/wp-content\\\/uploads\\\/2024\\\/10\\\/Luxpower_8K-LXP_01_Rectangle-1.png\",\"datePublished\":\"2024-11-12T14:45:26+00:00\",\"dateModified\":\"2025-12-19T12:37:50+00:00\",\"description\":\"L'onduleur hybride LXP-8K (Onduleur 8 kW \\\/ Solaire 12 kPV) certifi\u00e9 UL de LuxPowerTek, respecte les derni\u00e8res normes les plus s\u00e9v\u00e8res de l'industrie.\",\"breadcrumb\":{\"@id\":\"https:\\\/\\\/volthium.com\\\/fr\\\/produit\\\/onduleur-hybrid-split-phase-lxp-lb-us-8k-luxpowertek\\\/#breadcrumb\"},\"inLanguage\":\"fr-CA\",\"potentialAction\":[{\"@type\":\"ReadAction\",\"target\":[\"https:\\\/\\\/volthium.com\\\/fr\\\/produit\\\/onduleur-hybrid-split-phase-lxp-lb-us-8k-luxpowertek\\\/\"]}]},{\"@type\":\"ImageObject\",\"inLanguage\":\"fr-CA\",\"@id\":\"https:\\\/\\\/volthium.com\\\/fr\\\/produit\\\/onduleur-hybrid-split-phase-lxp-lb-us-8k-luxpowertek\\\/#primaryimage\",\"url\":\"https:\\\/\\\/volthium.com\\\/wp-content\\\/uploads\\\/2024\\\/10\\\/Luxpower_8K-LXP_01_Rectangle-1.png\",\"contentUrl\":\"https:\\\/\\\/volthium.com\\\/wp-content\\\/uploads\\\/2024\\\/10\\\/Luxpower_8K-LXP_01_Rectangle-1.png\",\"width\":1959,\"height\":858},{\"@type\":\"BreadcrumbList\",\"@id\":\"https:\\\/\\\/volthium.com\\\/fr\\\/produit\\\/onduleur-hybrid-split-phase-lxp-lb-us-8k-luxpowertek\\\/#breadcrumb\",\"itemListElement\":[{\"@type\":\"ListItem\",\"position\":1,\"name\":\"Accueil\",\"item\":\"https:\\\/\\\/volthium.com\\\/fr\\\/\"},{\"@type\":\"ListItem\",\"position\":2,\"name\":\"Boutique en ligne\",\"item\":\"https:\\\/\\\/volthium.com\\\/fr\\\/boutique\\\/\"},{\"@type\":\"ListItem\",\"position\":3,\"name\":\"Onduleur LXP-LB-US 8K (12KPV) &#8211; LuxpowerTek\"}]},{\"@type\":\"WebSite\",\"@id\":\"https:\\\/\\\/volthium.com\\\/fr\\\/#website\",\"url\":\"https:\\\/\\\/volthium.com\\\/fr\\\/\",\"name\":\"Volthium\",\"description\":\"Logo Volthium\",\"publisher\":{\"@id\":\"https:\\\/\\\/volthium.com\\\/fr\\\/#organization\"},\"potentialAction\":[{\"@type\":\"SearchAction\",\"target\":{\"@type\":\"EntryPoint\",\"urlTemplate\":\"https:\\\/\\\/volthium.com\\\/fr\\\/?s={search_term_string}\"},\"query-input\":{\"@type\":\"PropertyValueSpecification\",\"valueRequired\":true,\"valueName\":\"search_term_string\"}}],\"inLanguage\":\"fr-CA\"},{\"@type\":\"Organization\",\"@id\":\"https:\\\/\\\/volthium.com\\\/fr\\\/#organization\",\"name\":\"Volthium\",\"url\":\"https:\\\/\\\/volthium.com\\\/fr\\\/\",\"logo\":{\"@type\":\"ImageObject\",\"inLanguage\":\"fr-CA\",\"@id\":\"https:\\\/\\\/volthium.com\\\/fr\\\/#\\\/schema\\\/logo\\\/image\\\/\",\"url\":\"https:\\\/\\\/volthium.com\\\/wp-content\\\/uploads\\\/2024\\\/01\\\/Logo-Volthium_Sans-energie.svg\",\"contentUrl\":\"https:\\\/\\\/volthium.com\\\/wp-content\\\/uploads\\\/2024\\\/01\\\/Logo-Volthium_Sans-energie.svg\",\"width\":793,\"height\":453,\"caption\":\"Volthium\"},\"image\":{\"@id\":\"https:\\\/\\\/volthium.com\\\/fr\\\/#\\\/schema\\\/logo\\\/image\\\/\"}}]}<\/script>\n<!-- \/ Yoast SEO plugin. -->","yoast_head_json":{"title":"Onduleur LXP-LB-US 8K (12KPV) - LuxpowerTek","description":"L'onduleur hybride LXP-8K (Onduleur 8 kW \/ Solaire 12 kPV) certifi\u00e9 UL de LuxPowerTek, respecte les derni\u00e8res normes les plus s\u00e9v\u00e8res de l'industrie.","robots":{"index":"index","follow":"follow","max-snippet":"max-snippet:-1","max-image-preview":"max-image-preview:large","max-video-preview":"max-video-preview:-1"},"canonical":"https:\/\/volthium.com\/fr\/produit\/onduleur-hybrid-split-phase-lxp-lb-us-8k-luxpowertek\/","og_locale":"fr_CA","og_type":"article","og_title":"Onduleur LXP-LB-US 8K (12KPV) - LuxpowerTek","og_description":"L'onduleur hybride LXP-8K (Onduleur 8 kW \/ Solaire 12 kPV) certifi\u00e9 UL de LuxPowerTek, respecte les derni\u00e8res normes les plus s\u00e9v\u00e8res de l'industrie.","og_url":"https:\/\/volthium.com\/fr\/produit\/onduleur-hybrid-split-phase-lxp-lb-us-8k-luxpowertek\/","og_site_name":"Volthium","article_modified_time":"2025-12-19T12:37:50+00:00","og_image":[{"width":1959,"height":858,"url":"https:\/\/volthium.com\/wp-content\/uploads\/2024\/10\/Luxpower_8K-LXP_01_Rectangle-1.png","type":"image\/png"}],"twitter_card":"summary_large_image","twitter_misc":{"Estimation du temps de lecture":"3 minutes"},"schema":{"@context":"https:\/\/schema.org","@graph":[{"@type":"WebPage","@id":"https:\/\/volthium.com\/fr\/produit\/onduleur-hybrid-split-phase-lxp-lb-us-8k-luxpowertek\/","url":"https:\/\/volthium.com\/fr\/produit\/onduleur-hybrid-split-phase-lxp-lb-us-8k-luxpowertek\/","name":"Onduleur LXP-LB-US 8K (12KPV) - LuxpowerTek","isPartOf":{"@id":"https:\/\/volthium.com\/fr\/#website"},"primaryImageOfPage":{"@id":"https:\/\/volthium.com\/fr\/produit\/onduleur-hybrid-split-phase-lxp-lb-us-8k-luxpowertek\/#primaryimage"},"image":{"@id":"https:\/\/volthium.com\/fr\/produit\/onduleur-hybrid-split-phase-lxp-lb-us-8k-luxpowertek\/#primaryimage"},"thumbnailUrl":"https:\/\/volthium.com\/wp-content\/uploads\/2024\/10\/Luxpower_8K-LXP_01_Rectangle-1.png","datePublished":"2024-11-12T14:45:26+00:00","dateModified":"2025-12-19T12:37:50+00:00","description":"L'onduleur hybride LXP-8K (Onduleur 8 kW \/ Solaire 12 kPV) certifi\u00e9 UL de LuxPowerTek, respecte les derni\u00e8res normes les plus s\u00e9v\u00e8res de l'industrie.","breadcrumb":{"@id":"https:\/\/volthium.com\/fr\/produit\/onduleur-hybrid-split-phase-lxp-lb-us-8k-luxpowertek\/#breadcrumb"},"inLanguage":"fr-CA","potentialAction":[{"@type":"ReadAction","target":["https:\/\/volthium.com\/fr\/produit\/onduleur-hybrid-split-phase-lxp-lb-us-8k-luxpowertek\/"]}]},{"@type":"ImageObject","inLanguage":"fr-CA","@id":"https:\/\/volthium.com\/fr\/produit\/onduleur-hybrid-split-phase-lxp-lb-us-8k-luxpowertek\/#primaryimage","url":"https:\/\/volthium.com\/wp-content\/uploads\/2024\/10\/Luxpower_8K-LXP_01_Rectangle-1.png","contentUrl":"https:\/\/volthium.com\/wp-content\/uploads\/2024\/10\/Luxpower_8K-LXP_01_Rectangle-1.png","width":1959,"height":858},{"@type":"BreadcrumbList","@id":"https:\/\/volthium.com\/fr\/produit\/onduleur-hybrid-split-phase-lxp-lb-us-8k-luxpowertek\/#breadcrumb","itemListElement":[{"@type":"ListItem","position":1,"name":"Accueil","item":"https:\/\/volthium.com\/fr\/"},{"@type":"ListItem","position":2,"name":"Boutique en ligne","item":"https:\/\/volthium.com\/fr\/boutique\/"},{"@type":"ListItem","position":3,"name":"Onduleur LXP-LB-US 8K (12KPV) &#8211; LuxpowerTek"}]},{"@type":"WebSite","@id":"https:\/\/volthium.com\/fr\/#website","url":"https:\/\/volthium.com\/fr\/","name":"Volthium","description":"Logo Volthium","publisher":{"@id":"https:\/\/volthium.com\/fr\/#organization"},"potentialAction":[{"@type":"SearchAction","target":{"@type":"EntryPoint","urlTemplate":"https:\/\/volthium.com\/fr\/?s={search_term_string}"},"query-input":{"@type":"PropertyValueSpecification","valueRequired":true,"valueName":"search_term_string"}}],"inLanguage":"fr-CA"},{"@type":"Organization","@id":"https:\/\/volthium.com\/fr\/#organization","name":"Volthium","url":"https:\/\/volthium.com\/fr\/","logo":{"@type":"ImageObject","inLanguage":"fr-CA","@id":"https:\/\/volthium.com\/fr\/#\/schema\/logo\/image\/","url":"https:\/\/volthium.com\/wp-content\/uploads\/2024\/01\/Logo-Volthium_Sans-energie.svg","contentUrl":"https:\/\/volthium.com\/wp-content\/uploads\/2024\/01\/Logo-Volthium_Sans-energie.svg","width":793,"height":453,"caption":"Volthium"},"image":{"@id":"https:\/\/volthium.com\/fr\/#\/schema\/logo\/image\/"}}]}},"_links":{"self":[{"href":"https:\/\/volthium.com\/fr\/wp-json\/wp\/v2\/product\/5561","targetHints":{"allow":["GET"]}}],"collection":[{"href":"https:\/\/volthium.com\/fr\/wp-json\/wp\/v2\/product"}],"about":[{"href":"https:\/\/volthium.com\/fr\/wp-json\/wp\/v2\/types\/product"}],"replies":[{"embeddable":true,"href":"https:\/\/volthium.com\/fr\/wp-json\/wp\/v2\/comments?post=5561"}],"wp:featuredmedia":[{"embeddable":true,"href":"https:\/\/volthium.com\/fr\/wp-json\/wp\/v2\/media\/5588"}],"wp:attachment":[{"href":"https:\/\/volthium.com\/fr\/wp-json\/wp\/v2\/media?parent=5561"}],"wp:term":[{"taxonomy":"product_brand","embeddable":true,"href":"https:\/\/volthium.com\/fr\/wp-json\/wp\/v2\/product_brand?post=5561"},{"taxonomy":"product_cat","embeddable":true,"href":"https:\/\/volthium.com\/fr\/wp-json\/wp\/v2\/product_cat?post=5561"},{"taxonomy":"product_tag","embeddable":true,"href":"https:\/\/volthium.com\/fr\/wp-json\/wp\/v2\/product_tag?post=5561"}],"curies":[{"name":"wp","href":"https:\/\/api.w.org\/{rel}","templated":true}]}}