{"id":5559,"date":"2024-11-12T09:43:06","date_gmt":"2024-11-12T14:43:06","guid":{"rendered":"https:\/\/volthium.com\/?post_type=product&#038;p=5559"},"modified":"2026-01-21T10:56:29","modified_gmt":"2026-01-21T15:56:29","slug":"sna-us-6k-hors-reseau-luxpowertek","status":"publish","type":"product","link":"https:\/\/volthium.com\/fr\/produit\/sna-us-6k-hors-reseau-luxpowertek\/","title":{"rendered":"Onduleur SNA-US 6K (8KPV-6kW) &#8211; LuxpowerTek"},"content":{"rendered":"<p>Une solution de pointe pour l&rsquo;ind\u00e9pendance \u00e9nerg\u00e9tique r\u00e9sidentielle et commerciale.<br \/>\nD\u00e9couvrez le tout nouvel onduleur SNA US 6K, m\u00e9ticuleusement con\u00e7u pour r\u00e9pondre aux besoins d&rsquo;ind\u00e9pendance \u00e9nerg\u00e9tique des petits m\u00e9nages et des commerces. Ce produit innovant pr\u00e9sente un design ext\u00e9rieur \u00e9l\u00e9gant tout en incorporant des disjoncteurs de charge, de g\u00e9n\u00e9rateur et de batterie.<\/p>\n<p><span data-contrast=\"auto\">L&rsquo;onduleur SNA-US 6000 (Onduleur 6 kW \/ Solaire 8 kPV) de LuxPowerTek est un onduleur hors r\u00e9seau, commun\u00e9ment appel\u00e9 Off-grid inverter. Il respecte les normes du code \u00e9lectrique canadien pour \u00eatre install\u00e9 dans une r\u00e9sidence ou commerce afin d\u2019\u00eatre utilis\u00e9 comme syst\u00e8me de backup contre les pannes de courant et de production solaire.<br \/>\nExploitez simultan\u00e9ment l&rsquo;\u00e9nergie solaire, le stockage sur batterie et l&rsquo;\u00e9nergie du r\u00e9seau \u00e9lectrique pour alimenter votre maison ou votre commerce avec une puissance continue et ininterrompue allant jusqu\u2019\u00e0 6 000 W (25 A \u00e0 240 V). En cas de panne \u00e9lectrique, l\u2019onduleur Lux SNA-US 6000 (6K\/8KpV) peut \u00eatre utilis\u00e9 comme syst\u00e8me d&rsquo;alimentation de secours avec ou sans panneaux solaires.<\/span><span data-ccp-props=\"{}\">\u00a0<\/span><\/p>\n<p><span data-contrast=\"auto\">Cet onduleur ne peut pas revendre l\u2019\u00e9nergie \u00e0 Hydro-Qu\u00e9bec.<\/span><span data-ccp-props=\"{}\">\u00a0<\/span><\/p>\n<p><span data-contrast=\"auto\">Vous pouvez injecter votre production solaire dans votre sous-panneau \u00e9lectrique, et sauver sur votre facture, mais il ne vous sera pas possible de revendre l\u2019\u00e9nergie.<\/span><span data-ccp-props=\"{}\">\u00a0<\/span><\/p>\n<h4>SNA 6k \u00c0 PHASE DIVIS\u00c9E (split-phase)<\/h4>\n<p>Con\u00e7u dans un souci de compacit\u00e9, l&rsquo;onduleur SNA US 6K facilite l&rsquo;installation et s&rsquo;int\u00e8gre parfaitement \u00e0 votre infrastructure \u00e9nerg\u00e9tique. La s\u00e9curit\u00e9 est primordiale, et cet onduleur pr\u00e9sente des caract\u00e9ristiques de s\u00e9curit\u00e9 de premier ordre pour prot\u00e9ger \u00e0 la fois les utilisateurs et les syst\u00e8mes connect\u00e9s.<\/p>\n<p>R\u00e9v\u00e9lant une nouvelle dimension, l&rsquo;onduleur SNA US 6K n&rsquo;est pas seulement limit\u00e9 \u00e0 une utilisation connect\u00e9e au r\u00e9seau ; il offre \u00e9galement une production d&rsquo;\u00e9nergie autonome pour fournir de l&rsquo;\u00e9nergie en conjonction avec le r\u00e9seau. Cette double capacit\u00e9 s&rsquo;adresse aux r\u00e9gions o\u00f9 les conditions d&rsquo;alimentation \u00e9lectrique varient, permettant des transitions en douceur entre les modes connect\u00e9 au r\u00e9seau et hors r\u00e9seau. Il s&rsquo;agit donc d&rsquo;une solution id\u00e9ale pour les r\u00e9gions isol\u00e9es et les endroits o\u00f9 l&rsquo;alimentation \u00e9lectrique est instable, car elle permet une utilisation directe hors r\u00e9seau.<\/p>\n<div class=\"banner-layers container\">\n<div id=\"text-box-2114862558\" class=\"text-box banner-layer x0 md-x0 lg-x0 y80 md-y80 lg-y80 res-text\">\n<div class=\"text-box-content text dark\">\n<div class=\"text-inner text-left\">\n<div class=\"flex-shrink-0 flex flex-col relative items-end\">\n<div class=\"pt-0.5 juice:pt-0\">\n<h4 class=\"gizmo-bot-avatar flex h-6 w-6 items-center justify-center overflow-hidden rounded-full juice:h-8 juice:w-8\"><strong>Faites l&rsquo;exp\u00e9rience de l&rsquo;ind\u00e9pendance \u00e9nerg\u00e9tique r\u00e9sidentielle et commerciale gr\u00e2ce \u00e0 une solution innovante<\/strong><\/h4>\n<p>L&rsquo;onduleur SNA US 6K est compact, parfaitement int\u00e9gr\u00e9 et con\u00e7u pour la production d&rsquo;\u00e9lectricit\u00e9 autonome ou connect\u00e9e au r\u00e9seau. Il garantit la fiabilit\u00e9 dans toutes les conditions et permet de vivre hors r\u00e9seau sans effort.<\/p>\n<ul>\n<li>Sortie hors r\u00e9seau 120V\/240V \u00e0 phase divis\u00e9e<\/li>\n<li>Supporte jusqu&rsquo;\u00e0 16 pi\u00e8ces en parall\u00e8le<\/li>\n<li>Commutation continue hors r\u00e9seau<\/li>\n<li>Protection AFCI int\u00e9gr\u00e9e<\/li>\n<li>Port d\u00e9di\u00e9 au g\u00e9n\u00e9rateur, au couplage CA ou \u00e0 la gestion intelligente de la charge<\/li>\n<li>Les disjoncteurs (g\u00e9n\u00e9rateur, charge et batterie) et l&rsquo;interrupteur PV sont int\u00e9gr\u00e9s<\/li>\n<\/ul>\n<p class=\"lead\"><strong>Le SNA US 6K <\/strong>est con\u00e7ue pour les applications de stockage d&rsquo;\u00e9nergie hors r\u00e9seau, elle est dot\u00e9e d&rsquo;une interface d\u00e9di\u00e9e au g\u00e9n\u00e9rateur et d&rsquo;une interface EPS d&rsquo;une puissance de sortie de 6 kW.<\/p>\n<p class=\"lead\">En connectant les charges domestiques essentielles au port EPS, le syst\u00e8me passe en toute transparence en mode hors r\u00e9seau en cas d&rsquo;instabilit\u00e9 du r\u00e9seau, ce qui garantit une alimentation \u00e9lectrique ininterrompue pour les activit\u00e9s domestiques et commerciales.<\/p>\n<\/div>\n<div class=\"fill banner-link\"><\/div>\n<div id=\"text-box-595228489\" class=\"text-box banner-layer x0 md-x0 lg-x0 y50 md-y50 lg-y50 res-text\">\n<div class=\"text-box-content text dark\">\n<div class=\"text-inner text-center\">\n<h4><b>Simplifiez votre exp\u00e9rience de surveillance<\/b><\/h4>\n<p class=\"lead\">Gr\u00e2ce \u00e0 la plateforme de LuxpowerTek (disponible sur <a href=\"https:\/\/apps.apple.com\/za\/app\/luxpower\/id1415841608\">IOS<\/a> et <a href=\"https:\/\/play.google.com\/store\/apps\/details?id=com.nfcx.luxinvpower&amp;hl=en\">Android<\/a>), vous b\u00e9n\u00e9ficiez d&rsquo;une vision en temps r\u00e9el et de capacit\u00e9s de gestion \u00e0 distance, et un contr\u00f4le transparent de vos appareils. Prenez des d\u00e9cisions \u00e9clair\u00e9es et optimiser les performances sans effort.<\/p>\n<\/div>\n<h4><\/h4>\n<h4>Document li\u00e9s<\/h4>\n<\/div>\n<\/div>\n<p>Fiche technique : <a href=\"https:\/\/volthium.com\/wp-content\/uploads\/2024\/11\/fiche-technique-SNA-US-6K.pdf\">t\u00e9l\u00e9chargez le document PDF<\/a><\/p>\n<p>Manuel utilisateur : <a href=\"https:\/\/volthium.com\/wp-content\/uploads\/2024\/11\/user-manual-SNA-US-6K24.10.29.pdf\">t\u00e9l\u00e9chargez le document PDF<\/a><\/p>\n<p>Certification : <a href=\"https:\/\/volthium.com\/wp-content\/uploads\/2026\/01\/Intertek.pdf\">t\u00e9l\u00e9chargez le document PDF<\/a><\/p>\n<\/div>\n<\/div>\n<div class=\"text-inner text-left\">\n<div class=\"flex-shrink-0 flex flex-col relative items-end\">\n<p>&nbsp;<\/p>\n<\/div>\n<\/div>\n<\/div>\n<\/div>\n<\/div>\n","protected":false},"excerpt":{"rendered":"<p><span data-contrast=\"auto\">L&rsquo;onduleur SNA-US 6000 (Onduleur 6 kW \/ Solaire 8 kPV) de LuxPowerTek est un onduleur hors r\u00e9seau, commun\u00e9ment appel\u00e9 Off-grid inverter. Il respecte les normes du code \u00e9lectrique canadien pour \u00eatre install\u00e9 dans une r\u00e9sidence ou commerce afin d\u2019\u00eatre utilis\u00e9 comme syst\u00e8me de backup contre les pannes de courant et de production solaire.<br \/>\nExploitez simultan\u00e9ment l&rsquo;\u00e9nergie solaire, le stockage sur batterie et l&rsquo;\u00e9nergie du r\u00e9seau \u00e9lectrique pour alimenter votre maison ou votre commerce avec une puissance continue et ininterrompue allant jusqu\u2019\u00e0 6 000 W (25 A \u00e0 240 V). En cas de panne \u00e9lectrique, l\u2019onduleur Lux SNA-US 6000 (6K\/8KpV) peut \u00eatre utilis\u00e9 comme syst\u00e8me d&rsquo;alimentation de secours avec ou sans panneaux solaires.<\/span><span data-ccp-props=\"{}\">\u00a0<\/span><\/p>\n","protected":false},"featured_media":7680,"comment_status":"open","ping_status":"closed","template":"","meta":{"_acf_changed":false,"inline_featured_image":false,"site-sidebar-layout":"default","site-content-layout":"","ast-site-content-layout":"default","site-content-style":"default","site-sidebar-style":"default","ast-global-header-display":"","ast-banner-title-visibility":"","ast-main-header-display":"","ast-hfb-above-header-display":"","ast-hfb-below-header-display":"","ast-hfb-mobile-header-display":"","site-post-title":"","ast-breadcrumbs-content":"","ast-featured-img":"","footer-sml-layout":"","ast-disable-related-posts":"","theme-transparent-header-meta":"default","adv-header-id-meta":"","stick-header-meta":"","header-above-stick-meta":"","header-main-stick-meta":"","header-below-stick-meta":"","astra-migrate-meta-layouts":"set","ast-page-background-enabled":"default","ast-page-background-meta":{"desktop":{"background-color":"var(--ast-global-color-4)","background-image":"","background-repeat":"repeat","background-position":"center center","background-size":"auto","background-attachment":"scroll","background-type":"","background-media":"","overlay-type":"","overlay-color":"","overlay-opacity":"","overlay-gradient":""},"tablet":{"background-color":"","background-image":"","background-repeat":"repeat","background-position":"center center","background-size":"auto","background-attachment":"scroll","background-type":"","background-media":"","overlay-type":"","overlay-color":"","overlay-opacity":"","overlay-gradient":""},"mobile":{"background-color":"","background-image":"","background-repeat":"repeat","background-position":"center center","background-size":"auto","background-attachment":"scroll","background-type":"","background-media":"","overlay-type":"","overlay-color":"","overlay-opacity":"","overlay-gradient":""}},"ast-content-background-meta":{"desktop":{"background-color":"var(--ast-global-color-5)","background-image":"","background-repeat":"repeat","background-position":"center center","background-size":"auto","background-attachment":"scroll","background-type":"","background-media":"","overlay-type":"","overlay-color":"","overlay-opacity":"","overlay-gradient":""},"tablet":{"background-color":"var(--ast-global-color-5)","background-image":"","background-repeat":"repeat","background-position":"center center","background-size":"auto","background-attachment":"scroll","background-type":"","background-media":"","overlay-type":"","overlay-color":"","overlay-opacity":"","overlay-gradient":""},"mobile":{"background-color":"var(--ast-global-color-5)","background-image":"","background-repeat":"repeat","background-position":"center center","background-size":"auto","background-attachment":"scroll","background-type":"","background-media":"","overlay-type":"","overlay-color":"","overlay-opacity":"","overlay-gradient":""}}},"product_brand":[209],"product_cat":[27,28],"product_tag":[],"class_list":{"0":"post-5559","1":"product","2":"type-product","3":"status-publish","4":"has-post-thumbnail","6":"product_brand-luxpowertek","7":"product_cat-onduleur","8":"product_cat-onduleur-chargeur","9":"desktop-align-left","10":"tablet-align-left","11":"mobile-align-left","13":"first","14":"instock","15":"taxable","16":"shipping-taxable","17":"purchasable","18":"product-type-simple"},"acf":[],"yoast_head":"<!-- This site is optimized with the Yoast SEO plugin v27.3 - https:\/\/yoast.com\/product\/yoast-seo-wordpress\/ -->\n<title>Onduleur SNA-US 6K (8KPV-6kW) - LuxpowerTek - Volthium<\/title>\n<meta name=\"description\" content=\"L&#039;onduleur SNA-US 6000 (Onduleur 6 kW \/ Solaire 8 kPV) de LuxPowerTek est un onduleur hors r\u00e9seau, commun\u00e9ment appel\u00e9 Off-grid inverter.\" \/>\n<meta name=\"robots\" content=\"index, follow, max-snippet:-1, max-image-preview:large, max-video-preview:-1\" \/>\n<link rel=\"canonical\" href=\"https:\/\/volthium.com\/fr\/produit\/sna-us-6k-hors-reseau-luxpowertek\/\" \/>\n<meta property=\"og:locale\" content=\"fr_CA\" \/>\n<meta property=\"og:type\" content=\"article\" \/>\n<meta property=\"og:title\" content=\"Onduleur SNA-US 6K (8KPV-6kW) - LuxpowerTek - Volthium\" \/>\n<meta property=\"og:description\" content=\"L&#039;onduleur SNA-US 6000 (Onduleur 6 kW \/ Solaire 8 kPV) de LuxPowerTek est un onduleur hors r\u00e9seau, commun\u00e9ment appel\u00e9 Off-grid inverter.\" \/>\n<meta property=\"og:url\" content=\"https:\/\/volthium.com\/fr\/produit\/sna-us-6k-hors-reseau-luxpowertek\/\" \/>\n<meta property=\"og:site_name\" content=\"Volthium\" \/>\n<meta property=\"article:modified_time\" content=\"2026-01-21T15:56:29+00:00\" \/>\n<meta property=\"og:image\" content=\"https:\/\/volthium.com\/wp-content\/uploads\/2024\/11\/Luxpowertek-SNA-US-6K_Detoure-01_Rectangle.png\" \/>\n\t<meta property=\"og:image:width\" content=\"1959\" \/>\n\t<meta property=\"og:image:height\" content=\"858\" \/>\n\t<meta property=\"og:image:type\" content=\"image\/png\" \/>\n<meta name=\"twitter:card\" content=\"summary_large_image\" \/>\n<meta name=\"twitter:label1\" content=\"Estimation du temps de lecture\" \/>\n\t<meta name=\"twitter:data1\" content=\"4 minutes\" \/>\n<script type=\"application\/ld+json\" class=\"yoast-schema-graph\">{\"@context\":\"https:\\\/\\\/schema.org\",\"@graph\":[{\"@type\":\"WebPage\",\"@id\":\"https:\\\/\\\/volthium.com\\\/fr\\\/produit\\\/sna-us-6k-hors-reseau-luxpowertek\\\/\",\"url\":\"https:\\\/\\\/volthium.com\\\/fr\\\/produit\\\/sna-us-6k-hors-reseau-luxpowertek\\\/\",\"name\":\"Onduleur SNA-US 6K (8KPV-6kW) - LuxpowerTek - Volthium\",\"isPartOf\":{\"@id\":\"https:\\\/\\\/volthium.com\\\/fr\\\/#website\"},\"primaryImageOfPage\":{\"@id\":\"https:\\\/\\\/volthium.com\\\/fr\\\/produit\\\/sna-us-6k-hors-reseau-luxpowertek\\\/#primaryimage\"},\"image\":{\"@id\":\"https:\\\/\\\/volthium.com\\\/fr\\\/produit\\\/sna-us-6k-hors-reseau-luxpowertek\\\/#primaryimage\"},\"thumbnailUrl\":\"https:\\\/\\\/volthium.com\\\/wp-content\\\/uploads\\\/2024\\\/11\\\/Luxpowertek-SNA-US-6K_Detoure-01_Rectangle.png\",\"datePublished\":\"2024-11-12T14:43:06+00:00\",\"dateModified\":\"2026-01-21T15:56:29+00:00\",\"description\":\"L'onduleur SNA-US 6000 (Onduleur 6 kW \\\/ Solaire 8 kPV) de LuxPowerTek est un onduleur hors r\u00e9seau, commun\u00e9ment appel\u00e9 Off-grid inverter.\",\"breadcrumb\":{\"@id\":\"https:\\\/\\\/volthium.com\\\/fr\\\/produit\\\/sna-us-6k-hors-reseau-luxpowertek\\\/#breadcrumb\"},\"inLanguage\":\"fr-CA\",\"potentialAction\":[{\"@type\":\"ReadAction\",\"target\":[\"https:\\\/\\\/volthium.com\\\/fr\\\/produit\\\/sna-us-6k-hors-reseau-luxpowertek\\\/\"]}]},{\"@type\":\"ImageObject\",\"inLanguage\":\"fr-CA\",\"@id\":\"https:\\\/\\\/volthium.com\\\/fr\\\/produit\\\/sna-us-6k-hors-reseau-luxpowertek\\\/#primaryimage\",\"url\":\"https:\\\/\\\/volthium.com\\\/wp-content\\\/uploads\\\/2024\\\/11\\\/Luxpowertek-SNA-US-6K_Detoure-01_Rectangle.png\",\"contentUrl\":\"https:\\\/\\\/volthium.com\\\/wp-content\\\/uploads\\\/2024\\\/11\\\/Luxpowertek-SNA-US-6K_Detoure-01_Rectangle.png\",\"width\":1959,\"height\":858},{\"@type\":\"BreadcrumbList\",\"@id\":\"https:\\\/\\\/volthium.com\\\/fr\\\/produit\\\/sna-us-6k-hors-reseau-luxpowertek\\\/#breadcrumb\",\"itemListElement\":[{\"@type\":\"ListItem\",\"position\":1,\"name\":\"Accueil\",\"item\":\"https:\\\/\\\/volthium.com\\\/fr\\\/\"},{\"@type\":\"ListItem\",\"position\":2,\"name\":\"Boutique en ligne\",\"item\":\"https:\\\/\\\/volthium.com\\\/fr\\\/boutique\\\/\"},{\"@type\":\"ListItem\",\"position\":3,\"name\":\"Onduleur SNA-US 6K (8KPV-6kW) &#8211; LuxpowerTek\"}]},{\"@type\":\"WebSite\",\"@id\":\"https:\\\/\\\/volthium.com\\\/fr\\\/#website\",\"url\":\"https:\\\/\\\/volthium.com\\\/fr\\\/\",\"name\":\"Volthium\",\"description\":\"Logo Volthium\",\"publisher\":{\"@id\":\"https:\\\/\\\/volthium.com\\\/fr\\\/#organization\"},\"potentialAction\":[{\"@type\":\"SearchAction\",\"target\":{\"@type\":\"EntryPoint\",\"urlTemplate\":\"https:\\\/\\\/volthium.com\\\/fr\\\/?s={search_term_string}\"},\"query-input\":{\"@type\":\"PropertyValueSpecification\",\"valueRequired\":true,\"valueName\":\"search_term_string\"}}],\"inLanguage\":\"fr-CA\"},{\"@type\":\"Organization\",\"@id\":\"https:\\\/\\\/volthium.com\\\/fr\\\/#organization\",\"name\":\"Volthium\",\"url\":\"https:\\\/\\\/volthium.com\\\/fr\\\/\",\"logo\":{\"@type\":\"ImageObject\",\"inLanguage\":\"fr-CA\",\"@id\":\"https:\\\/\\\/volthium.com\\\/fr\\\/#\\\/schema\\\/logo\\\/image\\\/\",\"url\":\"https:\\\/\\\/volthium.com\\\/wp-content\\\/uploads\\\/2024\\\/01\\\/Logo-Volthium_Sans-energie.svg\",\"contentUrl\":\"https:\\\/\\\/volthium.com\\\/wp-content\\\/uploads\\\/2024\\\/01\\\/Logo-Volthium_Sans-energie.svg\",\"width\":793,\"height\":453,\"caption\":\"Volthium\"},\"image\":{\"@id\":\"https:\\\/\\\/volthium.com\\\/fr\\\/#\\\/schema\\\/logo\\\/image\\\/\"}}]}<\/script>\n<!-- \/ Yoast SEO plugin. -->","yoast_head_json":{"title":"Onduleur SNA-US 6K (8KPV-6kW) - LuxpowerTek - Volthium","description":"L'onduleur SNA-US 6000 (Onduleur 6 kW \/ Solaire 8 kPV) de LuxPowerTek est un onduleur hors r\u00e9seau, commun\u00e9ment appel\u00e9 Off-grid inverter.","robots":{"index":"index","follow":"follow","max-snippet":"max-snippet:-1","max-image-preview":"max-image-preview:large","max-video-preview":"max-video-preview:-1"},"canonical":"https:\/\/volthium.com\/fr\/produit\/sna-us-6k-hors-reseau-luxpowertek\/","og_locale":"fr_CA","og_type":"article","og_title":"Onduleur SNA-US 6K (8KPV-6kW) - LuxpowerTek - Volthium","og_description":"L'onduleur SNA-US 6000 (Onduleur 6 kW \/ Solaire 8 kPV) de LuxPowerTek est un onduleur hors r\u00e9seau, commun\u00e9ment appel\u00e9 Off-grid inverter.","og_url":"https:\/\/volthium.com\/fr\/produit\/sna-us-6k-hors-reseau-luxpowertek\/","og_site_name":"Volthium","article_modified_time":"2026-01-21T15:56:29+00:00","og_image":[{"width":1959,"height":858,"url":"https:\/\/volthium.com\/wp-content\/uploads\/2024\/11\/Luxpowertek-SNA-US-6K_Detoure-01_Rectangle.png","type":"image\/png"}],"twitter_card":"summary_large_image","twitter_misc":{"Estimation du temps de lecture":"4 minutes"},"schema":{"@context":"https:\/\/schema.org","@graph":[{"@type":"WebPage","@id":"https:\/\/volthium.com\/fr\/produit\/sna-us-6k-hors-reseau-luxpowertek\/","url":"https:\/\/volthium.com\/fr\/produit\/sna-us-6k-hors-reseau-luxpowertek\/","name":"Onduleur SNA-US 6K (8KPV-6kW) - LuxpowerTek - Volthium","isPartOf":{"@id":"https:\/\/volthium.com\/fr\/#website"},"primaryImageOfPage":{"@id":"https:\/\/volthium.com\/fr\/produit\/sna-us-6k-hors-reseau-luxpowertek\/#primaryimage"},"image":{"@id":"https:\/\/volthium.com\/fr\/produit\/sna-us-6k-hors-reseau-luxpowertek\/#primaryimage"},"thumbnailUrl":"https:\/\/volthium.com\/wp-content\/uploads\/2024\/11\/Luxpowertek-SNA-US-6K_Detoure-01_Rectangle.png","datePublished":"2024-11-12T14:43:06+00:00","dateModified":"2026-01-21T15:56:29+00:00","description":"L'onduleur SNA-US 6000 (Onduleur 6 kW \/ Solaire 8 kPV) de LuxPowerTek est un onduleur hors r\u00e9seau, commun\u00e9ment appel\u00e9 Off-grid inverter.","breadcrumb":{"@id":"https:\/\/volthium.com\/fr\/produit\/sna-us-6k-hors-reseau-luxpowertek\/#breadcrumb"},"inLanguage":"fr-CA","potentialAction":[{"@type":"ReadAction","target":["https:\/\/volthium.com\/fr\/produit\/sna-us-6k-hors-reseau-luxpowertek\/"]}]},{"@type":"ImageObject","inLanguage":"fr-CA","@id":"https:\/\/volthium.com\/fr\/produit\/sna-us-6k-hors-reseau-luxpowertek\/#primaryimage","url":"https:\/\/volthium.com\/wp-content\/uploads\/2024\/11\/Luxpowertek-SNA-US-6K_Detoure-01_Rectangle.png","contentUrl":"https:\/\/volthium.com\/wp-content\/uploads\/2024\/11\/Luxpowertek-SNA-US-6K_Detoure-01_Rectangle.png","width":1959,"height":858},{"@type":"BreadcrumbList","@id":"https:\/\/volthium.com\/fr\/produit\/sna-us-6k-hors-reseau-luxpowertek\/#breadcrumb","itemListElement":[{"@type":"ListItem","position":1,"name":"Accueil","item":"https:\/\/volthium.com\/fr\/"},{"@type":"ListItem","position":2,"name":"Boutique en ligne","item":"https:\/\/volthium.com\/fr\/boutique\/"},{"@type":"ListItem","position":3,"name":"Onduleur SNA-US 6K (8KPV-6kW) &#8211; LuxpowerTek"}]},{"@type":"WebSite","@id":"https:\/\/volthium.com\/fr\/#website","url":"https:\/\/volthium.com\/fr\/","name":"Volthium","description":"Logo Volthium","publisher":{"@id":"https:\/\/volthium.com\/fr\/#organization"},"potentialAction":[{"@type":"SearchAction","target":{"@type":"EntryPoint","urlTemplate":"https:\/\/volthium.com\/fr\/?s={search_term_string}"},"query-input":{"@type":"PropertyValueSpecification","valueRequired":true,"valueName":"search_term_string"}}],"inLanguage":"fr-CA"},{"@type":"Organization","@id":"https:\/\/volthium.com\/fr\/#organization","name":"Volthium","url":"https:\/\/volthium.com\/fr\/","logo":{"@type":"ImageObject","inLanguage":"fr-CA","@id":"https:\/\/volthium.com\/fr\/#\/schema\/logo\/image\/","url":"https:\/\/volthium.com\/wp-content\/uploads\/2024\/01\/Logo-Volthium_Sans-energie.svg","contentUrl":"https:\/\/volthium.com\/wp-content\/uploads\/2024\/01\/Logo-Volthium_Sans-energie.svg","width":793,"height":453,"caption":"Volthium"},"image":{"@id":"https:\/\/volthium.com\/fr\/#\/schema\/logo\/image\/"}}]}},"_links":{"self":[{"href":"https:\/\/volthium.com\/fr\/wp-json\/wp\/v2\/product\/5559","targetHints":{"allow":["GET"]}}],"collection":[{"href":"https:\/\/volthium.com\/fr\/wp-json\/wp\/v2\/product"}],"about":[{"href":"https:\/\/volthium.com\/fr\/wp-json\/wp\/v2\/types\/product"}],"replies":[{"embeddable":true,"href":"https:\/\/volthium.com\/fr\/wp-json\/wp\/v2\/comments?post=5559"}],"wp:featuredmedia":[{"embeddable":true,"href":"https:\/\/volthium.com\/fr\/wp-json\/wp\/v2\/media\/7680"}],"wp:attachment":[{"href":"https:\/\/volthium.com\/fr\/wp-json\/wp\/v2\/media?parent=5559"}],"wp:term":[{"taxonomy":"product_brand","embeddable":true,"href":"https:\/\/volthium.com\/fr\/wp-json\/wp\/v2\/product_brand?post=5559"},{"taxonomy":"product_cat","embeddable":true,"href":"https:\/\/volthium.com\/fr\/wp-json\/wp\/v2\/product_cat?post=5559"},{"taxonomy":"product_tag","embeddable":true,"href":"https:\/\/volthium.com\/fr\/wp-json\/wp\/v2\/product_tag?post=5559"}],"curies":[{"name":"wp","href":"https:\/\/api.w.org\/{rel}","templated":true}]}}