{"id":5264,"date":"2024-09-30T09:46:33","date_gmt":"2024-09-30T13:46:33","guid":{"rendered":"https:\/\/volthium.com\/?post_type=product&#038;p=5264"},"modified":"2025-07-11T11:24:04","modified_gmt":"2025-07-11T15:24:04","slug":"smartsolar-mppt-victron","status":"publish","type":"product","link":"https:\/\/volthium.com\/fr\/produit\/smartsolar-mppt-victron\/","title":{"rendered":"SmartSolar MPPT &#8211; Victron"},"content":{"rendered":"<div class=\"hidden-xs\">\n<div class=\"productDetail__content-subheader\">\n<h5 class=\"productDetail__content-subheader-icon\">Contr\u00f4leurs de charge solaire<\/h5>\n<\/div>\n<\/div>\n<div class=\"productDetail__content-desc\">\n<p>Un chargeur solaire r\u00e9cup\u00e8re l&rsquo;\u00e9nergie provenant de vos panneaux solaires, et il la stocke dans vos batteries. Utilisant la technologie la plus r\u00e9cente et la plus rapide, le SmartSolar maximise cette \u00ab r\u00e9colte \u00bb d&rsquo;\u00e9nergie, en la g\u00e9rant intelligemment de mani\u00e8re \u00e0 obtenir une pleine charge le plus rapidement possible. Le SmartSolar maintient votre batterie en \u00e9tat et prolonge sa dur\u00e9e de vie.<\/p>\n<p>Le contr\u00f4leur de charge SmartSolar rechargera m\u00eame une batterie profond\u00e9ment d\u00e9charg\u00e9e. Il peut fonctionner avec une tension de batterie aussi basse que 0 V, \u00e0 condition que les cellules ne soient ni sulfat\u00e9es de mani\u00e8re permanente ni endommag\u00e9es.<\/p>\n<h5 class=\"productDetails__block-title\"><span class=\"productDetails__block-title-content\">MPPT : localisation ultra rapide du point de puissance maximale<\/span><\/h5>\n<div class=\"productDetails__block-description\">\n<p>En surveillant constamment la tension et la sortie de courant de vos panneaux solaires (PV), la technologie MPPT garantit que chaque particule d&rsquo;\u00e9nergie disponible provenant de vos panneaux est r\u00e9cup\u00e9r\u00e9e pour \u00eatre stock\u00e9e. L&rsquo;avantage de cette technologie s&rsquo;appr\u00e9cie particuli\u00e8rement lorsque le ciel est en partie nuageux, et que l&rsquo;intensit\u00e9 de la lumi\u00e8re change constamment.<\/p>\n<h5 class=\"productDetails__block-title\"><span class=\"productDetails__block-title-content\">Surveillance et contr\u00f4le \u00e0 distance<\/span><\/h5>\n<div class=\"productDetails__block-description\">\n<p><span lang=\"FR\">Contr\u00f4ler et superviser \u00e0 distance les multiples fonctionnalit\u00e9s de votre chargeur SmartSolar\u00a0MPPT \u00e0 l\u2019aide de la fonction Bluetooth int\u00e9gr\u00e9e en l&rsquo;associant \u00e0 votre smartphone ou \u00e0 tout autre appareil \u00e0 travers VictronConnect.\u00a0Si votre installation est connect\u00e9e \u00e0 Internet avec un\u00a0<a href=\"https:\/\/www.victronenergy.fr\/panel-systems-remote-monitoring\" target=\"_blank\" rel=\"noopener\">appareil\u00a0GX<\/a>, le Portail de gestion \u00e0 distance de Victron (<a href=\"https:\/\/vrm.victronenergy.com\/landingpage\" target=\"_blank\" rel=\"noopener\">VRM<\/a>) vous permet d&rsquo;acc\u00e9der \u00e0 toute la puissance de votre MPPT, n&rsquo;importe quand, n&rsquo;importe o\u00f9 : les deux services \u2014 VictronConnect et le portail VRM \u2014 sont gratuits. Pour des installations \u00e0 distance, m\u00eame lorsqu\u2019aucune connexion Internet n&rsquo;est pas disponible \u00e0 proximit\u00e9, vous pouvez superviser votre MPPT \u00e0 l\u2019aide de produit comme le GlobalLink de Victron.<\/span><\/p>\n<\/div>\n<\/div>\n<\/div>\n","protected":false},"excerpt":{"rendered":"<p>Le SmartSolar MPPT de victron est un chargeur solaire. Il r\u00e9cup\u00e8re l&rsquo;\u00e9nergie provenant de vos panneaux solaires, et il la stocke dans vos batteries.<\/p>\n","protected":false},"featured_media":5269,"comment_status":"open","ping_status":"closed","template":"","meta":{"_acf_changed":false,"inline_featured_image":false,"site-sidebar-layout":"default","site-content-layout":"","ast-site-content-layout":"default","site-content-style":"default","site-sidebar-style":"default","ast-global-header-display":"","ast-banner-title-visibility":"","ast-main-header-display":"","ast-hfb-above-header-display":"","ast-hfb-below-header-display":"","ast-hfb-mobile-header-display":"","site-post-title":"","ast-breadcrumbs-content":"","ast-featured-img":"","footer-sml-layout":"","ast-disable-related-posts":"","theme-transparent-header-meta":"default","adv-header-id-meta":"","stick-header-meta":"","header-above-stick-meta":"","header-main-stick-meta":"","header-below-stick-meta":"","astra-migrate-meta-layouts":"set","ast-page-background-enabled":"default","ast-page-background-meta":{"desktop":{"background-color":"var(--ast-global-color-4)","background-image":"","background-repeat":"repeat","background-position":"center center","background-size":"auto","background-attachment":"scroll","background-type":"","background-media":"","overlay-type":"","overlay-color":"","overlay-opacity":"","overlay-gradient":""},"tablet":{"background-color":"","background-image":"","background-repeat":"repeat","background-position":"center center","background-size":"auto","background-attachment":"scroll","background-type":"","background-media":"","overlay-type":"","overlay-color":"","overlay-opacity":"","overlay-gradient":""},"mobile":{"background-color":"","background-image":"","background-repeat":"repeat","background-position":"center center","background-size":"auto","background-attachment":"scroll","background-type":"","background-media":"","overlay-type":"","overlay-color":"","overlay-opacity":"","overlay-gradient":""}},"ast-content-background-meta":{"desktop":{"background-color":"var(--ast-global-color-5)","background-image":"","background-repeat":"repeat","background-position":"center center","background-size":"auto","background-attachment":"scroll","background-type":"","background-media":"","overlay-type":"","overlay-color":"","overlay-opacity":"","overlay-gradient":""},"tablet":{"background-color":"var(--ast-global-color-5)","background-image":"","background-repeat":"repeat","background-position":"center center","background-size":"auto","background-attachment":"scroll","background-type":"","background-media":"","overlay-type":"","overlay-color":"","overlay-opacity":"","overlay-gradient":""},"mobile":{"background-color":"var(--ast-global-color-5)","background-image":"","background-repeat":"repeat","background-position":"center center","background-size":"auto","background-attachment":"scroll","background-type":"","background-media":"","overlay-type":"","overlay-color":"","overlay-opacity":"","overlay-gradient":""}}},"product_brand":[207],"product_cat":[24,26],"product_tag":[],"class_list":{"0":"post-5264","1":"product","2":"type-product","3":"status-publish","4":"has-post-thumbnail","6":"product_brand-victron","7":"product_cat-chargeur","8":"product_cat-mppt-et-dc","9":"desktop-align-left","10":"tablet-align-left","11":"mobile-align-left","13":"first","14":"instock","15":"taxable","16":"shipping-taxable","17":"purchasable","18":"product-type-variable"},"acf":[],"yoast_head":"<!-- This site is optimized with the Yoast SEO plugin v27.2 - https:\/\/yoast.com\/product\/yoast-seo-wordpress\/ -->\n<title>SmartSolar MPPT - Victron - Volthium<\/title>\n<meta name=\"description\" content=\"Le SmartSolar MPPT de victron est un chargeur solaire. Il r\u00e9cup\u00e8re l&#039;\u00e9nergie provenant de vos panneaux solaires, et il la stocke dans vos batteries.\" \/>\n<meta name=\"robots\" content=\"index, follow, max-snippet:-1, max-image-preview:large, max-video-preview:-1\" \/>\n<link rel=\"canonical\" href=\"https:\/\/volthium.com\/fr\/produit\/smartsolar-mppt-victron\/\" \/>\n<meta property=\"og:locale\" content=\"fr_CA\" \/>\n<meta property=\"og:type\" content=\"article\" \/>\n<meta property=\"og:title\" content=\"SmartSolar MPPT - Victron - Volthium\" \/>\n<meta property=\"og:description\" content=\"Le SmartSolar MPPT de victron est un chargeur solaire. Il r\u00e9cup\u00e8re l&#039;\u00e9nergie provenant de vos panneaux solaires, et il la stocke dans vos batteries.\" \/>\n<meta property=\"og:url\" content=\"https:\/\/volthium.com\/fr\/produit\/smartsolar-mppt-victron\/\" \/>\n<meta property=\"og:site_name\" content=\"Volthium\" \/>\n<meta property=\"article:modified_time\" content=\"2025-07-11T15:24:04+00:00\" \/>\n<meta property=\"og:image\" content=\"https:\/\/volthium.com\/wp-content\/uploads\/2024\/09\/SmartSolar-MPPT-100-30_Detoure-01_Rectangle.png\" \/>\n\t<meta property=\"og:image:width\" content=\"1959\" \/>\n\t<meta property=\"og:image:height\" content=\"858\" \/>\n\t<meta property=\"og:image:type\" content=\"image\/png\" \/>\n<meta name=\"twitter:card\" content=\"summary_large_image\" \/>\n<meta name=\"twitter:label1\" content=\"Estimation du temps de lecture\" \/>\n\t<meta name=\"twitter:data1\" content=\"2 minutes\" \/>\n<script type=\"application\/ld+json\" class=\"yoast-schema-graph\">{\"@context\":\"https:\/\/schema.org\",\"@graph\":[{\"@type\":\"WebPage\",\"@id\":\"https:\/\/volthium.com\/fr\/produit\/smartsolar-mppt-victron\/\",\"url\":\"https:\/\/volthium.com\/fr\/produit\/smartsolar-mppt-victron\/\",\"name\":\"SmartSolar MPPT - Victron - Volthium\",\"isPartOf\":{\"@id\":\"https:\/\/volthium.com\/fr\/#website\"},\"primaryImageOfPage\":{\"@id\":\"https:\/\/volthium.com\/fr\/produit\/smartsolar-mppt-victron\/#primaryimage\"},\"image\":{\"@id\":\"https:\/\/volthium.com\/fr\/produit\/smartsolar-mppt-victron\/#primaryimage\"},\"thumbnailUrl\":\"https:\/\/volthium.com\/wp-content\/uploads\/2024\/09\/SmartSolar-MPPT-100-30_Detoure-01_Rectangle.png\",\"datePublished\":\"2024-09-30T13:46:33+00:00\",\"dateModified\":\"2025-07-11T15:24:04+00:00\",\"description\":\"Le SmartSolar MPPT de victron est un chargeur solaire. Il r\u00e9cup\u00e8re l'\u00e9nergie provenant de vos panneaux solaires, et il la stocke dans vos batteries.\",\"breadcrumb\":{\"@id\":\"https:\/\/volthium.com\/fr\/produit\/smartsolar-mppt-victron\/#breadcrumb\"},\"inLanguage\":\"fr-CA\",\"potentialAction\":[{\"@type\":\"ReadAction\",\"target\":[\"https:\/\/volthium.com\/fr\/produit\/smartsolar-mppt-victron\/\"]}]},{\"@type\":\"ImageObject\",\"inLanguage\":\"fr-CA\",\"@id\":\"https:\/\/volthium.com\/fr\/produit\/smartsolar-mppt-victron\/#primaryimage\",\"url\":\"https:\/\/volthium.com\/wp-content\/uploads\/2024\/09\/SmartSolar-MPPT-100-30_Detoure-01_Rectangle.png\",\"contentUrl\":\"https:\/\/volthium.com\/wp-content\/uploads\/2024\/09\/SmartSolar-MPPT-100-30_Detoure-01_Rectangle.png\",\"width\":1959,\"height\":858},{\"@type\":\"BreadcrumbList\",\"@id\":\"https:\/\/volthium.com\/fr\/produit\/smartsolar-mppt-victron\/#breadcrumb\",\"itemListElement\":[{\"@type\":\"ListItem\",\"position\":1,\"name\":\"Accueil\",\"item\":\"https:\/\/volthium.com\/fr\/\"},{\"@type\":\"ListItem\",\"position\":2,\"name\":\"Boutique en ligne\",\"item\":\"https:\/\/volthium.com\/fr\/boutique\/\"},{\"@type\":\"ListItem\",\"position\":3,\"name\":\"SmartSolar MPPT &#8211; Victron\"}]},{\"@type\":\"WebSite\",\"@id\":\"https:\/\/volthium.com\/fr\/#website\",\"url\":\"https:\/\/volthium.com\/fr\/\",\"name\":\"Volthium\",\"description\":\"Logo Volthium\",\"publisher\":{\"@id\":\"https:\/\/volthium.com\/fr\/#organization\"},\"potentialAction\":[{\"@type\":\"SearchAction\",\"target\":{\"@type\":\"EntryPoint\",\"urlTemplate\":\"https:\/\/volthium.com\/fr\/?s={search_term_string}\"},\"query-input\":{\"@type\":\"PropertyValueSpecification\",\"valueRequired\":true,\"valueName\":\"search_term_string\"}}],\"inLanguage\":\"fr-CA\"},{\"@type\":\"Organization\",\"@id\":\"https:\/\/volthium.com\/fr\/#organization\",\"name\":\"Volthium\",\"url\":\"https:\/\/volthium.com\/fr\/\",\"logo\":{\"@type\":\"ImageObject\",\"inLanguage\":\"fr-CA\",\"@id\":\"https:\/\/volthium.com\/fr\/#\/schema\/logo\/image\/\",\"url\":\"https:\/\/volthium.com\/wp-content\/uploads\/2024\/01\/Logo-Volthium_Sans-energie.svg\",\"contentUrl\":\"https:\/\/volthium.com\/wp-content\/uploads\/2024\/01\/Logo-Volthium_Sans-energie.svg\",\"width\":793,\"height\":453,\"caption\":\"Volthium\"},\"image\":{\"@id\":\"https:\/\/volthium.com\/fr\/#\/schema\/logo\/image\/\"}}]}<\/script>\n<!-- \/ Yoast SEO plugin. -->","yoast_head_json":{"title":"SmartSolar MPPT - Victron - Volthium","description":"Le SmartSolar MPPT de victron est un chargeur solaire. Il r\u00e9cup\u00e8re l'\u00e9nergie provenant de vos panneaux solaires, et il la stocke dans vos batteries.","robots":{"index":"index","follow":"follow","max-snippet":"max-snippet:-1","max-image-preview":"max-image-preview:large","max-video-preview":"max-video-preview:-1"},"canonical":"https:\/\/volthium.com\/fr\/produit\/smartsolar-mppt-victron\/","og_locale":"fr_CA","og_type":"article","og_title":"SmartSolar MPPT - Victron - Volthium","og_description":"Le SmartSolar MPPT de victron est un chargeur solaire. Il r\u00e9cup\u00e8re l'\u00e9nergie provenant de vos panneaux solaires, et il la stocke dans vos batteries.","og_url":"https:\/\/volthium.com\/fr\/produit\/smartsolar-mppt-victron\/","og_site_name":"Volthium","article_modified_time":"2025-07-11T15:24:04+00:00","og_image":[{"width":1959,"height":858,"url":"https:\/\/volthium.com\/wp-content\/uploads\/2024\/09\/SmartSolar-MPPT-100-30_Detoure-01_Rectangle.png","type":"image\/png"}],"twitter_card":"summary_large_image","twitter_misc":{"Estimation du temps de lecture":"2 minutes"},"schema":{"@context":"https:\/\/schema.org","@graph":[{"@type":"WebPage","@id":"https:\/\/volthium.com\/fr\/produit\/smartsolar-mppt-victron\/","url":"https:\/\/volthium.com\/fr\/produit\/smartsolar-mppt-victron\/","name":"SmartSolar MPPT - Victron - Volthium","isPartOf":{"@id":"https:\/\/volthium.com\/fr\/#website"},"primaryImageOfPage":{"@id":"https:\/\/volthium.com\/fr\/produit\/smartsolar-mppt-victron\/#primaryimage"},"image":{"@id":"https:\/\/volthium.com\/fr\/produit\/smartsolar-mppt-victron\/#primaryimage"},"thumbnailUrl":"https:\/\/volthium.com\/wp-content\/uploads\/2024\/09\/SmartSolar-MPPT-100-30_Detoure-01_Rectangle.png","datePublished":"2024-09-30T13:46:33+00:00","dateModified":"2025-07-11T15:24:04+00:00","description":"Le SmartSolar MPPT de victron est un chargeur solaire. Il r\u00e9cup\u00e8re l'\u00e9nergie provenant de vos panneaux solaires, et il la stocke dans vos batteries.","breadcrumb":{"@id":"https:\/\/volthium.com\/fr\/produit\/smartsolar-mppt-victron\/#breadcrumb"},"inLanguage":"fr-CA","potentialAction":[{"@type":"ReadAction","target":["https:\/\/volthium.com\/fr\/produit\/smartsolar-mppt-victron\/"]}]},{"@type":"ImageObject","inLanguage":"fr-CA","@id":"https:\/\/volthium.com\/fr\/produit\/smartsolar-mppt-victron\/#primaryimage","url":"https:\/\/volthium.com\/wp-content\/uploads\/2024\/09\/SmartSolar-MPPT-100-30_Detoure-01_Rectangle.png","contentUrl":"https:\/\/volthium.com\/wp-content\/uploads\/2024\/09\/SmartSolar-MPPT-100-30_Detoure-01_Rectangle.png","width":1959,"height":858},{"@type":"BreadcrumbList","@id":"https:\/\/volthium.com\/fr\/produit\/smartsolar-mppt-victron\/#breadcrumb","itemListElement":[{"@type":"ListItem","position":1,"name":"Accueil","item":"https:\/\/volthium.com\/fr\/"},{"@type":"ListItem","position":2,"name":"Boutique en ligne","item":"https:\/\/volthium.com\/fr\/boutique\/"},{"@type":"ListItem","position":3,"name":"SmartSolar MPPT &#8211; Victron"}]},{"@type":"WebSite","@id":"https:\/\/volthium.com\/fr\/#website","url":"https:\/\/volthium.com\/fr\/","name":"Volthium","description":"Logo Volthium","publisher":{"@id":"https:\/\/volthium.com\/fr\/#organization"},"potentialAction":[{"@type":"SearchAction","target":{"@type":"EntryPoint","urlTemplate":"https:\/\/volthium.com\/fr\/?s={search_term_string}"},"query-input":{"@type":"PropertyValueSpecification","valueRequired":true,"valueName":"search_term_string"}}],"inLanguage":"fr-CA"},{"@type":"Organization","@id":"https:\/\/volthium.com\/fr\/#organization","name":"Volthium","url":"https:\/\/volthium.com\/fr\/","logo":{"@type":"ImageObject","inLanguage":"fr-CA","@id":"https:\/\/volthium.com\/fr\/#\/schema\/logo\/image\/","url":"https:\/\/volthium.com\/wp-content\/uploads\/2024\/01\/Logo-Volthium_Sans-energie.svg","contentUrl":"https:\/\/volthium.com\/wp-content\/uploads\/2024\/01\/Logo-Volthium_Sans-energie.svg","width":793,"height":453,"caption":"Volthium"},"image":{"@id":"https:\/\/volthium.com\/fr\/#\/schema\/logo\/image\/"}}]}},"_links":{"self":[{"href":"https:\/\/volthium.com\/fr\/wp-json\/wp\/v2\/product\/5264","targetHints":{"allow":["GET"]}}],"collection":[{"href":"https:\/\/volthium.com\/fr\/wp-json\/wp\/v2\/product"}],"about":[{"href":"https:\/\/volthium.com\/fr\/wp-json\/wp\/v2\/types\/product"}],"replies":[{"embeddable":true,"href":"https:\/\/volthium.com\/fr\/wp-json\/wp\/v2\/comments?post=5264"}],"wp:featuredmedia":[{"embeddable":true,"href":"https:\/\/volthium.com\/fr\/wp-json\/wp\/v2\/media\/5269"}],"wp:attachment":[{"href":"https:\/\/volthium.com\/fr\/wp-json\/wp\/v2\/media?parent=5264"}],"wp:term":[{"taxonomy":"product_brand","embeddable":true,"href":"https:\/\/volthium.com\/fr\/wp-json\/wp\/v2\/product_brand?post=5264"},{"taxonomy":"product_cat","embeddable":true,"href":"https:\/\/volthium.com\/fr\/wp-json\/wp\/v2\/product_cat?post=5264"},{"taxonomy":"product_tag","embeddable":true,"href":"https:\/\/volthium.com\/fr\/wp-json\/wp\/v2\/product_tag?post=5264"}],"curies":[{"name":"wp","href":"https:\/\/api.w.org\/{rel}","templated":true}]}}