{"id":5184,"date":"2024-09-25T11:23:02","date_gmt":"2024-09-25T15:23:02","guid":{"rendered":"https:\/\/volthium.com\/?post_type=product&#038;p=5184"},"modified":"2026-04-01T14:25:01","modified_gmt":"2026-04-01T18:25:01","slug":"gx-touch-50-70-victron","status":"publish","type":"product","link":"https:\/\/volthium.com\/fr\/produit\/gx-touch-50-70-victron\/","title":{"rendered":"GX Touch 50 &#038; 70 &#8211; Victron"},"content":{"rendered":"<p>Panneaux et et supervision de syst\u00e8mes<\/p>\n<p>Le GX Touch 70 tout comme le GX Touch 50, sont des \u00e9crans pour votre <a href=\"https:\/\/volthium.com\/produit\/cerbo-gx-victron\/\">Cerbo GX<\/a>. Ces \u00e9crans tactiles de 5 et 7 pouces vous permettent d&rsquo;avoir une vue d&rsquo;ensemble instantan\u00e9e de votre syst\u00e8me et de r\u00e9gler les param\u00e8tres en un clin d&rsquo;\u0153il. Branch\u00e9s au Cerbo GX simplement avec un c\u00e2ble, leur conception extra-fine et \u00e9tanche, permettant de l\u2019installer sur l\u2019appareil, et sa facilit\u00e9 d&rsquo;installation leur donnent une grande souplesse si vous souhaitez cr\u00e9er un tableau de bord propre et net.<\/p>\n<p><a href=\"https:\/\/www.youtube.com\/watch?v=3wheKaU2_qw&amp;feature=youtu.be\">Regardez la nouvelle vid\u00e9o<\/a> qui explique tout ce que vous devez savoir sur l\u2019installation du nouveau Cerbo GX &amp; GX Touch 50.<\/p>\n<h5 class=\"productDetails__block-title\"><span class=\"productDetails__block-title-content\">Facilit\u00e9 de montage<\/span><\/h5>\n<div class=\"productDetails__block-description\">\n<p>Le GX Touch a \u00e9t\u00e9 optimis\u00e9 pour aller au-del\u00e0 des normes des installateurs professionnels. L&rsquo;\u00e9cran tactile est simplement viss\u00e9 sur la partie sup\u00e9rieure d&rsquo;un tableau de bord. Ainsi, pas besoin de r\u00e9aliser des coupes parfaitement exactes. Il peut \u00e9galement \u00eatre encastr\u00e9 ou m\u00eame en relief avec la surface de pose et branch\u00e9 avec un seul c\u00e2ble, ce qui vous \u00e9vite de vous emb\u00eater \u00e0 tirer de nombreux fils jusqu&rsquo;au tableau de bord.<\/p>\n<h5 class=\"productDetails__block-title\"><span class=\"productDetails__block-title-content\">De vrais compagnons<\/span><\/h5>\n<div class=\"productDetails__block-description\">\n<p>Les GX Touch sont les compagnons parfaits du\u00a0<a href=\"https:\/\/www.victronenergy.fr\/panel-systems-remote-monitoring\/cerbo-gx\" target=\"_blank\" rel=\"noopener\">Cerbo GX<\/a>.\u00a0<span lang=\"FR\">Ce centre de communication vous permet de contr\u00f4ler parfaitement votre syst\u00e8me o\u00f9 que vous soyez et maximise le rendement de ce dernier.<\/span> Il suffit de vous connecter \u00e0 travers le portail de gestion \u00e0 distance Victron Remote Management (<a href=\"http:\/\/vrm.victronenergy.com\/\" target=\"_blank\" rel=\"noopener\">VRM<\/a>), ou directement en utilisant le GX Touch, un MFD ou l&rsquo;<a href=\"https:\/\/www.victronenergy.fr\/panel-systems-remote-monitoring\/victronconnect\" target=\"_blank\" rel=\"noopener\">application VictronConnect<\/a> gr\u00e2ce \u00e0 son point d&rsquo;acc\u00e8s WiFi. Cette option derni\u00e8rement int\u00e9gr\u00e9e \u00e0 la gamme GX associe tout le meilleur de la connectivit\u00e9, red\u00e9finissant ainsi des solutions d&rsquo;\u00e9nergie intelligentes, n&rsquo;importe o\u00f9.<\/p>\n<\/div>\n<\/div>\n","protected":false},"excerpt":{"rendered":"<p>Le GX Touch 70 tout comme le GX Touch 50, sont des \u00e9crans pour votre <a href=\"https:\/\/volthium.com\/produit\/cerbo-gx-victron\/\">Cerbo GX<\/a>. Ces \u00e9crans tactiles de 5 et 7 pouces vous permettent d&rsquo;avoir une vue d&rsquo;ensemble instantan\u00e9e de votre syst\u00e8me et de r\u00e9gler les param\u00e8tres en un clin d&rsquo;\u0153il.<\/p>\n","protected":false},"featured_media":5189,"comment_status":"open","ping_status":"closed","template":"","meta":{"_acf_changed":false,"inline_featured_image":false,"site-sidebar-layout":"default","site-content-layout":"","ast-site-content-layout":"default","site-content-style":"default","site-sidebar-style":"default","ast-global-header-display":"","ast-banner-title-visibility":"","ast-main-header-display":"","ast-hfb-above-header-display":"","ast-hfb-below-header-display":"","ast-hfb-mobile-header-display":"","site-post-title":"","ast-breadcrumbs-content":"","ast-featured-img":"","footer-sml-layout":"","ast-disable-related-posts":"","theme-transparent-header-meta":"default","adv-header-id-meta":"","stick-header-meta":"","header-above-stick-meta":"","header-main-stick-meta":"","header-below-stick-meta":"","astra-migrate-meta-layouts":"set","ast-page-background-enabled":"default","ast-page-background-meta":{"desktop":{"background-color":"var(--ast-global-color-4)","background-image":"","background-repeat":"repeat","background-position":"center center","background-size":"auto","background-attachment":"scroll","background-type":"","background-media":"","overlay-type":"","overlay-color":"","overlay-opacity":"","overlay-gradient":""},"tablet":{"background-color":"","background-image":"","background-repeat":"repeat","background-position":"center center","background-size":"auto","background-attachment":"scroll","background-type":"","background-media":"","overlay-type":"","overlay-color":"","overlay-opacity":"","overlay-gradient":""},"mobile":{"background-color":"","background-image":"","background-repeat":"repeat","background-position":"center center","background-size":"auto","background-attachment":"scroll","background-type":"","background-media":"","overlay-type":"","overlay-color":"","overlay-opacity":"","overlay-gradient":""}},"ast-content-background-meta":{"desktop":{"background-color":"var(--ast-global-color-5)","background-image":"","background-repeat":"repeat","background-position":"center center","background-size":"auto","background-attachment":"scroll","background-type":"","background-media":"","overlay-type":"","overlay-color":"","overlay-opacity":"","overlay-gradient":""},"tablet":{"background-color":"var(--ast-global-color-5)","background-image":"","background-repeat":"repeat","background-position":"center center","background-size":"auto","background-attachment":"scroll","background-type":"","background-media":"","overlay-type":"","overlay-color":"","overlay-opacity":"","overlay-gradient":""},"mobile":{"background-color":"var(--ast-global-color-5)","background-image":"","background-repeat":"repeat","background-position":"center center","background-size":"auto","background-attachment":"scroll","background-type":"","background-media":"","overlay-type":"","overlay-color":"","overlay-opacity":"","overlay-gradient":""}}},"product_brand":[207],"product_cat":[30,31],"product_tag":[],"class_list":{"0":"post-5184","1":"product","2":"type-product","3":"status-publish","4":"has-post-thumbnail","6":"product_brand-victron","7":"product_cat-accessoires","8":"product_cat-accessoires-connectes","9":"desktop-align-left","10":"tablet-align-left","11":"mobile-align-left","13":"first","14":"instock","15":"taxable","16":"shipping-taxable","17":"purchasable","18":"product-type-variable"},"acf":[],"yoast_head":"<!-- This site is optimized with the Yoast SEO plugin v27.4 - https:\/\/yoast.com\/product\/yoast-seo-wordpress\/ -->\n<title>GX Touch 50 &amp; 70 - Victron<\/title>\n<meta name=\"description\" content=\"Le GX Touch 70 tout comme le GX Touch 50, sont des \u00e9crans pour votre Cerbo GX permetteant d&#039;avoir une vue d&#039;ensemble instantan\u00e9e de votre syst\u00e8me.\" \/>\n<meta name=\"robots\" content=\"index, follow, max-snippet:-1, max-image-preview:large, max-video-preview:-1\" \/>\n<link rel=\"canonical\" href=\"https:\/\/volthium.com\/fr\/produit\/gx-touch-50-70-victron\/\" \/>\n<meta property=\"og:locale\" content=\"fr_CA\" \/>\n<meta property=\"og:type\" content=\"article\" \/>\n<meta property=\"og:title\" content=\"GX Touch 50 &amp; 70 - Victron\" \/>\n<meta property=\"og:description\" content=\"Le GX Touch 70 tout comme le GX Touch 50, sont des \u00e9crans pour votre Cerbo GX permetteant d&#039;avoir une vue d&#039;ensemble instantan\u00e9e de votre syst\u00e8me.\" \/>\n<meta property=\"og:url\" content=\"https:\/\/volthium.com\/fr\/produit\/gx-touch-50-70-victron\/\" \/>\n<meta property=\"og:site_name\" content=\"Volthium\" \/>\n<meta property=\"article:modified_time\" content=\"2026-04-01T18:25:01+00:00\" \/>\n<meta property=\"og:image\" content=\"https:\/\/volthium.com\/wp-content\/uploads\/2024\/09\/GT-Touch-50-et-70_Detoure-01_Rectangle.png\" \/>\n\t<meta property=\"og:image:width\" content=\"1959\" \/>\n\t<meta property=\"og:image:height\" content=\"858\" \/>\n\t<meta property=\"og:image:type\" content=\"image\/png\" \/>\n<meta name=\"twitter:card\" content=\"summary_large_image\" \/>\n<meta name=\"twitter:label1\" content=\"Estimation du temps de lecture\" \/>\n\t<meta name=\"twitter:data1\" content=\"2 minutes\" \/>\n<script type=\"application\/ld+json\" class=\"yoast-schema-graph\">{\"@context\":\"https:\\\/\\\/schema.org\",\"@graph\":[{\"@type\":\"WebPage\",\"@id\":\"https:\\\/\\\/volthium.com\\\/fr\\\/produit\\\/gx-touch-50-70-victron\\\/\",\"url\":\"https:\\\/\\\/volthium.com\\\/fr\\\/produit\\\/gx-touch-50-70-victron\\\/\",\"name\":\"GX Touch 50 & 70 - Victron\",\"isPartOf\":{\"@id\":\"https:\\\/\\\/volthium.com\\\/fr\\\/#website\"},\"primaryImageOfPage\":{\"@id\":\"https:\\\/\\\/volthium.com\\\/fr\\\/produit\\\/gx-touch-50-70-victron\\\/#primaryimage\"},\"image\":{\"@id\":\"https:\\\/\\\/volthium.com\\\/fr\\\/produit\\\/gx-touch-50-70-victron\\\/#primaryimage\"},\"thumbnailUrl\":\"https:\\\/\\\/volthium.com\\\/wp-content\\\/uploads\\\/2024\\\/09\\\/GT-Touch-50-et-70_Detoure-01_Rectangle.png\",\"datePublished\":\"2024-09-25T15:23:02+00:00\",\"dateModified\":\"2026-04-01T18:25:01+00:00\",\"description\":\"Le GX Touch 70 tout comme le GX Touch 50, sont des \u00e9crans pour votre Cerbo GX permetteant d'avoir une vue d'ensemble instantan\u00e9e de votre syst\u00e8me.\",\"breadcrumb\":{\"@id\":\"https:\\\/\\\/volthium.com\\\/fr\\\/produit\\\/gx-touch-50-70-victron\\\/#breadcrumb\"},\"inLanguage\":\"fr-CA\",\"potentialAction\":[{\"@type\":\"ReadAction\",\"target\":[\"https:\\\/\\\/volthium.com\\\/fr\\\/produit\\\/gx-touch-50-70-victron\\\/\"]}]},{\"@type\":\"ImageObject\",\"inLanguage\":\"fr-CA\",\"@id\":\"https:\\\/\\\/volthium.com\\\/fr\\\/produit\\\/gx-touch-50-70-victron\\\/#primaryimage\",\"url\":\"https:\\\/\\\/volthium.com\\\/wp-content\\\/uploads\\\/2024\\\/09\\\/GT-Touch-50-et-70_Detoure-01_Rectangle.png\",\"contentUrl\":\"https:\\\/\\\/volthium.com\\\/wp-content\\\/uploads\\\/2024\\\/09\\\/GT-Touch-50-et-70_Detoure-01_Rectangle.png\",\"width\":1959,\"height\":858},{\"@type\":\"BreadcrumbList\",\"@id\":\"https:\\\/\\\/volthium.com\\\/fr\\\/produit\\\/gx-touch-50-70-victron\\\/#breadcrumb\",\"itemListElement\":[{\"@type\":\"ListItem\",\"position\":1,\"name\":\"Accueil\",\"item\":\"https:\\\/\\\/volthium.com\\\/fr\\\/\"},{\"@type\":\"ListItem\",\"position\":2,\"name\":\"Boutique en ligne\",\"item\":\"https:\\\/\\\/volthium.com\\\/fr\\\/boutique\\\/\"},{\"@type\":\"ListItem\",\"position\":3,\"name\":\"GX Touch 50 &#038; 70 &#8211; Victron\"}]},{\"@type\":\"WebSite\",\"@id\":\"https:\\\/\\\/volthium.com\\\/fr\\\/#website\",\"url\":\"https:\\\/\\\/volthium.com\\\/fr\\\/\",\"name\":\"Volthium\",\"description\":\"Logo Volthium\",\"publisher\":{\"@id\":\"https:\\\/\\\/volthium.com\\\/fr\\\/#organization\"},\"potentialAction\":[{\"@type\":\"SearchAction\",\"target\":{\"@type\":\"EntryPoint\",\"urlTemplate\":\"https:\\\/\\\/volthium.com\\\/fr\\\/?s={search_term_string}\"},\"query-input\":{\"@type\":\"PropertyValueSpecification\",\"valueRequired\":true,\"valueName\":\"search_term_string\"}}],\"inLanguage\":\"fr-CA\"},{\"@type\":\"Organization\",\"@id\":\"https:\\\/\\\/volthium.com\\\/fr\\\/#organization\",\"name\":\"Volthium\",\"url\":\"https:\\\/\\\/volthium.com\\\/fr\\\/\",\"logo\":{\"@type\":\"ImageObject\",\"inLanguage\":\"fr-CA\",\"@id\":\"https:\\\/\\\/volthium.com\\\/fr\\\/#\\\/schema\\\/logo\\\/image\\\/\",\"url\":\"https:\\\/\\\/volthium.com\\\/wp-content\\\/uploads\\\/2024\\\/01\\\/Logo-Volthium_Sans-energie.svg\",\"contentUrl\":\"https:\\\/\\\/volthium.com\\\/wp-content\\\/uploads\\\/2024\\\/01\\\/Logo-Volthium_Sans-energie.svg\",\"width\":793,\"height\":453,\"caption\":\"Volthium\"},\"image\":{\"@id\":\"https:\\\/\\\/volthium.com\\\/fr\\\/#\\\/schema\\\/logo\\\/image\\\/\"}}]}<\/script>\n<!-- \/ Yoast SEO plugin. -->","yoast_head_json":{"title":"GX Touch 50 & 70 - Victron","description":"Le GX Touch 70 tout comme le GX Touch 50, sont des \u00e9crans pour votre Cerbo GX permetteant d'avoir une vue d'ensemble instantan\u00e9e de votre syst\u00e8me.","robots":{"index":"index","follow":"follow","max-snippet":"max-snippet:-1","max-image-preview":"max-image-preview:large","max-video-preview":"max-video-preview:-1"},"canonical":"https:\/\/volthium.com\/fr\/produit\/gx-touch-50-70-victron\/","og_locale":"fr_CA","og_type":"article","og_title":"GX Touch 50 & 70 - Victron","og_description":"Le GX Touch 70 tout comme le GX Touch 50, sont des \u00e9crans pour votre Cerbo GX permetteant d'avoir une vue d'ensemble instantan\u00e9e de votre syst\u00e8me.","og_url":"https:\/\/volthium.com\/fr\/produit\/gx-touch-50-70-victron\/","og_site_name":"Volthium","article_modified_time":"2026-04-01T18:25:01+00:00","og_image":[{"width":1959,"height":858,"url":"https:\/\/volthium.com\/wp-content\/uploads\/2024\/09\/GT-Touch-50-et-70_Detoure-01_Rectangle.png","type":"image\/png"}],"twitter_card":"summary_large_image","twitter_misc":{"Estimation du temps de lecture":"2 minutes"},"schema":{"@context":"https:\/\/schema.org","@graph":[{"@type":"WebPage","@id":"https:\/\/volthium.com\/fr\/produit\/gx-touch-50-70-victron\/","url":"https:\/\/volthium.com\/fr\/produit\/gx-touch-50-70-victron\/","name":"GX Touch 50 & 70 - Victron","isPartOf":{"@id":"https:\/\/volthium.com\/fr\/#website"},"primaryImageOfPage":{"@id":"https:\/\/volthium.com\/fr\/produit\/gx-touch-50-70-victron\/#primaryimage"},"image":{"@id":"https:\/\/volthium.com\/fr\/produit\/gx-touch-50-70-victron\/#primaryimage"},"thumbnailUrl":"https:\/\/volthium.com\/wp-content\/uploads\/2024\/09\/GT-Touch-50-et-70_Detoure-01_Rectangle.png","datePublished":"2024-09-25T15:23:02+00:00","dateModified":"2026-04-01T18:25:01+00:00","description":"Le GX Touch 70 tout comme le GX Touch 50, sont des \u00e9crans pour votre Cerbo GX permetteant d'avoir une vue d'ensemble instantan\u00e9e de votre syst\u00e8me.","breadcrumb":{"@id":"https:\/\/volthium.com\/fr\/produit\/gx-touch-50-70-victron\/#breadcrumb"},"inLanguage":"fr-CA","potentialAction":[{"@type":"ReadAction","target":["https:\/\/volthium.com\/fr\/produit\/gx-touch-50-70-victron\/"]}]},{"@type":"ImageObject","inLanguage":"fr-CA","@id":"https:\/\/volthium.com\/fr\/produit\/gx-touch-50-70-victron\/#primaryimage","url":"https:\/\/volthium.com\/wp-content\/uploads\/2024\/09\/GT-Touch-50-et-70_Detoure-01_Rectangle.png","contentUrl":"https:\/\/volthium.com\/wp-content\/uploads\/2024\/09\/GT-Touch-50-et-70_Detoure-01_Rectangle.png","width":1959,"height":858},{"@type":"BreadcrumbList","@id":"https:\/\/volthium.com\/fr\/produit\/gx-touch-50-70-victron\/#breadcrumb","itemListElement":[{"@type":"ListItem","position":1,"name":"Accueil","item":"https:\/\/volthium.com\/fr\/"},{"@type":"ListItem","position":2,"name":"Boutique en ligne","item":"https:\/\/volthium.com\/fr\/boutique\/"},{"@type":"ListItem","position":3,"name":"GX Touch 50 &#038; 70 &#8211; Victron"}]},{"@type":"WebSite","@id":"https:\/\/volthium.com\/fr\/#website","url":"https:\/\/volthium.com\/fr\/","name":"Volthium","description":"Logo Volthium","publisher":{"@id":"https:\/\/volthium.com\/fr\/#organization"},"potentialAction":[{"@type":"SearchAction","target":{"@type":"EntryPoint","urlTemplate":"https:\/\/volthium.com\/fr\/?s={search_term_string}"},"query-input":{"@type":"PropertyValueSpecification","valueRequired":true,"valueName":"search_term_string"}}],"inLanguage":"fr-CA"},{"@type":"Organization","@id":"https:\/\/volthium.com\/fr\/#organization","name":"Volthium","url":"https:\/\/volthium.com\/fr\/","logo":{"@type":"ImageObject","inLanguage":"fr-CA","@id":"https:\/\/volthium.com\/fr\/#\/schema\/logo\/image\/","url":"https:\/\/volthium.com\/wp-content\/uploads\/2024\/01\/Logo-Volthium_Sans-energie.svg","contentUrl":"https:\/\/volthium.com\/wp-content\/uploads\/2024\/01\/Logo-Volthium_Sans-energie.svg","width":793,"height":453,"caption":"Volthium"},"image":{"@id":"https:\/\/volthium.com\/fr\/#\/schema\/logo\/image\/"}}]}},"_links":{"self":[{"href":"https:\/\/volthium.com\/fr\/wp-json\/wp\/v2\/product\/5184","targetHints":{"allow":["GET"]}}],"collection":[{"href":"https:\/\/volthium.com\/fr\/wp-json\/wp\/v2\/product"}],"about":[{"href":"https:\/\/volthium.com\/fr\/wp-json\/wp\/v2\/types\/product"}],"replies":[{"embeddable":true,"href":"https:\/\/volthium.com\/fr\/wp-json\/wp\/v2\/comments?post=5184"}],"wp:featuredmedia":[{"embeddable":true,"href":"https:\/\/volthium.com\/fr\/wp-json\/wp\/v2\/media\/5189"}],"wp:attachment":[{"href":"https:\/\/volthium.com\/fr\/wp-json\/wp\/v2\/media?parent=5184"}],"wp:term":[{"taxonomy":"product_brand","embeddable":true,"href":"https:\/\/volthium.com\/fr\/wp-json\/wp\/v2\/product_brand?post=5184"},{"taxonomy":"product_cat","embeddable":true,"href":"https:\/\/volthium.com\/fr\/wp-json\/wp\/v2\/product_cat?post=5184"},{"taxonomy":"product_tag","embeddable":true,"href":"https:\/\/volthium.com\/fr\/wp-json\/wp\/v2\/product_tag?post=5184"}],"curies":[{"name":"wp","href":"https:\/\/api.w.org\/{rel}","templated":true}]}}