{"id":5066,"date":"2024-09-18T13:00:42","date_gmt":"2024-09-18T17:00:42","guid":{"rendered":"https:\/\/volthium.com\/?post_type=product&#038;p=5066"},"modified":"2025-10-10T12:33:12","modified_gmt":"2025-10-10T16:33:12","slug":"cerbo-gx-victron","status":"publish","type":"product","link":"https:\/\/volthium.com\/fr\/produit\/cerbo-gx-victron\/","title":{"rendered":"Cerbo GX MK2 &#8211; Victron"},"content":{"rendered":"<p>Le Cerbo GX MK2 est la nouvelle version du Cerbo GX.<\/p>\n<p>C&rsquo;est un centre de communication flexible qui portera la t\u00e9l\u00e9surveillance \u00e0 un niveau sup\u00e9rieur. Avec toutes les possibilit\u00e9s de connexion mat\u00e9rielle pour r\u00e9pondre \u00e0 tous vos besoins, le Cerbo GX MK2 vous permet de surveiller et de contr\u00f4ler votre syst\u00e8me de n&rsquo;importe o\u00f9, n&rsquo;importe quand. Le Cerbo GX MK2 vous permet de surveiller et de contr\u00f4ler votre syst\u00e8me de n&rsquo;importe o\u00f9, \u00e0 n&rsquo;importe quel moment. Il est con\u00e7u pour \u00eatre une pi\u00e8ce ma\u00eetresse polyvalente qui se connecte de mani\u00e8re transparente \u00e0 vos autres produits connect\u00e9s Victron et aux appareils tiers pris en charge. Ma\u00eetrisez les syst\u00e8mes distants gr\u00e2ce \u00e0 la surveillance en temps r\u00e9el, l&rsquo;analyse historique, l&rsquo;acc\u00e8s \u00e0 distance et le contr\u00f4le avec le portail de surveillance \u00e0 distance Victron (VRM) et l&rsquo;application VictronConnect. Ou connectez simplement un \u00e9cran GX Touch pour un contr\u00f4le direct. Avec de nombreuses possibilit\u00e9s, le Cerbo GX MK2 met le pouvoir entre vos mains.<\/p>\n<p>&nbsp;<\/p>\n<h5>Le pouvoir entre vos mains<\/h5>\n<p>Surveillez votre syst\u00e8me et b\u00e9n\u00e9ficiez d&rsquo;un contr\u00f4le total o\u00f9 que vous soyez gr\u00e2ce au portail de surveillance \u00e0 distance Victron (VRM) et \u00e0 l&rsquo;application VictronConnect. Profitez d&rsquo;un contr\u00f4le parfait gr\u00e2ce \u00e0 l&rsquo;\u00e9cran tactile GX en option et \u00e0 votre \u00e9cran multi-fonctionnel marin.<\/p>\n<h5>Connectez tout. Contr\u00f4lez tout.<\/h5>\n<p>D\u00e9couvrez toute la puissance des produits connect\u00e9s Victron et une liste toujours croissante de dispositifs et d&rsquo;int\u00e9grations tiers compatibles gr\u00e2ce \u00e0 ce centre de communication tout-en-un.<\/p>\n<h5>Ing\u00e9nierie de pointe. Logiciel toujours \u00e0 jour.<\/h5>\n<h6>Processeur puissant<\/h6>\n<p>Le Cerbo GX MK2 est dot\u00e9 d&rsquo;un puissant processeur double c\u0153ur qui g\u00e8re facilement tous les produits Victron connect\u00e9s ainsi qu&rsquo;une large gamme d&rsquo;appareils tiers pris en charge.<\/p>\n<h6>VENUS OS v3.0<\/h6>\n<p>La surveillance des syst\u00e8mes vient d&rsquo;entrer dans une nouvelle \u00e8re avec Venus OS 3.0. D\u00e9sormais, le suivi de votre syst\u00e8me \u00e9lectrique est plus facile et intuitif que jamais. Le design \u00e9pur\u00e9 centr\u00e9 sur l&rsquo;utilisateur et le nouveau code couleur vous aident \u00e0 rester concentr\u00e9 sur ce qui compte le plus pour vous.<\/p>\n<h6>GX MK2 &#8211; Compatibilit\u00e9 des batteries<\/h6>\n<p>Pour une int\u00e9gration transparente avec nos batteries Volthium avec le syst\u00e8me Victron, un appareil GX MK2 peut \u00eatre n\u00e9cessaire. De grands efforts sont d\u00e9ploy\u00e9s pour garantir une int\u00e9gration approfondie et sans tracas des batteries prises en charge.<\/p>\n<h6>Montage et installation simples<\/h6>\n<p>Le Cerbo GX MK2 est con\u00e7u pour s&rsquo;int\u00e9grer dans n&rsquo;importe quelle configuration de syst\u00e8me et peut \u00e9galement \u00eatre facilement mont\u00e9 sur un rail DIN. L&rsquo;\u00e9cran tactile optionnel peut \u00eatre mont\u00e9 sur le dessus et ne n\u00e9cessite qu&rsquo;un seul c\u00e2ble, ce qui \u00e9limine l&rsquo;encombrement du tableau de bord.<\/p>\n<h6 class=\"font-museo font-medium text-[21px] leading-[25px] md:text-[24px] md:leading-[29px] text-white md:font-museo md:font-bold\"><span class=\"inline-block w-full h-full\">\u00c9cran tactile \u00e9tanche<\/span><\/h6>\n<p>Les accessoires d&rsquo;affichage optionnels GX Touch 50 et GX Touch 70 sont \u00e9tanches. La housse de protection fournie emp\u00eache les dommages caus\u00e9s par la lumi\u00e8re UV lors d&rsquo;une exposition prolong\u00e9e au soleil.<\/p>\n<h6 class=\"font-museo font-medium text-[21px] leading-[25px] md:text-[24px] md:leading-[29px] text-white md:font-museo md:font-bold\"><span class=\"inline-block w-full h-full\">Configuration et mise \u00e0 jour \u00e0 distance<\/span><\/h6>\n<p>Ajustez les param\u00e8tres de configuration \u00e0 distance avec la console \u00e0 distance, comme si vous \u00e9tiez devant l&rsquo;appareil. La m\u00eame fonctionnalit\u00e9 est \u00e9galement disponible sur le r\u00e9seau local LAN, ou en utilisant le point d&rsquo;acc\u00e8s WiFi du Cerbo GX MK2.<\/p>\n<h5>Puissance de surveillance<\/h5>\n<p>Surveillez les performances de votre syst\u00e8me \u00e9nerg\u00e9tique avec le puissant Venus OS. Configurez le syst\u00e8me enti\u00e8rement selon vos besoins, utilisez des contr\u00f4les simples pour rester ma\u00eetre de la situation, et laissez nos algorithmes faire le reste.<\/p>\n<h5>Maximisez les performances du syst\u00e8me<\/h5>\n<p>Votre Cerbo GX MK2 maximisera activement les performances de votre syst\u00e8me. Agissant comme un centre de communication, il unifie les lectures et coordonne les actions \u00e0 l&rsquo;\u00e9chelle du syst\u00e8me afin d&rsquo;optimiser les performances de tous les appareils connect\u00e9s. Le puissant processeur et le syst\u00e8me d&rsquo;exploitation innovant Venus OS garantissent que votre mat\u00e9riel d\u00e9j\u00e0 performant atteindra de nouveaux niveaux d&rsquo;efficacit\u00e9.<\/p>\n<h5>Applications<\/h5>\n<h6>D\u00e9jouez tous les d\u00e9fis \u00e9nerg\u00e9tiques<\/h6>\n<p>Le Cerbo GX MK2 r\u00e9pond \u00e0 des besoins infinis, offrant un contr\u00f4le parfait aux applications les plus diverses.<\/p>\n<h6>Marine<\/h6>\n<p>Int\u00e9grez facilement votre MFD ou allez encore plus loin gr\u00e2ce au partage de donn\u00e9es Signal K et NMEA 2000 pour une navigation en douceur. Tout cela directement depuis votre tableau de bord vitr\u00e9.<\/p>\n<h6>Syst\u00e8mes de stockage d&rsquo;\u00e9nergie<\/h6>\n<p>Optimisez en fonction des diff\u00e9rents tarifs et horaires du r\u00e9seau gr\u00e2ce \u00e0 la charge programm\u00e9e. Vivez plus efficacement gr\u00e2ce au soleil, avec une r\u00e9duction am\u00e9lior\u00e9e des pics de consommation et en utilisant les pr\u00e9visions solaires de VRM pour votre emplacement.<\/p>\n<h6>Syst\u00e8mes hors r\u00e9seaux<\/h6>\n<p>Minimisez l&rsquo;utilisation du g\u00e9n\u00e9rateur en donnant la priorit\u00e9 \u00e0 l&rsquo;\u00e9nergie solaire. D\u00e9marrez et arr\u00eatez automatiquement les g\u00e9n\u00e9rateurs dans les conditions les plus optimales ou ajoutez des p\u00e9riodes de silence. D\u00e9finissez les dur\u00e9es de pr\u00e9chauffage et de refroidissement les plus optimales.<\/p>\n<h6>G\u00e9n\u00e9rateurs hybrid<\/h6>\n<p>G\u00e9rez des centaines de syst\u00e8mes \u00e0 distance et surveillez de pr\u00e8s les param\u00e8tres critiques gr\u00e2ce aux widgets personnalis\u00e9s de VRM et aux notifications push. Concevez des flux d&rsquo;automatisation encore plus efficaces avec Node-Red et Venus OS Large.<\/p>\n","protected":false},"excerpt":{"rendered":"<p>Le Cerbo GX est un centre de communication flexible qui portera la t\u00e9l\u00e9surveillance \u00e0 un niveau sup\u00e9rieur. Le Cerbo GX met le pouvoir entre vos mains.<\/p>\n","protected":false},"featured_media":7067,"comment_status":"open","ping_status":"closed","template":"","meta":{"_acf_changed":false,"inline_featured_image":false,"site-sidebar-layout":"default","site-content-layout":"","ast-site-content-layout":"default","site-content-style":"default","site-sidebar-style":"default","ast-global-header-display":"","ast-banner-title-visibility":"","ast-main-header-display":"","ast-hfb-above-header-display":"","ast-hfb-below-header-display":"","ast-hfb-mobile-header-display":"","site-post-title":"","ast-breadcrumbs-content":"","ast-featured-img":"","footer-sml-layout":"","ast-disable-related-posts":"","theme-transparent-header-meta":"default","adv-header-id-meta":"","stick-header-meta":"","header-above-stick-meta":"","header-main-stick-meta":"","header-below-stick-meta":"","astra-migrate-meta-layouts":"set","ast-page-background-enabled":"default","ast-page-background-meta":{"desktop":{"background-color":"var(--ast-global-color-4)","background-image":"","background-repeat":"repeat","background-position":"center center","background-size":"auto","background-attachment":"scroll","background-type":"","background-media":"","overlay-type":"","overlay-color":"","overlay-opacity":"","overlay-gradient":""},"tablet":{"background-color":"","background-image":"","background-repeat":"repeat","background-position":"center center","background-size":"auto","background-attachment":"scroll","background-type":"","background-media":"","overlay-type":"","overlay-color":"","overlay-opacity":"","overlay-gradient":""},"mobile":{"background-color":"","background-image":"","background-repeat":"repeat","background-position":"center center","background-size":"auto","background-attachment":"scroll","background-type":"","background-media":"","overlay-type":"","overlay-color":"","overlay-opacity":"","overlay-gradient":""}},"ast-content-background-meta":{"desktop":{"background-color":"var(--ast-global-color-5)","background-image":"","background-repeat":"repeat","background-position":"center center","background-size":"auto","background-attachment":"scroll","background-type":"","background-media":"","overlay-type":"","overlay-color":"","overlay-opacity":"","overlay-gradient":""},"tablet":{"background-color":"var(--ast-global-color-5)","background-image":"","background-repeat":"repeat","background-position":"center center","background-size":"auto","background-attachment":"scroll","background-type":"","background-media":"","overlay-type":"","overlay-color":"","overlay-opacity":"","overlay-gradient":""},"mobile":{"background-color":"var(--ast-global-color-5)","background-image":"","background-repeat":"repeat","background-position":"center center","background-size":"auto","background-attachment":"scroll","background-type":"","background-media":"","overlay-type":"","overlay-color":"","overlay-opacity":"","overlay-gradient":""}}},"product_brand":[207],"product_cat":[30,31],"product_tag":[],"class_list":{"0":"post-5066","1":"product","2":"type-product","3":"status-publish","4":"has-post-thumbnail","6":"product_brand-victron","7":"product_cat-accessoires","8":"product_cat-accessoires-connectes","9":"desktop-align-left","10":"tablet-align-left","11":"mobile-align-left","13":"first","14":"instock","15":"taxable","16":"shipping-taxable","17":"purchasable","18":"product-type-simple"},"acf":[],"yoast_head":"<!-- This site is optimized with the Yoast SEO plugin v27.4 - https:\/\/yoast.com\/product\/yoast-seo-wordpress\/ -->\n<title>Cerbo GX MK2 - Victron - Volthium<\/title>\n<meta name=\"description\" content=\"Le Cerbo GX est un centre de communication flexible qui portera la t\u00e9l\u00e9surveillance \u00e0 un niveau sup\u00e9rieur. Le Cerbo GX met le pouvoir entre vos mains.\" \/>\n<meta name=\"robots\" content=\"index, follow, max-snippet:-1, max-image-preview:large, max-video-preview:-1\" \/>\n<link rel=\"canonical\" href=\"https:\/\/volthium.com\/fr\/produit\/cerbo-gx-victron\/\" \/>\n<meta property=\"og:locale\" content=\"fr_CA\" \/>\n<meta property=\"og:type\" content=\"article\" \/>\n<meta property=\"og:title\" content=\"Cerbo GX MK2 - Victron - Volthium\" \/>\n<meta property=\"og:description\" content=\"Le Cerbo GX est un centre de communication flexible qui portera la t\u00e9l\u00e9surveillance \u00e0 un niveau sup\u00e9rieur. Le Cerbo GX met le pouvoir entre vos mains.\" \/>\n<meta property=\"og:url\" content=\"https:\/\/volthium.com\/fr\/produit\/cerbo-gx-victron\/\" \/>\n<meta property=\"og:site_name\" content=\"Volthium\" \/>\n<meta property=\"article:modified_time\" content=\"2025-10-10T16:33:12+00:00\" \/>\n<meta property=\"og:image\" content=\"https:\/\/volthium.com\/wp-content\/uploads\/2024\/09\/Victron-cerbo-GX-MK2_Detoure-04_Rectangle.png\" \/>\n\t<meta property=\"og:image:width\" content=\"1959\" \/>\n\t<meta property=\"og:image:height\" content=\"858\" \/>\n\t<meta property=\"og:image:type\" content=\"image\/png\" \/>\n<meta name=\"twitter:card\" content=\"summary_large_image\" \/>\n<meta name=\"twitter:label1\" content=\"Estimation du temps de lecture\" \/>\n\t<meta name=\"twitter:data1\" content=\"5 minutes\" \/>\n<script type=\"application\/ld+json\" class=\"yoast-schema-graph\">{\"@context\":\"https:\\\/\\\/schema.org\",\"@graph\":[{\"@type\":\"WebPage\",\"@id\":\"https:\\\/\\\/volthium.com\\\/fr\\\/produit\\\/cerbo-gx-victron\\\/\",\"url\":\"https:\\\/\\\/volthium.com\\\/fr\\\/produit\\\/cerbo-gx-victron\\\/\",\"name\":\"Cerbo GX MK2 - Victron - Volthium\",\"isPartOf\":{\"@id\":\"https:\\\/\\\/volthium.com\\\/fr\\\/#website\"},\"primaryImageOfPage\":{\"@id\":\"https:\\\/\\\/volthium.com\\\/fr\\\/produit\\\/cerbo-gx-victron\\\/#primaryimage\"},\"image\":{\"@id\":\"https:\\\/\\\/volthium.com\\\/fr\\\/produit\\\/cerbo-gx-victron\\\/#primaryimage\"},\"thumbnailUrl\":\"https:\\\/\\\/volthium.com\\\/wp-content\\\/uploads\\\/2024\\\/09\\\/Victron-cerbo-GX-MK2_Detoure-04_Rectangle.png\",\"datePublished\":\"2024-09-18T17:00:42+00:00\",\"dateModified\":\"2025-10-10T16:33:12+00:00\",\"description\":\"Le Cerbo GX est un centre de communication flexible qui portera la t\u00e9l\u00e9surveillance \u00e0 un niveau sup\u00e9rieur. Le Cerbo GX met le pouvoir entre vos mains.\",\"breadcrumb\":{\"@id\":\"https:\\\/\\\/volthium.com\\\/fr\\\/produit\\\/cerbo-gx-victron\\\/#breadcrumb\"},\"inLanguage\":\"fr-CA\",\"potentialAction\":[{\"@type\":\"ReadAction\",\"target\":[\"https:\\\/\\\/volthium.com\\\/fr\\\/produit\\\/cerbo-gx-victron\\\/\"]}]},{\"@type\":\"ImageObject\",\"inLanguage\":\"fr-CA\",\"@id\":\"https:\\\/\\\/volthium.com\\\/fr\\\/produit\\\/cerbo-gx-victron\\\/#primaryimage\",\"url\":\"https:\\\/\\\/volthium.com\\\/wp-content\\\/uploads\\\/2024\\\/09\\\/Victron-cerbo-GX-MK2_Detoure-04_Rectangle.png\",\"contentUrl\":\"https:\\\/\\\/volthium.com\\\/wp-content\\\/uploads\\\/2024\\\/09\\\/Victron-cerbo-GX-MK2_Detoure-04_Rectangle.png\",\"width\":1959,\"height\":858},{\"@type\":\"BreadcrumbList\",\"@id\":\"https:\\\/\\\/volthium.com\\\/fr\\\/produit\\\/cerbo-gx-victron\\\/#breadcrumb\",\"itemListElement\":[{\"@type\":\"ListItem\",\"position\":1,\"name\":\"Accueil\",\"item\":\"https:\\\/\\\/volthium.com\\\/fr\\\/\"},{\"@type\":\"ListItem\",\"position\":2,\"name\":\"Boutique en ligne\",\"item\":\"https:\\\/\\\/volthium.com\\\/fr\\\/boutique\\\/\"},{\"@type\":\"ListItem\",\"position\":3,\"name\":\"Cerbo GX MK2 &#8211; Victron\"}]},{\"@type\":\"WebSite\",\"@id\":\"https:\\\/\\\/volthium.com\\\/fr\\\/#website\",\"url\":\"https:\\\/\\\/volthium.com\\\/fr\\\/\",\"name\":\"Volthium\",\"description\":\"Logo Volthium\",\"publisher\":{\"@id\":\"https:\\\/\\\/volthium.com\\\/fr\\\/#organization\"},\"potentialAction\":[{\"@type\":\"SearchAction\",\"target\":{\"@type\":\"EntryPoint\",\"urlTemplate\":\"https:\\\/\\\/volthium.com\\\/fr\\\/?s={search_term_string}\"},\"query-input\":{\"@type\":\"PropertyValueSpecification\",\"valueRequired\":true,\"valueName\":\"search_term_string\"}}],\"inLanguage\":\"fr-CA\"},{\"@type\":\"Organization\",\"@id\":\"https:\\\/\\\/volthium.com\\\/fr\\\/#organization\",\"name\":\"Volthium\",\"url\":\"https:\\\/\\\/volthium.com\\\/fr\\\/\",\"logo\":{\"@type\":\"ImageObject\",\"inLanguage\":\"fr-CA\",\"@id\":\"https:\\\/\\\/volthium.com\\\/fr\\\/#\\\/schema\\\/logo\\\/image\\\/\",\"url\":\"https:\\\/\\\/volthium.com\\\/wp-content\\\/uploads\\\/2024\\\/01\\\/Logo-Volthium_Sans-energie.svg\",\"contentUrl\":\"https:\\\/\\\/volthium.com\\\/wp-content\\\/uploads\\\/2024\\\/01\\\/Logo-Volthium_Sans-energie.svg\",\"width\":793,\"height\":453,\"caption\":\"Volthium\"},\"image\":{\"@id\":\"https:\\\/\\\/volthium.com\\\/fr\\\/#\\\/schema\\\/logo\\\/image\\\/\"}}]}<\/script>\n<!-- \/ Yoast SEO plugin. -->","yoast_head_json":{"title":"Cerbo GX MK2 - Victron - Volthium","description":"Le Cerbo GX est un centre de communication flexible qui portera la t\u00e9l\u00e9surveillance \u00e0 un niveau sup\u00e9rieur. Le Cerbo GX met le pouvoir entre vos mains.","robots":{"index":"index","follow":"follow","max-snippet":"max-snippet:-1","max-image-preview":"max-image-preview:large","max-video-preview":"max-video-preview:-1"},"canonical":"https:\/\/volthium.com\/fr\/produit\/cerbo-gx-victron\/","og_locale":"fr_CA","og_type":"article","og_title":"Cerbo GX MK2 - Victron - Volthium","og_description":"Le Cerbo GX est un centre de communication flexible qui portera la t\u00e9l\u00e9surveillance \u00e0 un niveau sup\u00e9rieur. Le Cerbo GX met le pouvoir entre vos mains.","og_url":"https:\/\/volthium.com\/fr\/produit\/cerbo-gx-victron\/","og_site_name":"Volthium","article_modified_time":"2025-10-10T16:33:12+00:00","og_image":[{"width":1959,"height":858,"url":"https:\/\/volthium.com\/wp-content\/uploads\/2024\/09\/Victron-cerbo-GX-MK2_Detoure-04_Rectangle.png","type":"image\/png"}],"twitter_card":"summary_large_image","twitter_misc":{"Estimation du temps de lecture":"5 minutes"},"schema":{"@context":"https:\/\/schema.org","@graph":[{"@type":"WebPage","@id":"https:\/\/volthium.com\/fr\/produit\/cerbo-gx-victron\/","url":"https:\/\/volthium.com\/fr\/produit\/cerbo-gx-victron\/","name":"Cerbo GX MK2 - Victron - Volthium","isPartOf":{"@id":"https:\/\/volthium.com\/fr\/#website"},"primaryImageOfPage":{"@id":"https:\/\/volthium.com\/fr\/produit\/cerbo-gx-victron\/#primaryimage"},"image":{"@id":"https:\/\/volthium.com\/fr\/produit\/cerbo-gx-victron\/#primaryimage"},"thumbnailUrl":"https:\/\/volthium.com\/wp-content\/uploads\/2024\/09\/Victron-cerbo-GX-MK2_Detoure-04_Rectangle.png","datePublished":"2024-09-18T17:00:42+00:00","dateModified":"2025-10-10T16:33:12+00:00","description":"Le Cerbo GX est un centre de communication flexible qui portera la t\u00e9l\u00e9surveillance \u00e0 un niveau sup\u00e9rieur. Le Cerbo GX met le pouvoir entre vos mains.","breadcrumb":{"@id":"https:\/\/volthium.com\/fr\/produit\/cerbo-gx-victron\/#breadcrumb"},"inLanguage":"fr-CA","potentialAction":[{"@type":"ReadAction","target":["https:\/\/volthium.com\/fr\/produit\/cerbo-gx-victron\/"]}]},{"@type":"ImageObject","inLanguage":"fr-CA","@id":"https:\/\/volthium.com\/fr\/produit\/cerbo-gx-victron\/#primaryimage","url":"https:\/\/volthium.com\/wp-content\/uploads\/2024\/09\/Victron-cerbo-GX-MK2_Detoure-04_Rectangle.png","contentUrl":"https:\/\/volthium.com\/wp-content\/uploads\/2024\/09\/Victron-cerbo-GX-MK2_Detoure-04_Rectangle.png","width":1959,"height":858},{"@type":"BreadcrumbList","@id":"https:\/\/volthium.com\/fr\/produit\/cerbo-gx-victron\/#breadcrumb","itemListElement":[{"@type":"ListItem","position":1,"name":"Accueil","item":"https:\/\/volthium.com\/fr\/"},{"@type":"ListItem","position":2,"name":"Boutique en ligne","item":"https:\/\/volthium.com\/fr\/boutique\/"},{"@type":"ListItem","position":3,"name":"Cerbo GX MK2 &#8211; Victron"}]},{"@type":"WebSite","@id":"https:\/\/volthium.com\/fr\/#website","url":"https:\/\/volthium.com\/fr\/","name":"Volthium","description":"Logo Volthium","publisher":{"@id":"https:\/\/volthium.com\/fr\/#organization"},"potentialAction":[{"@type":"SearchAction","target":{"@type":"EntryPoint","urlTemplate":"https:\/\/volthium.com\/fr\/?s={search_term_string}"},"query-input":{"@type":"PropertyValueSpecification","valueRequired":true,"valueName":"search_term_string"}}],"inLanguage":"fr-CA"},{"@type":"Organization","@id":"https:\/\/volthium.com\/fr\/#organization","name":"Volthium","url":"https:\/\/volthium.com\/fr\/","logo":{"@type":"ImageObject","inLanguage":"fr-CA","@id":"https:\/\/volthium.com\/fr\/#\/schema\/logo\/image\/","url":"https:\/\/volthium.com\/wp-content\/uploads\/2024\/01\/Logo-Volthium_Sans-energie.svg","contentUrl":"https:\/\/volthium.com\/wp-content\/uploads\/2024\/01\/Logo-Volthium_Sans-energie.svg","width":793,"height":453,"caption":"Volthium"},"image":{"@id":"https:\/\/volthium.com\/fr\/#\/schema\/logo\/image\/"}}]}},"_links":{"self":[{"href":"https:\/\/volthium.com\/fr\/wp-json\/wp\/v2\/product\/5066","targetHints":{"allow":["GET"]}}],"collection":[{"href":"https:\/\/volthium.com\/fr\/wp-json\/wp\/v2\/product"}],"about":[{"href":"https:\/\/volthium.com\/fr\/wp-json\/wp\/v2\/types\/product"}],"replies":[{"embeddable":true,"href":"https:\/\/volthium.com\/fr\/wp-json\/wp\/v2\/comments?post=5066"}],"wp:featuredmedia":[{"embeddable":true,"href":"https:\/\/volthium.com\/fr\/wp-json\/wp\/v2\/media\/7067"}],"wp:attachment":[{"href":"https:\/\/volthium.com\/fr\/wp-json\/wp\/v2\/media?parent=5066"}],"wp:term":[{"taxonomy":"product_brand","embeddable":true,"href":"https:\/\/volthium.com\/fr\/wp-json\/wp\/v2\/product_brand?post=5066"},{"taxonomy":"product_cat","embeddable":true,"href":"https:\/\/volthium.com\/fr\/wp-json\/wp\/v2\/product_cat?post=5066"},{"taxonomy":"product_tag","embeddable":true,"href":"https:\/\/volthium.com\/fr\/wp-json\/wp\/v2\/product_tag?post=5066"}],"curies":[{"name":"wp","href":"https:\/\/api.w.org\/{rel}","templated":true}]}}