{"id":5010,"date":"2024-09-16T14:33:19","date_gmt":"2024-09-16T18:33:19","guid":{"rendered":"https:\/\/volthium.com\/?post_type=product&#038;p=5010"},"modified":"2025-03-07T11:48:04","modified_gmt":"2025-03-07T16:48:04","slug":"multiplus-ii-48-3000-35-50-120v-certifie-ul","status":"publish","type":"product","link":"https:\/\/volthium.com\/fr\/produit\/multiplus-ii-48-3000-35-50-120v-certifie-ul\/","title":{"rendered":"Onduleur chargeur MultiPlus-II 48\/3000\/35-50 120V certifi\u00e9 UL &#8211; Victron"},"content":{"rendered":"<p>Le MultiPlus-II combine les fonctions du MultiPlus et du MultiGrid.<\/p>\n<p>Il pr\u00e9sente toutes les fonctions du MultiPlus, avec une option de transformateur de courant externe pour mettre en \u0153uvre les fonctions de PowerControl et de PowerAssist, et afin d&rsquo;optimiser l&rsquo;autoconsommation avec une sonde de courant externe (32 A max.).<\/p>\n<p>Il dispose \u00e9galement de toutes les fonctions du MultiGrid avec un syst\u00e8me contre l&rsquo;\u00eelotage et une longue liste de certifications pour de nombreux pays qui ne cesse d&rsquo;augmenter.<\/p>\n<p>&nbsp;<\/p>\n<h5>PowerAssist<\/h5>\n<p>Le MultiPlus-II emp\u00eachera la surcharge d&rsquo;une source CA limit\u00e9e, comme par exemple une connexion de quai ou de g\u00e9n\u00e9rateur. Le processus de charge de la batterie sera d&rsquo;abord automatiquement r\u00e9duit ; dans le cas contraire, une surcharge se produirait. Ensuite, la sortie d&rsquo;un g\u00e9n\u00e9rateur ou de l&rsquo;alimentation de quai sera stimul\u00e9e en extrayant la puissance de la batterie.<\/p>\n<p>&nbsp;<\/p>\n<h5>ESS : Syst\u00e8mes de stockage d&rsquo;\u00e9nergie<\/h5>\n<p>Le MultiPlus-II est l&rsquo;\u00e9l\u00e9ment cl\u00e9 d&rsquo;un syst\u00e8me ESS Victron car il offre la souplesse n\u00e9cessaire lui permettant de s&rsquo;associer aux chargeurs solaires MPPT ou aux convertisseurs PV rattach\u00e9s au r\u00e9seau. Pour d\u00e9couvrir des exemples et obtenir davantage de renseignements, consulter\u00a0<a href=\"https:\/\/www.victronenergy.com\/live\/ess:start\">le manuel ESS<\/a><a href=\"https:\/\/www.victronenergy.com\/live\/ess:design-installation-manual\">.<\/a><\/p>\n<p>&nbsp;<\/p>\n<h5>Puissance CA ininterrompue (Fonction UPS)<\/h5>\n<p>En cas de coupure secteur ou de d\u00e9connexion du quai ou du g\u00e9n\u00e9rateur, le convertisseur du Multi s&rsquo;active automatiquement et il reprend l&rsquo;alimentation des charges connect\u00e9es. Ce transfert est si rapide (moins de 20 millisecondes) que le fonctionnement des ordinateurs ou des autres \u00e9quipements \u00e9lectroniques ne sera pas perturb\u00e9.<\/p>\n<p>&nbsp;<\/p>\n<h5>Surveillance et contr\u00f4le \u00e0 distance<\/h5>\n<p>Lorsqu&rsquo;il est associ\u00e9 \u00e0 un appareil GX (par ex. un Cerbo GX), vous pouvez superviser et contr\u00f4ler votre Multi et votre syst\u00e8me ou syst\u00e8mes soit localement (LAN) soit \u00e0 distance par Internet depuis n&rsquo;importe o\u00f9 dans le monde par le biais de l&rsquo;application gratuite VRM et du site Web\u00a0<a href=\"https:\/\/vrm.victronenergy.com\/landingpage\">gratuit VRM<\/a>. Vous pouvez y acc\u00e9der depuis un t\u00e9l\u00e9phone, une tablette, un ordinateur portable ou un PC fonctionnant avec diff\u00e9rents syst\u00e8mes d&rsquo;exploitation. Le niveau de contr\u00f4le sur votre syst\u00e8me n&rsquo;a pas de limite que ce soit pour effectuer des r\u00e9glages sur votre Multi ou pour lancer le d\u00e9marrage automatique de votre g\u00e9n\u00e9rateur de secours, et bien plus encore&#8230; \u00bb<\/p>\n<p>&nbsp;<\/p>\n<h4>Documents li\u00e9s<\/h4>\n<p>&nbsp;<\/p>\n<p>Fiche technique :\u00a0<a href=\"https:\/\/volthium.com\/wp-content\/uploads\/2024\/09\/FR-Datasheet-MultiPlus-II-120V.pdf\">t\u00e9l\u00e9chargez le PDF<\/a><\/p>\n<p>Manuel utilisateur :\u00a0<a href=\"https:\/\/volthium.com\/wp-content\/uploads\/2024\/09\/FR-32424-MultiPlus-II___Quattro-II.pdf\">t\u00e9l\u00e9chargez le PDF<\/a><\/p>\n<p>Guide de d\u00e9marrage rapide : <a href=\"https:\/\/volthium.com\/wp-content\/uploads\/2024\/09\/Quick-Install-Guide-MultiPlus-II-48V-3000VA-120Vac-EN.pdf\">t\u00e9l\u00e9chargez le PDF<\/a><\/p>\n<p>Sch\u00e9ma de syst\u00e8me : <a href=\"https:\/\/www.victronenergy.fr\/inverters-chargers\/multiplus-ii#system-schematics\" target=\"_blank\" rel=\"noopener\">visitez la page officiel\u00a0<\/a><\/p>\n<p>Certificats : <a href=\"https:\/\/www.victronenergy.fr\/inverters-chargers\/multiplus-ii#certificates\" target=\"_blank\" rel=\"noopener\">visitez la page Victron officiel<\/a><\/p>\n","protected":false},"excerpt":{"rendered":"<p>Le MultiPlus-II combine les fonctions du MultiPlus et du MultiGrid.<\/p>\n","protected":false},"featured_media":5050,"comment_status":"open","ping_status":"closed","template":"","meta":{"_acf_changed":false,"inline_featured_image":false,"site-sidebar-layout":"default","site-content-layout":"","ast-site-content-layout":"default","site-content-style":"default","site-sidebar-style":"default","ast-global-header-display":"","ast-banner-title-visibility":"","ast-main-header-display":"","ast-hfb-above-header-display":"","ast-hfb-below-header-display":"","ast-hfb-mobile-header-display":"","site-post-title":"","ast-breadcrumbs-content":"","ast-featured-img":"","footer-sml-layout":"","ast-disable-related-posts":"","theme-transparent-header-meta":"default","adv-header-id-meta":"","stick-header-meta":"","header-above-stick-meta":"","header-main-stick-meta":"","header-below-stick-meta":"","astra-migrate-meta-layouts":"set","ast-page-background-enabled":"default","ast-page-background-meta":{"desktop":{"background-color":"var(--ast-global-color-4)","background-image":"","background-repeat":"repeat","background-position":"center center","background-size":"auto","background-attachment":"scroll","background-type":"","background-media":"","overlay-type":"","overlay-color":"","overlay-opacity":"","overlay-gradient":""},"tablet":{"background-color":"","background-image":"","background-repeat":"repeat","background-position":"center center","background-size":"auto","background-attachment":"scroll","background-type":"","background-media":"","overlay-type":"","overlay-color":"","overlay-opacity":"","overlay-gradient":""},"mobile":{"background-color":"","background-image":"","background-repeat":"repeat","background-position":"center center","background-size":"auto","background-attachment":"scroll","background-type":"","background-media":"","overlay-type":"","overlay-color":"","overlay-opacity":"","overlay-gradient":""}},"ast-content-background-meta":{"desktop":{"background-color":"var(--ast-global-color-5)","background-image":"","background-repeat":"repeat","background-position":"center center","background-size":"auto","background-attachment":"scroll","background-type":"","background-media":"","overlay-type":"","overlay-color":"","overlay-opacity":"","overlay-gradient":""},"tablet":{"background-color":"var(--ast-global-color-5)","background-image":"","background-repeat":"repeat","background-position":"center center","background-size":"auto","background-attachment":"scroll","background-type":"","background-media":"","overlay-type":"","overlay-color":"","overlay-opacity":"","overlay-gradient":""},"mobile":{"background-color":"var(--ast-global-color-5)","background-image":"","background-repeat":"repeat","background-position":"center center","background-size":"auto","background-attachment":"scroll","background-type":"","background-media":"","overlay-type":"","overlay-color":"","overlay-opacity":"","overlay-gradient":""}}},"product_brand":[207],"product_cat":[27,28],"product_tag":[],"class_list":{"0":"post-5010","1":"product","2":"type-product","3":"status-publish","4":"has-post-thumbnail","6":"product_brand-victron","7":"product_cat-onduleur","8":"product_cat-onduleur-chargeur","9":"desktop-align-left","10":"tablet-align-left","11":"mobile-align-left","13":"first","14":"instock","15":"taxable","16":"shipping-taxable","17":"purchasable","18":"product-type-simple"},"acf":[],"yoast_head":"<!-- This site is optimized with the Yoast SEO plugin v27.4 - https:\/\/yoast.com\/product\/yoast-seo-wordpress\/ -->\n<title>Inverter charger MultiPlus-II 48\/3000\/35-50 120V - Victron<\/title>\n<meta name=\"description\" content=\"Le MultiPlus-II combine les fonctions du MultiPlus et du MultiGrid. C&#039;est l&#039;onduleur chargeur \u00e9volu\u00e9 de Victron.\" \/>\n<meta name=\"robots\" content=\"index, follow, max-snippet:-1, max-image-preview:large, max-video-preview:-1\" \/>\n<link rel=\"canonical\" href=\"https:\/\/volthium.com\/fr\/produit\/multiplus-ii-48-3000-35-50-120v-certifie-ul\/\" \/>\n<meta property=\"og:locale\" content=\"fr_CA\" \/>\n<meta property=\"og:type\" content=\"article\" \/>\n<meta property=\"og:title\" content=\"Inverter charger MultiPlus-II 48\/3000\/35-50 120V - Victron\" \/>\n<meta property=\"og:description\" content=\"Le MultiPlus-II combine les fonctions du MultiPlus et du MultiGrid. C&#039;est l&#039;onduleur chargeur \u00e9volu\u00e9 de Victron.\" \/>\n<meta property=\"og:url\" content=\"https:\/\/volthium.com\/fr\/produit\/multiplus-ii-48-3000-35-50-120v-certifie-ul\/\" \/>\n<meta property=\"og:site_name\" content=\"Volthium\" \/>\n<meta property=\"article:modified_time\" content=\"2025-03-07T16:48:04+00:00\" \/>\n<meta property=\"og:image\" content=\"https:\/\/volthium.com\/wp-content\/uploads\/2024\/09\/Inverter-3000W-48V-Victron-ULc_Detoure-01_Rectangle.png\" \/>\n\t<meta property=\"og:image:width\" content=\"1959\" \/>\n\t<meta property=\"og:image:height\" content=\"858\" \/>\n\t<meta property=\"og:image:type\" content=\"image\/png\" \/>\n<meta name=\"twitter:card\" content=\"summary_large_image\" \/>\n<meta name=\"twitter:label1\" content=\"Estimation du temps de lecture\" \/>\n\t<meta name=\"twitter:data1\" content=\"3 minutes\" \/>\n<script type=\"application\/ld+json\" class=\"yoast-schema-graph\">{\"@context\":\"https:\\\/\\\/schema.org\",\"@graph\":[{\"@type\":\"WebPage\",\"@id\":\"https:\\\/\\\/volthium.com\\\/fr\\\/produit\\\/multiplus-ii-48-3000-35-50-120v-certifie-ul\\\/\",\"url\":\"https:\\\/\\\/volthium.com\\\/fr\\\/produit\\\/multiplus-ii-48-3000-35-50-120v-certifie-ul\\\/\",\"name\":\"Inverter charger MultiPlus-II 48\\\/3000\\\/35-50 120V - Victron\",\"isPartOf\":{\"@id\":\"https:\\\/\\\/volthium.com\\\/fr\\\/#website\"},\"primaryImageOfPage\":{\"@id\":\"https:\\\/\\\/volthium.com\\\/fr\\\/produit\\\/multiplus-ii-48-3000-35-50-120v-certifie-ul\\\/#primaryimage\"},\"image\":{\"@id\":\"https:\\\/\\\/volthium.com\\\/fr\\\/produit\\\/multiplus-ii-48-3000-35-50-120v-certifie-ul\\\/#primaryimage\"},\"thumbnailUrl\":\"https:\\\/\\\/volthium.com\\\/wp-content\\\/uploads\\\/2024\\\/09\\\/Inverter-3000W-48V-Victron-ULc_Detoure-01_Rectangle.png\",\"datePublished\":\"2024-09-16T18:33:19+00:00\",\"dateModified\":\"2025-03-07T16:48:04+00:00\",\"description\":\"Le MultiPlus-II combine les fonctions du MultiPlus et du MultiGrid. C'est l'onduleur chargeur \u00e9volu\u00e9 de Victron.\",\"breadcrumb\":{\"@id\":\"https:\\\/\\\/volthium.com\\\/fr\\\/produit\\\/multiplus-ii-48-3000-35-50-120v-certifie-ul\\\/#breadcrumb\"},\"inLanguage\":\"fr-CA\",\"potentialAction\":[{\"@type\":\"ReadAction\",\"target\":[\"https:\\\/\\\/volthium.com\\\/fr\\\/produit\\\/multiplus-ii-48-3000-35-50-120v-certifie-ul\\\/\"]}]},{\"@type\":\"ImageObject\",\"inLanguage\":\"fr-CA\",\"@id\":\"https:\\\/\\\/volthium.com\\\/fr\\\/produit\\\/multiplus-ii-48-3000-35-50-120v-certifie-ul\\\/#primaryimage\",\"url\":\"https:\\\/\\\/volthium.com\\\/wp-content\\\/uploads\\\/2024\\\/09\\\/Inverter-3000W-48V-Victron-ULc_Detoure-01_Rectangle.png\",\"contentUrl\":\"https:\\\/\\\/volthium.com\\\/wp-content\\\/uploads\\\/2024\\\/09\\\/Inverter-3000W-48V-Victron-ULc_Detoure-01_Rectangle.png\",\"width\":1959,\"height\":858},{\"@type\":\"BreadcrumbList\",\"@id\":\"https:\\\/\\\/volthium.com\\\/fr\\\/produit\\\/multiplus-ii-48-3000-35-50-120v-certifie-ul\\\/#breadcrumb\",\"itemListElement\":[{\"@type\":\"ListItem\",\"position\":1,\"name\":\"Accueil\",\"item\":\"https:\\\/\\\/volthium.com\\\/fr\\\/\"},{\"@type\":\"ListItem\",\"position\":2,\"name\":\"Boutique en ligne\",\"item\":\"https:\\\/\\\/volthium.com\\\/fr\\\/boutique\\\/\"},{\"@type\":\"ListItem\",\"position\":3,\"name\":\"Onduleur chargeur MultiPlus-II 48\\\/3000\\\/35-50 120V certifi\u00e9 UL &#8211; Victron\"}]},{\"@type\":\"WebSite\",\"@id\":\"https:\\\/\\\/volthium.com\\\/fr\\\/#website\",\"url\":\"https:\\\/\\\/volthium.com\\\/fr\\\/\",\"name\":\"Volthium\",\"description\":\"Logo Volthium\",\"publisher\":{\"@id\":\"https:\\\/\\\/volthium.com\\\/fr\\\/#organization\"},\"potentialAction\":[{\"@type\":\"SearchAction\",\"target\":{\"@type\":\"EntryPoint\",\"urlTemplate\":\"https:\\\/\\\/volthium.com\\\/fr\\\/?s={search_term_string}\"},\"query-input\":{\"@type\":\"PropertyValueSpecification\",\"valueRequired\":true,\"valueName\":\"search_term_string\"}}],\"inLanguage\":\"fr-CA\"},{\"@type\":\"Organization\",\"@id\":\"https:\\\/\\\/volthium.com\\\/fr\\\/#organization\",\"name\":\"Volthium\",\"url\":\"https:\\\/\\\/volthium.com\\\/fr\\\/\",\"logo\":{\"@type\":\"ImageObject\",\"inLanguage\":\"fr-CA\",\"@id\":\"https:\\\/\\\/volthium.com\\\/fr\\\/#\\\/schema\\\/logo\\\/image\\\/\",\"url\":\"https:\\\/\\\/volthium.com\\\/wp-content\\\/uploads\\\/2024\\\/01\\\/Logo-Volthium_Sans-energie.svg\",\"contentUrl\":\"https:\\\/\\\/volthium.com\\\/wp-content\\\/uploads\\\/2024\\\/01\\\/Logo-Volthium_Sans-energie.svg\",\"width\":793,\"height\":453,\"caption\":\"Volthium\"},\"image\":{\"@id\":\"https:\\\/\\\/volthium.com\\\/fr\\\/#\\\/schema\\\/logo\\\/image\\\/\"}}]}<\/script>\n<!-- \/ Yoast SEO plugin. -->","yoast_head_json":{"title":"Inverter charger MultiPlus-II 48\/3000\/35-50 120V - Victron","description":"Le MultiPlus-II combine les fonctions du MultiPlus et du MultiGrid. C'est l'onduleur chargeur \u00e9volu\u00e9 de Victron.","robots":{"index":"index","follow":"follow","max-snippet":"max-snippet:-1","max-image-preview":"max-image-preview:large","max-video-preview":"max-video-preview:-1"},"canonical":"https:\/\/volthium.com\/fr\/produit\/multiplus-ii-48-3000-35-50-120v-certifie-ul\/","og_locale":"fr_CA","og_type":"article","og_title":"Inverter charger MultiPlus-II 48\/3000\/35-50 120V - Victron","og_description":"Le MultiPlus-II combine les fonctions du MultiPlus et du MultiGrid. C'est l'onduleur chargeur \u00e9volu\u00e9 de Victron.","og_url":"https:\/\/volthium.com\/fr\/produit\/multiplus-ii-48-3000-35-50-120v-certifie-ul\/","og_site_name":"Volthium","article_modified_time":"2025-03-07T16:48:04+00:00","og_image":[{"width":1959,"height":858,"url":"https:\/\/volthium.com\/wp-content\/uploads\/2024\/09\/Inverter-3000W-48V-Victron-ULc_Detoure-01_Rectangle.png","type":"image\/png"}],"twitter_card":"summary_large_image","twitter_misc":{"Estimation du temps de lecture":"3 minutes"},"schema":{"@context":"https:\/\/schema.org","@graph":[{"@type":"WebPage","@id":"https:\/\/volthium.com\/fr\/produit\/multiplus-ii-48-3000-35-50-120v-certifie-ul\/","url":"https:\/\/volthium.com\/fr\/produit\/multiplus-ii-48-3000-35-50-120v-certifie-ul\/","name":"Inverter charger MultiPlus-II 48\/3000\/35-50 120V - Victron","isPartOf":{"@id":"https:\/\/volthium.com\/fr\/#website"},"primaryImageOfPage":{"@id":"https:\/\/volthium.com\/fr\/produit\/multiplus-ii-48-3000-35-50-120v-certifie-ul\/#primaryimage"},"image":{"@id":"https:\/\/volthium.com\/fr\/produit\/multiplus-ii-48-3000-35-50-120v-certifie-ul\/#primaryimage"},"thumbnailUrl":"https:\/\/volthium.com\/wp-content\/uploads\/2024\/09\/Inverter-3000W-48V-Victron-ULc_Detoure-01_Rectangle.png","datePublished":"2024-09-16T18:33:19+00:00","dateModified":"2025-03-07T16:48:04+00:00","description":"Le MultiPlus-II combine les fonctions du MultiPlus et du MultiGrid. C'est l'onduleur chargeur \u00e9volu\u00e9 de Victron.","breadcrumb":{"@id":"https:\/\/volthium.com\/fr\/produit\/multiplus-ii-48-3000-35-50-120v-certifie-ul\/#breadcrumb"},"inLanguage":"fr-CA","potentialAction":[{"@type":"ReadAction","target":["https:\/\/volthium.com\/fr\/produit\/multiplus-ii-48-3000-35-50-120v-certifie-ul\/"]}]},{"@type":"ImageObject","inLanguage":"fr-CA","@id":"https:\/\/volthium.com\/fr\/produit\/multiplus-ii-48-3000-35-50-120v-certifie-ul\/#primaryimage","url":"https:\/\/volthium.com\/wp-content\/uploads\/2024\/09\/Inverter-3000W-48V-Victron-ULc_Detoure-01_Rectangle.png","contentUrl":"https:\/\/volthium.com\/wp-content\/uploads\/2024\/09\/Inverter-3000W-48V-Victron-ULc_Detoure-01_Rectangle.png","width":1959,"height":858},{"@type":"BreadcrumbList","@id":"https:\/\/volthium.com\/fr\/produit\/multiplus-ii-48-3000-35-50-120v-certifie-ul\/#breadcrumb","itemListElement":[{"@type":"ListItem","position":1,"name":"Accueil","item":"https:\/\/volthium.com\/fr\/"},{"@type":"ListItem","position":2,"name":"Boutique en ligne","item":"https:\/\/volthium.com\/fr\/boutique\/"},{"@type":"ListItem","position":3,"name":"Onduleur chargeur MultiPlus-II 48\/3000\/35-50 120V certifi\u00e9 UL &#8211; Victron"}]},{"@type":"WebSite","@id":"https:\/\/volthium.com\/fr\/#website","url":"https:\/\/volthium.com\/fr\/","name":"Volthium","description":"Logo Volthium","publisher":{"@id":"https:\/\/volthium.com\/fr\/#organization"},"potentialAction":[{"@type":"SearchAction","target":{"@type":"EntryPoint","urlTemplate":"https:\/\/volthium.com\/fr\/?s={search_term_string}"},"query-input":{"@type":"PropertyValueSpecification","valueRequired":true,"valueName":"search_term_string"}}],"inLanguage":"fr-CA"},{"@type":"Organization","@id":"https:\/\/volthium.com\/fr\/#organization","name":"Volthium","url":"https:\/\/volthium.com\/fr\/","logo":{"@type":"ImageObject","inLanguage":"fr-CA","@id":"https:\/\/volthium.com\/fr\/#\/schema\/logo\/image\/","url":"https:\/\/volthium.com\/wp-content\/uploads\/2024\/01\/Logo-Volthium_Sans-energie.svg","contentUrl":"https:\/\/volthium.com\/wp-content\/uploads\/2024\/01\/Logo-Volthium_Sans-energie.svg","width":793,"height":453,"caption":"Volthium"},"image":{"@id":"https:\/\/volthium.com\/fr\/#\/schema\/logo\/image\/"}}]}},"_links":{"self":[{"href":"https:\/\/volthium.com\/fr\/wp-json\/wp\/v2\/product\/5010","targetHints":{"allow":["GET"]}}],"collection":[{"href":"https:\/\/volthium.com\/fr\/wp-json\/wp\/v2\/product"}],"about":[{"href":"https:\/\/volthium.com\/fr\/wp-json\/wp\/v2\/types\/product"}],"replies":[{"embeddable":true,"href":"https:\/\/volthium.com\/fr\/wp-json\/wp\/v2\/comments?post=5010"}],"wp:featuredmedia":[{"embeddable":true,"href":"https:\/\/volthium.com\/fr\/wp-json\/wp\/v2\/media\/5050"}],"wp:attachment":[{"href":"https:\/\/volthium.com\/fr\/wp-json\/wp\/v2\/media?parent=5010"}],"wp:term":[{"taxonomy":"product_brand","embeddable":true,"href":"https:\/\/volthium.com\/fr\/wp-json\/wp\/v2\/product_brand?post=5010"},{"taxonomy":"product_cat","embeddable":true,"href":"https:\/\/volthium.com\/fr\/wp-json\/wp\/v2\/product_cat?post=5010"},{"taxonomy":"product_tag","embeddable":true,"href":"https:\/\/volthium.com\/fr\/wp-json\/wp\/v2\/product_tag?post=5010"}],"curies":[{"name":"wp","href":"https:\/\/api.w.org\/{rel}","templated":true}]}}