{"id":4834,"date":"2024-08-14T19:37:32","date_gmt":"2024-08-14T23:37:32","guid":{"rendered":"https:\/\/volthium.com\/?post_type=product&#038;p=4834"},"modified":"2026-02-02T10:06:43","modified_gmt":"2026-02-02T15:06:43","slug":"batterie-51-2v-100ah-rackmount-3u","status":"publish","type":"product","link":"https:\/\/volthium.com\/fr\/produit\/batterie-51-2v-100ah-rackmount-3u\/","title":{"rendered":"Batterie 51.2V 100Ah &#8211; Rackmount 3U"},"content":{"rendered":"<p>Notre nouvelle Batterie LFP\u00a0 51.2V 100Ah Rackmount 3U de stockage \u00e9nerg\u00e9tique est conforme avec le code \u00e9lectrique canadien et la RBQ. Gr\u00e2ce \u00e0 sa certification UL9540, notre batterie peut \u00eatre install\u00e9e pour des installations r\u00e9sidentielles partout au Canada!<br \/>\nC&rsquo;est une batterie LifePO4 haut de gamme fabriqu\u00e9e sur mesure pour r\u00e9pondre aux exigences des plus hauts standards de l&rsquo;industrie.\u00a0 Gr\u00e2ce aux accessoires de fixations disponibles, vous pouvez la monter en rack (cabinet) tels que dans les salles de serveurs, tours de t\u00e9l\u00e9communication, les micro-centrales \u00e9lectriques ou m\u00eame dans les installations r\u00e9sidentielles, mais vous pouvez aussi la fixer directement au mur gr\u00e2ce \u00e0 nos fixations murales.<\/p>\n<p>La batterie est con\u00e7ue pour les banques de stockage solaire allant de 5 kWh \u00e0 640 kWh<\/p>\n<p>Ce type de batterie modulaire est principalement utilis\u00e9 pour des maisons autonomes, salles de serveurs, tours de t\u00e9l\u00e9communication, et micro-centrale \u00e9lectrique.<\/p>\n<p>Nos batteries rack-mount sont compatibles avec tous les onduleurs du march\u00e9.<\/p>\n<p>&nbsp;<\/p>\n<h4>Communication<\/h4>\n<p>Les batteries rack-mount 3U int\u00e8grent des ports de communication MODBUS tels que CAN et RS485. Gr\u00e2ce \u00e0 ces ports de communications, Volthium int\u00e9gre constamment de nouveaux protocoles de communication permettant de s\u2019interconnecter aux \u00e9quipements \u00e9nerg\u00e9tiques finaux. Prendre note que nous d\u00e9veloppons sur mesure la programmation des protocoles demand\u00e9s par les clients ou pour l\u2019int\u00e9gration de nouvelles marques d\u2019\u00e9quipements.<\/p>\n<p>&nbsp;<\/p>\n<h4>Syst\u00e8mes autochauffants<\/h4>\n<p>Nos batteries Rackmount 3U offrent une double gestion thermique de pointe. Ces deux syst\u00e8mes de chauffage distincts sont id\u00e9als une fiabilit\u00e9 totale :<\/p>\n<p>Chauffage Automatique \u00e0 la Charge : Ce syst\u00e8me standard redirige l&rsquo;\u00e9nergie du chargeur vers les cellules chauffantes lorsque la temp\u00e9rature interne est sous 0\u00b0C. Il prot\u00e8ge la batterie, optimise la recharge et prolonge sa dur\u00e9e de vie face aux climats extr\u00eames.<br \/>\nChauffage Pilotable (Innovation Majeure) : Ce second syst\u00e8me offre un contr\u00f4le total. Param\u00e9trable manuellement via un appareil externe (comme un Cerbo) ou enti\u00e8rement automatisable, il vous permet de d\u00e9finir un seuil de temp\u00e9rature pr\u00e9cis pour d\u00e9clencher le r\u00e9chauffement. Que ce soit pour une seule unit\u00e9 ou un banc complet g\u00e9r\u00e9 par la batterie \u00ab\u00a0Master\u00a0\u00bb, cette technologie assure que votre r\u00e9serve d&rsquo;\u00e9nergie soit toujours pr\u00eate \u00e0 \u00eatre utilis\u00e9e ou recharg\u00e9e \u00e0 pleine puissance.<\/p>\n<p>&nbsp;<\/p>\n<h4>Certifications<\/h4>\n<p>&nbsp;<\/p>\n<p><b data-path-to-node=\"9,0\" data-index-in-node=\"0\"><a href=\"https:\/\/volthium.com\/wp-content\/uploads\/2024\/07\/15082024-Certification-ETL-UL9540-3U.pdf\">Certification UL9540<\/a> :<\/b> Chez Volthium nous ne faisons aucun compromis sur la s\u00e9curit\u00e9!<br \/>\nC&rsquo;est pourquoi nos batteries sont certifi\u00e9es UL9540, r\u00e9pondant aux <strong>tests de s\u00e9curit\u00e9 thermique les plus rigoureux au monde<\/strong>. Cette certification est vitale pour toute installation s\u00e9rieuse : elle est devenue <b data-path-to-node=\"9,0\" data-index-in-node=\"302\">obligatoire en Ontario<\/b> et tend \u00e0 devenir la norme partout en Am\u00e9rique du Nord. En plus d&rsquo;assurer la protection maximale de votre propri\u00e9t\u00e9, cette certification est le s\u00e9same indispensable pour obtenir la validation des inspecteurs en \u00e9lectricit\u00e9 et la couverture de votre assureur.<\/p>\n<p>&nbsp;<\/p>\n<p><strong>Garantie<\/strong>\u00a010ans, dur\u00e9e de vie utile autour de 15 ans et plus.<\/p>\n<p><strong>Moyenne d\u2019op\u00e9ration<\/strong>\u00a0au-del\u00e0 de 6000 cycles.<\/p>\n<p>&nbsp;<\/p>\n","protected":false},"excerpt":{"rendered":"<p>Notre nouvelle Batterie LFP\u00a0 51.2V 100Ah Rackmount 3U de stockage \u00e9nerg\u00e9tique est conforme avec le code \u00e9lectrique canadien et la RBQ gr\u00e2ce \u00e0 sa certification compl\u00e8te UL9540.<\/p>\n","protected":false},"featured_media":4848,"comment_status":"open","ping_status":"closed","template":"","meta":{"_acf_changed":false,"inline_featured_image":false,"site-sidebar-layout":"default","site-content-layout":"","ast-site-content-layout":"default","site-content-style":"default","site-sidebar-style":"default","ast-global-header-display":"","ast-banner-title-visibility":"","ast-main-header-display":"","ast-hfb-above-header-display":"","ast-hfb-below-header-display":"","ast-hfb-mobile-header-display":"","site-post-title":"","ast-breadcrumbs-content":"","ast-featured-img":"","footer-sml-layout":"","ast-disable-related-posts":"","theme-transparent-header-meta":"default","adv-header-id-meta":"","stick-header-meta":"","header-above-stick-meta":"","header-main-stick-meta":"","header-below-stick-meta":"","astra-migrate-meta-layouts":"set","ast-page-background-enabled":"default","ast-page-background-meta":{"desktop":{"background-color":"var(--ast-global-color-4)","background-image":"","background-repeat":"repeat","background-position":"center center","background-size":"auto","background-attachment":"scroll","background-type":"","background-media":"","overlay-type":"","overlay-color":"","overlay-opacity":"","overlay-gradient":""},"tablet":{"background-color":"","background-image":"","background-repeat":"repeat","background-position":"center center","background-size":"auto","background-attachment":"scroll","background-type":"","background-media":"","overlay-type":"","overlay-color":"","overlay-opacity":"","overlay-gradient":""},"mobile":{"background-color":"","background-image":"","background-repeat":"repeat","background-position":"center center","background-size":"auto","background-attachment":"scroll","background-type":"","background-media":"","overlay-type":"","overlay-color":"","overlay-opacity":"","overlay-gradient":""}},"ast-content-background-meta":{"desktop":{"background-color":"var(--ast-global-color-5)","background-image":"","background-repeat":"repeat","background-position":"center center","background-size":"auto","background-attachment":"scroll","background-type":"","background-media":"","overlay-type":"","overlay-color":"","overlay-opacity":"","overlay-gradient":""},"tablet":{"background-color":"var(--ast-global-color-5)","background-image":"","background-repeat":"repeat","background-position":"center center","background-size":"auto","background-attachment":"scroll","background-type":"","background-media":"","overlay-type":"","overlay-color":"","overlay-opacity":"","overlay-gradient":""},"mobile":{"background-color":"var(--ast-global-color-5)","background-image":"","background-repeat":"repeat","background-position":"center center","background-size":"auto","background-attachment":"scroll","background-type":"","background-media":"","overlay-type":"","overlay-color":"","overlay-opacity":"","overlay-gradient":""}}},"product_brand":[],"product_cat":[21,18],"product_tag":[43,161,82],"class_list":{"0":"post-4834","1":"product","2":"type-product","3":"status-publish","4":"has-post-thumbnail","6":"product_cat-48v","7":"product_cat-batteries","8":"product_tag-48v","9":"product_tag-51-21003u","10":"product_tag-rackmount","11":"desktop-align-left","12":"tablet-align-left","13":"mobile-align-left","15":"first","16":"instock","17":"taxable","18":"shipping-taxable","19":"product-type-simple"},"acf":[],"yoast_head":"<!-- This site is optimized with the Yoast SEO plugin v27.3 - https:\/\/yoast.com\/product\/yoast-seo-wordpress\/ -->\n<title>Batterie 51.2V 100Ah - Rackmount 3U - Volthium<\/title>\n<meta name=\"description\" content=\"Notre nouvelle Batterie LFP\u00a0 51.2V 100Ah Rackmount 3U de stockage \u00e9nerg\u00e9tique est conforme avec le code \u00e9lectrique canadien et la RBQ.\" \/>\n<meta name=\"robots\" content=\"index, follow, max-snippet:-1, max-image-preview:large, max-video-preview:-1\" \/>\n<link rel=\"canonical\" href=\"https:\/\/volthium.com\/fr\/produit\/batterie-51-2v-100ah-rackmount-3u\/\" \/>\n<meta property=\"og:locale\" content=\"fr_CA\" \/>\n<meta property=\"og:type\" content=\"article\" \/>\n<meta property=\"og:title\" content=\"Batterie 51.2V 100Ah - Rackmount 3U - Volthium\" \/>\n<meta property=\"og:description\" content=\"Notre nouvelle Batterie LFP\u00a0 51.2V 100Ah Rackmount 3U de stockage \u00e9nerg\u00e9tique est conforme avec le code \u00e9lectrique canadien et la RBQ.\" \/>\n<meta property=\"og:url\" content=\"https:\/\/volthium.com\/fr\/produit\/batterie-51-2v-100ah-rackmount-3u\/\" \/>\n<meta property=\"og:site_name\" content=\"Volthium\" \/>\n<meta property=\"article:modified_time\" content=\"2026-02-02T15:06:43+00:00\" \/>\n<meta property=\"og:image\" content=\"https:\/\/volthium.com\/wp-content\/uploads\/2024\/08\/Rackmount-3U_Detoure-01_Rectangle.png\" \/>\n\t<meta property=\"og:image:width\" content=\"1959\" \/>\n\t<meta property=\"og:image:height\" content=\"858\" \/>\n\t<meta property=\"og:image:type\" content=\"image\/png\" \/>\n<meta name=\"twitter:card\" content=\"summary_large_image\" \/>\n<meta name=\"twitter:label1\" content=\"Estimation du temps de lecture\" \/>\n\t<meta name=\"twitter:data1\" content=\"3 minutes\" \/>\n<script type=\"application\/ld+json\" class=\"yoast-schema-graph\">{\"@context\":\"https:\\\/\\\/schema.org\",\"@graph\":[{\"@type\":\"WebPage\",\"@id\":\"https:\\\/\\\/volthium.com\\\/fr\\\/produit\\\/batterie-51-2v-100ah-rackmount-3u\\\/\",\"url\":\"https:\\\/\\\/volthium.com\\\/fr\\\/produit\\\/batterie-51-2v-100ah-rackmount-3u\\\/\",\"name\":\"Batterie 51.2V 100Ah - Rackmount 3U - Volthium\",\"isPartOf\":{\"@id\":\"https:\\\/\\\/volthium.com\\\/fr\\\/#website\"},\"primaryImageOfPage\":{\"@id\":\"https:\\\/\\\/volthium.com\\\/fr\\\/produit\\\/batterie-51-2v-100ah-rackmount-3u\\\/#primaryimage\"},\"image\":{\"@id\":\"https:\\\/\\\/volthium.com\\\/fr\\\/produit\\\/batterie-51-2v-100ah-rackmount-3u\\\/#primaryimage\"},\"thumbnailUrl\":\"https:\\\/\\\/volthium.com\\\/wp-content\\\/uploads\\\/2024\\\/08\\\/Rackmount-3U_Detoure-01_Rectangle.png\",\"datePublished\":\"2024-08-14T23:37:32+00:00\",\"dateModified\":\"2026-02-02T15:06:43+00:00\",\"description\":\"Notre nouvelle Batterie LFP\u00a0 51.2V 100Ah Rackmount 3U de stockage \u00e9nerg\u00e9tique est conforme avec le code \u00e9lectrique canadien et la RBQ.\",\"breadcrumb\":{\"@id\":\"https:\\\/\\\/volthium.com\\\/fr\\\/produit\\\/batterie-51-2v-100ah-rackmount-3u\\\/#breadcrumb\"},\"inLanguage\":\"fr-CA\",\"potentialAction\":[{\"@type\":\"ReadAction\",\"target\":[\"https:\\\/\\\/volthium.com\\\/fr\\\/produit\\\/batterie-51-2v-100ah-rackmount-3u\\\/\"]}]},{\"@type\":\"ImageObject\",\"inLanguage\":\"fr-CA\",\"@id\":\"https:\\\/\\\/volthium.com\\\/fr\\\/produit\\\/batterie-51-2v-100ah-rackmount-3u\\\/#primaryimage\",\"url\":\"https:\\\/\\\/volthium.com\\\/wp-content\\\/uploads\\\/2024\\\/08\\\/Rackmount-3U_Detoure-01_Rectangle.png\",\"contentUrl\":\"https:\\\/\\\/volthium.com\\\/wp-content\\\/uploads\\\/2024\\\/08\\\/Rackmount-3U_Detoure-01_Rectangle.png\",\"width\":1959,\"height\":858},{\"@type\":\"BreadcrumbList\",\"@id\":\"https:\\\/\\\/volthium.com\\\/fr\\\/produit\\\/batterie-51-2v-100ah-rackmount-3u\\\/#breadcrumb\",\"itemListElement\":[{\"@type\":\"ListItem\",\"position\":1,\"name\":\"Accueil\",\"item\":\"https:\\\/\\\/volthium.com\\\/fr\\\/\"},{\"@type\":\"ListItem\",\"position\":2,\"name\":\"Boutique en ligne\",\"item\":\"https:\\\/\\\/volthium.com\\\/fr\\\/boutique\\\/\"},{\"@type\":\"ListItem\",\"position\":3,\"name\":\"Batterie 51.2V 100Ah &#8211; Rackmount 3U\"}]},{\"@type\":\"WebSite\",\"@id\":\"https:\\\/\\\/volthium.com\\\/fr\\\/#website\",\"url\":\"https:\\\/\\\/volthium.com\\\/fr\\\/\",\"name\":\"Volthium\",\"description\":\"Logo Volthium\",\"publisher\":{\"@id\":\"https:\\\/\\\/volthium.com\\\/fr\\\/#organization\"},\"potentialAction\":[{\"@type\":\"SearchAction\",\"target\":{\"@type\":\"EntryPoint\",\"urlTemplate\":\"https:\\\/\\\/volthium.com\\\/fr\\\/?s={search_term_string}\"},\"query-input\":{\"@type\":\"PropertyValueSpecification\",\"valueRequired\":true,\"valueName\":\"search_term_string\"}}],\"inLanguage\":\"fr-CA\"},{\"@type\":\"Organization\",\"@id\":\"https:\\\/\\\/volthium.com\\\/fr\\\/#organization\",\"name\":\"Volthium\",\"url\":\"https:\\\/\\\/volthium.com\\\/fr\\\/\",\"logo\":{\"@type\":\"ImageObject\",\"inLanguage\":\"fr-CA\",\"@id\":\"https:\\\/\\\/volthium.com\\\/fr\\\/#\\\/schema\\\/logo\\\/image\\\/\",\"url\":\"https:\\\/\\\/volthium.com\\\/wp-content\\\/uploads\\\/2024\\\/01\\\/Logo-Volthium_Sans-energie.svg\",\"contentUrl\":\"https:\\\/\\\/volthium.com\\\/wp-content\\\/uploads\\\/2024\\\/01\\\/Logo-Volthium_Sans-energie.svg\",\"width\":793,\"height\":453,\"caption\":\"Volthium\"},\"image\":{\"@id\":\"https:\\\/\\\/volthium.com\\\/fr\\\/#\\\/schema\\\/logo\\\/image\\\/\"}}]}<\/script>\n<!-- \/ Yoast SEO plugin. -->","yoast_head_json":{"title":"Batterie 51.2V 100Ah - Rackmount 3U - Volthium","description":"Notre nouvelle Batterie LFP\u00a0 51.2V 100Ah Rackmount 3U de stockage \u00e9nerg\u00e9tique est conforme avec le code \u00e9lectrique canadien et la RBQ.","robots":{"index":"index","follow":"follow","max-snippet":"max-snippet:-1","max-image-preview":"max-image-preview:large","max-video-preview":"max-video-preview:-1"},"canonical":"https:\/\/volthium.com\/fr\/produit\/batterie-51-2v-100ah-rackmount-3u\/","og_locale":"fr_CA","og_type":"article","og_title":"Batterie 51.2V 100Ah - Rackmount 3U - Volthium","og_description":"Notre nouvelle Batterie LFP\u00a0 51.2V 100Ah Rackmount 3U de stockage \u00e9nerg\u00e9tique est conforme avec le code \u00e9lectrique canadien et la RBQ.","og_url":"https:\/\/volthium.com\/fr\/produit\/batterie-51-2v-100ah-rackmount-3u\/","og_site_name":"Volthium","article_modified_time":"2026-02-02T15:06:43+00:00","og_image":[{"width":1959,"height":858,"url":"https:\/\/volthium.com\/wp-content\/uploads\/2024\/08\/Rackmount-3U_Detoure-01_Rectangle.png","type":"image\/png"}],"twitter_card":"summary_large_image","twitter_misc":{"Estimation du temps de lecture":"3 minutes"},"schema":{"@context":"https:\/\/schema.org","@graph":[{"@type":"WebPage","@id":"https:\/\/volthium.com\/fr\/produit\/batterie-51-2v-100ah-rackmount-3u\/","url":"https:\/\/volthium.com\/fr\/produit\/batterie-51-2v-100ah-rackmount-3u\/","name":"Batterie 51.2V 100Ah - Rackmount 3U - Volthium","isPartOf":{"@id":"https:\/\/volthium.com\/fr\/#website"},"primaryImageOfPage":{"@id":"https:\/\/volthium.com\/fr\/produit\/batterie-51-2v-100ah-rackmount-3u\/#primaryimage"},"image":{"@id":"https:\/\/volthium.com\/fr\/produit\/batterie-51-2v-100ah-rackmount-3u\/#primaryimage"},"thumbnailUrl":"https:\/\/volthium.com\/wp-content\/uploads\/2024\/08\/Rackmount-3U_Detoure-01_Rectangle.png","datePublished":"2024-08-14T23:37:32+00:00","dateModified":"2026-02-02T15:06:43+00:00","description":"Notre nouvelle Batterie LFP\u00a0 51.2V 100Ah Rackmount 3U de stockage \u00e9nerg\u00e9tique est conforme avec le code \u00e9lectrique canadien et la RBQ.","breadcrumb":{"@id":"https:\/\/volthium.com\/fr\/produit\/batterie-51-2v-100ah-rackmount-3u\/#breadcrumb"},"inLanguage":"fr-CA","potentialAction":[{"@type":"ReadAction","target":["https:\/\/volthium.com\/fr\/produit\/batterie-51-2v-100ah-rackmount-3u\/"]}]},{"@type":"ImageObject","inLanguage":"fr-CA","@id":"https:\/\/volthium.com\/fr\/produit\/batterie-51-2v-100ah-rackmount-3u\/#primaryimage","url":"https:\/\/volthium.com\/wp-content\/uploads\/2024\/08\/Rackmount-3U_Detoure-01_Rectangle.png","contentUrl":"https:\/\/volthium.com\/wp-content\/uploads\/2024\/08\/Rackmount-3U_Detoure-01_Rectangle.png","width":1959,"height":858},{"@type":"BreadcrumbList","@id":"https:\/\/volthium.com\/fr\/produit\/batterie-51-2v-100ah-rackmount-3u\/#breadcrumb","itemListElement":[{"@type":"ListItem","position":1,"name":"Accueil","item":"https:\/\/volthium.com\/fr\/"},{"@type":"ListItem","position":2,"name":"Boutique en ligne","item":"https:\/\/volthium.com\/fr\/boutique\/"},{"@type":"ListItem","position":3,"name":"Batterie 51.2V 100Ah &#8211; Rackmount 3U"}]},{"@type":"WebSite","@id":"https:\/\/volthium.com\/fr\/#website","url":"https:\/\/volthium.com\/fr\/","name":"Volthium","description":"Logo Volthium","publisher":{"@id":"https:\/\/volthium.com\/fr\/#organization"},"potentialAction":[{"@type":"SearchAction","target":{"@type":"EntryPoint","urlTemplate":"https:\/\/volthium.com\/fr\/?s={search_term_string}"},"query-input":{"@type":"PropertyValueSpecification","valueRequired":true,"valueName":"search_term_string"}}],"inLanguage":"fr-CA"},{"@type":"Organization","@id":"https:\/\/volthium.com\/fr\/#organization","name":"Volthium","url":"https:\/\/volthium.com\/fr\/","logo":{"@type":"ImageObject","inLanguage":"fr-CA","@id":"https:\/\/volthium.com\/fr\/#\/schema\/logo\/image\/","url":"https:\/\/volthium.com\/wp-content\/uploads\/2024\/01\/Logo-Volthium_Sans-energie.svg","contentUrl":"https:\/\/volthium.com\/wp-content\/uploads\/2024\/01\/Logo-Volthium_Sans-energie.svg","width":793,"height":453,"caption":"Volthium"},"image":{"@id":"https:\/\/volthium.com\/fr\/#\/schema\/logo\/image\/"}}]}},"_links":{"self":[{"href":"https:\/\/volthium.com\/fr\/wp-json\/wp\/v2\/product\/4834","targetHints":{"allow":["GET"]}}],"collection":[{"href":"https:\/\/volthium.com\/fr\/wp-json\/wp\/v2\/product"}],"about":[{"href":"https:\/\/volthium.com\/fr\/wp-json\/wp\/v2\/types\/product"}],"replies":[{"embeddable":true,"href":"https:\/\/volthium.com\/fr\/wp-json\/wp\/v2\/comments?post=4834"}],"wp:featuredmedia":[{"embeddable":true,"href":"https:\/\/volthium.com\/fr\/wp-json\/wp\/v2\/media\/4848"}],"wp:attachment":[{"href":"https:\/\/volthium.com\/fr\/wp-json\/wp\/v2\/media?parent=4834"}],"wp:term":[{"taxonomy":"product_brand","embeddable":true,"href":"https:\/\/volthium.com\/fr\/wp-json\/wp\/v2\/product_brand?post=4834"},{"taxonomy":"product_cat","embeddable":true,"href":"https:\/\/volthium.com\/fr\/wp-json\/wp\/v2\/product_cat?post=4834"},{"taxonomy":"product_tag","embeddable":true,"href":"https:\/\/volthium.com\/fr\/wp-json\/wp\/v2\/product_tag?post=4834"}],"curies":[{"name":"wp","href":"https:\/\/api.w.org\/{rel}","templated":true}]}}