{"id":4167,"date":"2024-07-25T11:44:11","date_gmt":"2024-07-25T15:44:11","guid":{"rendered":"https:\/\/volthium.com\/?post_type=product&#038;p=4167"},"modified":"2024-07-25T11:44:47","modified_gmt":"2024-07-25T15:44:47","slug":"chargeur-51-2v-9ah-csa","status":"publish","type":"product","link":"https:\/\/volthium.com\/fr\/produit\/chargeur-51-2v-9ah-csa\/","title":{"rendered":"CHARGEUR 51.2V 9AH \u2013 CSA"},"content":{"rendered":"<p>Le meilleur chargeur sp\u00e9cialement con\u00e7u pour vos batteries au lithium 48V !<\/p>\n<p>Avec jusqu&rsquo;\u00e0 9A de courant de charge disponible,\u00a0il peut charger des batteries\u00a0<strong>LiFePO4 de 50Ah \u00e0 200Ah.<\/strong><\/p>\n<p>Dispose de la technologie pour faire sortir de veille une batterie en mode protection de bas voltage (Low Voltage cut off \/ cut out)<\/p>\n<p><span class=\"WdYUQQ text-decoration-none text-strikethrough-none\">Branchez-le dans une prise 110 ou 120v, accrochez les pinces sur vos ports de batterie (noir sur noir et rouge sur rouge) et le tour est jou\u00e9! Vous n&rsquo;avez plus qu&rsquo;\u00e0 attendre quelques heures et votre batterie se rechargera compl\u00e8tement.<\/span><\/p>\n<h4>PRINCIPALES CARACT\u00c9RISTIQUES<\/h4>\n<ul>\n<li><span class=\"WdYUQQ text-decoration-none text-strikethrough-none\">Facile d&rsquo;utilisation!<\/span><\/li>\n<li><span class=\"WdYUQQ text-decoration-none text-strikethrough-none\">L\u00e9ger et petit pour sa puissance<\/span><\/li>\n<li><span class=\"WdYUQQ text-decoration-none text-strikethrough-none\">Il dispose de la technologie pour faire sortir de veille une batterie en mode protection de bas voltage (Low Voltage cut off \/ cut out)<\/span><\/li>\n<li><span class=\"WdYUQQ text-decoration-none text-strikethrough-none\">Certifi\u00e9 UL<\/span><\/li>\n<li><span class=\"WdYUQQ text-decoration-none text-strikethrough-none\">Garantie de 1 an<\/span><\/li>\n<li><span class=\"WdYUQQ text-decoration-none text-strikethrough-none\">Protection contre les courts circuits<\/span><\/li>\n<li><span class=\"WdYUQQ text-decoration-none text-strikethrough-none\">Utilisable 30 000 heures \u00e0 pleine puissance (25\u00b0c)<\/span><\/li>\n<\/ul>\n","protected":false},"excerpt":{"rendered":"<p>Le meilleur chargeur sp\u00e9cialement con\u00e7u pour vos batteries au lithium 48V ! Avec jusqu&rsquo;\u00e0 9A de courant de charge disponible,\u00a0il [&hellip;]<\/p>\n","protected":false},"featured_media":4168,"comment_status":"open","ping_status":"closed","template":"","meta":{"_acf_changed":false,"inline_featured_image":false,"site-sidebar-layout":"default","site-content-layout":"","ast-site-content-layout":"default","site-content-style":"default","site-sidebar-style":"default","ast-global-header-display":"","ast-banner-title-visibility":"","ast-main-header-display":"","ast-hfb-above-header-display":"","ast-hfb-below-header-display":"","ast-hfb-mobile-header-display":"","site-post-title":"","ast-breadcrumbs-content":"","ast-featured-img":"","footer-sml-layout":"","ast-disable-related-posts":"","theme-transparent-header-meta":"default","adv-header-id-meta":"","stick-header-meta":"","header-above-stick-meta":"","header-main-stick-meta":"","header-below-stick-meta":"","astra-migrate-meta-layouts":"set","ast-page-background-enabled":"default","ast-page-background-meta":{"desktop":{"background-color":"var(--ast-global-color-4)","background-image":"","background-repeat":"repeat","background-position":"center center","background-size":"auto","background-attachment":"scroll","background-type":"","background-media":"","overlay-type":"","overlay-color":"","overlay-opacity":"","overlay-gradient":""},"tablet":{"background-color":"","background-image":"","background-repeat":"repeat","background-position":"center center","background-size":"auto","background-attachment":"scroll","background-type":"","background-media":"","overlay-type":"","overlay-color":"","overlay-opacity":"","overlay-gradient":""},"mobile":{"background-color":"","background-image":"","background-repeat":"repeat","background-position":"center center","background-size":"auto","background-attachment":"scroll","background-type":"","background-media":"","overlay-type":"","overlay-color":"","overlay-opacity":"","overlay-gradient":""}},"ast-content-background-meta":{"desktop":{"background-color":"var(--ast-global-color-5)","background-image":"","background-repeat":"repeat","background-position":"center center","background-size":"auto","background-attachment":"scroll","background-type":"","background-media":"","overlay-type":"","overlay-color":"","overlay-opacity":"","overlay-gradient":""},"tablet":{"background-color":"var(--ast-global-color-5)","background-image":"","background-repeat":"repeat","background-position":"center center","background-size":"auto","background-attachment":"scroll","background-type":"","background-media":"","overlay-type":"","overlay-color":"","overlay-opacity":"","overlay-gradient":""},"mobile":{"background-color":"var(--ast-global-color-5)","background-image":"","background-repeat":"repeat","background-position":"center center","background-size":"auto","background-attachment":"scroll","background-type":"","background-media":"","overlay-type":"","overlay-color":"","overlay-opacity":"","overlay-gradient":""}}},"product_brand":[],"product_cat":[24],"product_tag":[],"class_list":{"0":"post-4167","1":"product","2":"type-product","3":"status-publish","4":"has-post-thumbnail","6":"product_cat-chargeur","7":"desktop-align-left","8":"tablet-align-left","9":"mobile-align-left","11":"first","12":"instock","13":"taxable","14":"shipping-taxable","15":"purchasable","16":"product-type-simple"},"acf":[],"yoast_head":"<!-- This site is optimized with the Yoast SEO plugin v27.3 - https:\/\/yoast.com\/product\/yoast-seo-wordpress\/ -->\n<title>CHARGEUR 51.2V 9AH \u2013 CSA - Volthium<\/title>\n<meta name=\"robots\" content=\"index, follow, max-snippet:-1, max-image-preview:large, max-video-preview:-1\" \/>\n<link rel=\"canonical\" href=\"https:\/\/volthium.com\/fr\/produit\/chargeur-51-2v-9ah-csa\/\" \/>\n<meta property=\"og:locale\" content=\"fr_CA\" \/>\n<meta property=\"og:type\" content=\"article\" \/>\n<meta property=\"og:title\" content=\"CHARGEUR 51.2V 9AH \u2013 CSA - Volthium\" \/>\n<meta property=\"og:description\" content=\"Le meilleur chargeur sp\u00e9cialement con\u00e7u pour vos batteries au lithium 48V ! Avec jusqu&rsquo;\u00e0 9A de courant de charge disponible,\u00a0il [&hellip;]\" \/>\n<meta property=\"og:url\" content=\"https:\/\/volthium.com\/fr\/produit\/chargeur-51-2v-9ah-csa\/\" \/>\n<meta property=\"og:site_name\" content=\"Volthium\" \/>\n<meta property=\"article:modified_time\" content=\"2024-07-25T15:44:47+00:00\" \/>\n<meta property=\"og:image\" content=\"https:\/\/volthium.com\/wp-content\/uploads\/2024\/07\/image_chargeur_51.2V_detoure.png\" \/>\n\t<meta property=\"og:image:width\" content=\"1959\" \/>\n\t<meta property=\"og:image:height\" content=\"858\" \/>\n\t<meta property=\"og:image:type\" content=\"image\/png\" \/>\n<meta name=\"twitter:card\" content=\"summary_large_image\" \/>\n<meta name=\"twitter:label1\" content=\"Estimation du temps de lecture\" \/>\n\t<meta name=\"twitter:data1\" content=\"1 minute\" \/>\n<script type=\"application\/ld+json\" class=\"yoast-schema-graph\">{\"@context\":\"https:\\\/\\\/schema.org\",\"@graph\":[{\"@type\":\"WebPage\",\"@id\":\"https:\\\/\\\/volthium.com\\\/fr\\\/produit\\\/chargeur-51-2v-9ah-csa\\\/\",\"url\":\"https:\\\/\\\/volthium.com\\\/fr\\\/produit\\\/chargeur-51-2v-9ah-csa\\\/\",\"name\":\"CHARGEUR 51.2V 9AH \u2013 CSA - Volthium\",\"isPartOf\":{\"@id\":\"https:\\\/\\\/volthium.com\\\/fr\\\/#website\"},\"primaryImageOfPage\":{\"@id\":\"https:\\\/\\\/volthium.com\\\/fr\\\/produit\\\/chargeur-51-2v-9ah-csa\\\/#primaryimage\"},\"image\":{\"@id\":\"https:\\\/\\\/volthium.com\\\/fr\\\/produit\\\/chargeur-51-2v-9ah-csa\\\/#primaryimage\"},\"thumbnailUrl\":\"https:\\\/\\\/volthium.com\\\/wp-content\\\/uploads\\\/2024\\\/07\\\/image_chargeur_51.2V_detoure.png\",\"datePublished\":\"2024-07-25T15:44:11+00:00\",\"dateModified\":\"2024-07-25T15:44:47+00:00\",\"breadcrumb\":{\"@id\":\"https:\\\/\\\/volthium.com\\\/fr\\\/produit\\\/chargeur-51-2v-9ah-csa\\\/#breadcrumb\"},\"inLanguage\":\"fr-CA\",\"potentialAction\":[{\"@type\":\"ReadAction\",\"target\":[\"https:\\\/\\\/volthium.com\\\/fr\\\/produit\\\/chargeur-51-2v-9ah-csa\\\/\"]}]},{\"@type\":\"ImageObject\",\"inLanguage\":\"fr-CA\",\"@id\":\"https:\\\/\\\/volthium.com\\\/fr\\\/produit\\\/chargeur-51-2v-9ah-csa\\\/#primaryimage\",\"url\":\"https:\\\/\\\/volthium.com\\\/wp-content\\\/uploads\\\/2024\\\/07\\\/image_chargeur_51.2V_detoure.png\",\"contentUrl\":\"https:\\\/\\\/volthium.com\\\/wp-content\\\/uploads\\\/2024\\\/07\\\/image_chargeur_51.2V_detoure.png\",\"width\":1959,\"height\":858},{\"@type\":\"BreadcrumbList\",\"@id\":\"https:\\\/\\\/volthium.com\\\/fr\\\/produit\\\/chargeur-51-2v-9ah-csa\\\/#breadcrumb\",\"itemListElement\":[{\"@type\":\"ListItem\",\"position\":1,\"name\":\"Accueil\",\"item\":\"https:\\\/\\\/volthium.com\\\/fr\\\/\"},{\"@type\":\"ListItem\",\"position\":2,\"name\":\"Boutique en ligne\",\"item\":\"https:\\\/\\\/volthium.com\\\/fr\\\/boutique\\\/\"},{\"@type\":\"ListItem\",\"position\":3,\"name\":\"CHARGEUR 51.2V 9AH \u2013 CSA\"}]},{\"@type\":\"WebSite\",\"@id\":\"https:\\\/\\\/volthium.com\\\/fr\\\/#website\",\"url\":\"https:\\\/\\\/volthium.com\\\/fr\\\/\",\"name\":\"Volthium\",\"description\":\"Logo Volthium\",\"publisher\":{\"@id\":\"https:\\\/\\\/volthium.com\\\/fr\\\/#organization\"},\"potentialAction\":[{\"@type\":\"SearchAction\",\"target\":{\"@type\":\"EntryPoint\",\"urlTemplate\":\"https:\\\/\\\/volthium.com\\\/fr\\\/?s={search_term_string}\"},\"query-input\":{\"@type\":\"PropertyValueSpecification\",\"valueRequired\":true,\"valueName\":\"search_term_string\"}}],\"inLanguage\":\"fr-CA\"},{\"@type\":\"Organization\",\"@id\":\"https:\\\/\\\/volthium.com\\\/fr\\\/#organization\",\"name\":\"Volthium\",\"url\":\"https:\\\/\\\/volthium.com\\\/fr\\\/\",\"logo\":{\"@type\":\"ImageObject\",\"inLanguage\":\"fr-CA\",\"@id\":\"https:\\\/\\\/volthium.com\\\/fr\\\/#\\\/schema\\\/logo\\\/image\\\/\",\"url\":\"https:\\\/\\\/volthium.com\\\/wp-content\\\/uploads\\\/2024\\\/01\\\/Logo-Volthium_Sans-energie.svg\",\"contentUrl\":\"https:\\\/\\\/volthium.com\\\/wp-content\\\/uploads\\\/2024\\\/01\\\/Logo-Volthium_Sans-energie.svg\",\"width\":793,\"height\":453,\"caption\":\"Volthium\"},\"image\":{\"@id\":\"https:\\\/\\\/volthium.com\\\/fr\\\/#\\\/schema\\\/logo\\\/image\\\/\"}}]}<\/script>\n<!-- \/ Yoast SEO plugin. -->","yoast_head_json":{"title":"CHARGEUR 51.2V 9AH \u2013 CSA - Volthium","robots":{"index":"index","follow":"follow","max-snippet":"max-snippet:-1","max-image-preview":"max-image-preview:large","max-video-preview":"max-video-preview:-1"},"canonical":"https:\/\/volthium.com\/fr\/produit\/chargeur-51-2v-9ah-csa\/","og_locale":"fr_CA","og_type":"article","og_title":"CHARGEUR 51.2V 9AH \u2013 CSA - Volthium","og_description":"Le meilleur chargeur sp\u00e9cialement con\u00e7u pour vos batteries au lithium 48V ! Avec jusqu&rsquo;\u00e0 9A de courant de charge disponible,\u00a0il [&hellip;]","og_url":"https:\/\/volthium.com\/fr\/produit\/chargeur-51-2v-9ah-csa\/","og_site_name":"Volthium","article_modified_time":"2024-07-25T15:44:47+00:00","og_image":[{"width":1959,"height":858,"url":"https:\/\/volthium.com\/wp-content\/uploads\/2024\/07\/image_chargeur_51.2V_detoure.png","type":"image\/png"}],"twitter_card":"summary_large_image","twitter_misc":{"Estimation du temps de lecture":"1 minute"},"schema":{"@context":"https:\/\/schema.org","@graph":[{"@type":"WebPage","@id":"https:\/\/volthium.com\/fr\/produit\/chargeur-51-2v-9ah-csa\/","url":"https:\/\/volthium.com\/fr\/produit\/chargeur-51-2v-9ah-csa\/","name":"CHARGEUR 51.2V 9AH \u2013 CSA - Volthium","isPartOf":{"@id":"https:\/\/volthium.com\/fr\/#website"},"primaryImageOfPage":{"@id":"https:\/\/volthium.com\/fr\/produit\/chargeur-51-2v-9ah-csa\/#primaryimage"},"image":{"@id":"https:\/\/volthium.com\/fr\/produit\/chargeur-51-2v-9ah-csa\/#primaryimage"},"thumbnailUrl":"https:\/\/volthium.com\/wp-content\/uploads\/2024\/07\/image_chargeur_51.2V_detoure.png","datePublished":"2024-07-25T15:44:11+00:00","dateModified":"2024-07-25T15:44:47+00:00","breadcrumb":{"@id":"https:\/\/volthium.com\/fr\/produit\/chargeur-51-2v-9ah-csa\/#breadcrumb"},"inLanguage":"fr-CA","potentialAction":[{"@type":"ReadAction","target":["https:\/\/volthium.com\/fr\/produit\/chargeur-51-2v-9ah-csa\/"]}]},{"@type":"ImageObject","inLanguage":"fr-CA","@id":"https:\/\/volthium.com\/fr\/produit\/chargeur-51-2v-9ah-csa\/#primaryimage","url":"https:\/\/volthium.com\/wp-content\/uploads\/2024\/07\/image_chargeur_51.2V_detoure.png","contentUrl":"https:\/\/volthium.com\/wp-content\/uploads\/2024\/07\/image_chargeur_51.2V_detoure.png","width":1959,"height":858},{"@type":"BreadcrumbList","@id":"https:\/\/volthium.com\/fr\/produit\/chargeur-51-2v-9ah-csa\/#breadcrumb","itemListElement":[{"@type":"ListItem","position":1,"name":"Accueil","item":"https:\/\/volthium.com\/fr\/"},{"@type":"ListItem","position":2,"name":"Boutique en ligne","item":"https:\/\/volthium.com\/fr\/boutique\/"},{"@type":"ListItem","position":3,"name":"CHARGEUR 51.2V 9AH \u2013 CSA"}]},{"@type":"WebSite","@id":"https:\/\/volthium.com\/fr\/#website","url":"https:\/\/volthium.com\/fr\/","name":"Volthium","description":"Logo Volthium","publisher":{"@id":"https:\/\/volthium.com\/fr\/#organization"},"potentialAction":[{"@type":"SearchAction","target":{"@type":"EntryPoint","urlTemplate":"https:\/\/volthium.com\/fr\/?s={search_term_string}"},"query-input":{"@type":"PropertyValueSpecification","valueRequired":true,"valueName":"search_term_string"}}],"inLanguage":"fr-CA"},{"@type":"Organization","@id":"https:\/\/volthium.com\/fr\/#organization","name":"Volthium","url":"https:\/\/volthium.com\/fr\/","logo":{"@type":"ImageObject","inLanguage":"fr-CA","@id":"https:\/\/volthium.com\/fr\/#\/schema\/logo\/image\/","url":"https:\/\/volthium.com\/wp-content\/uploads\/2024\/01\/Logo-Volthium_Sans-energie.svg","contentUrl":"https:\/\/volthium.com\/wp-content\/uploads\/2024\/01\/Logo-Volthium_Sans-energie.svg","width":793,"height":453,"caption":"Volthium"},"image":{"@id":"https:\/\/volthium.com\/fr\/#\/schema\/logo\/image\/"}}]}},"_links":{"self":[{"href":"https:\/\/volthium.com\/fr\/wp-json\/wp\/v2\/product\/4167","targetHints":{"allow":["GET"]}}],"collection":[{"href":"https:\/\/volthium.com\/fr\/wp-json\/wp\/v2\/product"}],"about":[{"href":"https:\/\/volthium.com\/fr\/wp-json\/wp\/v2\/types\/product"}],"replies":[{"embeddable":true,"href":"https:\/\/volthium.com\/fr\/wp-json\/wp\/v2\/comments?post=4167"}],"wp:featuredmedia":[{"embeddable":true,"href":"https:\/\/volthium.com\/fr\/wp-json\/wp\/v2\/media\/4168"}],"wp:attachment":[{"href":"https:\/\/volthium.com\/fr\/wp-json\/wp\/v2\/media?parent=4167"}],"wp:term":[{"taxonomy":"product_brand","embeddable":true,"href":"https:\/\/volthium.com\/fr\/wp-json\/wp\/v2\/product_brand?post=4167"},{"taxonomy":"product_cat","embeddable":true,"href":"https:\/\/volthium.com\/fr\/wp-json\/wp\/v2\/product_cat?post=4167"},{"taxonomy":"product_tag","embeddable":true,"href":"https:\/\/volthium.com\/fr\/wp-json\/wp\/v2\/product_tag?post=4167"}],"curies":[{"name":"wp","href":"https:\/\/api.w.org\/{rel}","templated":true}]}}