{"id":3994,"date":"2024-07-23T11:41:17","date_gmt":"2024-07-23T15:41:17","guid":{"rendered":"https:\/\/volthium.com\/?post_type=product&#038;p=3994"},"modified":"2026-04-29T09:21:17","modified_gmt":"2026-04-29T13:21:17","slug":"relais-bim225","status":"publish","type":"product","link":"https:\/\/volthium.com\/fr\/produit\/relais-bim225\/","title":{"rendered":"BIM225 &#8211; RELAIS DE CHARGE LITHIUM PRECISION CIRCUIT"},"content":{"rendered":"<p>Le relais de charge pour <a href=\"\/fr\/categorie-produit\/batteries\/24v\/\">batteries au lithium<\/a> (Li-BIM) de Precision Circuits, est un isolateur de batterie intelligent qui g\u00e8re la batterie domestique et la batterie du moteur\/d\u00e9marreur dans un v\u00e9hicule r\u00e9cr\u00e9atif, un camping-car ou une caravane \u00e0 sellette. Cela \u00e9vite que les charges d&rsquo;un syst\u00e8me ne d\u00e9chargent les deux batteries. Il connecte \u00e9galement les deux syst\u00e8mes de batterie ensemble pendant la charge. Les deux batteries sont charg\u00e9es si l&rsquo;une ou l&rsquo;autre est en cours de charge. La batterie de l&rsquo;habitacle est charg\u00e9e pendant la conduite et la batterie du moteur est charg\u00e9e lorsqu&rsquo;elle est branch\u00e9e \u00e0 l&rsquo;alimentation de quai sur un terrain de camping.<\/p>\n<h6>Un appareil intelligent<\/h6>\n<p>Le Li-BIM est bas\u00e9 sur un microprocesseur, et est beaucoup plus intelligent que votre isolateur de batterie moyen. Il surveille la tension de la batterie sur de longues p\u00e9riodes, et ne d\u00e9pend pas seulement de la tension. Les r\u00e9glages de tension du Li-BIM sont tels qu&rsquo;il fonctionne bien avec une batterie de moteur au plomb et une batterie d&rsquo;habitacle au lithium.<\/p>\n<h6>Fonctionnement<\/h6>\n<p>Le Li-BIM surveille la tension de la batterie du moteur au plomb et de la batterie de l&rsquo;habitacle au lithium sur de longues p\u00e9riodes. S&rsquo;il d\u00e9tecte une tension de charge, il connecte les deux batteries ensemble. Il chargera la batterie de servitude \u00e0 partir de l&rsquo;alternateur, ainsi que la batterie du moteur \u00e0 partir de l&rsquo;alimentation de quai, selon l&rsquo;endroit o\u00f9 il d\u00e9tecte une tension de charge. Il d\u00e9connectera la batterie de l&rsquo;habitacle si l&rsquo;alternateur d\u00e9passe 14,4 volts, pour \u00e9viter la surcharge des <a href=\"\/fr\/categorie-produit\/batteries\/48v\/\">batteries lithium<\/a>. Le Li-BIM charge la batterie de servitude pendant 15 minutes lorsqu&rsquo;il d\u00e9tecte une tension de charge du c\u00f4t\u00e9 du moteur, puis il la d\u00e9connecte pendant 15 minutes pour permettre \u00e0 l&rsquo;alternateur de refroidir, et il r\u00e9p\u00e8te ce cycle jusqu&rsquo;\u00e0 ce que la batterie de servitude soit pleine.<\/p>\n<p>Pour la batterie du moteur, le Li-BIM surveillera les tensions de la batterie des deux c\u00f4t\u00e9s, et chargera \u00e0 partir de la batterie de l&rsquo;habitacle s&rsquo;il y voit une tension de charge, et moins de 12,6 volts du c\u00f4t\u00e9 du moteur. Il chargera pendant un maximum d&rsquo;une heure de cette fa\u00e7on, puis se d\u00e9connectera \u00e0 nouveau pour prendre une autre lecture de tension.<\/p>\n<p>La borne d&rsquo;allumage du Li-BIM est utilis\u00e9e pour d\u00e9tecter si le moteur est en marche (et qu&rsquo;il peut potentiellement charger du moteur \u00e0 la batterie de l&rsquo;habitacle). Si le contact est coup\u00e9, le Li-BIM se d\u00e9connecte imm\u00e9diatement. La borne \u00ab\u00a0dash switch\u00a0\u00bb est optionnelle. Si elle est connect\u00e9e \u00e0 la terre ou au positif de la batterie (les deux fonctionnent) le Li-BIM se connectera imm\u00e9diatement, ind\u00e9pendamment de la tension de la batterie. Il est destin\u00e9 \u00e0 \u00eatre utilis\u00e9 avec un interrupteur momentan\u00e9, pour connecter temporairement la batterie de l&rsquo;habitacle et la batterie du moteur ensemble (par exemple pour d\u00e9marrer le moteur dans le cas o\u00f9 la batterie du moteur est faible). Il se d\u00e9connecte d\u00e8s que l&rsquo;on rel\u00e2che l&rsquo;interrupteur.<\/p>\n<h6>Informations techniques<\/h6>\n<p>Il ne consomme aucun courant en \u00e9tat de marche ou d&rsquo;arr\u00eat. Il supporte des courants de 225 Amp en continu, et de 1 200 Amp pendant 30 secondes. Veuillez noter que la fiche technique (dans la section \u00ab\u00a0documents\u00a0\u00bb) est erron\u00e9e ; elle indique 160A pour cette version du Li-BIM, alors que l&rsquo;unit\u00e9 est r\u00e9ellement con\u00e7ue pour 225A en continu.<\/p>\n","protected":false},"excerpt":{"rendered":"<p>Le relais de charge pour batteries au lithium (Li-BIM) de Precision Circuits, est un isolateur de batterie intelligent qui g\u00e8re [&hellip;]<\/p>\n","protected":false},"featured_media":3995,"comment_status":"open","ping_status":"closed","template":"","meta":{"_acf_changed":false,"inline_featured_image":false,"site-sidebar-layout":"default","site-content-layout":"","ast-site-content-layout":"default","site-content-style":"default","site-sidebar-style":"default","ast-global-header-display":"","ast-banner-title-visibility":"","ast-main-header-display":"","ast-hfb-above-header-display":"","ast-hfb-below-header-display":"","ast-hfb-mobile-header-display":"","site-post-title":"","ast-breadcrumbs-content":"","ast-featured-img":"","footer-sml-layout":"","ast-disable-related-posts":"","theme-transparent-header-meta":"default","adv-header-id-meta":"","stick-header-meta":"","header-above-stick-meta":"","header-main-stick-meta":"","header-below-stick-meta":"","astra-migrate-meta-layouts":"set","ast-page-background-enabled":"default","ast-page-background-meta":{"desktop":{"background-color":"var(--ast-global-color-4)","background-image":"","background-repeat":"repeat","background-position":"center center","background-size":"auto","background-attachment":"scroll","background-type":"","background-media":"","overlay-type":"","overlay-color":"","overlay-opacity":"","overlay-gradient":""},"tablet":{"background-color":"","background-image":"","background-repeat":"repeat","background-position":"center center","background-size":"auto","background-attachment":"scroll","background-type":"","background-media":"","overlay-type":"","overlay-color":"","overlay-opacity":"","overlay-gradient":""},"mobile":{"background-color":"","background-image":"","background-repeat":"repeat","background-position":"center center","background-size":"auto","background-attachment":"scroll","background-type":"","background-media":"","overlay-type":"","overlay-color":"","overlay-opacity":"","overlay-gradient":""}},"ast-content-background-meta":{"desktop":{"background-color":"var(--ast-global-color-5)","background-image":"","background-repeat":"repeat","background-position":"center center","background-size":"auto","background-attachment":"scroll","background-type":"","background-media":"","overlay-type":"","overlay-color":"","overlay-opacity":"","overlay-gradient":""},"tablet":{"background-color":"var(--ast-global-color-5)","background-image":"","background-repeat":"repeat","background-position":"center center","background-size":"auto","background-attachment":"scroll","background-type":"","background-media":"","overlay-type":"","overlay-color":"","overlay-opacity":"","overlay-gradient":""},"mobile":{"background-color":"var(--ast-global-color-5)","background-image":"","background-repeat":"repeat","background-position":"center center","background-size":"auto","background-attachment":"scroll","background-type":"","background-media":"","overlay-type":"","overlay-color":"","overlay-opacity":"","overlay-gradient":""}}},"product_brand":[],"product_cat":[24,152],"product_tag":[],"class_list":{"0":"post-3994","1":"product","2":"type-product","3":"status-publish","4":"has-post-thumbnail","6":"product_cat-chargeur","7":"product_cat-relais-de-charge","8":"desktop-align-left","9":"tablet-align-left","10":"mobile-align-left","12":"first","13":"instock","14":"taxable","15":"shipping-taxable","16":"purchasable","17":"product-type-simple"},"acf":[],"yoast_head":"<!-- This site is optimized with the Yoast SEO plugin v27.5 - https:\/\/yoast.com\/product\/yoast-seo-wordpress\/ -->\n<title>BIM225 - RELAIS DE CHARGE LITHIUM PRECISION CIRCUIT<\/title>\n<meta name=\"description\" content=\"Le BIM 225 est un isolateur de batterie intelligent qui g\u00e8re la batterie de l&#039;habitacle et la batterie du moteur\/d\u00e9marreur dans un v\u00e9hicule r\u00e9cr\u00e9atif.\" \/>\n<meta name=\"robots\" content=\"index, follow, max-snippet:-1, max-image-preview:large, max-video-preview:-1\" \/>\n<link rel=\"canonical\" href=\"https:\/\/volthium.com\/fr\/produit\/relais-bim225\/\" \/>\n<meta property=\"og:locale\" content=\"fr_CA\" \/>\n<meta property=\"og:type\" content=\"article\" \/>\n<meta property=\"og:title\" content=\"BIM225 - RELAIS DE CHARGE LITHIUM PRECISION CIRCUIT\" \/>\n<meta property=\"og:description\" content=\"Le BIM 225 est un isolateur de batterie intelligent qui g\u00e8re la batterie de l&#039;habitacle et la batterie du moteur\/d\u00e9marreur dans un v\u00e9hicule r\u00e9cr\u00e9atif.\" \/>\n<meta property=\"og:url\" content=\"https:\/\/volthium.com\/fr\/produit\/relais-bim225\/\" \/>\n<meta property=\"og:site_name\" content=\"Volthium\" \/>\n<meta property=\"article:modified_time\" content=\"2026-04-29T13:21:17+00:00\" \/>\n<meta property=\"og:image\" content=\"https:\/\/volthium.com\/wp-content\/uploads\/2024\/07\/BIM-225-precision-circuit_Rectangle.png\" \/>\n\t<meta property=\"og:image:width\" content=\"1959\" \/>\n\t<meta property=\"og:image:height\" content=\"858\" \/>\n\t<meta property=\"og:image:type\" content=\"image\/png\" \/>\n<meta name=\"twitter:card\" content=\"summary_large_image\" \/>\n<meta name=\"twitter:label1\" content=\"Estimation du temps de lecture\" \/>\n\t<meta name=\"twitter:data1\" content=\"3 minutes\" \/>\n<script type=\"application\/ld+json\" class=\"yoast-schema-graph\">{\"@context\":\"https:\\\/\\\/schema.org\",\"@graph\":[{\"@type\":\"WebPage\",\"@id\":\"https:\\\/\\\/volthium.com\\\/fr\\\/produit\\\/relais-bim225\\\/\",\"url\":\"https:\\\/\\\/volthium.com\\\/fr\\\/produit\\\/relais-bim225\\\/\",\"name\":\"BIM225 - RELAIS DE CHARGE LITHIUM PRECISION CIRCUIT\",\"isPartOf\":{\"@id\":\"https:\\\/\\\/volthium.com\\\/fr\\\/#website\"},\"primaryImageOfPage\":{\"@id\":\"https:\\\/\\\/volthium.com\\\/fr\\\/produit\\\/relais-bim225\\\/#primaryimage\"},\"image\":{\"@id\":\"https:\\\/\\\/volthium.com\\\/fr\\\/produit\\\/relais-bim225\\\/#primaryimage\"},\"thumbnailUrl\":\"https:\\\/\\\/volthium.com\\\/wp-content\\\/uploads\\\/2024\\\/07\\\/BIM-225-precision-circuit_Rectangle.png\",\"datePublished\":\"2024-07-23T15:41:17+00:00\",\"dateModified\":\"2026-04-29T13:21:17+00:00\",\"description\":\"Le BIM 225 est un isolateur de batterie intelligent qui g\u00e8re la batterie de l'habitacle et la batterie du moteur\\\/d\u00e9marreur dans un v\u00e9hicule r\u00e9cr\u00e9atif.\",\"breadcrumb\":{\"@id\":\"https:\\\/\\\/volthium.com\\\/fr\\\/produit\\\/relais-bim225\\\/#breadcrumb\"},\"inLanguage\":\"fr-CA\",\"potentialAction\":[{\"@type\":\"ReadAction\",\"target\":[\"https:\\\/\\\/volthium.com\\\/fr\\\/produit\\\/relais-bim225\\\/\"]}]},{\"@type\":\"ImageObject\",\"inLanguage\":\"fr-CA\",\"@id\":\"https:\\\/\\\/volthium.com\\\/fr\\\/produit\\\/relais-bim225\\\/#primaryimage\",\"url\":\"https:\\\/\\\/volthium.com\\\/wp-content\\\/uploads\\\/2024\\\/07\\\/BIM-225-precision-circuit_Rectangle.png\",\"contentUrl\":\"https:\\\/\\\/volthium.com\\\/wp-content\\\/uploads\\\/2024\\\/07\\\/BIM-225-precision-circuit_Rectangle.png\",\"width\":1959,\"height\":858},{\"@type\":\"BreadcrumbList\",\"@id\":\"https:\\\/\\\/volthium.com\\\/fr\\\/produit\\\/relais-bim225\\\/#breadcrumb\",\"itemListElement\":[{\"@type\":\"ListItem\",\"position\":1,\"name\":\"Accueil\",\"item\":\"https:\\\/\\\/volthium.com\\\/fr\\\/\"},{\"@type\":\"ListItem\",\"position\":2,\"name\":\"Boutique en ligne\",\"item\":\"https:\\\/\\\/volthium.com\\\/fr\\\/boutique\\\/\"},{\"@type\":\"ListItem\",\"position\":3,\"name\":\"BIM225 &#8211; RELAIS DE CHARGE LITHIUM PRECISION CIRCUIT\"}]},{\"@type\":\"WebSite\",\"@id\":\"https:\\\/\\\/volthium.com\\\/fr\\\/#website\",\"url\":\"https:\\\/\\\/volthium.com\\\/fr\\\/\",\"name\":\"Volthium\",\"description\":\"Logo Volthium\",\"publisher\":{\"@id\":\"https:\\\/\\\/volthium.com\\\/fr\\\/#organization\"},\"potentialAction\":[{\"@type\":\"SearchAction\",\"target\":{\"@type\":\"EntryPoint\",\"urlTemplate\":\"https:\\\/\\\/volthium.com\\\/fr\\\/?s={search_term_string}\"},\"query-input\":{\"@type\":\"PropertyValueSpecification\",\"valueRequired\":true,\"valueName\":\"search_term_string\"}}],\"inLanguage\":\"fr-CA\"},{\"@type\":\"Organization\",\"@id\":\"https:\\\/\\\/volthium.com\\\/fr\\\/#organization\",\"name\":\"Volthium\",\"url\":\"https:\\\/\\\/volthium.com\\\/fr\\\/\",\"logo\":{\"@type\":\"ImageObject\",\"inLanguage\":\"fr-CA\",\"@id\":\"https:\\\/\\\/volthium.com\\\/fr\\\/#\\\/schema\\\/logo\\\/image\\\/\",\"url\":\"https:\\\/\\\/volthium.com\\\/wp-content\\\/uploads\\\/2024\\\/01\\\/Logo-Volthium_Sans-energie.svg\",\"contentUrl\":\"https:\\\/\\\/volthium.com\\\/wp-content\\\/uploads\\\/2024\\\/01\\\/Logo-Volthium_Sans-energie.svg\",\"width\":793,\"height\":453,\"caption\":\"Volthium\"},\"image\":{\"@id\":\"https:\\\/\\\/volthium.com\\\/fr\\\/#\\\/schema\\\/logo\\\/image\\\/\"}}]}<\/script>\n<!-- \/ Yoast SEO plugin. -->","yoast_head_json":{"title":"BIM225 - RELAIS DE CHARGE LITHIUM PRECISION CIRCUIT","description":"Le BIM 225 est un isolateur de batterie intelligent qui g\u00e8re la batterie de l'habitacle et la batterie du moteur\/d\u00e9marreur dans un v\u00e9hicule r\u00e9cr\u00e9atif.","robots":{"index":"index","follow":"follow","max-snippet":"max-snippet:-1","max-image-preview":"max-image-preview:large","max-video-preview":"max-video-preview:-1"},"canonical":"https:\/\/volthium.com\/fr\/produit\/relais-bim225\/","og_locale":"fr_CA","og_type":"article","og_title":"BIM225 - RELAIS DE CHARGE LITHIUM PRECISION CIRCUIT","og_description":"Le BIM 225 est un isolateur de batterie intelligent qui g\u00e8re la batterie de l'habitacle et la batterie du moteur\/d\u00e9marreur dans un v\u00e9hicule r\u00e9cr\u00e9atif.","og_url":"https:\/\/volthium.com\/fr\/produit\/relais-bim225\/","og_site_name":"Volthium","article_modified_time":"2026-04-29T13:21:17+00:00","og_image":[{"width":1959,"height":858,"url":"https:\/\/volthium.com\/wp-content\/uploads\/2024\/07\/BIM-225-precision-circuit_Rectangle.png","type":"image\/png"}],"twitter_card":"summary_large_image","twitter_misc":{"Estimation du temps de lecture":"3 minutes"},"schema":{"@context":"https:\/\/schema.org","@graph":[{"@type":"WebPage","@id":"https:\/\/volthium.com\/fr\/produit\/relais-bim225\/","url":"https:\/\/volthium.com\/fr\/produit\/relais-bim225\/","name":"BIM225 - RELAIS DE CHARGE LITHIUM PRECISION CIRCUIT","isPartOf":{"@id":"https:\/\/volthium.com\/fr\/#website"},"primaryImageOfPage":{"@id":"https:\/\/volthium.com\/fr\/produit\/relais-bim225\/#primaryimage"},"image":{"@id":"https:\/\/volthium.com\/fr\/produit\/relais-bim225\/#primaryimage"},"thumbnailUrl":"https:\/\/volthium.com\/wp-content\/uploads\/2024\/07\/BIM-225-precision-circuit_Rectangle.png","datePublished":"2024-07-23T15:41:17+00:00","dateModified":"2026-04-29T13:21:17+00:00","description":"Le BIM 225 est un isolateur de batterie intelligent qui g\u00e8re la batterie de l'habitacle et la batterie du moteur\/d\u00e9marreur dans un v\u00e9hicule r\u00e9cr\u00e9atif.","breadcrumb":{"@id":"https:\/\/volthium.com\/fr\/produit\/relais-bim225\/#breadcrumb"},"inLanguage":"fr-CA","potentialAction":[{"@type":"ReadAction","target":["https:\/\/volthium.com\/fr\/produit\/relais-bim225\/"]}]},{"@type":"ImageObject","inLanguage":"fr-CA","@id":"https:\/\/volthium.com\/fr\/produit\/relais-bim225\/#primaryimage","url":"https:\/\/volthium.com\/wp-content\/uploads\/2024\/07\/BIM-225-precision-circuit_Rectangle.png","contentUrl":"https:\/\/volthium.com\/wp-content\/uploads\/2024\/07\/BIM-225-precision-circuit_Rectangle.png","width":1959,"height":858},{"@type":"BreadcrumbList","@id":"https:\/\/volthium.com\/fr\/produit\/relais-bim225\/#breadcrumb","itemListElement":[{"@type":"ListItem","position":1,"name":"Accueil","item":"https:\/\/volthium.com\/fr\/"},{"@type":"ListItem","position":2,"name":"Boutique en ligne","item":"https:\/\/volthium.com\/fr\/boutique\/"},{"@type":"ListItem","position":3,"name":"BIM225 &#8211; RELAIS DE CHARGE LITHIUM PRECISION CIRCUIT"}]},{"@type":"WebSite","@id":"https:\/\/volthium.com\/fr\/#website","url":"https:\/\/volthium.com\/fr\/","name":"Volthium","description":"Logo Volthium","publisher":{"@id":"https:\/\/volthium.com\/fr\/#organization"},"potentialAction":[{"@type":"SearchAction","target":{"@type":"EntryPoint","urlTemplate":"https:\/\/volthium.com\/fr\/?s={search_term_string}"},"query-input":{"@type":"PropertyValueSpecification","valueRequired":true,"valueName":"search_term_string"}}],"inLanguage":"fr-CA"},{"@type":"Organization","@id":"https:\/\/volthium.com\/fr\/#organization","name":"Volthium","url":"https:\/\/volthium.com\/fr\/","logo":{"@type":"ImageObject","inLanguage":"fr-CA","@id":"https:\/\/volthium.com\/fr\/#\/schema\/logo\/image\/","url":"https:\/\/volthium.com\/wp-content\/uploads\/2024\/01\/Logo-Volthium_Sans-energie.svg","contentUrl":"https:\/\/volthium.com\/wp-content\/uploads\/2024\/01\/Logo-Volthium_Sans-energie.svg","width":793,"height":453,"caption":"Volthium"},"image":{"@id":"https:\/\/volthium.com\/fr\/#\/schema\/logo\/image\/"}}]}},"_links":{"self":[{"href":"https:\/\/volthium.com\/fr\/wp-json\/wp\/v2\/product\/3994","targetHints":{"allow":["GET"]}}],"collection":[{"href":"https:\/\/volthium.com\/fr\/wp-json\/wp\/v2\/product"}],"about":[{"href":"https:\/\/volthium.com\/fr\/wp-json\/wp\/v2\/types\/product"}],"replies":[{"embeddable":true,"href":"https:\/\/volthium.com\/fr\/wp-json\/wp\/v2\/comments?post=3994"}],"wp:featuredmedia":[{"embeddable":true,"href":"https:\/\/volthium.com\/fr\/wp-json\/wp\/v2\/media\/3995"}],"wp:attachment":[{"href":"https:\/\/volthium.com\/fr\/wp-json\/wp\/v2\/media?parent=3994"}],"wp:term":[{"taxonomy":"product_brand","embeddable":true,"href":"https:\/\/volthium.com\/fr\/wp-json\/wp\/v2\/product_brand?post=3994"},{"taxonomy":"product_cat","embeddable":true,"href":"https:\/\/volthium.com\/fr\/wp-json\/wp\/v2\/product_cat?post=3994"},{"taxonomy":"product_tag","embeddable":true,"href":"https:\/\/volthium.com\/fr\/wp-json\/wp\/v2\/product_tag?post=3994"}],"curies":[{"name":"wp","href":"https:\/\/api.w.org\/{rel}","templated":true}]}}