{"id":3989,"date":"2024-07-23T09:54:02","date_gmt":"2024-07-23T13:54:02","guid":{"rendered":"https:\/\/volthium.com\/?post_type=product&#038;p=3989"},"modified":"2025-03-07T11:51:06","modified_gmt":"2025-03-07T16:51:06","slug":"chargeur-victron-bluesmart-lifepo4-12v-8a","status":"publish","type":"product","link":"https:\/\/volthium.com\/fr\/produit\/chargeur-victron-bluesmart-lifepo4-12v-8a\/","title":{"rendered":"CHARGEUR VICTRON BLUESMART LIFEPO4 24V 8A"},"content":{"rendered":"<p>Le chargeur Blue Smart IP65 est le nouveau chargeur de batterie professionnel avec Bluetooth int\u00e9gr\u00e9 de Victron !<br \/>\nLe chargeur Blue Smart LifePO4 peut \u00eatre utilis\u00e9 pour charger vos batteries mais aussi avec des appareils dans votre atelier et sur vos v\u00e9hicules moteurs tels que des voitures (classiques), des motos, des bateaux et des camping-cars.<\/p>\n<p>&nbsp;<\/p>\n<h6>La batterie est charg\u00e9e, intelligemment pour \u00eatre en parfait \u00e9tat!<\/h6>\n<p>L&rsquo;algorithme de charge \u00e0 sept \u00e9tapes tire le meilleur de votre batterie. Le chargeur donne \u00e0 la batterie l&rsquo;\u00e9nergie dont elle a besoin, la maintient en \u00e9tat, et assure une meilleure performance&#8230; et une plus longue dur\u00e9e de vie.<\/p>\n<h6>R\u00e9cup\u00e9ration de batteries \u00ab mortes \u00bb profond\u00e9ment d\u00e9charg\u00e9es<\/h6>\n<p>Contrairement aux chargeurs pour batterie \u00e0 l&rsquo;acide-plomb, le chargeur Blue Smart IP65 permettra de recharger votre batterie profond\u00e9ment d\u00e9charg\u00e9e en for\u00e7ant son alimentation avec un faible courant. La charge normale reprendra d\u00e8s qu&rsquo;une tension suffisante traversera les bornes de la batterie.<\/p>\n<h6>Connecter facilement la batterie<\/h6>\n<p>Le chargeur est livr\u00e9 avec des pinces crocodiles et des connecteurs M8 ce qui permet de le raccorder facilement \u00e0 la batterie. Si vous souhaitez, vous pouvez le laisser branch\u00e9 en permanence.<\/p>\n<h6>V\u00e9rifier l&rsquo;\u00e9tat de votre batterie \u00e0 distance<\/h6>\n<p>Le chargeur Blue Smart IP65 est \u00e9quip\u00e9 d&rsquo;une connexion Bluetooth int\u00e9gr\u00e9e, ce qui permet de v\u00e9rifier l&rsquo;\u00e9tat du chargeur et de la batterie depuis un smartphone, une tablette ou un ordinateur portable. Tous les param\u00e8tres du chargeur peuvent \u00eatre configur\u00e9s \u00e0 l&rsquo;aide de l&rsquo;application VictronConnect (t\u00e9l\u00e9chargez l&rsquo;application <a href=\"https:\/\/apps.apple.com\/us\/app\/victronconnect\/id943840744\">iOS<\/a> ou <a href=\"https:\/\/play.google.com\/store\/apps\/details?id=com.victronenergy.victronconnect\">Android<\/a>).<\/p>\n","protected":false},"excerpt":{"rendered":"<p>Le chargeur Blue Smart LifePO4 peut \u00eatre utilis\u00e9 pour charger vos batteries mais aussi avec des appareils dans votre atelier et sur vos v\u00e9hicules moteurs tels que des voitures (classiques), des motos, des bateaux et des camping-cars.<\/p>\n","protected":false},"featured_media":3992,"comment_status":"open","ping_status":"closed","template":"","meta":{"_acf_changed":false,"inline_featured_image":false,"site-sidebar-layout":"default","site-content-layout":"","ast-site-content-layout":"default","site-content-style":"default","site-sidebar-style":"default","ast-global-header-display":"","ast-banner-title-visibility":"","ast-main-header-display":"","ast-hfb-above-header-display":"","ast-hfb-below-header-display":"","ast-hfb-mobile-header-display":"","site-post-title":"","ast-breadcrumbs-content":"","ast-featured-img":"","footer-sml-layout":"","ast-disable-related-posts":"","theme-transparent-header-meta":"default","adv-header-id-meta":"","stick-header-meta":"","header-above-stick-meta":"","header-main-stick-meta":"","header-below-stick-meta":"","astra-migrate-meta-layouts":"set","ast-page-background-enabled":"default","ast-page-background-meta":{"desktop":{"background-color":"var(--ast-global-color-4)","background-image":"","background-repeat":"repeat","background-position":"center center","background-size":"auto","background-attachment":"scroll","background-type":"","background-media":"","overlay-type":"","overlay-color":"","overlay-opacity":"","overlay-gradient":""},"tablet":{"background-color":"","background-image":"","background-repeat":"repeat","background-position":"center center","background-size":"auto","background-attachment":"scroll","background-type":"","background-media":"","overlay-type":"","overlay-color":"","overlay-opacity":"","overlay-gradient":""},"mobile":{"background-color":"","background-image":"","background-repeat":"repeat","background-position":"center center","background-size":"auto","background-attachment":"scroll","background-type":"","background-media":"","overlay-type":"","overlay-color":"","overlay-opacity":"","overlay-gradient":""}},"ast-content-background-meta":{"desktop":{"background-color":"var(--ast-global-color-5)","background-image":"","background-repeat":"repeat","background-position":"center center","background-size":"auto","background-attachment":"scroll","background-type":"","background-media":"","overlay-type":"","overlay-color":"","overlay-opacity":"","overlay-gradient":""},"tablet":{"background-color":"var(--ast-global-color-5)","background-image":"","background-repeat":"repeat","background-position":"center center","background-size":"auto","background-attachment":"scroll","background-type":"","background-media":"","overlay-type":"","overlay-color":"","overlay-opacity":"","overlay-gradient":""},"mobile":{"background-color":"var(--ast-global-color-5)","background-image":"","background-repeat":"repeat","background-position":"center center","background-size":"auto","background-attachment":"scroll","background-type":"","background-media":"","overlay-type":"","overlay-color":"","overlay-opacity":"","overlay-gradient":""}}},"product_brand":[207],"product_cat":[24,25],"product_tag":[],"class_list":{"0":"post-3989","1":"product","2":"type-product","3":"status-publish","4":"has-post-thumbnail","6":"product_brand-victron","7":"product_cat-chargeur","8":"product_cat-chargeur-plug-n-charge","9":"desktop-align-left","10":"tablet-align-left","11":"mobile-align-left","13":"first","14":"instock","15":"taxable","16":"shipping-taxable","17":"purchasable","18":"product-type-simple"},"acf":[],"yoast_head":"<!-- This site is optimized with the Yoast SEO plugin v27.2 - https:\/\/yoast.com\/product\/yoast-seo-wordpress\/ -->\n<title>CHARGEUR VICTRON BLUESMART LIFEPO4 24V 8A - Volthium<\/title>\n<meta name=\"description\" content=\"Le chargeur Blue Smart IP65 de Victron est un chargeur de batterie professionnel avec Bluetooth int\u00e9gr\u00e9, parfaitement adapt\u00e9 pour vos batteries au lithium !\" \/>\n<meta name=\"robots\" content=\"index, follow, max-snippet:-1, max-image-preview:large, max-video-preview:-1\" \/>\n<link rel=\"canonical\" href=\"https:\/\/volthium.com\/fr\/produit\/chargeur-victron-bluesmart-lifepo4-12v-8a\/\" \/>\n<meta property=\"og:locale\" content=\"fr_CA\" \/>\n<meta property=\"og:type\" content=\"article\" \/>\n<meta property=\"og:title\" content=\"CHARGEUR VICTRON BLUESMART LIFEPO4 24V 8A - Volthium\" \/>\n<meta property=\"og:description\" content=\"Le chargeur Blue Smart IP65 de Victron est un chargeur de batterie professionnel avec Bluetooth int\u00e9gr\u00e9, parfaitement adapt\u00e9 pour vos batteries au lithium !\" \/>\n<meta property=\"og:url\" content=\"https:\/\/volthium.com\/fr\/produit\/chargeur-victron-bluesmart-lifepo4-12v-8a\/\" \/>\n<meta property=\"og:site_name\" content=\"Volthium\" \/>\n<meta property=\"article:modified_time\" content=\"2025-03-07T16:51:06+00:00\" \/>\n<meta property=\"og:image\" content=\"https:\/\/volthium.com\/wp-content\/uploads\/2024\/07\/Blue-Smart-Charger-24V-8A_top_Detoure_Rectangle.png\" \/>\n\t<meta property=\"og:image:width\" content=\"1959\" \/>\n\t<meta property=\"og:image:height\" content=\"858\" \/>\n\t<meta property=\"og:image:type\" content=\"image\/png\" \/>\n<meta name=\"twitter:card\" content=\"summary_large_image\" \/>\n<meta name=\"twitter:label1\" content=\"Estimation du temps de lecture\" \/>\n\t<meta name=\"twitter:data1\" content=\"2 minutes\" \/>\n<script type=\"application\/ld+json\" class=\"yoast-schema-graph\">{\"@context\":\"https:\/\/schema.org\",\"@graph\":[{\"@type\":\"WebPage\",\"@id\":\"https:\/\/volthium.com\/fr\/produit\/chargeur-victron-bluesmart-lifepo4-12v-8a\/\",\"url\":\"https:\/\/volthium.com\/fr\/produit\/chargeur-victron-bluesmart-lifepo4-12v-8a\/\",\"name\":\"CHARGEUR VICTRON BLUESMART LIFEPO4 24V 8A - Volthium\",\"isPartOf\":{\"@id\":\"https:\/\/volthium.com\/fr\/#website\"},\"primaryImageOfPage\":{\"@id\":\"https:\/\/volthium.com\/fr\/produit\/chargeur-victron-bluesmart-lifepo4-12v-8a\/#primaryimage\"},\"image\":{\"@id\":\"https:\/\/volthium.com\/fr\/produit\/chargeur-victron-bluesmart-lifepo4-12v-8a\/#primaryimage\"},\"thumbnailUrl\":\"https:\/\/volthium.com\/wp-content\/uploads\/2024\/07\/Blue-Smart-Charger-24V-8A_top_Detoure_Rectangle.png\",\"datePublished\":\"2024-07-23T13:54:02+00:00\",\"dateModified\":\"2025-03-07T16:51:06+00:00\",\"description\":\"Le chargeur Blue Smart IP65 de Victron est un chargeur de batterie professionnel avec Bluetooth int\u00e9gr\u00e9, parfaitement adapt\u00e9 pour vos batteries au lithium !\",\"breadcrumb\":{\"@id\":\"https:\/\/volthium.com\/fr\/produit\/chargeur-victron-bluesmart-lifepo4-12v-8a\/#breadcrumb\"},\"inLanguage\":\"fr-CA\",\"potentialAction\":[{\"@type\":\"ReadAction\",\"target\":[\"https:\/\/volthium.com\/fr\/produit\/chargeur-victron-bluesmart-lifepo4-12v-8a\/\"]}]},{\"@type\":\"ImageObject\",\"inLanguage\":\"fr-CA\",\"@id\":\"https:\/\/volthium.com\/fr\/produit\/chargeur-victron-bluesmart-lifepo4-12v-8a\/#primaryimage\",\"url\":\"https:\/\/volthium.com\/wp-content\/uploads\/2024\/07\/Blue-Smart-Charger-24V-8A_top_Detoure_Rectangle.png\",\"contentUrl\":\"https:\/\/volthium.com\/wp-content\/uploads\/2024\/07\/Blue-Smart-Charger-24V-8A_top_Detoure_Rectangle.png\",\"width\":1959,\"height\":858},{\"@type\":\"BreadcrumbList\",\"@id\":\"https:\/\/volthium.com\/fr\/produit\/chargeur-victron-bluesmart-lifepo4-12v-8a\/#breadcrumb\",\"itemListElement\":[{\"@type\":\"ListItem\",\"position\":1,\"name\":\"Accueil\",\"item\":\"https:\/\/volthium.com\/fr\/\"},{\"@type\":\"ListItem\",\"position\":2,\"name\":\"Boutique en ligne\",\"item\":\"https:\/\/volthium.com\/fr\/boutique\/\"},{\"@type\":\"ListItem\",\"position\":3,\"name\":\"CHARGEUR VICTRON BLUESMART LIFEPO4 24V 8A\"}]},{\"@type\":\"WebSite\",\"@id\":\"https:\/\/volthium.com\/fr\/#website\",\"url\":\"https:\/\/volthium.com\/fr\/\",\"name\":\"Volthium\",\"description\":\"Logo Volthium\",\"publisher\":{\"@id\":\"https:\/\/volthium.com\/fr\/#organization\"},\"potentialAction\":[{\"@type\":\"SearchAction\",\"target\":{\"@type\":\"EntryPoint\",\"urlTemplate\":\"https:\/\/volthium.com\/fr\/?s={search_term_string}\"},\"query-input\":{\"@type\":\"PropertyValueSpecification\",\"valueRequired\":true,\"valueName\":\"search_term_string\"}}],\"inLanguage\":\"fr-CA\"},{\"@type\":\"Organization\",\"@id\":\"https:\/\/volthium.com\/fr\/#organization\",\"name\":\"Volthium\",\"url\":\"https:\/\/volthium.com\/fr\/\",\"logo\":{\"@type\":\"ImageObject\",\"inLanguage\":\"fr-CA\",\"@id\":\"https:\/\/volthium.com\/fr\/#\/schema\/logo\/image\/\",\"url\":\"https:\/\/volthium.com\/wp-content\/uploads\/2024\/01\/Logo-Volthium_Sans-energie.svg\",\"contentUrl\":\"https:\/\/volthium.com\/wp-content\/uploads\/2024\/01\/Logo-Volthium_Sans-energie.svg\",\"width\":793,\"height\":453,\"caption\":\"Volthium\"},\"image\":{\"@id\":\"https:\/\/volthium.com\/fr\/#\/schema\/logo\/image\/\"}}]}<\/script>\n<!-- \/ Yoast SEO plugin. -->","yoast_head_json":{"title":"CHARGEUR VICTRON BLUESMART LIFEPO4 24V 8A - Volthium","description":"Le chargeur Blue Smart IP65 de Victron est un chargeur de batterie professionnel avec Bluetooth int\u00e9gr\u00e9, parfaitement adapt\u00e9 pour vos batteries au lithium !","robots":{"index":"index","follow":"follow","max-snippet":"max-snippet:-1","max-image-preview":"max-image-preview:large","max-video-preview":"max-video-preview:-1"},"canonical":"https:\/\/volthium.com\/fr\/produit\/chargeur-victron-bluesmart-lifepo4-12v-8a\/","og_locale":"fr_CA","og_type":"article","og_title":"CHARGEUR VICTRON BLUESMART LIFEPO4 24V 8A - Volthium","og_description":"Le chargeur Blue Smart IP65 de Victron est un chargeur de batterie professionnel avec Bluetooth int\u00e9gr\u00e9, parfaitement adapt\u00e9 pour vos batteries au lithium !","og_url":"https:\/\/volthium.com\/fr\/produit\/chargeur-victron-bluesmart-lifepo4-12v-8a\/","og_site_name":"Volthium","article_modified_time":"2025-03-07T16:51:06+00:00","og_image":[{"width":1959,"height":858,"url":"https:\/\/volthium.com\/wp-content\/uploads\/2024\/07\/Blue-Smart-Charger-24V-8A_top_Detoure_Rectangle.png","type":"image\/png"}],"twitter_card":"summary_large_image","twitter_misc":{"Estimation du temps de lecture":"2 minutes"},"schema":{"@context":"https:\/\/schema.org","@graph":[{"@type":"WebPage","@id":"https:\/\/volthium.com\/fr\/produit\/chargeur-victron-bluesmart-lifepo4-12v-8a\/","url":"https:\/\/volthium.com\/fr\/produit\/chargeur-victron-bluesmart-lifepo4-12v-8a\/","name":"CHARGEUR VICTRON BLUESMART LIFEPO4 24V 8A - Volthium","isPartOf":{"@id":"https:\/\/volthium.com\/fr\/#website"},"primaryImageOfPage":{"@id":"https:\/\/volthium.com\/fr\/produit\/chargeur-victron-bluesmart-lifepo4-12v-8a\/#primaryimage"},"image":{"@id":"https:\/\/volthium.com\/fr\/produit\/chargeur-victron-bluesmart-lifepo4-12v-8a\/#primaryimage"},"thumbnailUrl":"https:\/\/volthium.com\/wp-content\/uploads\/2024\/07\/Blue-Smart-Charger-24V-8A_top_Detoure_Rectangle.png","datePublished":"2024-07-23T13:54:02+00:00","dateModified":"2025-03-07T16:51:06+00:00","description":"Le chargeur Blue Smart IP65 de Victron est un chargeur de batterie professionnel avec Bluetooth int\u00e9gr\u00e9, parfaitement adapt\u00e9 pour vos batteries au lithium !","breadcrumb":{"@id":"https:\/\/volthium.com\/fr\/produit\/chargeur-victron-bluesmart-lifepo4-12v-8a\/#breadcrumb"},"inLanguage":"fr-CA","potentialAction":[{"@type":"ReadAction","target":["https:\/\/volthium.com\/fr\/produit\/chargeur-victron-bluesmart-lifepo4-12v-8a\/"]}]},{"@type":"ImageObject","inLanguage":"fr-CA","@id":"https:\/\/volthium.com\/fr\/produit\/chargeur-victron-bluesmart-lifepo4-12v-8a\/#primaryimage","url":"https:\/\/volthium.com\/wp-content\/uploads\/2024\/07\/Blue-Smart-Charger-24V-8A_top_Detoure_Rectangle.png","contentUrl":"https:\/\/volthium.com\/wp-content\/uploads\/2024\/07\/Blue-Smart-Charger-24V-8A_top_Detoure_Rectangle.png","width":1959,"height":858},{"@type":"BreadcrumbList","@id":"https:\/\/volthium.com\/fr\/produit\/chargeur-victron-bluesmart-lifepo4-12v-8a\/#breadcrumb","itemListElement":[{"@type":"ListItem","position":1,"name":"Accueil","item":"https:\/\/volthium.com\/fr\/"},{"@type":"ListItem","position":2,"name":"Boutique en ligne","item":"https:\/\/volthium.com\/fr\/boutique\/"},{"@type":"ListItem","position":3,"name":"CHARGEUR VICTRON BLUESMART LIFEPO4 24V 8A"}]},{"@type":"WebSite","@id":"https:\/\/volthium.com\/fr\/#website","url":"https:\/\/volthium.com\/fr\/","name":"Volthium","description":"Logo Volthium","publisher":{"@id":"https:\/\/volthium.com\/fr\/#organization"},"potentialAction":[{"@type":"SearchAction","target":{"@type":"EntryPoint","urlTemplate":"https:\/\/volthium.com\/fr\/?s={search_term_string}"},"query-input":{"@type":"PropertyValueSpecification","valueRequired":true,"valueName":"search_term_string"}}],"inLanguage":"fr-CA"},{"@type":"Organization","@id":"https:\/\/volthium.com\/fr\/#organization","name":"Volthium","url":"https:\/\/volthium.com\/fr\/","logo":{"@type":"ImageObject","inLanguage":"fr-CA","@id":"https:\/\/volthium.com\/fr\/#\/schema\/logo\/image\/","url":"https:\/\/volthium.com\/wp-content\/uploads\/2024\/01\/Logo-Volthium_Sans-energie.svg","contentUrl":"https:\/\/volthium.com\/wp-content\/uploads\/2024\/01\/Logo-Volthium_Sans-energie.svg","width":793,"height":453,"caption":"Volthium"},"image":{"@id":"https:\/\/volthium.com\/fr\/#\/schema\/logo\/image\/"}}]}},"_links":{"self":[{"href":"https:\/\/volthium.com\/fr\/wp-json\/wp\/v2\/product\/3989","targetHints":{"allow":["GET"]}}],"collection":[{"href":"https:\/\/volthium.com\/fr\/wp-json\/wp\/v2\/product"}],"about":[{"href":"https:\/\/volthium.com\/fr\/wp-json\/wp\/v2\/types\/product"}],"replies":[{"embeddable":true,"href":"https:\/\/volthium.com\/fr\/wp-json\/wp\/v2\/comments?post=3989"}],"wp:featuredmedia":[{"embeddable":true,"href":"https:\/\/volthium.com\/fr\/wp-json\/wp\/v2\/media\/3992"}],"wp:attachment":[{"href":"https:\/\/volthium.com\/fr\/wp-json\/wp\/v2\/media?parent=3989"}],"wp:term":[{"taxonomy":"product_brand","embeddable":true,"href":"https:\/\/volthium.com\/fr\/wp-json\/wp\/v2\/product_brand?post=3989"},{"taxonomy":"product_cat","embeddable":true,"href":"https:\/\/volthium.com\/fr\/wp-json\/wp\/v2\/product_cat?post=3989"},{"taxonomy":"product_tag","embeddable":true,"href":"https:\/\/volthium.com\/fr\/wp-json\/wp\/v2\/product_tag?post=3989"}],"curies":[{"name":"wp","href":"https:\/\/api.w.org\/{rel}","templated":true}]}}