{"id":2037,"date":"2024-06-25T15:03:20","date_gmt":"2024-06-25T15:03:20","guid":{"rendered":"https:\/\/volthium.com\/?post_type=product&#038;p=2037"},"modified":"2026-03-13T09:18:00","modified_gmt":"2026-03-13T13:18:00","slug":"victron-energy-smartshunt-moniteur-de-batterie-500-a-bluetooth","status":"publish","type":"product","link":"https:\/\/volthium.com\/fr\/produit\/victron-energy-smartshunt-moniteur-de-batterie-500-a-bluetooth\/","title":{"rendered":"Victron Energy &#8211; Smartshunt moniteur de batterie 500 A (Bluetooth)"},"content":{"rendered":"<ul class=\"a-unordered-list a-vertical a-spacing-mini\">\n<li class=\"a-spacing-mini\"><span class=\"a-list-item\">Victron Energy SmartShunt affiche l&rsquo;\u00e9tat de charge de la batterie % et agit comme une jauge de carburant pour vos batteries<\/span><\/li>\n<li class=\"a-spacing-mini\"><span class=\"a-list-item\">Victron Energy Smartshunt est un excellent moniteur de batterie tout-en-un facile \u00e0 installer. Il enregistre la tension, le courant, l&rsquo;\u00e9nergie et le temps restant, et bien plus encore. Conserve des registres et des graphiques des donn\u00e9es historiques et des alarmes<\/span><\/li>\n<li class=\"a-spacing-mini\"><span class=\"a-list-item\">Connectez Victron Energy Smartshunt \u00e0 votre t\u00e9l\u00e9phone ou tablette via Bluetooth et modifiez facilement les param\u00e8tres ou surveillez vos batteries &#8211; \u00c9conomisez de l&rsquo;espace en n&rsquo;utilisant pas d&rsquo;\u00e9cran d\u00e9di\u00e9<\/span><\/li>\n<li class=\"a-spacing-mini\"><span class=\"a-list-item\">Connectez-vous en option \u00e0 un appareil Victron Energy GX avec un c\u00e2ble VE.Direct, surveillez une deuxi\u00e8me batterie, le milieu de la banque ou la temp\u00e9rature (peut n\u00e9cessiter des pi\u00e8ces suppl\u00e9mentaires)<\/span><\/li>\n<li class=\"a-spacing-mini\"><span class=\"a-list-item\">Une installation incorrecte peut \u00eatre dangereuse. Consultez un professionnel et suivez les codes \u00e9lectriques lors de l&rsquo;installation<\/span><\/li>\n<\/ul>\n","protected":false},"excerpt":{"rendered":"<p><span class=\"a-list-item\">Victron Energy Smartshunt est un excellent moniteur de batterie tout-en-un facile \u00e0 installer. Il enregistre la tension, le courant, l&rsquo;\u00e9nergie et le temps restant, et bien plus encore. Conserve des registres et des graphiques des donn\u00e9es historiques et des alarmes.<\/span><\/p>\n","protected":false},"featured_media":2048,"comment_status":"open","ping_status":"closed","template":"","meta":{"_acf_changed":false,"inline_featured_image":false,"site-sidebar-layout":"default","site-content-layout":"","ast-site-content-layout":"default","site-content-style":"default","site-sidebar-style":"default","ast-global-header-display":"","ast-banner-title-visibility":"","ast-main-header-display":"","ast-hfb-above-header-display":"","ast-hfb-below-header-display":"","ast-hfb-mobile-header-display":"","site-post-title":"","ast-breadcrumbs-content":"","ast-featured-img":"","footer-sml-layout":"","ast-disable-related-posts":"","theme-transparent-header-meta":"default","adv-header-id-meta":"","stick-header-meta":"","header-above-stick-meta":"","header-main-stick-meta":"","header-below-stick-meta":"","astra-migrate-meta-layouts":"set","ast-page-background-enabled":"default","ast-page-background-meta":{"desktop":{"background-color":"var(--ast-global-color-4)","background-image":"","background-repeat":"repeat","background-position":"center center","background-size":"auto","background-attachment":"scroll","background-type":"","background-media":"","overlay-type":"","overlay-color":"","overlay-opacity":"","overlay-gradient":""},"tablet":{"background-color":"","background-image":"","background-repeat":"repeat","background-position":"center center","background-size":"auto","background-attachment":"scroll","background-type":"","background-media":"","overlay-type":"","overlay-color":"","overlay-opacity":"","overlay-gradient":""},"mobile":{"background-color":"","background-image":"","background-repeat":"repeat","background-position":"center center","background-size":"auto","background-attachment":"scroll","background-type":"","background-media":"","overlay-type":"","overlay-color":"","overlay-opacity":"","overlay-gradient":""}},"ast-content-background-meta":{"desktop":{"background-color":"var(--ast-global-color-5)","background-image":"","background-repeat":"repeat","background-position":"center center","background-size":"auto","background-attachment":"scroll","background-type":"","background-media":"","overlay-type":"","overlay-color":"","overlay-opacity":"","overlay-gradient":""},"tablet":{"background-color":"var(--ast-global-color-5)","background-image":"","background-repeat":"repeat","background-position":"center center","background-size":"auto","background-attachment":"scroll","background-type":"","background-media":"","overlay-type":"","overlay-color":"","overlay-opacity":"","overlay-gradient":""},"mobile":{"background-color":"var(--ast-global-color-5)","background-image":"","background-repeat":"repeat","background-position":"center center","background-size":"auto","background-attachment":"scroll","background-type":"","background-media":"","overlay-type":"","overlay-color":"","overlay-opacity":"","overlay-gradient":""}}},"product_brand":[207],"product_cat":[30,31],"product_tag":[],"class_list":{"0":"post-2037","1":"product","2":"type-product","3":"status-publish","4":"has-post-thumbnail","6":"product_brand-victron","7":"product_cat-accessoires","8":"product_cat-accessoires-connectes","9":"desktop-align-left","10":"tablet-align-left","11":"mobile-align-left","13":"first","14":"instock","15":"taxable","16":"shipping-taxable","17":"purchasable","18":"product-type-variable"},"acf":[],"yoast_head":"<!-- This site is optimized with the Yoast SEO plugin v27.4 - https:\/\/yoast.com\/product\/yoast-seo-wordpress\/ -->\n<title>Victron Energy - Smartshunt moniteur de batterie 500 A (Bluetooth) - Volthium<\/title>\n<meta name=\"robots\" content=\"index, follow, max-snippet:-1, max-image-preview:large, max-video-preview:-1\" \/>\n<link rel=\"canonical\" href=\"https:\/\/volthium.com\/fr\/produit\/victron-energy-smartshunt-moniteur-de-batterie-500-a-bluetooth\/\" \/>\n<meta property=\"og:locale\" content=\"fr_CA\" \/>\n<meta property=\"og:type\" content=\"article\" \/>\n<meta property=\"og:title\" content=\"Victron Energy - Smartshunt moniteur de batterie 500 A (Bluetooth) - Volthium\" \/>\n<meta property=\"og:description\" content=\"Victron Energy Smartshunt est un excellent moniteur de batterie tout-en-un facile \u00e0 installer. Il enregistre la tension, le courant, l&#039;\u00e9nergie et le temps restant, et bien plus encore. Conserve des registres et des graphiques des donn\u00e9es historiques et des alarmes.\" \/>\n<meta property=\"og:url\" content=\"https:\/\/volthium.com\/fr\/produit\/victron-energy-smartshunt-moniteur-de-batterie-500-a-bluetooth\/\" \/>\n<meta property=\"og:site_name\" content=\"Volthium\" \/>\n<meta property=\"article:modified_time\" content=\"2026-03-13T13:18:00+00:00\" \/>\n<meta property=\"og:image\" content=\"https:\/\/volthium.com\/wp-content\/uploads\/2024\/06\/SmartShunt-500A-50mV-front-e1719335522320.png\" \/>\n\t<meta property=\"og:image:width\" content=\"1024\" \/>\n\t<meta property=\"og:image:height\" content=\"420\" \/>\n\t<meta property=\"og:image:type\" content=\"image\/png\" \/>\n<meta name=\"twitter:card\" content=\"summary_large_image\" \/>\n<meta name=\"twitter:label1\" content=\"Estimation du temps de lecture\" \/>\n\t<meta name=\"twitter:data1\" content=\"1 minute\" \/>\n<script type=\"application\/ld+json\" class=\"yoast-schema-graph\">{\"@context\":\"https:\\\/\\\/schema.org\",\"@graph\":[{\"@type\":\"WebPage\",\"@id\":\"https:\\\/\\\/volthium.com\\\/fr\\\/produit\\\/victron-energy-smartshunt-moniteur-de-batterie-500-a-bluetooth\\\/\",\"url\":\"https:\\\/\\\/volthium.com\\\/fr\\\/produit\\\/victron-energy-smartshunt-moniteur-de-batterie-500-a-bluetooth\\\/\",\"name\":\"Victron Energy - Smartshunt moniteur de batterie 500 A (Bluetooth) - Volthium\",\"isPartOf\":{\"@id\":\"https:\\\/\\\/volthium.com\\\/fr\\\/#website\"},\"primaryImageOfPage\":{\"@id\":\"https:\\\/\\\/volthium.com\\\/fr\\\/produit\\\/victron-energy-smartshunt-moniteur-de-batterie-500-a-bluetooth\\\/#primaryimage\"},\"image\":{\"@id\":\"https:\\\/\\\/volthium.com\\\/fr\\\/produit\\\/victron-energy-smartshunt-moniteur-de-batterie-500-a-bluetooth\\\/#primaryimage\"},\"thumbnailUrl\":\"https:\\\/\\\/volthium.com\\\/wp-content\\\/uploads\\\/2024\\\/06\\\/SmartShunt-500A-50mV-front-e1719335522320.png\",\"datePublished\":\"2024-06-25T15:03:20+00:00\",\"dateModified\":\"2026-03-13T13:18:00+00:00\",\"breadcrumb\":{\"@id\":\"https:\\\/\\\/volthium.com\\\/fr\\\/produit\\\/victron-energy-smartshunt-moniteur-de-batterie-500-a-bluetooth\\\/#breadcrumb\"},\"inLanguage\":\"fr-CA\",\"potentialAction\":[{\"@type\":\"ReadAction\",\"target\":[\"https:\\\/\\\/volthium.com\\\/fr\\\/produit\\\/victron-energy-smartshunt-moniteur-de-batterie-500-a-bluetooth\\\/\"]}]},{\"@type\":\"ImageObject\",\"inLanguage\":\"fr-CA\",\"@id\":\"https:\\\/\\\/volthium.com\\\/fr\\\/produit\\\/victron-energy-smartshunt-moniteur-de-batterie-500-a-bluetooth\\\/#primaryimage\",\"url\":\"https:\\\/\\\/volthium.com\\\/wp-content\\\/uploads\\\/2024\\\/06\\\/SmartShunt-500A-50mV-front-e1719335522320.png\",\"contentUrl\":\"https:\\\/\\\/volthium.com\\\/wp-content\\\/uploads\\\/2024\\\/06\\\/SmartShunt-500A-50mV-front-e1719335522320.png\",\"width\":2000,\"height\":821},{\"@type\":\"BreadcrumbList\",\"@id\":\"https:\\\/\\\/volthium.com\\\/fr\\\/produit\\\/victron-energy-smartshunt-moniteur-de-batterie-500-a-bluetooth\\\/#breadcrumb\",\"itemListElement\":[{\"@type\":\"ListItem\",\"position\":1,\"name\":\"Accueil\",\"item\":\"https:\\\/\\\/volthium.com\\\/fr\\\/\"},{\"@type\":\"ListItem\",\"position\":2,\"name\":\"Boutique en ligne\",\"item\":\"https:\\\/\\\/volthium.com\\\/fr\\\/boutique\\\/\"},{\"@type\":\"ListItem\",\"position\":3,\"name\":\"Victron Energy &#8211; Smartshunt moniteur de batterie 500 A (Bluetooth)\"}]},{\"@type\":\"WebSite\",\"@id\":\"https:\\\/\\\/volthium.com\\\/fr\\\/#website\",\"url\":\"https:\\\/\\\/volthium.com\\\/fr\\\/\",\"name\":\"Volthium\",\"description\":\"Logo Volthium\",\"publisher\":{\"@id\":\"https:\\\/\\\/volthium.com\\\/fr\\\/#organization\"},\"potentialAction\":[{\"@type\":\"SearchAction\",\"target\":{\"@type\":\"EntryPoint\",\"urlTemplate\":\"https:\\\/\\\/volthium.com\\\/fr\\\/?s={search_term_string}\"},\"query-input\":{\"@type\":\"PropertyValueSpecification\",\"valueRequired\":true,\"valueName\":\"search_term_string\"}}],\"inLanguage\":\"fr-CA\"},{\"@type\":\"Organization\",\"@id\":\"https:\\\/\\\/volthium.com\\\/fr\\\/#organization\",\"name\":\"Volthium\",\"url\":\"https:\\\/\\\/volthium.com\\\/fr\\\/\",\"logo\":{\"@type\":\"ImageObject\",\"inLanguage\":\"fr-CA\",\"@id\":\"https:\\\/\\\/volthium.com\\\/fr\\\/#\\\/schema\\\/logo\\\/image\\\/\",\"url\":\"https:\\\/\\\/volthium.com\\\/wp-content\\\/uploads\\\/2024\\\/01\\\/Logo-Volthium_Sans-energie.svg\",\"contentUrl\":\"https:\\\/\\\/volthium.com\\\/wp-content\\\/uploads\\\/2024\\\/01\\\/Logo-Volthium_Sans-energie.svg\",\"width\":793,\"height\":453,\"caption\":\"Volthium\"},\"image\":{\"@id\":\"https:\\\/\\\/volthium.com\\\/fr\\\/#\\\/schema\\\/logo\\\/image\\\/\"}}]}<\/script>\n<!-- \/ Yoast SEO plugin. -->","yoast_head_json":{"title":"Victron Energy - Smartshunt moniteur de batterie 500 A (Bluetooth) - Volthium","robots":{"index":"index","follow":"follow","max-snippet":"max-snippet:-1","max-image-preview":"max-image-preview:large","max-video-preview":"max-video-preview:-1"},"canonical":"https:\/\/volthium.com\/fr\/produit\/victron-energy-smartshunt-moniteur-de-batterie-500-a-bluetooth\/","og_locale":"fr_CA","og_type":"article","og_title":"Victron Energy - Smartshunt moniteur de batterie 500 A (Bluetooth) - Volthium","og_description":"Victron Energy Smartshunt est un excellent moniteur de batterie tout-en-un facile \u00e0 installer. Il enregistre la tension, le courant, l'\u00e9nergie et le temps restant, et bien plus encore. Conserve des registres et des graphiques des donn\u00e9es historiques et des alarmes.","og_url":"https:\/\/volthium.com\/fr\/produit\/victron-energy-smartshunt-moniteur-de-batterie-500-a-bluetooth\/","og_site_name":"Volthium","article_modified_time":"2026-03-13T13:18:00+00:00","og_image":[{"url":"https:\/\/volthium.com\/wp-content\/uploads\/2024\/06\/SmartShunt-500A-50mV-front-e1719335522320.png","width":1024,"height":420,"type":"image\/png"}],"twitter_card":"summary_large_image","twitter_misc":{"Estimation du temps de lecture":"1 minute"},"schema":{"@context":"https:\/\/schema.org","@graph":[{"@type":"WebPage","@id":"https:\/\/volthium.com\/fr\/produit\/victron-energy-smartshunt-moniteur-de-batterie-500-a-bluetooth\/","url":"https:\/\/volthium.com\/fr\/produit\/victron-energy-smartshunt-moniteur-de-batterie-500-a-bluetooth\/","name":"Victron Energy - Smartshunt moniteur de batterie 500 A (Bluetooth) - Volthium","isPartOf":{"@id":"https:\/\/volthium.com\/fr\/#website"},"primaryImageOfPage":{"@id":"https:\/\/volthium.com\/fr\/produit\/victron-energy-smartshunt-moniteur-de-batterie-500-a-bluetooth\/#primaryimage"},"image":{"@id":"https:\/\/volthium.com\/fr\/produit\/victron-energy-smartshunt-moniteur-de-batterie-500-a-bluetooth\/#primaryimage"},"thumbnailUrl":"https:\/\/volthium.com\/wp-content\/uploads\/2024\/06\/SmartShunt-500A-50mV-front-e1719335522320.png","datePublished":"2024-06-25T15:03:20+00:00","dateModified":"2026-03-13T13:18:00+00:00","breadcrumb":{"@id":"https:\/\/volthium.com\/fr\/produit\/victron-energy-smartshunt-moniteur-de-batterie-500-a-bluetooth\/#breadcrumb"},"inLanguage":"fr-CA","potentialAction":[{"@type":"ReadAction","target":["https:\/\/volthium.com\/fr\/produit\/victron-energy-smartshunt-moniteur-de-batterie-500-a-bluetooth\/"]}]},{"@type":"ImageObject","inLanguage":"fr-CA","@id":"https:\/\/volthium.com\/fr\/produit\/victron-energy-smartshunt-moniteur-de-batterie-500-a-bluetooth\/#primaryimage","url":"https:\/\/volthium.com\/wp-content\/uploads\/2024\/06\/SmartShunt-500A-50mV-front-e1719335522320.png","contentUrl":"https:\/\/volthium.com\/wp-content\/uploads\/2024\/06\/SmartShunt-500A-50mV-front-e1719335522320.png","width":2000,"height":821},{"@type":"BreadcrumbList","@id":"https:\/\/volthium.com\/fr\/produit\/victron-energy-smartshunt-moniteur-de-batterie-500-a-bluetooth\/#breadcrumb","itemListElement":[{"@type":"ListItem","position":1,"name":"Accueil","item":"https:\/\/volthium.com\/fr\/"},{"@type":"ListItem","position":2,"name":"Boutique en ligne","item":"https:\/\/volthium.com\/fr\/boutique\/"},{"@type":"ListItem","position":3,"name":"Victron Energy &#8211; Smartshunt moniteur de batterie 500 A (Bluetooth)"}]},{"@type":"WebSite","@id":"https:\/\/volthium.com\/fr\/#website","url":"https:\/\/volthium.com\/fr\/","name":"Volthium","description":"Logo Volthium","publisher":{"@id":"https:\/\/volthium.com\/fr\/#organization"},"potentialAction":[{"@type":"SearchAction","target":{"@type":"EntryPoint","urlTemplate":"https:\/\/volthium.com\/fr\/?s={search_term_string}"},"query-input":{"@type":"PropertyValueSpecification","valueRequired":true,"valueName":"search_term_string"}}],"inLanguage":"fr-CA"},{"@type":"Organization","@id":"https:\/\/volthium.com\/fr\/#organization","name":"Volthium","url":"https:\/\/volthium.com\/fr\/","logo":{"@type":"ImageObject","inLanguage":"fr-CA","@id":"https:\/\/volthium.com\/fr\/#\/schema\/logo\/image\/","url":"https:\/\/volthium.com\/wp-content\/uploads\/2024\/01\/Logo-Volthium_Sans-energie.svg","contentUrl":"https:\/\/volthium.com\/wp-content\/uploads\/2024\/01\/Logo-Volthium_Sans-energie.svg","width":793,"height":453,"caption":"Volthium"},"image":{"@id":"https:\/\/volthium.com\/fr\/#\/schema\/logo\/image\/"}}]}},"_links":{"self":[{"href":"https:\/\/volthium.com\/fr\/wp-json\/wp\/v2\/product\/2037","targetHints":{"allow":["GET"]}}],"collection":[{"href":"https:\/\/volthium.com\/fr\/wp-json\/wp\/v2\/product"}],"about":[{"href":"https:\/\/volthium.com\/fr\/wp-json\/wp\/v2\/types\/product"}],"replies":[{"embeddable":true,"href":"https:\/\/volthium.com\/fr\/wp-json\/wp\/v2\/comments?post=2037"}],"wp:featuredmedia":[{"embeddable":true,"href":"https:\/\/volthium.com\/fr\/wp-json\/wp\/v2\/media\/2048"}],"wp:attachment":[{"href":"https:\/\/volthium.com\/fr\/wp-json\/wp\/v2\/media?parent=2037"}],"wp:term":[{"taxonomy":"product_brand","embeddable":true,"href":"https:\/\/volthium.com\/fr\/wp-json\/wp\/v2\/product_brand?post=2037"},{"taxonomy":"product_cat","embeddable":true,"href":"https:\/\/volthium.com\/fr\/wp-json\/wp\/v2\/product_cat?post=2037"},{"taxonomy":"product_tag","embeddable":true,"href":"https:\/\/volthium.com\/fr\/wp-json\/wp\/v2\/product_tag?post=2037"}],"curies":[{"name":"wp","href":"https:\/\/api.w.org\/{rel}","templated":true}]}}