{"id":2032,"date":"2024-06-25T13:41:46","date_gmt":"2024-06-25T13:41:46","guid":{"rendered":"https:\/\/volthium.com\/?post_type=product&#038;p=2032"},"modified":"2025-10-10T10:37:28","modified_gmt":"2025-10-10T14:37:28","slug":"smart-bridge","status":"publish","type":"product","link":"https:\/\/volthium.com\/fr\/produit\/smart-bridge\/","title":{"rendered":"Smart Bridge"},"content":{"rendered":"<p>Le Smart Bridge de Volthium est un tout nouveau module Bluetooth exclusivement r\u00e9serv\u00e9 aux batteries Volthium, design\u00e9 et con\u00e7u enti\u00e8rement au Qu\u00e9bec!<\/p>\n<p>Il vous permet de lire les informations de vos batteries, jusqu&rsquo;\u00e0 6 simultan\u00e9ment,\u00a0 directement sur votre t\u00e9l\u00e9phone intelligent en utilisant notre application mobile d\u00e9di\u00e9e disponible sur les diff\u00e9rentes boutiques d&rsquo;applications.<br \/>\nT\u00e9l\u00e9chargez l&rsquo;<a href=\"https:\/\/apps.apple.com\/ca\/app\/volthium-smart\/id6689523265?l=fr-CA\">application mobile IOS<\/a> sur l&rsquo;AppStore ou l&rsquo;<a href=\"https:\/\/play.google.com\/store\/apps\/details?id=com.volthium.VolthiumSmart\">application mobile Android<\/a> sur le google store.<\/p>\n<p>Vous aurez acc\u00e8s aux informations les plus pertinentes afin de ne jamais tomber en panne avec votre batterie. Ayez un regard sur l&rsquo;\u00e9tat de charge en pourcentage, le voltage, la temp\u00e9rature interne, le courant de d\u00e9charge et de charge, le nombre de cycle, le statut de la batterie et bien plus encore!<\/p>\n<p>Le Smart Bridge communique avec le BMS interne de votre batterie afin de diffuser, via Bluetooth, les donn\u00e9es les plus pr\u00e9cises.<br \/>\nGr\u00e2ce \u00e0 un travail continue afin d&rsquo;am\u00e9liorer nos produits et de rester \u00e0 la pointe de la technologie, nos ing\u00e9nieurs ont d\u00e9velopp\u00e9 un logiciel offrant une grande adaptabilit\u00e9 \u00e9volutive. En d&rsquo;autres mots, cela signifie que vous aurez la possibilit\u00e9 de mettre \u00e0 jour le logiciel de votre Smart Bridge\u00a0 directement depuis l&rsquo;application mobile.<br \/>\nCela permettra de constamment agrandir le champs des possibilit\u00e9 avec votre Smart Bridge.<br \/>\nDe nombreux \u00e9cosyst\u00e8mes sont d\u00e9j\u00e0 support\u00e9s, notamment celui de Victron, et gr\u00e2ce \u00e0 la compatibilit\u00e9 avec les diff\u00e9rents protocoles (RS485, RV-C, CAN) les possibilit\u00e9s de prise en charge \u00e0 venir sont infinies!<br \/>\nSa puce de grande qualit\u00e9 lui offre une port\u00e9e de communication sans obstacles de 40 pieds.<\/p>\n<ul>\n<li>Toutes les batteries ABS Volthium munies d&rsquo;un ou plusieurs ports de communication (excluant notre batterie 51.2V 100Ah &#8211; ABS)<\/li>\n<li>Veuillez noter que nos batteries Wall-mounts et Rack-mounts ne sont, pour le moment, pas compatibles avec l&rsquo;accessoire Smart Bridge. Mise \u00e0 jour de comptabilit\u00e9 \u00e0 venir<\/li>\n<\/ul>\n","protected":false},"excerpt":{"rendered":"<p>Le Smart Bridge permet de lire les informations de vos batteries directement sur votre t\u00e9l\u00e9phone intelligent en utilisant notre application mobile d\u00e9di\u00e9e disponible sur les diff\u00e9rentes boutiques d&rsquo;applications<\/p>\n","protected":false},"featured_media":2102,"comment_status":"open","ping_status":"closed","template":"","meta":{"_acf_changed":false,"inline_featured_image":false,"site-sidebar-layout":"default","site-content-layout":"","ast-site-content-layout":"default","site-content-style":"default","site-sidebar-style":"default","ast-global-header-display":"","ast-banner-title-visibility":"","ast-main-header-display":"","ast-hfb-above-header-display":"","ast-hfb-below-header-display":"","ast-hfb-mobile-header-display":"","site-post-title":"","ast-breadcrumbs-content":"","ast-featured-img":"","footer-sml-layout":"","ast-disable-related-posts":"","theme-transparent-header-meta":"default","adv-header-id-meta":"","stick-header-meta":"","header-above-stick-meta":"","header-main-stick-meta":"","header-below-stick-meta":"","astra-migrate-meta-layouts":"set","ast-page-background-enabled":"default","ast-page-background-meta":{"desktop":{"background-color":"var(--ast-global-color-4)","background-image":"","background-repeat":"repeat","background-position":"center center","background-size":"auto","background-attachment":"scroll","background-type":"","background-media":"","overlay-type":"","overlay-color":"","overlay-opacity":"","overlay-gradient":""},"tablet":{"background-color":"","background-image":"","background-repeat":"repeat","background-position":"center center","background-size":"auto","background-attachment":"scroll","background-type":"","background-media":"","overlay-type":"","overlay-color":"","overlay-opacity":"","overlay-gradient":""},"mobile":{"background-color":"","background-image":"","background-repeat":"repeat","background-position":"center center","background-size":"auto","background-attachment":"scroll","background-type":"","background-media":"","overlay-type":"","overlay-color":"","overlay-opacity":"","overlay-gradient":""}},"ast-content-background-meta":{"desktop":{"background-color":"var(--ast-global-color-5)","background-image":"","background-repeat":"repeat","background-position":"center center","background-size":"auto","background-attachment":"scroll","background-type":"","background-media":"","overlay-type":"","overlay-color":"","overlay-opacity":"","overlay-gradient":""},"tablet":{"background-color":"var(--ast-global-color-5)","background-image":"","background-repeat":"repeat","background-position":"center center","background-size":"auto","background-attachment":"scroll","background-type":"","background-media":"","overlay-type":"","overlay-color":"","overlay-opacity":"","overlay-gradient":""},"mobile":{"background-color":"var(--ast-global-color-5)","background-image":"","background-repeat":"repeat","background-position":"center center","background-size":"auto","background-attachment":"scroll","background-type":"","background-media":"","overlay-type":"","overlay-color":"","overlay-opacity":"","overlay-gradient":""}}},"product_brand":[],"product_cat":[30],"product_tag":[168],"class_list":{"0":"post-2032","1":"product","2":"type-product","3":"status-publish","4":"has-post-thumbnail","6":"product_cat-accessoires","7":"product_tag-smartbridge","8":"desktop-align-left","9":"tablet-align-left","10":"mobile-align-left","12":"first","13":"instock","14":"taxable","15":"shipping-taxable","16":"purchasable","17":"product-type-variable"},"acf":[],"yoast_head":"<!-- This site is optimized with the Yoast SEO plugin v27.3 - https:\/\/yoast.com\/product\/yoast-seo-wordpress\/ -->\n<title>Smart Bridge - Volthium<\/title>\n<meta name=\"description\" content=\"Le Smart Bridge permet de lire les informations de vos batteries directement sur votre t\u00e9l\u00e9phone intelligent gr\u00e2ce \u00e0 notre application mobile.\" \/>\n<meta name=\"robots\" content=\"index, follow, max-snippet:-1, max-image-preview:large, max-video-preview:-1\" \/>\n<link rel=\"canonical\" href=\"https:\/\/volthium.com\/fr\/produit\/smart-bridge\/\" \/>\n<meta property=\"og:locale\" content=\"fr_CA\" \/>\n<meta property=\"og:type\" content=\"article\" \/>\n<meta property=\"og:title\" content=\"Smart Bridge - Volthium\" \/>\n<meta property=\"og:description\" content=\"Le Smart Bridge permet de lire les informations de vos batteries directement sur votre t\u00e9l\u00e9phone intelligent gr\u00e2ce \u00e0 notre application mobile.\" \/>\n<meta property=\"og:url\" content=\"https:\/\/volthium.com\/fr\/produit\/smart-bridge\/\" \/>\n<meta property=\"og:site_name\" content=\"Volthium\" \/>\n<meta property=\"article:modified_time\" content=\"2025-10-10T14:37:28+00:00\" \/>\n<meta property=\"og:image\" content=\"https:\/\/volthium.com\/wp-content\/uploads\/2024\/06\/Smart-Bridge_01-1.png\" \/>\n\t<meta property=\"og:image:width\" content=\"1959\" \/>\n\t<meta property=\"og:image:height\" content=\"858\" \/>\n\t<meta property=\"og:image:type\" content=\"image\/png\" \/>\n<meta name=\"twitter:card\" content=\"summary_large_image\" \/>\n<meta name=\"twitter:label1\" content=\"Estimation du temps de lecture\" \/>\n\t<meta name=\"twitter:data1\" content=\"2 minutes\" \/>\n<script type=\"application\/ld+json\" class=\"yoast-schema-graph\">{\"@context\":\"https:\\\/\\\/schema.org\",\"@graph\":[{\"@type\":\"WebPage\",\"@id\":\"https:\\\/\\\/volthium.com\\\/fr\\\/produit\\\/smart-bridge\\\/\",\"url\":\"https:\\\/\\\/volthium.com\\\/fr\\\/produit\\\/smart-bridge\\\/\",\"name\":\"Smart Bridge - Volthium\",\"isPartOf\":{\"@id\":\"https:\\\/\\\/volthium.com\\\/fr\\\/#website\"},\"primaryImageOfPage\":{\"@id\":\"https:\\\/\\\/volthium.com\\\/fr\\\/produit\\\/smart-bridge\\\/#primaryimage\"},\"image\":{\"@id\":\"https:\\\/\\\/volthium.com\\\/fr\\\/produit\\\/smart-bridge\\\/#primaryimage\"},\"thumbnailUrl\":\"https:\\\/\\\/volthium.com\\\/wp-content\\\/uploads\\\/2024\\\/06\\\/Smart-Bridge_01-1.png\",\"datePublished\":\"2024-06-25T13:41:46+00:00\",\"dateModified\":\"2025-10-10T14:37:28+00:00\",\"description\":\"Le Smart Bridge permet de lire les informations de vos batteries directement sur votre t\u00e9l\u00e9phone intelligent gr\u00e2ce \u00e0 notre application mobile.\",\"breadcrumb\":{\"@id\":\"https:\\\/\\\/volthium.com\\\/fr\\\/produit\\\/smart-bridge\\\/#breadcrumb\"},\"inLanguage\":\"fr-CA\",\"potentialAction\":[{\"@type\":\"ReadAction\",\"target\":[\"https:\\\/\\\/volthium.com\\\/fr\\\/produit\\\/smart-bridge\\\/\"]}]},{\"@type\":\"ImageObject\",\"inLanguage\":\"fr-CA\",\"@id\":\"https:\\\/\\\/volthium.com\\\/fr\\\/produit\\\/smart-bridge\\\/#primaryimage\",\"url\":\"https:\\\/\\\/volthium.com\\\/wp-content\\\/uploads\\\/2024\\\/06\\\/Smart-Bridge_01-1.png\",\"contentUrl\":\"https:\\\/\\\/volthium.com\\\/wp-content\\\/uploads\\\/2024\\\/06\\\/Smart-Bridge_01-1.png\",\"width\":1959,\"height\":858},{\"@type\":\"BreadcrumbList\",\"@id\":\"https:\\\/\\\/volthium.com\\\/fr\\\/produit\\\/smart-bridge\\\/#breadcrumb\",\"itemListElement\":[{\"@type\":\"ListItem\",\"position\":1,\"name\":\"Accueil\",\"item\":\"https:\\\/\\\/volthium.com\\\/fr\\\/\"},{\"@type\":\"ListItem\",\"position\":2,\"name\":\"Boutique en ligne\",\"item\":\"https:\\\/\\\/volthium.com\\\/fr\\\/boutique\\\/\"},{\"@type\":\"ListItem\",\"position\":3,\"name\":\"Smart Bridge\"}]},{\"@type\":\"WebSite\",\"@id\":\"https:\\\/\\\/volthium.com\\\/fr\\\/#website\",\"url\":\"https:\\\/\\\/volthium.com\\\/fr\\\/\",\"name\":\"Volthium\",\"description\":\"Logo Volthium\",\"publisher\":{\"@id\":\"https:\\\/\\\/volthium.com\\\/fr\\\/#organization\"},\"potentialAction\":[{\"@type\":\"SearchAction\",\"target\":{\"@type\":\"EntryPoint\",\"urlTemplate\":\"https:\\\/\\\/volthium.com\\\/fr\\\/?s={search_term_string}\"},\"query-input\":{\"@type\":\"PropertyValueSpecification\",\"valueRequired\":true,\"valueName\":\"search_term_string\"}}],\"inLanguage\":\"fr-CA\"},{\"@type\":\"Organization\",\"@id\":\"https:\\\/\\\/volthium.com\\\/fr\\\/#organization\",\"name\":\"Volthium\",\"url\":\"https:\\\/\\\/volthium.com\\\/fr\\\/\",\"logo\":{\"@type\":\"ImageObject\",\"inLanguage\":\"fr-CA\",\"@id\":\"https:\\\/\\\/volthium.com\\\/fr\\\/#\\\/schema\\\/logo\\\/image\\\/\",\"url\":\"https:\\\/\\\/volthium.com\\\/wp-content\\\/uploads\\\/2024\\\/01\\\/Logo-Volthium_Sans-energie.svg\",\"contentUrl\":\"https:\\\/\\\/volthium.com\\\/wp-content\\\/uploads\\\/2024\\\/01\\\/Logo-Volthium_Sans-energie.svg\",\"width\":793,\"height\":453,\"caption\":\"Volthium\"},\"image\":{\"@id\":\"https:\\\/\\\/volthium.com\\\/fr\\\/#\\\/schema\\\/logo\\\/image\\\/\"}}]}<\/script>\n<!-- \/ Yoast SEO plugin. -->","yoast_head_json":{"title":"Smart Bridge - Volthium","description":"Le Smart Bridge permet de lire les informations de vos batteries directement sur votre t\u00e9l\u00e9phone intelligent gr\u00e2ce \u00e0 notre application mobile.","robots":{"index":"index","follow":"follow","max-snippet":"max-snippet:-1","max-image-preview":"max-image-preview:large","max-video-preview":"max-video-preview:-1"},"canonical":"https:\/\/volthium.com\/fr\/produit\/smart-bridge\/","og_locale":"fr_CA","og_type":"article","og_title":"Smart Bridge - Volthium","og_description":"Le Smart Bridge permet de lire les informations de vos batteries directement sur votre t\u00e9l\u00e9phone intelligent gr\u00e2ce \u00e0 notre application mobile.","og_url":"https:\/\/volthium.com\/fr\/produit\/smart-bridge\/","og_site_name":"Volthium","article_modified_time":"2025-10-10T14:37:28+00:00","og_image":[{"width":1959,"height":858,"url":"https:\/\/volthium.com\/wp-content\/uploads\/2024\/06\/Smart-Bridge_01-1.png","type":"image\/png"}],"twitter_card":"summary_large_image","twitter_misc":{"Estimation du temps de lecture":"2 minutes"},"schema":{"@context":"https:\/\/schema.org","@graph":[{"@type":"WebPage","@id":"https:\/\/volthium.com\/fr\/produit\/smart-bridge\/","url":"https:\/\/volthium.com\/fr\/produit\/smart-bridge\/","name":"Smart Bridge - Volthium","isPartOf":{"@id":"https:\/\/volthium.com\/fr\/#website"},"primaryImageOfPage":{"@id":"https:\/\/volthium.com\/fr\/produit\/smart-bridge\/#primaryimage"},"image":{"@id":"https:\/\/volthium.com\/fr\/produit\/smart-bridge\/#primaryimage"},"thumbnailUrl":"https:\/\/volthium.com\/wp-content\/uploads\/2024\/06\/Smart-Bridge_01-1.png","datePublished":"2024-06-25T13:41:46+00:00","dateModified":"2025-10-10T14:37:28+00:00","description":"Le Smart Bridge permet de lire les informations de vos batteries directement sur votre t\u00e9l\u00e9phone intelligent gr\u00e2ce \u00e0 notre application mobile.","breadcrumb":{"@id":"https:\/\/volthium.com\/fr\/produit\/smart-bridge\/#breadcrumb"},"inLanguage":"fr-CA","potentialAction":[{"@type":"ReadAction","target":["https:\/\/volthium.com\/fr\/produit\/smart-bridge\/"]}]},{"@type":"ImageObject","inLanguage":"fr-CA","@id":"https:\/\/volthium.com\/fr\/produit\/smart-bridge\/#primaryimage","url":"https:\/\/volthium.com\/wp-content\/uploads\/2024\/06\/Smart-Bridge_01-1.png","contentUrl":"https:\/\/volthium.com\/wp-content\/uploads\/2024\/06\/Smart-Bridge_01-1.png","width":1959,"height":858},{"@type":"BreadcrumbList","@id":"https:\/\/volthium.com\/fr\/produit\/smart-bridge\/#breadcrumb","itemListElement":[{"@type":"ListItem","position":1,"name":"Accueil","item":"https:\/\/volthium.com\/fr\/"},{"@type":"ListItem","position":2,"name":"Boutique en ligne","item":"https:\/\/volthium.com\/fr\/boutique\/"},{"@type":"ListItem","position":3,"name":"Smart Bridge"}]},{"@type":"WebSite","@id":"https:\/\/volthium.com\/fr\/#website","url":"https:\/\/volthium.com\/fr\/","name":"Volthium","description":"Logo Volthium","publisher":{"@id":"https:\/\/volthium.com\/fr\/#organization"},"potentialAction":[{"@type":"SearchAction","target":{"@type":"EntryPoint","urlTemplate":"https:\/\/volthium.com\/fr\/?s={search_term_string}"},"query-input":{"@type":"PropertyValueSpecification","valueRequired":true,"valueName":"search_term_string"}}],"inLanguage":"fr-CA"},{"@type":"Organization","@id":"https:\/\/volthium.com\/fr\/#organization","name":"Volthium","url":"https:\/\/volthium.com\/fr\/","logo":{"@type":"ImageObject","inLanguage":"fr-CA","@id":"https:\/\/volthium.com\/fr\/#\/schema\/logo\/image\/","url":"https:\/\/volthium.com\/wp-content\/uploads\/2024\/01\/Logo-Volthium_Sans-energie.svg","contentUrl":"https:\/\/volthium.com\/wp-content\/uploads\/2024\/01\/Logo-Volthium_Sans-energie.svg","width":793,"height":453,"caption":"Volthium"},"image":{"@id":"https:\/\/volthium.com\/fr\/#\/schema\/logo\/image\/"}}]}},"_links":{"self":[{"href":"https:\/\/volthium.com\/fr\/wp-json\/wp\/v2\/product\/2032","targetHints":{"allow":["GET"]}}],"collection":[{"href":"https:\/\/volthium.com\/fr\/wp-json\/wp\/v2\/product"}],"about":[{"href":"https:\/\/volthium.com\/fr\/wp-json\/wp\/v2\/types\/product"}],"replies":[{"embeddable":true,"href":"https:\/\/volthium.com\/fr\/wp-json\/wp\/v2\/comments?post=2032"}],"wp:featuredmedia":[{"embeddable":true,"href":"https:\/\/volthium.com\/fr\/wp-json\/wp\/v2\/media\/2102"}],"wp:attachment":[{"href":"https:\/\/volthium.com\/fr\/wp-json\/wp\/v2\/media?parent=2032"}],"wp:term":[{"taxonomy":"product_brand","embeddable":true,"href":"https:\/\/volthium.com\/fr\/wp-json\/wp\/v2\/product_brand?post=2032"},{"taxonomy":"product_cat","embeddable":true,"href":"https:\/\/volthium.com\/fr\/wp-json\/wp\/v2\/product_cat?post=2032"},{"taxonomy":"product_tag","embeddable":true,"href":"https:\/\/volthium.com\/fr\/wp-json\/wp\/v2\/product_tag?post=2032"}],"curies":[{"name":"wp","href":"https:\/\/api.w.org\/{rel}","templated":true}]}}