{"id":1917,"date":"2024-06-17T17:31:47","date_gmt":"2024-06-17T17:31:47","guid":{"rendered":"https:\/\/volthium.com\/?post_type=product&#038;p=1917"},"modified":"2025-01-09T12:57:55","modified_gmt":"2025-01-09T17:57:55","slug":"batterie-51-2v-rackmount-10-24kwh-ess","status":"publish","type":"product","link":"https:\/\/volthium.com\/fr\/produit\/batterie-51-2v-rackmount-10-24kwh-ess\/","title":{"rendered":"Batterie 51.2V 100Ah Rackmount \u2013  5.12kWh ESS"},"content":{"rendered":"<p>La Batterie LFP\u00a0 51.2V 100Ah Rackmount de stockage solaire est un produit haut de gamme fabriqu\u00e9 sur mesure pour une client\u00e8le majoritairement commerciale et industrielle. Elle est con\u00e7ue pour \u00eatre mont\u00e9e en rack tels que dans les salles de serveurs, tours de t\u00e9l\u00e9communication, les microcentrales \u00e9lectriques ou m\u00eame dans les installations r\u00e9sidentielles. La largeur est standard 19&prime;.<\/p>\n<p>Elle se d\u00e9cline en plusieurs versions :<\/p>\n<ul>\n<li>51.2V 100Ah &#8211; 5.12 kWh &#8211; Standard &#8211; 200lbs &#8211; 27&prime; de profond<\/li>\n<li>51.2V 100Ah &#8211; 5.12 kWh &#8211; Autochauffant- 200lbs &#8211; 27&prime; de profond<\/li>\n<\/ul>\n<p>La batterie est con\u00e7ue pour les banques de stockage solaire allant de 5 kWh \u00e0 500 kWh.<\/p>\n<p>Ce type de batterie modulaire est principalement utilis\u00e9 pour des maisons autonomes, salles de serveurs, tours de t\u00e9l\u00e9communication, et microcentrale \u00e9lectrique.<\/p>\n<p>Nos batteries Rackmount sont compatibles avec tous les onduleurs du march\u00e9.<\/p>\n<p>Les batteries Rackmount int\u00e8grent des ports de communication MODBUS tels que CAN et RS485.<\/p>\n<p>Volthium int\u00e9gre constamment de nouveaux protocoles de communication permettant de s\u2019interconnecter aux \u00e9quipements\u00a0\u00e9nerg\u00e9tiques finaux.<br \/>\nLes \u00e9quipements actuellement prit en charge pour la communication directe (RS485 ou CANBUS) sont :<\/p>\n<ul>\n<li>Victron Energy<\/li>\n<li>Solark<\/li>\n<li>SUN-SYNK<\/li>\n<li>Growatt<\/li>\n<li>Windows 7\/10 et Windows Server<\/li>\n<li>Schneider<\/li>\n<\/ul>\n<p>Prendre note que Volthium d\u00e9veloppe sur mesure la programmation des protocoles demand\u00e9s par les clients ou pour l\u2019int\u00e9gration de nouvelles marques d\u2019\u00e9quipements.<\/p>\n<p><strong>Garantie<\/strong>\u00a010ans, dur\u00e9e de vie utile autour de 15 ans et plus.<\/p>\n<p><strong>Moyenne d\u2019op\u00e9ration<\/strong>\u00a0au-del\u00e0 de 6000 cycles.<\/p>\n<p><strong>Certifications<\/strong>:\u00a0<strong>Breaker<\/strong> : UL1077 &amp; CSA C22.2 No. 235-04 et UL489 &amp; CSA 22.2 No. 5,<br \/>\n<strong>Terminal<\/strong> UL1977<br \/>\n<strong>Cellules<\/strong>\u00a0UL1973 &amp; UL9540A<br \/>\n<strong>Assemblage complet<\/strong>\u00a0certifi\u00e9 par Intertek (ETL).<\/p>\n<p><span class=\"Y2IQFc\" lang=\"en\">Si la demande d&rsquo;homologation CSA est demand\u00e9e lors de la commande (<strong>$<\/strong>), les batteries seront livr\u00e9s avec l&rsquo;\u00e9tiquette appos\u00e9e CSA UL1973.<\/span><picture class=\"alignnone size-medium wp-image-1248\"><source srcset=\"https:\/\/volthium.com\/wp-content\/uploads\/2021\/06\/siteweb3.png.webp\" type=\"image\/webp\" \/>\u00a0<\/picture><picture class=\"alignnone size-medium wp-image-1250\"><source srcset=\"https:\/\/volthium.com\/wp-content\/uploads\/2021\/06\/siteweb4.png.webp\" type=\"image\/webp\" \/><\/picture>\n<p><strong>BMS\u00a0:<\/strong><\/p>\n<p>Le c\u0153ur (\u00ab core \u00bb) du BMS de nos batteries Rackmount est produit par la compagnie am\u00e9ricaine Microchip Technology (anciennement connue\u00a0 sous le nom de Gi, branche de Motorola). Ce fabricant de microcontr\u00f4leurs BMS est reconnu mondialement dans le domaine des automobiles \u00e9lectriques, notamment pour ses clients tels que Toyota, Lexus, Audi, Mercedes, Volvo, et plusieurs autres. La programmation et les protocoles de communication sont enti\u00e8rement d\u00e9velopp\u00e9s par nos ing\u00e9nieurs, au Qu\u00e9bec.<\/p>\n<p>&nbsp;<\/p>\n<p><strong>Cellules\u00a0:<\/strong><\/p>\n<p>Les batteries de stockage solaire Rackmount Volthium sont \u00e9quip\u00e9es de cellules prismatiques GRADE A, dont le fournisseur, op\u00e9rant depuis plus de 22 ans, est c\u00e9l\u00e8bre mondialement pour ses contrats, entre autres, avec LG chem, BMW, AUDI, Volkswagen et Tesla. La qualit\u00e9 des cellules LFP est primordiale. En effet, c\u2019est elle qui vous assure d\u2019avoir un produit durable et dont les performances \u00e0 long terme seront fid\u00e8les.<\/p>\n<p>&nbsp;<\/p>\n<p><strong>Ing\u00e9nierie\u00a0:<\/strong><\/p>\n<p>V\u00e9ritable pilier, rassemblant la force de chacune des pi\u00e8ces composant le produit. L\u2019ing\u00e9nierie chez nous se distingue par le choix des meilleures composantes de chacune des industries, dans l\u2019objectif d\u2019obtenir le meilleur produit final, \u00e9volutif aux besoins futurs et impossible \u00e0 concurrencer. L\u2019int\u00e9gration continue de nouveaux protocoles de communication, jumel\u00e9e au d\u00e9veloppement sur mesure instaur\u00e9 pour les clients, en plus d\u2019int\u00e9grer des technologies parfaitement adapt\u00e9es \u00e0 notre environnement canadien fait de Volthium une r\u00e9f\u00e9rence en ce qui a trait \u00e0 la qualit\u00e9 de la conception.<\/p>\n","protected":false},"excerpt":{"rendered":"<p>Les batteries LFP de Stockage Solaire 51.2 V 100 Ah &#8211; Rackmount\u00a0 de Volthium sont des produits haut de gamme fabriqu\u00e9s sur mesure pour une client\u00e8le majoritairement commerciale et industrielle.<br \/>\nCes batteries sont con\u00e7ues pour \u00eatre mont\u00e9e en rack de type cabinet de serveurs ou cabinet de t\u00e9l\u00e9communication, la largeur est standard 19&prime;.<\/p>\n","protected":false},"featured_media":4425,"comment_status":"open","ping_status":"closed","template":"","meta":{"_acf_changed":false,"inline_featured_image":false,"site-sidebar-layout":"default","site-content-layout":"","ast-site-content-layout":"default","site-content-style":"default","site-sidebar-style":"default","ast-global-header-display":"","ast-banner-title-visibility":"","ast-main-header-display":"","ast-hfb-above-header-display":"","ast-hfb-below-header-display":"","ast-hfb-mobile-header-display":"","site-post-title":"","ast-breadcrumbs-content":"","ast-featured-img":"","footer-sml-layout":"","ast-disable-related-posts":"","theme-transparent-header-meta":"default","adv-header-id-meta":"","stick-header-meta":"","header-above-stick-meta":"","header-main-stick-meta":"","header-below-stick-meta":"","astra-migrate-meta-layouts":"set","ast-page-background-enabled":"default","ast-page-background-meta":{"desktop":{"background-color":"var(--ast-global-color-4)","background-image":"","background-repeat":"repeat","background-position":"center center","background-size":"auto","background-attachment":"scroll","background-type":"","background-media":"","overlay-type":"","overlay-color":"","overlay-opacity":"","overlay-gradient":""},"tablet":{"background-color":"","background-image":"","background-repeat":"repeat","background-position":"center center","background-size":"auto","background-attachment":"scroll","background-type":"","background-media":"","overlay-type":"","overlay-color":"","overlay-opacity":"","overlay-gradient":""},"mobile":{"background-color":"","background-image":"","background-repeat":"repeat","background-position":"center center","background-size":"auto","background-attachment":"scroll","background-type":"","background-media":"","overlay-type":"","overlay-color":"","overlay-opacity":"","overlay-gradient":""}},"ast-content-background-meta":{"desktop":{"background-color":"var(--ast-global-color-5)","background-image":"","background-repeat":"repeat","background-position":"center center","background-size":"auto","background-attachment":"scroll","background-type":"","background-media":"","overlay-type":"","overlay-color":"","overlay-opacity":"","overlay-gradient":""},"tablet":{"background-color":"var(--ast-global-color-5)","background-image":"","background-repeat":"repeat","background-position":"center center","background-size":"auto","background-attachment":"scroll","background-type":"","background-media":"","overlay-type":"","overlay-color":"","overlay-opacity":"","overlay-gradient":""},"mobile":{"background-color":"var(--ast-global-color-5)","background-image":"","background-repeat":"repeat","background-position":"center center","background-size":"auto","background-attachment":"scroll","background-type":"","background-media":"","overlay-type":"","overlay-color":"","overlay-opacity":"","overlay-gradient":""}}},"product_brand":[],"product_cat":[21,18],"product_tag":[43,157,82],"class_list":{"0":"post-1917","1":"product","2":"type-product","3":"status-publish","4":"has-post-thumbnail","6":"product_cat-48v","7":"product_cat-batteries","8":"product_tag-48v","9":"product_tag-51100r","10":"product_tag-rackmount","11":"desktop-align-left","12":"tablet-align-left","13":"mobile-align-left","15":"first","16":"instock","17":"taxable","18":"shipping-taxable","19":"product-type-variable"},"acf":[],"yoast_head":"<!-- This site is optimized with the Yoast SEO plugin v27.2 - https:\/\/yoast.com\/product\/yoast-seo-wordpress\/ -->\n<title>Batterie 51.2V 100Ah Rackmount \u2013 5.12kWh ESS - Volthium<\/title>\n<meta name=\"description\" content=\"Les batteries 51.2V 100Ah - Rackmount sont des produits haut de gamme fabriqu\u00e9s sur mesure pour une client\u00e8le majoritairement commerciale et industrielle.\" \/>\n<meta name=\"robots\" content=\"index, follow, max-snippet:-1, max-image-preview:large, max-video-preview:-1\" \/>\n<link rel=\"canonical\" href=\"https:\/\/volthium.com\/fr\/produit\/batterie-51-2v-rackmount-10-24kwh-ess\/\" \/>\n<meta property=\"og:locale\" content=\"fr_CA\" \/>\n<meta property=\"og:type\" content=\"article\" \/>\n<meta property=\"og:title\" content=\"Batterie 51.2V 100Ah Rackmount \u2013 5.12kWh ESS - Volthium\" \/>\n<meta property=\"og:description\" content=\"Les batteries 51.2V 100Ah - Rackmount sont des produits haut de gamme fabriqu\u00e9s sur mesure pour une client\u00e8le majoritairement commerciale et industrielle.\" \/>\n<meta property=\"og:url\" content=\"https:\/\/volthium.com\/fr\/produit\/batterie-51-2v-rackmount-10-24kwh-ess\/\" \/>\n<meta property=\"og:site_name\" content=\"Volthium\" \/>\n<meta property=\"article:modified_time\" content=\"2025-01-09T17:57:55+00:00\" \/>\n<meta property=\"og:image\" content=\"https:\/\/volthium.com\/wp-content\/uploads\/2024\/06\/Batterie-51.2-V-100-Ah-Rack-Mount_Detoure-01_Rectangle.png\" \/>\n\t<meta property=\"og:image:width\" content=\"1959\" \/>\n\t<meta property=\"og:image:height\" content=\"858\" \/>\n\t<meta property=\"og:image:type\" content=\"image\/png\" \/>\n<meta name=\"twitter:card\" content=\"summary_large_image\" \/>\n<meta name=\"twitter:label1\" content=\"Estimation du temps de lecture\" \/>\n\t<meta name=\"twitter:data1\" content=\"3 minutes\" \/>\n<script type=\"application\/ld+json\" class=\"yoast-schema-graph\">{\"@context\":\"https:\/\/schema.org\",\"@graph\":[{\"@type\":\"WebPage\",\"@id\":\"https:\/\/volthium.com\/fr\/produit\/batterie-51-2v-rackmount-10-24kwh-ess\/\",\"url\":\"https:\/\/volthium.com\/fr\/produit\/batterie-51-2v-rackmount-10-24kwh-ess\/\",\"name\":\"Batterie 51.2V 100Ah Rackmount \u2013 5.12kWh ESS - Volthium\",\"isPartOf\":{\"@id\":\"https:\/\/volthium.com\/fr\/#website\"},\"primaryImageOfPage\":{\"@id\":\"https:\/\/volthium.com\/fr\/produit\/batterie-51-2v-rackmount-10-24kwh-ess\/#primaryimage\"},\"image\":{\"@id\":\"https:\/\/volthium.com\/fr\/produit\/batterie-51-2v-rackmount-10-24kwh-ess\/#primaryimage\"},\"thumbnailUrl\":\"https:\/\/volthium.com\/wp-content\/uploads\/2024\/06\/Batterie-51.2-V-100-Ah-Rack-Mount_Detoure-01_Rectangle.png\",\"datePublished\":\"2024-06-17T17:31:47+00:00\",\"dateModified\":\"2025-01-09T17:57:55+00:00\",\"description\":\"Les batteries 51.2V 100Ah - Rackmount sont des produits haut de gamme fabriqu\u00e9s sur mesure pour une client\u00e8le majoritairement commerciale et industrielle.\",\"breadcrumb\":{\"@id\":\"https:\/\/volthium.com\/fr\/produit\/batterie-51-2v-rackmount-10-24kwh-ess\/#breadcrumb\"},\"inLanguage\":\"fr-CA\",\"potentialAction\":[{\"@type\":\"ReadAction\",\"target\":[\"https:\/\/volthium.com\/fr\/produit\/batterie-51-2v-rackmount-10-24kwh-ess\/\"]}]},{\"@type\":\"ImageObject\",\"inLanguage\":\"fr-CA\",\"@id\":\"https:\/\/volthium.com\/fr\/produit\/batterie-51-2v-rackmount-10-24kwh-ess\/#primaryimage\",\"url\":\"https:\/\/volthium.com\/wp-content\/uploads\/2024\/06\/Batterie-51.2-V-100-Ah-Rack-Mount_Detoure-01_Rectangle.png\",\"contentUrl\":\"https:\/\/volthium.com\/wp-content\/uploads\/2024\/06\/Batterie-51.2-V-100-Ah-Rack-Mount_Detoure-01_Rectangle.png\",\"width\":1959,\"height\":858},{\"@type\":\"BreadcrumbList\",\"@id\":\"https:\/\/volthium.com\/fr\/produit\/batterie-51-2v-rackmount-10-24kwh-ess\/#breadcrumb\",\"itemListElement\":[{\"@type\":\"ListItem\",\"position\":1,\"name\":\"Accueil\",\"item\":\"https:\/\/volthium.com\/fr\/\"},{\"@type\":\"ListItem\",\"position\":2,\"name\":\"Boutique en ligne\",\"item\":\"https:\/\/volthium.com\/fr\/boutique\/\"},{\"@type\":\"ListItem\",\"position\":3,\"name\":\"Batterie 51.2V 100Ah Rackmount \u2013 5.12kWh ESS\"}]},{\"@type\":\"WebSite\",\"@id\":\"https:\/\/volthium.com\/fr\/#website\",\"url\":\"https:\/\/volthium.com\/fr\/\",\"name\":\"Volthium\",\"description\":\"Logo Volthium\",\"publisher\":{\"@id\":\"https:\/\/volthium.com\/fr\/#organization\"},\"potentialAction\":[{\"@type\":\"SearchAction\",\"target\":{\"@type\":\"EntryPoint\",\"urlTemplate\":\"https:\/\/volthium.com\/fr\/?s={search_term_string}\"},\"query-input\":{\"@type\":\"PropertyValueSpecification\",\"valueRequired\":true,\"valueName\":\"search_term_string\"}}],\"inLanguage\":\"fr-CA\"},{\"@type\":\"Organization\",\"@id\":\"https:\/\/volthium.com\/fr\/#organization\",\"name\":\"Volthium\",\"url\":\"https:\/\/volthium.com\/fr\/\",\"logo\":{\"@type\":\"ImageObject\",\"inLanguage\":\"fr-CA\",\"@id\":\"https:\/\/volthium.com\/fr\/#\/schema\/logo\/image\/\",\"url\":\"https:\/\/volthium.com\/wp-content\/uploads\/2024\/01\/Logo-Volthium_Sans-energie.svg\",\"contentUrl\":\"https:\/\/volthium.com\/wp-content\/uploads\/2024\/01\/Logo-Volthium_Sans-energie.svg\",\"width\":793,\"height\":453,\"caption\":\"Volthium\"},\"image\":{\"@id\":\"https:\/\/volthium.com\/fr\/#\/schema\/logo\/image\/\"}}]}<\/script>\n<!-- \/ Yoast SEO plugin. -->","yoast_head_json":{"title":"Batterie 51.2V 100Ah Rackmount \u2013 5.12kWh ESS - Volthium","description":"Les batteries 51.2V 100Ah - Rackmount sont des produits haut de gamme fabriqu\u00e9s sur mesure pour une client\u00e8le majoritairement commerciale et industrielle.","robots":{"index":"index","follow":"follow","max-snippet":"max-snippet:-1","max-image-preview":"max-image-preview:large","max-video-preview":"max-video-preview:-1"},"canonical":"https:\/\/volthium.com\/fr\/produit\/batterie-51-2v-rackmount-10-24kwh-ess\/","og_locale":"fr_CA","og_type":"article","og_title":"Batterie 51.2V 100Ah Rackmount \u2013 5.12kWh ESS - Volthium","og_description":"Les batteries 51.2V 100Ah - Rackmount sont des produits haut de gamme fabriqu\u00e9s sur mesure pour une client\u00e8le majoritairement commerciale et industrielle.","og_url":"https:\/\/volthium.com\/fr\/produit\/batterie-51-2v-rackmount-10-24kwh-ess\/","og_site_name":"Volthium","article_modified_time":"2025-01-09T17:57:55+00:00","og_image":[{"width":1959,"height":858,"url":"https:\/\/volthium.com\/wp-content\/uploads\/2024\/06\/Batterie-51.2-V-100-Ah-Rack-Mount_Detoure-01_Rectangle.png","type":"image\/png"}],"twitter_card":"summary_large_image","twitter_misc":{"Estimation du temps de lecture":"3 minutes"},"schema":{"@context":"https:\/\/schema.org","@graph":[{"@type":"WebPage","@id":"https:\/\/volthium.com\/fr\/produit\/batterie-51-2v-rackmount-10-24kwh-ess\/","url":"https:\/\/volthium.com\/fr\/produit\/batterie-51-2v-rackmount-10-24kwh-ess\/","name":"Batterie 51.2V 100Ah Rackmount \u2013 5.12kWh ESS - Volthium","isPartOf":{"@id":"https:\/\/volthium.com\/fr\/#website"},"primaryImageOfPage":{"@id":"https:\/\/volthium.com\/fr\/produit\/batterie-51-2v-rackmount-10-24kwh-ess\/#primaryimage"},"image":{"@id":"https:\/\/volthium.com\/fr\/produit\/batterie-51-2v-rackmount-10-24kwh-ess\/#primaryimage"},"thumbnailUrl":"https:\/\/volthium.com\/wp-content\/uploads\/2024\/06\/Batterie-51.2-V-100-Ah-Rack-Mount_Detoure-01_Rectangle.png","datePublished":"2024-06-17T17:31:47+00:00","dateModified":"2025-01-09T17:57:55+00:00","description":"Les batteries 51.2V 100Ah - Rackmount sont des produits haut de gamme fabriqu\u00e9s sur mesure pour une client\u00e8le majoritairement commerciale et industrielle.","breadcrumb":{"@id":"https:\/\/volthium.com\/fr\/produit\/batterie-51-2v-rackmount-10-24kwh-ess\/#breadcrumb"},"inLanguage":"fr-CA","potentialAction":[{"@type":"ReadAction","target":["https:\/\/volthium.com\/fr\/produit\/batterie-51-2v-rackmount-10-24kwh-ess\/"]}]},{"@type":"ImageObject","inLanguage":"fr-CA","@id":"https:\/\/volthium.com\/fr\/produit\/batterie-51-2v-rackmount-10-24kwh-ess\/#primaryimage","url":"https:\/\/volthium.com\/wp-content\/uploads\/2024\/06\/Batterie-51.2-V-100-Ah-Rack-Mount_Detoure-01_Rectangle.png","contentUrl":"https:\/\/volthium.com\/wp-content\/uploads\/2024\/06\/Batterie-51.2-V-100-Ah-Rack-Mount_Detoure-01_Rectangle.png","width":1959,"height":858},{"@type":"BreadcrumbList","@id":"https:\/\/volthium.com\/fr\/produit\/batterie-51-2v-rackmount-10-24kwh-ess\/#breadcrumb","itemListElement":[{"@type":"ListItem","position":1,"name":"Accueil","item":"https:\/\/volthium.com\/fr\/"},{"@type":"ListItem","position":2,"name":"Boutique en ligne","item":"https:\/\/volthium.com\/fr\/boutique\/"},{"@type":"ListItem","position":3,"name":"Batterie 51.2V 100Ah Rackmount \u2013 5.12kWh ESS"}]},{"@type":"WebSite","@id":"https:\/\/volthium.com\/fr\/#website","url":"https:\/\/volthium.com\/fr\/","name":"Volthium","description":"Logo Volthium","publisher":{"@id":"https:\/\/volthium.com\/fr\/#organization"},"potentialAction":[{"@type":"SearchAction","target":{"@type":"EntryPoint","urlTemplate":"https:\/\/volthium.com\/fr\/?s={search_term_string}"},"query-input":{"@type":"PropertyValueSpecification","valueRequired":true,"valueName":"search_term_string"}}],"inLanguage":"fr-CA"},{"@type":"Organization","@id":"https:\/\/volthium.com\/fr\/#organization","name":"Volthium","url":"https:\/\/volthium.com\/fr\/","logo":{"@type":"ImageObject","inLanguage":"fr-CA","@id":"https:\/\/volthium.com\/fr\/#\/schema\/logo\/image\/","url":"https:\/\/volthium.com\/wp-content\/uploads\/2024\/01\/Logo-Volthium_Sans-energie.svg","contentUrl":"https:\/\/volthium.com\/wp-content\/uploads\/2024\/01\/Logo-Volthium_Sans-energie.svg","width":793,"height":453,"caption":"Volthium"},"image":{"@id":"https:\/\/volthium.com\/fr\/#\/schema\/logo\/image\/"}}]}},"_links":{"self":[{"href":"https:\/\/volthium.com\/fr\/wp-json\/wp\/v2\/product\/1917","targetHints":{"allow":["GET"]}}],"collection":[{"href":"https:\/\/volthium.com\/fr\/wp-json\/wp\/v2\/product"}],"about":[{"href":"https:\/\/volthium.com\/fr\/wp-json\/wp\/v2\/types\/product"}],"replies":[{"embeddable":true,"href":"https:\/\/volthium.com\/fr\/wp-json\/wp\/v2\/comments?post=1917"}],"wp:featuredmedia":[{"embeddable":true,"href":"https:\/\/volthium.com\/fr\/wp-json\/wp\/v2\/media\/4425"}],"wp:attachment":[{"href":"https:\/\/volthium.com\/fr\/wp-json\/wp\/v2\/media?parent=1917"}],"wp:term":[{"taxonomy":"product_brand","embeddable":true,"href":"https:\/\/volthium.com\/fr\/wp-json\/wp\/v2\/product_brand?post=1917"},{"taxonomy":"product_cat","embeddable":true,"href":"https:\/\/volthium.com\/fr\/wp-json\/wp\/v2\/product_cat?post=1917"},{"taxonomy":"product_tag","embeddable":true,"href":"https:\/\/volthium.com\/fr\/wp-json\/wp\/v2\/product_tag?post=1917"}],"curies":[{"name":"wp","href":"https:\/\/api.w.org\/{rel}","templated":true}]}}