{"id":1666,"date":"2024-05-02T16:53:32","date_gmt":"2024-05-02T16:53:32","guid":{"rendered":"https:\/\/volthium.com\/?post_type=product&#038;p=1666"},"modified":"2025-04-10T12:05:28","modified_gmt":"2025-04-10T16:05:28","slug":"batterie-25-6v-200ah-3u","status":"publish","type":"product","link":"https:\/\/volthium.com\/fr\/produit\/batterie-25-6v-200ah-3u\/","title":{"rendered":"Batterie 25.6V 200Ah &#8211; rackmount 3U"},"content":{"rendered":"<p>Notre nouvelle Batterie LFP\u00a0 25.6V 200Ah Rackmount 3U de stockage \u00e9nerg\u00e9tique est parfaite pour les installations hors r\u00e9seaux partout au Canada!<br \/>\nC\u2019est une batterie LifePO4 haut de gamme fabriqu\u00e9e sur mesure pour r\u00e9pondre aux exigences des plus hauts standards de l\u2019industrie.<\/p>\n<p>Gr\u00e2ce aux accessoires de fixations disponibles, vous pouvez la monter en rack (cabinet) ou directement au mur gr\u00e2ce \u00e0 nos fixations murales. Ce qui permet d&rsquo;optimiser votre espace et de r\u00e9aliser de belles installations dans votre salle \u00e9lectrique.<\/p>\n<p>La batterie est con\u00e7ue pour les banques de stockage solaire allant de 5 kWh \u00e0 640 kWh.<\/p>\n<p>Ce type de batterie modulaire est principalement utilis\u00e9 pour des maisons autonomes, des chalets ou toutes autres installations hors r\u00e9seaux qui fonctionne sur des syst\u00e8mes 24V.<\/p>\n<p>Ces batteries 25.6V rackmount 3U sont compatibles avec la quasi totalit\u00e9 des onduleurs du march\u00e9. Veuillez <a href=\"https:\/\/volthium.com\/contactez-nous\/\">contacter notre service \u00e0 la client\u00e8le<\/a> pour en apprendre plus sur les diff\u00e9rentes compatibilit\u00e9.<\/p>\n<p>Les batteries rack-mount 3U int\u00e8grent des ports de communication MODBUS tels que CAN et RS485. Gr\u00e2ce \u00e0 ces ports de communications, Volthium int\u00e8gre constamment de nouveaux protocoles de communication permettant de s\u2019interconnecter aux \u00e9quipements \u00e9nerg\u00e9tiques finaux.<br \/>\nVeuillez prendre en note que notre \u00e9quipe d&rsquo;ing\u00e9nieurs d\u00e9veloppent sur mesure la programmation de protocoles demand\u00e9s par les clients ainsi que l\u2019int\u00e9gration de nouvelles marques d\u2019\u00e9quipements. Vous pouvez <a href=\"https:\/\/volthium.com\/contactez-nous\/\">nous contacter<\/a> pour toutes demandes particuli\u00e8res (des d\u00e9lais de d\u00e9veloppement sont \u00e0 consid\u00e9rer).<\/p>\n<p><strong>Garantie<\/strong> 10ans<\/p>\n<p><strong>Dur\u00e9e de vie utile<\/strong> autour de 15 ans et plus<\/p>\n<p><strong>Moyenne d\u2019op\u00e9ration<\/strong> au-del\u00e0 de 6000 cycles<\/p>\n","protected":false},"excerpt":{"rendered":"<p>Notre nouvelle Batterie LFP\u00a0 25.6V 200Ah Rackmount 3U de stockage \u00e9nerg\u00e9tique est parfaite pour les installations hors r\u00e9seaux partout au Canada!<\/p>\n","protected":false},"featured_media":7051,"comment_status":"open","ping_status":"closed","template":"","meta":{"_acf_changed":false,"inline_featured_image":false,"site-sidebar-layout":"default","site-content-layout":"","ast-site-content-layout":"default","site-content-style":"default","site-sidebar-style":"default","ast-global-header-display":"","ast-banner-title-visibility":"","ast-main-header-display":"","ast-hfb-above-header-display":"","ast-hfb-below-header-display":"","ast-hfb-mobile-header-display":"","site-post-title":"","ast-breadcrumbs-content":"","ast-featured-img":"","footer-sml-layout":"","ast-disable-related-posts":"","theme-transparent-header-meta":"default","adv-header-id-meta":"","stick-header-meta":"","header-above-stick-meta":"","header-main-stick-meta":"","header-below-stick-meta":"","astra-migrate-meta-layouts":"set","ast-page-background-enabled":"default","ast-page-background-meta":{"desktop":{"background-color":"var(--ast-global-color-4)","background-image":"","background-repeat":"repeat","background-position":"center center","background-size":"auto","background-attachment":"scroll","background-type":"","background-media":"","overlay-type":"","overlay-color":"","overlay-opacity":"","overlay-gradient":""},"tablet":{"background-color":"","background-image":"","background-repeat":"repeat","background-position":"center center","background-size":"auto","background-attachment":"scroll","background-type":"","background-media":"","overlay-type":"","overlay-color":"","overlay-opacity":"","overlay-gradient":""},"mobile":{"background-color":"","background-image":"","background-repeat":"repeat","background-position":"center center","background-size":"auto","background-attachment":"scroll","background-type":"","background-media":"","overlay-type":"","overlay-color":"","overlay-opacity":"","overlay-gradient":""}},"ast-content-background-meta":{"desktop":{"background-color":"var(--ast-global-color-5)","background-image":"","background-repeat":"repeat","background-position":"center center","background-size":"auto","background-attachment":"scroll","background-type":"","background-media":"","overlay-type":"","overlay-color":"","overlay-opacity":"","overlay-gradient":""},"tablet":{"background-color":"var(--ast-global-color-5)","background-image":"","background-repeat":"repeat","background-position":"center center","background-size":"auto","background-attachment":"scroll","background-type":"","background-media":"","overlay-type":"","overlay-color":"","overlay-opacity":"","overlay-gradient":""},"mobile":{"background-color":"var(--ast-global-color-5)","background-image":"","background-repeat":"repeat","background-position":"center center","background-size":"auto","background-attachment":"scroll","background-type":"","background-media":"","overlay-type":"","overlay-color":"","overlay-opacity":"","overlay-gradient":""}}},"product_brand":[],"product_cat":[22,18],"product_tag":[52,155,44,82],"class_list":{"0":"post-1666","1":"product","2":"type-product","3":"status-publish","4":"has-post-thumbnail","6":"product_cat-24v","7":"product_cat-batteries","8":"product_tag-200ah","9":"product_tag-24200r","10":"product_tag-24v","11":"product_tag-rackmount","12":"desktop-align-left","13":"tablet-align-left","14":"mobile-align-left","16":"first","17":"instock","18":"taxable","19":"shipping-taxable","20":"product-type-simple"},"acf":[],"yoast_head":"<!-- This site is optimized with the Yoast SEO plugin v27.4 - https:\/\/yoast.com\/product\/yoast-seo-wordpress\/ -->\n<title>Batterie 25.6V 200Ah - rackmount 3U - Volthium<\/title>\n<meta name=\"description\" content=\"La Batterie LFP de Stockage Solaire 25.6 V 200 Ah - Rackmount 3U est fabriqu\u00e9e sur mesure pour une client\u00e8le majoritairement hors r\u00e9seau.\" \/>\n<meta name=\"robots\" content=\"index, follow, max-snippet:-1, max-image-preview:large, max-video-preview:-1\" \/>\n<link rel=\"canonical\" href=\"https:\/\/volthium.com\/fr\/produit\/batterie-25-6v-200ah-3u\/\" \/>\n<meta property=\"og:locale\" content=\"fr_CA\" \/>\n<meta property=\"og:type\" content=\"article\" \/>\n<meta property=\"og:title\" content=\"Batterie 25.6V 200Ah - rackmount 3U - Volthium\" \/>\n<meta property=\"og:description\" content=\"La Batterie LFP de Stockage Solaire 25.6 V 200 Ah - Rackmount 3U est fabriqu\u00e9e sur mesure pour une client\u00e8le majoritairement hors r\u00e9seau.\" \/>\n<meta property=\"og:url\" content=\"https:\/\/volthium.com\/fr\/produit\/batterie-25-6v-200ah-3u\/\" \/>\n<meta property=\"og:site_name\" content=\"Volthium\" \/>\n<meta property=\"article:modified_time\" content=\"2025-04-10T16:05:28+00:00\" \/>\n<meta property=\"og:image\" content=\"https:\/\/volthium.com\/wp-content\/uploads\/2025\/03\/Batterie-25.6-V-200-Ah-Rackmount-3U_Detoure-02_Rectangle.png\" \/>\n\t<meta property=\"og:image:width\" content=\"1959\" \/>\n\t<meta property=\"og:image:height\" content=\"858\" \/>\n\t<meta property=\"og:image:type\" content=\"image\/png\" \/>\n<meta name=\"twitter:card\" content=\"summary_large_image\" \/>\n<meta name=\"twitter:label1\" content=\"Estimation du temps de lecture\" \/>\n\t<meta name=\"twitter:data1\" content=\"2 minutes\" \/>\n<script type=\"application\/ld+json\" class=\"yoast-schema-graph\">{\"@context\":\"https:\\\/\\\/schema.org\",\"@graph\":[{\"@type\":\"WebPage\",\"@id\":\"https:\\\/\\\/volthium.com\\\/fr\\\/produit\\\/batterie-25-6v-200ah-3u\\\/\",\"url\":\"https:\\\/\\\/volthium.com\\\/fr\\\/produit\\\/batterie-25-6v-200ah-3u\\\/\",\"name\":\"Batterie 25.6V 200Ah - rackmount 3U - Volthium\",\"isPartOf\":{\"@id\":\"https:\\\/\\\/volthium.com\\\/fr\\\/#website\"},\"primaryImageOfPage\":{\"@id\":\"https:\\\/\\\/volthium.com\\\/fr\\\/produit\\\/batterie-25-6v-200ah-3u\\\/#primaryimage\"},\"image\":{\"@id\":\"https:\\\/\\\/volthium.com\\\/fr\\\/produit\\\/batterie-25-6v-200ah-3u\\\/#primaryimage\"},\"thumbnailUrl\":\"https:\\\/\\\/volthium.com\\\/wp-content\\\/uploads\\\/2025\\\/03\\\/Batterie-25.6-V-200-Ah-Rackmount-3U_Detoure-02_Rectangle.png\",\"datePublished\":\"2024-05-02T16:53:32+00:00\",\"dateModified\":\"2025-04-10T16:05:28+00:00\",\"description\":\"La Batterie LFP de Stockage Solaire 25.6 V 200 Ah - Rackmount 3U est fabriqu\u00e9e sur mesure pour une client\u00e8le majoritairement hors r\u00e9seau.\",\"breadcrumb\":{\"@id\":\"https:\\\/\\\/volthium.com\\\/fr\\\/produit\\\/batterie-25-6v-200ah-3u\\\/#breadcrumb\"},\"inLanguage\":\"fr-CA\",\"potentialAction\":[{\"@type\":\"ReadAction\",\"target\":[\"https:\\\/\\\/volthium.com\\\/fr\\\/produit\\\/batterie-25-6v-200ah-3u\\\/\"]}]},{\"@type\":\"ImageObject\",\"inLanguage\":\"fr-CA\",\"@id\":\"https:\\\/\\\/volthium.com\\\/fr\\\/produit\\\/batterie-25-6v-200ah-3u\\\/#primaryimage\",\"url\":\"https:\\\/\\\/volthium.com\\\/wp-content\\\/uploads\\\/2025\\\/03\\\/Batterie-25.6-V-200-Ah-Rackmount-3U_Detoure-02_Rectangle.png\",\"contentUrl\":\"https:\\\/\\\/volthium.com\\\/wp-content\\\/uploads\\\/2025\\\/03\\\/Batterie-25.6-V-200-Ah-Rackmount-3U_Detoure-02_Rectangle.png\",\"width\":1959,\"height\":858,\"caption\":\"51.2V 100Ah rackmount 3U\"},{\"@type\":\"BreadcrumbList\",\"@id\":\"https:\\\/\\\/volthium.com\\\/fr\\\/produit\\\/batterie-25-6v-200ah-3u\\\/#breadcrumb\",\"itemListElement\":[{\"@type\":\"ListItem\",\"position\":1,\"name\":\"Accueil\",\"item\":\"https:\\\/\\\/volthium.com\\\/fr\\\/\"},{\"@type\":\"ListItem\",\"position\":2,\"name\":\"Boutique en ligne\",\"item\":\"https:\\\/\\\/volthium.com\\\/fr\\\/boutique\\\/\"},{\"@type\":\"ListItem\",\"position\":3,\"name\":\"Batterie 25.6V 200Ah &#8211; rackmount 3U\"}]},{\"@type\":\"WebSite\",\"@id\":\"https:\\\/\\\/volthium.com\\\/fr\\\/#website\",\"url\":\"https:\\\/\\\/volthium.com\\\/fr\\\/\",\"name\":\"Volthium\",\"description\":\"Logo Volthium\",\"publisher\":{\"@id\":\"https:\\\/\\\/volthium.com\\\/fr\\\/#organization\"},\"potentialAction\":[{\"@type\":\"SearchAction\",\"target\":{\"@type\":\"EntryPoint\",\"urlTemplate\":\"https:\\\/\\\/volthium.com\\\/fr\\\/?s={search_term_string}\"},\"query-input\":{\"@type\":\"PropertyValueSpecification\",\"valueRequired\":true,\"valueName\":\"search_term_string\"}}],\"inLanguage\":\"fr-CA\"},{\"@type\":\"Organization\",\"@id\":\"https:\\\/\\\/volthium.com\\\/fr\\\/#organization\",\"name\":\"Volthium\",\"url\":\"https:\\\/\\\/volthium.com\\\/fr\\\/\",\"logo\":{\"@type\":\"ImageObject\",\"inLanguage\":\"fr-CA\",\"@id\":\"https:\\\/\\\/volthium.com\\\/fr\\\/#\\\/schema\\\/logo\\\/image\\\/\",\"url\":\"https:\\\/\\\/volthium.com\\\/wp-content\\\/uploads\\\/2024\\\/01\\\/Logo-Volthium_Sans-energie.svg\",\"contentUrl\":\"https:\\\/\\\/volthium.com\\\/wp-content\\\/uploads\\\/2024\\\/01\\\/Logo-Volthium_Sans-energie.svg\",\"width\":793,\"height\":453,\"caption\":\"Volthium\"},\"image\":{\"@id\":\"https:\\\/\\\/volthium.com\\\/fr\\\/#\\\/schema\\\/logo\\\/image\\\/\"}}]}<\/script>\n<!-- \/ Yoast SEO plugin. -->","yoast_head_json":{"title":"Batterie 25.6V 200Ah - rackmount 3U - Volthium","description":"La Batterie LFP de Stockage Solaire 25.6 V 200 Ah - Rackmount 3U est fabriqu\u00e9e sur mesure pour une client\u00e8le majoritairement hors r\u00e9seau.","robots":{"index":"index","follow":"follow","max-snippet":"max-snippet:-1","max-image-preview":"max-image-preview:large","max-video-preview":"max-video-preview:-1"},"canonical":"https:\/\/volthium.com\/fr\/produit\/batterie-25-6v-200ah-3u\/","og_locale":"fr_CA","og_type":"article","og_title":"Batterie 25.6V 200Ah - rackmount 3U - Volthium","og_description":"La Batterie LFP de Stockage Solaire 25.6 V 200 Ah - Rackmount 3U est fabriqu\u00e9e sur mesure pour une client\u00e8le majoritairement hors r\u00e9seau.","og_url":"https:\/\/volthium.com\/fr\/produit\/batterie-25-6v-200ah-3u\/","og_site_name":"Volthium","article_modified_time":"2025-04-10T16:05:28+00:00","og_image":[{"width":1959,"height":858,"url":"https:\/\/volthium.com\/wp-content\/uploads\/2025\/03\/Batterie-25.6-V-200-Ah-Rackmount-3U_Detoure-02_Rectangle.png","type":"image\/png"}],"twitter_card":"summary_large_image","twitter_misc":{"Estimation du temps de lecture":"2 minutes"},"schema":{"@context":"https:\/\/schema.org","@graph":[{"@type":"WebPage","@id":"https:\/\/volthium.com\/fr\/produit\/batterie-25-6v-200ah-3u\/","url":"https:\/\/volthium.com\/fr\/produit\/batterie-25-6v-200ah-3u\/","name":"Batterie 25.6V 200Ah - rackmount 3U - Volthium","isPartOf":{"@id":"https:\/\/volthium.com\/fr\/#website"},"primaryImageOfPage":{"@id":"https:\/\/volthium.com\/fr\/produit\/batterie-25-6v-200ah-3u\/#primaryimage"},"image":{"@id":"https:\/\/volthium.com\/fr\/produit\/batterie-25-6v-200ah-3u\/#primaryimage"},"thumbnailUrl":"https:\/\/volthium.com\/wp-content\/uploads\/2025\/03\/Batterie-25.6-V-200-Ah-Rackmount-3U_Detoure-02_Rectangle.png","datePublished":"2024-05-02T16:53:32+00:00","dateModified":"2025-04-10T16:05:28+00:00","description":"La Batterie LFP de Stockage Solaire 25.6 V 200 Ah - Rackmount 3U est fabriqu\u00e9e sur mesure pour une client\u00e8le majoritairement hors r\u00e9seau.","breadcrumb":{"@id":"https:\/\/volthium.com\/fr\/produit\/batterie-25-6v-200ah-3u\/#breadcrumb"},"inLanguage":"fr-CA","potentialAction":[{"@type":"ReadAction","target":["https:\/\/volthium.com\/fr\/produit\/batterie-25-6v-200ah-3u\/"]}]},{"@type":"ImageObject","inLanguage":"fr-CA","@id":"https:\/\/volthium.com\/fr\/produit\/batterie-25-6v-200ah-3u\/#primaryimage","url":"https:\/\/volthium.com\/wp-content\/uploads\/2025\/03\/Batterie-25.6-V-200-Ah-Rackmount-3U_Detoure-02_Rectangle.png","contentUrl":"https:\/\/volthium.com\/wp-content\/uploads\/2025\/03\/Batterie-25.6-V-200-Ah-Rackmount-3U_Detoure-02_Rectangle.png","width":1959,"height":858,"caption":"51.2V 100Ah rackmount 3U"},{"@type":"BreadcrumbList","@id":"https:\/\/volthium.com\/fr\/produit\/batterie-25-6v-200ah-3u\/#breadcrumb","itemListElement":[{"@type":"ListItem","position":1,"name":"Accueil","item":"https:\/\/volthium.com\/fr\/"},{"@type":"ListItem","position":2,"name":"Boutique en ligne","item":"https:\/\/volthium.com\/fr\/boutique\/"},{"@type":"ListItem","position":3,"name":"Batterie 25.6V 200Ah &#8211; rackmount 3U"}]},{"@type":"WebSite","@id":"https:\/\/volthium.com\/fr\/#website","url":"https:\/\/volthium.com\/fr\/","name":"Volthium","description":"Logo Volthium","publisher":{"@id":"https:\/\/volthium.com\/fr\/#organization"},"potentialAction":[{"@type":"SearchAction","target":{"@type":"EntryPoint","urlTemplate":"https:\/\/volthium.com\/fr\/?s={search_term_string}"},"query-input":{"@type":"PropertyValueSpecification","valueRequired":true,"valueName":"search_term_string"}}],"inLanguage":"fr-CA"},{"@type":"Organization","@id":"https:\/\/volthium.com\/fr\/#organization","name":"Volthium","url":"https:\/\/volthium.com\/fr\/","logo":{"@type":"ImageObject","inLanguage":"fr-CA","@id":"https:\/\/volthium.com\/fr\/#\/schema\/logo\/image\/","url":"https:\/\/volthium.com\/wp-content\/uploads\/2024\/01\/Logo-Volthium_Sans-energie.svg","contentUrl":"https:\/\/volthium.com\/wp-content\/uploads\/2024\/01\/Logo-Volthium_Sans-energie.svg","width":793,"height":453,"caption":"Volthium"},"image":{"@id":"https:\/\/volthium.com\/fr\/#\/schema\/logo\/image\/"}}]}},"_links":{"self":[{"href":"https:\/\/volthium.com\/fr\/wp-json\/wp\/v2\/product\/1666","targetHints":{"allow":["GET"]}}],"collection":[{"href":"https:\/\/volthium.com\/fr\/wp-json\/wp\/v2\/product"}],"about":[{"href":"https:\/\/volthium.com\/fr\/wp-json\/wp\/v2\/types\/product"}],"replies":[{"embeddable":true,"href":"https:\/\/volthium.com\/fr\/wp-json\/wp\/v2\/comments?post=1666"}],"wp:featuredmedia":[{"embeddable":true,"href":"https:\/\/volthium.com\/fr\/wp-json\/wp\/v2\/media\/7051"}],"wp:attachment":[{"href":"https:\/\/volthium.com\/fr\/wp-json\/wp\/v2\/media?parent=1666"}],"wp:term":[{"taxonomy":"product_brand","embeddable":true,"href":"https:\/\/volthium.com\/fr\/wp-json\/wp\/v2\/product_brand?post=1666"},{"taxonomy":"product_cat","embeddable":true,"href":"https:\/\/volthium.com\/fr\/wp-json\/wp\/v2\/product_cat?post=1666"},{"taxonomy":"product_tag","embeddable":true,"href":"https:\/\/volthium.com\/fr\/wp-json\/wp\/v2\/product_tag?post=1666"}],"curies":[{"name":"wp","href":"https:\/\/api.w.org\/{rel}","templated":true}]}}