{"id":1627,"date":"2024-04-30T15:45:55","date_gmt":"2024-04-30T15:45:55","guid":{"rendered":"https:\/\/volthium.com\/?post_type=product&#038;p=1627"},"modified":"2025-10-03T11:02:00","modified_gmt":"2025-10-03T15:02:00","slug":"batterie-12v-400ah","status":"publish","type":"product","link":"https:\/\/volthium.com\/fr\/produit\/batterie-12v-400ah\/","title":{"rendered":"Batterie 12V 400Ah autochauffante"},"content":{"rendered":"<p>Notre <a href=\"https:\/\/youtu.be\/6ZDN5Sy38yI\">Batterie 12 V400 Ah LiFePO4<\/a> en ABS au format 8D de Volthium est fabriqu\u00e9e sp\u00e9cialement pour la client\u00e8le de bateaux, voiliers, v\u00e9hicules motoris\u00e9s et applications industrielles.<\/p>\n<p>Les Batteries Volthium 12 V 400 Ah, avec syst\u00e8me auto-chauffante int\u00e9gr\u00e9, rencontrent les normes ABYC, incluant la clause E-13, relative \u00e0 la communication.<\/p>\n<p>Afin de respecter\u00a0<strong>les exigences de ABYC<\/strong> (ex : Standard E-13), cette batterie dispose d&rsquo;un caisson exclusif \u00e0 Volthium offrant <strong>2<\/strong> <strong>ports de communication RJ45<\/strong> (Ethernet) permettant la transmission de donn\u00e9es internes de la batterie vers les syst\u00e8mes de surveillance. En ajoutant notre Smart Bridge \u00e0 son syst\u00e8me, l&rsquo;utilisateur peut acc\u00e9der \u00e0 l&rsquo;application d\u00e9di\u00e9e Volthium lui permettant d&rsquo;avoir acc\u00e8s, par Bluetooth, \u00e0 tous les donn\u00e9es pertinentes de sa batterie.<br \/>\nL\u2019utilisateur peut aussi param\u00e9trer des <strong>alertes sonores et\/ou visuels\u00a0<\/strong>pour \u00eatre averti avant la mise \u00e0 l\u2019arr\u00eat automatique des batteries. L&rsquo;utilisateur pourra <strong>d\u00e9finir une alerte pour un %SOC sp\u00e9cifique<\/strong>, de son choix, en plus de d\u00e9terminer une alerte d\u2019avertissement pour la haute temp\u00e9rature, et la basse temp\u00e9rature. Cette fonctionnalit\u00e9 est disponible sur plusieurs Batteries Volthium.<\/p>\n<p>Ce mod\u00e8le est \u00e9galement disponible en version auto-chauffante (Technologie double).<\/p>\n<p>Nos batteries 12 V 400 Ah, comme toutes nos batteries de plus de 100 Ah, poss\u00e8dent un <strong>acc\u00e8s facilit\u00e9 et r\u00e9serv\u00e9 pour le BMS<\/strong>. Cet acc\u00e8s la rend <strong>r\u00e9parable<\/strong> facilement en cas de besoin.<\/p>\n<p>De plus, cette batterie lithium dispose d\u2019un syst\u00e8me de refroidissement int\u00e9gr\u00e9 permettant de faire sortir la chaleur de la batterie via sa plaque conductrice en aluminium. Le dissipateur thermique augmente davantage la plage d\u2019utilisation au niveau de la temp\u00e9rature, tout en favorisant un meilleur rendement au niveau du BMS int\u00e9gr\u00e9. Ce syst\u00e8me de refroidissement <strong>permet de prolonger la dur\u00e9e de vie des cellules<\/strong> en limitant la transmission de chaleurs vers celles-ci. Il permet aussi <strong>d\u2019augmenter la plage de temp\u00e9rature utilisable de ces batteries<\/strong>.<\/p>\n<p>Cette nouvelle g\u00e9n\u00e9ration de batteries est aussi munie d\u2019un bouton marche\/arr\u00eat en acier inoxydable, permettant de d\u00e9sactiver la d\u00e9charge, tout en autorisant la recharge. Extr\u00eamement pratique lorsque vous voulez laisser les batteries branch\u00e9es au syst\u00e8me solaire lors du remisage, tout en \u00e9liminant la crainte que celles-ci soient vid\u00e9es par des d\u00e9charges parasites.<\/p>\n<p>Non seulement cet accumulateur LiFePO4 r\u00e9siste aux vibrations, mais il dispose d\u2019une plage de d\u00e9charge sup\u00e9rieure \u00e0 la comp\u00e9tition. En effet, cette batterie\u00a0<strong>peut \u00eatre d\u00e9charg\u00e9e jusqu\u2019\u00e0 -25 degr\u00e9s<\/strong>, au lieu de -20 degr\u00e9s pour la comp\u00e9tition. Cette batterie autochauffante <strong>peut \u00eatre recharg\u00e9e jusqu\u2019\u00e0 -40 degr\u00e9s!<\/strong> Cette innovation est possible\u00a0 gr\u00e2ce \u00e0 la grande qualit\u00e9 des cellules utilis\u00e9es dans les batteries Volthium (cellules provenant de l&rsquo;industrie automobile).<\/p>\n<p>&nbsp;<\/p>\n<p><strong>Garantie<\/strong>\u00a010ans, dur\u00e9e de vie utile autour de 15 ans et plus.<\/p>\n<p><strong>Moyenne d\u2019op\u00e9ration<\/strong>\u00a0au-del\u00e0 de 6000 cycles.<\/p>\n<p><strong>Certifications\u00a0:<\/strong>\u00a0Assemblage complet\u00a0: UL1973 &amp; ABYC |<\/p>\n<p><strong>Cellules<\/strong> UL1642, UL1973, IEC62619, IEC62660, CSA UL9540A.<\/p>\n<p>&nbsp;<\/p>\n<p><strong>BMS :<\/strong><\/p>\n<p>Le c\u0153ur (\u00ab core \u00bb) du BMS est produit par la compagnie am\u00e9ricaine Texas Intrument. Ce fabricant de microcontr\u00f4leurs BMS est reconnu mondialement dans le domaine des automobiles \u00e9lectriques, en plus d&rsquo;\u00eatre connu pour sa collaboration de longue date avec la Nasa et l&rsquo;arm\u00e9e am\u00e9ricaine.\u00a0 La programmation et les protocoles de communication sont enti\u00e8rement d\u00e9velopp\u00e9s par nos ing\u00e9nieurs, au Qu\u00e9bec.<\/p>\n<p>&nbsp;<\/p>\n<p><strong>Cellules\u00a0:<\/strong><\/p>\n<p>La qualit\u00e9 des cellules LFP est primordiale. En effet, c\u2019est elle qui vous assure d\u2019avoir un produit durable et dont les performances \u00e0 long terme seront fid\u00e8les.<\/p>\n<p>Les batteries de stockage solaire en ABS 24V sont \u00e9quip\u00e9es de cellules prismatiques GRADE A+, fabriqu\u00e9es par Volkswagen Group.<\/p>\n<p>&nbsp;<\/p>\n<p><strong>Ing\u00e9nierie\u00a0:<\/strong><\/p>\n<p>V\u00e9ritable pilier, rassemblant la force de chacune des pi\u00e8ces composant le produit. L\u2019ing\u00e9nierie chez nous se distingue par le choix des meilleures composantes de chacune des industries, dans l\u2019objectif d\u2019obtenir le meilleur produit final, \u00e9volutif aux besoins futurs et impossible \u00e0 concurrencer. L\u2019int\u00e9gration continue de nouveaux protocoles de communication, jumel\u00e9e au d\u00e9veloppement sur mesure instaur\u00e9 pour les clients, en plus d\u2019int\u00e9grer des technologies parfaitement adapt\u00e9es \u00e0 notre environnement canadien fait de Volthium une r\u00e9f\u00e9rence en ce qui a trait \u00e0 la qualit\u00e9 de la conception.<\/p>\n","protected":false},"excerpt":{"rendered":"<p>La <a href=\"https:\/\/youtu.be\/6ZDN5Sy38yI\">Batterie 12V 400Ah LiFePO4<\/a> en ABS au format 8D de Volthium est fabriqu\u00e9e sp\u00e9cialement pour la client\u00e8le de bateaux, voiliers, v\u00e9hicules motoris\u00e9s et applications industrielles. \u00c9quip\u00e9e d\u2019un syst\u00e8me de refroidissement permettant d&rsquo;am\u00e9liorer la plage de temp\u00e9rature d&rsquo;utilisation.<\/p>\n","protected":false},"featured_media":4368,"comment_status":"open","ping_status":"closed","template":"","meta":{"_acf_changed":false,"inline_featured_image":false,"site-sidebar-layout":"default","site-content-layout":"","ast-site-content-layout":"default","site-content-style":"default","site-sidebar-style":"default","ast-global-header-display":"","ast-banner-title-visibility":"","ast-main-header-display":"","ast-hfb-above-header-display":"","ast-hfb-below-header-display":"","ast-hfb-mobile-header-display":"","site-post-title":"","ast-breadcrumbs-content":"","ast-featured-img":"","footer-sml-layout":"","ast-disable-related-posts":"","theme-transparent-header-meta":"default","adv-header-id-meta":"","stick-header-meta":"","header-above-stick-meta":"","header-main-stick-meta":"","header-below-stick-meta":"","astra-migrate-meta-layouts":"set","ast-page-background-enabled":"default","ast-page-background-meta":{"desktop":{"background-color":"var(--ast-global-color-4)","background-image":"","background-repeat":"repeat","background-position":"center center","background-size":"auto","background-attachment":"scroll","background-type":"","background-media":"","overlay-type":"","overlay-color":"","overlay-opacity":"","overlay-gradient":""},"tablet":{"background-color":"","background-image":"","background-repeat":"repeat","background-position":"center center","background-size":"auto","background-attachment":"scroll","background-type":"","background-media":"","overlay-type":"","overlay-color":"","overlay-opacity":"","overlay-gradient":""},"mobile":{"background-color":"","background-image":"","background-repeat":"repeat","background-position":"center center","background-size":"auto","background-attachment":"scroll","background-type":"","background-media":"","overlay-type":"","overlay-color":"","overlay-opacity":"","overlay-gradient":""}},"ast-content-background-meta":{"desktop":{"background-color":"var(--ast-global-color-5)","background-image":"","background-repeat":"repeat","background-position":"center center","background-size":"auto","background-attachment":"scroll","background-type":"","background-media":"","overlay-type":"","overlay-color":"","overlay-opacity":"","overlay-gradient":""},"tablet":{"background-color":"var(--ast-global-color-5)","background-image":"","background-repeat":"repeat","background-position":"center center","background-size":"auto","background-attachment":"scroll","background-type":"","background-media":"","overlay-type":"","overlay-color":"","overlay-opacity":"","overlay-gradient":""},"mobile":{"background-color":"var(--ast-global-color-5)","background-image":"","background-repeat":"repeat","background-position":"center center","background-size":"auto","background-attachment":"scroll","background-type":"","background-media":"","overlay-type":"","overlay-color":"","overlay-opacity":"","overlay-gradient":""}}},"product_brand":[],"product_cat":[23,18],"product_tag":[175,46,57],"class_list":{"0":"post-1627","1":"product","2":"type-product","3":"status-publish","4":"has-post-thumbnail","6":"product_cat-12v","7":"product_cat-batteries","8":"product_tag-12400abs","9":"product_tag-12v","10":"product_tag-400ah","11":"desktop-align-left","12":"tablet-align-left","13":"mobile-align-left","15":"first","16":"instock","17":"taxable","18":"shipping-taxable","19":"purchasable","20":"product-type-simple"},"acf":[],"yoast_head":"<!-- This site is optimized with the Yoast SEO plugin v27.3 - https:\/\/yoast.com\/product\/yoast-seo-wordpress\/ -->\n<title>Batterie 12V 400Ah autochauffante - Volthium<\/title>\n<meta name=\"description\" content=\"Batterie lithium 12V 400Ah autochauffante Volthium : \u00e9nergie fiable pour VR, marine et applications industrielles, pr\u00eate pour les hivers rigoureux.\" \/>\n<meta name=\"robots\" content=\"index, follow, max-snippet:-1, max-image-preview:large, max-video-preview:-1\" \/>\n<link rel=\"canonical\" href=\"https:\/\/volthium.com\/fr\/produit\/batterie-12v-400ah\/\" \/>\n<meta property=\"og:locale\" content=\"fr_CA\" \/>\n<meta property=\"og:type\" content=\"article\" \/>\n<meta property=\"og:title\" content=\"Batterie 12V 400Ah autochauffante - Volthium\" \/>\n<meta property=\"og:description\" content=\"Batterie lithium 12V 400Ah autochauffante Volthium : \u00e9nergie fiable pour VR, marine et applications industrielles, pr\u00eate pour les hivers rigoureux.\" \/>\n<meta property=\"og:url\" content=\"https:\/\/volthium.com\/fr\/produit\/batterie-12v-400ah\/\" \/>\n<meta property=\"og:site_name\" content=\"Volthium\" \/>\n<meta property=\"article:modified_time\" content=\"2025-10-03T15:02:00+00:00\" \/>\n<meta property=\"og:image\" content=\"https:\/\/volthium.com\/wp-content\/uploads\/2024\/04\/Batterie-12-V-400-Ah_Autochauffante_Detoure-01_Rectangle.png\" \/>\n\t<meta property=\"og:image:width\" content=\"1959\" \/>\n\t<meta property=\"og:image:height\" content=\"858\" \/>\n\t<meta property=\"og:image:type\" content=\"image\/png\" \/>\n<meta name=\"twitter:card\" content=\"summary_large_image\" \/>\n<meta name=\"twitter:label1\" content=\"Estimation du temps de lecture\" \/>\n\t<meta name=\"twitter:data1\" content=\"4 minutes\" \/>\n<script type=\"application\/ld+json\" class=\"yoast-schema-graph\">{\"@context\":\"https:\\\/\\\/schema.org\",\"@graph\":[{\"@type\":\"WebPage\",\"@id\":\"https:\\\/\\\/volthium.com\\\/fr\\\/produit\\\/batterie-12v-400ah\\\/\",\"url\":\"https:\\\/\\\/volthium.com\\\/fr\\\/produit\\\/batterie-12v-400ah\\\/\",\"name\":\"Batterie 12V 400Ah autochauffante - Volthium\",\"isPartOf\":{\"@id\":\"https:\\\/\\\/volthium.com\\\/fr\\\/#website\"},\"primaryImageOfPage\":{\"@id\":\"https:\\\/\\\/volthium.com\\\/fr\\\/produit\\\/batterie-12v-400ah\\\/#primaryimage\"},\"image\":{\"@id\":\"https:\\\/\\\/volthium.com\\\/fr\\\/produit\\\/batterie-12v-400ah\\\/#primaryimage\"},\"thumbnailUrl\":\"https:\\\/\\\/volthium.com\\\/wp-content\\\/uploads\\\/2024\\\/04\\\/Batterie-12-V-400-Ah_Autochauffante_Detoure-01_Rectangle.png\",\"datePublished\":\"2024-04-30T15:45:55+00:00\",\"dateModified\":\"2025-10-03T15:02:00+00:00\",\"description\":\"Batterie lithium 12V 400Ah autochauffante Volthium : \u00e9nergie fiable pour VR, marine et applications industrielles, pr\u00eate pour les hivers rigoureux.\",\"breadcrumb\":{\"@id\":\"https:\\\/\\\/volthium.com\\\/fr\\\/produit\\\/batterie-12v-400ah\\\/#breadcrumb\"},\"inLanguage\":\"fr-CA\",\"potentialAction\":[{\"@type\":\"ReadAction\",\"target\":[\"https:\\\/\\\/volthium.com\\\/fr\\\/produit\\\/batterie-12v-400ah\\\/\"]}]},{\"@type\":\"ImageObject\",\"inLanguage\":\"fr-CA\",\"@id\":\"https:\\\/\\\/volthium.com\\\/fr\\\/produit\\\/batterie-12v-400ah\\\/#primaryimage\",\"url\":\"https:\\\/\\\/volthium.com\\\/wp-content\\\/uploads\\\/2024\\\/04\\\/Batterie-12-V-400-Ah_Autochauffante_Detoure-01_Rectangle.png\",\"contentUrl\":\"https:\\\/\\\/volthium.com\\\/wp-content\\\/uploads\\\/2024\\\/04\\\/Batterie-12-V-400-Ah_Autochauffante_Detoure-01_Rectangle.png\",\"width\":1959,\"height\":858},{\"@type\":\"BreadcrumbList\",\"@id\":\"https:\\\/\\\/volthium.com\\\/fr\\\/produit\\\/batterie-12v-400ah\\\/#breadcrumb\",\"itemListElement\":[{\"@type\":\"ListItem\",\"position\":1,\"name\":\"Accueil\",\"item\":\"https:\\\/\\\/volthium.com\\\/fr\\\/\"},{\"@type\":\"ListItem\",\"position\":2,\"name\":\"Boutique en ligne\",\"item\":\"https:\\\/\\\/volthium.com\\\/fr\\\/boutique\\\/\"},{\"@type\":\"ListItem\",\"position\":3,\"name\":\"Batterie 12V 400Ah autochauffante\"}]},{\"@type\":\"WebSite\",\"@id\":\"https:\\\/\\\/volthium.com\\\/fr\\\/#website\",\"url\":\"https:\\\/\\\/volthium.com\\\/fr\\\/\",\"name\":\"Volthium\",\"description\":\"Logo Volthium\",\"publisher\":{\"@id\":\"https:\\\/\\\/volthium.com\\\/fr\\\/#organization\"},\"potentialAction\":[{\"@type\":\"SearchAction\",\"target\":{\"@type\":\"EntryPoint\",\"urlTemplate\":\"https:\\\/\\\/volthium.com\\\/fr\\\/?s={search_term_string}\"},\"query-input\":{\"@type\":\"PropertyValueSpecification\",\"valueRequired\":true,\"valueName\":\"search_term_string\"}}],\"inLanguage\":\"fr-CA\"},{\"@type\":\"Organization\",\"@id\":\"https:\\\/\\\/volthium.com\\\/fr\\\/#organization\",\"name\":\"Volthium\",\"url\":\"https:\\\/\\\/volthium.com\\\/fr\\\/\",\"logo\":{\"@type\":\"ImageObject\",\"inLanguage\":\"fr-CA\",\"@id\":\"https:\\\/\\\/volthium.com\\\/fr\\\/#\\\/schema\\\/logo\\\/image\\\/\",\"url\":\"https:\\\/\\\/volthium.com\\\/wp-content\\\/uploads\\\/2024\\\/01\\\/Logo-Volthium_Sans-energie.svg\",\"contentUrl\":\"https:\\\/\\\/volthium.com\\\/wp-content\\\/uploads\\\/2024\\\/01\\\/Logo-Volthium_Sans-energie.svg\",\"width\":793,\"height\":453,\"caption\":\"Volthium\"},\"image\":{\"@id\":\"https:\\\/\\\/volthium.com\\\/fr\\\/#\\\/schema\\\/logo\\\/image\\\/\"}}]}<\/script>\n<!-- \/ Yoast SEO plugin. -->","yoast_head_json":{"title":"Batterie 12V 400Ah autochauffante - Volthium","description":"Batterie lithium 12V 400Ah autochauffante Volthium : \u00e9nergie fiable pour VR, marine et applications industrielles, pr\u00eate pour les hivers rigoureux.","robots":{"index":"index","follow":"follow","max-snippet":"max-snippet:-1","max-image-preview":"max-image-preview:large","max-video-preview":"max-video-preview:-1"},"canonical":"https:\/\/volthium.com\/fr\/produit\/batterie-12v-400ah\/","og_locale":"fr_CA","og_type":"article","og_title":"Batterie 12V 400Ah autochauffante - Volthium","og_description":"Batterie lithium 12V 400Ah autochauffante Volthium : \u00e9nergie fiable pour VR, marine et applications industrielles, pr\u00eate pour les hivers rigoureux.","og_url":"https:\/\/volthium.com\/fr\/produit\/batterie-12v-400ah\/","og_site_name":"Volthium","article_modified_time":"2025-10-03T15:02:00+00:00","og_image":[{"width":1959,"height":858,"url":"https:\/\/volthium.com\/wp-content\/uploads\/2024\/04\/Batterie-12-V-400-Ah_Autochauffante_Detoure-01_Rectangle.png","type":"image\/png"}],"twitter_card":"summary_large_image","twitter_misc":{"Estimation du temps de lecture":"4 minutes"},"schema":{"@context":"https:\/\/schema.org","@graph":[{"@type":"WebPage","@id":"https:\/\/volthium.com\/fr\/produit\/batterie-12v-400ah\/","url":"https:\/\/volthium.com\/fr\/produit\/batterie-12v-400ah\/","name":"Batterie 12V 400Ah autochauffante - Volthium","isPartOf":{"@id":"https:\/\/volthium.com\/fr\/#website"},"primaryImageOfPage":{"@id":"https:\/\/volthium.com\/fr\/produit\/batterie-12v-400ah\/#primaryimage"},"image":{"@id":"https:\/\/volthium.com\/fr\/produit\/batterie-12v-400ah\/#primaryimage"},"thumbnailUrl":"https:\/\/volthium.com\/wp-content\/uploads\/2024\/04\/Batterie-12-V-400-Ah_Autochauffante_Detoure-01_Rectangle.png","datePublished":"2024-04-30T15:45:55+00:00","dateModified":"2025-10-03T15:02:00+00:00","description":"Batterie lithium 12V 400Ah autochauffante Volthium : \u00e9nergie fiable pour VR, marine et applications industrielles, pr\u00eate pour les hivers rigoureux.","breadcrumb":{"@id":"https:\/\/volthium.com\/fr\/produit\/batterie-12v-400ah\/#breadcrumb"},"inLanguage":"fr-CA","potentialAction":[{"@type":"ReadAction","target":["https:\/\/volthium.com\/fr\/produit\/batterie-12v-400ah\/"]}]},{"@type":"ImageObject","inLanguage":"fr-CA","@id":"https:\/\/volthium.com\/fr\/produit\/batterie-12v-400ah\/#primaryimage","url":"https:\/\/volthium.com\/wp-content\/uploads\/2024\/04\/Batterie-12-V-400-Ah_Autochauffante_Detoure-01_Rectangle.png","contentUrl":"https:\/\/volthium.com\/wp-content\/uploads\/2024\/04\/Batterie-12-V-400-Ah_Autochauffante_Detoure-01_Rectangle.png","width":1959,"height":858},{"@type":"BreadcrumbList","@id":"https:\/\/volthium.com\/fr\/produit\/batterie-12v-400ah\/#breadcrumb","itemListElement":[{"@type":"ListItem","position":1,"name":"Accueil","item":"https:\/\/volthium.com\/fr\/"},{"@type":"ListItem","position":2,"name":"Boutique en ligne","item":"https:\/\/volthium.com\/fr\/boutique\/"},{"@type":"ListItem","position":3,"name":"Batterie 12V 400Ah autochauffante"}]},{"@type":"WebSite","@id":"https:\/\/volthium.com\/fr\/#website","url":"https:\/\/volthium.com\/fr\/","name":"Volthium","description":"Logo Volthium","publisher":{"@id":"https:\/\/volthium.com\/fr\/#organization"},"potentialAction":[{"@type":"SearchAction","target":{"@type":"EntryPoint","urlTemplate":"https:\/\/volthium.com\/fr\/?s={search_term_string}"},"query-input":{"@type":"PropertyValueSpecification","valueRequired":true,"valueName":"search_term_string"}}],"inLanguage":"fr-CA"},{"@type":"Organization","@id":"https:\/\/volthium.com\/fr\/#organization","name":"Volthium","url":"https:\/\/volthium.com\/fr\/","logo":{"@type":"ImageObject","inLanguage":"fr-CA","@id":"https:\/\/volthium.com\/fr\/#\/schema\/logo\/image\/","url":"https:\/\/volthium.com\/wp-content\/uploads\/2024\/01\/Logo-Volthium_Sans-energie.svg","contentUrl":"https:\/\/volthium.com\/wp-content\/uploads\/2024\/01\/Logo-Volthium_Sans-energie.svg","width":793,"height":453,"caption":"Volthium"},"image":{"@id":"https:\/\/volthium.com\/fr\/#\/schema\/logo\/image\/"}}]}},"_links":{"self":[{"href":"https:\/\/volthium.com\/fr\/wp-json\/wp\/v2\/product\/1627","targetHints":{"allow":["GET"]}}],"collection":[{"href":"https:\/\/volthium.com\/fr\/wp-json\/wp\/v2\/product"}],"about":[{"href":"https:\/\/volthium.com\/fr\/wp-json\/wp\/v2\/types\/product"}],"replies":[{"embeddable":true,"href":"https:\/\/volthium.com\/fr\/wp-json\/wp\/v2\/comments?post=1627"}],"wp:featuredmedia":[{"embeddable":true,"href":"https:\/\/volthium.com\/fr\/wp-json\/wp\/v2\/media\/4368"}],"wp:attachment":[{"href":"https:\/\/volthium.com\/fr\/wp-json\/wp\/v2\/media?parent=1627"}],"wp:term":[{"taxonomy":"product_brand","embeddable":true,"href":"https:\/\/volthium.com\/fr\/wp-json\/wp\/v2\/product_brand?post=1627"},{"taxonomy":"product_cat","embeddable":true,"href":"https:\/\/volthium.com\/fr\/wp-json\/wp\/v2\/product_cat?post=1627"},{"taxonomy":"product_tag","embeddable":true,"href":"https:\/\/volthium.com\/fr\/wp-json\/wp\/v2\/product_tag?post=1627"}],"curies":[{"name":"wp","href":"https:\/\/api.w.org\/{rel}","templated":true}]}}