{"id":1599,"date":"2024-04-30T15:00:21","date_gmt":"2024-04-30T15:00:21","guid":{"rendered":"https:\/\/volthium.com\/?post_type=product&#038;p=1599"},"modified":"2025-10-03T11:36:01","modified_gmt":"2025-10-03T15:36:01","slug":"batterie-12v-200ah-autochauffante","status":"publish","type":"product","link":"https:\/\/volthium.com\/fr\/produit\/batterie-12v-200ah-autochauffante\/","title":{"rendered":"Batterie 12V 200Ah &#8211; autochauffante"},"content":{"rendered":"<p>La\u00a0<strong>Batterie 12 V 200 Ah autochauffante LiFePO4 en ABS au format 4D<\/strong> de Volthium est fabriqu\u00e9e sp\u00e9cialement pour la client\u00e8le de chalets, v\u00e9hicules motoris\u00e9s, industrie du camionnage et les applications industrielles.<\/p>\n<p>Notre\u00a0<strong>12 V 200 Ah autochauffante<\/strong>, comme toutes nos batteries, poss\u00e8de un acc\u00e8s facilit\u00e9 au BMS interne. Ce dernier la rend facilement r\u00e9parable en cas de en cas de panne.<\/p>\n<p>Cette nouvelle g\u00e9n\u00e9ration de batteries est aussi munie d\u2019un bouton en acier inoxydable, qui permet de d\u00e9sactiver la d\u00e9charge, tout en laissant la recharge activ\u00e9e. Extr\u00eamement pratique lors du remisage, lorsque vous voulez laisser vos batteries branch\u00e9es au syst\u00e8me \u00e9lectrique, tout en \u00e9liminant la crainte que celles-ci se soient compl\u00e9tement vid\u00e9es par des d\u00e9charges parasites.<\/p>\n<p>Cette batterie, dispose d&rsquo;un tout nouveau caisson qui est exclusif \u00e0 Volthium. Il est \u00e9quip\u00e9 de <strong>2x ports RJ45<\/strong>, permettant en ajoutant notre Smart Bridge \u00e0 votre syst\u00e8me, de communiquer avec tous les environnements de communication du march\u00e9 tel que Victron.<\/p>\n<p>Non seulement cet accumulateur LiFePO4 r\u00e9siste aux vibrations, mais il dispose d\u2019une plage de d\u00e9charge sup\u00e9rieure \u00e0 la comp\u00e9tition. Cette batterie <strong>peut \u00eatre d\u00e9charg\u00e9e jusqu\u2019\u00e0 -25 degr\u00e9s<\/strong>, au lieu de -20 degr\u00e9s pour la comp\u00e9tition.<br \/>\nL&rsquo;option<strong> autochauffante<\/strong>, permet d&rsquo;augmenter la plage de temp\u00e9rature d&rsquo;utilisation, la batterie\u00a0 <strong>peut \u00eatre recharg\u00e9e jusqu\u2019\u00e0 -40 degr\u00e9s<\/strong>. Cette innovation est possible d\u00fb au fait que les cellules de hautes qualit\u00e9s dans les batteries Volthium proviennent de l\u2019industrie automobile.<\/p>\n<p><strong>Double Technologie Auto-Chauffante exclusive<\/strong><\/p>\n<p>Sachez que la batterie est munie de deux syst\u00e8mes de chauffage interne. Le traditionnel syst\u00e8me intelligent se met en fonction quand vous appliquez une recharge \u00e0 la batterie alors que sa temp\u00e9rature est sous z\u00e9ro degr\u00e9 celsius. Le second syst\u00e8me, dit manuel ; se d\u00e9clenche quant \u00e0 lui, lorsque vous appliquez une tension sur le connecteur positif H+ (M6) de la batterie. Ce syst\u00e8me de chauffage, dit manuel; n\u2019est aucunement automatis\u00e9. Si vous raccordez le terminal positif de la batterie (M8) vers le connecteur H+ (M6) de la batterie avec un petit bout de c\u00e2ble, celui-ci se d\u00e9clenchera en utilisant l\u2019\u00e9nergie de la batterie.<br \/>\n* Attention, il est n\u00e9cessaire d\u2019utiliser un minuteur pour \u00e9viter d\u2019oublier le chauffage en fonction.<br \/>\n* Le syst\u00e8me de chauffage manuel est r\u00e9serv\u00e9 aux professionnels et fonctionne jusqu\u2019\u00e0 -25 seulement.<\/p>\n<p><strong>Garantie<\/strong>\u00a010ans, dur\u00e9e de vie utile autour de 15 ans et plus.<\/p>\n<p><strong>Moyenne d\u2019op\u00e9ration<\/strong>\u00a0au-del\u00e0 de 6000 cycles.<\/p>\n<p><strong>Certifications\u00a0:<\/strong>\u00a0Assemblage complet\u00a0: \u00a0ABYC | Cellules UL1642, UL1973, IEC62619, IEC62660, CSA UL9540A.<\/p>\n","protected":false},"excerpt":{"rendered":"<p>La\u00a0<strong>Batterie 12 V 200 Ah LiFePO4 en ABS au format 4D<\/strong> de Volthium est fabriqu\u00e9e sp\u00e9cialement pour la client\u00e8le de chalets, v\u00e9hicules motoris\u00e9s, industrie du camionnage et les applications industrielles.<\/p>\n","protected":false},"featured_media":4334,"comment_status":"open","ping_status":"closed","template":"","meta":{"_acf_changed":false,"inline_featured_image":false,"site-sidebar-layout":"default","site-content-layout":"","ast-site-content-layout":"default","site-content-style":"default","site-sidebar-style":"default","ast-global-header-display":"","ast-banner-title-visibility":"","ast-main-header-display":"","ast-hfb-above-header-display":"","ast-hfb-below-header-display":"","ast-hfb-mobile-header-display":"","site-post-title":"","ast-breadcrumbs-content":"","ast-featured-img":"","footer-sml-layout":"","ast-disable-related-posts":"","theme-transparent-header-meta":"default","adv-header-id-meta":"","stick-header-meta":"","header-above-stick-meta":"","header-main-stick-meta":"","header-below-stick-meta":"","astra-migrate-meta-layouts":"set","ast-page-background-enabled":"default","ast-page-background-meta":{"desktop":{"background-color":"var(--ast-global-color-4)","background-image":"","background-repeat":"repeat","background-position":"center center","background-size":"auto","background-attachment":"scroll","background-type":"","background-media":"","overlay-type":"","overlay-color":"","overlay-opacity":"","overlay-gradient":""},"tablet":{"background-color":"","background-image":"","background-repeat":"repeat","background-position":"center center","background-size":"auto","background-attachment":"scroll","background-type":"","background-media":"","overlay-type":"","overlay-color":"","overlay-opacity":"","overlay-gradient":""},"mobile":{"background-color":"","background-image":"","background-repeat":"repeat","background-position":"center center","background-size":"auto","background-attachment":"scroll","background-type":"","background-media":"","overlay-type":"","overlay-color":"","overlay-opacity":"","overlay-gradient":""}},"ast-content-background-meta":{"desktop":{"background-color":"var(--ast-global-color-5)","background-image":"","background-repeat":"repeat","background-position":"center center","background-size":"auto","background-attachment":"scroll","background-type":"","background-media":"","overlay-type":"","overlay-color":"","overlay-opacity":"","overlay-gradient":""},"tablet":{"background-color":"var(--ast-global-color-5)","background-image":"","background-repeat":"repeat","background-position":"center center","background-size":"auto","background-attachment":"scroll","background-type":"","background-media":"","overlay-type":"","overlay-color":"","overlay-opacity":"","overlay-gradient":""},"mobile":{"background-color":"var(--ast-global-color-5)","background-image":"","background-repeat":"repeat","background-position":"center center","background-size":"auto","background-attachment":"scroll","background-type":"","background-media":"","overlay-type":"","overlay-color":"","overlay-opacity":"","overlay-gradient":""}}},"product_brand":[],"product_cat":[23,18],"product_tag":[177,46,52],"class_list":{"0":"post-1599","1":"product","2":"type-product","3":"status-publish","4":"has-post-thumbnail","6":"product_cat-12v","7":"product_cat-batteries","8":"product_tag-12200abs","9":"product_tag-12v","10":"product_tag-200ah","11":"desktop-align-left","12":"tablet-align-left","13":"mobile-align-left","15":"first","16":"instock","17":"taxable","18":"shipping-taxable","19":"purchasable","20":"product-type-simple"},"acf":[],"yoast_head":"<!-- This site is optimized with the Yoast SEO plugin v27.2 - https:\/\/yoast.com\/product\/yoast-seo-wordpress\/ -->\n<title>Batterie 12V 200Ah - autochauffante - Volthium<\/title>\n<meta name=\"description\" content=\"La\u00a0Batterie 12 V 200 Ah chauffante est fabriqu\u00e9e sp\u00e9cialement pour la client\u00e8le de chalets, VR, industrie du camionnage et les applications industrielles.\" \/>\n<meta name=\"robots\" content=\"index, follow, max-snippet:-1, max-image-preview:large, max-video-preview:-1\" \/>\n<link rel=\"canonical\" href=\"https:\/\/volthium.com\/fr\/produit\/batterie-12v-200ah-autochauffante\/\" \/>\n<meta property=\"og:locale\" content=\"fr_CA\" \/>\n<meta property=\"og:type\" content=\"article\" \/>\n<meta property=\"og:title\" content=\"Batterie 12V 200Ah - autochauffante - Volthium\" \/>\n<meta property=\"og:description\" content=\"La\u00a0Batterie 12 V 200 Ah chauffante est fabriqu\u00e9e sp\u00e9cialement pour la client\u00e8le de chalets, VR, industrie du camionnage et les applications industrielles.\" \/>\n<meta property=\"og:url\" content=\"https:\/\/volthium.com\/fr\/produit\/batterie-12v-200ah-autochauffante\/\" \/>\n<meta property=\"og:site_name\" content=\"Volthium\" \/>\n<meta property=\"article:modified_time\" content=\"2025-10-03T15:36:01+00:00\" \/>\n<meta property=\"og:image\" content=\"https:\/\/volthium.com\/wp-content\/uploads\/2024\/04\/Batterie-12-V-200-Ah_Detoure-01_Rectangle.png\" \/>\n\t<meta property=\"og:image:width\" content=\"1959\" \/>\n\t<meta property=\"og:image:height\" content=\"858\" \/>\n\t<meta property=\"og:image:type\" content=\"image\/png\" \/>\n<meta name=\"twitter:card\" content=\"summary_large_image\" \/>\n<meta name=\"twitter:label1\" content=\"Estimation du temps de lecture\" \/>\n\t<meta name=\"twitter:data1\" content=\"3 minutes\" \/>\n<script type=\"application\/ld+json\" class=\"yoast-schema-graph\">{\"@context\":\"https:\/\/schema.org\",\"@graph\":[{\"@type\":\"WebPage\",\"@id\":\"https:\/\/volthium.com\/fr\/produit\/batterie-12v-200ah-autochauffante\/\",\"url\":\"https:\/\/volthium.com\/fr\/produit\/batterie-12v-200ah-autochauffante\/\",\"name\":\"Batterie 12V 200Ah - autochauffante - Volthium\",\"isPartOf\":{\"@id\":\"https:\/\/volthium.com\/fr\/#website\"},\"primaryImageOfPage\":{\"@id\":\"https:\/\/volthium.com\/fr\/produit\/batterie-12v-200ah-autochauffante\/#primaryimage\"},\"image\":{\"@id\":\"https:\/\/volthium.com\/fr\/produit\/batterie-12v-200ah-autochauffante\/#primaryimage\"},\"thumbnailUrl\":\"https:\/\/volthium.com\/wp-content\/uploads\/2024\/04\/Batterie-12-V-200-Ah_Detoure-01_Rectangle.png\",\"datePublished\":\"2024-04-30T15:00:21+00:00\",\"dateModified\":\"2025-10-03T15:36:01+00:00\",\"description\":\"La\u00a0Batterie 12 V 200 Ah chauffante est fabriqu\u00e9e sp\u00e9cialement pour la client\u00e8le de chalets, VR, industrie du camionnage et les applications industrielles.\",\"breadcrumb\":{\"@id\":\"https:\/\/volthium.com\/fr\/produit\/batterie-12v-200ah-autochauffante\/#breadcrumb\"},\"inLanguage\":\"fr-CA\",\"potentialAction\":[{\"@type\":\"ReadAction\",\"target\":[\"https:\/\/volthium.com\/fr\/produit\/batterie-12v-200ah-autochauffante\/\"]}]},{\"@type\":\"ImageObject\",\"inLanguage\":\"fr-CA\",\"@id\":\"https:\/\/volthium.com\/fr\/produit\/batterie-12v-200ah-autochauffante\/#primaryimage\",\"url\":\"https:\/\/volthium.com\/wp-content\/uploads\/2024\/04\/Batterie-12-V-200-Ah_Detoure-01_Rectangle.png\",\"contentUrl\":\"https:\/\/volthium.com\/wp-content\/uploads\/2024\/04\/Batterie-12-V-200-Ah_Detoure-01_Rectangle.png\",\"width\":1959,\"height\":858},{\"@type\":\"BreadcrumbList\",\"@id\":\"https:\/\/volthium.com\/fr\/produit\/batterie-12v-200ah-autochauffante\/#breadcrumb\",\"itemListElement\":[{\"@type\":\"ListItem\",\"position\":1,\"name\":\"Accueil\",\"item\":\"https:\/\/volthium.com\/fr\/\"},{\"@type\":\"ListItem\",\"position\":2,\"name\":\"Boutique en ligne\",\"item\":\"https:\/\/volthium.com\/fr\/boutique\/\"},{\"@type\":\"ListItem\",\"position\":3,\"name\":\"Batterie 12V 200Ah &#8211; autochauffante\"}]},{\"@type\":\"WebSite\",\"@id\":\"https:\/\/volthium.com\/fr\/#website\",\"url\":\"https:\/\/volthium.com\/fr\/\",\"name\":\"Volthium\",\"description\":\"Logo Volthium\",\"publisher\":{\"@id\":\"https:\/\/volthium.com\/fr\/#organization\"},\"potentialAction\":[{\"@type\":\"SearchAction\",\"target\":{\"@type\":\"EntryPoint\",\"urlTemplate\":\"https:\/\/volthium.com\/fr\/?s={search_term_string}\"},\"query-input\":{\"@type\":\"PropertyValueSpecification\",\"valueRequired\":true,\"valueName\":\"search_term_string\"}}],\"inLanguage\":\"fr-CA\"},{\"@type\":\"Organization\",\"@id\":\"https:\/\/volthium.com\/fr\/#organization\",\"name\":\"Volthium\",\"url\":\"https:\/\/volthium.com\/fr\/\",\"logo\":{\"@type\":\"ImageObject\",\"inLanguage\":\"fr-CA\",\"@id\":\"https:\/\/volthium.com\/fr\/#\/schema\/logo\/image\/\",\"url\":\"https:\/\/volthium.com\/wp-content\/uploads\/2024\/01\/Logo-Volthium_Sans-energie.svg\",\"contentUrl\":\"https:\/\/volthium.com\/wp-content\/uploads\/2024\/01\/Logo-Volthium_Sans-energie.svg\",\"width\":793,\"height\":453,\"caption\":\"Volthium\"},\"image\":{\"@id\":\"https:\/\/volthium.com\/fr\/#\/schema\/logo\/image\/\"}}]}<\/script>\n<!-- \/ Yoast SEO plugin. -->","yoast_head_json":{"title":"Batterie 12V 200Ah - autochauffante - Volthium","description":"La\u00a0Batterie 12 V 200 Ah chauffante est fabriqu\u00e9e sp\u00e9cialement pour la client\u00e8le de chalets, VR, industrie du camionnage et les applications industrielles.","robots":{"index":"index","follow":"follow","max-snippet":"max-snippet:-1","max-image-preview":"max-image-preview:large","max-video-preview":"max-video-preview:-1"},"canonical":"https:\/\/volthium.com\/fr\/produit\/batterie-12v-200ah-autochauffante\/","og_locale":"fr_CA","og_type":"article","og_title":"Batterie 12V 200Ah - autochauffante - Volthium","og_description":"La\u00a0Batterie 12 V 200 Ah chauffante est fabriqu\u00e9e sp\u00e9cialement pour la client\u00e8le de chalets, VR, industrie du camionnage et les applications industrielles.","og_url":"https:\/\/volthium.com\/fr\/produit\/batterie-12v-200ah-autochauffante\/","og_site_name":"Volthium","article_modified_time":"2025-10-03T15:36:01+00:00","og_image":[{"width":1959,"height":858,"url":"https:\/\/volthium.com\/wp-content\/uploads\/2024\/04\/Batterie-12-V-200-Ah_Detoure-01_Rectangle.png","type":"image\/png"}],"twitter_card":"summary_large_image","twitter_misc":{"Estimation du temps de lecture":"3 minutes"},"schema":{"@context":"https:\/\/schema.org","@graph":[{"@type":"WebPage","@id":"https:\/\/volthium.com\/fr\/produit\/batterie-12v-200ah-autochauffante\/","url":"https:\/\/volthium.com\/fr\/produit\/batterie-12v-200ah-autochauffante\/","name":"Batterie 12V 200Ah - autochauffante - Volthium","isPartOf":{"@id":"https:\/\/volthium.com\/fr\/#website"},"primaryImageOfPage":{"@id":"https:\/\/volthium.com\/fr\/produit\/batterie-12v-200ah-autochauffante\/#primaryimage"},"image":{"@id":"https:\/\/volthium.com\/fr\/produit\/batterie-12v-200ah-autochauffante\/#primaryimage"},"thumbnailUrl":"https:\/\/volthium.com\/wp-content\/uploads\/2024\/04\/Batterie-12-V-200-Ah_Detoure-01_Rectangle.png","datePublished":"2024-04-30T15:00:21+00:00","dateModified":"2025-10-03T15:36:01+00:00","description":"La\u00a0Batterie 12 V 200 Ah chauffante est fabriqu\u00e9e sp\u00e9cialement pour la client\u00e8le de chalets, VR, industrie du camionnage et les applications industrielles.","breadcrumb":{"@id":"https:\/\/volthium.com\/fr\/produit\/batterie-12v-200ah-autochauffante\/#breadcrumb"},"inLanguage":"fr-CA","potentialAction":[{"@type":"ReadAction","target":["https:\/\/volthium.com\/fr\/produit\/batterie-12v-200ah-autochauffante\/"]}]},{"@type":"ImageObject","inLanguage":"fr-CA","@id":"https:\/\/volthium.com\/fr\/produit\/batterie-12v-200ah-autochauffante\/#primaryimage","url":"https:\/\/volthium.com\/wp-content\/uploads\/2024\/04\/Batterie-12-V-200-Ah_Detoure-01_Rectangle.png","contentUrl":"https:\/\/volthium.com\/wp-content\/uploads\/2024\/04\/Batterie-12-V-200-Ah_Detoure-01_Rectangle.png","width":1959,"height":858},{"@type":"BreadcrumbList","@id":"https:\/\/volthium.com\/fr\/produit\/batterie-12v-200ah-autochauffante\/#breadcrumb","itemListElement":[{"@type":"ListItem","position":1,"name":"Accueil","item":"https:\/\/volthium.com\/fr\/"},{"@type":"ListItem","position":2,"name":"Boutique en ligne","item":"https:\/\/volthium.com\/fr\/boutique\/"},{"@type":"ListItem","position":3,"name":"Batterie 12V 200Ah &#8211; autochauffante"}]},{"@type":"WebSite","@id":"https:\/\/volthium.com\/fr\/#website","url":"https:\/\/volthium.com\/fr\/","name":"Volthium","description":"Logo Volthium","publisher":{"@id":"https:\/\/volthium.com\/fr\/#organization"},"potentialAction":[{"@type":"SearchAction","target":{"@type":"EntryPoint","urlTemplate":"https:\/\/volthium.com\/fr\/?s={search_term_string}"},"query-input":{"@type":"PropertyValueSpecification","valueRequired":true,"valueName":"search_term_string"}}],"inLanguage":"fr-CA"},{"@type":"Organization","@id":"https:\/\/volthium.com\/fr\/#organization","name":"Volthium","url":"https:\/\/volthium.com\/fr\/","logo":{"@type":"ImageObject","inLanguage":"fr-CA","@id":"https:\/\/volthium.com\/fr\/#\/schema\/logo\/image\/","url":"https:\/\/volthium.com\/wp-content\/uploads\/2024\/01\/Logo-Volthium_Sans-energie.svg","contentUrl":"https:\/\/volthium.com\/wp-content\/uploads\/2024\/01\/Logo-Volthium_Sans-energie.svg","width":793,"height":453,"caption":"Volthium"},"image":{"@id":"https:\/\/volthium.com\/fr\/#\/schema\/logo\/image\/"}}]}},"_links":{"self":[{"href":"https:\/\/volthium.com\/fr\/wp-json\/wp\/v2\/product\/1599","targetHints":{"allow":["GET"]}}],"collection":[{"href":"https:\/\/volthium.com\/fr\/wp-json\/wp\/v2\/product"}],"about":[{"href":"https:\/\/volthium.com\/fr\/wp-json\/wp\/v2\/types\/product"}],"replies":[{"embeddable":true,"href":"https:\/\/volthium.com\/fr\/wp-json\/wp\/v2\/comments?post=1599"}],"wp:featuredmedia":[{"embeddable":true,"href":"https:\/\/volthium.com\/fr\/wp-json\/wp\/v2\/media\/4334"}],"wp:attachment":[{"href":"https:\/\/volthium.com\/fr\/wp-json\/wp\/v2\/media?parent=1599"}],"wp:term":[{"taxonomy":"product_brand","embeddable":true,"href":"https:\/\/volthium.com\/fr\/wp-json\/wp\/v2\/product_brand?post=1599"},{"taxonomy":"product_cat","embeddable":true,"href":"https:\/\/volthium.com\/fr\/wp-json\/wp\/v2\/product_cat?post=1599"},{"taxonomy":"product_tag","embeddable":true,"href":"https:\/\/volthium.com\/fr\/wp-json\/wp\/v2\/product_tag?post=1599"}],"curies":[{"name":"wp","href":"https:\/\/api.w.org\/{rel}","templated":true}]}}