{"id":1593,"date":"2024-04-30T14:41:47","date_gmt":"2024-04-30T14:41:47","guid":{"rendered":"https:\/\/volthium.com\/?post_type=product&#038;p=1593"},"modified":"2025-10-01T13:25:21","modified_gmt":"2025-10-01T17:25:21","slug":"batterie-12v-130ah-autochauffante","status":"publish","type":"product","link":"https:\/\/volthium.com\/fr\/produit\/batterie-12v-130ah-autochauffante\/","title":{"rendered":"Batterie 12V 130Ah autochauffante"},"content":{"rendered":"<p data-start=\"62\" data-end=\"172\">Notre batterie <strong data-start=\"77\" data-end=\"106\">12V 130Ah AUTO-CHAUFFANTE<\/strong> est la solution id\u00e9ale pour une utilisation <strong data-start=\"151\" data-end=\"169\">quatre saisons<\/strong>.<\/p>\n<p data-start=\"174\" data-end=\"518\">De plus en plus de Canadiens partent \u00e0 l\u2019aventure pendant la saison froide pour explorer les r\u00e9gions environnantes, souvent \u00e0 bord de v\u00e9hicules <strong data-start=\"318\" data-end=\"350\">plus compacts et plus l\u00e9gers<\/strong>. Avec son <strong data-start=\"361\" data-end=\"381\">format groupe 24<\/strong> et son poids de seulement <strong data-start=\"408\" data-end=\"421\">33 livres<\/strong>, notre batterie <strong data-start=\"438\" data-end=\"467\">12V 130Ah auto-chauffante<\/strong> est <strong data-start=\"472\" data-end=\"514\">parfaite pour r\u00e9pondre \u00e0 leurs besoins<\/strong> !<\/p>\n<p data-start=\"520\" data-end=\"902\">Cette batterie <strong data-start=\"535\" data-end=\"552\">LiFePO\u2084 130Ah<\/strong> int\u00e8gre un <strong data-start=\"564\" data-end=\"598\">syst\u00e8me auto-chauffant interne<\/strong> et un <strong data-start=\"605\" data-end=\"631\">BMS encore plus avanc\u00e9<\/strong>, vous permettant d&rsquo;affronter <strong data-start=\"661\" data-end=\"696\">les hivers qu\u00e9b\u00e9cois sans souci<\/strong>. En ajoutant notre <strong data-start=\"716\" data-end=\"732\">Smart Bridge<\/strong> et gr\u00e2ce \u00e0 l&rsquo;application <strong data-start=\"758\" data-end=\"770\">Volthium<\/strong>, vous pourrez <strong data-start=\"785\" data-end=\"850\">suivre en temps r\u00e9el la temp\u00e9rature interne de votre batterie<\/strong> et acc\u00e9der \u00e0 une multitude d&rsquo;autres informations.<\/p>\n<p data-start=\"904\" data-end=\"1224\">Lorsqu&rsquo;elle est connect\u00e9e \u00e0 une source d\u2019alimentation, notre <strong data-start=\"965\" data-end=\"994\">12V 130Ah AUTO-CHAUFFANTE<\/strong> utilise d\u2019abord l\u2019\u00e9nergie pour g\u00e9n\u00e9rer une <strong data-start=\"1038\" data-end=\"1065\">chaleur interne de 11\u00b0C<\/strong>, avant de commencer la charge. Gr\u00e2ce \u00e0 la <strong data-start=\"1108\" data-end=\"1149\">cage thermique entourant les cellules<\/strong>, la temp\u00e9rature interne passe de <strong data-start=\"1183\" data-end=\"1221\">-20\u00b0C \u00e0 11\u00b0C en seulement 2 heures<\/strong>.<\/p>\n<p data-start=\"1226\" data-end=\"1439\">Que vous soyez un passionn\u00e9 de <strong data-start=\"1257\" data-end=\"1277\">camping hivernal<\/strong>, le propri\u00e9taire d&rsquo;un <strong data-start=\"1300\" data-end=\"1310\">bateau<\/strong> ou d&rsquo;un <strong data-start=\"1319\" data-end=\"1343\">chalet autosuffisant<\/strong>, la <strong data-start=\"1348\" data-end=\"1385\">12V 130Ah LiFePO\u2084 AUTO-CHAUFFANTE<\/strong> a \u00e9t\u00e9 pens\u00e9e pour <strong data-start=\"1404\" data-end=\"1435\">r\u00e9pondre \u00e0 tous vos besoins<\/strong> !<\/p>\n<p data-start=\"1441\" data-end=\"1629\"><strong data-start=\"1441\" data-end=\"1553\">Jamais une batterie lithium n\u2019a offert un rendement aussi exceptionnel que celle de notre gamme de produits.<\/strong><br data-start=\"1553\" data-end=\"1556\" \/>Une <strong data-start=\"1560\" data-end=\"1625\">rentabilit\u00e9 assur\u00e9e pour au moins 10 ans, et bien plus encore<\/strong> !<\/p>\n<p data-start=\"1631\" data-end=\"2017\">Le <strong data-start=\"1634\" data-end=\"1667\">BMS est facilement accessible<\/strong>, garantissant une dur\u00e9e de vie prolong\u00e9e pour l\u2019ensemble du parc de batteries. En cas de mauvaise utilisation accidentelle, la batterie reste <strong data-start=\"1810\" data-end=\"1823\">r\u00e9parable<\/strong>, \u00e9vitant ainsi le remplacement complet du banc de batteries pour une seule unit\u00e9 endommag\u00e9e.<br data-start=\"1916\" data-end=\"1919\" \/>L\u2019acc\u00e8s au BMS permet \u00e9galement <strong data-start=\"1951\" data-end=\"1999\">l\u2019ajout et la personnalisation de param\u00e8tres<\/strong> au fil des ans.<\/p>\n<p data-start=\"2019\" data-end=\"2292\">Notre <strong data-start=\"2025\" data-end=\"2047\">technologie de BMS<\/strong>, propuls\u00e9e par <strong data-start=\"2063\" data-end=\"2084\">Texas Instruments<\/strong>, est con\u00e7ue pour affronter les <strong data-start=\"2116\" data-end=\"2161\">conditions rigoureuses du climat canadien<\/strong>. Associ\u00e9e \u00e0 nos <strong data-start=\"2178\" data-end=\"2199\">cellules Grade A+<\/strong>, nous vous assurons d\u2019avoir <strong data-start=\"2228\" data-end=\"2289\">entre les mains la meilleure batterie en Am\u00e9rique du Nord<\/strong>.<\/p>\n<p data-start=\"2294\" data-end=\"2523\">Faciles et rapides \u00e0 installer, nos batteries lithium sont <strong data-start=\"2353\" data-end=\"2372\">2X PLUS L\u00c9G\u00c8RES<\/strong> qu\u2019une batterie conventionnelle, offrant ainsi <strong data-start=\"2420\" data-end=\"2449\">un temps de charge r\u00e9duit<\/strong> et <strong data-start=\"2453\" data-end=\"2520\">une capacit\u00e9 \u00e9nerg\u00e9tique qui ne s\u2019essouffle pas avec les ann\u00e9es<\/strong>.<\/p>\n<p data-start=\"2525\" data-end=\"2747\">Chez <strong data-start=\"2530\" data-end=\"2542\">Volthium<\/strong>, nous <strong data-start=\"2565\" data-end=\"2628\">s\u00e9lectionnons les meilleures composantes de chaque industrie<\/strong> pour les int\u00e9grer dans une <strong data-start=\"2656\" data-end=\"2680\">batterie d\u2019exception<\/strong>. <strong data-start=\"2682\" data-end=\"2724\">Cellules, BMS, ing\u00e9nierie d\u2019assemblage<\/strong> : tout y est!<\/p>\n<p data-start=\"2749\" data-end=\"2940\">Gr\u00e2ce \u00e0 la <strong data-start=\"2760\" data-end=\"2797\">connectique XLR de grade aviation<\/strong>, vous pouvez ajouter notre <strong data-start=\"2825\" data-end=\"2841\">Smart Bridge<\/strong> et consulter directement <strong data-start=\"2867\" data-end=\"2937\">les informations de votre batterie sur votre t\u00e9l\u00e9phone intelligent<\/strong>.<\/p>\n<p data-start=\"2942\" data-end=\"3347\">En plus de <strong data-start=\"2953\" data-end=\"2980\">r\u00e9sister aux vibrations<\/strong>, cet <strong data-start=\"2986\" data-end=\"3010\">accumulateur LiFePO\u2084<\/strong> offre une <strong data-start=\"3021\" data-end=\"3070\">plage de d\u00e9charge sup\u00e9rieure \u00e0 la concurrence<\/strong>. Il peut \u00eatre <strong data-start=\"3085\" data-end=\"3111\">d\u00e9charg\u00e9 jusqu&rsquo;\u00e0 -25\u00b0C<\/strong>, contre seulement <strong data-start=\"3130\" data-end=\"3139\">-20\u00b0C<\/strong> pour les mod\u00e8les concurrents, et <strong data-start=\"3173\" data-end=\"3199\">recharg\u00e9 jusqu&rsquo;\u00e0 -40\u00b0C<\/strong>. Cette innovation est rendue possible gr\u00e2ce \u00e0 l\u2019utilisation de <strong data-start=\"3263\" data-end=\"3308\">cellules issues de l\u2019industrie automobile<\/strong>, offrant des performances in\u00e9gal\u00e9es.<\/p>\n","protected":false},"excerpt":{"rendered":"<p>Que vous soyez un amateur de camping ou que vous soyez propri\u00e9taire d&rsquo;un bateau ou d&rsquo;un chalet autosuffisant, la <strong>12V 130Ah LIFEPO4 &#8211; AUTOCHAUFFANTE<\/strong> a \u00e9t\u00e9 pens\u00e9e pour r\u00e9pondre \u00e0 tous vos besoins lorsque votre espace est limit\u00e9!<\/p>\n","protected":false},"featured_media":4294,"comment_status":"open","ping_status":"closed","template":"","meta":{"_acf_changed":false,"inline_featured_image":false,"site-sidebar-layout":"default","site-content-layout":"","ast-site-content-layout":"default","site-content-style":"default","site-sidebar-style":"default","ast-global-header-display":"","ast-banner-title-visibility":"","ast-main-header-display":"","ast-hfb-above-header-display":"","ast-hfb-below-header-display":"","ast-hfb-mobile-header-display":"","site-post-title":"","ast-breadcrumbs-content":"","ast-featured-img":"","footer-sml-layout":"","ast-disable-related-posts":"","theme-transparent-header-meta":"default","adv-header-id-meta":"","stick-header-meta":"","header-above-stick-meta":"","header-main-stick-meta":"","header-below-stick-meta":"","astra-migrate-meta-layouts":"set","ast-page-background-enabled":"default","ast-page-background-meta":{"desktop":{"background-color":"var(--ast-global-color-4)","background-image":"","background-repeat":"repeat","background-position":"center center","background-size":"auto","background-attachment":"scroll","background-type":"","background-media":"","overlay-type":"","overlay-color":"","overlay-opacity":"","overlay-gradient":""},"tablet":{"background-color":"","background-image":"","background-repeat":"repeat","background-position":"center center","background-size":"auto","background-attachment":"scroll","background-type":"","background-media":"","overlay-type":"","overlay-color":"","overlay-opacity":"","overlay-gradient":""},"mobile":{"background-color":"","background-image":"","background-repeat":"repeat","background-position":"center center","background-size":"auto","background-attachment":"scroll","background-type":"","background-media":"","overlay-type":"","overlay-color":"","overlay-opacity":"","overlay-gradient":""}},"ast-content-background-meta":{"desktop":{"background-color":"var(--ast-global-color-5)","background-image":"","background-repeat":"repeat","background-position":"center center","background-size":"auto","background-attachment":"scroll","background-type":"","background-media":"","overlay-type":"","overlay-color":"","overlay-opacity":"","overlay-gradient":""},"tablet":{"background-color":"var(--ast-global-color-5)","background-image":"","background-repeat":"repeat","background-position":"center center","background-size":"auto","background-attachment":"scroll","background-type":"","background-media":"","overlay-type":"","overlay-color":"","overlay-opacity":"","overlay-gradient":""},"mobile":{"background-color":"var(--ast-global-color-5)","background-image":"","background-repeat":"repeat","background-position":"center center","background-size":"auto","background-attachment":"scroll","background-type":"","background-media":"","overlay-type":"","overlay-color":"","overlay-opacity":"","overlay-gradient":""}}},"product_brand":[],"product_cat":[23,18],"product_tag":[178,46],"class_list":{"0":"post-1593","1":"product","2":"type-product","3":"status-publish","4":"has-post-thumbnail","6":"product_cat-12v","7":"product_cat-batteries","8":"product_tag-12130abs","9":"product_tag-12v","10":"desktop-align-left","11":"tablet-align-left","12":"mobile-align-left","14":"first","15":"instock","16":"taxable","17":"shipping-taxable","18":"purchasable","19":"product-type-simple"},"acf":[],"yoast_head":"<!-- This site is optimized with the Yoast SEO plugin v27.3 - https:\/\/yoast.com\/product\/yoast-seo-wordpress\/ -->\n<title>Batterie 12V 130Ah autochauffante - Volthium<\/title>\n<meta name=\"description\" content=\"Cette batterie\u00a0a\u00a0\u00e9t\u00e9 pens\u00e9e pour r\u00e9pondre \u00e0 vos besoins lorsque votre espace est limit\u00e9, que vous soyez adapte de camping, de chalets ou bateaux.\" \/>\n<meta name=\"robots\" content=\"index, follow, max-snippet:-1, max-image-preview:large, max-video-preview:-1\" \/>\n<link rel=\"canonical\" href=\"https:\/\/volthium.com\/fr\/produit\/batterie-12v-130ah-autochauffante\/\" \/>\n<meta property=\"og:locale\" content=\"fr_CA\" \/>\n<meta property=\"og:type\" content=\"article\" \/>\n<meta property=\"og:title\" content=\"Batterie 12V 130Ah autochauffante - Volthium\" \/>\n<meta property=\"og:description\" content=\"Cette batterie\u00a0a\u00a0\u00e9t\u00e9 pens\u00e9e pour r\u00e9pondre \u00e0 vos besoins lorsque votre espace est limit\u00e9, que vous soyez adapte de camping, de chalets ou bateaux.\" \/>\n<meta property=\"og:url\" content=\"https:\/\/volthium.com\/fr\/produit\/batterie-12v-130ah-autochauffante\/\" \/>\n<meta property=\"og:site_name\" content=\"Volthium\" \/>\n<meta property=\"article:modified_time\" content=\"2025-10-01T17:25:21+00:00\" \/>\n<meta property=\"og:image\" content=\"https:\/\/volthium.com\/wp-content\/uploads\/2024\/04\/Batterie-12-V-130-Ah_Detoure-01_Rectangle.png\" \/>\n\t<meta property=\"og:image:width\" content=\"1959\" \/>\n\t<meta property=\"og:image:height\" content=\"858\" \/>\n\t<meta property=\"og:image:type\" content=\"image\/png\" \/>\n<meta name=\"twitter:card\" content=\"summary_large_image\" \/>\n<meta name=\"twitter:label1\" content=\"Estimation du temps de lecture\" \/>\n\t<meta name=\"twitter:data1\" content=\"3 minutes\" \/>\n<script type=\"application\/ld+json\" class=\"yoast-schema-graph\">{\"@context\":\"https:\\\/\\\/schema.org\",\"@graph\":[{\"@type\":\"WebPage\",\"@id\":\"https:\\\/\\\/volthium.com\\\/fr\\\/produit\\\/batterie-12v-130ah-autochauffante\\\/\",\"url\":\"https:\\\/\\\/volthium.com\\\/fr\\\/produit\\\/batterie-12v-130ah-autochauffante\\\/\",\"name\":\"Batterie 12V 130Ah autochauffante - Volthium\",\"isPartOf\":{\"@id\":\"https:\\\/\\\/volthium.com\\\/fr\\\/#website\"},\"primaryImageOfPage\":{\"@id\":\"https:\\\/\\\/volthium.com\\\/fr\\\/produit\\\/batterie-12v-130ah-autochauffante\\\/#primaryimage\"},\"image\":{\"@id\":\"https:\\\/\\\/volthium.com\\\/fr\\\/produit\\\/batterie-12v-130ah-autochauffante\\\/#primaryimage\"},\"thumbnailUrl\":\"https:\\\/\\\/volthium.com\\\/wp-content\\\/uploads\\\/2024\\\/04\\\/Batterie-12-V-130-Ah_Detoure-01_Rectangle.png\",\"datePublished\":\"2024-04-30T14:41:47+00:00\",\"dateModified\":\"2025-10-01T17:25:21+00:00\",\"description\":\"Cette batterie\u00a0a\u00a0\u00e9t\u00e9 pens\u00e9e pour r\u00e9pondre \u00e0 vos besoins lorsque votre espace est limit\u00e9, que vous soyez adapte de camping, de chalets ou bateaux.\",\"breadcrumb\":{\"@id\":\"https:\\\/\\\/volthium.com\\\/fr\\\/produit\\\/batterie-12v-130ah-autochauffante\\\/#breadcrumb\"},\"inLanguage\":\"fr-CA\",\"potentialAction\":[{\"@type\":\"ReadAction\",\"target\":[\"https:\\\/\\\/volthium.com\\\/fr\\\/produit\\\/batterie-12v-130ah-autochauffante\\\/\"]}]},{\"@type\":\"ImageObject\",\"inLanguage\":\"fr-CA\",\"@id\":\"https:\\\/\\\/volthium.com\\\/fr\\\/produit\\\/batterie-12v-130ah-autochauffante\\\/#primaryimage\",\"url\":\"https:\\\/\\\/volthium.com\\\/wp-content\\\/uploads\\\/2024\\\/04\\\/Batterie-12-V-130-Ah_Detoure-01_Rectangle.png\",\"contentUrl\":\"https:\\\/\\\/volthium.com\\\/wp-content\\\/uploads\\\/2024\\\/04\\\/Batterie-12-V-130-Ah_Detoure-01_Rectangle.png\",\"width\":1959,\"height\":858},{\"@type\":\"BreadcrumbList\",\"@id\":\"https:\\\/\\\/volthium.com\\\/fr\\\/produit\\\/batterie-12v-130ah-autochauffante\\\/#breadcrumb\",\"itemListElement\":[{\"@type\":\"ListItem\",\"position\":1,\"name\":\"Accueil\",\"item\":\"https:\\\/\\\/volthium.com\\\/fr\\\/\"},{\"@type\":\"ListItem\",\"position\":2,\"name\":\"Boutique en ligne\",\"item\":\"https:\\\/\\\/volthium.com\\\/fr\\\/boutique\\\/\"},{\"@type\":\"ListItem\",\"position\":3,\"name\":\"Batterie 12V 130Ah autochauffante\"}]},{\"@type\":\"WebSite\",\"@id\":\"https:\\\/\\\/volthium.com\\\/fr\\\/#website\",\"url\":\"https:\\\/\\\/volthium.com\\\/fr\\\/\",\"name\":\"Volthium\",\"description\":\"Logo Volthium\",\"publisher\":{\"@id\":\"https:\\\/\\\/volthium.com\\\/fr\\\/#organization\"},\"potentialAction\":[{\"@type\":\"SearchAction\",\"target\":{\"@type\":\"EntryPoint\",\"urlTemplate\":\"https:\\\/\\\/volthium.com\\\/fr\\\/?s={search_term_string}\"},\"query-input\":{\"@type\":\"PropertyValueSpecification\",\"valueRequired\":true,\"valueName\":\"search_term_string\"}}],\"inLanguage\":\"fr-CA\"},{\"@type\":\"Organization\",\"@id\":\"https:\\\/\\\/volthium.com\\\/fr\\\/#organization\",\"name\":\"Volthium\",\"url\":\"https:\\\/\\\/volthium.com\\\/fr\\\/\",\"logo\":{\"@type\":\"ImageObject\",\"inLanguage\":\"fr-CA\",\"@id\":\"https:\\\/\\\/volthium.com\\\/fr\\\/#\\\/schema\\\/logo\\\/image\\\/\",\"url\":\"https:\\\/\\\/volthium.com\\\/wp-content\\\/uploads\\\/2024\\\/01\\\/Logo-Volthium_Sans-energie.svg\",\"contentUrl\":\"https:\\\/\\\/volthium.com\\\/wp-content\\\/uploads\\\/2024\\\/01\\\/Logo-Volthium_Sans-energie.svg\",\"width\":793,\"height\":453,\"caption\":\"Volthium\"},\"image\":{\"@id\":\"https:\\\/\\\/volthium.com\\\/fr\\\/#\\\/schema\\\/logo\\\/image\\\/\"}}]}<\/script>\n<!-- \/ Yoast SEO plugin. -->","yoast_head_json":{"title":"Batterie 12V 130Ah autochauffante - Volthium","description":"Cette batterie\u00a0a\u00a0\u00e9t\u00e9 pens\u00e9e pour r\u00e9pondre \u00e0 vos besoins lorsque votre espace est limit\u00e9, que vous soyez adapte de camping, de chalets ou bateaux.","robots":{"index":"index","follow":"follow","max-snippet":"max-snippet:-1","max-image-preview":"max-image-preview:large","max-video-preview":"max-video-preview:-1"},"canonical":"https:\/\/volthium.com\/fr\/produit\/batterie-12v-130ah-autochauffante\/","og_locale":"fr_CA","og_type":"article","og_title":"Batterie 12V 130Ah autochauffante - Volthium","og_description":"Cette batterie\u00a0a\u00a0\u00e9t\u00e9 pens\u00e9e pour r\u00e9pondre \u00e0 vos besoins lorsque votre espace est limit\u00e9, que vous soyez adapte de camping, de chalets ou bateaux.","og_url":"https:\/\/volthium.com\/fr\/produit\/batterie-12v-130ah-autochauffante\/","og_site_name":"Volthium","article_modified_time":"2025-10-01T17:25:21+00:00","og_image":[{"width":1959,"height":858,"url":"https:\/\/volthium.com\/wp-content\/uploads\/2024\/04\/Batterie-12-V-130-Ah_Detoure-01_Rectangle.png","type":"image\/png"}],"twitter_card":"summary_large_image","twitter_misc":{"Estimation du temps de lecture":"3 minutes"},"schema":{"@context":"https:\/\/schema.org","@graph":[{"@type":"WebPage","@id":"https:\/\/volthium.com\/fr\/produit\/batterie-12v-130ah-autochauffante\/","url":"https:\/\/volthium.com\/fr\/produit\/batterie-12v-130ah-autochauffante\/","name":"Batterie 12V 130Ah autochauffante - Volthium","isPartOf":{"@id":"https:\/\/volthium.com\/fr\/#website"},"primaryImageOfPage":{"@id":"https:\/\/volthium.com\/fr\/produit\/batterie-12v-130ah-autochauffante\/#primaryimage"},"image":{"@id":"https:\/\/volthium.com\/fr\/produit\/batterie-12v-130ah-autochauffante\/#primaryimage"},"thumbnailUrl":"https:\/\/volthium.com\/wp-content\/uploads\/2024\/04\/Batterie-12-V-130-Ah_Detoure-01_Rectangle.png","datePublished":"2024-04-30T14:41:47+00:00","dateModified":"2025-10-01T17:25:21+00:00","description":"Cette batterie\u00a0a\u00a0\u00e9t\u00e9 pens\u00e9e pour r\u00e9pondre \u00e0 vos besoins lorsque votre espace est limit\u00e9, que vous soyez adapte de camping, de chalets ou bateaux.","breadcrumb":{"@id":"https:\/\/volthium.com\/fr\/produit\/batterie-12v-130ah-autochauffante\/#breadcrumb"},"inLanguage":"fr-CA","potentialAction":[{"@type":"ReadAction","target":["https:\/\/volthium.com\/fr\/produit\/batterie-12v-130ah-autochauffante\/"]}]},{"@type":"ImageObject","inLanguage":"fr-CA","@id":"https:\/\/volthium.com\/fr\/produit\/batterie-12v-130ah-autochauffante\/#primaryimage","url":"https:\/\/volthium.com\/wp-content\/uploads\/2024\/04\/Batterie-12-V-130-Ah_Detoure-01_Rectangle.png","contentUrl":"https:\/\/volthium.com\/wp-content\/uploads\/2024\/04\/Batterie-12-V-130-Ah_Detoure-01_Rectangle.png","width":1959,"height":858},{"@type":"BreadcrumbList","@id":"https:\/\/volthium.com\/fr\/produit\/batterie-12v-130ah-autochauffante\/#breadcrumb","itemListElement":[{"@type":"ListItem","position":1,"name":"Accueil","item":"https:\/\/volthium.com\/fr\/"},{"@type":"ListItem","position":2,"name":"Boutique en ligne","item":"https:\/\/volthium.com\/fr\/boutique\/"},{"@type":"ListItem","position":3,"name":"Batterie 12V 130Ah autochauffante"}]},{"@type":"WebSite","@id":"https:\/\/volthium.com\/fr\/#website","url":"https:\/\/volthium.com\/fr\/","name":"Volthium","description":"Logo Volthium","publisher":{"@id":"https:\/\/volthium.com\/fr\/#organization"},"potentialAction":[{"@type":"SearchAction","target":{"@type":"EntryPoint","urlTemplate":"https:\/\/volthium.com\/fr\/?s={search_term_string}"},"query-input":{"@type":"PropertyValueSpecification","valueRequired":true,"valueName":"search_term_string"}}],"inLanguage":"fr-CA"},{"@type":"Organization","@id":"https:\/\/volthium.com\/fr\/#organization","name":"Volthium","url":"https:\/\/volthium.com\/fr\/","logo":{"@type":"ImageObject","inLanguage":"fr-CA","@id":"https:\/\/volthium.com\/fr\/#\/schema\/logo\/image\/","url":"https:\/\/volthium.com\/wp-content\/uploads\/2024\/01\/Logo-Volthium_Sans-energie.svg","contentUrl":"https:\/\/volthium.com\/wp-content\/uploads\/2024\/01\/Logo-Volthium_Sans-energie.svg","width":793,"height":453,"caption":"Volthium"},"image":{"@id":"https:\/\/volthium.com\/fr\/#\/schema\/logo\/image\/"}}]}},"_links":{"self":[{"href":"https:\/\/volthium.com\/fr\/wp-json\/wp\/v2\/product\/1593","targetHints":{"allow":["GET"]}}],"collection":[{"href":"https:\/\/volthium.com\/fr\/wp-json\/wp\/v2\/product"}],"about":[{"href":"https:\/\/volthium.com\/fr\/wp-json\/wp\/v2\/types\/product"}],"replies":[{"embeddable":true,"href":"https:\/\/volthium.com\/fr\/wp-json\/wp\/v2\/comments?post=1593"}],"wp:featuredmedia":[{"embeddable":true,"href":"https:\/\/volthium.com\/fr\/wp-json\/wp\/v2\/media\/4294"}],"wp:attachment":[{"href":"https:\/\/volthium.com\/fr\/wp-json\/wp\/v2\/media?parent=1593"}],"wp:term":[{"taxonomy":"product_brand","embeddable":true,"href":"https:\/\/volthium.com\/fr\/wp-json\/wp\/v2\/product_brand?post=1593"},{"taxonomy":"product_cat","embeddable":true,"href":"https:\/\/volthium.com\/fr\/wp-json\/wp\/v2\/product_cat?post=1593"},{"taxonomy":"product_tag","embeddable":true,"href":"https:\/\/volthium.com\/fr\/wp-json\/wp\/v2\/product_tag?post=1593"}],"curies":[{"name":"wp","href":"https:\/\/api.w.org\/{rel}","templated":true}]}}