{"id":1572,"date":"2024-04-29T09:37:47","date_gmt":"2024-04-29T09:37:47","guid":{"rendered":"https:\/\/volthium.com\/?post_type=product&#038;p=1572"},"modified":"2026-01-21T11:09:13","modified_gmt":"2026-01-21T16:09:13","slug":"batterie-12v-150ah","status":"publish","type":"product","link":"https:\/\/volthium.com\/fr\/produit\/batterie-12v-150ah\/","title":{"rendered":"Batterie 12V 150Ah autochauffante"},"content":{"rendered":"<p>La Batterie\u00a0<strong>12 V 150 Ah LiFePO4 au format Groupe 31<\/strong>\u00a0de Volthium est fabriqu\u00e9e sp\u00e9cialement pour la client\u00e8le de V\u00e9hicules motoris\u00e9s, bateaux, chalets hors r\u00e9seaux, l\u2019industrie du camionnage et les applications industrielles.<\/p>\n<p>Jamais une batterie d\u00e9velopp\u00e9e au Canada n\u2019a permis d\u2019atteindre un tel niveau de densit\u00e9 \u00e9nerg\u00e9tique.<\/p>\n<p>Notre\u00a0<strong>12 V 150 Ah est pleinement scell\u00e9e IP66<\/strong> et, comme toutes nos batteries, poss\u00e8de un acc\u00e8s facilit\u00e9 au BMS interne. Ce dernier la rend facilement r\u00e9parable en cas de en cas de panne.<\/p>\n<p>Afin de respecter\u00a0<strong>les exigences de ABYC<\/strong>\u00a0(ex\u00a0: Standard E-13, cette batterie dispose d\u2019une connectique scell\u00e9e RJ45 (Ethernet) permettant la transmission de donn\u00e9es internes de la batterie vers les syst\u00e8mes de surveillance.<br \/>\nL&rsquo;utilisateur peut param\u00e9trer des <strong>alertes sonores et\/ou visuels <\/strong>pour \u00eatre averti\u00a0avant la mise \u00e0 l\u2019arr\u00eat automatique des batteries.<\/p>\n<p>Le port de communication RJ45 permet la transmission des donn\u00e9es des batteries vers l\u2019environnement de Victron (protocole VE.CAN) en utilisant le Smart Bridge de Volthium, une exclusivit\u00e9 d\u00e9coulant de notre d\u00e9veloppement interne et exclusif.<\/p>\n<p>Non seulement cet accumulateur LiFePO4 r\u00e9siste aux vibrations, mais il dispose d\u2019une\u00a0<strong>plage de d\u00e9charge sup\u00e9rieure \u00e0 la comp\u00e9tition<\/strong>. Cette batterie<strong> peut \u00eatre d\u00e9charg\u00e9e jusqu\u2019\u00e0 -25 \u00b0C<\/strong>, au lieu de -20 \u00b0C pour la comp\u00e9tition.<br \/>\nCette innovation est possible gr\u00e2ce aux\u00a0<strong>cellules issues de haute qualit\u00e9 de l\u2019industrie automobile<\/strong>\u00a0que nous utilisons pour nos batteries Volthium.<\/p>\n<p>Cette batterie autochauffante pourra \u00eatre recharg\u00e9e jusqu\u2019\u00e0 -40 \u00b0C gr\u00e2ce \u00e0 notre syst\u00e8me innovant et intelligent.<br \/>\nSachez que le syst\u00e8me intelligent se met en fonction quand vous appliquez une recharge \u00e0 la batterie alors que celle-ci se trouve sous 0\u00b0C.<\/p>\n<p><strong>Garantie limit\u00e9e de<\/strong> 10ans<\/p>\n<p><strong>Dur\u00e9e de vie utile<\/strong> autour de 15 ans et plus<\/p>\n<p><strong>Moyenne d\u2019op\u00e9ration<\/strong> au-del\u00e0 de 6000 cycles<\/p>\n<p><strong>Certifications\u00a0:<\/strong> Assemblage complet<\/p>\n<p><strong>Cellules<\/strong>\u00a0: UL1973<\/p>\n<p><strong>ABYC<\/strong> : respecte les standards ABYC<\/p>\n<p>&nbsp;<\/p>\n<h5><strong>BMS :<\/strong><\/h5>\n<p>Le c\u0153ur (\u00ab core \u00bb) du BMS est produit par la compagnie am\u00e9ricaine Texas Instrument. Ce fabricant de micro-contr\u00f4leurs BMS est reconnu mondialement dans le domaine des automobiles \u00e9lectriques, ainsi que pour sa collaboration de longue date avec la Nasa et l&rsquo;arm\u00e9e am\u00e9ricaine.\u00a0 La programmation et les protocoles de communication sont enti\u00e8rement d\u00e9velopp\u00e9s par nos ing\u00e9nieurs, au Qu\u00e9bec.<\/p>\n<h5><strong>Cellules\u00a0:<\/strong><\/h5>\n<p>La qualit\u00e9 des cellules LFP est primordiale. En effet, ce sont elles qui vous assurent d\u2019avoir un produit durable et dont les performances \u00e0 long terme restent fiables.<\/p>\n<p>Nos batteries sont \u00e9quip\u00e9es de cellules prismatiques de GRADE A+, fabriqu\u00e9es par une filiale de Volkswagen Group.<\/p>\n<h5><strong>Ing\u00e9nierie\u00a0:<\/strong><\/h5>\n<p>V\u00e9ritable pilier, rassemblant la force de chacune des composantes du produit.<br \/>\nChez Volthium, l\u2019ing\u00e9nierie se distingue par le choix des meilleures composantes de chacune des industries, dans l\u2019objectif d\u2019obtenir le meilleur produit final. Il est dans notre ADN d&rsquo;offrir des produits qui \u00e9voluent en fonction des besoins futurs, et impossible \u00e0 concurrencer. L\u2019int\u00e9gration continue de nouveaux protocoles de communication, jumel\u00e9e au d\u00e9veloppement sur mesure instaur\u00e9 pour les clients, ainsi que \u00a0l\u2019int\u00e9gration des technologies parfaitement adapt\u00e9es \u00e0 notre environnement canadien fait de Volthium une r\u00e9f\u00e9rence en ce qui a trait \u00e0 la qualit\u00e9 de conception.<\/p>\n<h3>PRINCIPALES CARACT\u00c9RISTIQUES<\/h3>\n<ul>\n<li>Acc\u00e8s au BMS int\u00e9gr\u00e9<\/li>\n<li>\u00c9tanch\u00e9it\u00e9 IP66<\/li>\n<li>Port de communication RJ45 &#8211; compatible avec accessoires Volthium et autres marques telles que Victron, WakeSpeed, FireFly\u2026<\/li>\n<li>D\u00e9charge possible jusqu\u2019\u00e0 -25 \u00b0C<\/li>\n<li>Courant continu de d\u00e9charge 150A<\/li>\n<li>Peak 200A (30sec)<\/li>\n<li>Protection contre la charge au froid<\/li>\n<li>Poids de 38 lbs<\/li>\n<li>Ing\u00e9nierie qu\u00e9b\u00e9coise<\/li>\n<\/ul>\n","protected":false},"excerpt":{"rendered":"<p>Notre batterie<strong> 12V 150Ah LiFePO4 en ABS au format Groupe31<\/strong> de Volthium est fabriqu\u00e9e sp\u00e9cialement pour la client\u00e8le de VR, bateaux, chalets hors r\u00e9seaux, l\u2019industrie du camionnage et les applications industrielles.<\/p>\n","protected":false},"featured_media":4324,"comment_status":"open","ping_status":"closed","template":"","meta":{"_acf_changed":false,"inline_featured_image":false,"site-sidebar-layout":"default","site-content-layout":"","ast-site-content-layout":"default","site-content-style":"default","site-sidebar-style":"default","ast-global-header-display":"","ast-banner-title-visibility":"","ast-main-header-display":"","ast-hfb-above-header-display":"","ast-hfb-below-header-display":"","ast-hfb-mobile-header-display":"","site-post-title":"","ast-breadcrumbs-content":"","ast-featured-img":"","footer-sml-layout":"","ast-disable-related-posts":"","theme-transparent-header-meta":"default","adv-header-id-meta":"","stick-header-meta":"","header-above-stick-meta":"","header-main-stick-meta":"","header-below-stick-meta":"","astra-migrate-meta-layouts":"set","ast-page-background-enabled":"default","ast-page-background-meta":{"desktop":{"background-color":"var(--ast-global-color-4)","background-image":"","background-repeat":"repeat","background-position":"center center","background-size":"auto","background-attachment":"scroll","background-type":"","background-media":"","overlay-type":"","overlay-color":"","overlay-opacity":"","overlay-gradient":""},"tablet":{"background-color":"","background-image":"","background-repeat":"repeat","background-position":"center center","background-size":"auto","background-attachment":"scroll","background-type":"","background-media":"","overlay-type":"","overlay-color":"","overlay-opacity":"","overlay-gradient":""},"mobile":{"background-color":"","background-image":"","background-repeat":"repeat","background-position":"center center","background-size":"auto","background-attachment":"scroll","background-type":"","background-media":"","overlay-type":"","overlay-color":"","overlay-opacity":"","overlay-gradient":""}},"ast-content-background-meta":{"desktop":{"background-color":"var(--ast-global-color-5)","background-image":"","background-repeat":"repeat","background-position":"center center","background-size":"auto","background-attachment":"scroll","background-type":"","background-media":"","overlay-type":"","overlay-color":"","overlay-opacity":"","overlay-gradient":""},"tablet":{"background-color":"var(--ast-global-color-5)","background-image":"","background-repeat":"repeat","background-position":"center center","background-size":"auto","background-attachment":"scroll","background-type":"","background-media":"","overlay-type":"","overlay-color":"","overlay-opacity":"","overlay-gradient":""},"mobile":{"background-color":"var(--ast-global-color-5)","background-image":"","background-repeat":"repeat","background-position":"center center","background-size":"auto","background-attachment":"scroll","background-type":"","background-media":"","overlay-type":"","overlay-color":"","overlay-opacity":"","overlay-gradient":""}}},"product_brand":[],"product_cat":[23,18],"product_tag":[180,46],"class_list":{"0":"post-1572","1":"product","2":"type-product","3":"status-publish","4":"has-post-thumbnail","6":"product_cat-12v","7":"product_cat-batteries","8":"product_tag-12150abs","9":"product_tag-12v","10":"desktop-align-left","11":"tablet-align-left","12":"mobile-align-left","14":"first","15":"instock","16":"taxable","17":"shipping-taxable","18":"purchasable","19":"product-type-simple"},"acf":[],"yoast_head":"<!-- This site is optimized with the Yoast SEO plugin v27.4 - https:\/\/yoast.com\/product\/yoast-seo-wordpress\/ -->\n<title>Batterie 12V 150Ah autochauffante - Volthium<\/title>\n<meta name=\"description\" content=\"La 12V 150Ah est con\u00e7ue sp\u00e9cialement pour la client\u00e8le de VR, bateaux, chalets, l\u2019industrie du camionnage et les applications industrielles.\" \/>\n<meta name=\"robots\" content=\"index, follow, max-snippet:-1, max-image-preview:large, max-video-preview:-1\" \/>\n<link rel=\"canonical\" href=\"https:\/\/volthium.com\/fr\/produit\/batterie-12v-150ah\/\" \/>\n<meta property=\"og:locale\" content=\"fr_CA\" \/>\n<meta property=\"og:type\" content=\"article\" \/>\n<meta property=\"og:title\" content=\"Batterie 12V 150Ah autochauffante - Volthium\" \/>\n<meta property=\"og:description\" content=\"La 12V 150Ah est con\u00e7ue sp\u00e9cialement pour la client\u00e8le de VR, bateaux, chalets, l\u2019industrie du camionnage et les applications industrielles.\" \/>\n<meta property=\"og:url\" content=\"https:\/\/volthium.com\/fr\/produit\/batterie-12v-150ah\/\" \/>\n<meta property=\"og:site_name\" content=\"Volthium\" \/>\n<meta property=\"article:modified_time\" content=\"2026-01-21T16:09:13+00:00\" \/>\n<meta property=\"og:image\" content=\"https:\/\/volthium.com\/wp-content\/uploads\/2024\/04\/Batterie-12-V-150-Ah_Detoure-01_Rectangle.png\" \/>\n\t<meta property=\"og:image:width\" content=\"1959\" \/>\n\t<meta property=\"og:image:height\" content=\"858\" \/>\n\t<meta property=\"og:image:type\" content=\"image\/png\" \/>\n<meta name=\"twitter:card\" content=\"summary_large_image\" \/>\n<meta name=\"twitter:label1\" content=\"Estimation du temps de lecture\" \/>\n\t<meta name=\"twitter:data1\" content=\"3 minutes\" \/>\n<script type=\"application\/ld+json\" class=\"yoast-schema-graph\">{\"@context\":\"https:\\\/\\\/schema.org\",\"@graph\":[{\"@type\":\"WebPage\",\"@id\":\"https:\\\/\\\/volthium.com\\\/fr\\\/produit\\\/batterie-12v-150ah\\\/\",\"url\":\"https:\\\/\\\/volthium.com\\\/fr\\\/produit\\\/batterie-12v-150ah\\\/\",\"name\":\"Batterie 12V 150Ah autochauffante - Volthium\",\"isPartOf\":{\"@id\":\"https:\\\/\\\/volthium.com\\\/fr\\\/#website\"},\"primaryImageOfPage\":{\"@id\":\"https:\\\/\\\/volthium.com\\\/fr\\\/produit\\\/batterie-12v-150ah\\\/#primaryimage\"},\"image\":{\"@id\":\"https:\\\/\\\/volthium.com\\\/fr\\\/produit\\\/batterie-12v-150ah\\\/#primaryimage\"},\"thumbnailUrl\":\"https:\\\/\\\/volthium.com\\\/wp-content\\\/uploads\\\/2024\\\/04\\\/Batterie-12-V-150-Ah_Detoure-01_Rectangle.png\",\"datePublished\":\"2024-04-29T09:37:47+00:00\",\"dateModified\":\"2026-01-21T16:09:13+00:00\",\"description\":\"La 12V 150Ah est con\u00e7ue sp\u00e9cialement pour la client\u00e8le de VR, bateaux, chalets, l\u2019industrie du camionnage et les applications industrielles.\",\"breadcrumb\":{\"@id\":\"https:\\\/\\\/volthium.com\\\/fr\\\/produit\\\/batterie-12v-150ah\\\/#breadcrumb\"},\"inLanguage\":\"fr-CA\",\"potentialAction\":[{\"@type\":\"ReadAction\",\"target\":[\"https:\\\/\\\/volthium.com\\\/fr\\\/produit\\\/batterie-12v-150ah\\\/\"]}]},{\"@type\":\"ImageObject\",\"inLanguage\":\"fr-CA\",\"@id\":\"https:\\\/\\\/volthium.com\\\/fr\\\/produit\\\/batterie-12v-150ah\\\/#primaryimage\",\"url\":\"https:\\\/\\\/volthium.com\\\/wp-content\\\/uploads\\\/2024\\\/04\\\/Batterie-12-V-150-Ah_Detoure-01_Rectangle.png\",\"contentUrl\":\"https:\\\/\\\/volthium.com\\\/wp-content\\\/uploads\\\/2024\\\/04\\\/Batterie-12-V-150-Ah_Detoure-01_Rectangle.png\",\"width\":1959,\"height\":858},{\"@type\":\"BreadcrumbList\",\"@id\":\"https:\\\/\\\/volthium.com\\\/fr\\\/produit\\\/batterie-12v-150ah\\\/#breadcrumb\",\"itemListElement\":[{\"@type\":\"ListItem\",\"position\":1,\"name\":\"Accueil\",\"item\":\"https:\\\/\\\/volthium.com\\\/fr\\\/\"},{\"@type\":\"ListItem\",\"position\":2,\"name\":\"Boutique en ligne\",\"item\":\"https:\\\/\\\/volthium.com\\\/fr\\\/boutique\\\/\"},{\"@type\":\"ListItem\",\"position\":3,\"name\":\"Batterie 12V 150Ah autochauffante\"}]},{\"@type\":\"WebSite\",\"@id\":\"https:\\\/\\\/volthium.com\\\/fr\\\/#website\",\"url\":\"https:\\\/\\\/volthium.com\\\/fr\\\/\",\"name\":\"Volthium\",\"description\":\"Logo Volthium\",\"publisher\":{\"@id\":\"https:\\\/\\\/volthium.com\\\/fr\\\/#organization\"},\"potentialAction\":[{\"@type\":\"SearchAction\",\"target\":{\"@type\":\"EntryPoint\",\"urlTemplate\":\"https:\\\/\\\/volthium.com\\\/fr\\\/?s={search_term_string}\"},\"query-input\":{\"@type\":\"PropertyValueSpecification\",\"valueRequired\":true,\"valueName\":\"search_term_string\"}}],\"inLanguage\":\"fr-CA\"},{\"@type\":\"Organization\",\"@id\":\"https:\\\/\\\/volthium.com\\\/fr\\\/#organization\",\"name\":\"Volthium\",\"url\":\"https:\\\/\\\/volthium.com\\\/fr\\\/\",\"logo\":{\"@type\":\"ImageObject\",\"inLanguage\":\"fr-CA\",\"@id\":\"https:\\\/\\\/volthium.com\\\/fr\\\/#\\\/schema\\\/logo\\\/image\\\/\",\"url\":\"https:\\\/\\\/volthium.com\\\/wp-content\\\/uploads\\\/2024\\\/01\\\/Logo-Volthium_Sans-energie.svg\",\"contentUrl\":\"https:\\\/\\\/volthium.com\\\/wp-content\\\/uploads\\\/2024\\\/01\\\/Logo-Volthium_Sans-energie.svg\",\"width\":793,\"height\":453,\"caption\":\"Volthium\"},\"image\":{\"@id\":\"https:\\\/\\\/volthium.com\\\/fr\\\/#\\\/schema\\\/logo\\\/image\\\/\"}}]}<\/script>\n<!-- \/ Yoast SEO plugin. -->","yoast_head_json":{"title":"Batterie 12V 150Ah autochauffante - Volthium","description":"La 12V 150Ah est con\u00e7ue sp\u00e9cialement pour la client\u00e8le de VR, bateaux, chalets, l\u2019industrie du camionnage et les applications industrielles.","robots":{"index":"index","follow":"follow","max-snippet":"max-snippet:-1","max-image-preview":"max-image-preview:large","max-video-preview":"max-video-preview:-1"},"canonical":"https:\/\/volthium.com\/fr\/produit\/batterie-12v-150ah\/","og_locale":"fr_CA","og_type":"article","og_title":"Batterie 12V 150Ah autochauffante - Volthium","og_description":"La 12V 150Ah est con\u00e7ue sp\u00e9cialement pour la client\u00e8le de VR, bateaux, chalets, l\u2019industrie du camionnage et les applications industrielles.","og_url":"https:\/\/volthium.com\/fr\/produit\/batterie-12v-150ah\/","og_site_name":"Volthium","article_modified_time":"2026-01-21T16:09:13+00:00","og_image":[{"width":1959,"height":858,"url":"https:\/\/volthium.com\/wp-content\/uploads\/2024\/04\/Batterie-12-V-150-Ah_Detoure-01_Rectangle.png","type":"image\/png"}],"twitter_card":"summary_large_image","twitter_misc":{"Estimation du temps de lecture":"3 minutes"},"schema":{"@context":"https:\/\/schema.org","@graph":[{"@type":"WebPage","@id":"https:\/\/volthium.com\/fr\/produit\/batterie-12v-150ah\/","url":"https:\/\/volthium.com\/fr\/produit\/batterie-12v-150ah\/","name":"Batterie 12V 150Ah autochauffante - Volthium","isPartOf":{"@id":"https:\/\/volthium.com\/fr\/#website"},"primaryImageOfPage":{"@id":"https:\/\/volthium.com\/fr\/produit\/batterie-12v-150ah\/#primaryimage"},"image":{"@id":"https:\/\/volthium.com\/fr\/produit\/batterie-12v-150ah\/#primaryimage"},"thumbnailUrl":"https:\/\/volthium.com\/wp-content\/uploads\/2024\/04\/Batterie-12-V-150-Ah_Detoure-01_Rectangle.png","datePublished":"2024-04-29T09:37:47+00:00","dateModified":"2026-01-21T16:09:13+00:00","description":"La 12V 150Ah est con\u00e7ue sp\u00e9cialement pour la client\u00e8le de VR, bateaux, chalets, l\u2019industrie du camionnage et les applications industrielles.","breadcrumb":{"@id":"https:\/\/volthium.com\/fr\/produit\/batterie-12v-150ah\/#breadcrumb"},"inLanguage":"fr-CA","potentialAction":[{"@type":"ReadAction","target":["https:\/\/volthium.com\/fr\/produit\/batterie-12v-150ah\/"]}]},{"@type":"ImageObject","inLanguage":"fr-CA","@id":"https:\/\/volthium.com\/fr\/produit\/batterie-12v-150ah\/#primaryimage","url":"https:\/\/volthium.com\/wp-content\/uploads\/2024\/04\/Batterie-12-V-150-Ah_Detoure-01_Rectangle.png","contentUrl":"https:\/\/volthium.com\/wp-content\/uploads\/2024\/04\/Batterie-12-V-150-Ah_Detoure-01_Rectangle.png","width":1959,"height":858},{"@type":"BreadcrumbList","@id":"https:\/\/volthium.com\/fr\/produit\/batterie-12v-150ah\/#breadcrumb","itemListElement":[{"@type":"ListItem","position":1,"name":"Accueil","item":"https:\/\/volthium.com\/fr\/"},{"@type":"ListItem","position":2,"name":"Boutique en ligne","item":"https:\/\/volthium.com\/fr\/boutique\/"},{"@type":"ListItem","position":3,"name":"Batterie 12V 150Ah autochauffante"}]},{"@type":"WebSite","@id":"https:\/\/volthium.com\/fr\/#website","url":"https:\/\/volthium.com\/fr\/","name":"Volthium","description":"Logo Volthium","publisher":{"@id":"https:\/\/volthium.com\/fr\/#organization"},"potentialAction":[{"@type":"SearchAction","target":{"@type":"EntryPoint","urlTemplate":"https:\/\/volthium.com\/fr\/?s={search_term_string}"},"query-input":{"@type":"PropertyValueSpecification","valueRequired":true,"valueName":"search_term_string"}}],"inLanguage":"fr-CA"},{"@type":"Organization","@id":"https:\/\/volthium.com\/fr\/#organization","name":"Volthium","url":"https:\/\/volthium.com\/fr\/","logo":{"@type":"ImageObject","inLanguage":"fr-CA","@id":"https:\/\/volthium.com\/fr\/#\/schema\/logo\/image\/","url":"https:\/\/volthium.com\/wp-content\/uploads\/2024\/01\/Logo-Volthium_Sans-energie.svg","contentUrl":"https:\/\/volthium.com\/wp-content\/uploads\/2024\/01\/Logo-Volthium_Sans-energie.svg","width":793,"height":453,"caption":"Volthium"},"image":{"@id":"https:\/\/volthium.com\/fr\/#\/schema\/logo\/image\/"}}]}},"_links":{"self":[{"href":"https:\/\/volthium.com\/fr\/wp-json\/wp\/v2\/product\/1572","targetHints":{"allow":["GET"]}}],"collection":[{"href":"https:\/\/volthium.com\/fr\/wp-json\/wp\/v2\/product"}],"about":[{"href":"https:\/\/volthium.com\/fr\/wp-json\/wp\/v2\/types\/product"}],"replies":[{"embeddable":true,"href":"https:\/\/volthium.com\/fr\/wp-json\/wp\/v2\/comments?post=1572"}],"wp:featuredmedia":[{"embeddable":true,"href":"https:\/\/volthium.com\/fr\/wp-json\/wp\/v2\/media\/4324"}],"wp:attachment":[{"href":"https:\/\/volthium.com\/fr\/wp-json\/wp\/v2\/media?parent=1572"}],"wp:term":[{"taxonomy":"product_brand","embeddable":true,"href":"https:\/\/volthium.com\/fr\/wp-json\/wp\/v2\/product_brand?post=1572"},{"taxonomy":"product_cat","embeddable":true,"href":"https:\/\/volthium.com\/fr\/wp-json\/wp\/v2\/product_cat?post=1572"},{"taxonomy":"product_tag","embeddable":true,"href":"https:\/\/volthium.com\/fr\/wp-json\/wp\/v2\/product_tag?post=1572"}],"curies":[{"name":"wp","href":"https:\/\/api.w.org\/{rel}","templated":true}]}}