{"id":1554,"date":"2024-04-29T08:17:21","date_gmt":"2024-04-29T08:17:21","guid":{"rendered":"https:\/\/volthium.com\/?post_type=product&#038;p=1554"},"modified":"2025-10-09T13:29:53","modified_gmt":"2025-10-09T17:29:53","slug":"batterie-12v-14ah","status":"publish","type":"product","link":"https:\/\/volthium.com\/fr\/produit\/batterie-12v-14ah\/","title":{"rendered":"Batterie 12V 14Ah"},"content":{"rendered":"<p><strong>VOLTHIUM<\/strong> vous pr\u00e9sente la plus petite batterie de notre gamme 12V. La <strong>batterie 12V 14AH<\/strong> est\u00a0le partenaire id\u00e9al pour vos d\u00e9placements en plein air.\u00a0 Avec un <strong>poids de seulement 3 livres<\/strong> elle se transporte facilement dans un sac \u00e0 dos et sa capacit\u00e9 de 14Ah offre <strong>plusieurs heures d&rsquo;alimentation pour les appareils \u00e9lectroniques \u00e0 forte consommation<\/strong> comme les GPS, les d\u00e9tecteurs de poissons Garmin, des tari\u00e8res \u00e0 glace ou tout autre appareil.<\/p>\n<p>Muni de la protection de la charge au froid, de<strong> cellules certifi\u00e9s UL1642<\/strong>, et du <strong>meilleur BMS du march\u00e9<\/strong> dont nous g\u00e9rons enti\u00e8rement la conception et la programmation, vous aurez entre les mains la batterie la plus durable qui soit.<\/p>\n<p>Faciles et rapides \u00e0 installer sur toutes vos installations,\u00a0 nos\u00a0 batteries au lithium\u00a0 vous\u00a0 offrent un<strong> temps de charge plus court et une capacit\u00e9 \u00e9nerg\u00e9tique qui ne\u00a0 s&rsquo;essouffle\u00a0 pas au fil des ans<\/strong>.<\/p>\n<p>Jamais une batterie lithium n&rsquo;aura donner un rendement aussi faramineux que celles propos\u00e9es par notre gamme de produits.<br \/>\n<strong>La rentabilit\u00e9 est assur\u00e9e pour au moins 10 ans<\/strong>, et certainement plus !<\/p>\n<p>Notre technologie de BMS (propuls\u00e9 par TexasInstrument) sp\u00e9cialement<strong> con\u00e7ue pour la rigueur de l&rsquo;environnement canadien<\/strong>, jumel\u00e9 \u00e0 nos <strong>Cellules de Grade A+<\/strong> (fournisseur c\u00e9l\u00e8bre pour ses contrats avec LG Chem, Audi, BMW, et Tesla), vous assurent d&rsquo;avoir entre les mains de la meilleure batterie en Am\u00e9rique du Nord.<\/p>\n<p>Puisque l&rsquo;achat d&rsquo;une batterie <strong>LIFEP04\u00a0<\/strong> est un investissement\u00a0 cons\u00e9quent,\u00a0 nous avons con\u00e7u pour vous,\u00a0 <strong>la batterie la plus rentable et\u00a0 la plus durable<\/strong> offerte sur le march\u00e9. Votre paix d&rsquo;esprit est au centre de nos priorit\u00e9s!<\/p>\n","protected":false},"excerpt":{"rendered":"<p>Notre <strong>batterie 12V 14Ah<\/strong>\u00a0est\u00a0le partenaire id\u00e9al pour vos d\u00e9placements en plein air.\u00a0 Avec un <strong>poids de seulement 3 lbs<\/strong> elle se transporte facilement dans un sac \u00e0 dos.<\/p>\n","protected":false},"featured_media":4307,"comment_status":"open","ping_status":"closed","template":"","meta":{"_acf_changed":false,"inline_featured_image":false,"site-sidebar-layout":"default","site-content-layout":"","ast-site-content-layout":"default","site-content-style":"default","site-sidebar-style":"default","ast-global-header-display":"","ast-banner-title-visibility":"","ast-main-header-display":"","ast-hfb-above-header-display":"","ast-hfb-below-header-display":"","ast-hfb-mobile-header-display":"","site-post-title":"","ast-breadcrumbs-content":"","ast-featured-img":"","footer-sml-layout":"","ast-disable-related-posts":"","theme-transparent-header-meta":"default","adv-header-id-meta":"","stick-header-meta":"","header-above-stick-meta":"","header-main-stick-meta":"","header-below-stick-meta":"","astra-migrate-meta-layouts":"set","ast-page-background-enabled":"default","ast-page-background-meta":{"desktop":{"background-color":"var(--ast-global-color-4)","background-image":"","background-repeat":"repeat","background-position":"center center","background-size":"auto","background-attachment":"scroll","background-type":"","background-media":"","overlay-type":"","overlay-color":"","overlay-opacity":"","overlay-gradient":""},"tablet":{"background-color":"","background-image":"","background-repeat":"repeat","background-position":"center center","background-size":"auto","background-attachment":"scroll","background-type":"","background-media":"","overlay-type":"","overlay-color":"","overlay-opacity":"","overlay-gradient":""},"mobile":{"background-color":"","background-image":"","background-repeat":"repeat","background-position":"center center","background-size":"auto","background-attachment":"scroll","background-type":"","background-media":"","overlay-type":"","overlay-color":"","overlay-opacity":"","overlay-gradient":""}},"ast-content-background-meta":{"desktop":{"background-color":"var(--ast-global-color-5)","background-image":"","background-repeat":"repeat","background-position":"center center","background-size":"auto","background-attachment":"scroll","background-type":"","background-media":"","overlay-type":"","overlay-color":"","overlay-opacity":"","overlay-gradient":""},"tablet":{"background-color":"var(--ast-global-color-5)","background-image":"","background-repeat":"repeat","background-position":"center center","background-size":"auto","background-attachment":"scroll","background-type":"","background-media":"","overlay-type":"","overlay-color":"","overlay-opacity":"","overlay-gradient":""},"mobile":{"background-color":"var(--ast-global-color-5)","background-image":"","background-repeat":"repeat","background-position":"center center","background-size":"auto","background-attachment":"scroll","background-type":"","background-media":"","overlay-type":"","overlay-color":"","overlay-opacity":"","overlay-gradient":""}}},"product_brand":[],"product_cat":[23,18],"product_tag":[182,46],"class_list":{"0":"post-1554","1":"product","2":"type-product","3":"status-publish","4":"has-post-thumbnail","6":"product_cat-12v","7":"product_cat-batteries","8":"product_tag-1214abs","9":"product_tag-12v","10":"desktop-align-left","11":"tablet-align-left","12":"mobile-align-left","14":"first","15":"instock","16":"taxable","17":"shipping-taxable","18":"purchasable","19":"product-type-simple"},"acf":[],"yoast_head":"<!-- This site is optimized with the Yoast SEO plugin v27.3 - https:\/\/yoast.com\/product\/yoast-seo-wordpress\/ -->\n<title>Batterie 12V 14Ah - Volthium<\/title>\n<meta name=\"description\" content=\"La 12V 14Ah\u00a0est\u00a0le partenaire id\u00e9al pour vos d\u00e9placements en plein air.\u00a0 Avec un poids de seulement 3 lbs elle se transporte facilement dans un sac \u00e0 dos.\" \/>\n<meta name=\"robots\" content=\"index, follow, max-snippet:-1, max-image-preview:large, max-video-preview:-1\" \/>\n<link rel=\"canonical\" href=\"https:\/\/volthium.com\/fr\/produit\/batterie-12v-14ah\/\" \/>\n<meta property=\"og:locale\" content=\"fr_CA\" \/>\n<meta property=\"og:type\" content=\"article\" \/>\n<meta property=\"og:title\" content=\"Batterie 12V 14Ah - Volthium\" \/>\n<meta property=\"og:description\" content=\"La 12V 14Ah\u00a0est\u00a0le partenaire id\u00e9al pour vos d\u00e9placements en plein air.\u00a0 Avec un poids de seulement 3 lbs elle se transporte facilement dans un sac \u00e0 dos.\" \/>\n<meta property=\"og:url\" content=\"https:\/\/volthium.com\/fr\/produit\/batterie-12v-14ah\/\" \/>\n<meta property=\"og:site_name\" content=\"Volthium\" \/>\n<meta property=\"article:modified_time\" content=\"2025-10-09T17:29:53+00:00\" \/>\n<meta property=\"og:image\" content=\"https:\/\/volthium.com\/wp-content\/uploads\/2024\/04\/Batterie-12-V-14-Ah_Detoure-01_Rectangle.png\" \/>\n\t<meta property=\"og:image:width\" content=\"1959\" \/>\n\t<meta property=\"og:image:height\" content=\"858\" \/>\n\t<meta property=\"og:image:type\" content=\"image\/png\" \/>\n<meta name=\"twitter:card\" content=\"summary_large_image\" \/>\n<meta name=\"twitter:label1\" content=\"Estimation du temps de lecture\" \/>\n\t<meta name=\"twitter:data1\" content=\"2 minutes\" \/>\n<script type=\"application\/ld+json\" class=\"yoast-schema-graph\">{\"@context\":\"https:\\\/\\\/schema.org\",\"@graph\":[{\"@type\":\"WebPage\",\"@id\":\"https:\\\/\\\/volthium.com\\\/fr\\\/produit\\\/batterie-12v-14ah\\\/\",\"url\":\"https:\\\/\\\/volthium.com\\\/fr\\\/produit\\\/batterie-12v-14ah\\\/\",\"name\":\"Batterie 12V 14Ah - Volthium\",\"isPartOf\":{\"@id\":\"https:\\\/\\\/volthium.com\\\/fr\\\/#website\"},\"primaryImageOfPage\":{\"@id\":\"https:\\\/\\\/volthium.com\\\/fr\\\/produit\\\/batterie-12v-14ah\\\/#primaryimage\"},\"image\":{\"@id\":\"https:\\\/\\\/volthium.com\\\/fr\\\/produit\\\/batterie-12v-14ah\\\/#primaryimage\"},\"thumbnailUrl\":\"https:\\\/\\\/volthium.com\\\/wp-content\\\/uploads\\\/2024\\\/04\\\/Batterie-12-V-14-Ah_Detoure-01_Rectangle.png\",\"datePublished\":\"2024-04-29T08:17:21+00:00\",\"dateModified\":\"2025-10-09T17:29:53+00:00\",\"description\":\"La 12V 14Ah\u00a0est\u00a0le partenaire id\u00e9al pour vos d\u00e9placements en plein air.\u00a0 Avec un poids de seulement 3 lbs elle se transporte facilement dans un sac \u00e0 dos.\",\"breadcrumb\":{\"@id\":\"https:\\\/\\\/volthium.com\\\/fr\\\/produit\\\/batterie-12v-14ah\\\/#breadcrumb\"},\"inLanguage\":\"fr-CA\",\"potentialAction\":[{\"@type\":\"ReadAction\",\"target\":[\"https:\\\/\\\/volthium.com\\\/fr\\\/produit\\\/batterie-12v-14ah\\\/\"]}]},{\"@type\":\"ImageObject\",\"inLanguage\":\"fr-CA\",\"@id\":\"https:\\\/\\\/volthium.com\\\/fr\\\/produit\\\/batterie-12v-14ah\\\/#primaryimage\",\"url\":\"https:\\\/\\\/volthium.com\\\/wp-content\\\/uploads\\\/2024\\\/04\\\/Batterie-12-V-14-Ah_Detoure-01_Rectangle.png\",\"contentUrl\":\"https:\\\/\\\/volthium.com\\\/wp-content\\\/uploads\\\/2024\\\/04\\\/Batterie-12-V-14-Ah_Detoure-01_Rectangle.png\",\"width\":1959,\"height\":858},{\"@type\":\"BreadcrumbList\",\"@id\":\"https:\\\/\\\/volthium.com\\\/fr\\\/produit\\\/batterie-12v-14ah\\\/#breadcrumb\",\"itemListElement\":[{\"@type\":\"ListItem\",\"position\":1,\"name\":\"Accueil\",\"item\":\"https:\\\/\\\/volthium.com\\\/fr\\\/\"},{\"@type\":\"ListItem\",\"position\":2,\"name\":\"Boutique en ligne\",\"item\":\"https:\\\/\\\/volthium.com\\\/fr\\\/boutique\\\/\"},{\"@type\":\"ListItem\",\"position\":3,\"name\":\"Batterie 12V 14Ah\"}]},{\"@type\":\"WebSite\",\"@id\":\"https:\\\/\\\/volthium.com\\\/fr\\\/#website\",\"url\":\"https:\\\/\\\/volthium.com\\\/fr\\\/\",\"name\":\"Volthium\",\"description\":\"Logo Volthium\",\"publisher\":{\"@id\":\"https:\\\/\\\/volthium.com\\\/fr\\\/#organization\"},\"potentialAction\":[{\"@type\":\"SearchAction\",\"target\":{\"@type\":\"EntryPoint\",\"urlTemplate\":\"https:\\\/\\\/volthium.com\\\/fr\\\/?s={search_term_string}\"},\"query-input\":{\"@type\":\"PropertyValueSpecification\",\"valueRequired\":true,\"valueName\":\"search_term_string\"}}],\"inLanguage\":\"fr-CA\"},{\"@type\":\"Organization\",\"@id\":\"https:\\\/\\\/volthium.com\\\/fr\\\/#organization\",\"name\":\"Volthium\",\"url\":\"https:\\\/\\\/volthium.com\\\/fr\\\/\",\"logo\":{\"@type\":\"ImageObject\",\"inLanguage\":\"fr-CA\",\"@id\":\"https:\\\/\\\/volthium.com\\\/fr\\\/#\\\/schema\\\/logo\\\/image\\\/\",\"url\":\"https:\\\/\\\/volthium.com\\\/wp-content\\\/uploads\\\/2024\\\/01\\\/Logo-Volthium_Sans-energie.svg\",\"contentUrl\":\"https:\\\/\\\/volthium.com\\\/wp-content\\\/uploads\\\/2024\\\/01\\\/Logo-Volthium_Sans-energie.svg\",\"width\":793,\"height\":453,\"caption\":\"Volthium\"},\"image\":{\"@id\":\"https:\\\/\\\/volthium.com\\\/fr\\\/#\\\/schema\\\/logo\\\/image\\\/\"}}]}<\/script>\n<!-- \/ Yoast SEO plugin. -->","yoast_head_json":{"title":"Batterie 12V 14Ah - Volthium","description":"La 12V 14Ah\u00a0est\u00a0le partenaire id\u00e9al pour vos d\u00e9placements en plein air.\u00a0 Avec un poids de seulement 3 lbs elle se transporte facilement dans un sac \u00e0 dos.","robots":{"index":"index","follow":"follow","max-snippet":"max-snippet:-1","max-image-preview":"max-image-preview:large","max-video-preview":"max-video-preview:-1"},"canonical":"https:\/\/volthium.com\/fr\/produit\/batterie-12v-14ah\/","og_locale":"fr_CA","og_type":"article","og_title":"Batterie 12V 14Ah - Volthium","og_description":"La 12V 14Ah\u00a0est\u00a0le partenaire id\u00e9al pour vos d\u00e9placements en plein air.\u00a0 Avec un poids de seulement 3 lbs elle se transporte facilement dans un sac \u00e0 dos.","og_url":"https:\/\/volthium.com\/fr\/produit\/batterie-12v-14ah\/","og_site_name":"Volthium","article_modified_time":"2025-10-09T17:29:53+00:00","og_image":[{"width":1959,"height":858,"url":"https:\/\/volthium.com\/wp-content\/uploads\/2024\/04\/Batterie-12-V-14-Ah_Detoure-01_Rectangle.png","type":"image\/png"}],"twitter_card":"summary_large_image","twitter_misc":{"Estimation du temps de lecture":"2 minutes"},"schema":{"@context":"https:\/\/schema.org","@graph":[{"@type":"WebPage","@id":"https:\/\/volthium.com\/fr\/produit\/batterie-12v-14ah\/","url":"https:\/\/volthium.com\/fr\/produit\/batterie-12v-14ah\/","name":"Batterie 12V 14Ah - Volthium","isPartOf":{"@id":"https:\/\/volthium.com\/fr\/#website"},"primaryImageOfPage":{"@id":"https:\/\/volthium.com\/fr\/produit\/batterie-12v-14ah\/#primaryimage"},"image":{"@id":"https:\/\/volthium.com\/fr\/produit\/batterie-12v-14ah\/#primaryimage"},"thumbnailUrl":"https:\/\/volthium.com\/wp-content\/uploads\/2024\/04\/Batterie-12-V-14-Ah_Detoure-01_Rectangle.png","datePublished":"2024-04-29T08:17:21+00:00","dateModified":"2025-10-09T17:29:53+00:00","description":"La 12V 14Ah\u00a0est\u00a0le partenaire id\u00e9al pour vos d\u00e9placements en plein air.\u00a0 Avec un poids de seulement 3 lbs elle se transporte facilement dans un sac \u00e0 dos.","breadcrumb":{"@id":"https:\/\/volthium.com\/fr\/produit\/batterie-12v-14ah\/#breadcrumb"},"inLanguage":"fr-CA","potentialAction":[{"@type":"ReadAction","target":["https:\/\/volthium.com\/fr\/produit\/batterie-12v-14ah\/"]}]},{"@type":"ImageObject","inLanguage":"fr-CA","@id":"https:\/\/volthium.com\/fr\/produit\/batterie-12v-14ah\/#primaryimage","url":"https:\/\/volthium.com\/wp-content\/uploads\/2024\/04\/Batterie-12-V-14-Ah_Detoure-01_Rectangle.png","contentUrl":"https:\/\/volthium.com\/wp-content\/uploads\/2024\/04\/Batterie-12-V-14-Ah_Detoure-01_Rectangle.png","width":1959,"height":858},{"@type":"BreadcrumbList","@id":"https:\/\/volthium.com\/fr\/produit\/batterie-12v-14ah\/#breadcrumb","itemListElement":[{"@type":"ListItem","position":1,"name":"Accueil","item":"https:\/\/volthium.com\/fr\/"},{"@type":"ListItem","position":2,"name":"Boutique en ligne","item":"https:\/\/volthium.com\/fr\/boutique\/"},{"@type":"ListItem","position":3,"name":"Batterie 12V 14Ah"}]},{"@type":"WebSite","@id":"https:\/\/volthium.com\/fr\/#website","url":"https:\/\/volthium.com\/fr\/","name":"Volthium","description":"Logo Volthium","publisher":{"@id":"https:\/\/volthium.com\/fr\/#organization"},"potentialAction":[{"@type":"SearchAction","target":{"@type":"EntryPoint","urlTemplate":"https:\/\/volthium.com\/fr\/?s={search_term_string}"},"query-input":{"@type":"PropertyValueSpecification","valueRequired":true,"valueName":"search_term_string"}}],"inLanguage":"fr-CA"},{"@type":"Organization","@id":"https:\/\/volthium.com\/fr\/#organization","name":"Volthium","url":"https:\/\/volthium.com\/fr\/","logo":{"@type":"ImageObject","inLanguage":"fr-CA","@id":"https:\/\/volthium.com\/fr\/#\/schema\/logo\/image\/","url":"https:\/\/volthium.com\/wp-content\/uploads\/2024\/01\/Logo-Volthium_Sans-energie.svg","contentUrl":"https:\/\/volthium.com\/wp-content\/uploads\/2024\/01\/Logo-Volthium_Sans-energie.svg","width":793,"height":453,"caption":"Volthium"},"image":{"@id":"https:\/\/volthium.com\/fr\/#\/schema\/logo\/image\/"}}]}},"_links":{"self":[{"href":"https:\/\/volthium.com\/fr\/wp-json\/wp\/v2\/product\/1554","targetHints":{"allow":["GET"]}}],"collection":[{"href":"https:\/\/volthium.com\/fr\/wp-json\/wp\/v2\/product"}],"about":[{"href":"https:\/\/volthium.com\/fr\/wp-json\/wp\/v2\/types\/product"}],"replies":[{"embeddable":true,"href":"https:\/\/volthium.com\/fr\/wp-json\/wp\/v2\/comments?post=1554"}],"wp:featuredmedia":[{"embeddable":true,"href":"https:\/\/volthium.com\/fr\/wp-json\/wp\/v2\/media\/4307"}],"wp:attachment":[{"href":"https:\/\/volthium.com\/fr\/wp-json\/wp\/v2\/media?parent=1554"}],"wp:term":[{"taxonomy":"product_brand","embeddable":true,"href":"https:\/\/volthium.com\/fr\/wp-json\/wp\/v2\/product_brand?post=1554"},{"taxonomy":"product_cat","embeddable":true,"href":"https:\/\/volthium.com\/fr\/wp-json\/wp\/v2\/product_cat?post=1554"},{"taxonomy":"product_tag","embeddable":true,"href":"https:\/\/volthium.com\/fr\/wp-json\/wp\/v2\/product_tag?post=1554"}],"curies":[{"name":"wp","href":"https:\/\/api.w.org\/{rel}","templated":true}]}}