{"id":4199,"date":"2024-07-25T13:10:28","date_gmt":"2024-07-25T17:10:28","guid":{"rendered":"https:\/\/volthium.com\/?page_id=4199"},"modified":"2024-07-25T13:14:46","modified_gmt":"2024-07-25T17:14:46","slug":"plan-du-site","status":"publish","type":"page","link":"https:\/\/volthium.com\/fr\/plan-du-site\/","title":{"rendered":"Plan du site"},"content":{"rendered":"<style type=\"text\/css\">.simple-sitemap-container-69e2512d40f87.tab-enabled .panel { border-top: 4px solid #de5737; } .simple-sitemap-container-69e2512d40f87.tab-enabled input:checked + label { background-color: #de5737; } .simple-sitemap-container-69e2512d40f87.tab-enabled input:checked + label > * { color: #ffffff; } <\/style><div id=\"simple-sitemap-container-69e2512d40f87\" class=\"simple-sitemap-container simple-sitemap-container-69e2512d40f87 tab-enabled\"><input type=\"radio\" name=\"tab-69e2512d40f87\" id=\"simple-sitemap-tab-1-69e2512d40f87\" checked>\n\t\t\t\t<label style=&quot;padding:10px 20px;&quot; for=\"simple-sitemap-tab-1-69e2512d40f87\"><h3 class=\"post-type\">Pages<\/h3><\/label><div class=\"simple-sitemap-content\"><div class=\"simple-sitemap-wrap simple-sitemap-tab-1 panel\"><ul class=\"simple-sitemap-page main\"><li class=\"sitemap-item page_item page-item-2529\"><a href=\"https:\/\/volthium.com\/fr\/accessoires-compatibles\/\">Accessoires compatibles<\/a><\/li>\n<li class=\"sitemap-item page_item page-item-45\"><a href=\"https:\/\/volthium.com\/fr\/\">Accueil<\/a><\/li>\n<li class=\"sitemap-item page_item page-item-2336\"><a href=\"https:\/\/volthium.com\/fr\/applications-mobiles-volthium\/\">Applications mobiles Volthium<\/a><\/li>\n<li class=\"sitemap-item page_item page-item-2598\"><a href=\"https:\/\/volthium.com\/fr\/batterie-wallmount-24v-200ah\/\">BATTERIE WALLMOUNT24V 200AH<\/a><\/li>\n<li class=\"sitemap-item page_item page-item-778\"><a href=\"https:\/\/volthium.com\/fr\/industriel\/\">Batteries \u00e0 usage Industriel<\/a><\/li>\n<li class=\"sitemap-item page_item page-item-748\"><a href=\"https:\/\/volthium.com\/fr\/medical\/\">Batteries \u00e0 usage M\u00e9dical<\/a><\/li>\n<li class=\"sitemap-item page_item page-item-3555\"><a href=\"https:\/\/volthium.com\/fr\/london\/\">Batteries au lithium \u00e0 London<\/a><\/li>\n<li class=\"sitemap-item page_item page-item-2625\"><a href=\"https:\/\/volthium.com\/fr\/toronto\/\">Batteries au lithium \u00e0 Toronto<\/a><\/li>\n<li class=\"sitemap-item page_item page-item-3561\"><a href=\"https:\/\/volthium.com\/fr\/cambridge\/\">Batteries lithium \u00e0 Cambridge<\/a><\/li>\n<li class=\"sitemap-item page_item page-item-7591\"><a href=\"https:\/\/volthium.com\/fr\/batteries-lithium-pour-tour-telecom\/\">Batteries lithium pour tours de t\u00e9l\u00e9communication<\/a><\/li>\n<li class=\"sitemap-item page_item page-item-997\"><a href=\"https:\/\/volthium.com\/fr\/emmagasinage-solaire\/\">Batteries pour Emmagasinage solaire<\/a><\/li>\n<li class=\"sitemap-item page_item page-item-3566\"><a href=\"https:\/\/volthium.com\/fr\/hamilton\/\">Batteries Volthium \u00e0 Hamilton<\/a><\/li>\n<li class=\"sitemap-item page_item page-item-3571\"><a href=\"https:\/\/volthium.com\/fr\/sudbury\/\">Batteries Volthium \u00e0 Sudbury<\/a><\/li>\n<li class=\"sitemap-item page_item page-item-38\"><a href=\"https:\/\/volthium.com\/fr\/boutique\/\">Boutique en ligne<\/a><\/li>\n<li class=\"sitemap-item page_item page-item-40\"><a href=\"https:\/\/volthium.com\/fr\/caisse\/\">Caisse<\/a><\/li>\n<li class=\"sitemap-item page_item page-item-2218\"><a href=\"https:\/\/volthium.com\/fr\/documents\/\">Documents<\/a><\/li>\n<li class=\"sitemap-item page_item page-item-4131\"><a href=\"https:\/\/volthium.com\/fr\/foire-aux-questions\/\">FAQ \/ D\u00e9pannage<\/a><\/li>\n<li class=\"sitemap-item page_item page-item-3194\"><a href=\"https:\/\/volthium.com\/fr\/infos-pratiques\/\">Infos pratiques<\/a><\/li>\n<li class=\"sitemap-item page_item page-item-2454\"><a href=\"https:\/\/volthium.com\/fr\/landing-salle_serveurs\/\">LP Salle Serveur<\/a><\/li>\n<li class=\"sitemap-item page_item page-item-41\"><a href=\"https:\/\/volthium.com\/fr\/my-account\/\">My account<\/a><\/li>\n<li class=\"sitemap-item page_item page-item-810\"><a href=\"https:\/\/volthium.com\/fr\/nautique\/\">Nautique<\/a><\/li>\n<li class=\"sitemap-item page_item page-item-47\"><a href=\"https:\/\/volthium.com\/fr\/contactez-nous\/\">Nous Contacter<\/a><\/li>\n<li class=\"sitemap-item page_item page-item-39\"><a href=\"https:\/\/volthium.com\/fr\/panier\/\">Panier<\/a><\/li>\n<li class=\"sitemap-item page_item page-item-3579\"><a href=\"https:\/\/volthium.com\/fr\/plan-de-site\/\">Plan de site<\/a><\/li>\n<li class=\"sitemap-item page_item page-item-4199\"><a href=\"https:\/\/volthium.com\/fr\/plan-du-site\/\">Plan du site<\/a><\/li>\n<li class=\"sitemap-item page_item page-item-4190\"><a href=\"https:\/\/volthium.com\/fr\/politiques-de-confidentialite\/\">Politiques de confidentialit\u00e9<\/a><\/li>\n<li class=\"sitemap-item page_item page-item-4179\"><a href=\"https:\/\/volthium.com\/fr\/politiques-retour-remboursement\/\">Politiques de retour et de remboursement<\/a><\/li>\n<li class=\"sitemap-item page_item page-item-53\"><a href=\"https:\/\/volthium.com\/fr\/ressources\/\">Ressources<\/a><\/li>\n<li class=\"sitemap-item page_item page-item-43\"><a href=\"https:\/\/volthium.com\/fr\/secteur-dactivites\/\">Secteur d&rsquo;activit\u00e9s<\/a><\/li>\n<li class=\"sitemap-item page_item page-item-5305\"><a href=\"https:\/\/volthium.com\/fr\/alimentation-sans-coupure-ups\/\">Solutions de secours \u00e0 batteries (UPS)<\/a><\/li>\n<li class=\"sitemap-item page_item page-item-5976\"><a href=\"https:\/\/volthium.com\/fr\/solutions-energetiques-pour-exploitations-agricoles\/\">Solutions \u00e9nerg\u00e9tiques pour exploitations agricoles<\/a><\/li>\n<li class=\"sitemap-item page_item page-item-51\"><a href=\"https:\/\/volthium.com\/fr\/technologie\/\">Technologie<\/a><\/li>\n<li class=\"sitemap-item page_item page-item-7628\"><a href=\"https:\/\/volthium.com\/fr\/technologie-safecharge\/\">T\u00e9chnologie brevet\u00e9e SafeCharge\u2122<\/a><\/li>\n<li class=\"sitemap-item page_item page-item-1090\"><a href=\"https:\/\/volthium.com\/fr\/vehicules-recreatifs\/\">V\u00e9hicules r\u00e9cr\u00e9atifs<\/a><\/li>\n<\/ul><\/div><\/div><\/div><br style=\"clear: both;\">\n\n<div id=\"simple-sitemap-container-69e2512d48a8e\" class=\"simple-sitemap-container simple-sitemap-container-69e2512d48a8e\"><h3 class=\"post-type\">Articles<\/h3><div class=\"simple-sitemap-wrap bateau\"><h3 class=\"term-tag\">Bateau<\/h3><ul class=\"simple-sitemap-post main\"><li class=\"sitemap-item\"><a href=\"https:\/\/volthium.com\/fr\/quelle-est-la-meilleure-configuration-de-batterie-pour-un-bateau-de-peche\/\">Quelle est la meilleure configuration de batterie pour un bateau de p\u00eache?<\/a><\/li><\/ul><\/div><div class=\"simple-sitemap-wrap infos\"><h3 class=\"term-tag\">Infos<\/h3><ul class=\"simple-sitemap-post main\"><li class=\"sitemap-item\"><a href=\"https:\/\/volthium.com\/fr\/batteries-au-lithium-certifiees-ul9540\/\">Batteries au lithium certifi\u00e9es UL9540<\/a><\/li><li class=\"sitemap-item\"><a href=\"https:\/\/volthium.com\/fr\/capacite-affichee-des-batteries-vrai-ou-faux\/\">Capacit\u00e9 affich\u00e9e des batteries &#8211; Vrai ou Faux ?<\/a><\/li><li class=\"sitemap-item\"><a href=\"https:\/\/volthium.com\/fr\/comment-realiser-un-test-de-capacite-lifepo4-2\/\">Comment r\u00e9aliser un test de capacit\u00e9 LiFePO4 ?<\/a><\/li><li class=\"sitemap-item\"><a href=\"https:\/\/volthium.com\/fr\/systemes-de-batteries-ess-au-lithium-reduire-la-facture-delectricite-commerciale\/\">Syst\u00e8mes de batteries ESS au lithium : un atout pour r\u00e9duire la facture d\u2019\u00e9lectricit\u00e9 commerciale<\/a><\/li><li class=\"sitemap-item\"><a href=\"https:\/\/volthium.com\/fr\/technologie-brevetee-safecharge-une-revolution-dans-lindustrie\/\">Technologie brevet\u00e9e SafeCharge : une r\u00e9volution dans l&rsquo;industrie!<\/a><\/li><\/ul><\/div><div class=\"simple-sitemap-wrap lithium\"><h3 class=\"term-tag\">lithium<\/h3><ul class=\"simple-sitemap-post main\"><li class=\"sitemap-item\"><a href=\"https:\/\/volthium.com\/fr\/batteries-au-lithium-comment-differencier-les-bonnes-des-mauvaises\/\">Batteries au lithium ; Comment diff\u00e9rencier les bonnes des mauvaises ?<\/a><\/li><li class=\"sitemap-item\"><a href=\"https:\/\/volthium.com\/fr\/batteries-au-lithium-certifiees-ul9540\/\">Batteries au lithium certifi\u00e9es UL9540<\/a><\/li><li class=\"sitemap-item\"><a href=\"https:\/\/volthium.com\/fr\/camping-avec-apnee-du-sommeil-conseils-pour-vous-aider-a-passer-une-bonne-nuit-de-sommeil\/\">Camping avec apn\u00e9e du sommeil: conseils pour vous aider \u00e0 passer une bonne nuit de sommeil<\/a><\/li><li class=\"sitemap-item\"><a href=\"https:\/\/volthium.com\/fr\/capacite-affichee-des-batteries-vrai-ou-faux\/\">Capacit\u00e9 affich\u00e9e des batteries &#8211; Vrai ou Faux ?<\/a><\/li><li class=\"sitemap-item\"><a href=\"https:\/\/volthium.com\/fr\/choisir-volthium-cest-encourager-lenergie-locale\/\">Choisir Volthium, c\u2019est encourager l\u2019\u00e9nergie locale<\/a><\/li><li class=\"sitemap-item\"><a href=\"https:\/\/volthium.com\/fr\/comment-choisir-la-bonne-batterie-lithium-deep-cycle-batt-for-my-app\/\">Comment choisir la bonne batterie? (lithium deep cycle batt for my app).<\/a><\/li><li class=\"sitemap-item\"><a href=\"https:\/\/volthium.com\/fr\/comment-realiser-un-test-de-capacite-lifepo4-2\/\">Comment r\u00e9aliser un test de capacit\u00e9 LiFePO4 ?<\/a><\/li><li class=\"sitemap-item\"><a href=\"https:\/\/volthium.com\/fr\/communication-en-boucle-fermee-quest-ce-que-cest-et-pourquoi-est-ce-important\/\">Communication en boucle ferm\u00e9e : qu\u2019est-ce que c\u2019est et pourquoi est-ce important ?<\/a><\/li><li class=\"sitemap-item\"><a href=\"https:\/\/volthium.com\/fr\/les-400ah-de-volthium\/\">Les 400AH de Volthium\u00a0<\/a><\/li><li class=\"sitemap-item\"><a href=\"https:\/\/volthium.com\/fr\/quest-ce-que-le-bms\/\">Qu\u2019est-ce que le BMS?<\/a><\/li><li class=\"sitemap-item\"><a href=\"https:\/\/volthium.com\/fr\/quelle-est-la-meilleure-configuration-de-batterie-pour-un-bateau-de-peche\/\">Quelle est la meilleure configuration de batterie pour un bateau de p\u00eache?<\/a><\/li><li class=\"sitemap-item\"><a href=\"https:\/\/volthium.com\/fr\/systemes-de-batteries-ess-au-lithium-reduire-la-facture-delectricite-commerciale\/\">Syst\u00e8mes de batteries ESS au lithium : un atout pour r\u00e9duire la facture d\u2019\u00e9lectricit\u00e9 commerciale<\/a><\/li><li class=\"sitemap-item\"><a href=\"https:\/\/volthium.com\/fr\/technologie-brevetee-safecharge-une-revolution-dans-lindustrie\/\">Technologie brevet\u00e9e SafeCharge : une r\u00e9volution dans l&rsquo;industrie!<\/a><\/li><\/ul><\/div><div class=\"simple-sitemap-wrap solaire\"><h3 class=\"term-tag\">Solaire<\/h3><ul class=\"simple-sitemap-post main\"><li class=\"sitemap-item\"><a href=\"https:\/\/volthium.com\/fr\/batteries-au-lithium-certifiees-ul9540\/\">Batteries au lithium certifi\u00e9es UL9540<\/a><\/li><li class=\"sitemap-item\"><a href=\"https:\/\/volthium.com\/fr\/systemes-de-batteries-ess-au-lithium-reduire-la-facture-delectricite-commerciale\/\">Syst\u00e8mes de batteries ESS au lithium : un atout pour r\u00e9duire la facture d\u2019\u00e9lectricit\u00e9 commerciale<\/a><\/li><\/ul><\/div><div class=\"simple-sitemap-wrap solar\"><h3 class=\"term-tag\">Solar<\/h3><ul class=\"simple-sitemap-post main\"><li class=\"sitemap-item\"><a href=\"https:\/\/volthium.com\/fr\/batteries-au-lithium-certifiees-ul9540\/\">Batteries au lithium certifi\u00e9es UL9540<\/a><\/li><li class=\"sitemap-item\"><a href=\"https:\/\/volthium.com\/fr\/systemes-de-batteries-ess-au-lithium-reduire-la-facture-delectricite-commerciale\/\">Syst\u00e8mes de batteries ESS au lithium : un atout pour r\u00e9duire la facture d\u2019\u00e9lectricit\u00e9 commerciale<\/a><\/li><\/ul><\/div><div class=\"simple-sitemap-wrap vr-camping\"><h3 class=\"term-tag\">VR \/Camping<\/h3><ul class=\"simple-sitemap-post main\"><li class=\"sitemap-item\"><a href=\"https:\/\/volthium.com\/fr\/camping-avec-apnee-du-sommeil-conseils-pour-vous-aider-a-passer-une-bonne-nuit-de-sommeil\/\">Camping avec apn\u00e9e du sommeil: conseils pour vous aider \u00e0 passer une bonne nuit de sommeil<\/a><\/li><\/ul><\/div><\/div><br style=\"clear: both\">","protected":false},"excerpt":{"rendered":"","protected":false},"author":1,"featured_media":0,"parent":0,"menu_order":0,"comment_status":"closed","ping_status":"closed","template":"","meta":{"_acf_changed":false,"inline_featured_image":false,"site-sidebar-layout":"default","site-content-layout":"","ast-site-content-layout":"default","site-content-style":"default","site-sidebar-style":"default","ast-global-header-display":"","ast-banner-title-visibility":"","ast-main-header-display":"","ast-hfb-above-header-display":"","ast-hfb-below-header-display":"","ast-hfb-mobile-header-display":"","site-post-title":"","ast-breadcrumbs-content":"","ast-featured-img":"","footer-sml-layout":"","ast-disable-related-posts":"","theme-transparent-header-meta":"","adv-header-id-meta":"","stick-header-meta":"","header-above-stick-meta":"","header-main-stick-meta":"","header-below-stick-meta":"","astra-migrate-meta-layouts":"default","ast-page-background-enabled":"default","ast-page-background-meta":{"desktop":{"background-color":"var(--ast-global-color-4)","background-image":"","background-repeat":"repeat","background-position":"center center","background-size":"auto","background-attachment":"scroll","background-type":"","background-media":"","overlay-type":"","overlay-color":"","overlay-opacity":"","overlay-gradient":""},"tablet":{"background-color":"","background-image":"","background-repeat":"repeat","background-position":"center center","background-size":"auto","background-attachment":"scroll","background-type":"","background-media":"","overlay-type":"","overlay-color":"","overlay-opacity":"","overlay-gradient":""},"mobile":{"background-color":"","background-image":"","background-repeat":"repeat","background-position":"center center","background-size":"auto","background-attachment":"scroll","background-type":"","background-media":"","overlay-type":"","overlay-color":"","overlay-opacity":"","overlay-gradient":""}},"ast-content-background-meta":{"desktop":{"background-color":"var(--ast-global-color-5)","background-image":"","background-repeat":"repeat","background-position":"center center","background-size":"auto","background-attachment":"scroll","background-type":"","background-media":"","overlay-type":"","overlay-color":"","overlay-opacity":"","overlay-gradient":""},"tablet":{"background-color":"var(--ast-global-color-5)","background-image":"","background-repeat":"repeat","background-position":"center center","background-size":"auto","background-attachment":"scroll","background-type":"","background-media":"","overlay-type":"","overlay-color":"","overlay-opacity":"","overlay-gradient":""},"mobile":{"background-color":"var(--ast-global-color-5)","background-image":"","background-repeat":"repeat","background-position":"center center","background-size":"auto","background-attachment":"scroll","background-type":"","background-media":"","overlay-type":"","overlay-color":"","overlay-opacity":"","overlay-gradient":""}},"footnotes":""},"class_list":["post-4199","page","type-page","status-publish","hentry"],"acf":[],"yoast_head":"<!-- This site is optimized with the Yoast SEO plugin v27.3 - https:\/\/yoast.com\/product\/yoast-seo-wordpress\/ -->\n<title>Plan du site - Volthium<\/title>\n<meta name=\"robots\" content=\"index, follow, max-snippet:-1, max-image-preview:large, max-video-preview:-1\" \/>\n<link rel=\"canonical\" href=\"https:\/\/volthium.com\/fr\/plan-du-site\/\" \/>\n<meta property=\"og:locale\" content=\"fr_CA\" \/>\n<meta property=\"og:type\" content=\"article\" \/>\n<meta property=\"og:title\" content=\"Plan du site - Volthium\" \/>\n<meta property=\"og:url\" content=\"https:\/\/volthium.com\/fr\/plan-du-site\/\" \/>\n<meta property=\"og:site_name\" content=\"Volthium\" \/>\n<meta property=\"article:modified_time\" content=\"2024-07-25T17:14:46+00:00\" \/>\n<meta name=\"twitter:card\" content=\"summary_large_image\" \/>\n<script type=\"application\/ld+json\" class=\"yoast-schema-graph\">{\"@context\":\"https:\\\/\\\/schema.org\",\"@graph\":[{\"@type\":\"WebPage\",\"@id\":\"https:\\\/\\\/volthium.com\\\/fr\\\/plan-du-site\\\/\",\"url\":\"https:\\\/\\\/volthium.com\\\/fr\\\/plan-du-site\\\/\",\"name\":\"Plan du site - Volthium\",\"isPartOf\":{\"@id\":\"https:\\\/\\\/volthium.com\\\/fr\\\/#website\"},\"datePublished\":\"2024-07-25T17:10:28+00:00\",\"dateModified\":\"2024-07-25T17:14:46+00:00\",\"breadcrumb\":{\"@id\":\"https:\\\/\\\/volthium.com\\\/fr\\\/plan-du-site\\\/#breadcrumb\"},\"inLanguage\":\"fr-CA\",\"potentialAction\":[{\"@type\":\"ReadAction\",\"target\":[\"https:\\\/\\\/volthium.com\\\/fr\\\/plan-du-site\\\/\"]}]},{\"@type\":\"BreadcrumbList\",\"@id\":\"https:\\\/\\\/volthium.com\\\/fr\\\/plan-du-site\\\/#breadcrumb\",\"itemListElement\":[{\"@type\":\"ListItem\",\"position\":1,\"name\":\"Accueil\",\"item\":\"https:\\\/\\\/volthium.com\\\/fr\\\/\"},{\"@type\":\"ListItem\",\"position\":2,\"name\":\"Plan du site\"}]},{\"@type\":\"WebSite\",\"@id\":\"https:\\\/\\\/volthium.com\\\/fr\\\/#website\",\"url\":\"https:\\\/\\\/volthium.com\\\/fr\\\/\",\"name\":\"Volthium\",\"description\":\"Logo Volthium\",\"publisher\":{\"@id\":\"https:\\\/\\\/volthium.com\\\/fr\\\/#organization\"},\"potentialAction\":[{\"@type\":\"SearchAction\",\"target\":{\"@type\":\"EntryPoint\",\"urlTemplate\":\"https:\\\/\\\/volthium.com\\\/fr\\\/?s={search_term_string}\"},\"query-input\":{\"@type\":\"PropertyValueSpecification\",\"valueRequired\":true,\"valueName\":\"search_term_string\"}}],\"inLanguage\":\"fr-CA\"},{\"@type\":\"Organization\",\"@id\":\"https:\\\/\\\/volthium.com\\\/fr\\\/#organization\",\"name\":\"Volthium\",\"url\":\"https:\\\/\\\/volthium.com\\\/fr\\\/\",\"logo\":{\"@type\":\"ImageObject\",\"inLanguage\":\"fr-CA\",\"@id\":\"https:\\\/\\\/volthium.com\\\/fr\\\/#\\\/schema\\\/logo\\\/image\\\/\",\"url\":\"https:\\\/\\\/volthium.com\\\/wp-content\\\/uploads\\\/2024\\\/01\\\/Logo-Volthium_Sans-energie.svg\",\"contentUrl\":\"https:\\\/\\\/volthium.com\\\/wp-content\\\/uploads\\\/2024\\\/01\\\/Logo-Volthium_Sans-energie.svg\",\"width\":793,\"height\":453,\"caption\":\"Volthium\"},\"image\":{\"@id\":\"https:\\\/\\\/volthium.com\\\/fr\\\/#\\\/schema\\\/logo\\\/image\\\/\"}}]}<\/script>\n<!-- \/ Yoast SEO plugin. -->","yoast_head_json":{"title":"Plan du site - Volthium","robots":{"index":"index","follow":"follow","max-snippet":"max-snippet:-1","max-image-preview":"max-image-preview:large","max-video-preview":"max-video-preview:-1"},"canonical":"https:\/\/volthium.com\/fr\/plan-du-site\/","og_locale":"fr_CA","og_type":"article","og_title":"Plan du site - Volthium","og_url":"https:\/\/volthium.com\/fr\/plan-du-site\/","og_site_name":"Volthium","article_modified_time":"2024-07-25T17:14:46+00:00","twitter_card":"summary_large_image","schema":{"@context":"https:\/\/schema.org","@graph":[{"@type":"WebPage","@id":"https:\/\/volthium.com\/fr\/plan-du-site\/","url":"https:\/\/volthium.com\/fr\/plan-du-site\/","name":"Plan du site - Volthium","isPartOf":{"@id":"https:\/\/volthium.com\/fr\/#website"},"datePublished":"2024-07-25T17:10:28+00:00","dateModified":"2024-07-25T17:14:46+00:00","breadcrumb":{"@id":"https:\/\/volthium.com\/fr\/plan-du-site\/#breadcrumb"},"inLanguage":"fr-CA","potentialAction":[{"@type":"ReadAction","target":["https:\/\/volthium.com\/fr\/plan-du-site\/"]}]},{"@type":"BreadcrumbList","@id":"https:\/\/volthium.com\/fr\/plan-du-site\/#breadcrumb","itemListElement":[{"@type":"ListItem","position":1,"name":"Accueil","item":"https:\/\/volthium.com\/fr\/"},{"@type":"ListItem","position":2,"name":"Plan du site"}]},{"@type":"WebSite","@id":"https:\/\/volthium.com\/fr\/#website","url":"https:\/\/volthium.com\/fr\/","name":"Volthium","description":"Logo Volthium","publisher":{"@id":"https:\/\/volthium.com\/fr\/#organization"},"potentialAction":[{"@type":"SearchAction","target":{"@type":"EntryPoint","urlTemplate":"https:\/\/volthium.com\/fr\/?s={search_term_string}"},"query-input":{"@type":"PropertyValueSpecification","valueRequired":true,"valueName":"search_term_string"}}],"inLanguage":"fr-CA"},{"@type":"Organization","@id":"https:\/\/volthium.com\/fr\/#organization","name":"Volthium","url":"https:\/\/volthium.com\/fr\/","logo":{"@type":"ImageObject","inLanguage":"fr-CA","@id":"https:\/\/volthium.com\/fr\/#\/schema\/logo\/image\/","url":"https:\/\/volthium.com\/wp-content\/uploads\/2024\/01\/Logo-Volthium_Sans-energie.svg","contentUrl":"https:\/\/volthium.com\/wp-content\/uploads\/2024\/01\/Logo-Volthium_Sans-energie.svg","width":793,"height":453,"caption":"Volthium"},"image":{"@id":"https:\/\/volthium.com\/fr\/#\/schema\/logo\/image\/"}}]}},"_links":{"self":[{"href":"https:\/\/volthium.com\/fr\/wp-json\/wp\/v2\/pages\/4199","targetHints":{"allow":["GET"]}}],"collection":[{"href":"https:\/\/volthium.com\/fr\/wp-json\/wp\/v2\/pages"}],"about":[{"href":"https:\/\/volthium.com\/fr\/wp-json\/wp\/v2\/types\/page"}],"author":[{"embeddable":true,"href":"https:\/\/volthium.com\/fr\/wp-json\/wp\/v2\/users\/1"}],"replies":[{"embeddable":true,"href":"https:\/\/volthium.com\/fr\/wp-json\/wp\/v2\/comments?post=4199"}],"version-history":[{"count":4,"href":"https:\/\/volthium.com\/fr\/wp-json\/wp\/v2\/pages\/4199\/revisions"}],"predecessor-version":[{"id":4209,"href":"https:\/\/volthium.com\/fr\/wp-json\/wp\/v2\/pages\/4199\/revisions\/4209"}],"wp:attachment":[{"href":"https:\/\/volthium.com\/fr\/wp-json\/wp\/v2\/media?parent=4199"}],"curies":[{"name":"wp","href":"https:\/\/api.w.org\/{rel}","templated":true}]}}