{"id":3579,"date":"2024-07-15T16:51:14","date_gmt":"2024-07-15T20:51:14","guid":{"rendered":"https:\/\/volthium.com\/?page_id=3579"},"modified":"2024-07-15T16:51:15","modified_gmt":"2024-07-15T20:51:15","slug":"plan-de-site","status":"publish","type":"page","link":"https:\/\/volthium.com\/fr\/plan-de-site\/","title":{"rendered":"Plan de site"},"content":{"rendered":"\n<p><code><div id=\"simple-sitemap-container-69e26b9e4a277\" class=\"simple-sitemap-container simple-sitemap-container-69e26b9e4a277 tab-disabled\"><div class=\"simple-sitemap-wrap\"><h3 class=\"post-type\">Pages<\/h3><ul class=\"simple-sitemap-page main\"><li class=\"sitemap-item page_item page-item-2529\"><a href=\"https:\/\/volthium.com\/fr\/accessoires-compatibles\/\">Accessoires compatibles<\/a><\/li>\n<li class=\"sitemap-item page_item page-item-45\"><a href=\"https:\/\/volthium.com\/fr\/\">Accueil<\/a><\/li>\n<li class=\"sitemap-item page_item page-item-2336\"><a href=\"https:\/\/volthium.com\/fr\/applications-mobiles-volthium\/\">Applications mobiles Volthium<\/a><\/li>\n<li class=\"sitemap-item page_item page-item-2598\"><a href=\"https:\/\/volthium.com\/fr\/batterie-wallmount-24v-200ah\/\">BATTERIE WALLMOUNT24V 200AH<\/a><\/li>\n<li class=\"sitemap-item page_item page-item-778\"><a href=\"https:\/\/volthium.com\/fr\/industriel\/\">Batteries \u00e0 usage Industriel<\/a><\/li>\n<li class=\"sitemap-item page_item page-item-748\"><a href=\"https:\/\/volthium.com\/fr\/medical\/\">Batteries \u00e0 usage M\u00e9dical<\/a><\/li>\n<li class=\"sitemap-item page_item page-item-3555\"><a href=\"https:\/\/volthium.com\/fr\/london\/\">Batteries au lithium \u00e0 London<\/a><\/li>\n<li class=\"sitemap-item page_item page-item-2625\"><a href=\"https:\/\/volthium.com\/fr\/toronto\/\">Batteries au lithium \u00e0 Toronto<\/a><\/li>\n<li class=\"sitemap-item page_item page-item-3561\"><a href=\"https:\/\/volthium.com\/fr\/cambridge\/\">Batteries lithium \u00e0 Cambridge<\/a><\/li>\n<li class=\"sitemap-item page_item page-item-7591\"><a href=\"https:\/\/volthium.com\/fr\/batteries-lithium-pour-tour-telecom\/\">Batteries lithium pour tours de t\u00e9l\u00e9communication<\/a><\/li>\n<li class=\"sitemap-item page_item page-item-997\"><a href=\"https:\/\/volthium.com\/fr\/emmagasinage-solaire\/\">Batteries pour Emmagasinage solaire<\/a><\/li>\n<li class=\"sitemap-item page_item page-item-3566\"><a href=\"https:\/\/volthium.com\/fr\/hamilton\/\">Batteries Volthium \u00e0 Hamilton<\/a><\/li>\n<li class=\"sitemap-item page_item page-item-3571\"><a href=\"https:\/\/volthium.com\/fr\/sudbury\/\">Batteries Volthium \u00e0 Sudbury<\/a><\/li>\n<li class=\"sitemap-item page_item page-item-38\"><a href=\"https:\/\/volthium.com\/fr\/boutique\/\">Boutique en ligne<\/a><\/li>\n<li class=\"sitemap-item page_item page-item-40\"><a href=\"https:\/\/volthium.com\/fr\/caisse\/\">Caisse<\/a><\/li>\n<li class=\"sitemap-item page_item page-item-2218\"><a href=\"https:\/\/volthium.com\/fr\/documents\/\">Documents<\/a><\/li>\n<li class=\"sitemap-item page_item page-item-4131\"><a href=\"https:\/\/volthium.com\/fr\/foire-aux-questions\/\">FAQ \/ D\u00e9pannage<\/a><\/li>\n<li class=\"sitemap-item page_item page-item-3194\"><a href=\"https:\/\/volthium.com\/fr\/infos-pratiques\/\">Infos pratiques<\/a><\/li>\n<li class=\"sitemap-item page_item page-item-2454\"><a href=\"https:\/\/volthium.com\/fr\/landing-salle_serveurs\/\">LP Salle Serveur<\/a><\/li>\n<li class=\"sitemap-item page_item page-item-41\"><a href=\"https:\/\/volthium.com\/fr\/my-account\/\">My account<\/a><\/li>\n<li class=\"sitemap-item page_item page-item-810\"><a href=\"https:\/\/volthium.com\/fr\/nautique\/\">Nautique<\/a><\/li>\n<li class=\"sitemap-item page_item page-item-47\"><a href=\"https:\/\/volthium.com\/fr\/contactez-nous\/\">Nous Contacter<\/a><\/li>\n<li class=\"sitemap-item page_item page-item-39\"><a href=\"https:\/\/volthium.com\/fr\/panier\/\">Panier<\/a><\/li>\n<li class=\"sitemap-item page_item page-item-3579\"><a href=\"https:\/\/volthium.com\/fr\/plan-de-site\/\">Plan de site<\/a><\/li>\n<li class=\"sitemap-item page_item page-item-4199\"><a href=\"https:\/\/volthium.com\/fr\/plan-du-site\/\">Plan du site<\/a><\/li>\n<li class=\"sitemap-item page_item page-item-4190\"><a href=\"https:\/\/volthium.com\/fr\/politiques-de-confidentialite\/\">Politiques de confidentialit\u00e9<\/a><\/li>\n<li class=\"sitemap-item page_item page-item-4179\"><a href=\"https:\/\/volthium.com\/fr\/politiques-retour-remboursement\/\">Politiques de retour et de remboursement<\/a><\/li>\n<li class=\"sitemap-item page_item page-item-53\"><a href=\"https:\/\/volthium.com\/fr\/ressources\/\">Ressources<\/a><\/li>\n<li class=\"sitemap-item page_item page-item-43\"><a href=\"https:\/\/volthium.com\/fr\/secteur-dactivites\/\">Secteur d'activit\u00e9s<\/a><\/li>\n<li class=\"sitemap-item page_item page-item-5305\"><a href=\"https:\/\/volthium.com\/fr\/alimentation-sans-coupure-ups\/\">Solutions de secours \u00e0 batteries (UPS)<\/a><\/li>\n<li class=\"sitemap-item page_item page-item-5976\"><a href=\"https:\/\/volthium.com\/fr\/solutions-energetiques-pour-exploitations-agricoles\/\">Solutions \u00e9nerg\u00e9tiques pour exploitations agricoles<\/a><\/li>\n<li class=\"sitemap-item page_item page-item-51\"><a href=\"https:\/\/volthium.com\/fr\/technologie\/\">Technologie<\/a><\/li>\n<li class=\"sitemap-item page_item page-item-7628\"><a href=\"https:\/\/volthium.com\/fr\/technologie-safecharge\/\">T\u00e9chnologie brevet\u00e9e SafeCharge\u2122<\/a><\/li>\n<li class=\"sitemap-item page_item page-item-1090\"><a href=\"https:\/\/volthium.com\/fr\/vehicules-recreatifs\/\">V\u00e9hicules r\u00e9cr\u00e9atifs<\/a><\/li>\n<\/ul><\/div><\/div><br style=\"clear: both;\"><\/code><\/p>\n","protected":false},"excerpt":{"rendered":"","protected":false},"author":4,"featured_media":0,"parent":0,"menu_order":0,"comment_status":"closed","ping_status":"closed","template":"","meta":{"_acf_changed":false,"inline_featured_image":false,"site-sidebar-layout":"default","site-content-layout":"","ast-site-content-layout":"default","site-content-style":"default","site-sidebar-style":"default","ast-global-header-display":"","ast-banner-title-visibility":"","ast-main-header-display":"","ast-hfb-above-header-display":"","ast-hfb-below-header-display":"","ast-hfb-mobile-header-display":"","site-post-title":"","ast-breadcrumbs-content":"","ast-featured-img":"","footer-sml-layout":"","ast-disable-related-posts":"","theme-transparent-header-meta":"","adv-header-id-meta":"","stick-header-meta":"","header-above-stick-meta":"","header-main-stick-meta":"","header-below-stick-meta":"","astra-migrate-meta-layouts":"default","ast-page-background-enabled":"default","ast-page-background-meta":{"desktop":{"background-color":"var(--ast-global-color-4)","background-image":"","background-repeat":"repeat","background-position":"center center","background-size":"auto","background-attachment":"scroll","background-type":"","background-media":"","overlay-type":"","overlay-color":"","overlay-opacity":"","overlay-gradient":""},"tablet":{"background-color":"","background-image":"","background-repeat":"repeat","background-position":"center center","background-size":"auto","background-attachment":"scroll","background-type":"","background-media":"","overlay-type":"","overlay-color":"","overlay-opacity":"","overlay-gradient":""},"mobile":{"background-color":"","background-image":"","background-repeat":"repeat","background-position":"center center","background-size":"auto","background-attachment":"scroll","background-type":"","background-media":"","overlay-type":"","overlay-color":"","overlay-opacity":"","overlay-gradient":""}},"ast-content-background-meta":{"desktop":{"background-color":"var(--ast-global-color-5)","background-image":"","background-repeat":"repeat","background-position":"center center","background-size":"auto","background-attachment":"scroll","background-type":"","background-media":"","overlay-type":"","overlay-color":"","overlay-opacity":"","overlay-gradient":""},"tablet":{"background-color":"var(--ast-global-color-5)","background-image":"","background-repeat":"repeat","background-position":"center center","background-size":"auto","background-attachment":"scroll","background-type":"","background-media":"","overlay-type":"","overlay-color":"","overlay-opacity":"","overlay-gradient":""},"mobile":{"background-color":"var(--ast-global-color-5)","background-image":"","background-repeat":"repeat","background-position":"center center","background-size":"auto","background-attachment":"scroll","background-type":"","background-media":"","overlay-type":"","overlay-color":"","overlay-opacity":"","overlay-gradient":""}},"footnotes":""},"class_list":["post-3579","page","type-page","status-publish","hentry"],"acf":[],"yoast_head":"<!-- This site is optimized with the Yoast SEO plugin v27.3 - https:\/\/yoast.com\/product\/yoast-seo-wordpress\/ -->\n<title>Plan de site - Volthium<\/title>\n<meta name=\"robots\" content=\"index, follow, max-snippet:-1, max-image-preview:large, max-video-preview:-1\" \/>\n<link rel=\"canonical\" href=\"https:\/\/volthium.com\/fr\/plan-de-site\/\" \/>\n<meta property=\"og:locale\" content=\"fr_CA\" \/>\n<meta property=\"og:type\" content=\"article\" \/>\n<meta property=\"og:title\" content=\"Plan de site - Volthium\" \/>\n<meta property=\"og:url\" content=\"https:\/\/volthium.com\/fr\/plan-de-site\/\" \/>\n<meta property=\"og:site_name\" content=\"Volthium\" \/>\n<meta property=\"article:modified_time\" content=\"2024-07-15T20:51:15+00:00\" \/>\n<meta name=\"twitter:card\" content=\"summary_large_image\" \/>\n<script type=\"application\/ld+json\" class=\"yoast-schema-graph\">{\"@context\":\"https:\\\/\\\/schema.org\",\"@graph\":[{\"@type\":\"WebPage\",\"@id\":\"https:\\\/\\\/volthium.com\\\/fr\\\/plan-de-site\\\/\",\"url\":\"https:\\\/\\\/volthium.com\\\/fr\\\/plan-de-site\\\/\",\"name\":\"Plan de site - Volthium\",\"isPartOf\":{\"@id\":\"https:\\\/\\\/volthium.com\\\/fr\\\/#website\"},\"datePublished\":\"2024-07-15T20:51:14+00:00\",\"dateModified\":\"2024-07-15T20:51:15+00:00\",\"breadcrumb\":{\"@id\":\"https:\\\/\\\/volthium.com\\\/fr\\\/plan-de-site\\\/#breadcrumb\"},\"inLanguage\":\"fr-CA\",\"potentialAction\":[{\"@type\":\"ReadAction\",\"target\":[\"https:\\\/\\\/volthium.com\\\/fr\\\/plan-de-site\\\/\"]}]},{\"@type\":\"BreadcrumbList\",\"@id\":\"https:\\\/\\\/volthium.com\\\/fr\\\/plan-de-site\\\/#breadcrumb\",\"itemListElement\":[{\"@type\":\"ListItem\",\"position\":1,\"name\":\"Accueil\",\"item\":\"https:\\\/\\\/volthium.com\\\/fr\\\/\"},{\"@type\":\"ListItem\",\"position\":2,\"name\":\"Plan de site\"}]},{\"@type\":\"WebSite\",\"@id\":\"https:\\\/\\\/volthium.com\\\/fr\\\/#website\",\"url\":\"https:\\\/\\\/volthium.com\\\/fr\\\/\",\"name\":\"Volthium\",\"description\":\"Logo Volthium\",\"publisher\":{\"@id\":\"https:\\\/\\\/volthium.com\\\/fr\\\/#organization\"},\"potentialAction\":[{\"@type\":\"SearchAction\",\"target\":{\"@type\":\"EntryPoint\",\"urlTemplate\":\"https:\\\/\\\/volthium.com\\\/fr\\\/?s={search_term_string}\"},\"query-input\":{\"@type\":\"PropertyValueSpecification\",\"valueRequired\":true,\"valueName\":\"search_term_string\"}}],\"inLanguage\":\"fr-CA\"},{\"@type\":\"Organization\",\"@id\":\"https:\\\/\\\/volthium.com\\\/fr\\\/#organization\",\"name\":\"Volthium\",\"url\":\"https:\\\/\\\/volthium.com\\\/fr\\\/\",\"logo\":{\"@type\":\"ImageObject\",\"inLanguage\":\"fr-CA\",\"@id\":\"https:\\\/\\\/volthium.com\\\/fr\\\/#\\\/schema\\\/logo\\\/image\\\/\",\"url\":\"https:\\\/\\\/volthium.com\\\/wp-content\\\/uploads\\\/2024\\\/01\\\/Logo-Volthium_Sans-energie.svg\",\"contentUrl\":\"https:\\\/\\\/volthium.com\\\/wp-content\\\/uploads\\\/2024\\\/01\\\/Logo-Volthium_Sans-energie.svg\",\"width\":793,\"height\":453,\"caption\":\"Volthium\"},\"image\":{\"@id\":\"https:\\\/\\\/volthium.com\\\/fr\\\/#\\\/schema\\\/logo\\\/image\\\/\"}}]}<\/script>\n<!-- \/ Yoast SEO plugin. -->","yoast_head_json":{"title":"Plan de site - Volthium","robots":{"index":"index","follow":"follow","max-snippet":"max-snippet:-1","max-image-preview":"max-image-preview:large","max-video-preview":"max-video-preview:-1"},"canonical":"https:\/\/volthium.com\/fr\/plan-de-site\/","og_locale":"fr_CA","og_type":"article","og_title":"Plan de site - Volthium","og_url":"https:\/\/volthium.com\/fr\/plan-de-site\/","og_site_name":"Volthium","article_modified_time":"2024-07-15T20:51:15+00:00","twitter_card":"summary_large_image","schema":{"@context":"https:\/\/schema.org","@graph":[{"@type":"WebPage","@id":"https:\/\/volthium.com\/fr\/plan-de-site\/","url":"https:\/\/volthium.com\/fr\/plan-de-site\/","name":"Plan de site - Volthium","isPartOf":{"@id":"https:\/\/volthium.com\/fr\/#website"},"datePublished":"2024-07-15T20:51:14+00:00","dateModified":"2024-07-15T20:51:15+00:00","breadcrumb":{"@id":"https:\/\/volthium.com\/fr\/plan-de-site\/#breadcrumb"},"inLanguage":"fr-CA","potentialAction":[{"@type":"ReadAction","target":["https:\/\/volthium.com\/fr\/plan-de-site\/"]}]},{"@type":"BreadcrumbList","@id":"https:\/\/volthium.com\/fr\/plan-de-site\/#breadcrumb","itemListElement":[{"@type":"ListItem","position":1,"name":"Accueil","item":"https:\/\/volthium.com\/fr\/"},{"@type":"ListItem","position":2,"name":"Plan de site"}]},{"@type":"WebSite","@id":"https:\/\/volthium.com\/fr\/#website","url":"https:\/\/volthium.com\/fr\/","name":"Volthium","description":"Logo Volthium","publisher":{"@id":"https:\/\/volthium.com\/fr\/#organization"},"potentialAction":[{"@type":"SearchAction","target":{"@type":"EntryPoint","urlTemplate":"https:\/\/volthium.com\/fr\/?s={search_term_string}"},"query-input":{"@type":"PropertyValueSpecification","valueRequired":true,"valueName":"search_term_string"}}],"inLanguage":"fr-CA"},{"@type":"Organization","@id":"https:\/\/volthium.com\/fr\/#organization","name":"Volthium","url":"https:\/\/volthium.com\/fr\/","logo":{"@type":"ImageObject","inLanguage":"fr-CA","@id":"https:\/\/volthium.com\/fr\/#\/schema\/logo\/image\/","url":"https:\/\/volthium.com\/wp-content\/uploads\/2024\/01\/Logo-Volthium_Sans-energie.svg","contentUrl":"https:\/\/volthium.com\/wp-content\/uploads\/2024\/01\/Logo-Volthium_Sans-energie.svg","width":793,"height":453,"caption":"Volthium"},"image":{"@id":"https:\/\/volthium.com\/fr\/#\/schema\/logo\/image\/"}}]}},"_links":{"self":[{"href":"https:\/\/volthium.com\/fr\/wp-json\/wp\/v2\/pages\/3579","targetHints":{"allow":["GET"]}}],"collection":[{"href":"https:\/\/volthium.com\/fr\/wp-json\/wp\/v2\/pages"}],"about":[{"href":"https:\/\/volthium.com\/fr\/wp-json\/wp\/v2\/types\/page"}],"author":[{"embeddable":true,"href":"https:\/\/volthium.com\/fr\/wp-json\/wp\/v2\/users\/4"}],"replies":[{"embeddable":true,"href":"https:\/\/volthium.com\/fr\/wp-json\/wp\/v2\/comments?post=3579"}],"version-history":[{"count":0,"href":"https:\/\/volthium.com\/fr\/wp-json\/wp\/v2\/pages\/3579\/revisions"}],"wp:attachment":[{"href":"https:\/\/volthium.com\/fr\/wp-json\/wp\/v2\/media?parent=3579"}],"curies":[{"name":"wp","href":"https:\/\/api.w.org\/{rel}","templated":true}]}}