{"id":2454,"date":"2024-07-09T16:39:30","date_gmt":"2024-07-09T20:39:30","guid":{"rendered":"https:\/\/volthium.com\/?page_id=2454"},"modified":"2024-07-24T07:04:36","modified_gmt":"2024-07-24T11:04:36","slug":"landing-salle_serveurs","status":"publish","type":"page","link":"https:\/\/volthium.com\/fr\/landing-salle_serveurs\/","title":{"rendered":"LP Salle Serveur"},"content":{"rendered":"\t\t<div data-elementor-type=\"wp-page\" data-elementor-id=\"2454\" class=\"elementor elementor-2454\" data-elementor-post-type=\"page\">\n\t\t\t\t<div class=\"elementor-element elementor-element-19c6ad1 e-con-full e-flex e-con e-parent\" data-id=\"19c6ad1\" data-element_type=\"container\" data-e-type=\"container\">\n\t\t<div class=\"elementor-element elementor-element-f24990f e-con-full e-flex e-con e-child\" data-id=\"f24990f\" data-element_type=\"container\" data-e-type=\"container\">\n\t\t\t\t<div class=\"elementor-element elementor-element-c7dba92 elementor-widget elementor-widget-heading\" data-id=\"c7dba92\" data-element_type=\"widget\" data-e-type=\"widget\" data-widget_type=\"heading.default\">\n\t\t\t\t<div class=\"elementor-widget-container\">\n\t\t\t\t\t<h2 class=\"elementor-heading-title elementor-size-default\">Syst\u00e8me de back-up \u00c9nerg\u00e9tique au lithium!<\/h2>\t\t\t\t<\/div>\n\t\t\t\t<\/div>\n\t\t\t\t<\/div>\n\t\t\t\t<\/div>\n\t\t<div class=\"elementor-element elementor-element-20560b3 e-con-full e-flex e-con e-parent\" data-id=\"20560b3\" data-element_type=\"container\" data-e-type=\"container\">\n\t\t<div class=\"elementor-element elementor-element-58d7dba e-con-full e-flex e-con e-child\" data-id=\"58d7dba\" data-element_type=\"container\" data-e-type=\"container\" data-settings=\"{&quot;background_background&quot;:&quot;classic&quot;}\">\n\t\t\t\t<div class=\"elementor-element elementor-element-0fecef7 elementor-widget elementor-widget-heading\" data-id=\"0fecef7\" data-element_type=\"widget\" data-e-type=\"widget\" data-widget_type=\"heading.default\">\n\t\t\t\t<div class=\"elementor-widget-container\">\n\t\t\t\t\t<h2 class=\"elementor-heading-title elementor-size-default\">Oubliez les g\u00e9n\u00e9ratrices! <\/h2>\t\t\t\t<\/div>\n\t\t\t\t<\/div>\n\t\t\t\t<div class=\"elementor-element elementor-element-733d1c7 elementor-widget elementor-widget-text-editor\" data-id=\"733d1c7\" data-element_type=\"widget\" data-e-type=\"widget\" data-widget_type=\"text-editor.default\">\n\t\t\t\t<div class=\"elementor-widget-container\">\n\t\t\t\t\t\t\t\t\tEn installant un syst\u00e8me de back-up \u00e9nerg\u00e9tique, vous conservez une <strong>source d\u2019\u00e9nergie fiable <\/strong>pour alimenter vos installations lors des pannes de courant et vous pouvez ainsi <strong>continuer vos op\u00e9rations sans interruptions gr\u00e2ce \u00e0 nos syst\u00e8mes \u00e0 redondance \u00e9lectrique automatique!<\/strong>\t\t\t\t\t\t\t\t<\/div>\n\t\t\t\t<\/div>\n\t\t\t\t<div class=\"elementor-element elementor-element-69ab450 elementor-widget elementor-widget-heading\" data-id=\"69ab450\" data-element_type=\"widget\" data-e-type=\"widget\" data-widget_type=\"heading.default\">\n\t\t\t\t<div class=\"elementor-widget-container\">\n\t\t\t\t\t<h2 class=\"elementor-heading-title elementor-size-default\">Des offres sur mesure!<\/h2>\t\t\t\t<\/div>\n\t\t\t\t<\/div>\n\t\t\t\t<div class=\"elementor-element elementor-element-1ad56bb elementor-widget elementor-widget-text-editor\" data-id=\"1ad56bb\" data-element_type=\"widget\" data-e-type=\"widget\" data-widget_type=\"text-editor.default\">\n\t\t\t\t<div class=\"elementor-widget-container\">\n\t\t\t\t\t\t\t\t\tNous adaptons nos solutions cl\u00e9s en main <strong>en fonction de vos besoins<\/strong>. <b>Continuez vos op\u00e9rations <\/b>pendant les pannes de courant <strong>sans perdre de temps ni d\u2019argent<\/strong>!\t\t\t\t\t\t\t\t<\/div>\n\t\t\t\t<\/div>\n\t\t\t\t<div class=\"elementor-element elementor-element-5fc7f8a elementor-widget elementor-widget-heading\" data-id=\"5fc7f8a\" data-element_type=\"widget\" data-e-type=\"widget\" data-widget_type=\"heading.default\">\n\t\t\t\t<div class=\"elementor-widget-container\">\n\t\t\t\t\t<h6 class=\"elementor-heading-title elementor-size-default\">Jusqu\u2019\u00e0 12 circuits critiques de 120\/240V<\/h6>\t\t\t\t<\/div>\n\t\t\t\t<\/div>\n\t\t\t\t<div class=\"elementor-element elementor-element-574a0cc elementor-widget elementor-widget-text-editor\" data-id=\"574a0cc\" data-element_type=\"widget\" data-e-type=\"widget\" data-widget_type=\"text-editor.default\">\n\t\t\t\t<div class=\"elementor-widget-container\">\n\t\t\t\t\t\t\t\t\t<p><strong>Les avantages :<\/strong><\/p><ul><li>Acc\u00e8s CLOUD au statut des batteries et du UPS<\/li><li>Sous-panneau avec \u201ctransfer switch\u201d manuel<\/li><li>Onduleur UPS \u00e0 relev\u00e9 automatique 10 kW split phase 120\/240 V (40 A \u00e0 240 V)<\/li><li>\u201cSolar input\u201d 11 kW<\/li><\/ul>\t\t\t\t\t\t\t\t<\/div>\n\t\t\t\t<\/div>\n\t\t\t\t<div class=\"elementor-element elementor-element-c198ffb elementor-widget elementor-widget-text-editor\" data-id=\"c198ffb\" data-element_type=\"widget\" data-e-type=\"widget\" data-widget_type=\"text-editor.default\">\n\t\t\t\t<div class=\"elementor-widget-container\">\n\t\t\t\t\t\t\t\t\t<strong>Oubliez les g\u00e9n\u00e9ratrices bruyantes et optez pour une solution silencieuse et automatique!\u00a0<\/strong>\t\t\t\t\t\t\t\t<\/div>\n\t\t\t\t<\/div>\n\t\t\t\t<div class=\"elementor-element elementor-element-e5fe290 elementor-widget elementor-widget-heading\" data-id=\"e5fe290\" data-element_type=\"widget\" data-e-type=\"widget\" data-widget_type=\"heading.default\">\n\t\t\t\t<div class=\"elementor-widget-container\">\n\t\t\t\t\t<h6 class=\"elementor-heading-title elementor-size-default\">Solution homologu\u00e9e<\/h6>\t\t\t\t<\/div>\n\t\t\t\t<\/div>\n\t\t\t\t<div class=\"elementor-element elementor-element-dee3517 elementor-widget elementor-widget-text-editor\" data-id=\"dee3517\" data-element_type=\"widget\" data-e-type=\"widget\" data-widget_type=\"text-editor.default\">\n\t\t\t\t<div class=\"elementor-widget-container\">\n\t\t\t\t\t\t\t\t\t<p><img decoding=\"async\" class=\"alignnone  wp-image-2457\" src=\"https:\/\/volthium.com\/wp-content\/uploads\/2024\/07\/csa-logo-blue-fr-300x121-1.png\" alt=\"\" width=\"151\" height=\"61\" \/><img decoding=\"async\" class=\"alignnone  wp-image-2456\" style=\"font-weight: inherit;\" src=\"https:\/\/volthium.com\/wp-content\/uploads\/2024\/07\/2560px-Hydro-Quebec_logo.svg-300x99-1.png\" alt=\"\" width=\"152\" height=\"50\" \/><\/p>\t\t\t\t\t\t\t\t<\/div>\n\t\t\t\t<\/div>\n\t\t\t\t<\/div>\n\t\t<div class=\"elementor-element elementor-element-5def935 e-con-full e-flex e-con e-child\" data-id=\"5def935\" data-element_type=\"container\" data-e-type=\"container\">\n\t\t\t\t<div class=\"elementor-element elementor-element-88649a6 elementor-widget elementor-widget-text-editor\" data-id=\"88649a6\" data-element_type=\"widget\" data-e-type=\"widget\" data-widget_type=\"text-editor.default\">\n\t\t\t\t<div class=\"elementor-widget-container\">\n\t\t\t\t\t\t\t\t\t<h6>Optez pour la simplicit\u00e9 avec nos solutions <strong class=\"clr-yellow\">CL\u00c9S EN MAIN!<\/strong><\/h6>\t\t\t\t\t\t\t\t<\/div>\n\t\t\t\t<\/div>\n\t\t\t\t<div class=\"elementor-element elementor-element-cb2064d elementor-widget elementor-widget-heading\" data-id=\"cb2064d\" data-element_type=\"widget\" data-e-type=\"widget\" data-widget_type=\"heading.default\">\n\t\t\t\t<div class=\"elementor-widget-container\">\n\t\t\t\t\t<h4 class=\"elementor-heading-title elementor-size-default\">GARANTIE 10 ANS <\/br>\nDUR\u00c9E DE VIE DE 15 ANS ET PLUS<\/h4>\t\t\t\t<\/div>\n\t\t\t\t<\/div>\n\t\t\t\t<div class=\"elementor-element elementor-element-07e2f77 elementor-widget elementor-widget-text-editor\" data-id=\"07e2f77\" data-element_type=\"widget\" data-e-type=\"widget\" data-widget_type=\"text-editor.default\">\n\t\t\t\t<div class=\"elementor-widget-container\">\n\t\t\t\t\t\t\t\t\t<p><strong>Installation permanente et puissance optimale,<\/strong> aliment\u00e9e par le UPS via un disjoncteur 40A double p\u00f4le depuis le panneau principal. Faites r\u00e9aliser l\u2019installation du sous-panneau par un professionnel. (L\u2019ensemble n\u2019inclut pas le c\u00e2blage, le sous-panneau et la barre de distribution.).<\/p>\t\t\t\t\t\t\t\t<\/div>\n\t\t\t\t<\/div>\n\t\t\t\t<div class=\"elementor-element elementor-element-d252ece elementor-widget elementor-widget-image\" data-id=\"d252ece\" data-element_type=\"widget\" data-e-type=\"widget\" data-widget_type=\"image.default\">\n\t\t\t\t<div class=\"elementor-widget-container\">\n\t\t\t\t\t\t\t\t\t\t\t\t\t\t\t<img decoding=\"async\" src=\"https:\/\/volthium.com\/wp-content\/uploads\/elementor\/thumbs\/Schema_kit_C_clinique-rd7kg8j7rpbmirqe53utugns83cjxzw0qrq3zfbvnk.png\" title=\"Schema_kit_C_clinique\" alt=\"Schema_kit_C_clinique\" loading=\"lazy\" \/>\t\t\t\t\t\t\t\t\t\t\t\t\t\t\t<\/div>\n\t\t\t\t<\/div>\n\t\t\t\t<\/div>\n\t\t\t\t<\/div>\n\t\t<div class=\"elementor-element elementor-element-2401090 e-flex e-con-boxed e-con e-parent\" data-id=\"2401090\" data-element_type=\"container\" data-e-type=\"container\">\n\t\t\t\t\t<div class=\"e-con-inner\">\n\t\t\t\t\t<\/div>\n\t\t\t\t<\/div>\n\t\t<div class=\"elementor-element elementor-element-0b4ba44 e-con-full e-flex e-con e-parent\" data-id=\"0b4ba44\" data-element_type=\"container\" data-e-type=\"container\">\n\t\t\t\t<div class=\"elementor-element elementor-element-dba52f7 elementor-widget__width-initial elementor-widget elementor-widget-heading\" data-id=\"dba52f7\" data-element_type=\"widget\" data-e-type=\"widget\" data-widget_type=\"heading.default\">\n\t\t\t\t<div class=\"elementor-widget-container\">\n\t\t\t\t\t<h2 class=\"elementor-heading-title elementor-size-default\">INSTALLATION GALLERY<\/h2>\t\t\t\t<\/div>\n\t\t\t\t<\/div>\n\t\t\t\t<div class=\"elementor-element elementor-element-5d9878b gallery_lp_salle elementor-widget elementor-widget-shortcode\" data-id=\"5d9878b\" data-element_type=\"widget\" data-e-type=\"widget\" data-widget_type=\"shortcode.default\">\n\t\t\t\t<div class=\"elementor-widget-container\">\n\t\t\t\t\t\t\t<div class=\"elementor-shortcode\">[Best_Wordpress_Gallery id=\"6\"]<\/div>\n\t\t\t\t\t\t<\/div>\n\t\t\t\t<\/div>\n\t\t\t\t<\/div>\n\t\t<div class=\"elementor-element elementor-element-1d2e08dc e-flex e-con-boxed e-con e-parent\" data-id=\"1d2e08dc\" data-element_type=\"container\" data-e-type=\"container\" data-settings=\"{&quot;background_background&quot;:&quot;classic&quot;}\">\n\t\t\t\t\t<div class=\"e-con-inner\">\n\t\t<div class=\"elementor-element elementor-element-7288a0ba e-con-full e-flex e-con e-child\" data-id=\"7288a0ba\" data-element_type=\"container\" data-e-type=\"container\">\n\t\t\t\t<div class=\"elementor-element elementor-element-6f86b069 elementor-widget elementor-widget-heading\" data-id=\"6f86b069\" data-element_type=\"widget\" data-e-type=\"widget\" data-widget_type=\"heading.default\">\n\t\t\t\t<div class=\"elementor-widget-container\">\n\t\t\t\t\t<h2 class=\"elementor-heading-title elementor-size-default\">NOUVELLES<\/h2>\t\t\t\t<\/div>\n\t\t\t\t<\/div>\n\t\t\t\t<div class=\"elementor-element elementor-element-3650eb8b list_footer elementor-widget elementor-widget-text-editor\" data-id=\"3650eb8b\" data-element_type=\"widget\" data-e-type=\"widget\" data-widget_type=\"text-editor.default\">\n\t\t\t\t<div class=\"elementor-widget-container\">\n\t\t\t\t\t\t\t\t\t<a href=\"#\">Communication en boucle ferm\u00e9e<\/a> <a href=\"#\">Camping avec apn\u00e9e du sommeil<\/a> <a href=\"#\">Quelle est la meilleure configuration de batterie pour un bateau de p\u00eache?<\/a> <a href=\"#\" rel=\"noopener\">D\u00e9couvrez nos nouveaut\u00e9s 2022<\/a> <a href=\"#\" target=\"_blank\" rel=\"noopener\">Visitez notre cha\u00eene YouTube<\/a> <a href=\"#\" target=\"_blank\" rel=\"noopener\">Pourquoi les OEM passent a Volthium<\/a> <a href=\"#\">Nouvelle batterie au Lithium de Volthium (ScienceTimes)<\/a>\t\t\t\t\t\t\t\t<\/div>\n\t\t\t\t<\/div>\n\t\t\t\t<div class=\"elementor-element elementor-element-7b12fcab elementor-widget elementor-widget-heading\" data-id=\"7b12fcab\" data-element_type=\"widget\" data-e-type=\"widget\" data-widget_type=\"heading.default\">\n\t\t\t\t<div class=\"elementor-widget-container\">\n\t\t\t\t\t<h2 class=\"elementor-heading-title elementor-size-default\">FAQ<\/h2>\t\t\t\t<\/div>\n\t\t\t\t<\/div>\n\t\t\t\t<div class=\"elementor-element elementor-element-7f1df265 list_footer elementor-widget elementor-widget-text-editor\" data-id=\"7f1df265\" data-element_type=\"widget\" data-e-type=\"widget\" data-widget_type=\"text-editor.default\">\n\t\t\t\t<div class=\"elementor-widget-container\">\n\t\t\t\t\t\t\t\t\t<a href=\"#\">Mon chargeur intelligent n\u2019arrive pas \u00e0 charger ma batterie, que se passe-t-il ?<\/a>\n<a href=\"#\">Est-ce que je peux connecter ma batterie en parall\u00e8le avec une batterie r\u00e9guli\u00e8re lors de la charge ?<\/a>\n<a href=\"#\">Est-ce que je peux mettre plusieurs de vos batteries en parall\u00e8le afin d\u2019augmenter la capacit\u00e9 ?<\/a>\t\t\t\t\t\t\t\t<\/div>\n\t\t\t\t<\/div>\n\t\t\t\t<\/div>\n\t\t<div class=\"elementor-element elementor-element-67ccce45 e-con-full e-flex e-con e-child\" data-id=\"67ccce45\" data-element_type=\"container\" data-e-type=\"container\">\n\t\t\t\t<div class=\"elementor-element elementor-element-794224cf elementor-widget elementor-widget-heading\" data-id=\"794224cf\" data-element_type=\"widget\" data-e-type=\"widget\" data-widget_type=\"heading.default\">\n\t\t\t\t<div class=\"elementor-widget-container\">\n\t\t\t\t\t<h2 class=\"elementor-heading-title elementor-size-default\">NOUVELLES<\/h2>\t\t\t\t<\/div>\n\t\t\t\t<\/div>\n\t\t\t\t<div class=\"elementor-element elementor-element-5880de2e elementor-widget elementor-widget-google_maps\" data-id=\"5880de2e\" data-element_type=\"widget\" data-e-type=\"widget\" data-widget_type=\"google_maps.default\">\n\t\t\t\t<div class=\"elementor-widget-container\">\n\t\t\t\t\t\t\t<div class=\"elementor-custom-embed\">\n\t\t\t<iframe loading=\"lazy\"\n\t\t\t\t\tsrc=\"https:\/\/maps.google.com\/maps?q=%C3%89nergie%20Volthium&#038;t=m&#038;z=16&#038;output=embed&#038;iwloc=near\"\n\t\t\t\t\ttitle=\"\u00c9nergie Volthium\"\n\t\t\t\t\taria-label=\"\u00c9nergie Volthium\"\n\t\t\t><\/iframe>\n\t\t<\/div>\n\t\t\t\t\t\t<\/div>\n\t\t\t\t<\/div>\n\t\t\t\t<\/div>\n\t\t\t\t\t<\/div>\n\t\t\t\t<\/div>\n\t\t\t\t<\/div>\n\t\t","protected":false},"excerpt":{"rendered":"<p>Syst\u00e8me de back-up \u00c9nerg\u00e9tique au lithium! Oubliez les g\u00e9n\u00e9ratrices! En installant un syst\u00e8me de back-up \u00e9nerg\u00e9tique, vous conservez une source [&hellip;]<\/p>\n","protected":false},"author":5,"featured_media":0,"parent":0,"menu_order":0,"comment_status":"closed","ping_status":"closed","template":"","meta":{"_acf_changed":false,"inline_featured_image":false,"site-sidebar-layout":"no-sidebar","site-content-layout":"","ast-site-content-layout":"full-width-container","site-content-style":"default","site-sidebar-style":"default","ast-global-header-display":"","ast-banner-title-visibility":"","ast-main-header-display":"","ast-hfb-above-header-display":"","ast-hfb-below-header-display":"","ast-hfb-mobile-header-display":"","site-post-title":"disabled","ast-breadcrumbs-content":"","ast-featured-img":"disabled","footer-sml-layout":"","ast-disable-related-posts":"","theme-transparent-header-meta":"","adv-header-id-meta":"","stick-header-meta":"","header-above-stick-meta":"","header-main-stick-meta":"","header-below-stick-meta":"","astra-migrate-meta-layouts":"default","ast-page-background-enabled":"default","ast-page-background-meta":{"desktop":{"background-color":"var(--ast-global-color-4)","background-image":"","background-repeat":"repeat","background-position":"center center","background-size":"auto","background-attachment":"scroll","background-type":"","background-media":"","overlay-type":"","overlay-color":"","overlay-opacity":"","overlay-gradient":""},"tablet":{"background-color":"","background-image":"","background-repeat":"repeat","background-position":"center center","background-size":"auto","background-attachment":"scroll","background-type":"","background-media":"","overlay-type":"","overlay-color":"","overlay-opacity":"","overlay-gradient":""},"mobile":{"background-color":"","background-image":"","background-repeat":"repeat","background-position":"center center","background-size":"auto","background-attachment":"scroll","background-type":"","background-media":"","overlay-type":"","overlay-color":"","overlay-opacity":"","overlay-gradient":""}},"ast-content-background-meta":{"desktop":{"background-color":"var(--ast-global-color-5)","background-image":"","background-repeat":"repeat","background-position":"center center","background-size":"auto","background-attachment":"scroll","background-type":"","background-media":"","overlay-type":"","overlay-color":"","overlay-opacity":"","overlay-gradient":""},"tablet":{"background-color":"var(--ast-global-color-5)","background-image":"","background-repeat":"repeat","background-position":"center center","background-size":"auto","background-attachment":"scroll","background-type":"","background-media":"","overlay-type":"","overlay-color":"","overlay-opacity":"","overlay-gradient":""},"mobile":{"background-color":"var(--ast-global-color-5)","background-image":"","background-repeat":"repeat","background-position":"center center","background-size":"auto","background-attachment":"scroll","background-type":"","background-media":"","overlay-type":"","overlay-color":"","overlay-opacity":"","overlay-gradient":""}},"footnotes":""},"class_list":["post-2454","page","type-page","status-publish","hentry"],"acf":[],"yoast_head":"<!-- This site is optimized with the Yoast SEO plugin v27.5 - https:\/\/yoast.com\/product\/yoast-seo-wordpress\/ -->\n<title>LP Salle Serveur - Volthium<\/title>\n<meta name=\"description\" content=\"Lithium Batteries LiFePO4 12V \/ 24V \/ 48V 100AH 200AH 300AH 400AH Designed in Canada Quebec for RV, Boat, Solar, Commercial applications\" \/>\n<meta name=\"robots\" content=\"index, follow, max-snippet:-1, max-image-preview:large, max-video-preview:-1\" \/>\n<link rel=\"canonical\" href=\"https:\/\/volthium.com\/fr\/landing-salle_serveurs\/\" \/>\n<meta property=\"og:locale\" content=\"fr_CA\" \/>\n<meta property=\"og:type\" content=\"article\" \/>\n<meta property=\"og:title\" content=\"LP Salle Serveur - Volthium\" \/>\n<meta property=\"og:description\" content=\"Lithium Batteries LiFePO4 12V \/ 24V \/ 48V 100AH 200AH 300AH 400AH Designed in Canada Quebec for RV, Boat, Solar, Commercial applications\" \/>\n<meta property=\"og:url\" content=\"https:\/\/volthium.com\/fr\/landing-salle_serveurs\/\" \/>\n<meta property=\"og:site_name\" content=\"Volthium\" \/>\n<meta property=\"article:modified_time\" content=\"2024-07-24T11:04:36+00:00\" \/>\n<meta property=\"og:image\" content=\"https:\/\/volthium.com\/wp-content\/uploads\/2024\/07\/csa-logo-blue-fr-300x121-1.png\" \/>\n<meta name=\"twitter:card\" content=\"summary_large_image\" \/>\n<meta name=\"twitter:label1\" content=\"Estimation du temps de lecture\" \/>\n\t<meta name=\"twitter:data1\" content=\"3 minutes\" \/>\n<script type=\"application\/ld+json\" class=\"yoast-schema-graph\">{\"@context\":\"https:\\\/\\\/schema.org\",\"@graph\":[{\"@type\":\"WebPage\",\"@id\":\"https:\\\/\\\/volthium.com\\\/fr\\\/landing-salle_serveurs\\\/\",\"url\":\"https:\\\/\\\/volthium.com\\\/fr\\\/landing-salle_serveurs\\\/\",\"name\":\"LP Salle Serveur - Volthium\",\"isPartOf\":{\"@id\":\"https:\\\/\\\/volthium.com\\\/fr\\\/#website\"},\"primaryImageOfPage\":{\"@id\":\"https:\\\/\\\/volthium.com\\\/fr\\\/landing-salle_serveurs\\\/#primaryimage\"},\"image\":{\"@id\":\"https:\\\/\\\/volthium.com\\\/fr\\\/landing-salle_serveurs\\\/#primaryimage\"},\"thumbnailUrl\":\"https:\\\/\\\/volthium.com\\\/wp-content\\\/uploads\\\/2024\\\/07\\\/csa-logo-blue-fr-300x121-1.png\",\"datePublished\":\"2024-07-09T20:39:30+00:00\",\"dateModified\":\"2024-07-24T11:04:36+00:00\",\"description\":\"Lithium Batteries LiFePO4 12V \\\/ 24V \\\/ 48V 100AH 200AH 300AH 400AH Designed in Canada Quebec for RV, Boat, Solar, Commercial applications\",\"breadcrumb\":{\"@id\":\"https:\\\/\\\/volthium.com\\\/fr\\\/landing-salle_serveurs\\\/#breadcrumb\"},\"inLanguage\":\"fr-CA\",\"potentialAction\":[{\"@type\":\"ReadAction\",\"target\":[\"https:\\\/\\\/volthium.com\\\/fr\\\/landing-salle_serveurs\\\/\"]}]},{\"@type\":\"ImageObject\",\"inLanguage\":\"fr-CA\",\"@id\":\"https:\\\/\\\/volthium.com\\\/fr\\\/landing-salle_serveurs\\\/#primaryimage\",\"url\":\"https:\\\/\\\/volthium.com\\\/wp-content\\\/uploads\\\/2024\\\/07\\\/csa-logo-blue-fr-300x121-1.png\",\"contentUrl\":\"https:\\\/\\\/volthium.com\\\/wp-content\\\/uploads\\\/2024\\\/07\\\/csa-logo-blue-fr-300x121-1.png\"},{\"@type\":\"BreadcrumbList\",\"@id\":\"https:\\\/\\\/volthium.com\\\/fr\\\/landing-salle_serveurs\\\/#breadcrumb\",\"itemListElement\":[{\"@type\":\"ListItem\",\"position\":1,\"name\":\"Accueil\",\"item\":\"https:\\\/\\\/volthium.com\\\/fr\\\/\"},{\"@type\":\"ListItem\",\"position\":2,\"name\":\"LP Salle Serveur\"}]},{\"@type\":\"WebSite\",\"@id\":\"https:\\\/\\\/volthium.com\\\/fr\\\/#website\",\"url\":\"https:\\\/\\\/volthium.com\\\/fr\\\/\",\"name\":\"Volthium\",\"description\":\"Logo Volthium\",\"publisher\":{\"@id\":\"https:\\\/\\\/volthium.com\\\/fr\\\/#organization\"},\"potentialAction\":[{\"@type\":\"SearchAction\",\"target\":{\"@type\":\"EntryPoint\",\"urlTemplate\":\"https:\\\/\\\/volthium.com\\\/fr\\\/?s={search_term_string}\"},\"query-input\":{\"@type\":\"PropertyValueSpecification\",\"valueRequired\":true,\"valueName\":\"search_term_string\"}}],\"inLanguage\":\"fr-CA\"},{\"@type\":\"Organization\",\"@id\":\"https:\\\/\\\/volthium.com\\\/fr\\\/#organization\",\"name\":\"Volthium\",\"url\":\"https:\\\/\\\/volthium.com\\\/fr\\\/\",\"logo\":{\"@type\":\"ImageObject\",\"inLanguage\":\"fr-CA\",\"@id\":\"https:\\\/\\\/volthium.com\\\/fr\\\/#\\\/schema\\\/logo\\\/image\\\/\",\"url\":\"https:\\\/\\\/volthium.com\\\/wp-content\\\/uploads\\\/2024\\\/01\\\/Logo-Volthium_Sans-energie.svg\",\"contentUrl\":\"https:\\\/\\\/volthium.com\\\/wp-content\\\/uploads\\\/2024\\\/01\\\/Logo-Volthium_Sans-energie.svg\",\"width\":793,\"height\":453,\"caption\":\"Volthium\"},\"image\":{\"@id\":\"https:\\\/\\\/volthium.com\\\/fr\\\/#\\\/schema\\\/logo\\\/image\\\/\"}}]}<\/script>\n<!-- \/ Yoast SEO plugin. -->","yoast_head_json":{"title":"LP Salle Serveur - Volthium","description":"Lithium Batteries LiFePO4 12V \/ 24V \/ 48V 100AH 200AH 300AH 400AH Designed in Canada Quebec for RV, Boat, Solar, Commercial applications","robots":{"index":"index","follow":"follow","max-snippet":"max-snippet:-1","max-image-preview":"max-image-preview:large","max-video-preview":"max-video-preview:-1"},"canonical":"https:\/\/volthium.com\/fr\/landing-salle_serveurs\/","og_locale":"fr_CA","og_type":"article","og_title":"LP Salle Serveur - Volthium","og_description":"Lithium Batteries LiFePO4 12V \/ 24V \/ 48V 100AH 200AH 300AH 400AH Designed in Canada Quebec for RV, Boat, Solar, Commercial applications","og_url":"https:\/\/volthium.com\/fr\/landing-salle_serveurs\/","og_site_name":"Volthium","article_modified_time":"2024-07-24T11:04:36+00:00","og_image":[{"url":"https:\/\/volthium.com\/wp-content\/uploads\/2024\/07\/csa-logo-blue-fr-300x121-1.png","type":"","width":"","height":""}],"twitter_card":"summary_large_image","twitter_misc":{"Estimation du temps de lecture":"3 minutes"},"schema":{"@context":"https:\/\/schema.org","@graph":[{"@type":"WebPage","@id":"https:\/\/volthium.com\/fr\/landing-salle_serveurs\/","url":"https:\/\/volthium.com\/fr\/landing-salle_serveurs\/","name":"LP Salle Serveur - Volthium","isPartOf":{"@id":"https:\/\/volthium.com\/fr\/#website"},"primaryImageOfPage":{"@id":"https:\/\/volthium.com\/fr\/landing-salle_serveurs\/#primaryimage"},"image":{"@id":"https:\/\/volthium.com\/fr\/landing-salle_serveurs\/#primaryimage"},"thumbnailUrl":"https:\/\/volthium.com\/wp-content\/uploads\/2024\/07\/csa-logo-blue-fr-300x121-1.png","datePublished":"2024-07-09T20:39:30+00:00","dateModified":"2024-07-24T11:04:36+00:00","description":"Lithium Batteries LiFePO4 12V \/ 24V \/ 48V 100AH 200AH 300AH 400AH Designed in Canada Quebec for RV, Boat, Solar, Commercial applications","breadcrumb":{"@id":"https:\/\/volthium.com\/fr\/landing-salle_serveurs\/#breadcrumb"},"inLanguage":"fr-CA","potentialAction":[{"@type":"ReadAction","target":["https:\/\/volthium.com\/fr\/landing-salle_serveurs\/"]}]},{"@type":"ImageObject","inLanguage":"fr-CA","@id":"https:\/\/volthium.com\/fr\/landing-salle_serveurs\/#primaryimage","url":"https:\/\/volthium.com\/wp-content\/uploads\/2024\/07\/csa-logo-blue-fr-300x121-1.png","contentUrl":"https:\/\/volthium.com\/wp-content\/uploads\/2024\/07\/csa-logo-blue-fr-300x121-1.png"},{"@type":"BreadcrumbList","@id":"https:\/\/volthium.com\/fr\/landing-salle_serveurs\/#breadcrumb","itemListElement":[{"@type":"ListItem","position":1,"name":"Accueil","item":"https:\/\/volthium.com\/fr\/"},{"@type":"ListItem","position":2,"name":"LP Salle Serveur"}]},{"@type":"WebSite","@id":"https:\/\/volthium.com\/fr\/#website","url":"https:\/\/volthium.com\/fr\/","name":"Volthium","description":"Logo Volthium","publisher":{"@id":"https:\/\/volthium.com\/fr\/#organization"},"potentialAction":[{"@type":"SearchAction","target":{"@type":"EntryPoint","urlTemplate":"https:\/\/volthium.com\/fr\/?s={search_term_string}"},"query-input":{"@type":"PropertyValueSpecification","valueRequired":true,"valueName":"search_term_string"}}],"inLanguage":"fr-CA"},{"@type":"Organization","@id":"https:\/\/volthium.com\/fr\/#organization","name":"Volthium","url":"https:\/\/volthium.com\/fr\/","logo":{"@type":"ImageObject","inLanguage":"fr-CA","@id":"https:\/\/volthium.com\/fr\/#\/schema\/logo\/image\/","url":"https:\/\/volthium.com\/wp-content\/uploads\/2024\/01\/Logo-Volthium_Sans-energie.svg","contentUrl":"https:\/\/volthium.com\/wp-content\/uploads\/2024\/01\/Logo-Volthium_Sans-energie.svg","width":793,"height":453,"caption":"Volthium"},"image":{"@id":"https:\/\/volthium.com\/fr\/#\/schema\/logo\/image\/"}}]}},"_links":{"self":[{"href":"https:\/\/volthium.com\/fr\/wp-json\/wp\/v2\/pages\/2454","targetHints":{"allow":["GET"]}}],"collection":[{"href":"https:\/\/volthium.com\/fr\/wp-json\/wp\/v2\/pages"}],"about":[{"href":"https:\/\/volthium.com\/fr\/wp-json\/wp\/v2\/types\/page"}],"author":[{"embeddable":true,"href":"https:\/\/volthium.com\/fr\/wp-json\/wp\/v2\/users\/5"}],"replies":[{"embeddable":true,"href":"https:\/\/volthium.com\/fr\/wp-json\/wp\/v2\/comments?post=2454"}],"version-history":[{"count":0,"href":"https:\/\/volthium.com\/fr\/wp-json\/wp\/v2\/pages\/2454\/revisions"}],"wp:attachment":[{"href":"https:\/\/volthium.com\/fr\/wp-json\/wp\/v2\/media?parent=2454"}],"curies":[{"name":"wp","href":"https:\/\/api.w.org\/{rel}","templated":true}]}}