{"id":5193,"date":"2024-09-25T11:23:02","date_gmt":"2024-09-25T15:23:02","guid":{"rendered":"https:\/\/volthium.com\/?post_type=product&#038;p=5193"},"modified":"2024-09-25T11:23:39","modified_gmt":"2024-09-25T15:23:39","slug":"gx-touch-50-70-victron","status":"publish","type":"product","link":"https:\/\/volthium.com\/en\/produit\/gx-touch-50-70-victron\/","title":{"rendered":"GX Touch 50 &#038; 70 &#8211; Victron"},"content":{"rendered":"<h5 class=\"productDetail__content-subheader-icon\">Panels and system monitoring<\/h5>\n<p>The GX Touch 50 and GX Touch 70 are display accessories for our\u00a0<a href=\"https:\/\/volthium.com\/en\/produit\/cerbo-gx-victron\/\">Cerbo GX<\/a>. The five inch and seven inch touch screen displays give an instant overview of your system and allow to adjust settings in the blink of an eye. Simply connected to the Cerbo GX with one cable, Their super slim waterproof design, top-mountable setup and simple installation bring a lot of flexibility when creating a crisp and clean dashboard.<\/p>\n<p><a href=\"https:\/\/www.youtube.com\/watch?v=3wheKaU2_qw&amp;feature=youtu.be\">Watch the new video<\/a>\u00a0that explains all there is to know about installing the new Cerbo GX &amp; GX Touch 50.<\/p>\n<h5 class=\"productDetails__block-title\"><span class=\"productDetails__block-title-content\">Simply mounted<\/span><\/h5>\n<div class=\"productDetails__block-description\">\n<p>The GX Touch is optimised to more than meet the standards of installer professionals. The screen is simply bolted on top of a dashboard, eliminating the need to create perfect cut-outs.\u00a0 It can also be mounted flush or even embossed with the unlaying surface and connected through just one cable, taking away the hassle of having to bring many wires to a dashboard.<\/p>\n<h5 class=\"productDetails__block-title\"><span class=\"productDetails__block-title-content\">Companions<\/span><\/h5>\n<div class=\"productDetails__block-description\">\n<p>The GX Touch is a companion to the\u00a0<a href=\"https:\/\/volthium.com\/en\/produit\/cerbo-gx-victron\/\" target=\"_blank\" rel=\"noopener\">Cerbo GX<\/a>. This communication-centre allows you to always have perfect control over your system from wherever you are and maximises its performance. Simply connect through our Victron Remote Management (<a href=\"http:\/\/vrm.victronenergy.com\/\" target=\"_blank\" rel=\"noopener\">VRM<\/a>) portal, or access directly, using the GX Touch, an MFD or <a href=\"https:\/\/www.victronenergy.com\/panel-systems-remote-monitoring\/victronconnect\" target=\"_blank\" rel=\"noopener\">VictronConnect App<\/a>\u00a0thanks\u00a0to its built-in WiFi Access Point. This latest addition to the GX-range combines all the best of connectivity, redefining smart power solutions in every way.<\/p>\n<\/div>\n<\/div>\n","protected":false},"excerpt":{"rendered":"<p>Le GX Touch 70 tout comme le GX Touch 50, sont des \u00e9crans pour votre <a href=\"https:\/\/volthium.com\/produit\/cerbo-gx-victron\/\">Cerbo GX<\/a>. Ces \u00e9crans tactiles de 5 et 7 pouces vous permettent d&#8217;avoir une vue d&#8217;ensemble instantan\u00e9e de votre syst\u00e8me et de r\u00e9gler les param\u00e8tres en un clin d&#8217;\u0153il.<\/p>\n","protected":false},"featured_media":5190,"comment_status":"open","ping_status":"closed","template":"","meta":{"_acf_changed":false,"inline_featured_image":false,"site-sidebar-layout":"default","site-content-layout":"","ast-site-content-layout":"default","site-content-style":"default","site-sidebar-style":"default","ast-global-header-display":"","ast-banner-title-visibility":"","ast-main-header-display":"","ast-hfb-above-header-display":"","ast-hfb-below-header-display":"","ast-hfb-mobile-header-display":"","site-post-title":"","ast-breadcrumbs-content":"","ast-featured-img":"","footer-sml-layout":"","ast-disable-related-posts":"","theme-transparent-header-meta":"default","adv-header-id-meta":"","stick-header-meta":"","header-above-stick-meta":"","header-main-stick-meta":"","header-below-stick-meta":"","astra-migrate-meta-layouts":"set","ast-page-background-enabled":"default","ast-page-background-meta":{"desktop":{"background-color":"var(--ast-global-color-4)","background-image":"","background-repeat":"repeat","background-position":"center center","background-size":"auto","background-attachment":"scroll","background-type":"","background-media":"","overlay-type":"","overlay-color":"","overlay-opacity":"","overlay-gradient":""},"tablet":{"background-color":"","background-image":"","background-repeat":"repeat","background-position":"center center","background-size":"auto","background-attachment":"scroll","background-type":"","background-media":"","overlay-type":"","overlay-color":"","overlay-opacity":"","overlay-gradient":""},"mobile":{"background-color":"","background-image":"","background-repeat":"repeat","background-position":"center center","background-size":"auto","background-attachment":"scroll","background-type":"","background-media":"","overlay-type":"","overlay-color":"","overlay-opacity":"","overlay-gradient":""}},"ast-content-background-meta":{"desktop":{"background-color":"var(--ast-global-color-5)","background-image":"","background-repeat":"repeat","background-position":"center center","background-size":"auto","background-attachment":"scroll","background-type":"","background-media":"","overlay-type":"","overlay-color":"","overlay-opacity":"","overlay-gradient":""},"tablet":{"background-color":"var(--ast-global-color-5)","background-image":"","background-repeat":"repeat","background-position":"center center","background-size":"auto","background-attachment":"scroll","background-type":"","background-media":"","overlay-type":"","overlay-color":"","overlay-opacity":"","overlay-gradient":""},"mobile":{"background-color":"var(--ast-global-color-5)","background-image":"","background-repeat":"repeat","background-position":"center center","background-size":"auto","background-attachment":"scroll","background-type":"","background-media":"","overlay-type":"","overlay-color":"","overlay-opacity":"","overlay-gradient":""}}},"product_brand":[220],"product_cat":[108,109],"product_tag":[],"class_list":{"0":"post-5193","1":"product","2":"type-product","3":"status-publish","4":"has-post-thumbnail","6":"product_brand-victron","7":"product_cat-accessoires-en","8":"product_cat-connected-accessories","9":"desktop-align-left","10":"tablet-align-left","11":"mobile-align-left","13":"first","14":"instock","15":"taxable","16":"shipping-taxable","17":"purchasable","18":"product-type-variable"},"acf":[],"yoast_head":"<!-- This site is optimized with the Yoast SEO plugin v27.4 - https:\/\/yoast.com\/product\/yoast-seo-wordpress\/ -->\n<title>GX Touch 50 &amp; 70 - Victron<\/title>\n<meta name=\"description\" content=\"The GX Touch 50 and GX Touch 70 are display accessories for the Cerbo GX, they give an instant overview of your system in the blink of an eye.\" \/>\n<meta name=\"robots\" content=\"index, follow, max-snippet:-1, max-image-preview:large, max-video-preview:-1\" \/>\n<link rel=\"canonical\" href=\"https:\/\/volthium.com\/en\/produit\/gx-touch-50-70-victron\/\" \/>\n<meta property=\"og:locale\" content=\"en_US\" \/>\n<meta property=\"og:type\" content=\"article\" \/>\n<meta property=\"og:title\" content=\"GX Touch 50 &amp; 70 - Victron\" \/>\n<meta property=\"og:description\" content=\"The GX Touch 50 and GX Touch 70 are display accessories for the Cerbo GX, they give an instant overview of your system in the blink of an eye.\" \/>\n<meta property=\"og:url\" content=\"https:\/\/volthium.com\/en\/produit\/gx-touch-50-70-victron\/\" \/>\n<meta property=\"og:site_name\" content=\"Volthium\" \/>\n<meta property=\"article:modified_time\" content=\"2024-09-25T15:23:39+00:00\" \/>\n<meta property=\"og:image\" content=\"https:\/\/volthium.com\/wp-content\/uploads\/2024\/09\/GT-Touch-50-et-70_Detoure-01_Rectangle.png\" \/>\n\t<meta property=\"og:image:width\" content=\"1959\" \/>\n\t<meta property=\"og:image:height\" content=\"858\" \/>\n\t<meta property=\"og:image:type\" content=\"image\/png\" \/>\n<meta name=\"twitter:card\" content=\"summary_large_image\" \/>\n<meta name=\"twitter:label1\" content=\"Est. reading time\" \/>\n\t<meta name=\"twitter:data1\" content=\"2 minutes\" \/>\n<script type=\"application\/ld+json\" class=\"yoast-schema-graph\">{\"@context\":\"https:\\\/\\\/schema.org\",\"@graph\":[{\"@type\":\"WebPage\",\"@id\":\"https:\\\/\\\/volthium.com\\\/en\\\/produit\\\/gx-touch-50-70-victron\\\/\",\"url\":\"https:\\\/\\\/volthium.com\\\/en\\\/produit\\\/gx-touch-50-70-victron\\\/\",\"name\":\"GX Touch 50 & 70 - Victron\",\"isPartOf\":{\"@id\":\"https:\\\/\\\/volthium.com\\\/en\\\/#website\"},\"primaryImageOfPage\":{\"@id\":\"https:\\\/\\\/volthium.com\\\/en\\\/produit\\\/gx-touch-50-70-victron\\\/#primaryimage\"},\"image\":{\"@id\":\"https:\\\/\\\/volthium.com\\\/en\\\/produit\\\/gx-touch-50-70-victron\\\/#primaryimage\"},\"thumbnailUrl\":\"https:\\\/\\\/volthium.com\\\/wp-content\\\/uploads\\\/2024\\\/09\\\/GT-Touch-50-et-70_Detoure-01_Rectangle.png\",\"datePublished\":\"2024-09-25T15:23:02+00:00\",\"dateModified\":\"2024-09-25T15:23:39+00:00\",\"description\":\"The GX Touch 50 and GX Touch 70 are display accessories for the Cerbo GX, they give an instant overview of your system in the blink of an eye.\",\"breadcrumb\":{\"@id\":\"https:\\\/\\\/volthium.com\\\/en\\\/produit\\\/gx-touch-50-70-victron\\\/#breadcrumb\"},\"inLanguage\":\"en-CA\",\"potentialAction\":[{\"@type\":\"ReadAction\",\"target\":[\"https:\\\/\\\/volthium.com\\\/en\\\/produit\\\/gx-touch-50-70-victron\\\/\"]}]},{\"@type\":\"ImageObject\",\"inLanguage\":\"en-CA\",\"@id\":\"https:\\\/\\\/volthium.com\\\/en\\\/produit\\\/gx-touch-50-70-victron\\\/#primaryimage\",\"url\":\"https:\\\/\\\/volthium.com\\\/wp-content\\\/uploads\\\/2024\\\/09\\\/GT-Touch-50-et-70_Detoure-01_Rectangle.png\",\"contentUrl\":\"https:\\\/\\\/volthium.com\\\/wp-content\\\/uploads\\\/2024\\\/09\\\/GT-Touch-50-et-70_Detoure-01_Rectangle.png\",\"width\":1959,\"height\":858},{\"@type\":\"BreadcrumbList\",\"@id\":\"https:\\\/\\\/volthium.com\\\/en\\\/produit\\\/gx-touch-50-70-victron\\\/#breadcrumb\",\"itemListElement\":[{\"@type\":\"ListItem\",\"position\":1,\"name\":\"Accueil\",\"item\":\"https:\\\/\\\/volthium.com\\\/en\\\/\"},{\"@type\":\"ListItem\",\"position\":2,\"name\":\"Online shop\",\"item\":\"https:\\\/\\\/volthium.com\\\/en\\\/shop\\\/\"},{\"@type\":\"ListItem\",\"position\":3,\"name\":\"GX Touch 50 &#038; 70 &#8211; Victron\"}]},{\"@type\":\"WebSite\",\"@id\":\"https:\\\/\\\/volthium.com\\\/en\\\/#website\",\"url\":\"https:\\\/\\\/volthium.com\\\/en\\\/\",\"name\":\"Volthium\",\"description\":\"Logo Volthium\",\"publisher\":{\"@id\":\"https:\\\/\\\/volthium.com\\\/en\\\/#organization\"},\"potentialAction\":[{\"@type\":\"SearchAction\",\"target\":{\"@type\":\"EntryPoint\",\"urlTemplate\":\"https:\\\/\\\/volthium.com\\\/en\\\/?s={search_term_string}\"},\"query-input\":{\"@type\":\"PropertyValueSpecification\",\"valueRequired\":true,\"valueName\":\"search_term_string\"}}],\"inLanguage\":\"en-CA\"},{\"@type\":\"Organization\",\"@id\":\"https:\\\/\\\/volthium.com\\\/en\\\/#organization\",\"name\":\"Volthium\",\"url\":\"https:\\\/\\\/volthium.com\\\/en\\\/\",\"logo\":{\"@type\":\"ImageObject\",\"inLanguage\":\"en-CA\",\"@id\":\"https:\\\/\\\/volthium.com\\\/en\\\/#\\\/schema\\\/logo\\\/image\\\/\",\"url\":\"https:\\\/\\\/volthium.com\\\/wp-content\\\/uploads\\\/2024\\\/01\\\/Logo-Volthium_Sans-energie.svg\",\"contentUrl\":\"https:\\\/\\\/volthium.com\\\/wp-content\\\/uploads\\\/2024\\\/01\\\/Logo-Volthium_Sans-energie.svg\",\"caption\":\"Volthium\"},\"image\":{\"@id\":\"https:\\\/\\\/volthium.com\\\/en\\\/#\\\/schema\\\/logo\\\/image\\\/\"}}]}<\/script>\n<!-- \/ Yoast SEO plugin. -->","yoast_head_json":{"title":"GX Touch 50 & 70 - Victron","description":"The GX Touch 50 and GX Touch 70 are display accessories for the Cerbo GX, they give an instant overview of your system in the blink of an eye.","robots":{"index":"index","follow":"follow","max-snippet":"max-snippet:-1","max-image-preview":"max-image-preview:large","max-video-preview":"max-video-preview:-1"},"canonical":"https:\/\/volthium.com\/en\/produit\/gx-touch-50-70-victron\/","og_locale":"en_US","og_type":"article","og_title":"GX Touch 50 & 70 - Victron","og_description":"The GX Touch 50 and GX Touch 70 are display accessories for the Cerbo GX, they give an instant overview of your system in the blink of an eye.","og_url":"https:\/\/volthium.com\/en\/produit\/gx-touch-50-70-victron\/","og_site_name":"Volthium","article_modified_time":"2024-09-25T15:23:39+00:00","og_image":[{"width":1959,"height":858,"url":"https:\/\/volthium.com\/wp-content\/uploads\/2024\/09\/GT-Touch-50-et-70_Detoure-01_Rectangle.png","type":"image\/png"}],"twitter_card":"summary_large_image","twitter_misc":{"Est. reading time":"2 minutes"},"schema":{"@context":"https:\/\/schema.org","@graph":[{"@type":"WebPage","@id":"https:\/\/volthium.com\/en\/produit\/gx-touch-50-70-victron\/","url":"https:\/\/volthium.com\/en\/produit\/gx-touch-50-70-victron\/","name":"GX Touch 50 & 70 - Victron","isPartOf":{"@id":"https:\/\/volthium.com\/en\/#website"},"primaryImageOfPage":{"@id":"https:\/\/volthium.com\/en\/produit\/gx-touch-50-70-victron\/#primaryimage"},"image":{"@id":"https:\/\/volthium.com\/en\/produit\/gx-touch-50-70-victron\/#primaryimage"},"thumbnailUrl":"https:\/\/volthium.com\/wp-content\/uploads\/2024\/09\/GT-Touch-50-et-70_Detoure-01_Rectangle.png","datePublished":"2024-09-25T15:23:02+00:00","dateModified":"2024-09-25T15:23:39+00:00","description":"The GX Touch 50 and GX Touch 70 are display accessories for the Cerbo GX, they give an instant overview of your system in the blink of an eye.","breadcrumb":{"@id":"https:\/\/volthium.com\/en\/produit\/gx-touch-50-70-victron\/#breadcrumb"},"inLanguage":"en-CA","potentialAction":[{"@type":"ReadAction","target":["https:\/\/volthium.com\/en\/produit\/gx-touch-50-70-victron\/"]}]},{"@type":"ImageObject","inLanguage":"en-CA","@id":"https:\/\/volthium.com\/en\/produit\/gx-touch-50-70-victron\/#primaryimage","url":"https:\/\/volthium.com\/wp-content\/uploads\/2024\/09\/GT-Touch-50-et-70_Detoure-01_Rectangle.png","contentUrl":"https:\/\/volthium.com\/wp-content\/uploads\/2024\/09\/GT-Touch-50-et-70_Detoure-01_Rectangle.png","width":1959,"height":858},{"@type":"BreadcrumbList","@id":"https:\/\/volthium.com\/en\/produit\/gx-touch-50-70-victron\/#breadcrumb","itemListElement":[{"@type":"ListItem","position":1,"name":"Accueil","item":"https:\/\/volthium.com\/en\/"},{"@type":"ListItem","position":2,"name":"Online shop","item":"https:\/\/volthium.com\/en\/shop\/"},{"@type":"ListItem","position":3,"name":"GX Touch 50 &#038; 70 &#8211; Victron"}]},{"@type":"WebSite","@id":"https:\/\/volthium.com\/en\/#website","url":"https:\/\/volthium.com\/en\/","name":"Volthium","description":"Logo Volthium","publisher":{"@id":"https:\/\/volthium.com\/en\/#organization"},"potentialAction":[{"@type":"SearchAction","target":{"@type":"EntryPoint","urlTemplate":"https:\/\/volthium.com\/en\/?s={search_term_string}"},"query-input":{"@type":"PropertyValueSpecification","valueRequired":true,"valueName":"search_term_string"}}],"inLanguage":"en-CA"},{"@type":"Organization","@id":"https:\/\/volthium.com\/en\/#organization","name":"Volthium","url":"https:\/\/volthium.com\/en\/","logo":{"@type":"ImageObject","inLanguage":"en-CA","@id":"https:\/\/volthium.com\/en\/#\/schema\/logo\/image\/","url":"https:\/\/volthium.com\/wp-content\/uploads\/2024\/01\/Logo-Volthium_Sans-energie.svg","contentUrl":"https:\/\/volthium.com\/wp-content\/uploads\/2024\/01\/Logo-Volthium_Sans-energie.svg","caption":"Volthium"},"image":{"@id":"https:\/\/volthium.com\/en\/#\/schema\/logo\/image\/"}}]}},"_links":{"self":[{"href":"https:\/\/volthium.com\/en\/wp-json\/wp\/v2\/product\/5193","targetHints":{"allow":["GET"]}}],"collection":[{"href":"https:\/\/volthium.com\/en\/wp-json\/wp\/v2\/product"}],"about":[{"href":"https:\/\/volthium.com\/en\/wp-json\/wp\/v2\/types\/product"}],"replies":[{"embeddable":true,"href":"https:\/\/volthium.com\/en\/wp-json\/wp\/v2\/comments?post=5193"}],"wp:featuredmedia":[{"embeddable":true,"href":"https:\/\/volthium.com\/en\/wp-json\/wp\/v2\/media\/5190"}],"wp:attachment":[{"href":"https:\/\/volthium.com\/en\/wp-json\/wp\/v2\/media?parent=5193"}],"wp:term":[{"taxonomy":"product_brand","embeddable":true,"href":"https:\/\/volthium.com\/en\/wp-json\/wp\/v2\/product_brand?post=5193"},{"taxonomy":"product_cat","embeddable":true,"href":"https:\/\/volthium.com\/en\/wp-json\/wp\/v2\/product_cat?post=5193"},{"taxonomy":"product_tag","embeddable":true,"href":"https:\/\/volthium.com\/en\/wp-json\/wp\/v2\/product_tag?post=5193"}],"curies":[{"name":"wp","href":"https:\/\/api.w.org\/{rel}","templated":true}]}}