{"id":5073,"date":"2024-09-18T13:00:42","date_gmt":"2024-09-18T17:00:42","guid":{"rendered":"https:\/\/volthium.com\/?post_type=product&#038;p=5073"},"modified":"2025-07-14T18:35:57","modified_gmt":"2025-07-14T22:35:57","slug":"cerbo-gx-victron","status":"publish","type":"product","link":"https:\/\/volthium.com\/en\/produit\/cerbo-gx-victron\/","title":{"rendered":"Cerbo GX &#8211; Victron"},"content":{"rendered":"<p data-start=\"0\" data-end=\"56\">The <strong data-start=\"4\" data-end=\"20\">Cerbo GX MK2<\/strong> is the new version of the Cerbo GX.<\/p>\n<p data-start=\"58\" data-end=\"446\">It is a flexible communication hub that takes remote monitoring to the next level. With all the hardware connectivity options to meet your needs, the <strong data-start=\"208\" data-end=\"224\">Cerbo GX MK2<\/strong> allows you to monitor and control your system from anywhere, at any time. It is designed as a versatile centerpiece that seamlessly connects to your other <strong data-start=\"380\" data-end=\"410\">Victron-connected products<\/strong> and supported third-party devices.<\/p>\n<p data-start=\"448\" data-end=\"791\">Take full control of remote systems with real-time monitoring, historical analysis, remote access, and control via the <strong data-start=\"567\" data-end=\"609\">Victron Remote Monitoring (VRM) portal<\/strong> and the <strong data-start=\"618\" data-end=\"640\">VictronConnect app<\/strong>. Alternatively, simply connect a <strong data-start=\"674\" data-end=\"694\">GX Touch display<\/strong> for direct control. With extensive possibilities, the <strong data-start=\"749\" data-end=\"765\">Cerbo GX MK2<\/strong> puts power in your hands.<\/p>\n<h4 data-start=\"798\" data-end=\"825\"><strong data-start=\"802\" data-end=\"825\">Power in Your Hands<\/strong><\/h4>\n<p data-start=\"827\" data-end=\"1075\">Monitor your system and gain full control wherever you are through the <strong data-start=\"898\" data-end=\"940\">Victron Remote Monitoring (VRM) portal<\/strong> and the <strong data-start=\"949\" data-end=\"971\">VictronConnect app<\/strong>. Enjoy seamless control with the optional <strong data-start=\"1014\" data-end=\"1032\">GX touchscreen<\/strong> and your <strong data-start=\"1042\" data-end=\"1074\">multifunction marine display<\/strong>.<\/p>\n<h4 data-start=\"1077\" data-end=\"1124\"><strong data-start=\"1081\" data-end=\"1124\">Connect Everything. Control Everything.<\/strong><\/h4>\n<p data-start=\"1126\" data-end=\"1305\">Unlock the full potential of <strong data-start=\"1155\" data-end=\"1185\">Victron-connected products<\/strong> and an ever-growing list of compatible third-party devices and integrations with this <strong data-start=\"1272\" data-end=\"1304\">all-in-one communication hub<\/strong>.<\/p>\n<h3 data-start=\"1312\" data-end=\"1373\"><\/h3>\n<h4 data-start=\"1312\" data-end=\"1373\"><strong data-start=\"1316\" data-end=\"1373\">Cutting-Edge Engineering. Always Up-to-Date Software<\/strong><\/h4>\n<h5 data-start=\"1374\" data-end=\"1401\"><strong data-start=\"1379\" data-end=\"1401\">Powerful Processor<\/strong><\/h5>\n<p data-start=\"1402\" data-end=\"1588\">The <strong data-start=\"1406\" data-end=\"1422\">Cerbo GX MK2<\/strong> features a <strong data-start=\"1434\" data-end=\"1466\">powerful dual-core processor<\/strong> that efficiently handles all connected <strong data-start=\"1506\" data-end=\"1526\">Victron products<\/strong> as well as a wide range of supported <strong data-start=\"1564\" data-end=\"1587\">third-party devices<\/strong>.<\/p>\n<h4 data-start=\"1590\" data-end=\"1612\"><strong data-start=\"1595\" data-end=\"1612\">VENUS OS v3.0<\/strong><\/h4>\n<p data-start=\"1613\" data-end=\"1857\">System monitoring has entered a <strong data-start=\"1645\" data-end=\"1656\">new era<\/strong> with <strong data-start=\"1662\" data-end=\"1678\">Venus OS 3.0<\/strong>. Tracking your <strong data-start=\"1694\" data-end=\"1715\">electrical system<\/strong> is now easier and more intuitive than ever. Its <strong data-start=\"1764\" data-end=\"1788\">user-centered design<\/strong> and <strong data-start=\"1793\" data-end=\"1820\">new color-coding scheme<\/strong> help you focus on what matters most.<\/p>\n<h3 data-start=\"1864\" data-end=\"1902\"><\/h3>\n<h4 data-start=\"1864\" data-end=\"1902\"><strong data-start=\"1868\" data-end=\"1902\">GX MK2 &#8211; Battery Compatibility<\/strong><\/h4>\n<p data-start=\"1903\" data-end=\"2129\">For <strong data-start=\"1907\" data-end=\"1931\">seamless integration<\/strong> with <strong data-start=\"1937\" data-end=\"1963\">our Volthium batteries<\/strong> within the <strong data-start=\"1975\" data-end=\"1993\">Victron system<\/strong>, a <strong data-start=\"1997\" data-end=\"2007\">GX MK2<\/strong> device may be required. Great efforts are made to ensure a <strong data-start=\"2067\" data-end=\"2091\">deep and hassle-free<\/strong> integration with supported batteries.<\/p>\n<h3 data-start=\"2136\" data-end=\"2172\"><\/h3>\n<h4 data-start=\"2136\" data-end=\"2172\"><strong data-start=\"2140\" data-end=\"2172\">Easy Installation &amp; Mounting<\/strong><\/h4>\n<p data-start=\"2173\" data-end=\"2401\">The <strong data-start=\"2177\" data-end=\"2193\">Cerbo GX MK2<\/strong> is designed to fit <strong data-start=\"2213\" data-end=\"2241\">any system configuration<\/strong> and can be easily mounted on a <strong data-start=\"2273\" data-end=\"2285\">DIN rail<\/strong>. The optional <strong data-start=\"2300\" data-end=\"2323\">touchscreen display<\/strong> can be mounted on top with just <strong data-start=\"2356\" data-end=\"2369\">one cable<\/strong>, eliminating dashboard clutter.<\/p>\n<h3 data-start=\"2408\" data-end=\"2438\"><\/h3>\n<h4 data-start=\"2408\" data-end=\"2438\"><strong data-start=\"2412\" data-end=\"2438\">Waterproof Touchscreen<\/strong><\/h4>\n<p data-start=\"2439\" data-end=\"2621\">The optional <strong data-start=\"2452\" data-end=\"2467\">GX Touch 50<\/strong> and <strong data-start=\"2472\" data-end=\"2487\">GX Touch 70<\/strong> display accessories are <strong data-start=\"2512\" data-end=\"2526\">waterproof<\/strong>. The included <strong data-start=\"2541\" data-end=\"2561\">protective cover<\/strong> prevents <strong data-start=\"2571\" data-end=\"2584\">UV damage<\/strong> from prolonged exposure to sunlight.<\/p>\n<h3 data-start=\"2628\" data-end=\"2666\"><\/h3>\n<h4 data-start=\"2628\" data-end=\"2666\"><strong data-start=\"2632\" data-end=\"2666\">Remote Configuration &amp; Updates<\/strong><\/h4>\n<p data-start=\"2667\" data-end=\"2894\">Adjust <strong data-start=\"2674\" data-end=\"2709\">configuration settings remotely<\/strong> with the <strong data-start=\"2719\" data-end=\"2737\">remote console<\/strong>, as if you were in front of the device. The same functionality is also available on the <strong data-start=\"2826\" data-end=\"2847\">local LAN network<\/strong> or via the <strong data-start=\"2859\" data-end=\"2893\">Cerbo GX MK2 WiFi access point<\/strong>.<\/p>\n<h3 data-start=\"2901\" data-end=\"2925\"><\/h3>\n<h4 data-start=\"2901\" data-end=\"2925\"><strong data-start=\"2905\" data-end=\"2925\">Monitoring Power<\/strong><\/h4>\n<p data-start=\"2926\" data-end=\"3138\">Monitor the performance of your <strong data-start=\"2958\" data-end=\"2975\">energy system<\/strong> with the <strong data-start=\"2985\" data-end=\"3006\">powerful Venus OS<\/strong>. Fully configure the system to meet your needs, use <strong data-start=\"3059\" data-end=\"3078\">simple controls<\/strong> to stay in command, and let <strong data-start=\"3107\" data-end=\"3137\">our algorithms do the rest<\/strong>.<\/p>\n<h3 data-start=\"3145\" data-end=\"3180\"><\/h3>\n<h4 data-start=\"3145\" data-end=\"3180\"><strong data-start=\"3149\" data-end=\"3180\">Maximize System Performance<\/strong><\/h4>\n<p data-start=\"3181\" data-end=\"3562\">Your <strong data-start=\"3186\" data-end=\"3202\">Cerbo GX MK2<\/strong> will actively <strong data-start=\"3217\" data-end=\"3254\">enhance your system\u2019s performance<\/strong>. Acting as a <strong data-start=\"3268\" data-end=\"3289\">communication hub<\/strong>, it <strong data-start=\"3294\" data-end=\"3314\">unifies readings<\/strong> and <strong data-start=\"3319\" data-end=\"3342\">coordinates actions<\/strong> across the system to <strong data-start=\"3364\" data-end=\"3392\">optimize the performance<\/strong> of all connected devices. The <strong data-start=\"3423\" data-end=\"3445\">powerful processor<\/strong> and <strong data-start=\"3450\" data-end=\"3473\">innovative Venus OS<\/strong> ensure that your already high-performance hardware reaches <strong data-start=\"3533\" data-end=\"3561\">new levels of efficiency<\/strong>.<\/p>\n<h2 data-start=\"3569\" data-end=\"3620\"><\/h2>\n<h4 data-start=\"3569\" data-end=\"3620\"><strong data-start=\"3572\" data-end=\"3620\">Applications \u2013 Overcome Any Energy Challenge<\/strong><\/h4>\n<p data-start=\"3621\" data-end=\"3735\">The <strong data-start=\"3625\" data-end=\"3641\">Cerbo GX MK2<\/strong> meets <strong data-start=\"3648\" data-end=\"3673\">a wide range of needs<\/strong>, delivering <strong data-start=\"3686\" data-end=\"3706\">seamless control<\/strong> across diverse applications.<\/p>\n<h5 data-start=\"3737\" data-end=\"3751\"><strong data-start=\"3741\" data-end=\"3751\">Marine<\/strong><\/h5>\n<p data-start=\"3752\" data-end=\"3933\">Easily integrate with your <strong data-start=\"3779\" data-end=\"3786\">MFD<\/strong> or go even further with <strong data-start=\"3811\" data-end=\"3823\">Signal K<\/strong> and <strong data-start=\"3828\" data-end=\"3854\">NMEA 2000 data sharing<\/strong> for <strong data-start=\"3859\" data-end=\"3880\">smooth navigation<\/strong>. All directly from your <strong data-start=\"3905\" data-end=\"3932\">glass cockpit dashboard<\/strong>.<\/p>\n<h5 data-start=\"3935\" data-end=\"3965\"><strong data-start=\"3939\" data-end=\"3965\">Energy Storage Systems<\/strong><\/h5>\n<p data-start=\"3966\" data-end=\"4180\">Optimize according to <strong data-start=\"3988\" data-end=\"4028\">different grid tariffs and schedules<\/strong> with <strong data-start=\"4034\" data-end=\"4056\">scheduled charging<\/strong>. Live more efficiently on <strong data-start=\"4083\" data-end=\"4099\">solar energy<\/strong>, with improved <strong data-start=\"4115\" data-end=\"4131\">peak shaving<\/strong> and <strong data-start=\"4136\" data-end=\"4161\">VRM solar forecasting<\/strong> for your location.<\/p>\n<h5 data-start=\"4182\" data-end=\"4206\"><strong data-start=\"4186\" data-end=\"4206\">Off-Grid Systems<\/strong><\/h5>\n<p data-start=\"4207\" data-end=\"4416\">Minimize <strong data-start=\"4216\" data-end=\"4233\">generator use<\/strong> by prioritizing <strong data-start=\"4250\" data-end=\"4266\">solar energy<\/strong>. Automatically start and stop <strong data-start=\"4297\" data-end=\"4311\">generators<\/strong> in <strong data-start=\"4315\" data-end=\"4337\">optimal conditions<\/strong> or <strong data-start=\"4341\" data-end=\"4363\">add silent periods<\/strong>. Define the <strong data-start=\"4376\" data-end=\"4415\">best preheat and cooldown durations<\/strong>.<\/p>\n<h5 data-start=\"4418\" data-end=\"4443\"><strong data-start=\"4422\" data-end=\"4443\">Hybrid Generators<\/strong><\/h5>\n<p data-start=\"4444\" data-end=\"4678\" data-is-last-node=\"\" data-is-only-node=\"\">Manage <strong data-start=\"4451\" data-end=\"4483\">hundreds of systems remotely<\/strong> and closely monitor <strong data-start=\"4504\" data-end=\"4527\">critical parameters<\/strong> using <strong data-start=\"4534\" data-end=\"4556\">custom VRM widgets<\/strong> and <strong data-start=\"4561\" data-end=\"4583\">push notifications<\/strong>. Design even more efficient <strong data-start=\"4612\" data-end=\"4636\">automation workflows<\/strong> with <strong data-start=\"4642\" data-end=\"4654\">Node-Red<\/strong> and <strong data-start=\"4659\" data-end=\"4677\">Venus OS Large<\/strong>.<\/p>\n","protected":false},"excerpt":{"rendered":"<p>Le Cerbo GX est un centre de communication flexible qui portera la t\u00e9l\u00e9surveillance \u00e0 un niveau sup\u00e9rieur. Le Cerbo GX met le pouvoir entre vos mains.<\/p>\n","protected":false},"featured_media":7068,"comment_status":"open","ping_status":"closed","template":"","meta":{"_acf_changed":false,"inline_featured_image":false,"site-sidebar-layout":"default","site-content-layout":"","ast-site-content-layout":"default","site-content-style":"default","site-sidebar-style":"default","ast-global-header-display":"","ast-banner-title-visibility":"","ast-main-header-display":"","ast-hfb-above-header-display":"","ast-hfb-below-header-display":"","ast-hfb-mobile-header-display":"","site-post-title":"","ast-breadcrumbs-content":"","ast-featured-img":"","footer-sml-layout":"","ast-disable-related-posts":"","theme-transparent-header-meta":"default","adv-header-id-meta":"","stick-header-meta":"","header-above-stick-meta":"","header-main-stick-meta":"","header-below-stick-meta":"","astra-migrate-meta-layouts":"set","ast-page-background-enabled":"default","ast-page-background-meta":{"desktop":{"background-color":"var(--ast-global-color-4)","background-image":"","background-repeat":"repeat","background-position":"center center","background-size":"auto","background-attachment":"scroll","background-type":"","background-media":"","overlay-type":"","overlay-color":"","overlay-opacity":"","overlay-gradient":""},"tablet":{"background-color":"","background-image":"","background-repeat":"repeat","background-position":"center center","background-size":"auto","background-attachment":"scroll","background-type":"","background-media":"","overlay-type":"","overlay-color":"","overlay-opacity":"","overlay-gradient":""},"mobile":{"background-color":"","background-image":"","background-repeat":"repeat","background-position":"center center","background-size":"auto","background-attachment":"scroll","background-type":"","background-media":"","overlay-type":"","overlay-color":"","overlay-opacity":"","overlay-gradient":""}},"ast-content-background-meta":{"desktop":{"background-color":"var(--ast-global-color-5)","background-image":"","background-repeat":"repeat","background-position":"center center","background-size":"auto","background-attachment":"scroll","background-type":"","background-media":"","overlay-type":"","overlay-color":"","overlay-opacity":"","overlay-gradient":""},"tablet":{"background-color":"var(--ast-global-color-5)","background-image":"","background-repeat":"repeat","background-position":"center center","background-size":"auto","background-attachment":"scroll","background-type":"","background-media":"","overlay-type":"","overlay-color":"","overlay-opacity":"","overlay-gradient":""},"mobile":{"background-color":"var(--ast-global-color-5)","background-image":"","background-repeat":"repeat","background-position":"center center","background-size":"auto","background-attachment":"scroll","background-type":"","background-media":"","overlay-type":"","overlay-color":"","overlay-opacity":"","overlay-gradient":""}}},"product_brand":[220],"product_cat":[108,109],"product_tag":[],"class_list":{"0":"post-5073","1":"product","2":"type-product","3":"status-publish","4":"has-post-thumbnail","6":"product_brand-victron","7":"product_cat-accessoires-en","8":"product_cat-connected-accessories","9":"desktop-align-left","10":"tablet-align-left","11":"mobile-align-left","13":"first","14":"instock","15":"taxable","16":"shipping-taxable","17":"purchasable","18":"product-type-simple"},"acf":[],"yoast_head":"<!-- This site is optimized with the Yoast SEO plugin v27.2 - https:\/\/yoast.com\/product\/yoast-seo-wordpress\/ -->\n<title>Cerbo GX - Victron - Volthium<\/title>\n<meta name=\"description\" content=\"Le Cerbo GX est un centre de communication flexible qui portera la t\u00e9l\u00e9surveillance \u00e0 un niveau sup\u00e9rieur. Le Cerbo GX met le pouvoir entre vos mains.\" \/>\n<meta name=\"robots\" content=\"index, follow, max-snippet:-1, max-image-preview:large, max-video-preview:-1\" \/>\n<link rel=\"canonical\" href=\"https:\/\/volthium.com\/en\/produit\/cerbo-gx-victron\/\" \/>\n<meta property=\"og:locale\" content=\"en_US\" \/>\n<meta property=\"og:type\" content=\"article\" \/>\n<meta property=\"og:title\" content=\"Cerbo GX - Victron - Volthium\" \/>\n<meta property=\"og:description\" content=\"Le Cerbo GX est un centre de communication flexible qui portera la t\u00e9l\u00e9surveillance \u00e0 un niveau sup\u00e9rieur. Le Cerbo GX met le pouvoir entre vos mains.\" \/>\n<meta property=\"og:url\" content=\"https:\/\/volthium.com\/en\/produit\/cerbo-gx-victron\/\" \/>\n<meta property=\"og:site_name\" content=\"Volthium\" \/>\n<meta property=\"article:modified_time\" content=\"2025-07-14T22:35:57+00:00\" \/>\n<meta property=\"og:image\" content=\"https:\/\/volthium.com\/wp-content\/uploads\/2024\/09\/Victron-cerbo-GX-MK2_Detoure-04_Rectangle.png\" \/>\n\t<meta property=\"og:image:width\" content=\"1959\" \/>\n\t<meta property=\"og:image:height\" content=\"858\" \/>\n\t<meta property=\"og:image:type\" content=\"image\/png\" \/>\n<meta name=\"twitter:card\" content=\"summary_large_image\" \/>\n<meta name=\"twitter:label1\" content=\"Est. reading time\" \/>\n\t<meta name=\"twitter:data1\" content=\"4 minutes\" \/>\n<script type=\"application\/ld+json\" class=\"yoast-schema-graph\">{\"@context\":\"https:\/\/schema.org\",\"@graph\":[{\"@type\":\"WebPage\",\"@id\":\"https:\/\/volthium.com\/en\/produit\/cerbo-gx-victron\/\",\"url\":\"https:\/\/volthium.com\/en\/produit\/cerbo-gx-victron\/\",\"name\":\"Cerbo GX - Victron - Volthium\",\"isPartOf\":{\"@id\":\"https:\/\/volthium.com\/en\/#website\"},\"primaryImageOfPage\":{\"@id\":\"https:\/\/volthium.com\/en\/produit\/cerbo-gx-victron\/#primaryimage\"},\"image\":{\"@id\":\"https:\/\/volthium.com\/en\/produit\/cerbo-gx-victron\/#primaryimage\"},\"thumbnailUrl\":\"https:\/\/volthium.com\/wp-content\/uploads\/2024\/09\/Victron-cerbo-GX-MK2_Detoure-04_Rectangle.png\",\"datePublished\":\"2024-09-18T17:00:42+00:00\",\"dateModified\":\"2025-07-14T22:35:57+00:00\",\"description\":\"Le Cerbo GX est un centre de communication flexible qui portera la t\u00e9l\u00e9surveillance \u00e0 un niveau sup\u00e9rieur. Le Cerbo GX met le pouvoir entre vos mains.\",\"breadcrumb\":{\"@id\":\"https:\/\/volthium.com\/en\/produit\/cerbo-gx-victron\/#breadcrumb\"},\"inLanguage\":\"en-CA\",\"potentialAction\":[{\"@type\":\"ReadAction\",\"target\":[\"https:\/\/volthium.com\/en\/produit\/cerbo-gx-victron\/\"]}]},{\"@type\":\"ImageObject\",\"inLanguage\":\"en-CA\",\"@id\":\"https:\/\/volthium.com\/en\/produit\/cerbo-gx-victron\/#primaryimage\",\"url\":\"https:\/\/volthium.com\/wp-content\/uploads\/2024\/09\/Victron-cerbo-GX-MK2_Detoure-04_Rectangle.png\",\"contentUrl\":\"https:\/\/volthium.com\/wp-content\/uploads\/2024\/09\/Victron-cerbo-GX-MK2_Detoure-04_Rectangle.png\",\"width\":1959,\"height\":858},{\"@type\":\"BreadcrumbList\",\"@id\":\"https:\/\/volthium.com\/en\/produit\/cerbo-gx-victron\/#breadcrumb\",\"itemListElement\":[{\"@type\":\"ListItem\",\"position\":1,\"name\":\"Accueil\",\"item\":\"https:\/\/volthium.com\/en\/\"},{\"@type\":\"ListItem\",\"position\":2,\"name\":\"Online shop\",\"item\":\"https:\/\/volthium.com\/en\/shop\/\"},{\"@type\":\"ListItem\",\"position\":3,\"name\":\"Cerbo GX &#8211; Victron\"}]},{\"@type\":\"WebSite\",\"@id\":\"https:\/\/volthium.com\/en\/#website\",\"url\":\"https:\/\/volthium.com\/en\/\",\"name\":\"Volthium\",\"description\":\"Logo Volthium\",\"publisher\":{\"@id\":\"https:\/\/volthium.com\/en\/#organization\"},\"potentialAction\":[{\"@type\":\"SearchAction\",\"target\":{\"@type\":\"EntryPoint\",\"urlTemplate\":\"https:\/\/volthium.com\/en\/?s={search_term_string}\"},\"query-input\":{\"@type\":\"PropertyValueSpecification\",\"valueRequired\":true,\"valueName\":\"search_term_string\"}}],\"inLanguage\":\"en-CA\"},{\"@type\":\"Organization\",\"@id\":\"https:\/\/volthium.com\/en\/#organization\",\"name\":\"Volthium\",\"url\":\"https:\/\/volthium.com\/en\/\",\"logo\":{\"@type\":\"ImageObject\",\"inLanguage\":\"en-CA\",\"@id\":\"https:\/\/volthium.com\/en\/#\/schema\/logo\/image\/\",\"url\":\"https:\/\/volthium.com\/wp-content\/uploads\/2024\/01\/Logo-Volthium_Sans-energie.svg\",\"contentUrl\":\"https:\/\/volthium.com\/wp-content\/uploads\/2024\/01\/Logo-Volthium_Sans-energie.svg\",\"caption\":\"Volthium\"},\"image\":{\"@id\":\"https:\/\/volthium.com\/en\/#\/schema\/logo\/image\/\"}}]}<\/script>\n<!-- \/ Yoast SEO plugin. -->","yoast_head_json":{"title":"Cerbo GX - Victron - Volthium","description":"Le Cerbo GX est un centre de communication flexible qui portera la t\u00e9l\u00e9surveillance \u00e0 un niveau sup\u00e9rieur. Le Cerbo GX met le pouvoir entre vos mains.","robots":{"index":"index","follow":"follow","max-snippet":"max-snippet:-1","max-image-preview":"max-image-preview:large","max-video-preview":"max-video-preview:-1"},"canonical":"https:\/\/volthium.com\/en\/produit\/cerbo-gx-victron\/","og_locale":"en_US","og_type":"article","og_title":"Cerbo GX - Victron - Volthium","og_description":"Le Cerbo GX est un centre de communication flexible qui portera la t\u00e9l\u00e9surveillance \u00e0 un niveau sup\u00e9rieur. Le Cerbo GX met le pouvoir entre vos mains.","og_url":"https:\/\/volthium.com\/en\/produit\/cerbo-gx-victron\/","og_site_name":"Volthium","article_modified_time":"2025-07-14T22:35:57+00:00","og_image":[{"width":1959,"height":858,"url":"https:\/\/volthium.com\/wp-content\/uploads\/2024\/09\/Victron-cerbo-GX-MK2_Detoure-04_Rectangle.png","type":"image\/png"}],"twitter_card":"summary_large_image","twitter_misc":{"Est. reading time":"4 minutes"},"schema":{"@context":"https:\/\/schema.org","@graph":[{"@type":"WebPage","@id":"https:\/\/volthium.com\/en\/produit\/cerbo-gx-victron\/","url":"https:\/\/volthium.com\/en\/produit\/cerbo-gx-victron\/","name":"Cerbo GX - Victron - Volthium","isPartOf":{"@id":"https:\/\/volthium.com\/en\/#website"},"primaryImageOfPage":{"@id":"https:\/\/volthium.com\/en\/produit\/cerbo-gx-victron\/#primaryimage"},"image":{"@id":"https:\/\/volthium.com\/en\/produit\/cerbo-gx-victron\/#primaryimage"},"thumbnailUrl":"https:\/\/volthium.com\/wp-content\/uploads\/2024\/09\/Victron-cerbo-GX-MK2_Detoure-04_Rectangle.png","datePublished":"2024-09-18T17:00:42+00:00","dateModified":"2025-07-14T22:35:57+00:00","description":"Le Cerbo GX est un centre de communication flexible qui portera la t\u00e9l\u00e9surveillance \u00e0 un niveau sup\u00e9rieur. Le Cerbo GX met le pouvoir entre vos mains.","breadcrumb":{"@id":"https:\/\/volthium.com\/en\/produit\/cerbo-gx-victron\/#breadcrumb"},"inLanguage":"en-CA","potentialAction":[{"@type":"ReadAction","target":["https:\/\/volthium.com\/en\/produit\/cerbo-gx-victron\/"]}]},{"@type":"ImageObject","inLanguage":"en-CA","@id":"https:\/\/volthium.com\/en\/produit\/cerbo-gx-victron\/#primaryimage","url":"https:\/\/volthium.com\/wp-content\/uploads\/2024\/09\/Victron-cerbo-GX-MK2_Detoure-04_Rectangle.png","contentUrl":"https:\/\/volthium.com\/wp-content\/uploads\/2024\/09\/Victron-cerbo-GX-MK2_Detoure-04_Rectangle.png","width":1959,"height":858},{"@type":"BreadcrumbList","@id":"https:\/\/volthium.com\/en\/produit\/cerbo-gx-victron\/#breadcrumb","itemListElement":[{"@type":"ListItem","position":1,"name":"Accueil","item":"https:\/\/volthium.com\/en\/"},{"@type":"ListItem","position":2,"name":"Online shop","item":"https:\/\/volthium.com\/en\/shop\/"},{"@type":"ListItem","position":3,"name":"Cerbo GX &#8211; Victron"}]},{"@type":"WebSite","@id":"https:\/\/volthium.com\/en\/#website","url":"https:\/\/volthium.com\/en\/","name":"Volthium","description":"Logo Volthium","publisher":{"@id":"https:\/\/volthium.com\/en\/#organization"},"potentialAction":[{"@type":"SearchAction","target":{"@type":"EntryPoint","urlTemplate":"https:\/\/volthium.com\/en\/?s={search_term_string}"},"query-input":{"@type":"PropertyValueSpecification","valueRequired":true,"valueName":"search_term_string"}}],"inLanguage":"en-CA"},{"@type":"Organization","@id":"https:\/\/volthium.com\/en\/#organization","name":"Volthium","url":"https:\/\/volthium.com\/en\/","logo":{"@type":"ImageObject","inLanguage":"en-CA","@id":"https:\/\/volthium.com\/en\/#\/schema\/logo\/image\/","url":"https:\/\/volthium.com\/wp-content\/uploads\/2024\/01\/Logo-Volthium_Sans-energie.svg","contentUrl":"https:\/\/volthium.com\/wp-content\/uploads\/2024\/01\/Logo-Volthium_Sans-energie.svg","caption":"Volthium"},"image":{"@id":"https:\/\/volthium.com\/en\/#\/schema\/logo\/image\/"}}]}},"_links":{"self":[{"href":"https:\/\/volthium.com\/en\/wp-json\/wp\/v2\/product\/5073","targetHints":{"allow":["GET"]}}],"collection":[{"href":"https:\/\/volthium.com\/en\/wp-json\/wp\/v2\/product"}],"about":[{"href":"https:\/\/volthium.com\/en\/wp-json\/wp\/v2\/types\/product"}],"replies":[{"embeddable":true,"href":"https:\/\/volthium.com\/en\/wp-json\/wp\/v2\/comments?post=5073"}],"wp:featuredmedia":[{"embeddable":true,"href":"https:\/\/volthium.com\/en\/wp-json\/wp\/v2\/media\/7068"}],"wp:attachment":[{"href":"https:\/\/volthium.com\/en\/wp-json\/wp\/v2\/media?parent=5073"}],"wp:term":[{"taxonomy":"product_brand","embeddable":true,"href":"https:\/\/volthium.com\/en\/wp-json\/wp\/v2\/product_brand?post=5073"},{"taxonomy":"product_cat","embeddable":true,"href":"https:\/\/volthium.com\/en\/wp-json\/wp\/v2\/product_cat?post=5073"},{"taxonomy":"product_tag","embeddable":true,"href":"https:\/\/volthium.com\/en\/wp-json\/wp\/v2\/product_tag?post=5073"}],"curies":[{"name":"wp","href":"https:\/\/api.w.org\/{rel}","templated":true}]}}